{"id":33951,"date":"2024-07-02T12:29:07","date_gmt":"2024-07-03T13:54:25","guid":{"rendered":"https:\/\/www.navarroaubanell.com\/?post_type=product&#038;p=33951"},"modified":"2024-10-01T10:19:39","modified_gmt":"2024-10-01T08:19:39","slug":"familia-babila-pedrali-navarroaubanell","status":"publish","type":"product","link":"https:\/\/www.navarroaubanell.com\/ca\/producte\/familia-babila-pedrali-navarroaubanell\/","title":{"rendered":"Fam\u00edlia Babila"},"content":{"rendered":"<h5><strong>Descobreix la Fam\u00edlia\u00a0<span class=\"hiddenSpellError\">Babila<\/span>\u00a0de\u00a0<em><span class=\"hiddenSpellError\">Pedrali<\/span><\/em>: La Porta als\u00a0<span class=\"hiddenGrammarError\" style=\"padding-bottom: 2px; background-image: url('..\/..\/..\/..\/..\/images\/squiggle.png'); background-repeat: repeat-x; background-position: left bottom; cursor: default; color: #000000; font-family: 'Open Sans', Helvetica, Arial, sans-serif; font-size: 16px; font-style: normal; font-variant-ligatures: normal; font-variant-caps: normal; letter-spacing: normal; orphans: 2; text-align: start; text-indent: 0px; text-transform: none; widows: 2; word-spacing: 0px; -webkit-text-stroke-width: 0px; white-space: normal; text-decoration-thickness: initial; text-decoration-style: initial; text-decoration-color: initial;\">D\u00e9us<\/span><\/strong><\/h5>\n<p>La <strong>fam\u00edlia <span class=\"hiddenSpellError\">Babila<\/span><\/strong>\u00a0de\u00a0<em><span class=\"hiddenSpellError\">Pedrali<\/span>\u00a0<\/em>es mou amb una agilitat excepcional entre tradici\u00f3 i innovaci\u00f3, fusionant dos mons que ballen en la l\u00ednia del temps. Aquesta fam\u00edlia est\u00e0 composta per: <a href=\"https:\/\/www.navarroaubanell.com\/ca\/producte\/babila-taburete\/\">tamborets<\/a>, <a href=\"https:\/\/www.navarroaubanell.com\/ca\/producte\/babila-2\/\">cadires<\/a>, <a href=\"https:\/\/www.navarroaubanell.com\/ca\/producte\/cadira-de-bracos-babila-pedrali-navarroaubanell\/\">cadires de bra\u00e7os<\/a> i <a href=\"https:\/\/www.navarroaubanell.com\/ca\/producte\/taules-babila-pedrali-navarroaubanell\/\">taules<\/a>. Totes elles destaquen per la seva senzillesa i immediatesa, evocant una forma atemporal que connecta el passat amb el futur. Inspirada en els productes cl\u00e0ssics m\u00e9s ic\u00f2nics, <span class=\"hiddenSpellError\">Babila<\/span> transforma all\u00f2 tradicional en etern, oferint noves sensacions.<\/p>\n<h5>Disseny i Materials de Primera Qualitat<\/h5>\n<p><span class=\"hiddenSpellError\">Babila<\/span>\u00a0es caracteritza per la seva estructura robusta i vers\u00e0til, fabricada amb <strong>tub d&#8217;acer<\/strong> o <strong>fusta de freixe<\/strong>. Aquesta diversitat de materials permet que cada pe\u00e7a s&#8217;adapti perfectament al teu estil i decoraci\u00f3. Els seients i respatllers estan disponibles en una \u00e0mplia<strong> gamma d&#8217;acabats<\/strong>: des del luxe del <strong>vellut<\/strong> i l&#8217;eleg\u00e0ncia de la <strong>pell<\/strong>, fins a la practicitat del <strong>polipropil\u00e8<\/strong> i el\u00a0<strong><span class=\"hiddenSpellError\">tecnopol\u00edmer<\/span><\/strong>. Sigui com sigui la teva elecci\u00f3, cada detall de la <strong>fam\u00edlia\u00a0<span class=\"hiddenSpellError\">Babila<\/span><\/strong> est\u00e0 dissenyat per a oferir la m\u00e0xima comoditat i funcionalitat sense sacrificar l&#8217;est\u00e8tica.<\/p>\n<h5>Una Fusi\u00f3 de Comoditat i Estil<\/h5>\n<p>La <strong>fam\u00edlia <span class=\"hiddenSpellError\">Babila<\/span><\/strong> no s\u00f3n nom\u00e9s mobles; \u00e9s for\u00e7a, poder i decisi\u00f3. Com el seu nom indica, \u00e9s &#8220;la porta als D\u00e9us&#8221;. Les cadires, tamborets, cadires de bra\u00e7os i taules de <span class=\"hiddenSpellError\">Babila<\/span>\u00a0venen en <strong>diferents grand\u00e0ries<\/strong>, <strong>models<\/strong> i <strong>acabats<\/strong>, proporcionant opcions infinites per a qualsevol espai. Cada pe\u00e7a \u00e9s un testimoni de l&#8217;eleg\u00e0ncia i modernitat, sense renunciar a la utilitat i l&#8217;efic\u00e0cia.<\/p>\n<h5>L&#8217;Elecci\u00f3 Perfecta per a Qualsevol Espai<\/h5>\n<p>Sigui per a un entorn dom\u00e8stic o un espai comercial, la <strong>fam\u00edlia\u00a0<span class=\"hiddenSpellError\">Babila<\/span><\/strong>\u00a0\u00e9s la soluci\u00f3 perfecta. El seu disseny senzill i elegant s&#8217;integra sense esfor\u00e7 en qualsevol espai <strong>interior<\/strong>, mentre que la seva construcci\u00f3 robusta garanteix durabilitat i resist\u00e8ncia. Amb\u00a0<span class=\"hiddenSpellError\">Babila<\/span>,\u00a0<em><span class=\"hiddenSpellError\">Pedrali<\/span>\u00a0<\/em>t&#8217;ofereix una col\u00b7lecci\u00f3 que no sols complementa la teva decoraci\u00f3, sin\u00f3 que tamb\u00e9 real\u00e7a l&#8217;experi\u00e8ncia dels qui la utilitzen. A m\u00e9s, Babila ha ampliat la seva familia oferint opcions preparades per a <strong>l&#8217;exterior<\/strong>.<\/p>\n<h5>Descobreix <span class=\"hiddenSpellError\">Babila<\/span>\u00a0Avui<\/h5>\n<p>Endinsa&#8217;t en el m\u00f3n de <span class=\"hiddenSpellError\">Babila<\/span>\u00a0i descobreix com la combinaci\u00f3 de tradici\u00f3 i innovaci\u00f3 pot transformar el teu espai. La col\u00b7lecci\u00f3\u00a0<span class=\"hiddenSpellError\">Babila<\/span>\u00a0de\u00a0<span class=\"hiddenSpellError\">Pedrali<\/span>\u00a0\u00e9s m\u00e9s que mobiliari; \u00e9s una experi\u00e8ncia, una declaraci\u00f3 d&#8217;estil i una invitaci\u00f3 a explorar noves sensacions.<\/p>\n<p>Descobreix\u00a0<span class=\"hiddenSpellError\">Babila<\/span>. <strong>Descobreix la porta als D\u00e9us.<\/strong><\/p>\n","protected":false},"excerpt":{"rendered":"<p>Descobreix la Fam\u00edlia\u00a0Babila\u00a0de\u00a0Pedrali: La Porta als\u00a0D\u00e9us La fam\u00edlia Babila\u00a0de\u00a0Pedrali\u00a0es mou amb una agilitat excepcional entre tradici\u00f3 i innovaci\u00f3, fusionant dos mons que ballen en la l\u00ednia del temps. Aquesta fam\u00edlia est\u00e0 composta per: tamborets, cadires, cadires de bra\u00e7os i taules. Totes elles destaquen per la seva senzillesa i immediatesa, evocant una forma atemporal que connecta&hellip;<\/p>\n","protected":false},"featured_media":33712,"template":"","meta":{"_acf_changed":false},"product_brand":[],"product_cat":[1186,1467],"product_tag":[592,863,749,664,729,769,695],"class_list":{"0":"post-33951","1":"product","2":"type-product","3":"status-publish","4":"has-post-thumbnail","6":"product_cat-conjunts-interiors","7":"product_cat-families-ca","8":"product_tag-babila-ca","9":"product_tag-cadira","10":"product_tag-cadira-de-barcos","11":"product_tag-interior-ca","12":"product_tag-pedrali-ca","13":"product_tag-tamboret","14":"product_tag-taula","15":"description-off","17":"first","18":"instock","19":"shipping-taxable","20":"product-type-simple"},"acf":[],"yoast_head":"<!-- This site is optimized with the Yoast SEO plugin v27.5 - https:\/\/yoast.com\/product\/yoast-seo-wordpress\/ -->\n<title>Fam\u00edlia Babila, Pedrali-Navarro Aubanell<\/title>\n<meta name=\"description\" content=\"Fam\u00edlia Babila: Cadires, cadires de bra\u00e7os, tamborets i taules. Tradici\u00f3 i innovaci\u00f3 amb eleg\u00e0ncia, transformant qualsevol espai amb estil atemporal.\" \/>\n<meta name=\"robots\" content=\"index, follow, max-snippet:-1, max-image-preview:large, max-video-preview:-1\" \/>\n<link rel=\"canonical\" href=\"https:\/\/www.navarroaubanell.com\/ca\/producte\/familia-babila-pedrali-navarroaubanell\/\" \/>\n<meta property=\"og:locale\" content=\"ca_ES\" \/>\n<meta property=\"og:type\" content=\"article\" \/>\n<meta property=\"og:title\" content=\"Fam\u00edlia Babila, Pedrali-Navarro Aubanell\" \/>\n<meta property=\"og:description\" content=\"Fam\u00edlia Babila: Cadires, cadires de bra\u00e7os, tamborets i taules. Tradici\u00f3 i innovaci\u00f3 amb eleg\u00e0ncia, transformant qualsevol espai amb estil atemporal.\" \/>\n<meta property=\"og:url\" content=\"https:\/\/www.navarroaubanell.com\/ca\/producte\/familia-babila-pedrali-navarroaubanell\/\" \/>\n<meta property=\"og:site_name\" content=\"Navarro Aubanell\" \/>\n<meta property=\"article:modified_time\" content=\"2024-10-01T08:19:39+00:00\" \/>\n<meta property=\"og:image\" content=\"https:\/\/www.navarroaubanell.com\/wp-content\/uploads\/2024\/07\/BABILA-TABLE_FAMILY_low.jpg\" \/>\n\t<meta property=\"og:image:width\" content=\"800\" \/>\n\t<meta property=\"og:image:height\" content=\"650\" \/>\n\t<meta property=\"og:image:type\" content=\"image\/jpeg\" \/>\n<meta name=\"twitter:label1\" content=\"Est. reading time\" \/>\n\t<meta name=\"twitter:data1\" content=\"2 minutes\" \/>\n<script type=\"application\/ld+json\" class=\"yoast-schema-graph\">{\"@context\":\"https:\\\/\\\/schema.org\",\"@graph\":[{\"@type\":\"WebPage\",\"@id\":\"https:\\\/\\\/www.navarroaubanell.com\\\/ca\\\/producte\\\/familia-babila-pedrali-navarroaubanell\\\/\",\"url\":\"https:\\\/\\\/www.navarroaubanell.com\\\/ca\\\/producte\\\/familia-babila-pedrali-navarroaubanell\\\/\",\"name\":\"Fam\u00edlia Babila, Pedrali-Navarro Aubanell\",\"isPartOf\":{\"@id\":\"https:\\\/\\\/www.navarroaubanell.com\\\/ca\\\/#website\"},\"primaryImageOfPage\":{\"@id\":\"https:\\\/\\\/www.navarroaubanell.com\\\/ca\\\/producte\\\/familia-babila-pedrali-navarroaubanell\\\/#primaryimage\"},\"image\":{\"@id\":\"https:\\\/\\\/www.navarroaubanell.com\\\/ca\\\/producte\\\/familia-babila-pedrali-navarroaubanell\\\/#primaryimage\"},\"thumbnailUrl\":\"https:\\\/\\\/www.navarroaubanell.com\\\/wp-content\\\/uploads\\\/2024\\\/07\\\/BABILA-TABLE_FAMILY_low.jpg\",\"datePublished\":\"2024-07-03T13:54:25+00:00\",\"dateModified\":\"2024-10-01T08:19:39+00:00\",\"description\":\"Fam\u00edlia Babila: Cadires, cadires de bra\u00e7os, tamborets i taules. Tradici\u00f3 i innovaci\u00f3 amb eleg\u00e0ncia, transformant qualsevol espai amb estil atemporal.\",\"breadcrumb\":{\"@id\":\"https:\\\/\\\/www.navarroaubanell.com\\\/ca\\\/producte\\\/familia-babila-pedrali-navarroaubanell\\\/#breadcrumb\"},\"inLanguage\":\"ca\",\"potentialAction\":[{\"@type\":\"ReadAction\",\"target\":[\"https:\\\/\\\/www.navarroaubanell.com\\\/ca\\\/producte\\\/familia-babila-pedrali-navarroaubanell\\\/\"]}]},{\"@type\":\"ImageObject\",\"inLanguage\":\"ca\",\"@id\":\"https:\\\/\\\/www.navarroaubanell.com\\\/ca\\\/producte\\\/familia-babila-pedrali-navarroaubanell\\\/#primaryimage\",\"url\":\"https:\\\/\\\/www.navarroaubanell.com\\\/wp-content\\\/uploads\\\/2024\\\/07\\\/BABILA-TABLE_FAMILY_low.jpg\",\"contentUrl\":\"https:\\\/\\\/www.navarroaubanell.com\\\/wp-content\\\/uploads\\\/2024\\\/07\\\/BABILA-TABLE_FAMILY_low.jpg\",\"width\":800,\"height\":650,\"caption\":\"Fam\u00edlia Babila\"},{\"@type\":\"BreadcrumbList\",\"@id\":\"https:\\\/\\\/www.navarroaubanell.com\\\/ca\\\/producte\\\/familia-babila-pedrali-navarroaubanell\\\/#breadcrumb\",\"itemListElement\":[{\"@type\":\"ListItem\",\"position\":1,\"name\":\"Portada\",\"item\":\"https:\\\/\\\/www.navarroaubanell.com\\\/ca\\\/\"},{\"@type\":\"ListItem\",\"position\":2,\"name\":\"Productes\",\"item\":\"https:\\\/\\\/www.navarroaubanell.com\\\/productos\\\/\"},{\"@type\":\"ListItem\",\"position\":3,\"name\":\"Fam\u00edlia Babila\"}]},{\"@type\":\"WebSite\",\"@id\":\"https:\\\/\\\/www.navarroaubanell.com\\\/ca\\\/#website\",\"url\":\"https:\\\/\\\/www.navarroaubanell.com\\\/ca\\\/\",\"name\":\"Navarro Aubanell\",\"description\":\"Mobiliario para hoteler\u00eda, colectividades y oficinas\",\"publisher\":{\"@id\":\"https:\\\/\\\/www.navarroaubanell.com\\\/ca\\\/#organization\"},\"potentialAction\":[{\"@type\":\"SearchAction\",\"target\":{\"@type\":\"EntryPoint\",\"urlTemplate\":\"https:\\\/\\\/www.navarroaubanell.com\\\/ca\\\/?s={search_term_string}\"},\"query-input\":{\"@type\":\"PropertyValueSpecification\",\"valueRequired\":true,\"valueName\":\"search_term_string\"}}],\"inLanguage\":\"ca\"},{\"@type\":\"Organization\",\"@id\":\"https:\\\/\\\/www.navarroaubanell.com\\\/ca\\\/#organization\",\"name\":\"COMERCIAL NAVARRO AUBANELL, S.A\",\"url\":\"https:\\\/\\\/www.navarroaubanell.com\\\/ca\\\/\",\"logo\":{\"@type\":\"ImageObject\",\"inLanguage\":\"ca\",\"@id\":\"https:\\\/\\\/www.navarroaubanell.com\\\/ca\\\/#\\\/schema\\\/logo\\\/image\\\/\",\"url\":\"https:\\\/\\\/www.navarroaubanell.com\\\/wp-content\\\/uploads\\\/2017\\\/07\\\/logo-navarro-aubuanell.png\",\"contentUrl\":\"https:\\\/\\\/www.navarroaubanell.com\\\/wp-content\\\/uploads\\\/2017\\\/07\\\/logo-navarro-aubuanell.png\",\"width\":6304,\"height\":1154,\"caption\":\"COMERCIAL NAVARRO AUBANELL, S.A\"},\"image\":{\"@id\":\"https:\\\/\\\/www.navarroaubanell.com\\\/ca\\\/#\\\/schema\\\/logo\\\/image\\\/\"}}]}<\/script>\n<!-- \/ Yoast SEO plugin. -->","yoast_head_json":{"title":"Fam\u00edlia Babila, Pedrali-Navarro Aubanell","description":"Fam\u00edlia Babila: Cadires, cadires de bra\u00e7os, tamborets i taules. Tradici\u00f3 i innovaci\u00f3 amb eleg\u00e0ncia, transformant qualsevol espai amb estil atemporal.","robots":{"index":"index","follow":"follow","max-snippet":"max-snippet:-1","max-image-preview":"max-image-preview:large","max-video-preview":"max-video-preview:-1"},"canonical":"https:\/\/www.navarroaubanell.com\/ca\/producte\/familia-babila-pedrali-navarroaubanell\/","og_locale":"ca_ES","og_type":"article","og_title":"Fam\u00edlia Babila, Pedrali-Navarro Aubanell","og_description":"Fam\u00edlia Babila: Cadires, cadires de bra\u00e7os, tamborets i taules. Tradici\u00f3 i innovaci\u00f3 amb eleg\u00e0ncia, transformant qualsevol espai amb estil atemporal.","og_url":"https:\/\/www.navarroaubanell.com\/ca\/producte\/familia-babila-pedrali-navarroaubanell\/","og_site_name":"Navarro Aubanell","article_modified_time":"2024-10-01T08:19:39+00:00","og_image":[{"width":800,"height":650,"url":"https:\/\/www.navarroaubanell.com\/wp-content\/uploads\/2024\/07\/BABILA-TABLE_FAMILY_low.jpg","type":"image\/jpeg"}],"twitter_misc":{"Est. reading time":"2 minutes"},"schema":{"@context":"https:\/\/schema.org","@graph":[{"@type":"WebPage","@id":"https:\/\/www.navarroaubanell.com\/ca\/producte\/familia-babila-pedrali-navarroaubanell\/","url":"https:\/\/www.navarroaubanell.com\/ca\/producte\/familia-babila-pedrali-navarroaubanell\/","name":"Fam\u00edlia Babila, Pedrali-Navarro Aubanell","isPartOf":{"@id":"https:\/\/www.navarroaubanell.com\/ca\/#website"},"primaryImageOfPage":{"@id":"https:\/\/www.navarroaubanell.com\/ca\/producte\/familia-babila-pedrali-navarroaubanell\/#primaryimage"},"image":{"@id":"https:\/\/www.navarroaubanell.com\/ca\/producte\/familia-babila-pedrali-navarroaubanell\/#primaryimage"},"thumbnailUrl":"https:\/\/www.navarroaubanell.com\/wp-content\/uploads\/2024\/07\/BABILA-TABLE_FAMILY_low.jpg","datePublished":"2024-07-03T13:54:25+00:00","dateModified":"2024-10-01T08:19:39+00:00","description":"Fam\u00edlia Babila: Cadires, cadires de bra\u00e7os, tamborets i taules. Tradici\u00f3 i innovaci\u00f3 amb eleg\u00e0ncia, transformant qualsevol espai amb estil atemporal.","breadcrumb":{"@id":"https:\/\/www.navarroaubanell.com\/ca\/producte\/familia-babila-pedrali-navarroaubanell\/#breadcrumb"},"inLanguage":"ca","potentialAction":[{"@type":"ReadAction","target":["https:\/\/www.navarroaubanell.com\/ca\/producte\/familia-babila-pedrali-navarroaubanell\/"]}]},{"@type":"ImageObject","inLanguage":"ca","@id":"https:\/\/www.navarroaubanell.com\/ca\/producte\/familia-babila-pedrali-navarroaubanell\/#primaryimage","url":"https:\/\/www.navarroaubanell.com\/wp-content\/uploads\/2024\/07\/BABILA-TABLE_FAMILY_low.jpg","contentUrl":"https:\/\/www.navarroaubanell.com\/wp-content\/uploads\/2024\/07\/BABILA-TABLE_FAMILY_low.jpg","width":800,"height":650,"caption":"Fam\u00edlia Babila"},{"@type":"BreadcrumbList","@id":"https:\/\/www.navarroaubanell.com\/ca\/producte\/familia-babila-pedrali-navarroaubanell\/#breadcrumb","itemListElement":[{"@type":"ListItem","position":1,"name":"Portada","item":"https:\/\/www.navarroaubanell.com\/ca\/"},{"@type":"ListItem","position":2,"name":"Productes","item":"https:\/\/www.navarroaubanell.com\/productos\/"},{"@type":"ListItem","position":3,"name":"Fam\u00edlia Babila"}]},{"@type":"WebSite","@id":"https:\/\/www.navarroaubanell.com\/ca\/#website","url":"https:\/\/www.navarroaubanell.com\/ca\/","name":"Navarro Aubanell","description":"Mobiliario para hoteler\u00eda, colectividades y oficinas","publisher":{"@id":"https:\/\/www.navarroaubanell.com\/ca\/#organization"},"potentialAction":[{"@type":"SearchAction","target":{"@type":"EntryPoint","urlTemplate":"https:\/\/www.navarroaubanell.com\/ca\/?s={search_term_string}"},"query-input":{"@type":"PropertyValueSpecification","valueRequired":true,"valueName":"search_term_string"}}],"inLanguage":"ca"},{"@type":"Organization","@id":"https:\/\/www.navarroaubanell.com\/ca\/#organization","name":"COMERCIAL NAVARRO AUBANELL, S.A","url":"https:\/\/www.navarroaubanell.com\/ca\/","logo":{"@type":"ImageObject","inLanguage":"ca","@id":"https:\/\/www.navarroaubanell.com\/ca\/#\/schema\/logo\/image\/","url":"https:\/\/www.navarroaubanell.com\/wp-content\/uploads\/2017\/07\/logo-navarro-aubuanell.png","contentUrl":"https:\/\/www.navarroaubanell.com\/wp-content\/uploads\/2017\/07\/logo-navarro-aubuanell.png","width":6304,"height":1154,"caption":"COMERCIAL NAVARRO AUBANELL, S.A"},"image":{"@id":"https:\/\/www.navarroaubanell.com\/ca\/#\/schema\/logo\/image\/"}}]}},"_links":{"self":[{"href":"https:\/\/www.navarroaubanell.com\/ca\/wp-json\/wp\/v2\/product\/33951","targetHints":{"allow":["GET"]}}],"collection":[{"href":"https:\/\/www.navarroaubanell.com\/ca\/wp-json\/wp\/v2\/product"}],"about":[{"href":"https:\/\/www.navarroaubanell.com\/ca\/wp-json\/wp\/v2\/types\/product"}],"wp:featuredmedia":[{"embeddable":true,"href":"https:\/\/www.navarroaubanell.com\/ca\/wp-json\/wp\/v2\/media\/33712"}],"wp:attachment":[{"href":"https:\/\/www.navarroaubanell.com\/ca\/wp-json\/wp\/v2\/media?parent=33951"}],"wp:term":[{"taxonomy":"product_brand","embeddable":true,"href":"https:\/\/www.navarroaubanell.com\/ca\/wp-json\/wp\/v2\/product_brand?post=33951"},{"taxonomy":"product_cat","embeddable":true,"href":"https:\/\/www.navarroaubanell.com\/ca\/wp-json\/wp\/v2\/product_cat?post=33951"},{"taxonomy":"product_tag","embeddable":true,"href":"https:\/\/www.navarroaubanell.com\/ca\/wp-json\/wp\/v2\/product_tag?post=33951"}],"curies":[{"name":"wp","href":"https:\/\/api.w.org\/{rel}","templated":true}]}}