{"id":33704,"date":"2024-07-01T16:13:31","date_gmt":"2024-07-02T08:11:12","guid":{"rendered":"https:\/\/www.navarroaubanell.com\/?post_type=product&#038;p=33704"},"modified":"2024-10-01T10:21:16","modified_gmt":"2024-10-01T08:21:16","slug":"cadira-de-bracos-jazz-pedrali-navarroaubanell","status":"publish","type":"product","link":"https:\/\/www.navarroaubanell.com\/ca\/producte\/cadira-de-bracos-jazz-pedrali-navarroaubanell\/","title":{"rendered":"Cadira de bra\u00e7os Jazz"},"content":{"rendered":"<p><strong>Cadira de bra\u00e7os Jazz,<a href=\"https:\/\/www.navarroaubanell.com\/ca\/producte\/familia-jazz-pedrali-navarroaubanell\/\"> fam\u00edlia Jazz<\/a>, de la marca <em>Pedrali<\/em><\/strong><\/p>\n<h6>Disseny i Estructura<\/h6>\n<ul>\n<li><strong>Armadura d&#8217;acer \u00d816mm<\/strong>\n<ul>\n<li>Vernissat amb pols<\/li>\n<li>Diferents colors disponibles en el xass\u00eds<\/li>\n<\/ul>\n<\/li>\n<li><strong>Ergonomia i eleg\u00e0ncia<\/strong>\n<ul>\n<li>Seients acollidors que s&#8217;adapten al cos<\/li>\n<li>Suports corbats i immsersius per a crear una sensaci\u00f3 \u00fanica<\/li>\n<li>Obertura funcional entre seient i respatller per a una comoditat especial<\/li>\n<\/ul>\n<\/li>\n<\/ul>\n<h6>Seients i Respatllers<\/h6>\n<ul>\n<li><strong>Entapissats amb atenci\u00f3 al detall. Acabats en: freixe, vellut, pell sint\u00e8tica, tela, teixit<\/strong>\n<div class=\"traductor-checkbox form-group\"><\/div>\n<ul>\n<li>Suport\n<ul>\n<li>Estructura de pl\u00e0stic modelat<\/li>\n<li>Embuatat amb escuma de poliuret\u00e0 flexible<\/li>\n<li>Folrat amb tela elegant i c\u00f2moda<\/li>\n<li>Com a novetat, acabat en fusta en el model 3705<\/li>\n<\/ul>\n<\/li>\n<li>Seient\n<ul>\n<li>Panell de contraxapat<\/li>\n<li>Emmotllament d&#8217;escuma de poliuret\u00e0 flexible<\/li>\n<li>Embolicat en tela suau al tacte<\/li>\n<\/ul>\n<\/li>\n<\/ul>\n<\/li>\n<\/ul>\n<h6>Seguretat i Funcionalitat<\/h6>\n<ul>\n<li><strong>Resist\u00e8ncia al foc<\/strong>\n<ul>\n<li>Caracter\u00edstica ign\u00edfuga per a una major seguretat. Ideal per a entrons comercials i dom\u00e8stics<\/li>\n<\/ul>\n<\/li>\n<\/ul>\n<h6>Personalitzaci\u00f3<\/h6>\n<ul>\n<li><strong>Varietat d&#8217;opcions<\/strong>\n<ul>\n<li>Diversos tipus de teixits<\/li>\n<li>Acabat en fusta de contraxapat de freixe per a la cadira de bra\u00e7os 3720<\/li>\n<li>\u00c0mplia gamma de colors tant per al teixit com per a l&#8217;estructura<\/li>\n<\/ul>\n<\/li>\n<\/ul>\n<h6>Beneficis<\/h6>\n<ul>\n<li><strong>Estil, confort i funcionalitat<\/strong>\n<ul>\n<li>Disseny modern i elegant<\/li>\n<li>Construcci\u00f3 d&#8217;alta qualitat<\/li>\n<li>Element decoratiu i essencial per al mobiliari diari<\/li>\n<li>\u00das en llars, salons d&#8217;esdeveniments i espais interiors elegants<\/li>\n<li>Sofisticaci\u00f3, funcionalitat, eleg\u00e0ncia i comoditat en un sol producte<\/li>\n<\/ul>\n<\/li>\n<\/ul>\n<h6>Novedades<\/h6>\n<ul>\n<li>Los sillones Jazz han ampliado sus muebles con el sill\u00f3n 3705 y el 3704<\/li>\n<\/ul>\n<h6>Enlla\u00e7 a la p\u00e0gina: <a href=\"https:\/\/www.pedrali.com\/es-es\/productos\/sillas-design\/jazz-3716?search=sill%C3%B3n%*20jazz&amp;section=*products&amp;page=1\">https:\/\/www.pedrali.com\/es-es\/productos\/sillas-design\/jazz-3716?search=sill%C3%B3n%*20jazz&amp;section=*products&amp;page=1<\/a><\/h6>\n","protected":false},"excerpt":{"rendered":"<p>Cadira de bra\u00e7os Jazz, fam\u00edlia Jazz, de la marca Pedrali Disseny i Estructura Armadura d&#8217;acer \u00d816mm Vernissat amb pols Diferents colors disponibles en el xass\u00eds Ergonomia i eleg\u00e0ncia Seients acollidors que s&#8217;adapten al cos Suports corbats i immsersius per a crear una sensaci\u00f3 \u00fanica Obertura funcional entre seient i respatller per a una comoditat especial&hellip;<\/p>\n","protected":false},"featured_media":44497,"template":"","meta":{"_acf_changed":false},"product_brand":[],"product_cat":[534,1229],"product_tag":[749,1445,664,668,729],"class_list":{"0":"post-33704","1":"product","2":"type-product","3":"status-publish","4":"has-post-thumbnail","6":"product_cat-cadires-de-bracos","7":"product_cat-novetats","8":"product_tag-cadira-de-barcos","9":"product_tag-ignifugo-ca","10":"product_tag-interior-ca","11":"product_tag-jazz-ca","12":"product_tag-pedrali-ca","13":"description-off","15":"first","16":"instock","17":"shipping-taxable","18":"product-type-simple"},"acf":[],"yoast_head":"<!-- This site is optimized with the Yoast SEO plugin v27.5 - https:\/\/yoast.com\/product\/yoast-seo-wordpress\/ -->\n<title>Cadira de bra\u00e7os Jazz, Pedrali- Navarro Aubanell<\/title>\n<meta name=\"description\" content=\"Cadira de bra\u00e7os Jazz de Pedrali: disseny elegant, ign\u00edfug, amb estructura d&#039;acer i opcions personalitzables en colors, teixits i materials.\" \/>\n<meta name=\"robots\" content=\"index, follow, max-snippet:-1, max-image-preview:large, max-video-preview:-1\" \/>\n<link rel=\"canonical\" href=\"https:\/\/www.navarroaubanell.com\/ca\/producte\/cadira-de-bracos-jazz-pedrali-navarroaubanell\/\" \/>\n<meta property=\"og:locale\" content=\"ca_ES\" \/>\n<meta property=\"og:type\" content=\"article\" \/>\n<meta property=\"og:title\" content=\"Cadira de bra\u00e7os Jazz, Pedrali- Navarro Aubanell\" \/>\n<meta property=\"og:description\" content=\"Cadira de bra\u00e7os Jazz de Pedrali: disseny elegant, ign\u00edfug, amb estructura d&#039;acer i opcions personalitzables en colors, teixits i materials.\" \/>\n<meta property=\"og:url\" content=\"https:\/\/www.navarroaubanell.com\/ca\/producte\/cadira-de-bracos-jazz-pedrali-navarroaubanell\/\" \/>\n<meta property=\"og:site_name\" content=\"Navarro Aubanell\" \/>\n<meta property=\"article:modified_time\" content=\"2024-10-01T08:21:16+00:00\" \/>\n<meta property=\"og:image\" content=\"https:\/\/www.navarroaubanell.com\/wp-content\/uploads\/2024\/07\/foto-7-2.png\" \/>\n\t<meta property=\"og:image:width\" content=\"881\" \/>\n\t<meta property=\"og:image:height\" content=\"1181\" \/>\n\t<meta property=\"og:image:type\" content=\"image\/png\" \/>\n<meta name=\"twitter:label1\" content=\"Est. reading time\" \/>\n\t<meta name=\"twitter:data1\" content=\"2 minutes\" \/>\n<script type=\"application\/ld+json\" class=\"yoast-schema-graph\">{\"@context\":\"https:\\\/\\\/schema.org\",\"@graph\":[{\"@type\":\"WebPage\",\"@id\":\"https:\\\/\\\/www.navarroaubanell.com\\\/ca\\\/producte\\\/cadira-de-bracos-jazz-pedrali-navarroaubanell\\\/\",\"url\":\"https:\\\/\\\/www.navarroaubanell.com\\\/ca\\\/producte\\\/cadira-de-bracos-jazz-pedrali-navarroaubanell\\\/\",\"name\":\"Cadira de bra\u00e7os Jazz, Pedrali- Navarro Aubanell\",\"isPartOf\":{\"@id\":\"https:\\\/\\\/www.navarroaubanell.com\\\/ca\\\/#website\"},\"primaryImageOfPage\":{\"@id\":\"https:\\\/\\\/www.navarroaubanell.com\\\/ca\\\/producte\\\/cadira-de-bracos-jazz-pedrali-navarroaubanell\\\/#primaryimage\"},\"image\":{\"@id\":\"https:\\\/\\\/www.navarroaubanell.com\\\/ca\\\/producte\\\/cadira-de-bracos-jazz-pedrali-navarroaubanell\\\/#primaryimage\"},\"thumbnailUrl\":\"https:\\\/\\\/www.navarroaubanell.com\\\/wp-content\\\/uploads\\\/2024\\\/07\\\/foto-7-2.png\",\"datePublished\":\"2024-07-02T08:11:12+00:00\",\"dateModified\":\"2024-10-01T08:21:16+00:00\",\"description\":\"Cadira de bra\u00e7os Jazz de Pedrali: disseny elegant, ign\u00edfug, amb estructura d'acer i opcions personalitzables en colors, teixits i materials.\",\"breadcrumb\":{\"@id\":\"https:\\\/\\\/www.navarroaubanell.com\\\/ca\\\/producte\\\/cadira-de-bracos-jazz-pedrali-navarroaubanell\\\/#breadcrumb\"},\"inLanguage\":\"ca\",\"potentialAction\":[{\"@type\":\"ReadAction\",\"target\":[\"https:\\\/\\\/www.navarroaubanell.com\\\/ca\\\/producte\\\/cadira-de-bracos-jazz-pedrali-navarroaubanell\\\/\"]}]},{\"@type\":\"ImageObject\",\"inLanguage\":\"ca\",\"@id\":\"https:\\\/\\\/www.navarroaubanell.com\\\/ca\\\/producte\\\/cadira-de-bracos-jazz-pedrali-navarroaubanell\\\/#primaryimage\",\"url\":\"https:\\\/\\\/www.navarroaubanell.com\\\/wp-content\\\/uploads\\\/2024\\\/07\\\/foto-7-2.png\",\"contentUrl\":\"https:\\\/\\\/www.navarroaubanell.com\\\/wp-content\\\/uploads\\\/2024\\\/07\\\/foto-7-2.png\",\"width\":881,\"height\":1181,\"caption\":\"sill\u00f3n Jazz\"},{\"@type\":\"BreadcrumbList\",\"@id\":\"https:\\\/\\\/www.navarroaubanell.com\\\/ca\\\/producte\\\/cadira-de-bracos-jazz-pedrali-navarroaubanell\\\/#breadcrumb\",\"itemListElement\":[{\"@type\":\"ListItem\",\"position\":1,\"name\":\"Portada\",\"item\":\"https:\\\/\\\/www.navarroaubanell.com\\\/ca\\\/\"},{\"@type\":\"ListItem\",\"position\":2,\"name\":\"Productes\",\"item\":\"https:\\\/\\\/www.navarroaubanell.com\\\/productos\\\/\"},{\"@type\":\"ListItem\",\"position\":3,\"name\":\"Cadira de bra\u00e7os Jazz\"}]},{\"@type\":\"WebSite\",\"@id\":\"https:\\\/\\\/www.navarroaubanell.com\\\/ca\\\/#website\",\"url\":\"https:\\\/\\\/www.navarroaubanell.com\\\/ca\\\/\",\"name\":\"Navarro Aubanell\",\"description\":\"Mobiliario para hoteler\u00eda, colectividades y oficinas\",\"publisher\":{\"@id\":\"https:\\\/\\\/www.navarroaubanell.com\\\/ca\\\/#organization\"},\"potentialAction\":[{\"@type\":\"SearchAction\",\"target\":{\"@type\":\"EntryPoint\",\"urlTemplate\":\"https:\\\/\\\/www.navarroaubanell.com\\\/ca\\\/?s={search_term_string}\"},\"query-input\":{\"@type\":\"PropertyValueSpecification\",\"valueRequired\":true,\"valueName\":\"search_term_string\"}}],\"inLanguage\":\"ca\"},{\"@type\":\"Organization\",\"@id\":\"https:\\\/\\\/www.navarroaubanell.com\\\/ca\\\/#organization\",\"name\":\"COMERCIAL NAVARRO AUBANELL, S.A\",\"url\":\"https:\\\/\\\/www.navarroaubanell.com\\\/ca\\\/\",\"logo\":{\"@type\":\"ImageObject\",\"inLanguage\":\"ca\",\"@id\":\"https:\\\/\\\/www.navarroaubanell.com\\\/ca\\\/#\\\/schema\\\/logo\\\/image\\\/\",\"url\":\"https:\\\/\\\/www.navarroaubanell.com\\\/wp-content\\\/uploads\\\/2017\\\/07\\\/logo-navarro-aubuanell.png\",\"contentUrl\":\"https:\\\/\\\/www.navarroaubanell.com\\\/wp-content\\\/uploads\\\/2017\\\/07\\\/logo-navarro-aubuanell.png\",\"width\":6304,\"height\":1154,\"caption\":\"COMERCIAL NAVARRO AUBANELL, S.A\"},\"image\":{\"@id\":\"https:\\\/\\\/www.navarroaubanell.com\\\/ca\\\/#\\\/schema\\\/logo\\\/image\\\/\"}}]}<\/script>\n<!-- \/ Yoast SEO plugin. -->","yoast_head_json":{"title":"Cadira de bra\u00e7os Jazz, Pedrali- Navarro Aubanell","description":"Cadira de bra\u00e7os Jazz de Pedrali: disseny elegant, ign\u00edfug, amb estructura d'acer i opcions personalitzables en colors, teixits i materials.","robots":{"index":"index","follow":"follow","max-snippet":"max-snippet:-1","max-image-preview":"max-image-preview:large","max-video-preview":"max-video-preview:-1"},"canonical":"https:\/\/www.navarroaubanell.com\/ca\/producte\/cadira-de-bracos-jazz-pedrali-navarroaubanell\/","og_locale":"ca_ES","og_type":"article","og_title":"Cadira de bra\u00e7os Jazz, Pedrali- Navarro Aubanell","og_description":"Cadira de bra\u00e7os Jazz de Pedrali: disseny elegant, ign\u00edfug, amb estructura d'acer i opcions personalitzables en colors, teixits i materials.","og_url":"https:\/\/www.navarroaubanell.com\/ca\/producte\/cadira-de-bracos-jazz-pedrali-navarroaubanell\/","og_site_name":"Navarro Aubanell","article_modified_time":"2024-10-01T08:21:16+00:00","og_image":[{"width":881,"height":1181,"url":"https:\/\/www.navarroaubanell.com\/wp-content\/uploads\/2024\/07\/foto-7-2.png","type":"image\/png"}],"twitter_misc":{"Est. reading time":"2 minutes"},"schema":{"@context":"https:\/\/schema.org","@graph":[{"@type":"WebPage","@id":"https:\/\/www.navarroaubanell.com\/ca\/producte\/cadira-de-bracos-jazz-pedrali-navarroaubanell\/","url":"https:\/\/www.navarroaubanell.com\/ca\/producte\/cadira-de-bracos-jazz-pedrali-navarroaubanell\/","name":"Cadira de bra\u00e7os Jazz, Pedrali- Navarro Aubanell","isPartOf":{"@id":"https:\/\/www.navarroaubanell.com\/ca\/#website"},"primaryImageOfPage":{"@id":"https:\/\/www.navarroaubanell.com\/ca\/producte\/cadira-de-bracos-jazz-pedrali-navarroaubanell\/#primaryimage"},"image":{"@id":"https:\/\/www.navarroaubanell.com\/ca\/producte\/cadira-de-bracos-jazz-pedrali-navarroaubanell\/#primaryimage"},"thumbnailUrl":"https:\/\/www.navarroaubanell.com\/wp-content\/uploads\/2024\/07\/foto-7-2.png","datePublished":"2024-07-02T08:11:12+00:00","dateModified":"2024-10-01T08:21:16+00:00","description":"Cadira de bra\u00e7os Jazz de Pedrali: disseny elegant, ign\u00edfug, amb estructura d'acer i opcions personalitzables en colors, teixits i materials.","breadcrumb":{"@id":"https:\/\/www.navarroaubanell.com\/ca\/producte\/cadira-de-bracos-jazz-pedrali-navarroaubanell\/#breadcrumb"},"inLanguage":"ca","potentialAction":[{"@type":"ReadAction","target":["https:\/\/www.navarroaubanell.com\/ca\/producte\/cadira-de-bracos-jazz-pedrali-navarroaubanell\/"]}]},{"@type":"ImageObject","inLanguage":"ca","@id":"https:\/\/www.navarroaubanell.com\/ca\/producte\/cadira-de-bracos-jazz-pedrali-navarroaubanell\/#primaryimage","url":"https:\/\/www.navarroaubanell.com\/wp-content\/uploads\/2024\/07\/foto-7-2.png","contentUrl":"https:\/\/www.navarroaubanell.com\/wp-content\/uploads\/2024\/07\/foto-7-2.png","width":881,"height":1181,"caption":"sill\u00f3n Jazz"},{"@type":"BreadcrumbList","@id":"https:\/\/www.navarroaubanell.com\/ca\/producte\/cadira-de-bracos-jazz-pedrali-navarroaubanell\/#breadcrumb","itemListElement":[{"@type":"ListItem","position":1,"name":"Portada","item":"https:\/\/www.navarroaubanell.com\/ca\/"},{"@type":"ListItem","position":2,"name":"Productes","item":"https:\/\/www.navarroaubanell.com\/productos\/"},{"@type":"ListItem","position":3,"name":"Cadira de bra\u00e7os Jazz"}]},{"@type":"WebSite","@id":"https:\/\/www.navarroaubanell.com\/ca\/#website","url":"https:\/\/www.navarroaubanell.com\/ca\/","name":"Navarro Aubanell","description":"Mobiliario para hoteler\u00eda, colectividades y oficinas","publisher":{"@id":"https:\/\/www.navarroaubanell.com\/ca\/#organization"},"potentialAction":[{"@type":"SearchAction","target":{"@type":"EntryPoint","urlTemplate":"https:\/\/www.navarroaubanell.com\/ca\/?s={search_term_string}"},"query-input":{"@type":"PropertyValueSpecification","valueRequired":true,"valueName":"search_term_string"}}],"inLanguage":"ca"},{"@type":"Organization","@id":"https:\/\/www.navarroaubanell.com\/ca\/#organization","name":"COMERCIAL NAVARRO AUBANELL, S.A","url":"https:\/\/www.navarroaubanell.com\/ca\/","logo":{"@type":"ImageObject","inLanguage":"ca","@id":"https:\/\/www.navarroaubanell.com\/ca\/#\/schema\/logo\/image\/","url":"https:\/\/www.navarroaubanell.com\/wp-content\/uploads\/2017\/07\/logo-navarro-aubuanell.png","contentUrl":"https:\/\/www.navarroaubanell.com\/wp-content\/uploads\/2017\/07\/logo-navarro-aubuanell.png","width":6304,"height":1154,"caption":"COMERCIAL NAVARRO AUBANELL, S.A"},"image":{"@id":"https:\/\/www.navarroaubanell.com\/ca\/#\/schema\/logo\/image\/"}}]}},"_links":{"self":[{"href":"https:\/\/www.navarroaubanell.com\/ca\/wp-json\/wp\/v2\/product\/33704","targetHints":{"allow":["GET"]}}],"collection":[{"href":"https:\/\/www.navarroaubanell.com\/ca\/wp-json\/wp\/v2\/product"}],"about":[{"href":"https:\/\/www.navarroaubanell.com\/ca\/wp-json\/wp\/v2\/types\/product"}],"wp:featuredmedia":[{"embeddable":true,"href":"https:\/\/www.navarroaubanell.com\/ca\/wp-json\/wp\/v2\/media\/44497"}],"wp:attachment":[{"href":"https:\/\/www.navarroaubanell.com\/ca\/wp-json\/wp\/v2\/media?parent=33704"}],"wp:term":[{"taxonomy":"product_brand","embeddable":true,"href":"https:\/\/www.navarroaubanell.com\/ca\/wp-json\/wp\/v2\/product_brand?post=33704"},{"taxonomy":"product_cat","embeddable":true,"href":"https:\/\/www.navarroaubanell.com\/ca\/wp-json\/wp\/v2\/product_cat?post=33704"},{"taxonomy":"product_tag","embeddable":true,"href":"https:\/\/www.navarroaubanell.com\/ca\/wp-json\/wp\/v2\/product_tag?post=33704"}],"curies":[{"name":"wp","href":"https:\/\/api.w.org\/{rel}","templated":true}]}}