{"id":33476,"date":"2024-06-28T11:45:35","date_gmt":"2024-06-28T09:59:54","guid":{"rendered":"https:\/\/www.navarroaubanell.com\/?post_type=product&#038;p=33476"},"modified":"2024-10-01T10:35:39","modified_gmt":"2024-10-01T08:35:39","slug":"set-de-sofas-etnaballiu-navarroaubanell","status":"publish","type":"product","link":"https:\/\/www.navarroaubanell.com\/ca\/producte\/set-de-sofas-etnaballiu-navarroaubanell\/","title":{"rendered":"Set de sof\u00e0s Etna"},"content":{"rendered":"<h5>Set de sof\u00e0s Etna<\/h5>\n<p>Presentem aquest exclusiu set de sof\u00e0s Etna per a exteriors, dissenyats amb la m\u00e9s alta qualitat i durabilitat per a brindar confort i estil en qualsevol ambient.<\/p>\n<h5>Estructura i Materials:<\/h5>\n<ul>\n<li><strong>Estructura:<\/strong> Fabricada amb un perfil d&#8217;alumini endurit, ideal per al seu \u00fas en exteriors per la seva robustesa.<\/li>\n<li><strong>Caragols:<\/strong> D&#8217;acer inoxidable, amb una gran resist\u00e8ncia a la corrosi\u00f3, especialment en ambients marins.<\/li>\n<li><strong>Pintura:<\/strong> Estructura recoberta amb pintura en pols a base de resines de poli\u00e8ster, oferint una gran resist\u00e8ncia a la llum i als elements exteriors.<\/li>\n<\/ul>\n<h5>Accessoris:<\/h5>\n<ul>\n<li><strong>Taps, tacs i reguladors:<\/strong> Accessoris fabricats en resina de polipropil\u00e8, resistent als raigs UV, garantint una llarga durabilitat.<\/li>\n<\/ul>\n<h5>Coixins i caracteristiques:<\/h5>\n<ul>\n<li><strong>Teixit acr\u00edlic:<\/strong> Els coixins estan confeccionats amb teixit de fibra acr\u00edlica 100% tintada en massa.<\/li>\n<li><strong>Escuma de\u00a0foam:<\/strong> Interior d&#8217;assecat r\u00e0pid. Aquest innovador disseny permet que el sof\u00e0 s&#8217;assequi r\u00e0pidament despr\u00e9s de la pluja o la neteja, garantint un confort continu.<\/li>\n<li><strong>Protecci\u00f3 antimicrobiana:<\/strong> El teixit compta amb una protecci\u00f3 que el protegeix contra males olors i humitat.<\/li>\n<li><strong>Tractament repel\u00b7lent a l&#8217;aigua i oli:<\/strong> Afegint una capa addicional de protecci\u00f3.<\/li>\n<li><strong>Resistent als raigs UV:<\/strong> Tant els coixins com els accessoris estan dissenyats per a resistir l&#8217;exposici\u00f3 prolongada als raigs UV.<\/li>\n<li><strong>Teixit de poli\u00e8ster:<\/strong> Compost 100% de poli\u00e8ster, el teixit \u00e9s lleuger i transpirable, repel\u00b7leix les taques i ofereix una gran resist\u00e8ncia a les altes temperatures i als trencaments.<\/li>\n<\/ul>\n<h5>Opcions de Grand\u00e0ria i Color:<\/h5>\n<p>Disposem de<strong> tres mesures<\/strong> de sof\u00e0: individual, doble i triple, adaptant-se a qualsevol necessitat d&#8217;espai.<br \/>\nEstan disponibles en <strong>diversos colors<\/strong>, permetent combinacions personalitzades per a adequar-se a qualsevol estil i prefer\u00e8ncia decorativa.<\/p>\n<p>Els nostres sof\u00e0s per a exteriors combinen disseny contemporani, resist\u00e8ncia i confort, proporcionant la soluci\u00f3 perfecta per a gaudir del seu jard\u00ed, terrassa o pati amb la m\u00e0xima comoditat i durabilitat.<\/p>\n<p>No dubti en configurar els seus sof\u00e0s:<\/p>\n<p style=\"padding-left: 40px;\">Individual:<a href=\"https:\/\/viewer.ienhance.co\/v\/app\/6156b281-b8b2-4ce5-ba8a-8a9e7850194e\"> https:\/\/viewer.ienhance.co\/v\/app\/6156b281-b8b2-4ce5-ba8a-8a9e7850194e<\/a><\/p>\n<p style=\"padding-left: 40px;\">Doble: <a href=\"https:\/\/viewer.ienhance.co\/v\/app\/804df0a8-ed39-477e-ba29-ac255fae8b61\">https:\/\/viewer.ienhance.co\/v\/app\/804df0a8-ed39-477e-ba29-ac255fae8b61<\/a><\/p>\n<p style=\"padding-left: 40px;\">Triple: <a href=\"https:\/\/viewer.ienhance.co\/v\/app\/1867a067-c922-403a-bc8a-7e0d2ceb4074\">https:\/\/viewer.ienhance.co\/v\/app\/1867a067-c922-403a-bc8a-7e0d2ceb4074<\/a><\/p>\n<p>&nbsp;<\/p>\n","protected":false},"excerpt":{"rendered":"<p>Set de sof\u00e0s Etna Presentem aquest exclusiu set de sof\u00e0s Etna per a exteriors, dissenyats amb la m\u00e9s alta qualitat i durabilitat per a brindar confort i estil en qualsevol ambient. Estructura i Materials: Estructura: Fabricada amb un perfil d&#8217;alumini endurit, ideal per al seu \u00fas en exteriors per la seva robustesa. Caragols: D&#8217;acer inoxidable,&hellip;<\/p>\n","protected":false},"featured_media":33445,"template":"","meta":{"_acf_changed":false},"product_brand":[],"product_cat":[929],"product_tag":[1428,593,617,638,640,720],"class_list":{"0":"post-33476","1":"product","2":"type-product","3":"status-publish","4":"has-post-thumbnail","6":"product_cat-sofas-exterior-ca","7":"product_tag-antimicrobiano-ca","8":"product_tag-balliu-ca","9":"product_tag-conjunt","10":"product_tag-etna-ca","11":"product_tag-exterior-ca","12":"product_tag-outdoor-ca","13":"description-off","15":"first","16":"instock","17":"shipping-taxable","18":"product-type-simple"},"acf":[],"yoast_head":"<!-- This site is optimized with the Yoast SEO plugin v27.0 - https:\/\/yoast.com\/product\/yoast-seo-wordpress\/ -->\n<title>Set de sof\u00e0s Etna, Balliu- Navarro Aubanell<\/title>\n<meta name=\"description\" content=\"Set de sof\u00e0s Etna: estructura d&#039;alumini, accessoris d&#039;acer inoxidable, amb teixits resistents. Eleg\u00e0ncia, durabilitat i confort garantits.\" \/>\n<meta name=\"robots\" content=\"index, follow, max-snippet:-1, max-image-preview:large, max-video-preview:-1\" \/>\n<link rel=\"canonical\" href=\"https:\/\/www.navarroaubanell.com\/ca\/producte\/set-de-sofas-etnaballiu-navarroaubanell\/\" \/>\n<meta property=\"og:locale\" content=\"ca_ES\" \/>\n<meta property=\"og:type\" content=\"article\" \/>\n<meta property=\"og:title\" content=\"Set de sof\u00e0s Etna, Balliu- Navarro Aubanell\" \/>\n<meta property=\"og:description\" content=\"Set de sof\u00e0s Etna: estructura d&#039;alumini, accessoris d&#039;acer inoxidable, amb teixits resistents. Eleg\u00e0ncia, durabilitat i confort garantits.\" \/>\n<meta property=\"og:url\" content=\"https:\/\/www.navarroaubanell.com\/ca\/producte\/set-de-sofas-etnaballiu-navarroaubanell\/\" \/>\n<meta property=\"og:site_name\" content=\"Navarro Aubanell\" \/>\n<meta property=\"article:modified_time\" content=\"2024-10-01T08:35:39+00:00\" \/>\n<meta property=\"og:image\" content=\"https:\/\/www.navarroaubanell.com\/wp-content\/uploads\/2024\/06\/Conjunto-sofas-etna.jpg\" \/>\n\t<meta property=\"og:image:width\" content=\"800\" \/>\n\t<meta property=\"og:image:height\" content=\"650\" \/>\n\t<meta property=\"og:image:type\" content=\"image\/jpeg\" \/>\n<meta name=\"twitter:label1\" content=\"Est. reading time\" \/>\n\t<meta name=\"twitter:data1\" content=\"2 minutes\" \/>\n<script type=\"application\/ld+json\" class=\"yoast-schema-graph\">{\"@context\":\"https:\/\/schema.org\",\"@graph\":[{\"@type\":\"WebPage\",\"@id\":\"https:\/\/www.navarroaubanell.com\/ca\/producte\/set-de-sofas-etnaballiu-navarroaubanell\/\",\"url\":\"https:\/\/www.navarroaubanell.com\/ca\/producte\/set-de-sofas-etnaballiu-navarroaubanell\/\",\"name\":\"Set de sof\u00e0s Etna, Balliu- Navarro Aubanell\",\"isPartOf\":{\"@id\":\"https:\/\/www.navarroaubanell.com\/ca\/#website\"},\"primaryImageOfPage\":{\"@id\":\"https:\/\/www.navarroaubanell.com\/ca\/producte\/set-de-sofas-etnaballiu-navarroaubanell\/#primaryimage\"},\"image\":{\"@id\":\"https:\/\/www.navarroaubanell.com\/ca\/producte\/set-de-sofas-etnaballiu-navarroaubanell\/#primaryimage\"},\"thumbnailUrl\":\"https:\/\/www.navarroaubanell.com\/wp-content\/uploads\/2024\/06\/Conjunto-sofas-etna.jpg\",\"datePublished\":\"2024-06-28T09:59:54+00:00\",\"dateModified\":\"2024-10-01T08:35:39+00:00\",\"description\":\"Set de sof\u00e0s Etna: estructura d'alumini, accessoris d'acer inoxidable, amb teixits resistents. Eleg\u00e0ncia, durabilitat i confort garantits.\",\"breadcrumb\":{\"@id\":\"https:\/\/www.navarroaubanell.com\/ca\/producte\/set-de-sofas-etnaballiu-navarroaubanell\/#breadcrumb\"},\"inLanguage\":\"ca\",\"potentialAction\":[{\"@type\":\"ReadAction\",\"target\":[\"https:\/\/www.navarroaubanell.com\/ca\/producte\/set-de-sofas-etnaballiu-navarroaubanell\/\"]}]},{\"@type\":\"ImageObject\",\"inLanguage\":\"ca\",\"@id\":\"https:\/\/www.navarroaubanell.com\/ca\/producte\/set-de-sofas-etnaballiu-navarroaubanell\/#primaryimage\",\"url\":\"https:\/\/www.navarroaubanell.com\/wp-content\/uploads\/2024\/06\/Conjunto-sofas-etna.jpg\",\"contentUrl\":\"https:\/\/www.navarroaubanell.com\/wp-content\/uploads\/2024\/06\/Conjunto-sofas-etna.jpg\",\"width\":800,\"height\":650,\"caption\":\"Set de sof\u00e0s Etna, amb les tres mesures disponibles: individual, doble i triple\"},{\"@type\":\"BreadcrumbList\",\"@id\":\"https:\/\/www.navarroaubanell.com\/ca\/producte\/set-de-sofas-etnaballiu-navarroaubanell\/#breadcrumb\",\"itemListElement\":[{\"@type\":\"ListItem\",\"position\":1,\"name\":\"Portada\",\"item\":\"https:\/\/www.navarroaubanell.com\/ca\/\"},{\"@type\":\"ListItem\",\"position\":2,\"name\":\"Productes\",\"item\":\"https:\/\/www.navarroaubanell.com\/productos\/\"},{\"@type\":\"ListItem\",\"position\":3,\"name\":\"Set de sof\u00e0s Etna\"}]},{\"@type\":\"WebSite\",\"@id\":\"https:\/\/www.navarroaubanell.com\/ca\/#website\",\"url\":\"https:\/\/www.navarroaubanell.com\/ca\/\",\"name\":\"Navarro Aubanell\",\"description\":\"Mobiliario para hoteler\u00eda, colectividades y oficinas\",\"publisher\":{\"@id\":\"https:\/\/www.navarroaubanell.com\/ca\/#organization\"},\"potentialAction\":[{\"@type\":\"SearchAction\",\"target\":{\"@type\":\"EntryPoint\",\"urlTemplate\":\"https:\/\/www.navarroaubanell.com\/ca\/?s={search_term_string}\"},\"query-input\":{\"@type\":\"PropertyValueSpecification\",\"valueRequired\":true,\"valueName\":\"search_term_string\"}}],\"inLanguage\":\"ca\"},{\"@type\":\"Organization\",\"@id\":\"https:\/\/www.navarroaubanell.com\/ca\/#organization\",\"name\":\"COMERCIAL NAVARRO AUBANELL, S.A\",\"url\":\"https:\/\/www.navarroaubanell.com\/ca\/\",\"logo\":{\"@type\":\"ImageObject\",\"inLanguage\":\"ca\",\"@id\":\"https:\/\/www.navarroaubanell.com\/ca\/#\/schema\/logo\/image\/\",\"url\":\"https:\/\/www.navarroaubanell.com\/wp-content\/uploads\/2017\/07\/logo-navarro-aubuanell.png\",\"contentUrl\":\"https:\/\/www.navarroaubanell.com\/wp-content\/uploads\/2017\/07\/logo-navarro-aubuanell.png\",\"width\":6304,\"height\":1154,\"caption\":\"COMERCIAL NAVARRO AUBANELL, S.A\"},\"image\":{\"@id\":\"https:\/\/www.navarroaubanell.com\/ca\/#\/schema\/logo\/image\/\"}}]}<\/script>\n<!-- \/ Yoast SEO plugin. -->","yoast_head_json":{"title":"Set de sof\u00e0s Etna, Balliu- Navarro Aubanell","description":"Set de sof\u00e0s Etna: estructura d'alumini, accessoris d'acer inoxidable, amb teixits resistents. Eleg\u00e0ncia, durabilitat i confort garantits.","robots":{"index":"index","follow":"follow","max-snippet":"max-snippet:-1","max-image-preview":"max-image-preview:large","max-video-preview":"max-video-preview:-1"},"canonical":"https:\/\/www.navarroaubanell.com\/ca\/producte\/set-de-sofas-etnaballiu-navarroaubanell\/","og_locale":"ca_ES","og_type":"article","og_title":"Set de sof\u00e0s Etna, Balliu- Navarro Aubanell","og_description":"Set de sof\u00e0s Etna: estructura d'alumini, accessoris d'acer inoxidable, amb teixits resistents. Eleg\u00e0ncia, durabilitat i confort garantits.","og_url":"https:\/\/www.navarroaubanell.com\/ca\/producte\/set-de-sofas-etnaballiu-navarroaubanell\/","og_site_name":"Navarro Aubanell","article_modified_time":"2024-10-01T08:35:39+00:00","og_image":[{"width":800,"height":650,"url":"https:\/\/www.navarroaubanell.com\/wp-content\/uploads\/2024\/06\/Conjunto-sofas-etna.jpg","type":"image\/jpeg"}],"twitter_misc":{"Est. reading time":"2 minutes"},"schema":{"@context":"https:\/\/schema.org","@graph":[{"@type":"WebPage","@id":"https:\/\/www.navarroaubanell.com\/ca\/producte\/set-de-sofas-etnaballiu-navarroaubanell\/","url":"https:\/\/www.navarroaubanell.com\/ca\/producte\/set-de-sofas-etnaballiu-navarroaubanell\/","name":"Set de sof\u00e0s Etna, Balliu- Navarro Aubanell","isPartOf":{"@id":"https:\/\/www.navarroaubanell.com\/ca\/#website"},"primaryImageOfPage":{"@id":"https:\/\/www.navarroaubanell.com\/ca\/producte\/set-de-sofas-etnaballiu-navarroaubanell\/#primaryimage"},"image":{"@id":"https:\/\/www.navarroaubanell.com\/ca\/producte\/set-de-sofas-etnaballiu-navarroaubanell\/#primaryimage"},"thumbnailUrl":"https:\/\/www.navarroaubanell.com\/wp-content\/uploads\/2024\/06\/Conjunto-sofas-etna.jpg","datePublished":"2024-06-28T09:59:54+00:00","dateModified":"2024-10-01T08:35:39+00:00","description":"Set de sof\u00e0s Etna: estructura d'alumini, accessoris d'acer inoxidable, amb teixits resistents. Eleg\u00e0ncia, durabilitat i confort garantits.","breadcrumb":{"@id":"https:\/\/www.navarroaubanell.com\/ca\/producte\/set-de-sofas-etnaballiu-navarroaubanell\/#breadcrumb"},"inLanguage":"ca","potentialAction":[{"@type":"ReadAction","target":["https:\/\/www.navarroaubanell.com\/ca\/producte\/set-de-sofas-etnaballiu-navarroaubanell\/"]}]},{"@type":"ImageObject","inLanguage":"ca","@id":"https:\/\/www.navarroaubanell.com\/ca\/producte\/set-de-sofas-etnaballiu-navarroaubanell\/#primaryimage","url":"https:\/\/www.navarroaubanell.com\/wp-content\/uploads\/2024\/06\/Conjunto-sofas-etna.jpg","contentUrl":"https:\/\/www.navarroaubanell.com\/wp-content\/uploads\/2024\/06\/Conjunto-sofas-etna.jpg","width":800,"height":650,"caption":"Set de sof\u00e0s Etna, amb les tres mesures disponibles: individual, doble i triple"},{"@type":"BreadcrumbList","@id":"https:\/\/www.navarroaubanell.com\/ca\/producte\/set-de-sofas-etnaballiu-navarroaubanell\/#breadcrumb","itemListElement":[{"@type":"ListItem","position":1,"name":"Portada","item":"https:\/\/www.navarroaubanell.com\/ca\/"},{"@type":"ListItem","position":2,"name":"Productes","item":"https:\/\/www.navarroaubanell.com\/productos\/"},{"@type":"ListItem","position":3,"name":"Set de sof\u00e0s Etna"}]},{"@type":"WebSite","@id":"https:\/\/www.navarroaubanell.com\/ca\/#website","url":"https:\/\/www.navarroaubanell.com\/ca\/","name":"Navarro Aubanell","description":"Mobiliario para hoteler\u00eda, colectividades y oficinas","publisher":{"@id":"https:\/\/www.navarroaubanell.com\/ca\/#organization"},"potentialAction":[{"@type":"SearchAction","target":{"@type":"EntryPoint","urlTemplate":"https:\/\/www.navarroaubanell.com\/ca\/?s={search_term_string}"},"query-input":{"@type":"PropertyValueSpecification","valueRequired":true,"valueName":"search_term_string"}}],"inLanguage":"ca"},{"@type":"Organization","@id":"https:\/\/www.navarroaubanell.com\/ca\/#organization","name":"COMERCIAL NAVARRO AUBANELL, S.A","url":"https:\/\/www.navarroaubanell.com\/ca\/","logo":{"@type":"ImageObject","inLanguage":"ca","@id":"https:\/\/www.navarroaubanell.com\/ca\/#\/schema\/logo\/image\/","url":"https:\/\/www.navarroaubanell.com\/wp-content\/uploads\/2017\/07\/logo-navarro-aubuanell.png","contentUrl":"https:\/\/www.navarroaubanell.com\/wp-content\/uploads\/2017\/07\/logo-navarro-aubuanell.png","width":6304,"height":1154,"caption":"COMERCIAL NAVARRO AUBANELL, S.A"},"image":{"@id":"https:\/\/www.navarroaubanell.com\/ca\/#\/schema\/logo\/image\/"}}]}},"_links":{"self":[{"href":"https:\/\/www.navarroaubanell.com\/ca\/wp-json\/wp\/v2\/product\/33476","targetHints":{"allow":["GET"]}}],"collection":[{"href":"https:\/\/www.navarroaubanell.com\/ca\/wp-json\/wp\/v2\/product"}],"about":[{"href":"https:\/\/www.navarroaubanell.com\/ca\/wp-json\/wp\/v2\/types\/product"}],"wp:featuredmedia":[{"embeddable":true,"href":"https:\/\/www.navarroaubanell.com\/ca\/wp-json\/wp\/v2\/media\/33445"}],"wp:attachment":[{"href":"https:\/\/www.navarroaubanell.com\/ca\/wp-json\/wp\/v2\/media?parent=33476"}],"wp:term":[{"taxonomy":"product_brand","embeddable":true,"href":"https:\/\/www.navarroaubanell.com\/ca\/wp-json\/wp\/v2\/product_brand?post=33476"},{"taxonomy":"product_cat","embeddable":true,"href":"https:\/\/www.navarroaubanell.com\/ca\/wp-json\/wp\/v2\/product_cat?post=33476"},{"taxonomy":"product_tag","embeddable":true,"href":"https:\/\/www.navarroaubanell.com\/ca\/wp-json\/wp\/v2\/product_tag?post=33476"}],"curies":[{"name":"wp","href":"https:\/\/api.w.org\/{rel}","templated":true}]}}