{"id":33434,"date":"2024-06-20T12:59:02","date_gmt":"2024-06-20T10:59:02","guid":{"rendered":"https:\/\/www.navarroaubanell.com\/?post_type=product&#038;p=33434"},"modified":"2024-10-29T17:31:22","modified_gmt":"2024-10-29T16:31:22","slug":"gandula-noa-navarro-aubanell","status":"publish","type":"product","link":"https:\/\/www.navarroaubanell.com\/ca\/producte\/gandula-noa-navarro-aubanell\/","title":{"rendered":"Noa, la nova gandula"},"content":{"rendered":"<div class=\"flex max-w-full flex-col flex-grow\">\n<div class=\"min-h-8 text-message flex w-full flex-col items-end gap-2 whitespace-normal break-words [.text-message+&amp;]:mt-5\" dir=\"auto\" data-message-author-role=\"assistant\" data-message-id=\"7aadd419-4837-49a8-aceb-a1e05b0ab5c5\" data-message-model-slug=\"gpt-4o\">\n<div class=\"flex w-full flex-col gap-1 empty:hidden first:pt-[3px]\">\n<div class=\"markdown prose w-full break-words dark:prose-invert light\">\n<div class=\"traductor-textarea form-group\">\n<div class=\"textarea-desti col-xs-12 col-sm-6\">\n<div class=\"form-control second-textarea\">Presentem la gandula Noa, una innovadora pe\u00e7a que redefineix els conceptes de durabilitat i confort. Dissenyada per a convertir-se en un referent, combina comoditat i eleg\u00e0ncia amb materials d&#8217;alta qualitat.<\/div>\n<\/div>\n<\/div>\n<h6>Materials Resistents i Refor\u00e7 Met\u00e0l\u00b7lic<\/h6>\n<div class=\"traductor-textarea form-group\">\n<div class=\"textarea-desti col-xs-12 col-sm-6\">\n<div class=\"form-control second-textarea\">Fabricada amb resina de polipropil\u00e8 i fibra de vidre, la gandula Noa \u00e9s la soluci\u00f3 ideal per als entorns m\u00e9s exigents. Est\u00e0 refor\u00e7ada amb un sistema anti-UV, la qual cosa garanteix resist\u00e8ncia davant la llum solar i els canvis bruscos de temperatura. A m\u00e9s, compta amb un refor\u00e7 met\u00e0l\u00b7lic en l&#8217;estructura lateral, afegint un extra de resist\u00e8ncia per a major durabilitat.<\/div>\n<\/div>\n<\/div>\n<h6>Funcionalitat i Practicitat<\/h6>\n<div class=\"traductor-textarea form-group\">\n<div class=\"textarea-desti col-xs-12 col-sm-6\">\n<div class=\"form-control second-textarea\">Noa \u00e9s apilable i lleugera, amb rodes integrades per a facilitar la seva mobilitat. El seu suport \u00e9s regulable en cinc posicions, permetent-te ajustar la gandula garantint un confort individualitzat. L&#8217;estructura incorpora un sistema anti-atrapa dits, la qual cosa fa el seu \u00fas segur i f\u00e0cil.<\/div>\n<\/div>\n<\/div>\n<h6>Varietat d&#8217;Acabats i Sostenibilitat<\/h6>\n<div class=\"traductor-textarea form-group\">\n<div class=\"textarea-desti col-xs-12 col-sm-6\">\n<div class=\"form-control second-textarea\">Disponible en una \u00e0mplia gamma de colors, incloent-hi els exclusius tons Prestige, que aporten un toc d&#8217;eleg\u00e0ncia especial. La gandula Noa \u00e9s una opci\u00f3 sostenible: la seva estructura \u00e9s completament reciclable i el teixit \u00e9s f\u00e0cilment substitu\u00efble, promovent el respecte pel medi ambient.<\/div>\n<\/div>\n<\/div>\n<\/div>\n<h6><span style=\"font-size: 14px; font-weight: normal;\">No dubtis a experimentar amb la seva gamma de colors entrant en aquest <\/span><a style=\"font-size: 14px; font-weight: normal;\" href=\"https:\/\/viewer.ienhance.co\/v\/app\/b80f6be5-739c-4525-872b-4d80bbddd6b4\">enlla\u00e7<\/a><span style=\"font-size: 14px; font-weight: normal;\">!<\/span><\/h6>\n<\/div>\n<\/div>\n<\/div>\n<div class=\"traductor-textarea form-group\">\n<div class=\"textarea-desti col-xs-12 col-sm-6\">\n<div class=\"form-control second-textarea\">Per a ampliar informaci\u00f3, et deixem el <a href=\"https:\/\/www.navarroaubanell.com\/wp-content\/uploads\/2024\/10\/Noa-nueva-tumbona.pdf\">cat\u00e0leg de la gandula Noa<\/a><\/div>\n<\/div>\n<\/div>\n","protected":false},"excerpt":{"rendered":"<p>Presentem la gandula Noa, una innovadora pe\u00e7a que redefineix els conceptes de durabilitat i confort. Dissenyada per a convertir-se en un referent, combina comoditat i eleg\u00e0ncia amb materials d&#8217;alta qualitat. Materials Resistents i Refor\u00e7 Met\u00e0l\u00b7lic Fabricada amb resina de polipropil\u00e8 i fibra de vidre, la gandula Noa \u00e9s la soluci\u00f3 ideal per als entorns m\u00e9s&hellip;<\/p>\n","protected":false},"featured_media":34351,"template":"","meta":{"_acf_changed":false},"product_brand":[],"product_cat":[1229,1519,575],"product_tag":[587,593,640,781,1179,720,860,1180],"class_list":{"0":"post-33434","1":"product","2":"type-product","3":"status-publish","4":"has-post-thumbnail","6":"product_cat-novetats","7":"product_cat-reciclat","8":"product_cat-tumbones-exterior","9":"product_tag-apilable-ca","10":"product_tag-balliu-ca","11":"product_tag-exterior-ca","12":"product_tag-tumbona-ca","13":"product_tag-noa","14":"product_tag-outdoor-ca","15":"product_tag-regulable-ca","16":"product_tag-sostenible","17":"description-off","19":"first","20":"instock","21":"featured","22":"shipping-taxable","23":"product-type-simple"},"acf":[],"yoast_head":"<!-- This site is optimized with the Yoast SEO plugin v27.5 - https:\/\/yoast.com\/product\/yoast-seo-wordpress\/ -->\n<title>Gandula Noa, Balliu<\/title>\n<meta name=\"description\" content=\"Gandula Noa: comoditat, eleg\u00e0ncia, seguretat, sostenibilitat, durabilitat, vers\u00e0tilitat... tot en un. Noa ha vingut per revolucionar el concepte de confort.\" \/>\n<meta name=\"robots\" content=\"index, follow, max-snippet:-1, max-image-preview:large, max-video-preview:-1\" \/>\n<link rel=\"canonical\" href=\"https:\/\/www.navarroaubanell.com\/ca\/producte\/gandula-noa-navarro-aubanell\/\" \/>\n<meta property=\"og:locale\" content=\"ca_ES\" \/>\n<meta property=\"og:type\" content=\"article\" \/>\n<meta property=\"og:title\" content=\"Gandula Noa, Balliu\" \/>\n<meta property=\"og:description\" content=\"Gandula Noa: comoditat, eleg\u00e0ncia, seguretat, sostenibilitat, durabilitat, vers\u00e0tilitat... tot en un. Noa ha vingut per revolucionar el concepte de confort.\" \/>\n<meta property=\"og:url\" content=\"https:\/\/www.navarroaubanell.com\/ca\/producte\/gandula-noa-navarro-aubanell\/\" \/>\n<meta property=\"og:site_name\" content=\"Navarro Aubanell\" \/>\n<meta property=\"article:modified_time\" content=\"2024-10-29T16:31:22+00:00\" \/>\n<meta property=\"og:image\" content=\"https:\/\/www.navarroaubanell.com\/wp-content\/uploads\/2024\/06\/tumbonas-noa-con-mesita-1.jpeg\" \/>\n\t<meta property=\"og:image:width\" content=\"800\" \/>\n\t<meta property=\"og:image:height\" content=\"650\" \/>\n\t<meta property=\"og:image:type\" content=\"image\/jpeg\" \/>\n<meta name=\"twitter:label1\" content=\"Est. reading time\" \/>\n\t<meta name=\"twitter:data1\" content=\"2 minutes\" \/>\n<script type=\"application\/ld+json\" class=\"yoast-schema-graph\">{\"@context\":\"https:\\\/\\\/schema.org\",\"@graph\":[{\"@type\":\"WebPage\",\"@id\":\"https:\\\/\\\/www.navarroaubanell.com\\\/ca\\\/producte\\\/gandula-noa-navarro-aubanell\\\/\",\"url\":\"https:\\\/\\\/www.navarroaubanell.com\\\/ca\\\/producte\\\/gandula-noa-navarro-aubanell\\\/\",\"name\":\"Gandula Noa, Balliu\",\"isPartOf\":{\"@id\":\"https:\\\/\\\/www.navarroaubanell.com\\\/ca\\\/#website\"},\"primaryImageOfPage\":{\"@id\":\"https:\\\/\\\/www.navarroaubanell.com\\\/ca\\\/producte\\\/gandula-noa-navarro-aubanell\\\/#primaryimage\"},\"image\":{\"@id\":\"https:\\\/\\\/www.navarroaubanell.com\\\/ca\\\/producte\\\/gandula-noa-navarro-aubanell\\\/#primaryimage\"},\"thumbnailUrl\":\"https:\\\/\\\/www.navarroaubanell.com\\\/wp-content\\\/uploads\\\/2024\\\/06\\\/tumbonas-noa-con-mesita-1.jpeg\",\"datePublished\":\"2024-06-20T10:59:02+00:00\",\"dateModified\":\"2024-10-29T16:31:22+00:00\",\"description\":\"Gandula Noa: comoditat, eleg\u00e0ncia, seguretat, sostenibilitat, durabilitat, vers\u00e0tilitat... tot en un. Noa ha vingut per revolucionar el concepte de confort.\",\"breadcrumb\":{\"@id\":\"https:\\\/\\\/www.navarroaubanell.com\\\/ca\\\/producte\\\/gandula-noa-navarro-aubanell\\\/#breadcrumb\"},\"inLanguage\":\"ca\",\"potentialAction\":[{\"@type\":\"ReadAction\",\"target\":[\"https:\\\/\\\/www.navarroaubanell.com\\\/ca\\\/producte\\\/gandula-noa-navarro-aubanell\\\/\"]}]},{\"@type\":\"ImageObject\",\"inLanguage\":\"ca\",\"@id\":\"https:\\\/\\\/www.navarroaubanell.com\\\/ca\\\/producte\\\/gandula-noa-navarro-aubanell\\\/#primaryimage\",\"url\":\"https:\\\/\\\/www.navarroaubanell.com\\\/wp-content\\\/uploads\\\/2024\\\/06\\\/tumbonas-noa-con-mesita-1.jpeg\",\"contentUrl\":\"https:\\\/\\\/www.navarroaubanell.com\\\/wp-content\\\/uploads\\\/2024\\\/06\\\/tumbonas-noa-con-mesita-1.jpeg\",\"width\":800,\"height\":650,\"caption\":\"tumbonas noa con mesita\"},{\"@type\":\"BreadcrumbList\",\"@id\":\"https:\\\/\\\/www.navarroaubanell.com\\\/ca\\\/producte\\\/gandula-noa-navarro-aubanell\\\/#breadcrumb\",\"itemListElement\":[{\"@type\":\"ListItem\",\"position\":1,\"name\":\"Portada\",\"item\":\"https:\\\/\\\/www.navarroaubanell.com\\\/ca\\\/\"},{\"@type\":\"ListItem\",\"position\":2,\"name\":\"Productes\",\"item\":\"https:\\\/\\\/www.navarroaubanell.com\\\/productos\\\/\"},{\"@type\":\"ListItem\",\"position\":3,\"name\":\"Noa, la nova gandula\"}]},{\"@type\":\"WebSite\",\"@id\":\"https:\\\/\\\/www.navarroaubanell.com\\\/ca\\\/#website\",\"url\":\"https:\\\/\\\/www.navarroaubanell.com\\\/ca\\\/\",\"name\":\"Navarro Aubanell\",\"description\":\"Mobiliario para hoteler\u00eda, colectividades y oficinas\",\"publisher\":{\"@id\":\"https:\\\/\\\/www.navarroaubanell.com\\\/ca\\\/#organization\"},\"potentialAction\":[{\"@type\":\"SearchAction\",\"target\":{\"@type\":\"EntryPoint\",\"urlTemplate\":\"https:\\\/\\\/www.navarroaubanell.com\\\/ca\\\/?s={search_term_string}\"},\"query-input\":{\"@type\":\"PropertyValueSpecification\",\"valueRequired\":true,\"valueName\":\"search_term_string\"}}],\"inLanguage\":\"ca\"},{\"@type\":\"Organization\",\"@id\":\"https:\\\/\\\/www.navarroaubanell.com\\\/ca\\\/#organization\",\"name\":\"COMERCIAL NAVARRO AUBANELL, S.A\",\"url\":\"https:\\\/\\\/www.navarroaubanell.com\\\/ca\\\/\",\"logo\":{\"@type\":\"ImageObject\",\"inLanguage\":\"ca\",\"@id\":\"https:\\\/\\\/www.navarroaubanell.com\\\/ca\\\/#\\\/schema\\\/logo\\\/image\\\/\",\"url\":\"https:\\\/\\\/www.navarroaubanell.com\\\/wp-content\\\/uploads\\\/2017\\\/07\\\/logo-navarro-aubuanell.png\",\"contentUrl\":\"https:\\\/\\\/www.navarroaubanell.com\\\/wp-content\\\/uploads\\\/2017\\\/07\\\/logo-navarro-aubuanell.png\",\"width\":6304,\"height\":1154,\"caption\":\"COMERCIAL NAVARRO AUBANELL, S.A\"},\"image\":{\"@id\":\"https:\\\/\\\/www.navarroaubanell.com\\\/ca\\\/#\\\/schema\\\/logo\\\/image\\\/\"}}]}<\/script>\n<!-- \/ Yoast SEO plugin. -->","yoast_head_json":{"title":"Gandula Noa, Balliu","description":"Gandula Noa: comoditat, eleg\u00e0ncia, seguretat, sostenibilitat, durabilitat, vers\u00e0tilitat... tot en un. Noa ha vingut per revolucionar el concepte de confort.","robots":{"index":"index","follow":"follow","max-snippet":"max-snippet:-1","max-image-preview":"max-image-preview:large","max-video-preview":"max-video-preview:-1"},"canonical":"https:\/\/www.navarroaubanell.com\/ca\/producte\/gandula-noa-navarro-aubanell\/","og_locale":"ca_ES","og_type":"article","og_title":"Gandula Noa, Balliu","og_description":"Gandula Noa: comoditat, eleg\u00e0ncia, seguretat, sostenibilitat, durabilitat, vers\u00e0tilitat... tot en un. Noa ha vingut per revolucionar el concepte de confort.","og_url":"https:\/\/www.navarroaubanell.com\/ca\/producte\/gandula-noa-navarro-aubanell\/","og_site_name":"Navarro Aubanell","article_modified_time":"2024-10-29T16:31:22+00:00","og_image":[{"width":800,"height":650,"url":"https:\/\/www.navarroaubanell.com\/wp-content\/uploads\/2024\/06\/tumbonas-noa-con-mesita-1.jpeg","type":"image\/jpeg"}],"twitter_misc":{"Est. reading time":"2 minutes"},"schema":{"@context":"https:\/\/schema.org","@graph":[{"@type":"WebPage","@id":"https:\/\/www.navarroaubanell.com\/ca\/producte\/gandula-noa-navarro-aubanell\/","url":"https:\/\/www.navarroaubanell.com\/ca\/producte\/gandula-noa-navarro-aubanell\/","name":"Gandula Noa, Balliu","isPartOf":{"@id":"https:\/\/www.navarroaubanell.com\/ca\/#website"},"primaryImageOfPage":{"@id":"https:\/\/www.navarroaubanell.com\/ca\/producte\/gandula-noa-navarro-aubanell\/#primaryimage"},"image":{"@id":"https:\/\/www.navarroaubanell.com\/ca\/producte\/gandula-noa-navarro-aubanell\/#primaryimage"},"thumbnailUrl":"https:\/\/www.navarroaubanell.com\/wp-content\/uploads\/2024\/06\/tumbonas-noa-con-mesita-1.jpeg","datePublished":"2024-06-20T10:59:02+00:00","dateModified":"2024-10-29T16:31:22+00:00","description":"Gandula Noa: comoditat, eleg\u00e0ncia, seguretat, sostenibilitat, durabilitat, vers\u00e0tilitat... tot en un. Noa ha vingut per revolucionar el concepte de confort.","breadcrumb":{"@id":"https:\/\/www.navarroaubanell.com\/ca\/producte\/gandula-noa-navarro-aubanell\/#breadcrumb"},"inLanguage":"ca","potentialAction":[{"@type":"ReadAction","target":["https:\/\/www.navarroaubanell.com\/ca\/producte\/gandula-noa-navarro-aubanell\/"]}]},{"@type":"ImageObject","inLanguage":"ca","@id":"https:\/\/www.navarroaubanell.com\/ca\/producte\/gandula-noa-navarro-aubanell\/#primaryimage","url":"https:\/\/www.navarroaubanell.com\/wp-content\/uploads\/2024\/06\/tumbonas-noa-con-mesita-1.jpeg","contentUrl":"https:\/\/www.navarroaubanell.com\/wp-content\/uploads\/2024\/06\/tumbonas-noa-con-mesita-1.jpeg","width":800,"height":650,"caption":"tumbonas noa con mesita"},{"@type":"BreadcrumbList","@id":"https:\/\/www.navarroaubanell.com\/ca\/producte\/gandula-noa-navarro-aubanell\/#breadcrumb","itemListElement":[{"@type":"ListItem","position":1,"name":"Portada","item":"https:\/\/www.navarroaubanell.com\/ca\/"},{"@type":"ListItem","position":2,"name":"Productes","item":"https:\/\/www.navarroaubanell.com\/productos\/"},{"@type":"ListItem","position":3,"name":"Noa, la nova gandula"}]},{"@type":"WebSite","@id":"https:\/\/www.navarroaubanell.com\/ca\/#website","url":"https:\/\/www.navarroaubanell.com\/ca\/","name":"Navarro Aubanell","description":"Mobiliario para hoteler\u00eda, colectividades y oficinas","publisher":{"@id":"https:\/\/www.navarroaubanell.com\/ca\/#organization"},"potentialAction":[{"@type":"SearchAction","target":{"@type":"EntryPoint","urlTemplate":"https:\/\/www.navarroaubanell.com\/ca\/?s={search_term_string}"},"query-input":{"@type":"PropertyValueSpecification","valueRequired":true,"valueName":"search_term_string"}}],"inLanguage":"ca"},{"@type":"Organization","@id":"https:\/\/www.navarroaubanell.com\/ca\/#organization","name":"COMERCIAL NAVARRO AUBANELL, S.A","url":"https:\/\/www.navarroaubanell.com\/ca\/","logo":{"@type":"ImageObject","inLanguage":"ca","@id":"https:\/\/www.navarroaubanell.com\/ca\/#\/schema\/logo\/image\/","url":"https:\/\/www.navarroaubanell.com\/wp-content\/uploads\/2017\/07\/logo-navarro-aubuanell.png","contentUrl":"https:\/\/www.navarroaubanell.com\/wp-content\/uploads\/2017\/07\/logo-navarro-aubuanell.png","width":6304,"height":1154,"caption":"COMERCIAL NAVARRO AUBANELL, S.A"},"image":{"@id":"https:\/\/www.navarroaubanell.com\/ca\/#\/schema\/logo\/image\/"}}]}},"_links":{"self":[{"href":"https:\/\/www.navarroaubanell.com\/ca\/wp-json\/wp\/v2\/product\/33434","targetHints":{"allow":["GET"]}}],"collection":[{"href":"https:\/\/www.navarroaubanell.com\/ca\/wp-json\/wp\/v2\/product"}],"about":[{"href":"https:\/\/www.navarroaubanell.com\/ca\/wp-json\/wp\/v2\/types\/product"}],"wp:featuredmedia":[{"embeddable":true,"href":"https:\/\/www.navarroaubanell.com\/ca\/wp-json\/wp\/v2\/media\/34351"}],"wp:attachment":[{"href":"https:\/\/www.navarroaubanell.com\/ca\/wp-json\/wp\/v2\/media?parent=33434"}],"wp:term":[{"taxonomy":"product_brand","embeddable":true,"href":"https:\/\/www.navarroaubanell.com\/ca\/wp-json\/wp\/v2\/product_brand?post=33434"},{"taxonomy":"product_cat","embeddable":true,"href":"https:\/\/www.navarroaubanell.com\/ca\/wp-json\/wp\/v2\/product_cat?post=33434"},{"taxonomy":"product_tag","embeddable":true,"href":"https:\/\/www.navarroaubanell.com\/ca\/wp-json\/wp\/v2\/product_tag?post=33434"}],"curies":[{"name":"wp","href":"https:\/\/api.w.org\/{rel}","templated":true}]}}