{"id":33427,"date":"2024-06-21T10:50:06","date_gmt":"2024-06-28T07:23:58","guid":{"rendered":"https:\/\/www.navarroaubanell.com\/?post_type=product&#038;p=33427"},"modified":"2024-10-01T10:57:07","modified_gmt":"2024-10-01T08:57:07","slug":"cadira-de-bracos-duna-balliu-navarroaubanell","status":"publish","type":"product","link":"https:\/\/www.navarroaubanell.com\/ca\/producte\/cadira-de-bracos-duna-balliu-navarroaubanell\/","title":{"rendered":"Cadira de bra\u00e7os Duna"},"content":{"rendered":"<div class=\"flex flex-grow flex-col max-w-full\">\n<div class=\"min-h-[20px] text-message flex flex-col items-start whitespace-pre-wrap break-words [.text-message+&amp;]:mt-5 juice:w-full juice:items-end overflow-x-auto gap-2\" dir=\"auto\" data-message-author-role=\"assistant\" data-message-id=\"6dd407b8-4d88-4260-a43a-863e68412ca1\">\n<div class=\"flex w-full flex-col gap-1 juice:empty:hidden juice:first:pt-[3px]\">\n<div class=\"markdown prose w-full break-words dark:prose-invert light\">\n<p>La <strong>cadira de bra\u00e7os Duna<\/strong> \u00e9s una elecci\u00f3 excepcional per als qui busquen combinar estil i funcionalitat. Est\u00e0 fabricada amb <strong>resina de polipropil\u00e8<\/strong>, a m\u00e9s, \u00e9s <strong>apilable<\/strong> i molt lleugera, per la qual cosa \u00e9s f\u00e0cil de transportar i emmagatzemar.<\/p>\n<p>Duna est\u00e0 dissenyada per a resistir les condicions clim\u00e0tiques m\u00e9s exigents, sent altament resistent als diferents ambients. Aix\u00f2 assegura que mantindr\u00e0 la seva integritat i aparen\u00e7a tant a l&#8217;interior com en l&#8217;exterior.<\/p>\n<p>A m\u00e9s de la seva durabilitat, la<strong> cadira de bra\u00e7os Duna<\/strong> \u00e9s una opci\u00f3 ecol\u00f2gica i sostenible. Est\u00e0 fabricat amb materials <strong>100% reciclables<\/strong>, contribuint a cura del medi ambient i reduint l&#8217;impacte ecol\u00f2gic. Optar per la butaca Duna \u00e9s una elecci\u00f3 responsable que dona suport a la sostenibilitat.<\/p>\n<p>El seu disseny atemporal i la<strong> varietat de colors<\/strong> disponibles permeten combinacions personalitzables, adequant-se a gustos diversos i a diferents conceptes decoratius.<\/p>\n<\/div>\n<\/div>\n<\/div>\n<\/div>\n","protected":false},"excerpt":{"rendered":"<p>La cadira de bra\u00e7os Duna \u00e9s una elecci\u00f3 excepcional per als qui busquen combinar estil i funcionalitat. Est\u00e0 fabricada amb resina de polipropil\u00e8, a m\u00e9s, \u00e9s apilable i molt lleugera, per la qual cosa \u00e9s f\u00e0cil de transportar i emmagatzemar. Duna est\u00e0 dissenyada per a resistir les condicions clim\u00e0tiques m\u00e9s exigents, sent altament resistent als&hellip;<\/p>\n","protected":false},"featured_media":32877,"template":"","meta":{"_acf_changed":false},"product_brand":[],"product_cat":[573],"product_tag":[587,593,640,1180],"class_list":{"0":"post-33427","1":"product","2":"type-product","3":"status-publish","4":"has-post-thumbnail","6":"product_cat-cadires-de-bracos-exterior","7":"product_tag-apilable-ca","8":"product_tag-balliu-ca","9":"product_tag-exterior-ca","10":"product_tag-sostenible","11":"description-off","13":"first","14":"instock","15":"shipping-taxable","16":"product-type-simple"},"acf":[],"yoast_head":"<!-- This site is optimized with the Yoast SEO plugin v27.0 - https:\/\/yoast.com\/product\/yoast-seo-wordpress\/ -->\n<title>Cadira de bra\u00e7os Duna, Balliu- Navarro Aubanell<\/title>\n<meta name=\"description\" content=\"La cadira de bra\u00e7os Duna \u00e9s forta, apilable, resistent, ecol\u00f2gic, estilosa i vers\u00e0til. Una opci\u00f3 ideal i pr\u00e0ctica per a qualsevol entorn.\" \/>\n<meta name=\"robots\" content=\"index, follow, max-snippet:-1, max-image-preview:large, max-video-preview:-1\" \/>\n<link rel=\"canonical\" href=\"https:\/\/www.navarroaubanell.com\/ca\/producte\/cadira-de-bracos-duna-balliu-navarroaubanell\/\" \/>\n<meta property=\"og:locale\" content=\"ca_ES\" \/>\n<meta property=\"og:type\" content=\"article\" \/>\n<meta property=\"og:title\" content=\"Cadira de bra\u00e7os Duna, Balliu- Navarro Aubanell\" \/>\n<meta property=\"og:description\" content=\"La cadira de bra\u00e7os Duna \u00e9s forta, apilable, resistent, ecol\u00f2gic, estilosa i vers\u00e0til. Una opci\u00f3 ideal i pr\u00e0ctica per a qualsevol entorn.\" \/>\n<meta property=\"og:url\" content=\"https:\/\/www.navarroaubanell.com\/ca\/producte\/cadira-de-bracos-duna-balliu-navarroaubanell\/\" \/>\n<meta property=\"og:site_name\" content=\"Navarro Aubanell\" \/>\n<meta property=\"article:modified_time\" content=\"2024-10-01T08:57:07+00:00\" \/>\n<meta property=\"og:image\" content=\"https:\/\/www.navarroaubanell.com\/wp-content\/uploads\/2024\/06\/Sillon-Duna-tortola-e1719559514545.jpeg\" \/>\n\t<meta property=\"og:image:width\" content=\"800\" \/>\n\t<meta property=\"og:image:height\" content=\"650\" \/>\n\t<meta property=\"og:image:type\" content=\"image\/jpeg\" \/>\n<meta name=\"twitter:label1\" content=\"Est. reading time\" \/>\n\t<meta name=\"twitter:data1\" content=\"1 minute\" \/>\n<script type=\"application\/ld+json\" class=\"yoast-schema-graph\">{\"@context\":\"https:\/\/schema.org\",\"@graph\":[{\"@type\":\"WebPage\",\"@id\":\"https:\/\/www.navarroaubanell.com\/ca\/producte\/cadira-de-bracos-duna-balliu-navarroaubanell\/\",\"url\":\"https:\/\/www.navarroaubanell.com\/ca\/producte\/cadira-de-bracos-duna-balliu-navarroaubanell\/\",\"name\":\"Cadira de bra\u00e7os Duna, Balliu- Navarro Aubanell\",\"isPartOf\":{\"@id\":\"https:\/\/www.navarroaubanell.com\/ca\/#website\"},\"primaryImageOfPage\":{\"@id\":\"https:\/\/www.navarroaubanell.com\/ca\/producte\/cadira-de-bracos-duna-balliu-navarroaubanell\/#primaryimage\"},\"image\":{\"@id\":\"https:\/\/www.navarroaubanell.com\/ca\/producte\/cadira-de-bracos-duna-balliu-navarroaubanell\/#primaryimage\"},\"thumbnailUrl\":\"https:\/\/www.navarroaubanell.com\/wp-content\/uploads\/2024\/06\/Sillon-Duna-tortola-e1719559514545.jpeg\",\"datePublished\":\"2024-06-28T07:23:58+00:00\",\"dateModified\":\"2024-10-01T08:57:07+00:00\",\"description\":\"La cadira de bra\u00e7os Duna \u00e9s forta, apilable, resistent, ecol\u00f2gic, estilosa i vers\u00e0til. Una opci\u00f3 ideal i pr\u00e0ctica per a qualsevol entorn.\",\"breadcrumb\":{\"@id\":\"https:\/\/www.navarroaubanell.com\/ca\/producte\/cadira-de-bracos-duna-balliu-navarroaubanell\/#breadcrumb\"},\"inLanguage\":\"ca\",\"potentialAction\":[{\"@type\":\"ReadAction\",\"target\":[\"https:\/\/www.navarroaubanell.com\/ca\/producte\/cadira-de-bracos-duna-balliu-navarroaubanell\/\"]}]},{\"@type\":\"ImageObject\",\"inLanguage\":\"ca\",\"@id\":\"https:\/\/www.navarroaubanell.com\/ca\/producte\/cadira-de-bracos-duna-balliu-navarroaubanell\/#primaryimage\",\"url\":\"https:\/\/www.navarroaubanell.com\/wp-content\/uploads\/2024\/06\/Sillon-Duna-tortola-e1719559514545.jpeg\",\"contentUrl\":\"https:\/\/www.navarroaubanell.com\/wp-content\/uploads\/2024\/06\/Sillon-Duna-tortola-e1719559514545.jpeg\",\"width\":800,\"height\":650,\"caption\":\"Cadira de bra\u00e7os Duna en color t\u00f3rtora\"},{\"@type\":\"BreadcrumbList\",\"@id\":\"https:\/\/www.navarroaubanell.com\/ca\/producte\/cadira-de-bracos-duna-balliu-navarroaubanell\/#breadcrumb\",\"itemListElement\":[{\"@type\":\"ListItem\",\"position\":1,\"name\":\"Portada\",\"item\":\"https:\/\/www.navarroaubanell.com\/ca\/\"},{\"@type\":\"ListItem\",\"position\":2,\"name\":\"Productes\",\"item\":\"https:\/\/www.navarroaubanell.com\/productos\/\"},{\"@type\":\"ListItem\",\"position\":3,\"name\":\"Cadira de bra\u00e7os Duna\"}]},{\"@type\":\"WebSite\",\"@id\":\"https:\/\/www.navarroaubanell.com\/ca\/#website\",\"url\":\"https:\/\/www.navarroaubanell.com\/ca\/\",\"name\":\"Navarro Aubanell\",\"description\":\"Mobiliario para hoteler\u00eda, colectividades y oficinas\",\"publisher\":{\"@id\":\"https:\/\/www.navarroaubanell.com\/ca\/#organization\"},\"potentialAction\":[{\"@type\":\"SearchAction\",\"target\":{\"@type\":\"EntryPoint\",\"urlTemplate\":\"https:\/\/www.navarroaubanell.com\/ca\/?s={search_term_string}\"},\"query-input\":{\"@type\":\"PropertyValueSpecification\",\"valueRequired\":true,\"valueName\":\"search_term_string\"}}],\"inLanguage\":\"ca\"},{\"@type\":\"Organization\",\"@id\":\"https:\/\/www.navarroaubanell.com\/ca\/#organization\",\"name\":\"COMERCIAL NAVARRO AUBANELL, S.A\",\"url\":\"https:\/\/www.navarroaubanell.com\/ca\/\",\"logo\":{\"@type\":\"ImageObject\",\"inLanguage\":\"ca\",\"@id\":\"https:\/\/www.navarroaubanell.com\/ca\/#\/schema\/logo\/image\/\",\"url\":\"https:\/\/www.navarroaubanell.com\/wp-content\/uploads\/2017\/07\/logo-navarro-aubuanell.png\",\"contentUrl\":\"https:\/\/www.navarroaubanell.com\/wp-content\/uploads\/2017\/07\/logo-navarro-aubuanell.png\",\"width\":6304,\"height\":1154,\"caption\":\"COMERCIAL NAVARRO AUBANELL, S.A\"},\"image\":{\"@id\":\"https:\/\/www.navarroaubanell.com\/ca\/#\/schema\/logo\/image\/\"}}]}<\/script>\n<!-- \/ Yoast SEO plugin. -->","yoast_head_json":{"title":"Cadira de bra\u00e7os Duna, Balliu- Navarro Aubanell","description":"La cadira de bra\u00e7os Duna \u00e9s forta, apilable, resistent, ecol\u00f2gic, estilosa i vers\u00e0til. Una opci\u00f3 ideal i pr\u00e0ctica per a qualsevol entorn.","robots":{"index":"index","follow":"follow","max-snippet":"max-snippet:-1","max-image-preview":"max-image-preview:large","max-video-preview":"max-video-preview:-1"},"canonical":"https:\/\/www.navarroaubanell.com\/ca\/producte\/cadira-de-bracos-duna-balliu-navarroaubanell\/","og_locale":"ca_ES","og_type":"article","og_title":"Cadira de bra\u00e7os Duna, Balliu- Navarro Aubanell","og_description":"La cadira de bra\u00e7os Duna \u00e9s forta, apilable, resistent, ecol\u00f2gic, estilosa i vers\u00e0til. Una opci\u00f3 ideal i pr\u00e0ctica per a qualsevol entorn.","og_url":"https:\/\/www.navarroaubanell.com\/ca\/producte\/cadira-de-bracos-duna-balliu-navarroaubanell\/","og_site_name":"Navarro Aubanell","article_modified_time":"2024-10-01T08:57:07+00:00","og_image":[{"width":800,"height":650,"url":"https:\/\/www.navarroaubanell.com\/wp-content\/uploads\/2024\/06\/Sillon-Duna-tortola-e1719559514545.jpeg","type":"image\/jpeg"}],"twitter_misc":{"Est. reading time":"1 minute"},"schema":{"@context":"https:\/\/schema.org","@graph":[{"@type":"WebPage","@id":"https:\/\/www.navarroaubanell.com\/ca\/producte\/cadira-de-bracos-duna-balliu-navarroaubanell\/","url":"https:\/\/www.navarroaubanell.com\/ca\/producte\/cadira-de-bracos-duna-balliu-navarroaubanell\/","name":"Cadira de bra\u00e7os Duna, Balliu- Navarro Aubanell","isPartOf":{"@id":"https:\/\/www.navarroaubanell.com\/ca\/#website"},"primaryImageOfPage":{"@id":"https:\/\/www.navarroaubanell.com\/ca\/producte\/cadira-de-bracos-duna-balliu-navarroaubanell\/#primaryimage"},"image":{"@id":"https:\/\/www.navarroaubanell.com\/ca\/producte\/cadira-de-bracos-duna-balliu-navarroaubanell\/#primaryimage"},"thumbnailUrl":"https:\/\/www.navarroaubanell.com\/wp-content\/uploads\/2024\/06\/Sillon-Duna-tortola-e1719559514545.jpeg","datePublished":"2024-06-28T07:23:58+00:00","dateModified":"2024-10-01T08:57:07+00:00","description":"La cadira de bra\u00e7os Duna \u00e9s forta, apilable, resistent, ecol\u00f2gic, estilosa i vers\u00e0til. Una opci\u00f3 ideal i pr\u00e0ctica per a qualsevol entorn.","breadcrumb":{"@id":"https:\/\/www.navarroaubanell.com\/ca\/producte\/cadira-de-bracos-duna-balliu-navarroaubanell\/#breadcrumb"},"inLanguage":"ca","potentialAction":[{"@type":"ReadAction","target":["https:\/\/www.navarroaubanell.com\/ca\/producte\/cadira-de-bracos-duna-balliu-navarroaubanell\/"]}]},{"@type":"ImageObject","inLanguage":"ca","@id":"https:\/\/www.navarroaubanell.com\/ca\/producte\/cadira-de-bracos-duna-balliu-navarroaubanell\/#primaryimage","url":"https:\/\/www.navarroaubanell.com\/wp-content\/uploads\/2024\/06\/Sillon-Duna-tortola-e1719559514545.jpeg","contentUrl":"https:\/\/www.navarroaubanell.com\/wp-content\/uploads\/2024\/06\/Sillon-Duna-tortola-e1719559514545.jpeg","width":800,"height":650,"caption":"Cadira de bra\u00e7os Duna en color t\u00f3rtora"},{"@type":"BreadcrumbList","@id":"https:\/\/www.navarroaubanell.com\/ca\/producte\/cadira-de-bracos-duna-balliu-navarroaubanell\/#breadcrumb","itemListElement":[{"@type":"ListItem","position":1,"name":"Portada","item":"https:\/\/www.navarroaubanell.com\/ca\/"},{"@type":"ListItem","position":2,"name":"Productes","item":"https:\/\/www.navarroaubanell.com\/productos\/"},{"@type":"ListItem","position":3,"name":"Cadira de bra\u00e7os Duna"}]},{"@type":"WebSite","@id":"https:\/\/www.navarroaubanell.com\/ca\/#website","url":"https:\/\/www.navarroaubanell.com\/ca\/","name":"Navarro Aubanell","description":"Mobiliario para hoteler\u00eda, colectividades y oficinas","publisher":{"@id":"https:\/\/www.navarroaubanell.com\/ca\/#organization"},"potentialAction":[{"@type":"SearchAction","target":{"@type":"EntryPoint","urlTemplate":"https:\/\/www.navarroaubanell.com\/ca\/?s={search_term_string}"},"query-input":{"@type":"PropertyValueSpecification","valueRequired":true,"valueName":"search_term_string"}}],"inLanguage":"ca"},{"@type":"Organization","@id":"https:\/\/www.navarroaubanell.com\/ca\/#organization","name":"COMERCIAL NAVARRO AUBANELL, S.A","url":"https:\/\/www.navarroaubanell.com\/ca\/","logo":{"@type":"ImageObject","inLanguage":"ca","@id":"https:\/\/www.navarroaubanell.com\/ca\/#\/schema\/logo\/image\/","url":"https:\/\/www.navarroaubanell.com\/wp-content\/uploads\/2017\/07\/logo-navarro-aubuanell.png","contentUrl":"https:\/\/www.navarroaubanell.com\/wp-content\/uploads\/2017\/07\/logo-navarro-aubuanell.png","width":6304,"height":1154,"caption":"COMERCIAL NAVARRO AUBANELL, S.A"},"image":{"@id":"https:\/\/www.navarroaubanell.com\/ca\/#\/schema\/logo\/image\/"}}]}},"_links":{"self":[{"href":"https:\/\/www.navarroaubanell.com\/ca\/wp-json\/wp\/v2\/product\/33427","targetHints":{"allow":["GET"]}}],"collection":[{"href":"https:\/\/www.navarroaubanell.com\/ca\/wp-json\/wp\/v2\/product"}],"about":[{"href":"https:\/\/www.navarroaubanell.com\/ca\/wp-json\/wp\/v2\/types\/product"}],"wp:featuredmedia":[{"embeddable":true,"href":"https:\/\/www.navarroaubanell.com\/ca\/wp-json\/wp\/v2\/media\/32877"}],"wp:attachment":[{"href":"https:\/\/www.navarroaubanell.com\/ca\/wp-json\/wp\/v2\/media?parent=33427"}],"wp:term":[{"taxonomy":"product_brand","embeddable":true,"href":"https:\/\/www.navarroaubanell.com\/ca\/wp-json\/wp\/v2\/product_brand?post=33427"},{"taxonomy":"product_cat","embeddable":true,"href":"https:\/\/www.navarroaubanell.com\/ca\/wp-json\/wp\/v2\/product_cat?post=33427"},{"taxonomy":"product_tag","embeddable":true,"href":"https:\/\/www.navarroaubanell.com\/ca\/wp-json\/wp\/v2\/product_tag?post=33427"}],"curies":[{"name":"wp","href":"https:\/\/api.w.org\/{rel}","templated":true}]}}