{"id":33425,"date":"2024-06-25T12:34:28","date_gmt":"2024-06-28T07:09:15","guid":{"rendered":"https:\/\/www.navarroaubanell.com\/?post_type=product&#038;p=33425"},"modified":"2024-10-01T10:53:23","modified_gmt":"2024-10-01T08:53:23","slug":"taula-auxiliar-noa-balliu-navarroaubanell","status":"publish","type":"product","link":"https:\/\/www.navarroaubanell.com\/ca\/producte\/taula-auxiliar-noa-balliu-navarroaubanell\/","title":{"rendered":"Taula auxiliar Noa"},"content":{"rendered":"<div class=\"flex flex-grow flex-col max-w-full\">\n<div class=\"min-h-[20px] text-message flex flex-col items-start whitespace-pre-wrap break-words [.text-message+&amp;]:mt-5 juice:w-full juice:items-end overflow-x-auto gap-2\" dir=\"auto\" data-message-author-role=\"assistant\" data-message-id=\"526f7cd6-c364-4688-bd48-dcdf7c6aa061\">\n<div class=\"flex w-full flex-col gap-1 juice:empty:hidden juice:first:pt-[3px]\">\n<div class=\"markdown prose w-full break-words dark:prose-invert light\">\n<p>Descobreix l\u2019\u00faltima innovaci\u00f3 en mobiliari exterior amb la<strong>\u00a0taula auxiliar\u00a0Noa<\/strong>!\u00a0Perfecta per a tota mena d\u2019ambients i climes, aquesta taula combina eleg\u00e0ncia i est\u00e8tica en un disseny sofisticat que complementa perfectament la nova<a href=\"https:\/\/www.navarroaubanell.com\/ca\/producte\/gandula-noa-navarroaubanell\/\">\u00a0gandula\u00a0Noa<\/a>.<\/p>\n<p>Est\u00e0 fabricada amb una estructura d\u2019<strong>alumini endurit<\/strong> i caragols<strong> d\u2019acer inoxidable<\/strong>, la qual cosa garanteix una resist\u00e8ncia excepcional a les condicions exteriors, incloent-hi climes humits i ambients marins. El seu taul\u00f3\u00a0HPL\u00a0de resina compacta est\u00e0 disponible en una gamma de colors est\u00e0ndard i en els nous acabats\u00a0<em>HPL\u00a0GD\u00a0(Prado,\u00a0Moonlight,\u00a0Skyline)<\/em>, que aporten un gran refinament i eleg\u00e0ncia a qualsevol espai.<\/p>\n<p>Ideal per a jardins, terrasses i \u00e0rees de piscina, la\u00a0<strong>taula auxiliar\u00a0No<\/strong>a\u00a0no sols \u00e9s funcional, sin\u00f3 tamb\u00e9 un veritable toc de distinci\u00f3. Transforma el teu espai exterior amb\u00a0Noa, on la durabilitat i l\u2019estil es troben per a oferir-te el millor en mobiliari d\u2019exterior.<\/p>\n<p>No dubti a configurar la seva taula per a trobar la que m\u00e9s desitja!: <a href=\"https:\/\/viewer.ienhance.co\/v\/app\/6d444e3e-07bd-4e6f-b0b8-680441eae728\">https:\/\/viewer.ienhance.co\/v\/app\/6d444e3e-07bd-4e6f-b0b8-680441eae728<\/a><\/p>\n<\/div>\n<\/div>\n<\/div>\n<\/div>\n<div class=\"mt-1 flex gap-3 empty:hidden juice:-ml-3\">\n<div class=\"items-center justify-start rounded-xl p-1 flex\">\n<div class=\"flex items-center\"><\/div>\n<\/div>\n<\/div>\n","protected":false},"excerpt":{"rendered":"<p>Descobreix l\u2019\u00faltima innovaci\u00f3 en mobiliari exterior amb la\u00a0taula auxiliar\u00a0Noa!\u00a0Perfecta per a tota mena d\u2019ambients i climes, aquesta taula combina eleg\u00e0ncia i est\u00e8tica en un disseny sofisticat que complementa perfectament la nova\u00a0gandula\u00a0Noa. Est\u00e0 fabricada amb una estructura d\u2019alumini endurit i caragols d\u2019acer inoxidable, la qual cosa garanteix una resist\u00e8ncia excepcional a les condicions exteriors, incloent-hi climes&hellip;<\/p>\n","protected":false},"featured_media":33090,"template":"","meta":{"_acf_changed":false},"product_brand":[],"product_cat":[1229,566],"product_tag":[593,640,1179],"class_list":{"0":"post-33425","1":"product","2":"type-product","3":"status-publish","4":"has-post-thumbnail","6":"product_cat-novetats","7":"product_cat-taules-auxiliars-exterior","8":"product_tag-balliu-ca","9":"product_tag-exterior-ca","10":"product_tag-noa","11":"description-off","13":"first","14":"instock","15":"shipping-taxable","16":"product-type-simple"},"acf":[],"yoast_head":"<!-- This site is optimized with the Yoast SEO plugin v27.0 - https:\/\/yoast.com\/product\/yoast-seo-wordpress\/ -->\n<title>Taula auxiliar Noa, Balliu- Navarro Aubanell<\/title>\n<meta name=\"description\" content=\"Taula auxiliar Noa: elegant i resistent, ideal per a exteriors amb estil i funcionalitat excepcionals. Complement ideal per a la gandula Noa.\" \/>\n<meta name=\"robots\" content=\"index, follow, max-snippet:-1, max-image-preview:large, max-video-preview:-1\" \/>\n<link rel=\"canonical\" href=\"https:\/\/www.navarroaubanell.com\/ca\/producte\/taula-auxiliar-noa-balliu-navarroaubanell\/\" \/>\n<meta property=\"og:locale\" content=\"ca_ES\" \/>\n<meta property=\"og:type\" content=\"article\" \/>\n<meta property=\"og:title\" content=\"Taula auxiliar Noa, Balliu- Navarro Aubanell\" \/>\n<meta property=\"og:description\" content=\"Taula auxiliar Noa: elegant i resistent, ideal per a exteriors amb estil i funcionalitat excepcionals. Complement ideal per a la gandula Noa.\" \/>\n<meta property=\"og:url\" content=\"https:\/\/www.navarroaubanell.com\/ca\/producte\/taula-auxiliar-noa-balliu-navarroaubanell\/\" \/>\n<meta property=\"og:site_name\" content=\"Navarro Aubanell\" \/>\n<meta property=\"article:modified_time\" content=\"2024-10-01T08:53:23+00:00\" \/>\n<meta property=\"og:image\" content=\"https:\/\/www.navarroaubanell.com\/wp-content\/uploads\/2024\/06\/mesa-aux.-Noa-tortola.jpg\" \/>\n\t<meta property=\"og:image:width\" content=\"800\" \/>\n\t<meta property=\"og:image:height\" content=\"650\" \/>\n\t<meta property=\"og:image:type\" content=\"image\/jpeg\" \/>\n<meta name=\"twitter:label1\" content=\"Est. reading time\" \/>\n\t<meta name=\"twitter:data1\" content=\"1 minute\" \/>\n<script type=\"application\/ld+json\" class=\"yoast-schema-graph\">{\"@context\":\"https:\/\/schema.org\",\"@graph\":[{\"@type\":\"WebPage\",\"@id\":\"https:\/\/www.navarroaubanell.com\/ca\/producte\/taula-auxiliar-noa-balliu-navarroaubanell\/\",\"url\":\"https:\/\/www.navarroaubanell.com\/ca\/producte\/taula-auxiliar-noa-balliu-navarroaubanell\/\",\"name\":\"Taula auxiliar Noa, Balliu- Navarro Aubanell\",\"isPartOf\":{\"@id\":\"https:\/\/www.navarroaubanell.com\/ca\/#website\"},\"primaryImageOfPage\":{\"@id\":\"https:\/\/www.navarroaubanell.com\/ca\/producte\/taula-auxiliar-noa-balliu-navarroaubanell\/#primaryimage\"},\"image\":{\"@id\":\"https:\/\/www.navarroaubanell.com\/ca\/producte\/taula-auxiliar-noa-balliu-navarroaubanell\/#primaryimage\"},\"thumbnailUrl\":\"https:\/\/www.navarroaubanell.com\/wp-content\/uploads\/2024\/06\/mesa-aux.-Noa-tortola.jpg\",\"datePublished\":\"2024-06-28T07:09:15+00:00\",\"dateModified\":\"2024-10-01T08:53:23+00:00\",\"description\":\"Taula auxiliar Noa: elegant i resistent, ideal per a exteriors amb estil i funcionalitat excepcionals. Complement ideal per a la gandula Noa.\",\"breadcrumb\":{\"@id\":\"https:\/\/www.navarroaubanell.com\/ca\/producte\/taula-auxiliar-noa-balliu-navarroaubanell\/#breadcrumb\"},\"inLanguage\":\"ca\",\"potentialAction\":[{\"@type\":\"ReadAction\",\"target\":[\"https:\/\/www.navarroaubanell.com\/ca\/producte\/taula-auxiliar-noa-balliu-navarroaubanell\/\"]}]},{\"@type\":\"ImageObject\",\"inLanguage\":\"ca\",\"@id\":\"https:\/\/www.navarroaubanell.com\/ca\/producte\/taula-auxiliar-noa-balliu-navarroaubanell\/#primaryimage\",\"url\":\"https:\/\/www.navarroaubanell.com\/wp-content\/uploads\/2024\/06\/mesa-aux.-Noa-tortola.jpg\",\"contentUrl\":\"https:\/\/www.navarroaubanell.com\/wp-content\/uploads\/2024\/06\/mesa-aux.-Noa-tortola.jpg\",\"width\":800,\"height\":650,\"caption\":\"Taula auxiliar Noa en color t\u00f3rtora\"},{\"@type\":\"BreadcrumbList\",\"@id\":\"https:\/\/www.navarroaubanell.com\/ca\/producte\/taula-auxiliar-noa-balliu-navarroaubanell\/#breadcrumb\",\"itemListElement\":[{\"@type\":\"ListItem\",\"position\":1,\"name\":\"Portada\",\"item\":\"https:\/\/www.navarroaubanell.com\/ca\/\"},{\"@type\":\"ListItem\",\"position\":2,\"name\":\"Productes\",\"item\":\"https:\/\/www.navarroaubanell.com\/productos\/\"},{\"@type\":\"ListItem\",\"position\":3,\"name\":\"Taula auxiliar Noa\"}]},{\"@type\":\"WebSite\",\"@id\":\"https:\/\/www.navarroaubanell.com\/ca\/#website\",\"url\":\"https:\/\/www.navarroaubanell.com\/ca\/\",\"name\":\"Navarro Aubanell\",\"description\":\"Mobiliario para hoteler\u00eda, colectividades y oficinas\",\"publisher\":{\"@id\":\"https:\/\/www.navarroaubanell.com\/ca\/#organization\"},\"potentialAction\":[{\"@type\":\"SearchAction\",\"target\":{\"@type\":\"EntryPoint\",\"urlTemplate\":\"https:\/\/www.navarroaubanell.com\/ca\/?s={search_term_string}\"},\"query-input\":{\"@type\":\"PropertyValueSpecification\",\"valueRequired\":true,\"valueName\":\"search_term_string\"}}],\"inLanguage\":\"ca\"},{\"@type\":\"Organization\",\"@id\":\"https:\/\/www.navarroaubanell.com\/ca\/#organization\",\"name\":\"COMERCIAL NAVARRO AUBANELL, S.A\",\"url\":\"https:\/\/www.navarroaubanell.com\/ca\/\",\"logo\":{\"@type\":\"ImageObject\",\"inLanguage\":\"ca\",\"@id\":\"https:\/\/www.navarroaubanell.com\/ca\/#\/schema\/logo\/image\/\",\"url\":\"https:\/\/www.navarroaubanell.com\/wp-content\/uploads\/2017\/07\/logo-navarro-aubuanell.png\",\"contentUrl\":\"https:\/\/www.navarroaubanell.com\/wp-content\/uploads\/2017\/07\/logo-navarro-aubuanell.png\",\"width\":6304,\"height\":1154,\"caption\":\"COMERCIAL NAVARRO AUBANELL, S.A\"},\"image\":{\"@id\":\"https:\/\/www.navarroaubanell.com\/ca\/#\/schema\/logo\/image\/\"}}]}<\/script>\n<!-- \/ Yoast SEO plugin. -->","yoast_head_json":{"title":"Taula auxiliar Noa, Balliu- Navarro Aubanell","description":"Taula auxiliar Noa: elegant i resistent, ideal per a exteriors amb estil i funcionalitat excepcionals. Complement ideal per a la gandula Noa.","robots":{"index":"index","follow":"follow","max-snippet":"max-snippet:-1","max-image-preview":"max-image-preview:large","max-video-preview":"max-video-preview:-1"},"canonical":"https:\/\/www.navarroaubanell.com\/ca\/producte\/taula-auxiliar-noa-balliu-navarroaubanell\/","og_locale":"ca_ES","og_type":"article","og_title":"Taula auxiliar Noa, Balliu- Navarro Aubanell","og_description":"Taula auxiliar Noa: elegant i resistent, ideal per a exteriors amb estil i funcionalitat excepcionals. Complement ideal per a la gandula Noa.","og_url":"https:\/\/www.navarroaubanell.com\/ca\/producte\/taula-auxiliar-noa-balliu-navarroaubanell\/","og_site_name":"Navarro Aubanell","article_modified_time":"2024-10-01T08:53:23+00:00","og_image":[{"width":800,"height":650,"url":"https:\/\/www.navarroaubanell.com\/wp-content\/uploads\/2024\/06\/mesa-aux.-Noa-tortola.jpg","type":"image\/jpeg"}],"twitter_misc":{"Est. reading time":"1 minute"},"schema":{"@context":"https:\/\/schema.org","@graph":[{"@type":"WebPage","@id":"https:\/\/www.navarroaubanell.com\/ca\/producte\/taula-auxiliar-noa-balliu-navarroaubanell\/","url":"https:\/\/www.navarroaubanell.com\/ca\/producte\/taula-auxiliar-noa-balliu-navarroaubanell\/","name":"Taula auxiliar Noa, Balliu- Navarro Aubanell","isPartOf":{"@id":"https:\/\/www.navarroaubanell.com\/ca\/#website"},"primaryImageOfPage":{"@id":"https:\/\/www.navarroaubanell.com\/ca\/producte\/taula-auxiliar-noa-balliu-navarroaubanell\/#primaryimage"},"image":{"@id":"https:\/\/www.navarroaubanell.com\/ca\/producte\/taula-auxiliar-noa-balliu-navarroaubanell\/#primaryimage"},"thumbnailUrl":"https:\/\/www.navarroaubanell.com\/wp-content\/uploads\/2024\/06\/mesa-aux.-Noa-tortola.jpg","datePublished":"2024-06-28T07:09:15+00:00","dateModified":"2024-10-01T08:53:23+00:00","description":"Taula auxiliar Noa: elegant i resistent, ideal per a exteriors amb estil i funcionalitat excepcionals. Complement ideal per a la gandula Noa.","breadcrumb":{"@id":"https:\/\/www.navarroaubanell.com\/ca\/producte\/taula-auxiliar-noa-balliu-navarroaubanell\/#breadcrumb"},"inLanguage":"ca","potentialAction":[{"@type":"ReadAction","target":["https:\/\/www.navarroaubanell.com\/ca\/producte\/taula-auxiliar-noa-balliu-navarroaubanell\/"]}]},{"@type":"ImageObject","inLanguage":"ca","@id":"https:\/\/www.navarroaubanell.com\/ca\/producte\/taula-auxiliar-noa-balliu-navarroaubanell\/#primaryimage","url":"https:\/\/www.navarroaubanell.com\/wp-content\/uploads\/2024\/06\/mesa-aux.-Noa-tortola.jpg","contentUrl":"https:\/\/www.navarroaubanell.com\/wp-content\/uploads\/2024\/06\/mesa-aux.-Noa-tortola.jpg","width":800,"height":650,"caption":"Taula auxiliar Noa en color t\u00f3rtora"},{"@type":"BreadcrumbList","@id":"https:\/\/www.navarroaubanell.com\/ca\/producte\/taula-auxiliar-noa-balliu-navarroaubanell\/#breadcrumb","itemListElement":[{"@type":"ListItem","position":1,"name":"Portada","item":"https:\/\/www.navarroaubanell.com\/ca\/"},{"@type":"ListItem","position":2,"name":"Productes","item":"https:\/\/www.navarroaubanell.com\/productos\/"},{"@type":"ListItem","position":3,"name":"Taula auxiliar Noa"}]},{"@type":"WebSite","@id":"https:\/\/www.navarroaubanell.com\/ca\/#website","url":"https:\/\/www.navarroaubanell.com\/ca\/","name":"Navarro Aubanell","description":"Mobiliario para hoteler\u00eda, colectividades y oficinas","publisher":{"@id":"https:\/\/www.navarroaubanell.com\/ca\/#organization"},"potentialAction":[{"@type":"SearchAction","target":{"@type":"EntryPoint","urlTemplate":"https:\/\/www.navarroaubanell.com\/ca\/?s={search_term_string}"},"query-input":{"@type":"PropertyValueSpecification","valueRequired":true,"valueName":"search_term_string"}}],"inLanguage":"ca"},{"@type":"Organization","@id":"https:\/\/www.navarroaubanell.com\/ca\/#organization","name":"COMERCIAL NAVARRO AUBANELL, S.A","url":"https:\/\/www.navarroaubanell.com\/ca\/","logo":{"@type":"ImageObject","inLanguage":"ca","@id":"https:\/\/www.navarroaubanell.com\/ca\/#\/schema\/logo\/image\/","url":"https:\/\/www.navarroaubanell.com\/wp-content\/uploads\/2017\/07\/logo-navarro-aubuanell.png","contentUrl":"https:\/\/www.navarroaubanell.com\/wp-content\/uploads\/2017\/07\/logo-navarro-aubuanell.png","width":6304,"height":1154,"caption":"COMERCIAL NAVARRO AUBANELL, S.A"},"image":{"@id":"https:\/\/www.navarroaubanell.com\/ca\/#\/schema\/logo\/image\/"}}]}},"_links":{"self":[{"href":"https:\/\/www.navarroaubanell.com\/ca\/wp-json\/wp\/v2\/product\/33425","targetHints":{"allow":["GET"]}}],"collection":[{"href":"https:\/\/www.navarroaubanell.com\/ca\/wp-json\/wp\/v2\/product"}],"about":[{"href":"https:\/\/www.navarroaubanell.com\/ca\/wp-json\/wp\/v2\/types\/product"}],"wp:featuredmedia":[{"embeddable":true,"href":"https:\/\/www.navarroaubanell.com\/ca\/wp-json\/wp\/v2\/media\/33090"}],"wp:attachment":[{"href":"https:\/\/www.navarroaubanell.com\/ca\/wp-json\/wp\/v2\/media?parent=33425"}],"wp:term":[{"taxonomy":"product_brand","embeddable":true,"href":"https:\/\/www.navarroaubanell.com\/ca\/wp-json\/wp\/v2\/product_brand?post=33425"},{"taxonomy":"product_cat","embeddable":true,"href":"https:\/\/www.navarroaubanell.com\/ca\/wp-json\/wp\/v2\/product_cat?post=33425"},{"taxonomy":"product_tag","embeddable":true,"href":"https:\/\/www.navarroaubanell.com\/ca\/wp-json\/wp\/v2\/product_tag?post=33425"}],"curies":[{"name":"wp","href":"https:\/\/api.w.org\/{rel}","templated":true}]}}