{"id":33424,"date":"2024-06-26T18:02:54","date_gmt":"2024-06-28T06:51:45","guid":{"rendered":"https:\/\/www.navarroaubanell.com\/?post_type=product&#038;p=33424"},"modified":"2025-07-02T09:28:12","modified_gmt":"2025-07-02T07:28:12","slug":"mesa-olimpia-balliu-navarroaubanell","status":"publish","type":"product","link":"https:\/\/www.navarroaubanell.com\/ca\/producte\/mesa-olimpia-balliu-navarroaubanell\/","title":{"rendered":"Taula Olimpia"},"content":{"rendered":"<p>La<strong>\u00a0taula Olimpia<\/strong>\u00a0est\u00e0 meticulosament fabricada amb un <strong>perfil d\u2019alumini endurit<\/strong>, la qual cosa li confereix una robustesa i durabilitat excepcional. Els caragols estan fets <strong>d\u2019acer inoxidable,<\/strong> aportant una gran resist\u00e8ncia a la corrosi\u00f3, fent-la ideal per als entorns marins m\u00e9s exigents.<\/p>\n<p>Els taps, tacs i reguladors, s\u00f3n de <strong>resina de polipropil\u00e8<\/strong> resistent als raigs UV, garantint una major durabilitat fins i tot en l\u2019exposici\u00f3 al sol. La taula est\u00e0 recoberta amb pintura en pols a base de<strong> resines de poli\u00e8ster<\/strong>, proporcionant una excel\u00b7lent resist\u00e8ncia a les condicions exteriors, assegurant que mantingui la seva aparen\u00e7a impecable amb el pas del temps.<\/p>\n<p>El <strong>tauler\u00a0HPL<\/strong>\u00a0est\u00e0 fabricat amb resines de 10 mm de gruix, la qual cosa ofereix una superf\u00edcie resistent i duradora. Aquest disseny no sols garanteix funcionalitat, sin\u00f3 que tamb\u00e9 afegeix un toc de sofisticaci\u00f3 a qualsevol entorn.<\/p>\n<p>La<strong>\u00a0taula Olimpia<\/strong> \u00e9s el complement perfecte per als <a href=\"https:\/\/www.navarroaubanell.com\/ca\/producte\/set-de-sofas-olimpia-balliu-navarroaubanell\/\">sof\u00e0s Olimpia.<\/a> Amb <strong>dues mesures<\/strong> disponibles, taula central i taula lateral, la <strong>taula Olimpia<\/strong>\u00a0ofereix versatilitat i estil, permetent-te ampliar el teu espai en les reunions i gaudir d\u2019una configuraci\u00f3 personalitzada que s\u2019adapta a les teves necessitats.<\/p>\n<ul>\n<li>Configuraci\u00f3 de la <a href=\"https:\/\/viewer.ienhance.co\/v\/app\/5c62f03f-630a-4be7-8355-473f704779e6\">taula central.<\/a><\/li>\n<li>Configuraci\u00f3 de <a href=\"https:\/\/viewer.ienhance.co\/v\/app\/5c62f03f-630a-4be7-8355-473f704779e6\">la taula lateral.<\/a><\/li>\n<\/ul>\n<p><a href=\"https:\/\/balliuexport.com\/wp-content\/uploads\/2020\/02\/Olimpia-mesa-central-comprimido.pdf\">Fitxa t\u00e8cnica.<\/a><\/p>\n","protected":false},"excerpt":{"rendered":"<p>La\u00a0taula Olimpia\u00a0est\u00e0 meticulosament fabricada amb un perfil d\u2019alumini endurit, la qual cosa li confereix una robustesa i durabilitat excepcional. Els caragols estan fets d\u2019acer inoxidable, aportant una gran resist\u00e8ncia a la corrosi\u00f3, fent-la ideal per als entorns marins m\u00e9s exigents. Els taps, tacs i reguladors, s\u00f3n de resina de polipropil\u00e8 resistent als raigs UV, garantint&hellip;<\/p>\n","protected":false},"featured_media":44378,"template":"","meta":{"_acf_changed":false},"product_brand":[],"product_cat":[567],"product_tag":[593,617,640,849,720],"class_list":{"0":"post-33424","1":"product","2":"type-product","3":"status-publish","4":"has-post-thumbnail","6":"product_cat-taules-exterior","7":"product_tag-balliu-ca","8":"product_tag-conjunt","9":"product_tag-exterior-ca","10":"product_tag-olimpia-ca","11":"product_tag-outdoor-ca","12":"description-off","14":"first","15":"instock","16":"shipping-taxable","17":"product-type-simple"},"acf":[],"yoast_head":"<!-- This site is optimized with the Yoast SEO plugin v27.5 - https:\/\/yoast.com\/product\/yoast-seo-wordpress\/ -->\n<title>Taula Olimpia, Balliu- Navarro Aubanell<\/title>\n<meta name=\"description\" content=\"Taula Olimpia: alumini endurit, resina de polipropil\u00e8, tauler HPL. Complement ideal per als sof\u00e0s Olimpia. Dos mesures disponibles\" \/>\n<meta name=\"robots\" content=\"index, follow, max-snippet:-1, max-image-preview:large, max-video-preview:-1\" \/>\n<link rel=\"canonical\" href=\"https:\/\/www.navarroaubanell.com\/ca\/producte\/mesa-olimpia-balliu-navarroaubanell\/\" \/>\n<meta property=\"og:locale\" content=\"ca_ES\" \/>\n<meta property=\"og:type\" content=\"article\" \/>\n<meta property=\"og:title\" content=\"Taula Olimpia, Balliu- Navarro Aubanell\" \/>\n<meta property=\"og:description\" content=\"Taula Olimpia: alumini endurit, resina de polipropil\u00e8, tauler HPL. Complement ideal per als sof\u00e0s Olimpia. Dos mesures disponibles\" \/>\n<meta property=\"og:url\" content=\"https:\/\/www.navarroaubanell.com\/ca\/producte\/mesa-olimpia-balliu-navarroaubanell\/\" \/>\n<meta property=\"og:site_name\" content=\"Navarro Aubanell\" \/>\n<meta property=\"article:modified_time\" content=\"2025-07-02T07:28:12+00:00\" \/>\n<meta property=\"og:image\" content=\"https:\/\/www.navarroaubanell.com\/wp-content\/uploads\/2024\/06\/Mesa-Central-Olimpia-blanco-skyline-Photoroom.png\" \/>\n\t<meta property=\"og:image:width\" content=\"800\" \/>\n\t<meta property=\"og:image:height\" content=\"650\" \/>\n\t<meta property=\"og:image:type\" content=\"image\/png\" \/>\n<meta name=\"twitter:label1\" content=\"Est. reading time\" \/>\n\t<meta name=\"twitter:data1\" content=\"2 minutes\" \/>\n<script type=\"application\/ld+json\" class=\"yoast-schema-graph\">{\"@context\":\"https:\\\/\\\/schema.org\",\"@graph\":[{\"@type\":\"WebPage\",\"@id\":\"https:\\\/\\\/www.navarroaubanell.com\\\/ca\\\/producte\\\/mesa-olimpia-balliu-navarroaubanell\\\/\",\"url\":\"https:\\\/\\\/www.navarroaubanell.com\\\/ca\\\/producte\\\/mesa-olimpia-balliu-navarroaubanell\\\/\",\"name\":\"Taula Olimpia, Balliu- Navarro Aubanell\",\"isPartOf\":{\"@id\":\"https:\\\/\\\/www.navarroaubanell.com\\\/ca\\\/#website\"},\"primaryImageOfPage\":{\"@id\":\"https:\\\/\\\/www.navarroaubanell.com\\\/ca\\\/producte\\\/mesa-olimpia-balliu-navarroaubanell\\\/#primaryimage\"},\"image\":{\"@id\":\"https:\\\/\\\/www.navarroaubanell.com\\\/ca\\\/producte\\\/mesa-olimpia-balliu-navarroaubanell\\\/#primaryimage\"},\"thumbnailUrl\":\"https:\\\/\\\/www.navarroaubanell.com\\\/wp-content\\\/uploads\\\/2024\\\/06\\\/Mesa-Central-Olimpia-blanco-skyline-Photoroom.png\",\"datePublished\":\"2024-06-28T06:51:45+00:00\",\"dateModified\":\"2025-07-02T07:28:12+00:00\",\"description\":\"Taula Olimpia: alumini endurit, resina de polipropil\u00e8, tauler HPL. Complement ideal per als sof\u00e0s Olimpia. Dos mesures disponibles\",\"breadcrumb\":{\"@id\":\"https:\\\/\\\/www.navarroaubanell.com\\\/ca\\\/producte\\\/mesa-olimpia-balliu-navarroaubanell\\\/#breadcrumb\"},\"inLanguage\":\"ca\",\"potentialAction\":[{\"@type\":\"ReadAction\",\"target\":[\"https:\\\/\\\/www.navarroaubanell.com\\\/ca\\\/producte\\\/mesa-olimpia-balliu-navarroaubanell\\\/\"]}]},{\"@type\":\"ImageObject\",\"inLanguage\":\"ca\",\"@id\":\"https:\\\/\\\/www.navarroaubanell.com\\\/ca\\\/producte\\\/mesa-olimpia-balliu-navarroaubanell\\\/#primaryimage\",\"url\":\"https:\\\/\\\/www.navarroaubanell.com\\\/wp-content\\\/uploads\\\/2024\\\/06\\\/Mesa-Central-Olimpia-blanco-skyline-Photoroom.png\",\"contentUrl\":\"https:\\\/\\\/www.navarroaubanell.com\\\/wp-content\\\/uploads\\\/2024\\\/06\\\/Mesa-Central-Olimpia-blanco-skyline-Photoroom.png\",\"width\":800,\"height\":650,\"caption\":\"Mesa-Central-Olimpia-blanco-skyline-\"},{\"@type\":\"BreadcrumbList\",\"@id\":\"https:\\\/\\\/www.navarroaubanell.com\\\/ca\\\/producte\\\/mesa-olimpia-balliu-navarroaubanell\\\/#breadcrumb\",\"itemListElement\":[{\"@type\":\"ListItem\",\"position\":1,\"name\":\"Portada\",\"item\":\"https:\\\/\\\/www.navarroaubanell.com\\\/ca\\\/\"},{\"@type\":\"ListItem\",\"position\":2,\"name\":\"Productes\",\"item\":\"https:\\\/\\\/www.navarroaubanell.com\\\/productos\\\/\"},{\"@type\":\"ListItem\",\"position\":3,\"name\":\"Taula Olimpia\"}]},{\"@type\":\"WebSite\",\"@id\":\"https:\\\/\\\/www.navarroaubanell.com\\\/ca\\\/#website\",\"url\":\"https:\\\/\\\/www.navarroaubanell.com\\\/ca\\\/\",\"name\":\"Navarro Aubanell\",\"description\":\"Mobiliario para hoteler\u00eda, colectividades y oficinas\",\"publisher\":{\"@id\":\"https:\\\/\\\/www.navarroaubanell.com\\\/ca\\\/#organization\"},\"potentialAction\":[{\"@type\":\"SearchAction\",\"target\":{\"@type\":\"EntryPoint\",\"urlTemplate\":\"https:\\\/\\\/www.navarroaubanell.com\\\/ca\\\/?s={search_term_string}\"},\"query-input\":{\"@type\":\"PropertyValueSpecification\",\"valueRequired\":true,\"valueName\":\"search_term_string\"}}],\"inLanguage\":\"ca\"},{\"@type\":\"Organization\",\"@id\":\"https:\\\/\\\/www.navarroaubanell.com\\\/ca\\\/#organization\",\"name\":\"COMERCIAL NAVARRO AUBANELL, S.A\",\"url\":\"https:\\\/\\\/www.navarroaubanell.com\\\/ca\\\/\",\"logo\":{\"@type\":\"ImageObject\",\"inLanguage\":\"ca\",\"@id\":\"https:\\\/\\\/www.navarroaubanell.com\\\/ca\\\/#\\\/schema\\\/logo\\\/image\\\/\",\"url\":\"https:\\\/\\\/www.navarroaubanell.com\\\/wp-content\\\/uploads\\\/2017\\\/07\\\/logo-navarro-aubuanell.png\",\"contentUrl\":\"https:\\\/\\\/www.navarroaubanell.com\\\/wp-content\\\/uploads\\\/2017\\\/07\\\/logo-navarro-aubuanell.png\",\"width\":6304,\"height\":1154,\"caption\":\"COMERCIAL NAVARRO AUBANELL, S.A\"},\"image\":{\"@id\":\"https:\\\/\\\/www.navarroaubanell.com\\\/ca\\\/#\\\/schema\\\/logo\\\/image\\\/\"}}]}<\/script>\n<!-- \/ Yoast SEO plugin. -->","yoast_head_json":{"title":"Taula Olimpia, Balliu- Navarro Aubanell","description":"Taula Olimpia: alumini endurit, resina de polipropil\u00e8, tauler HPL. Complement ideal per als sof\u00e0s Olimpia. Dos mesures disponibles","robots":{"index":"index","follow":"follow","max-snippet":"max-snippet:-1","max-image-preview":"max-image-preview:large","max-video-preview":"max-video-preview:-1"},"canonical":"https:\/\/www.navarroaubanell.com\/ca\/producte\/mesa-olimpia-balliu-navarroaubanell\/","og_locale":"ca_ES","og_type":"article","og_title":"Taula Olimpia, Balliu- Navarro Aubanell","og_description":"Taula Olimpia: alumini endurit, resina de polipropil\u00e8, tauler HPL. Complement ideal per als sof\u00e0s Olimpia. Dos mesures disponibles","og_url":"https:\/\/www.navarroaubanell.com\/ca\/producte\/mesa-olimpia-balliu-navarroaubanell\/","og_site_name":"Navarro Aubanell","article_modified_time":"2025-07-02T07:28:12+00:00","og_image":[{"width":800,"height":650,"url":"https:\/\/www.navarroaubanell.com\/wp-content\/uploads\/2024\/06\/Mesa-Central-Olimpia-blanco-skyline-Photoroom.png","type":"image\/png"}],"twitter_misc":{"Est. reading time":"2 minutes"},"schema":{"@context":"https:\/\/schema.org","@graph":[{"@type":"WebPage","@id":"https:\/\/www.navarroaubanell.com\/ca\/producte\/mesa-olimpia-balliu-navarroaubanell\/","url":"https:\/\/www.navarroaubanell.com\/ca\/producte\/mesa-olimpia-balliu-navarroaubanell\/","name":"Taula Olimpia, Balliu- Navarro Aubanell","isPartOf":{"@id":"https:\/\/www.navarroaubanell.com\/ca\/#website"},"primaryImageOfPage":{"@id":"https:\/\/www.navarroaubanell.com\/ca\/producte\/mesa-olimpia-balliu-navarroaubanell\/#primaryimage"},"image":{"@id":"https:\/\/www.navarroaubanell.com\/ca\/producte\/mesa-olimpia-balliu-navarroaubanell\/#primaryimage"},"thumbnailUrl":"https:\/\/www.navarroaubanell.com\/wp-content\/uploads\/2024\/06\/Mesa-Central-Olimpia-blanco-skyline-Photoroom.png","datePublished":"2024-06-28T06:51:45+00:00","dateModified":"2025-07-02T07:28:12+00:00","description":"Taula Olimpia: alumini endurit, resina de polipropil\u00e8, tauler HPL. Complement ideal per als sof\u00e0s Olimpia. Dos mesures disponibles","breadcrumb":{"@id":"https:\/\/www.navarroaubanell.com\/ca\/producte\/mesa-olimpia-balliu-navarroaubanell\/#breadcrumb"},"inLanguage":"ca","potentialAction":[{"@type":"ReadAction","target":["https:\/\/www.navarroaubanell.com\/ca\/producte\/mesa-olimpia-balliu-navarroaubanell\/"]}]},{"@type":"ImageObject","inLanguage":"ca","@id":"https:\/\/www.navarroaubanell.com\/ca\/producte\/mesa-olimpia-balliu-navarroaubanell\/#primaryimage","url":"https:\/\/www.navarroaubanell.com\/wp-content\/uploads\/2024\/06\/Mesa-Central-Olimpia-blanco-skyline-Photoroom.png","contentUrl":"https:\/\/www.navarroaubanell.com\/wp-content\/uploads\/2024\/06\/Mesa-Central-Olimpia-blanco-skyline-Photoroom.png","width":800,"height":650,"caption":"Mesa-Central-Olimpia-blanco-skyline-"},{"@type":"BreadcrumbList","@id":"https:\/\/www.navarroaubanell.com\/ca\/producte\/mesa-olimpia-balliu-navarroaubanell\/#breadcrumb","itemListElement":[{"@type":"ListItem","position":1,"name":"Portada","item":"https:\/\/www.navarroaubanell.com\/ca\/"},{"@type":"ListItem","position":2,"name":"Productes","item":"https:\/\/www.navarroaubanell.com\/productos\/"},{"@type":"ListItem","position":3,"name":"Taula Olimpia"}]},{"@type":"WebSite","@id":"https:\/\/www.navarroaubanell.com\/ca\/#website","url":"https:\/\/www.navarroaubanell.com\/ca\/","name":"Navarro Aubanell","description":"Mobiliario para hoteler\u00eda, colectividades y oficinas","publisher":{"@id":"https:\/\/www.navarroaubanell.com\/ca\/#organization"},"potentialAction":[{"@type":"SearchAction","target":{"@type":"EntryPoint","urlTemplate":"https:\/\/www.navarroaubanell.com\/ca\/?s={search_term_string}"},"query-input":{"@type":"PropertyValueSpecification","valueRequired":true,"valueName":"search_term_string"}}],"inLanguage":"ca"},{"@type":"Organization","@id":"https:\/\/www.navarroaubanell.com\/ca\/#organization","name":"COMERCIAL NAVARRO AUBANELL, S.A","url":"https:\/\/www.navarroaubanell.com\/ca\/","logo":{"@type":"ImageObject","inLanguage":"ca","@id":"https:\/\/www.navarroaubanell.com\/ca\/#\/schema\/logo\/image\/","url":"https:\/\/www.navarroaubanell.com\/wp-content\/uploads\/2017\/07\/logo-navarro-aubuanell.png","contentUrl":"https:\/\/www.navarroaubanell.com\/wp-content\/uploads\/2017\/07\/logo-navarro-aubuanell.png","width":6304,"height":1154,"caption":"COMERCIAL NAVARRO AUBANELL, S.A"},"image":{"@id":"https:\/\/www.navarroaubanell.com\/ca\/#\/schema\/logo\/image\/"}}]}},"_links":{"self":[{"href":"https:\/\/www.navarroaubanell.com\/ca\/wp-json\/wp\/v2\/product\/33424","targetHints":{"allow":["GET"]}}],"collection":[{"href":"https:\/\/www.navarroaubanell.com\/ca\/wp-json\/wp\/v2\/product"}],"about":[{"href":"https:\/\/www.navarroaubanell.com\/ca\/wp-json\/wp\/v2\/types\/product"}],"wp:featuredmedia":[{"embeddable":true,"href":"https:\/\/www.navarroaubanell.com\/ca\/wp-json\/wp\/v2\/media\/44378"}],"wp:attachment":[{"href":"https:\/\/www.navarroaubanell.com\/ca\/wp-json\/wp\/v2\/media?parent=33424"}],"wp:term":[{"taxonomy":"product_brand","embeddable":true,"href":"https:\/\/www.navarroaubanell.com\/ca\/wp-json\/wp\/v2\/product_brand?post=33424"},{"taxonomy":"product_cat","embeddable":true,"href":"https:\/\/www.navarroaubanell.com\/ca\/wp-json\/wp\/v2\/product_cat?post=33424"},{"taxonomy":"product_tag","embeddable":true,"href":"https:\/\/www.navarroaubanell.com\/ca\/wp-json\/wp\/v2\/product_tag?post=33424"}],"curies":[{"name":"wp","href":"https:\/\/api.w.org\/{rel}","templated":true}]}}