{"id":33422,"date":"2024-06-27T17:56:35","date_gmt":"2024-06-28T06:30:41","guid":{"rendered":"https:\/\/www.navarroaubanell.com\/?post_type=product&#038;p=33422"},"modified":"2025-07-02T09:54:33","modified_gmt":"2025-07-02T07:54:33","slug":"set-de-sofas-olimpia-balliu-navarroaubanell","status":"publish","type":"product","link":"https:\/\/www.navarroaubanell.com\/ca\/producte\/set-de-sofas-olimpia-balliu-navarroaubanell\/","title":{"rendered":"Set de sof\u00e0s Olimpia"},"content":{"rendered":"<h5>Set de Sof\u00e0s Olimpia<\/h5>\n<p>El <strong>set de sof\u00e0s Olimpia<\/strong> \u00e9s l&#8217;elecci\u00f3 perfecta per als qui busquen estil, confort i durabilitat en els seus espais exteriors. El <strong>sof\u00e0 Olimpia<\/strong> est\u00e0 disponible en <strong>tres mesures<\/strong>: individual, doble i triple.<\/p>\n<h5>Estructura i Materials d&#8217;Alta Qualitat<\/h5>\n<div class=\"relative flex-col gap-1 md:gap-3\">\n<div class=\"flex max-w-full flex-col grow\">\n<div class=\"min-h-8 text-message relative flex w-full flex-col items-end gap-2 text-start break-words whitespace-normal [.text-message+&amp;]:mt-5\" dir=\"auto\" data-message-author-role=\"assistant\" data-message-id=\"7a6e87e9-24dc-4093-8651-971b010c9b1c\" data-message-model-slug=\"gpt-4o\">\n<div class=\"flex w-full flex-col gap-1 empty:hidden first:pt-[3px]\">\n<div class=\"markdown prose dark:prose-invert w-full break-words light\">\n<p data-start=\"47\" data-end=\"184\" data-is-last-node=\"\" data-is-only-node=\"\">Estructura d\u2019alumini endurit per a m\u00e9s robustesa i cargols d\u2019acer inoxidable resistents a la corrosi\u00f3, fins i tot en ambients marins.. El xass\u00eds, recobert amb una pintura en pols a base de resines de poli\u00e8ster, assegura una alta resist\u00e8ncia a la llum i a condicions exteriors adverses.<\/p>\n<\/div>\n<\/div>\n<\/div>\n<\/div>\n<\/div>\n<h5>Accessoris Resistents i Duradors<\/h5>\n<p>Els accessoris, com els taps, tacs i reguladors, estan fabricats en <strong>resina de polipropil\u00e8<\/strong>, la qual cosa els fa resistents als raigs UV. Aix\u00f2 assegura que cada detall del set de <strong>sof\u00e0s Olimpia<\/strong> mantingui la seva aparen\u00e7a i funcionalitat amb el pas del temps.<\/p>\n<h5>Teixit i Coixins de Primera Qualitat<\/h5>\n<p>L&#8217;exclusiu<em><strong> teixit Balliu<\/strong><\/em> utilitzat en els coixins, \u00e9s transpirable, resistent als raigs UV i compta amb una protecci\u00f3 antimicrobiana que prev\u00e9 males olors i la humitat. Els coixins, a m\u00e9s, estan reblerts amb escuma <em><strong>Dry Feel<\/strong><\/em>, especialment dissenyada per a exteriors, garantint un confort superior i una r\u00e0pida evacuaci\u00f3 de la humitat.<\/p>\n<h5>Estil Personalitzat<\/h5>\n<p>El set de sof\u00e0s Olimpia est\u00e0 disponible en una \u00e0mplia <strong>varietat de colors<\/strong>, permetent una personalitzaci\u00f3 total perqu\u00e8 s&#8217;ajusti perfectament al seu estil i decoraci\u00f3 exterior. \u00c9s ideal per a combinar amb la<a href=\"https:\/\/www.navarroaubanell.com\/ca\/producte\/mesa-olimpia-balliu-navarroaubanell\/\"> taula central i lateral Olimpia<\/a>, creant un <a href=\"https:\/\/www.navarroaubanell.com\/ca\/producte\/olimpia\/\">conjunt<\/a> harmoni\u00f3s i atractiu.<\/p>\n<p>&nbsp;<\/p>\n<p>Enlla\u00e7os per a configurar els teus propis sof\u00e0s:<\/p>\n<ul>\n<li><a href=\"https:\/\/viewer.ienhance.co\/v\/app\/16417213-fe37-4e60-8c9e-2d9c395647f9\">Individual<\/a>.<br \/>\n<a href=\"https:\/\/viewer.ienhance.co\/v\/app\/e2548d77-c1d3-47ff-9fea-b4fccb6a5570\">Doble<\/a>.<br \/>\n<a href=\"https:\/\/viewer.ienhance.co\/v\/app\/e007d384-c5d2-420d-aa8e-fa379fb3cfe1\">Triple<\/a>.<\/li>\n<\/ul>\n<p><a href=\"https:\/\/balliuexport.com\/wp-content\/uploads\/2023\/12\/olimpia-sofaesp-comprimido.pdf\">Fitxa t\u00e8cnica.<\/a><\/p>\n","protected":false},"excerpt":{"rendered":"<p>Set de Sof\u00e0s Olimpia El set de sof\u00e0s Olimpia \u00e9s l&#8217;elecci\u00f3 perfecta per als qui busquen estil, confort i durabilitat en els seus espais exteriors. El sof\u00e0 Olimpia est\u00e0 disponible en tres mesures: individual, doble i triple. Estructura i Materials d&#8217;Alta Qualitat Estructura d\u2019alumini endurit per a m\u00e9s robustesa i cargols d\u2019acer inoxidable resistents a&hellip;<\/p>\n","protected":false},"featured_media":33480,"template":"","meta":{"_acf_changed":false},"product_brand":[],"product_cat":[929],"product_tag":[1428,593,822,640,849,720,868],"class_list":{"0":"post-33422","1":"product","2":"type-product","3":"status-publish","4":"has-post-thumbnail","6":"product_cat-sofas-exterior-ca","7":"product_tag-antimicrobiano-ca","8":"product_tag-balliu-ca","9":"product_tag-conjunt-exterior","10":"product_tag-exterior-ca","11":"product_tag-olimpia-ca","12":"product_tag-outdoor-ca","13":"product_tag-sofa-exterior-ca","14":"description-off","16":"first","17":"instock","18":"shipping-taxable","19":"product-type-simple"},"acf":[],"yoast_head":"<!-- This site is optimized with the Yoast SEO plugin v27.0 - https:\/\/yoast.com\/product\/yoast-seo-wordpress\/ -->\n<title>Set de sof\u00e0s Olimpia, Balliu- Navarro Aubanell<\/title>\n<meta name=\"description\" content=\"Set de sof\u00e0s Olimpia: eleg\u00e0ncia i durabilitat per a exteriors, disponible en tres grand\u00e0ries, amb materials resistents i personalitzaci\u00f3 en colors.\" \/>\n<meta name=\"robots\" content=\"index, follow, max-snippet:-1, max-image-preview:large, max-video-preview:-1\" \/>\n<link rel=\"canonical\" href=\"https:\/\/www.navarroaubanell.com\/ca\/producte\/set-de-sofas-olimpia-balliu-navarroaubanell\/\" \/>\n<meta property=\"og:locale\" content=\"ca_ES\" \/>\n<meta property=\"og:type\" content=\"article\" \/>\n<meta property=\"og:title\" content=\"Set de sof\u00e0s Olimpia, Balliu- Navarro Aubanell\" \/>\n<meta property=\"og:description\" content=\"Set de sof\u00e0s Olimpia: eleg\u00e0ncia i durabilitat per a exteriors, disponible en tres grand\u00e0ries, amb materials resistents i personalitzaci\u00f3 en colors.\" \/>\n<meta property=\"og:url\" content=\"https:\/\/www.navarroaubanell.com\/ca\/producte\/set-de-sofas-olimpia-balliu-navarroaubanell\/\" \/>\n<meta property=\"og:site_name\" content=\"Navarro Aubanell\" \/>\n<meta property=\"article:modified_time\" content=\"2025-07-02T07:54:33+00:00\" \/>\n<meta property=\"og:image\" content=\"https:\/\/www.navarroaubanell.com\/wp-content\/uploads\/2024\/06\/Set-de-sofas-Olimpia.png\" \/>\n\t<meta property=\"og:image:width\" content=\"800\" \/>\n\t<meta property=\"og:image:height\" content=\"650\" \/>\n\t<meta property=\"og:image:type\" content=\"image\/png\" \/>\n<meta name=\"twitter:label1\" content=\"Est. reading time\" \/>\n\t<meta name=\"twitter:data1\" content=\"2 minutes\" \/>\n<script type=\"application\/ld+json\" class=\"yoast-schema-graph\">{\"@context\":\"https:\/\/schema.org\",\"@graph\":[{\"@type\":\"WebPage\",\"@id\":\"https:\/\/www.navarroaubanell.com\/ca\/producte\/set-de-sofas-olimpia-balliu-navarroaubanell\/\",\"url\":\"https:\/\/www.navarroaubanell.com\/ca\/producte\/set-de-sofas-olimpia-balliu-navarroaubanell\/\",\"name\":\"Set de sof\u00e0s Olimpia, Balliu- Navarro Aubanell\",\"isPartOf\":{\"@id\":\"https:\/\/www.navarroaubanell.com\/ca\/#website\"},\"primaryImageOfPage\":{\"@id\":\"https:\/\/www.navarroaubanell.com\/ca\/producte\/set-de-sofas-olimpia-balliu-navarroaubanell\/#primaryimage\"},\"image\":{\"@id\":\"https:\/\/www.navarroaubanell.com\/ca\/producte\/set-de-sofas-olimpia-balliu-navarroaubanell\/#primaryimage\"},\"thumbnailUrl\":\"https:\/\/www.navarroaubanell.com\/wp-content\/uploads\/2024\/06\/Set-de-sofas-Olimpia.png\",\"datePublished\":\"2024-06-28T06:30:41+00:00\",\"dateModified\":\"2025-07-02T07:54:33+00:00\",\"description\":\"Set de sof\u00e0s Olimpia: eleg\u00e0ncia i durabilitat per a exteriors, disponible en tres grand\u00e0ries, amb materials resistents i personalitzaci\u00f3 en colors.\",\"breadcrumb\":{\"@id\":\"https:\/\/www.navarroaubanell.com\/ca\/producte\/set-de-sofas-olimpia-balliu-navarroaubanell\/#breadcrumb\"},\"inLanguage\":\"ca\",\"potentialAction\":[{\"@type\":\"ReadAction\",\"target\":[\"https:\/\/www.navarroaubanell.com\/ca\/producte\/set-de-sofas-olimpia-balliu-navarroaubanell\/\"]}]},{\"@type\":\"ImageObject\",\"inLanguage\":\"ca\",\"@id\":\"https:\/\/www.navarroaubanell.com\/ca\/producte\/set-de-sofas-olimpia-balliu-navarroaubanell\/#primaryimage\",\"url\":\"https:\/\/www.navarroaubanell.com\/wp-content\/uploads\/2024\/06\/Set-de-sofas-Olimpia.png\",\"contentUrl\":\"https:\/\/www.navarroaubanell.com\/wp-content\/uploads\/2024\/06\/Set-de-sofas-Olimpia.png\",\"width\":800,\"height\":650,\"caption\":\"Set de sof\u00e0s Olimpia amb les tres mesures: individual, doble y triple\"},{\"@type\":\"BreadcrumbList\",\"@id\":\"https:\/\/www.navarroaubanell.com\/ca\/producte\/set-de-sofas-olimpia-balliu-navarroaubanell\/#breadcrumb\",\"itemListElement\":[{\"@type\":\"ListItem\",\"position\":1,\"name\":\"Portada\",\"item\":\"https:\/\/www.navarroaubanell.com\/ca\/\"},{\"@type\":\"ListItem\",\"position\":2,\"name\":\"Productes\",\"item\":\"https:\/\/www.navarroaubanell.com\/productos\/\"},{\"@type\":\"ListItem\",\"position\":3,\"name\":\"Set de sof\u00e0s Olimpia\"}]},{\"@type\":\"WebSite\",\"@id\":\"https:\/\/www.navarroaubanell.com\/ca\/#website\",\"url\":\"https:\/\/www.navarroaubanell.com\/ca\/\",\"name\":\"Navarro Aubanell\",\"description\":\"Mobiliario para hoteler\u00eda, colectividades y oficinas\",\"publisher\":{\"@id\":\"https:\/\/www.navarroaubanell.com\/ca\/#organization\"},\"potentialAction\":[{\"@type\":\"SearchAction\",\"target\":{\"@type\":\"EntryPoint\",\"urlTemplate\":\"https:\/\/www.navarroaubanell.com\/ca\/?s={search_term_string}\"},\"query-input\":{\"@type\":\"PropertyValueSpecification\",\"valueRequired\":true,\"valueName\":\"search_term_string\"}}],\"inLanguage\":\"ca\"},{\"@type\":\"Organization\",\"@id\":\"https:\/\/www.navarroaubanell.com\/ca\/#organization\",\"name\":\"COMERCIAL NAVARRO AUBANELL, S.A\",\"url\":\"https:\/\/www.navarroaubanell.com\/ca\/\",\"logo\":{\"@type\":\"ImageObject\",\"inLanguage\":\"ca\",\"@id\":\"https:\/\/www.navarroaubanell.com\/ca\/#\/schema\/logo\/image\/\",\"url\":\"https:\/\/www.navarroaubanell.com\/wp-content\/uploads\/2017\/07\/logo-navarro-aubuanell.png\",\"contentUrl\":\"https:\/\/www.navarroaubanell.com\/wp-content\/uploads\/2017\/07\/logo-navarro-aubuanell.png\",\"width\":6304,\"height\":1154,\"caption\":\"COMERCIAL NAVARRO AUBANELL, S.A\"},\"image\":{\"@id\":\"https:\/\/www.navarroaubanell.com\/ca\/#\/schema\/logo\/image\/\"}}]}<\/script>\n<!-- \/ Yoast SEO plugin. -->","yoast_head_json":{"title":"Set de sof\u00e0s Olimpia, Balliu- Navarro Aubanell","description":"Set de sof\u00e0s Olimpia: eleg\u00e0ncia i durabilitat per a exteriors, disponible en tres grand\u00e0ries, amb materials resistents i personalitzaci\u00f3 en colors.","robots":{"index":"index","follow":"follow","max-snippet":"max-snippet:-1","max-image-preview":"max-image-preview:large","max-video-preview":"max-video-preview:-1"},"canonical":"https:\/\/www.navarroaubanell.com\/ca\/producte\/set-de-sofas-olimpia-balliu-navarroaubanell\/","og_locale":"ca_ES","og_type":"article","og_title":"Set de sof\u00e0s Olimpia, Balliu- Navarro Aubanell","og_description":"Set de sof\u00e0s Olimpia: eleg\u00e0ncia i durabilitat per a exteriors, disponible en tres grand\u00e0ries, amb materials resistents i personalitzaci\u00f3 en colors.","og_url":"https:\/\/www.navarroaubanell.com\/ca\/producte\/set-de-sofas-olimpia-balliu-navarroaubanell\/","og_site_name":"Navarro Aubanell","article_modified_time":"2025-07-02T07:54:33+00:00","og_image":[{"width":800,"height":650,"url":"https:\/\/www.navarroaubanell.com\/wp-content\/uploads\/2024\/06\/Set-de-sofas-Olimpia.png","type":"image\/png"}],"twitter_misc":{"Est. reading time":"2 minutes"},"schema":{"@context":"https:\/\/schema.org","@graph":[{"@type":"WebPage","@id":"https:\/\/www.navarroaubanell.com\/ca\/producte\/set-de-sofas-olimpia-balliu-navarroaubanell\/","url":"https:\/\/www.navarroaubanell.com\/ca\/producte\/set-de-sofas-olimpia-balliu-navarroaubanell\/","name":"Set de sof\u00e0s Olimpia, Balliu- Navarro Aubanell","isPartOf":{"@id":"https:\/\/www.navarroaubanell.com\/ca\/#website"},"primaryImageOfPage":{"@id":"https:\/\/www.navarroaubanell.com\/ca\/producte\/set-de-sofas-olimpia-balliu-navarroaubanell\/#primaryimage"},"image":{"@id":"https:\/\/www.navarroaubanell.com\/ca\/producte\/set-de-sofas-olimpia-balliu-navarroaubanell\/#primaryimage"},"thumbnailUrl":"https:\/\/www.navarroaubanell.com\/wp-content\/uploads\/2024\/06\/Set-de-sofas-Olimpia.png","datePublished":"2024-06-28T06:30:41+00:00","dateModified":"2025-07-02T07:54:33+00:00","description":"Set de sof\u00e0s Olimpia: eleg\u00e0ncia i durabilitat per a exteriors, disponible en tres grand\u00e0ries, amb materials resistents i personalitzaci\u00f3 en colors.","breadcrumb":{"@id":"https:\/\/www.navarroaubanell.com\/ca\/producte\/set-de-sofas-olimpia-balliu-navarroaubanell\/#breadcrumb"},"inLanguage":"ca","potentialAction":[{"@type":"ReadAction","target":["https:\/\/www.navarroaubanell.com\/ca\/producte\/set-de-sofas-olimpia-balliu-navarroaubanell\/"]}]},{"@type":"ImageObject","inLanguage":"ca","@id":"https:\/\/www.navarroaubanell.com\/ca\/producte\/set-de-sofas-olimpia-balliu-navarroaubanell\/#primaryimage","url":"https:\/\/www.navarroaubanell.com\/wp-content\/uploads\/2024\/06\/Set-de-sofas-Olimpia.png","contentUrl":"https:\/\/www.navarroaubanell.com\/wp-content\/uploads\/2024\/06\/Set-de-sofas-Olimpia.png","width":800,"height":650,"caption":"Set de sof\u00e0s Olimpia amb les tres mesures: individual, doble y triple"},{"@type":"BreadcrumbList","@id":"https:\/\/www.navarroaubanell.com\/ca\/producte\/set-de-sofas-olimpia-balliu-navarroaubanell\/#breadcrumb","itemListElement":[{"@type":"ListItem","position":1,"name":"Portada","item":"https:\/\/www.navarroaubanell.com\/ca\/"},{"@type":"ListItem","position":2,"name":"Productes","item":"https:\/\/www.navarroaubanell.com\/productos\/"},{"@type":"ListItem","position":3,"name":"Set de sof\u00e0s Olimpia"}]},{"@type":"WebSite","@id":"https:\/\/www.navarroaubanell.com\/ca\/#website","url":"https:\/\/www.navarroaubanell.com\/ca\/","name":"Navarro Aubanell","description":"Mobiliario para hoteler\u00eda, colectividades y oficinas","publisher":{"@id":"https:\/\/www.navarroaubanell.com\/ca\/#organization"},"potentialAction":[{"@type":"SearchAction","target":{"@type":"EntryPoint","urlTemplate":"https:\/\/www.navarroaubanell.com\/ca\/?s={search_term_string}"},"query-input":{"@type":"PropertyValueSpecification","valueRequired":true,"valueName":"search_term_string"}}],"inLanguage":"ca"},{"@type":"Organization","@id":"https:\/\/www.navarroaubanell.com\/ca\/#organization","name":"COMERCIAL NAVARRO AUBANELL, S.A","url":"https:\/\/www.navarroaubanell.com\/ca\/","logo":{"@type":"ImageObject","inLanguage":"ca","@id":"https:\/\/www.navarroaubanell.com\/ca\/#\/schema\/logo\/image\/","url":"https:\/\/www.navarroaubanell.com\/wp-content\/uploads\/2017\/07\/logo-navarro-aubuanell.png","contentUrl":"https:\/\/www.navarroaubanell.com\/wp-content\/uploads\/2017\/07\/logo-navarro-aubuanell.png","width":6304,"height":1154,"caption":"COMERCIAL NAVARRO AUBANELL, S.A"},"image":{"@id":"https:\/\/www.navarroaubanell.com\/ca\/#\/schema\/logo\/image\/"}}]}},"_links":{"self":[{"href":"https:\/\/www.navarroaubanell.com\/ca\/wp-json\/wp\/v2\/product\/33422","targetHints":{"allow":["GET"]}}],"collection":[{"href":"https:\/\/www.navarroaubanell.com\/ca\/wp-json\/wp\/v2\/product"}],"about":[{"href":"https:\/\/www.navarroaubanell.com\/ca\/wp-json\/wp\/v2\/types\/product"}],"wp:featuredmedia":[{"embeddable":true,"href":"https:\/\/www.navarroaubanell.com\/ca\/wp-json\/wp\/v2\/media\/33480"}],"wp:attachment":[{"href":"https:\/\/www.navarroaubanell.com\/ca\/wp-json\/wp\/v2\/media?parent=33422"}],"wp:term":[{"taxonomy":"product_brand","embeddable":true,"href":"https:\/\/www.navarroaubanell.com\/ca\/wp-json\/wp\/v2\/product_brand?post=33422"},{"taxonomy":"product_cat","embeddable":true,"href":"https:\/\/www.navarroaubanell.com\/ca\/wp-json\/wp\/v2\/product_cat?post=33422"},{"taxonomy":"product_tag","embeddable":true,"href":"https:\/\/www.navarroaubanell.com\/ca\/wp-json\/wp\/v2\/product_tag?post=33422"}],"curies":[{"name":"wp","href":"https:\/\/api.w.org\/{rel}","templated":true}]}}