{"id":32761,"date":"2024-06-20T12:04:09","date_gmt":"2024-06-20T10:04:09","guid":{"rendered":"https:\/\/www.navarroaubanell.com\/?post_type=product&#038;p=32761"},"modified":"2024-06-20T12:06:03","modified_gmt":"2024-06-20T10:06:03","slug":"carmen-t-gandula","status":"publish","type":"product","link":"https:\/\/www.navarroaubanell.com\/ca\/producte\/carmen-t-gandula\/","title":{"rendered":"Gandula Carmen T"},"content":{"rendered":"<p>La<strong>\u00a0Carmen T<\/strong> \u00e9s la versi\u00f3 amb tauletes de la gandula Carmen. Tant les tauletes com l&#8217;estructura de la gandula estan fabricades amb resina de polipropil\u00e8 i refor\u00e7ades amb c\u00e0rrega mineral. Tota la gandula compta amb formulacions antiraigs UVA i amb un disseny nerviat que garanteix robustesa estructural contra deformacions i trencaments. A m\u00e9s, tamb\u00e9 est\u00e0 fabricada amb materials totalment reciclables per a ajudar a la preservaci\u00f3 del medi ambient.<\/p>\n<p>Les tauletes de la <strong>Carmen T<\/strong> s\u00f3n recanviables i tamb\u00e9 estan disponibles en els colors <em>Prestige<\/em>.<\/p>\n<p>Fitxa t\u00e8cnica:<a href=\"https:\/\/balliuexport.com\/wp-content\/uploads\/2023\/12\/carmen-t-tumbona-comprimido.pdf\"> https:\/\/balliuexport.com\/wp-content\/uploads\/2023\/12\/carmen-t-tumbona-comprimido.pdf<\/a><\/p>\n","protected":false},"excerpt":{"rendered":"<p>La\u00a0Carmen T \u00e9s la versi\u00f3 amb tauletes de la gandula Carmen. Tant les tauletes com l&#8217;estructura de la gandula estan fabricades amb resina de polipropil\u00e8 i refor\u00e7ades amb c\u00e0rrega mineral. Tota la gandula compta amb formulacions antiraigs UVA i amb un disseny nerviat que garanteix robustesa estructural contra deformacions i trencaments. A m\u00e9s, tamb\u00e9 est\u00e0&hellip;<\/p>\n","protected":false},"featured_media":32743,"template":"","meta":{"_acf_changed":false},"product_brand":[],"product_cat":[575],"product_tag":[],"class_list":{"0":"post-32761","1":"product","2":"type-product","3":"status-publish","4":"has-post-thumbnail","6":"product_cat-tumbones-exterior","7":"description-off","9":"first","10":"instock","11":"shipping-taxable","12":"product-type-simple"},"acf":[],"yoast_head":"<!-- This site is optimized with the Yoast SEO plugin v27.6 - https:\/\/yoast.com\/product\/yoast-seo-wordpress\/ -->\n<title>Carmen T, Balliu- Navarro Aubanell<\/title>\n<meta name=\"description\" content=\"Carmen T: estructura i tauletes fetes de polipropil\u00e8, amb sistemes antiraigs UVA i antimicrobians. Gandules apilables i sostenibles.\" \/>\n<meta name=\"robots\" content=\"index, follow, max-snippet:-1, max-image-preview:large, max-video-preview:-1\" \/>\n<link rel=\"canonical\" href=\"https:\/\/www.navarroaubanell.com\/ca\/producte\/carmen-t-gandula\/\" \/>\n<meta property=\"og:locale\" content=\"ca_ES\" \/>\n<meta property=\"og:type\" content=\"article\" \/>\n<meta property=\"og:title\" content=\"Carmen T, Balliu- Navarro Aubanell\" \/>\n<meta property=\"og:description\" content=\"Carmen T: estructura i tauletes fetes de polipropil\u00e8, amb sistemes antiraigs UVA i antimicrobians. Gandules apilables i sostenibles.\" \/>\n<meta property=\"og:url\" content=\"https:\/\/www.navarroaubanell.com\/ca\/producte\/carmen-t-gandula\/\" \/>\n<meta property=\"og:site_name\" content=\"Navarro Aubanell\" \/>\n<meta property=\"article:modified_time\" content=\"2024-06-20T10:06:03+00:00\" \/>\n<meta property=\"og:image\" content=\"https:\/\/www.navarroaubanell.com\/wp-content\/uploads\/2024\/06\/carmen-t-blanca.jpeg\" \/>\n\t<meta property=\"og:image:width\" content=\"800\" \/>\n\t<meta property=\"og:image:height\" content=\"650\" \/>\n\t<meta property=\"og:image:type\" content=\"image\/jpeg\" \/>\n<meta name=\"twitter:label1\" content=\"Est. reading time\" \/>\n\t<meta name=\"twitter:data1\" content=\"1 minute\" \/>\n<script type=\"application\/ld+json\" class=\"yoast-schema-graph\">{\"@context\":\"https:\\\/\\\/schema.org\",\"@graph\":[{\"@type\":\"WebPage\",\"@id\":\"https:\\\/\\\/www.navarroaubanell.com\\\/ca\\\/producte\\\/carmen-t-gandula\\\/\",\"url\":\"https:\\\/\\\/www.navarroaubanell.com\\\/ca\\\/producte\\\/carmen-t-gandula\\\/\",\"name\":\"Carmen T, Balliu- Navarro Aubanell\",\"isPartOf\":{\"@id\":\"https:\\\/\\\/www.navarroaubanell.com\\\/ca\\\/#website\"},\"primaryImageOfPage\":{\"@id\":\"https:\\\/\\\/www.navarroaubanell.com\\\/ca\\\/producte\\\/carmen-t-gandula\\\/#primaryimage\"},\"image\":{\"@id\":\"https:\\\/\\\/www.navarroaubanell.com\\\/ca\\\/producte\\\/carmen-t-gandula\\\/#primaryimage\"},\"thumbnailUrl\":\"https:\\\/\\\/www.navarroaubanell.com\\\/wp-content\\\/uploads\\\/2024\\\/06\\\/carmen-t-blanca.jpeg\",\"datePublished\":\"2024-06-20T10:04:09+00:00\",\"dateModified\":\"2024-06-20T10:06:03+00:00\",\"description\":\"Carmen T: estructura i tauletes fetes de polipropil\u00e8, amb sistemes antiraigs UVA i antimicrobians. Gandules apilables i sostenibles.\",\"breadcrumb\":{\"@id\":\"https:\\\/\\\/www.navarroaubanell.com\\\/ca\\\/producte\\\/carmen-t-gandula\\\/#breadcrumb\"},\"inLanguage\":\"ca\",\"potentialAction\":[{\"@type\":\"ReadAction\",\"target\":[\"https:\\\/\\\/www.navarroaubanell.com\\\/ca\\\/producte\\\/carmen-t-gandula\\\/\"]}]},{\"@type\":\"ImageObject\",\"inLanguage\":\"ca\",\"@id\":\"https:\\\/\\\/www.navarroaubanell.com\\\/ca\\\/producte\\\/carmen-t-gandula\\\/#primaryimage\",\"url\":\"https:\\\/\\\/www.navarroaubanell.com\\\/wp-content\\\/uploads\\\/2024\\\/06\\\/carmen-t-blanca.jpeg\",\"contentUrl\":\"https:\\\/\\\/www.navarroaubanell.com\\\/wp-content\\\/uploads\\\/2024\\\/06\\\/carmen-t-blanca.jpeg\",\"width\":800,\"height\":650,\"caption\":\"Gandula Carmen T totalment blanca\"},{\"@type\":\"BreadcrumbList\",\"@id\":\"https:\\\/\\\/www.navarroaubanell.com\\\/ca\\\/producte\\\/carmen-t-gandula\\\/#breadcrumb\",\"itemListElement\":[{\"@type\":\"ListItem\",\"position\":1,\"name\":\"Portada\",\"item\":\"https:\\\/\\\/www.navarroaubanell.com\\\/ca\\\/\"},{\"@type\":\"ListItem\",\"position\":2,\"name\":\"Productes\",\"item\":\"https:\\\/\\\/www.navarroaubanell.com\\\/productos\\\/\"},{\"@type\":\"ListItem\",\"position\":3,\"name\":\"Gandula Carmen T\"}]},{\"@type\":\"WebSite\",\"@id\":\"https:\\\/\\\/www.navarroaubanell.com\\\/ca\\\/#website\",\"url\":\"https:\\\/\\\/www.navarroaubanell.com\\\/ca\\\/\",\"name\":\"Navarro Aubanell\",\"description\":\"Mobiliario para hoteler\u00eda, colectividades y oficinas\",\"publisher\":{\"@id\":\"https:\\\/\\\/www.navarroaubanell.com\\\/ca\\\/#organization\"},\"potentialAction\":[{\"@type\":\"SearchAction\",\"target\":{\"@type\":\"EntryPoint\",\"urlTemplate\":\"https:\\\/\\\/www.navarroaubanell.com\\\/ca\\\/?s={search_term_string}\"},\"query-input\":{\"@type\":\"PropertyValueSpecification\",\"valueRequired\":true,\"valueName\":\"search_term_string\"}}],\"inLanguage\":\"ca\"},{\"@type\":\"Organization\",\"@id\":\"https:\\\/\\\/www.navarroaubanell.com\\\/ca\\\/#organization\",\"name\":\"COMERCIAL NAVARRO AUBANELL, S.A\",\"url\":\"https:\\\/\\\/www.navarroaubanell.com\\\/ca\\\/\",\"logo\":{\"@type\":\"ImageObject\",\"inLanguage\":\"ca\",\"@id\":\"https:\\\/\\\/www.navarroaubanell.com\\\/ca\\\/#\\\/schema\\\/logo\\\/image\\\/\",\"url\":\"https:\\\/\\\/www.navarroaubanell.com\\\/wp-content\\\/uploads\\\/2017\\\/07\\\/logo-navarro-aubuanell.png\",\"contentUrl\":\"https:\\\/\\\/www.navarroaubanell.com\\\/wp-content\\\/uploads\\\/2017\\\/07\\\/logo-navarro-aubuanell.png\",\"width\":6304,\"height\":1154,\"caption\":\"COMERCIAL NAVARRO AUBANELL, S.A\"},\"image\":{\"@id\":\"https:\\\/\\\/www.navarroaubanell.com\\\/ca\\\/#\\\/schema\\\/logo\\\/image\\\/\"}}]}<\/script>\n<!-- \/ Yoast SEO plugin. -->","yoast_head_json":{"title":"Carmen T, Balliu- Navarro Aubanell","description":"Carmen T: estructura i tauletes fetes de polipropil\u00e8, amb sistemes antiraigs UVA i antimicrobians. Gandules apilables i sostenibles.","robots":{"index":"index","follow":"follow","max-snippet":"max-snippet:-1","max-image-preview":"max-image-preview:large","max-video-preview":"max-video-preview:-1"},"canonical":"https:\/\/www.navarroaubanell.com\/ca\/producte\/carmen-t-gandula\/","og_locale":"ca_ES","og_type":"article","og_title":"Carmen T, Balliu- Navarro Aubanell","og_description":"Carmen T: estructura i tauletes fetes de polipropil\u00e8, amb sistemes antiraigs UVA i antimicrobians. Gandules apilables i sostenibles.","og_url":"https:\/\/www.navarroaubanell.com\/ca\/producte\/carmen-t-gandula\/","og_site_name":"Navarro Aubanell","article_modified_time":"2024-06-20T10:06:03+00:00","og_image":[{"width":800,"height":650,"url":"https:\/\/www.navarroaubanell.com\/wp-content\/uploads\/2024\/06\/carmen-t-blanca.jpeg","type":"image\/jpeg"}],"twitter_misc":{"Est. reading time":"1 minute"},"schema":{"@context":"https:\/\/schema.org","@graph":[{"@type":"WebPage","@id":"https:\/\/www.navarroaubanell.com\/ca\/producte\/carmen-t-gandula\/","url":"https:\/\/www.navarroaubanell.com\/ca\/producte\/carmen-t-gandula\/","name":"Carmen T, Balliu- Navarro Aubanell","isPartOf":{"@id":"https:\/\/www.navarroaubanell.com\/ca\/#website"},"primaryImageOfPage":{"@id":"https:\/\/www.navarroaubanell.com\/ca\/producte\/carmen-t-gandula\/#primaryimage"},"image":{"@id":"https:\/\/www.navarroaubanell.com\/ca\/producte\/carmen-t-gandula\/#primaryimage"},"thumbnailUrl":"https:\/\/www.navarroaubanell.com\/wp-content\/uploads\/2024\/06\/carmen-t-blanca.jpeg","datePublished":"2024-06-20T10:04:09+00:00","dateModified":"2024-06-20T10:06:03+00:00","description":"Carmen T: estructura i tauletes fetes de polipropil\u00e8, amb sistemes antiraigs UVA i antimicrobians. Gandules apilables i sostenibles.","breadcrumb":{"@id":"https:\/\/www.navarroaubanell.com\/ca\/producte\/carmen-t-gandula\/#breadcrumb"},"inLanguage":"ca","potentialAction":[{"@type":"ReadAction","target":["https:\/\/www.navarroaubanell.com\/ca\/producte\/carmen-t-gandula\/"]}]},{"@type":"ImageObject","inLanguage":"ca","@id":"https:\/\/www.navarroaubanell.com\/ca\/producte\/carmen-t-gandula\/#primaryimage","url":"https:\/\/www.navarroaubanell.com\/wp-content\/uploads\/2024\/06\/carmen-t-blanca.jpeg","contentUrl":"https:\/\/www.navarroaubanell.com\/wp-content\/uploads\/2024\/06\/carmen-t-blanca.jpeg","width":800,"height":650,"caption":"Gandula Carmen T totalment blanca"},{"@type":"BreadcrumbList","@id":"https:\/\/www.navarroaubanell.com\/ca\/producte\/carmen-t-gandula\/#breadcrumb","itemListElement":[{"@type":"ListItem","position":1,"name":"Portada","item":"https:\/\/www.navarroaubanell.com\/ca\/"},{"@type":"ListItem","position":2,"name":"Productes","item":"https:\/\/www.navarroaubanell.com\/productos\/"},{"@type":"ListItem","position":3,"name":"Gandula Carmen T"}]},{"@type":"WebSite","@id":"https:\/\/www.navarroaubanell.com\/ca\/#website","url":"https:\/\/www.navarroaubanell.com\/ca\/","name":"Navarro Aubanell","description":"Mobiliario para hoteler\u00eda, colectividades y oficinas","publisher":{"@id":"https:\/\/www.navarroaubanell.com\/ca\/#organization"},"potentialAction":[{"@type":"SearchAction","target":{"@type":"EntryPoint","urlTemplate":"https:\/\/www.navarroaubanell.com\/ca\/?s={search_term_string}"},"query-input":{"@type":"PropertyValueSpecification","valueRequired":true,"valueName":"search_term_string"}}],"inLanguage":"ca"},{"@type":"Organization","@id":"https:\/\/www.navarroaubanell.com\/ca\/#organization","name":"COMERCIAL NAVARRO AUBANELL, S.A","url":"https:\/\/www.navarroaubanell.com\/ca\/","logo":{"@type":"ImageObject","inLanguage":"ca","@id":"https:\/\/www.navarroaubanell.com\/ca\/#\/schema\/logo\/image\/","url":"https:\/\/www.navarroaubanell.com\/wp-content\/uploads\/2017\/07\/logo-navarro-aubuanell.png","contentUrl":"https:\/\/www.navarroaubanell.com\/wp-content\/uploads\/2017\/07\/logo-navarro-aubuanell.png","width":6304,"height":1154,"caption":"COMERCIAL NAVARRO AUBANELL, S.A"},"image":{"@id":"https:\/\/www.navarroaubanell.com\/ca\/#\/schema\/logo\/image\/"}}]}},"_links":{"self":[{"href":"https:\/\/www.navarroaubanell.com\/ca\/wp-json\/wp\/v2\/product\/32761","targetHints":{"allow":["GET"]}}],"collection":[{"href":"https:\/\/www.navarroaubanell.com\/ca\/wp-json\/wp\/v2\/product"}],"about":[{"href":"https:\/\/www.navarroaubanell.com\/ca\/wp-json\/wp\/v2\/types\/product"}],"wp:featuredmedia":[{"embeddable":true,"href":"https:\/\/www.navarroaubanell.com\/ca\/wp-json\/wp\/v2\/media\/32743"}],"wp:attachment":[{"href":"https:\/\/www.navarroaubanell.com\/ca\/wp-json\/wp\/v2\/media?parent=32761"}],"wp:term":[{"taxonomy":"product_brand","embeddable":true,"href":"https:\/\/www.navarroaubanell.com\/ca\/wp-json\/wp\/v2\/product_brand?post=32761"},{"taxonomy":"product_cat","embeddable":true,"href":"https:\/\/www.navarroaubanell.com\/ca\/wp-json\/wp\/v2\/product_cat?post=32761"},{"taxonomy":"product_tag","embeddable":true,"href":"https:\/\/www.navarroaubanell.com\/ca\/wp-json\/wp\/v2\/product_tag?post=32761"}],"curies":[{"name":"wp","href":"https:\/\/api.w.org\/{rel}","templated":true}]}}