{"id":32517,"date":"2023-11-17T11:01:38","date_gmt":"2023-11-17T10:01:38","guid":{"rendered":"https:\/\/www.navarroaubanell.com\/producto\/silla-hari\/"},"modified":"2024-06-14T11:30:12","modified_gmt":"2024-06-14T09:30:12","slug":"silla-hari","status":"publish","type":"product","link":"https:\/\/www.navarroaubanell.com\/ca\/producte\/silla-hari\/","title":{"rendered":"Silla Hari"},"content":{"rendered":"<p>Hari\u00a0\u00e9s una cadira inspirada en el m\u00f3n dels telers t\u00e8xtils amb una visual molt industrial i la delicadesa dels fils per a crear una cadira subtil i elegant.<\/p>\n<p>Disponible amb carcassa de fusta, polipropil\u00e8, polipropil\u00e8 re-wood\u00a0i entapissada i amb l&#8217;opci\u00f3 de bra\u00e7os o sense bra\u00e7os.<\/p>\n<p>El polipropil\u00e8 re-wood, disponible en blanc i caramel per a la cadira\u00a0Hari, \u00e9s un material que incorpora residus provinents del proc\u00e9s de transformaci\u00f3 de la fusta.<\/p>\n","protected":false},"excerpt":{"rendered":"<p>Hari\u00a0\u00e9s una cadira inspirada en el m\u00f3n dels telers t\u00e8xtils amb una visual molt industrial i la delicadesa dels fils per a crear una cadira subtil i elegant. Disponible amb carcassa de fusta, polipropil\u00e8, polipropil\u00e8 re-wood\u00a0i entapissada i amb l&#8217;opci\u00f3 de bra\u00e7os o sense bra\u00e7os. El polipropil\u00e8 re-wood, disponible en blanc i caramel per a&hellip;<\/p>\n","protected":false},"featured_media":32505,"template":"","meta":{"_acf_changed":false},"product_brand":[],"product_cat":[533,525],"product_tag":[749,866,618,945,1174,664,717,949,1037],"class_list":{"0":"post-32517","1":"product","2":"type-product","3":"status-publish","4":"has-post-thumbnail","6":"product_cat-cadires","7":"product_cat-interior","8":"product_tag-cadira-de-barcos","9":"product_tag-cadires","10":"product_tag-contract-ca","11":"product_tag-madera-ca","12":"product_tag-hari-ca","13":"product_tag-interior-ca","14":"product_tag-ondarreta-ca","15":"product_tag-polipropileno-ca","16":"product_tag-tapizada-ca","17":"description-off","19":"first","20":"instock","21":"shipping-taxable","22":"product-type-simple"},"acf":[],"yoast_head":"<!-- This site is optimized with the Yoast SEO plugin v27.5 - https:\/\/yoast.com\/product\/yoast-seo-wordpress\/ -->\n<title>Silla Hari. Cadira ideal per interiorisme - Navarro Aubanell<\/title>\n<meta name=\"description\" content=\"Hari\u00a0\u00e9s una cadira inspirada en el m\u00f3n dels telers t\u00e8xtils amb una visual molt industrial i la delicadesa dels fils per a crear una cadira subtil i elegant.\" \/>\n<meta name=\"robots\" content=\"index, follow, max-snippet:-1, max-image-preview:large, max-video-preview:-1\" \/>\n<link rel=\"canonical\" href=\"https:\/\/www.navarroaubanell.com\/ca\/producte\/silla-hari\/\" \/>\n<meta property=\"og:locale\" content=\"ca_ES\" \/>\n<meta property=\"og:type\" content=\"article\" \/>\n<meta property=\"og:title\" content=\"Silla Hari. Cadira ideal per interiorisme - Navarro Aubanell\" \/>\n<meta property=\"og:description\" content=\"Hari\u00a0\u00e9s una cadira inspirada en el m\u00f3n dels telers t\u00e8xtils amb una visual molt industrial i la delicadesa dels fils per a crear una cadira subtil i elegant.\" \/>\n<meta property=\"og:url\" content=\"https:\/\/www.navarroaubanell.com\/ca\/producte\/silla-hari\/\" \/>\n<meta property=\"og:site_name\" content=\"Navarro Aubanell\" \/>\n<meta property=\"article:modified_time\" content=\"2024-06-14T09:30:12+00:00\" \/>\n<meta property=\"og:image\" content=\"https:\/\/www.navarroaubanell.com\/wp-content\/uploads\/2023\/11\/HARI-5.jpg\" \/>\n\t<meta property=\"og:image:width\" content=\"800\" \/>\n\t<meta property=\"og:image:height\" content=\"650\" \/>\n\t<meta property=\"og:image:type\" content=\"image\/jpeg\" \/>\n<meta name=\"twitter:label1\" content=\"Est. reading time\" \/>\n\t<meta name=\"twitter:data1\" content=\"1 minute\" \/>\n<script type=\"application\/ld+json\" class=\"yoast-schema-graph\">{\"@context\":\"https:\\\/\\\/schema.org\",\"@graph\":[{\"@type\":\"WebPage\",\"@id\":\"https:\\\/\\\/www.navarroaubanell.com\\\/ca\\\/producte\\\/silla-hari\\\/\",\"url\":\"https:\\\/\\\/www.navarroaubanell.com\\\/ca\\\/producte\\\/silla-hari\\\/\",\"name\":\"Silla Hari. Cadira ideal per interiorisme - Navarro Aubanell\",\"isPartOf\":{\"@id\":\"https:\\\/\\\/www.navarroaubanell.com\\\/ca\\\/#website\"},\"primaryImageOfPage\":{\"@id\":\"https:\\\/\\\/www.navarroaubanell.com\\\/ca\\\/producte\\\/silla-hari\\\/#primaryimage\"},\"image\":{\"@id\":\"https:\\\/\\\/www.navarroaubanell.com\\\/ca\\\/producte\\\/silla-hari\\\/#primaryimage\"},\"thumbnailUrl\":\"https:\\\/\\\/www.navarroaubanell.com\\\/wp-content\\\/uploads\\\/2023\\\/11\\\/HARI-5.jpg\",\"datePublished\":\"2023-11-17T10:01:38+00:00\",\"dateModified\":\"2024-06-14T09:30:12+00:00\",\"description\":\"Hari\u00a0\u00e9s una cadira inspirada en el m\u00f3n dels telers t\u00e8xtils amb una visual molt industrial i la delicadesa dels fils per a crear una cadira subtil i elegant.\",\"breadcrumb\":{\"@id\":\"https:\\\/\\\/www.navarroaubanell.com\\\/ca\\\/producte\\\/silla-hari\\\/#breadcrumb\"},\"inLanguage\":\"ca\",\"potentialAction\":[{\"@type\":\"ReadAction\",\"target\":[\"https:\\\/\\\/www.navarroaubanell.com\\\/ca\\\/producte\\\/silla-hari\\\/\"]}]},{\"@type\":\"ImageObject\",\"inLanguage\":\"ca\",\"@id\":\"https:\\\/\\\/www.navarroaubanell.com\\\/ca\\\/producte\\\/silla-hari\\\/#primaryimage\",\"url\":\"https:\\\/\\\/www.navarroaubanell.com\\\/wp-content\\\/uploads\\\/2023\\\/11\\\/HARI-5.jpg\",\"contentUrl\":\"https:\\\/\\\/www.navarroaubanell.com\\\/wp-content\\\/uploads\\\/2023\\\/11\\\/HARI-5.jpg\",\"width\":800,\"height\":650},{\"@type\":\"BreadcrumbList\",\"@id\":\"https:\\\/\\\/www.navarroaubanell.com\\\/ca\\\/producte\\\/silla-hari\\\/#breadcrumb\",\"itemListElement\":[{\"@type\":\"ListItem\",\"position\":1,\"name\":\"Portada\",\"item\":\"https:\\\/\\\/www.navarroaubanell.com\\\/ca\\\/\"},{\"@type\":\"ListItem\",\"position\":2,\"name\":\"Productes\",\"item\":\"https:\\\/\\\/www.navarroaubanell.com\\\/productos\\\/\"},{\"@type\":\"ListItem\",\"position\":3,\"name\":\"Silla Hari\"}]},{\"@type\":\"WebSite\",\"@id\":\"https:\\\/\\\/www.navarroaubanell.com\\\/ca\\\/#website\",\"url\":\"https:\\\/\\\/www.navarroaubanell.com\\\/ca\\\/\",\"name\":\"Navarro Aubanell\",\"description\":\"Mobiliario para hoteler\u00eda, colectividades y oficinas\",\"publisher\":{\"@id\":\"https:\\\/\\\/www.navarroaubanell.com\\\/ca\\\/#organization\"},\"potentialAction\":[{\"@type\":\"SearchAction\",\"target\":{\"@type\":\"EntryPoint\",\"urlTemplate\":\"https:\\\/\\\/www.navarroaubanell.com\\\/ca\\\/?s={search_term_string}\"},\"query-input\":{\"@type\":\"PropertyValueSpecification\",\"valueRequired\":true,\"valueName\":\"search_term_string\"}}],\"inLanguage\":\"ca\"},{\"@type\":\"Organization\",\"@id\":\"https:\\\/\\\/www.navarroaubanell.com\\\/ca\\\/#organization\",\"name\":\"COMERCIAL NAVARRO AUBANELL, S.A\",\"url\":\"https:\\\/\\\/www.navarroaubanell.com\\\/ca\\\/\",\"logo\":{\"@type\":\"ImageObject\",\"inLanguage\":\"ca\",\"@id\":\"https:\\\/\\\/www.navarroaubanell.com\\\/ca\\\/#\\\/schema\\\/logo\\\/image\\\/\",\"url\":\"https:\\\/\\\/www.navarroaubanell.com\\\/wp-content\\\/uploads\\\/2017\\\/07\\\/logo-navarro-aubuanell.png\",\"contentUrl\":\"https:\\\/\\\/www.navarroaubanell.com\\\/wp-content\\\/uploads\\\/2017\\\/07\\\/logo-navarro-aubuanell.png\",\"width\":6304,\"height\":1154,\"caption\":\"COMERCIAL NAVARRO AUBANELL, S.A\"},\"image\":{\"@id\":\"https:\\\/\\\/www.navarroaubanell.com\\\/ca\\\/#\\\/schema\\\/logo\\\/image\\\/\"}}]}<\/script>\n<!-- \/ Yoast SEO plugin. -->","yoast_head_json":{"title":"Silla Hari. Cadira ideal per interiorisme - Navarro Aubanell","description":"Hari\u00a0\u00e9s una cadira inspirada en el m\u00f3n dels telers t\u00e8xtils amb una visual molt industrial i la delicadesa dels fils per a crear una cadira subtil i elegant.","robots":{"index":"index","follow":"follow","max-snippet":"max-snippet:-1","max-image-preview":"max-image-preview:large","max-video-preview":"max-video-preview:-1"},"canonical":"https:\/\/www.navarroaubanell.com\/ca\/producte\/silla-hari\/","og_locale":"ca_ES","og_type":"article","og_title":"Silla Hari. Cadira ideal per interiorisme - Navarro Aubanell","og_description":"Hari\u00a0\u00e9s una cadira inspirada en el m\u00f3n dels telers t\u00e8xtils amb una visual molt industrial i la delicadesa dels fils per a crear una cadira subtil i elegant.","og_url":"https:\/\/www.navarroaubanell.com\/ca\/producte\/silla-hari\/","og_site_name":"Navarro Aubanell","article_modified_time":"2024-06-14T09:30:12+00:00","og_image":[{"width":800,"height":650,"url":"https:\/\/www.navarroaubanell.com\/wp-content\/uploads\/2023\/11\/HARI-5.jpg","type":"image\/jpeg"}],"twitter_misc":{"Est. reading time":"1 minute"},"schema":{"@context":"https:\/\/schema.org","@graph":[{"@type":"WebPage","@id":"https:\/\/www.navarroaubanell.com\/ca\/producte\/silla-hari\/","url":"https:\/\/www.navarroaubanell.com\/ca\/producte\/silla-hari\/","name":"Silla Hari. Cadira ideal per interiorisme - Navarro Aubanell","isPartOf":{"@id":"https:\/\/www.navarroaubanell.com\/ca\/#website"},"primaryImageOfPage":{"@id":"https:\/\/www.navarroaubanell.com\/ca\/producte\/silla-hari\/#primaryimage"},"image":{"@id":"https:\/\/www.navarroaubanell.com\/ca\/producte\/silla-hari\/#primaryimage"},"thumbnailUrl":"https:\/\/www.navarroaubanell.com\/wp-content\/uploads\/2023\/11\/HARI-5.jpg","datePublished":"2023-11-17T10:01:38+00:00","dateModified":"2024-06-14T09:30:12+00:00","description":"Hari\u00a0\u00e9s una cadira inspirada en el m\u00f3n dels telers t\u00e8xtils amb una visual molt industrial i la delicadesa dels fils per a crear una cadira subtil i elegant.","breadcrumb":{"@id":"https:\/\/www.navarroaubanell.com\/ca\/producte\/silla-hari\/#breadcrumb"},"inLanguage":"ca","potentialAction":[{"@type":"ReadAction","target":["https:\/\/www.navarroaubanell.com\/ca\/producte\/silla-hari\/"]}]},{"@type":"ImageObject","inLanguage":"ca","@id":"https:\/\/www.navarroaubanell.com\/ca\/producte\/silla-hari\/#primaryimage","url":"https:\/\/www.navarroaubanell.com\/wp-content\/uploads\/2023\/11\/HARI-5.jpg","contentUrl":"https:\/\/www.navarroaubanell.com\/wp-content\/uploads\/2023\/11\/HARI-5.jpg","width":800,"height":650},{"@type":"BreadcrumbList","@id":"https:\/\/www.navarroaubanell.com\/ca\/producte\/silla-hari\/#breadcrumb","itemListElement":[{"@type":"ListItem","position":1,"name":"Portada","item":"https:\/\/www.navarroaubanell.com\/ca\/"},{"@type":"ListItem","position":2,"name":"Productes","item":"https:\/\/www.navarroaubanell.com\/productos\/"},{"@type":"ListItem","position":3,"name":"Silla Hari"}]},{"@type":"WebSite","@id":"https:\/\/www.navarroaubanell.com\/ca\/#website","url":"https:\/\/www.navarroaubanell.com\/ca\/","name":"Navarro Aubanell","description":"Mobiliario para hoteler\u00eda, colectividades y oficinas","publisher":{"@id":"https:\/\/www.navarroaubanell.com\/ca\/#organization"},"potentialAction":[{"@type":"SearchAction","target":{"@type":"EntryPoint","urlTemplate":"https:\/\/www.navarroaubanell.com\/ca\/?s={search_term_string}"},"query-input":{"@type":"PropertyValueSpecification","valueRequired":true,"valueName":"search_term_string"}}],"inLanguage":"ca"},{"@type":"Organization","@id":"https:\/\/www.navarroaubanell.com\/ca\/#organization","name":"COMERCIAL NAVARRO AUBANELL, S.A","url":"https:\/\/www.navarroaubanell.com\/ca\/","logo":{"@type":"ImageObject","inLanguage":"ca","@id":"https:\/\/www.navarroaubanell.com\/ca\/#\/schema\/logo\/image\/","url":"https:\/\/www.navarroaubanell.com\/wp-content\/uploads\/2017\/07\/logo-navarro-aubuanell.png","contentUrl":"https:\/\/www.navarroaubanell.com\/wp-content\/uploads\/2017\/07\/logo-navarro-aubuanell.png","width":6304,"height":1154,"caption":"COMERCIAL NAVARRO AUBANELL, S.A"},"image":{"@id":"https:\/\/www.navarroaubanell.com\/ca\/#\/schema\/logo\/image\/"}}]}},"_links":{"self":[{"href":"https:\/\/www.navarroaubanell.com\/ca\/wp-json\/wp\/v2\/product\/32517","targetHints":{"allow":["GET"]}}],"collection":[{"href":"https:\/\/www.navarroaubanell.com\/ca\/wp-json\/wp\/v2\/product"}],"about":[{"href":"https:\/\/www.navarroaubanell.com\/ca\/wp-json\/wp\/v2\/types\/product"}],"wp:featuredmedia":[{"embeddable":true,"href":"https:\/\/www.navarroaubanell.com\/ca\/wp-json\/wp\/v2\/media\/32505"}],"wp:attachment":[{"href":"https:\/\/www.navarroaubanell.com\/ca\/wp-json\/wp\/v2\/media?parent=32517"}],"wp:term":[{"taxonomy":"product_brand","embeddable":true,"href":"https:\/\/www.navarroaubanell.com\/ca\/wp-json\/wp\/v2\/product_brand?post=32517"},{"taxonomy":"product_cat","embeddable":true,"href":"https:\/\/www.navarroaubanell.com\/ca\/wp-json\/wp\/v2\/product_cat?post=32517"},{"taxonomy":"product_tag","embeddable":true,"href":"https:\/\/www.navarroaubanell.com\/ca\/wp-json\/wp\/v2\/product_tag?post=32517"}],"curies":[{"name":"wp","href":"https:\/\/api.w.org\/{rel}","templated":true}]}}