{"id":32056,"date":"2022-11-17T11:09:12","date_gmt":"2022-11-17T10:09:12","guid":{"rendered":"https:\/\/www.navarroaubanell.com\/producto\/sillun-hug\/"},"modified":"2022-11-17T11:20:29","modified_gmt":"2022-11-17T10:20:29","slug":"sillun-hug","status":"publish","type":"product","link":"https:\/\/www.navarroaubanell.com\/ca\/producte\/sillun-hug\/","title":{"rendered":"Cadira de bra\u00e7os Hug"},"content":{"rendered":"<p id=\"tw-target-text\" class=\"tw-data-text tw-text-large tw-ta\" dir=\"ltr\" data-placeholder=\"Traducci\u00f3\"><span class=\"Y2IQFc\" lang=\"ca\">La nova l\u00ednia de cadires Hug suposa un retorn als or\u00edgens de S\u2022CAB. De fet, es va optar pel tecnopol\u00edmer per fabricar-lo, per\u00f2 revisat en clau contempor\u00e0nia amb la voluntat de ser cada cop m\u00e9s sostenible en nom d&#8217;unes bones pr\u00e0ctiques concretes a favor del medi ambient. <\/span><\/p>\n<p class=\"tw-data-text tw-text-large tw-ta\" dir=\"ltr\" data-placeholder=\"Traducci\u00f3\"><span class=\"Y2IQFc\" lang=\"ca\">Per Hug, per tant, es tria un material regenerat per PCR postindustrial certificat. La cadira i la butaca arriben a un nivell qualitatiu i \u00e8tic superior, donant vida a una col\u00b7lecci\u00f3 creativament verda apta tant per a \u00fas interior com exterior. <\/span><\/p>\n<p class=\"tw-data-text tw-text-large tw-ta\" dir=\"ltr\" data-placeholder=\"Traducci\u00f3\"><span class=\"Y2IQFc\" lang=\"ca\">S&#8217;ha dissenyat un element extremadament caracter\u00edstic per a Hug: entre el seient i el respatller, amb formes arrodonides i equilibrades, els dissenyadors han introdu\u00eft un element de banda, definit per un motiu de ratlles amb relleu per tota la superf\u00edcie i envoltant com una abra\u00e7ada.<\/span><\/p>\n","protected":false},"excerpt":{"rendered":"<p>La nova l\u00ednia de cadires Hug suposa un retorn als or\u00edgens de S\u2022CAB. De fet, es va optar pel tecnopol\u00edmer per fabricar-lo, per\u00f2 revisat en clau contempor\u00e0nia amb la voluntat de ser cada cop m\u00e9s sostenible en nom d&#8217;unes bones pr\u00e0ctiques concretes a favor del medi ambient. Per Hug, per tant, es tria un material&hellip;<\/p>\n","protected":false},"featured_media":32029,"template":"","meta":{"_acf_changed":false},"product_brand":[1105],"product_cat":[573,563],"product_tag":[749,640,1114,1102,1115],"class_list":{"0":"post-32056","1":"product","2":"type-product","3":"status-publish","4":"has-post-thumbnail","6":"product_brand-scab-ca-2","7":"product_cat-cadires-de-bracos-exterior","8":"product_cat-exterior-ca","9":"product_tag-cadira-de-barcos","10":"product_tag-exterior-ca","11":"product_tag-hug-ca","12":"product_tag-scab-ca","13":"product_tag-tecnopolimero-ca","14":"description-off","16":"first","17":"instock","18":"shipping-taxable","19":"product-type-simple"},"acf":[],"yoast_head":"<!-- This site is optimized with the Yoast SEO plugin v27.0 - https:\/\/yoast.com\/product\/yoast-seo-wordpress\/ -->\n<title>Cadira de bra\u00e7os Hug - Navarro Aubanell<\/title>\n<meta name=\"description\" content=\"La nova l\u00ednia de cadires Hug suposa un retorn als or\u00edgens de S\u2022CAB. De fet, es va optar pel tecnopol\u00edmer per fabricar-lo.\" \/>\n<meta name=\"robots\" content=\"index, follow, max-snippet:-1, max-image-preview:large, max-video-preview:-1\" \/>\n<link rel=\"canonical\" href=\"https:\/\/www.navarroaubanell.com\/ca\/producte\/sillun-hug\/\" \/>\n<meta property=\"og:locale\" content=\"ca_ES\" \/>\n<meta property=\"og:type\" content=\"article\" \/>\n<meta property=\"og:title\" content=\"Cadira de bra\u00e7os Hug - Navarro Aubanell\" \/>\n<meta property=\"og:description\" content=\"La nova l\u00ednia de cadires Hug suposa un retorn als or\u00edgens de S\u2022CAB. De fet, es va optar pel tecnopol\u00edmer per fabricar-lo.\" \/>\n<meta property=\"og:url\" content=\"https:\/\/www.navarroaubanell.com\/ca\/producte\/sillun-hug\/\" \/>\n<meta property=\"og:site_name\" content=\"Navarro Aubanell\" \/>\n<meta property=\"article:modified_time\" content=\"2022-11-17T10:20:29+00:00\" \/>\n<meta property=\"og:image\" content=\"https:\/\/www.navarroaubanell.com\/wp-content\/uploads\/2022\/11\/HUG-1.jpg\" \/>\n\t<meta property=\"og:image:width\" content=\"800\" \/>\n\t<meta property=\"og:image:height\" content=\"600\" \/>\n\t<meta property=\"og:image:type\" content=\"image\/jpeg\" \/>\n<meta name=\"twitter:label1\" content=\"Est. reading time\" \/>\n\t<meta name=\"twitter:data1\" content=\"1 minute\" \/>\n<script type=\"application\/ld+json\" class=\"yoast-schema-graph\">{\"@context\":\"https:\/\/schema.org\",\"@graph\":[{\"@type\":\"WebPage\",\"@id\":\"https:\/\/www.navarroaubanell.com\/ca\/producte\/sillun-hug\/\",\"url\":\"https:\/\/www.navarroaubanell.com\/ca\/producte\/sillun-hug\/\",\"name\":\"Cadira de bra\u00e7os Hug - Navarro Aubanell\",\"isPartOf\":{\"@id\":\"https:\/\/www.navarroaubanell.com\/ca\/#website\"},\"primaryImageOfPage\":{\"@id\":\"https:\/\/www.navarroaubanell.com\/ca\/producte\/sillun-hug\/#primaryimage\"},\"image\":{\"@id\":\"https:\/\/www.navarroaubanell.com\/ca\/producte\/sillun-hug\/#primaryimage\"},\"thumbnailUrl\":\"https:\/\/www.navarroaubanell.com\/wp-content\/uploads\/2022\/11\/HUG-1.jpg\",\"datePublished\":\"2022-11-17T10:09:12+00:00\",\"dateModified\":\"2022-11-17T10:20:29+00:00\",\"description\":\"La nova l\u00ednia de cadires Hug suposa un retorn als or\u00edgens de S\u2022CAB. De fet, es va optar pel tecnopol\u00edmer per fabricar-lo.\",\"breadcrumb\":{\"@id\":\"https:\/\/www.navarroaubanell.com\/ca\/producte\/sillun-hug\/#breadcrumb\"},\"inLanguage\":\"ca\",\"potentialAction\":[{\"@type\":\"ReadAction\",\"target\":[\"https:\/\/www.navarroaubanell.com\/ca\/producte\/sillun-hug\/\"]}]},{\"@type\":\"ImageObject\",\"inLanguage\":\"ca\",\"@id\":\"https:\/\/www.navarroaubanell.com\/ca\/producte\/sillun-hug\/#primaryimage\",\"url\":\"https:\/\/www.navarroaubanell.com\/wp-content\/uploads\/2022\/11\/HUG-1.jpg\",\"contentUrl\":\"https:\/\/www.navarroaubanell.com\/wp-content\/uploads\/2022\/11\/HUG-1.jpg\",\"width\":800,\"height\":600,\"caption\":\"CREATOR: gd-jpeg v1.0 (using IJG JPEG v62), quality = 90\"},{\"@type\":\"BreadcrumbList\",\"@id\":\"https:\/\/www.navarroaubanell.com\/ca\/producte\/sillun-hug\/#breadcrumb\",\"itemListElement\":[{\"@type\":\"ListItem\",\"position\":1,\"name\":\"Portada\",\"item\":\"https:\/\/www.navarroaubanell.com\/ca\/\"},{\"@type\":\"ListItem\",\"position\":2,\"name\":\"Productes\",\"item\":\"https:\/\/www.navarroaubanell.com\/productos\/\"},{\"@type\":\"ListItem\",\"position\":3,\"name\":\"Cadira de bra\u00e7os Hug\"}]},{\"@type\":\"WebSite\",\"@id\":\"https:\/\/www.navarroaubanell.com\/ca\/#website\",\"url\":\"https:\/\/www.navarroaubanell.com\/ca\/\",\"name\":\"Navarro Aubanell\",\"description\":\"Mobiliario para hoteler\u00eda, colectividades y oficinas\",\"publisher\":{\"@id\":\"https:\/\/www.navarroaubanell.com\/ca\/#organization\"},\"potentialAction\":[{\"@type\":\"SearchAction\",\"target\":{\"@type\":\"EntryPoint\",\"urlTemplate\":\"https:\/\/www.navarroaubanell.com\/ca\/?s={search_term_string}\"},\"query-input\":{\"@type\":\"PropertyValueSpecification\",\"valueRequired\":true,\"valueName\":\"search_term_string\"}}],\"inLanguage\":\"ca\"},{\"@type\":\"Organization\",\"@id\":\"https:\/\/www.navarroaubanell.com\/ca\/#organization\",\"name\":\"COMERCIAL NAVARRO AUBANELL, S.A\",\"url\":\"https:\/\/www.navarroaubanell.com\/ca\/\",\"logo\":{\"@type\":\"ImageObject\",\"inLanguage\":\"ca\",\"@id\":\"https:\/\/www.navarroaubanell.com\/ca\/#\/schema\/logo\/image\/\",\"url\":\"https:\/\/www.navarroaubanell.com\/wp-content\/uploads\/2017\/07\/logo-navarro-aubuanell.png\",\"contentUrl\":\"https:\/\/www.navarroaubanell.com\/wp-content\/uploads\/2017\/07\/logo-navarro-aubuanell.png\",\"width\":6304,\"height\":1154,\"caption\":\"COMERCIAL NAVARRO AUBANELL, S.A\"},\"image\":{\"@id\":\"https:\/\/www.navarroaubanell.com\/ca\/#\/schema\/logo\/image\/\"}}]}<\/script>\n<!-- \/ Yoast SEO plugin. -->","yoast_head_json":{"title":"Cadira de bra\u00e7os Hug - Navarro Aubanell","description":"La nova l\u00ednia de cadires Hug suposa un retorn als or\u00edgens de S\u2022CAB. De fet, es va optar pel tecnopol\u00edmer per fabricar-lo.","robots":{"index":"index","follow":"follow","max-snippet":"max-snippet:-1","max-image-preview":"max-image-preview:large","max-video-preview":"max-video-preview:-1"},"canonical":"https:\/\/www.navarroaubanell.com\/ca\/producte\/sillun-hug\/","og_locale":"ca_ES","og_type":"article","og_title":"Cadira de bra\u00e7os Hug - Navarro Aubanell","og_description":"La nova l\u00ednia de cadires Hug suposa un retorn als or\u00edgens de S\u2022CAB. De fet, es va optar pel tecnopol\u00edmer per fabricar-lo.","og_url":"https:\/\/www.navarroaubanell.com\/ca\/producte\/sillun-hug\/","og_site_name":"Navarro Aubanell","article_modified_time":"2022-11-17T10:20:29+00:00","og_image":[{"width":800,"height":600,"url":"https:\/\/www.navarroaubanell.com\/wp-content\/uploads\/2022\/11\/HUG-1.jpg","type":"image\/jpeg"}],"twitter_misc":{"Est. reading time":"1 minute"},"schema":{"@context":"https:\/\/schema.org","@graph":[{"@type":"WebPage","@id":"https:\/\/www.navarroaubanell.com\/ca\/producte\/sillun-hug\/","url":"https:\/\/www.navarroaubanell.com\/ca\/producte\/sillun-hug\/","name":"Cadira de bra\u00e7os Hug - Navarro Aubanell","isPartOf":{"@id":"https:\/\/www.navarroaubanell.com\/ca\/#website"},"primaryImageOfPage":{"@id":"https:\/\/www.navarroaubanell.com\/ca\/producte\/sillun-hug\/#primaryimage"},"image":{"@id":"https:\/\/www.navarroaubanell.com\/ca\/producte\/sillun-hug\/#primaryimage"},"thumbnailUrl":"https:\/\/www.navarroaubanell.com\/wp-content\/uploads\/2022\/11\/HUG-1.jpg","datePublished":"2022-11-17T10:09:12+00:00","dateModified":"2022-11-17T10:20:29+00:00","description":"La nova l\u00ednia de cadires Hug suposa un retorn als or\u00edgens de S\u2022CAB. De fet, es va optar pel tecnopol\u00edmer per fabricar-lo.","breadcrumb":{"@id":"https:\/\/www.navarroaubanell.com\/ca\/producte\/sillun-hug\/#breadcrumb"},"inLanguage":"ca","potentialAction":[{"@type":"ReadAction","target":["https:\/\/www.navarroaubanell.com\/ca\/producte\/sillun-hug\/"]}]},{"@type":"ImageObject","inLanguage":"ca","@id":"https:\/\/www.navarroaubanell.com\/ca\/producte\/sillun-hug\/#primaryimage","url":"https:\/\/www.navarroaubanell.com\/wp-content\/uploads\/2022\/11\/HUG-1.jpg","contentUrl":"https:\/\/www.navarroaubanell.com\/wp-content\/uploads\/2022\/11\/HUG-1.jpg","width":800,"height":600,"caption":"CREATOR: gd-jpeg v1.0 (using IJG JPEG v62), quality = 90"},{"@type":"BreadcrumbList","@id":"https:\/\/www.navarroaubanell.com\/ca\/producte\/sillun-hug\/#breadcrumb","itemListElement":[{"@type":"ListItem","position":1,"name":"Portada","item":"https:\/\/www.navarroaubanell.com\/ca\/"},{"@type":"ListItem","position":2,"name":"Productes","item":"https:\/\/www.navarroaubanell.com\/productos\/"},{"@type":"ListItem","position":3,"name":"Cadira de bra\u00e7os Hug"}]},{"@type":"WebSite","@id":"https:\/\/www.navarroaubanell.com\/ca\/#website","url":"https:\/\/www.navarroaubanell.com\/ca\/","name":"Navarro Aubanell","description":"Mobiliario para hoteler\u00eda, colectividades y oficinas","publisher":{"@id":"https:\/\/www.navarroaubanell.com\/ca\/#organization"},"potentialAction":[{"@type":"SearchAction","target":{"@type":"EntryPoint","urlTemplate":"https:\/\/www.navarroaubanell.com\/ca\/?s={search_term_string}"},"query-input":{"@type":"PropertyValueSpecification","valueRequired":true,"valueName":"search_term_string"}}],"inLanguage":"ca"},{"@type":"Organization","@id":"https:\/\/www.navarroaubanell.com\/ca\/#organization","name":"COMERCIAL NAVARRO AUBANELL, S.A","url":"https:\/\/www.navarroaubanell.com\/ca\/","logo":{"@type":"ImageObject","inLanguage":"ca","@id":"https:\/\/www.navarroaubanell.com\/ca\/#\/schema\/logo\/image\/","url":"https:\/\/www.navarroaubanell.com\/wp-content\/uploads\/2017\/07\/logo-navarro-aubuanell.png","contentUrl":"https:\/\/www.navarroaubanell.com\/wp-content\/uploads\/2017\/07\/logo-navarro-aubuanell.png","width":6304,"height":1154,"caption":"COMERCIAL NAVARRO AUBANELL, S.A"},"image":{"@id":"https:\/\/www.navarroaubanell.com\/ca\/#\/schema\/logo\/image\/"}}]}},"_links":{"self":[{"href":"https:\/\/www.navarroaubanell.com\/ca\/wp-json\/wp\/v2\/product\/32056","targetHints":{"allow":["GET"]}}],"collection":[{"href":"https:\/\/www.navarroaubanell.com\/ca\/wp-json\/wp\/v2\/product"}],"about":[{"href":"https:\/\/www.navarroaubanell.com\/ca\/wp-json\/wp\/v2\/types\/product"}],"wp:featuredmedia":[{"embeddable":true,"href":"https:\/\/www.navarroaubanell.com\/ca\/wp-json\/wp\/v2\/media\/32029"}],"wp:attachment":[{"href":"https:\/\/www.navarroaubanell.com\/ca\/wp-json\/wp\/v2\/media?parent=32056"}],"wp:term":[{"taxonomy":"product_brand","embeddable":true,"href":"https:\/\/www.navarroaubanell.com\/ca\/wp-json\/wp\/v2\/product_brand?post=32056"},{"taxonomy":"product_cat","embeddable":true,"href":"https:\/\/www.navarroaubanell.com\/ca\/wp-json\/wp\/v2\/product_cat?post=32056"},{"taxonomy":"product_tag","embeddable":true,"href":"https:\/\/www.navarroaubanell.com\/ca\/wp-json\/wp\/v2\/product_tag?post=32056"}],"curies":[{"name":"wp","href":"https:\/\/api.w.org\/{rel}","templated":true}]}}