{"id":32013,"date":"2022-11-15T12:07:26","date_gmt":"2022-11-15T11:07:26","guid":{"rendered":"https:\/\/www.navarroaubanell.com\/producto\/columpio-lisa-swing\/"},"modified":"2025-01-22T10:25:22","modified_gmt":"2025-01-22T09:25:22","slug":"gronxador-lisa-swing","status":"publish","type":"product","link":"https:\/\/www.navarroaubanell.com\/ca\/producte\/gronxador-lisa-swing\/","title":{"rendered":"Gronxador Lisa Swing"},"content":{"rendered":"<p>El gronxador Lisa Swing, en tub d&#8217;acer pintat en pols, t\u00e9 seient i respatller en corda n\u00e0utica teixida, en nombroses combinacions de colors. Est\u00e0 disponible per a enganxament personalitzat o amb una estructura autoportant dedicada, perqu\u00e8 pugui col\u00b7locar-se f\u00e0cilment en qualsevol entorn<\/p>\n","protected":false},"excerpt":{"rendered":"<p>El gronxador Lisa Swing, en tub d&#8217;acer pintat en pols, t\u00e9 seient i respatller en corda n\u00e0utica teixida, en nombroses combinacions de colors. Est\u00e0 disponible per a enganxament personalitzat o amb una estructura autoportant dedicada, perqu\u00e8 pugui col\u00b7locar-se f\u00e0cilment en qualsevol entorn<\/p>\n","protected":false},"featured_media":32004,"template":"","meta":{"_acf_changed":false},"product_brand":[1105],"product_cat":[564,1693,1694],"product_tag":[640,820,1109,1102],"class_list":{"0":"post-32013","1":"product","2":"type-product","3":"status-publish","4":"has-post-thumbnail","6":"product_brand-scab-ca-2","7":"product_cat-chill-out-ca","8":"product_cat-chill-out-2-ca","9":"product_cat-columpios-ca","10":"product_tag-exterior-ca","11":"product_tag-gronxador","12":"product_tag-lisa-swing-ca","13":"product_tag-scab-ca","14":"description-off","16":"first","17":"instock","18":"shipping-taxable","19":"product-type-simple"},"acf":[],"yoast_head":"<!-- This site is optimized with the Yoast SEO plugin v27.0 - https:\/\/yoast.com\/product\/yoast-seo-wordpress\/ -->\n<title>Gronxador Lisa Swing - Navarro Aubanell<\/title>\n<meta name=\"description\" content=\"El gronxador Lisa Swing, en tub d&#039;acer pintat en pols, t\u00e9 seient i respatller en corda n\u00e0utica teixida, en nombroses combinacions de colors.\" \/>\n<meta name=\"robots\" content=\"index, follow, max-snippet:-1, max-image-preview:large, max-video-preview:-1\" \/>\n<link rel=\"canonical\" href=\"https:\/\/www.navarroaubanell.com\/ca\/producte\/gronxador-lisa-swing\/\" \/>\n<meta property=\"og:locale\" content=\"ca_ES\" \/>\n<meta property=\"og:type\" content=\"article\" \/>\n<meta property=\"og:title\" content=\"Gronxador Lisa Swing - Navarro Aubanell\" \/>\n<meta property=\"og:description\" content=\"El gronxador Lisa Swing, en tub d&#039;acer pintat en pols, t\u00e9 seient i respatller en corda n\u00e0utica teixida, en nombroses combinacions de colors.\" \/>\n<meta property=\"og:url\" content=\"https:\/\/www.navarroaubanell.com\/ca\/producte\/gronxador-lisa-swing\/\" \/>\n<meta property=\"og:site_name\" content=\"Navarro Aubanell\" \/>\n<meta property=\"article:modified_time\" content=\"2025-01-22T09:25:22+00:00\" \/>\n<meta property=\"og:image\" content=\"https:\/\/www.navarroaubanell.com\/wp-content\/uploads\/2022\/11\/lisa-swing-1.jpg\" \/>\n\t<meta property=\"og:image:width\" content=\"800\" \/>\n\t<meta property=\"og:image:height\" content=\"600\" \/>\n\t<meta property=\"og:image:type\" content=\"image\/jpeg\" \/>\n<meta name=\"twitter:label1\" content=\"Est. reading time\" \/>\n\t<meta name=\"twitter:data1\" content=\"1 minute\" \/>\n<script type=\"application\/ld+json\" class=\"yoast-schema-graph\">{\"@context\":\"https:\/\/schema.org\",\"@graph\":[{\"@type\":\"WebPage\",\"@id\":\"https:\/\/www.navarroaubanell.com\/ca\/producte\/gronxador-lisa-swing\/\",\"url\":\"https:\/\/www.navarroaubanell.com\/ca\/producte\/gronxador-lisa-swing\/\",\"name\":\"Gronxador Lisa Swing - Navarro Aubanell\",\"isPartOf\":{\"@id\":\"https:\/\/www.navarroaubanell.com\/ca\/#website\"},\"primaryImageOfPage\":{\"@id\":\"https:\/\/www.navarroaubanell.com\/ca\/producte\/gronxador-lisa-swing\/#primaryimage\"},\"image\":{\"@id\":\"https:\/\/www.navarroaubanell.com\/ca\/producte\/gronxador-lisa-swing\/#primaryimage\"},\"thumbnailUrl\":\"https:\/\/www.navarroaubanell.com\/wp-content\/uploads\/2022\/11\/lisa-swing-1.jpg\",\"datePublished\":\"2022-11-15T11:07:26+00:00\",\"dateModified\":\"2025-01-22T09:25:22+00:00\",\"description\":\"El gronxador Lisa Swing, en tub d'acer pintat en pols, t\u00e9 seient i respatller en corda n\u00e0utica teixida, en nombroses combinacions de colors.\",\"breadcrumb\":{\"@id\":\"https:\/\/www.navarroaubanell.com\/ca\/producte\/gronxador-lisa-swing\/#breadcrumb\"},\"inLanguage\":\"ca\",\"potentialAction\":[{\"@type\":\"ReadAction\",\"target\":[\"https:\/\/www.navarroaubanell.com\/ca\/producte\/gronxador-lisa-swing\/\"]}]},{\"@type\":\"ImageObject\",\"inLanguage\":\"ca\",\"@id\":\"https:\/\/www.navarroaubanell.com\/ca\/producte\/gronxador-lisa-swing\/#primaryimage\",\"url\":\"https:\/\/www.navarroaubanell.com\/wp-content\/uploads\/2022\/11\/lisa-swing-1.jpg\",\"contentUrl\":\"https:\/\/www.navarroaubanell.com\/wp-content\/uploads\/2022\/11\/lisa-swing-1.jpg\",\"width\":800,\"height\":600},{\"@type\":\"BreadcrumbList\",\"@id\":\"https:\/\/www.navarroaubanell.com\/ca\/producte\/gronxador-lisa-swing\/#breadcrumb\",\"itemListElement\":[{\"@type\":\"ListItem\",\"position\":1,\"name\":\"Portada\",\"item\":\"https:\/\/www.navarroaubanell.com\/ca\/\"},{\"@type\":\"ListItem\",\"position\":2,\"name\":\"Productes\",\"item\":\"https:\/\/www.navarroaubanell.com\/productos\/\"},{\"@type\":\"ListItem\",\"position\":3,\"name\":\"Gronxador Lisa Swing\"}]},{\"@type\":\"WebSite\",\"@id\":\"https:\/\/www.navarroaubanell.com\/ca\/#website\",\"url\":\"https:\/\/www.navarroaubanell.com\/ca\/\",\"name\":\"Navarro Aubanell\",\"description\":\"Mobiliario para hoteler\u00eda, colectividades y oficinas\",\"publisher\":{\"@id\":\"https:\/\/www.navarroaubanell.com\/ca\/#organization\"},\"potentialAction\":[{\"@type\":\"SearchAction\",\"target\":{\"@type\":\"EntryPoint\",\"urlTemplate\":\"https:\/\/www.navarroaubanell.com\/ca\/?s={search_term_string}\"},\"query-input\":{\"@type\":\"PropertyValueSpecification\",\"valueRequired\":true,\"valueName\":\"search_term_string\"}}],\"inLanguage\":\"ca\"},{\"@type\":\"Organization\",\"@id\":\"https:\/\/www.navarroaubanell.com\/ca\/#organization\",\"name\":\"COMERCIAL NAVARRO AUBANELL, S.A\",\"url\":\"https:\/\/www.navarroaubanell.com\/ca\/\",\"logo\":{\"@type\":\"ImageObject\",\"inLanguage\":\"ca\",\"@id\":\"https:\/\/www.navarroaubanell.com\/ca\/#\/schema\/logo\/image\/\",\"url\":\"https:\/\/www.navarroaubanell.com\/wp-content\/uploads\/2017\/07\/logo-navarro-aubuanell.png\",\"contentUrl\":\"https:\/\/www.navarroaubanell.com\/wp-content\/uploads\/2017\/07\/logo-navarro-aubuanell.png\",\"width\":6304,\"height\":1154,\"caption\":\"COMERCIAL NAVARRO AUBANELL, S.A\"},\"image\":{\"@id\":\"https:\/\/www.navarroaubanell.com\/ca\/#\/schema\/logo\/image\/\"}}]}<\/script>\n<!-- \/ Yoast SEO plugin. -->","yoast_head_json":{"title":"Gronxador Lisa Swing - Navarro Aubanell","description":"El gronxador Lisa Swing, en tub d'acer pintat en pols, t\u00e9 seient i respatller en corda n\u00e0utica teixida, en nombroses combinacions de colors.","robots":{"index":"index","follow":"follow","max-snippet":"max-snippet:-1","max-image-preview":"max-image-preview:large","max-video-preview":"max-video-preview:-1"},"canonical":"https:\/\/www.navarroaubanell.com\/ca\/producte\/gronxador-lisa-swing\/","og_locale":"ca_ES","og_type":"article","og_title":"Gronxador Lisa Swing - Navarro Aubanell","og_description":"El gronxador Lisa Swing, en tub d'acer pintat en pols, t\u00e9 seient i respatller en corda n\u00e0utica teixida, en nombroses combinacions de colors.","og_url":"https:\/\/www.navarroaubanell.com\/ca\/producte\/gronxador-lisa-swing\/","og_site_name":"Navarro Aubanell","article_modified_time":"2025-01-22T09:25:22+00:00","og_image":[{"width":800,"height":600,"url":"https:\/\/www.navarroaubanell.com\/wp-content\/uploads\/2022\/11\/lisa-swing-1.jpg","type":"image\/jpeg"}],"twitter_misc":{"Est. reading time":"1 minute"},"schema":{"@context":"https:\/\/schema.org","@graph":[{"@type":"WebPage","@id":"https:\/\/www.navarroaubanell.com\/ca\/producte\/gronxador-lisa-swing\/","url":"https:\/\/www.navarroaubanell.com\/ca\/producte\/gronxador-lisa-swing\/","name":"Gronxador Lisa Swing - Navarro Aubanell","isPartOf":{"@id":"https:\/\/www.navarroaubanell.com\/ca\/#website"},"primaryImageOfPage":{"@id":"https:\/\/www.navarroaubanell.com\/ca\/producte\/gronxador-lisa-swing\/#primaryimage"},"image":{"@id":"https:\/\/www.navarroaubanell.com\/ca\/producte\/gronxador-lisa-swing\/#primaryimage"},"thumbnailUrl":"https:\/\/www.navarroaubanell.com\/wp-content\/uploads\/2022\/11\/lisa-swing-1.jpg","datePublished":"2022-11-15T11:07:26+00:00","dateModified":"2025-01-22T09:25:22+00:00","description":"El gronxador Lisa Swing, en tub d'acer pintat en pols, t\u00e9 seient i respatller en corda n\u00e0utica teixida, en nombroses combinacions de colors.","breadcrumb":{"@id":"https:\/\/www.navarroaubanell.com\/ca\/producte\/gronxador-lisa-swing\/#breadcrumb"},"inLanguage":"ca","potentialAction":[{"@type":"ReadAction","target":["https:\/\/www.navarroaubanell.com\/ca\/producte\/gronxador-lisa-swing\/"]}]},{"@type":"ImageObject","inLanguage":"ca","@id":"https:\/\/www.navarroaubanell.com\/ca\/producte\/gronxador-lisa-swing\/#primaryimage","url":"https:\/\/www.navarroaubanell.com\/wp-content\/uploads\/2022\/11\/lisa-swing-1.jpg","contentUrl":"https:\/\/www.navarroaubanell.com\/wp-content\/uploads\/2022\/11\/lisa-swing-1.jpg","width":800,"height":600},{"@type":"BreadcrumbList","@id":"https:\/\/www.navarroaubanell.com\/ca\/producte\/gronxador-lisa-swing\/#breadcrumb","itemListElement":[{"@type":"ListItem","position":1,"name":"Portada","item":"https:\/\/www.navarroaubanell.com\/ca\/"},{"@type":"ListItem","position":2,"name":"Productes","item":"https:\/\/www.navarroaubanell.com\/productos\/"},{"@type":"ListItem","position":3,"name":"Gronxador Lisa Swing"}]},{"@type":"WebSite","@id":"https:\/\/www.navarroaubanell.com\/ca\/#website","url":"https:\/\/www.navarroaubanell.com\/ca\/","name":"Navarro Aubanell","description":"Mobiliario para hoteler\u00eda, colectividades y oficinas","publisher":{"@id":"https:\/\/www.navarroaubanell.com\/ca\/#organization"},"potentialAction":[{"@type":"SearchAction","target":{"@type":"EntryPoint","urlTemplate":"https:\/\/www.navarroaubanell.com\/ca\/?s={search_term_string}"},"query-input":{"@type":"PropertyValueSpecification","valueRequired":true,"valueName":"search_term_string"}}],"inLanguage":"ca"},{"@type":"Organization","@id":"https:\/\/www.navarroaubanell.com\/ca\/#organization","name":"COMERCIAL NAVARRO AUBANELL, S.A","url":"https:\/\/www.navarroaubanell.com\/ca\/","logo":{"@type":"ImageObject","inLanguage":"ca","@id":"https:\/\/www.navarroaubanell.com\/ca\/#\/schema\/logo\/image\/","url":"https:\/\/www.navarroaubanell.com\/wp-content\/uploads\/2017\/07\/logo-navarro-aubuanell.png","contentUrl":"https:\/\/www.navarroaubanell.com\/wp-content\/uploads\/2017\/07\/logo-navarro-aubuanell.png","width":6304,"height":1154,"caption":"COMERCIAL NAVARRO AUBANELL, S.A"},"image":{"@id":"https:\/\/www.navarroaubanell.com\/ca\/#\/schema\/logo\/image\/"}}]}},"_links":{"self":[{"href":"https:\/\/www.navarroaubanell.com\/ca\/wp-json\/wp\/v2\/product\/32013","targetHints":{"allow":["GET"]}}],"collection":[{"href":"https:\/\/www.navarroaubanell.com\/ca\/wp-json\/wp\/v2\/product"}],"about":[{"href":"https:\/\/www.navarroaubanell.com\/ca\/wp-json\/wp\/v2\/types\/product"}],"wp:featuredmedia":[{"embeddable":true,"href":"https:\/\/www.navarroaubanell.com\/ca\/wp-json\/wp\/v2\/media\/32004"}],"wp:attachment":[{"href":"https:\/\/www.navarroaubanell.com\/ca\/wp-json\/wp\/v2\/media?parent=32013"}],"wp:term":[{"taxonomy":"product_brand","embeddable":true,"href":"https:\/\/www.navarroaubanell.com\/ca\/wp-json\/wp\/v2\/product_brand?post=32013"},{"taxonomy":"product_cat","embeddable":true,"href":"https:\/\/www.navarroaubanell.com\/ca\/wp-json\/wp\/v2\/product_cat?post=32013"},{"taxonomy":"product_tag","embeddable":true,"href":"https:\/\/www.navarroaubanell.com\/ca\/wp-json\/wp\/v2\/product_tag?post=32013"}],"curies":[{"name":"wp","href":"https:\/\/api.w.org\/{rel}","templated":true}]}}