{"id":31661,"date":"2021-03-03T13:06:11","date_gmt":"2021-03-03T12:06:11","guid":{"rendered":"https:\/\/www.navarroaubanell.com\/producto\/colchon-5-estrellas-sin-visco\/"},"modified":"2021-03-03T13:08:54","modified_gmt":"2021-03-03T12:08:54","slug":"colchon-5-estrellas-sin-visco","status":"publish","type":"product","link":"https:\/\/www.navarroaubanell.com\/ca\/producte\/colchon-5-estrellas-sin-visco\/","title":{"rendered":"Matal\u00e0s 5 Estrellas sense visco"},"content":{"rendered":"<p><span class=\"VIiyi\" lang=\"ca\"><span class=\"JLqJ4b\" data-language-for-alternatives=\"ca\" data-language-to-translate-into=\"es\" data-phrase-index=\"0\">El matal\u00e0s 5 estrellas sense visco combina el confort de la viscoel\u00e0stica, la transpiraci\u00f3 i super fermesa d\u2019una carcassa de molles bonell. Combina la fermesa cl\u00e0ssica d\u2019un matal\u00e0s bonell amb la comoditat d\u2019un matal\u00e0s HR.<\/span><\/span><\/p>\n<p><span class=\"VIiyi\" lang=\"ca\"><span class=\"JLqJ4b\" data-language-for-alternatives=\"ca\" data-language-to-translate-into=\"es\" data-phrase-index=\"0\">Amb una al\u00e7ada superior a 26cm, encoixinat amb teixit adamascat de fil ign\u00edfug.<\/span><\/span><\/p>\n<p><span class=\"VIiyi\" lang=\"ca\"><span class=\"JLqJ4b\" data-language-for-alternatives=\"ca\" data-language-to-translate-into=\"es\" data-phrase-index=\"0\">El nucli del matal\u00e0s est\u00e0 compost per una capa de 25mm de goma de 25kg d\u2019una fermesa superior per cada costat i un interior de carcassa de molles bonell de filferro de 2,3mm acerats amb vareta de refor\u00e7. La nostra carcassa de molles bonell porta un tractament especial de temperat de tots els seus components un cop fabricada la carcassa, consistent en mantenir la carcassa a una temperatura de 230 graus durant 30 minuts. Aquest proc\u00e9s de temperat ens garanteix la resist\u00e8ncia de les molles durant 10 anys. La carcassa de molles, posteriorment, porta una capa de repartiment de pesos de 1400gr \/ m2 i doble refor\u00e7, tant perimetral com lumbar, de goma de 25kg dura.<\/span><\/span><\/p>\n<p><span class=\"VIiyi\" lang=\"ca\"><span class=\"JLqJ4b\" data-language-for-alternatives=\"ca\" data-language-to-translate-into=\"es\" data-phrase-index=\"0\">La platabanda va a joc de el teixit del matal\u00e0s, encoixinada amb fibres at\u00e8rmiques de 150gr.<\/span><\/span><\/p>\n<p><span class=\"VIiyi\" lang=\"ca\"><span class=\"JLqJ4b\" data-language-for-alternatives=\"ca\" data-language-to-translate-into=\"es\" data-phrase-index=\"0\">Amb 4 airejadors de ventilaci\u00f3.<\/span><\/span><\/p>\n","protected":false},"excerpt":{"rendered":"<p>El matal\u00e0s 5 estrellas sense visco combina el confort de la viscoel\u00e0stica, la transpiraci\u00f3 i super fermesa d\u2019una carcassa de molles bonell. Combina la fermesa cl\u00e0ssica d\u2019un matal\u00e0s bonell amb la comoditat d\u2019un matal\u00e0s HR. Amb una al\u00e7ada superior a 26cm, encoixinat amb teixit adamascat de fil ign\u00edfug. El nucli del matal\u00e0s est\u00e0 compost per&hellip;<\/p>\n","protected":false},"featured_media":31660,"template":"","meta":{"_acf_changed":false},"product_brand":[],"product_cat":[541,545],"product_tag":[1060,618,826,818,1056],"class_list":{"0":"post-31661","1":"product","2":"type-product","3":"status-publish","4":"has-post-thumbnail","6":"product_cat-descans","7":"product_cat-matalassos","8":"product_tag-5-estrellas-sin-visco-ca","9":"product_tag-contract-ca","10":"product_tag-descans","11":"product_tag-matalassos","12":"product_tag-muelles-ca","13":"description-off","15":"first","16":"instock","17":"shipping-taxable","18":"product-type-simple"},"acf":[],"yoast_head":"<!-- This site is optimized with the Yoast SEO plugin v27.0 - https:\/\/yoast.com\/product\/yoast-seo-wordpress\/ -->\n<title>Matal\u00e0s 5 Estrellas sense visco - Navarro Aubanell<\/title>\n<meta name=\"description\" content=\"El matal\u00e0s 5 estrellas sense visco combina el confort de la viscoel\u00e0stica, la transpiraci\u00f3 i super fermesa d\u2019una carcassa de molles bonell.\" \/>\n<meta name=\"robots\" content=\"index, follow, max-snippet:-1, max-image-preview:large, max-video-preview:-1\" \/>\n<link rel=\"canonical\" href=\"https:\/\/www.navarroaubanell.com\/ca\/producte\/colchon-5-estrellas-sin-visco\/\" \/>\n<meta property=\"og:locale\" content=\"ca_ES\" \/>\n<meta property=\"og:type\" content=\"article\" \/>\n<meta property=\"og:title\" content=\"Matal\u00e0s 5 Estrellas sense visco - Navarro Aubanell\" \/>\n<meta property=\"og:description\" content=\"El matal\u00e0s 5 estrellas sense visco combina el confort de la viscoel\u00e0stica, la transpiraci\u00f3 i super fermesa d\u2019una carcassa de molles bonell.\" \/>\n<meta property=\"og:url\" content=\"https:\/\/www.navarroaubanell.com\/ca\/producte\/colchon-5-estrellas-sin-visco\/\" \/>\n<meta property=\"og:site_name\" content=\"Navarro Aubanell\" \/>\n<meta property=\"article:modified_time\" content=\"2021-03-03T12:08:54+00:00\" \/>\n<meta property=\"og:image\" content=\"https:\/\/www.navarroaubanell.com\/wp-content\/uploads\/2021\/03\/5-ESTRELLAS-SIN-VISCO.jpg\" \/>\n\t<meta property=\"og:image:width\" content=\"800\" \/>\n\t<meta property=\"og:image:height\" content=\"650\" \/>\n\t<meta property=\"og:image:type\" content=\"image\/jpeg\" \/>\n<meta name=\"twitter:label1\" content=\"Est. reading time\" \/>\n\t<meta name=\"twitter:data1\" content=\"1 minute\" \/>\n<script type=\"application\/ld+json\" class=\"yoast-schema-graph\">{\"@context\":\"https:\/\/schema.org\",\"@graph\":[{\"@type\":\"WebPage\",\"@id\":\"https:\/\/www.navarroaubanell.com\/ca\/producte\/colchon-5-estrellas-sin-visco\/\",\"url\":\"https:\/\/www.navarroaubanell.com\/ca\/producte\/colchon-5-estrellas-sin-visco\/\",\"name\":\"Matal\u00e0s 5 Estrellas sense visco - Navarro Aubanell\",\"isPartOf\":{\"@id\":\"https:\/\/www.navarroaubanell.com\/ca\/#website\"},\"primaryImageOfPage\":{\"@id\":\"https:\/\/www.navarroaubanell.com\/ca\/producte\/colchon-5-estrellas-sin-visco\/#primaryimage\"},\"image\":{\"@id\":\"https:\/\/www.navarroaubanell.com\/ca\/producte\/colchon-5-estrellas-sin-visco\/#primaryimage\"},\"thumbnailUrl\":\"https:\/\/www.navarroaubanell.com\/wp-content\/uploads\/2021\/03\/5-ESTRELLAS-SIN-VISCO.jpg\",\"datePublished\":\"2021-03-03T12:06:11+00:00\",\"dateModified\":\"2021-03-03T12:08:54+00:00\",\"description\":\"El matal\u00e0s 5 estrellas sense visco combina el confort de la viscoel\u00e0stica, la transpiraci\u00f3 i super fermesa d\u2019una carcassa de molles bonell.\",\"breadcrumb\":{\"@id\":\"https:\/\/www.navarroaubanell.com\/ca\/producte\/colchon-5-estrellas-sin-visco\/#breadcrumb\"},\"inLanguage\":\"ca\",\"potentialAction\":[{\"@type\":\"ReadAction\",\"target\":[\"https:\/\/www.navarroaubanell.com\/ca\/producte\/colchon-5-estrellas-sin-visco\/\"]}]},{\"@type\":\"ImageObject\",\"inLanguage\":\"ca\",\"@id\":\"https:\/\/www.navarroaubanell.com\/ca\/producte\/colchon-5-estrellas-sin-visco\/#primaryimage\",\"url\":\"https:\/\/www.navarroaubanell.com\/wp-content\/uploads\/2021\/03\/5-ESTRELLAS-SIN-VISCO.jpg\",\"contentUrl\":\"https:\/\/www.navarroaubanell.com\/wp-content\/uploads\/2021\/03\/5-ESTRELLAS-SIN-VISCO.jpg\",\"width\":800,\"height\":650},{\"@type\":\"BreadcrumbList\",\"@id\":\"https:\/\/www.navarroaubanell.com\/ca\/producte\/colchon-5-estrellas-sin-visco\/#breadcrumb\",\"itemListElement\":[{\"@type\":\"ListItem\",\"position\":1,\"name\":\"Portada\",\"item\":\"https:\/\/www.navarroaubanell.com\/ca\/\"},{\"@type\":\"ListItem\",\"position\":2,\"name\":\"Productes\",\"item\":\"https:\/\/www.navarroaubanell.com\/productos\/\"},{\"@type\":\"ListItem\",\"position\":3,\"name\":\"Matal\u00e0s 5 Estrellas sense visco\"}]},{\"@type\":\"WebSite\",\"@id\":\"https:\/\/www.navarroaubanell.com\/ca\/#website\",\"url\":\"https:\/\/www.navarroaubanell.com\/ca\/\",\"name\":\"Navarro Aubanell\",\"description\":\"Mobiliario para hoteler\u00eda, colectividades y oficinas\",\"publisher\":{\"@id\":\"https:\/\/www.navarroaubanell.com\/ca\/#organization\"},\"potentialAction\":[{\"@type\":\"SearchAction\",\"target\":{\"@type\":\"EntryPoint\",\"urlTemplate\":\"https:\/\/www.navarroaubanell.com\/ca\/?s={search_term_string}\"},\"query-input\":{\"@type\":\"PropertyValueSpecification\",\"valueRequired\":true,\"valueName\":\"search_term_string\"}}],\"inLanguage\":\"ca\"},{\"@type\":\"Organization\",\"@id\":\"https:\/\/www.navarroaubanell.com\/ca\/#organization\",\"name\":\"COMERCIAL NAVARRO AUBANELL, S.A\",\"url\":\"https:\/\/www.navarroaubanell.com\/ca\/\",\"logo\":{\"@type\":\"ImageObject\",\"inLanguage\":\"ca\",\"@id\":\"https:\/\/www.navarroaubanell.com\/ca\/#\/schema\/logo\/image\/\",\"url\":\"https:\/\/www.navarroaubanell.com\/wp-content\/uploads\/2017\/07\/logo-navarro-aubuanell.png\",\"contentUrl\":\"https:\/\/www.navarroaubanell.com\/wp-content\/uploads\/2017\/07\/logo-navarro-aubuanell.png\",\"width\":6304,\"height\":1154,\"caption\":\"COMERCIAL NAVARRO AUBANELL, S.A\"},\"image\":{\"@id\":\"https:\/\/www.navarroaubanell.com\/ca\/#\/schema\/logo\/image\/\"}}]}<\/script>\n<!-- \/ Yoast SEO plugin. -->","yoast_head_json":{"title":"Matal\u00e0s 5 Estrellas sense visco - Navarro Aubanell","description":"El matal\u00e0s 5 estrellas sense visco combina el confort de la viscoel\u00e0stica, la transpiraci\u00f3 i super fermesa d\u2019una carcassa de molles bonell.","robots":{"index":"index","follow":"follow","max-snippet":"max-snippet:-1","max-image-preview":"max-image-preview:large","max-video-preview":"max-video-preview:-1"},"canonical":"https:\/\/www.navarroaubanell.com\/ca\/producte\/colchon-5-estrellas-sin-visco\/","og_locale":"ca_ES","og_type":"article","og_title":"Matal\u00e0s 5 Estrellas sense visco - Navarro Aubanell","og_description":"El matal\u00e0s 5 estrellas sense visco combina el confort de la viscoel\u00e0stica, la transpiraci\u00f3 i super fermesa d\u2019una carcassa de molles bonell.","og_url":"https:\/\/www.navarroaubanell.com\/ca\/producte\/colchon-5-estrellas-sin-visco\/","og_site_name":"Navarro Aubanell","article_modified_time":"2021-03-03T12:08:54+00:00","og_image":[{"width":800,"height":650,"url":"https:\/\/www.navarroaubanell.com\/wp-content\/uploads\/2021\/03\/5-ESTRELLAS-SIN-VISCO.jpg","type":"image\/jpeg"}],"twitter_misc":{"Est. reading time":"1 minute"},"schema":{"@context":"https:\/\/schema.org","@graph":[{"@type":"WebPage","@id":"https:\/\/www.navarroaubanell.com\/ca\/producte\/colchon-5-estrellas-sin-visco\/","url":"https:\/\/www.navarroaubanell.com\/ca\/producte\/colchon-5-estrellas-sin-visco\/","name":"Matal\u00e0s 5 Estrellas sense visco - Navarro Aubanell","isPartOf":{"@id":"https:\/\/www.navarroaubanell.com\/ca\/#website"},"primaryImageOfPage":{"@id":"https:\/\/www.navarroaubanell.com\/ca\/producte\/colchon-5-estrellas-sin-visco\/#primaryimage"},"image":{"@id":"https:\/\/www.navarroaubanell.com\/ca\/producte\/colchon-5-estrellas-sin-visco\/#primaryimage"},"thumbnailUrl":"https:\/\/www.navarroaubanell.com\/wp-content\/uploads\/2021\/03\/5-ESTRELLAS-SIN-VISCO.jpg","datePublished":"2021-03-03T12:06:11+00:00","dateModified":"2021-03-03T12:08:54+00:00","description":"El matal\u00e0s 5 estrellas sense visco combina el confort de la viscoel\u00e0stica, la transpiraci\u00f3 i super fermesa d\u2019una carcassa de molles bonell.","breadcrumb":{"@id":"https:\/\/www.navarroaubanell.com\/ca\/producte\/colchon-5-estrellas-sin-visco\/#breadcrumb"},"inLanguage":"ca","potentialAction":[{"@type":"ReadAction","target":["https:\/\/www.navarroaubanell.com\/ca\/producte\/colchon-5-estrellas-sin-visco\/"]}]},{"@type":"ImageObject","inLanguage":"ca","@id":"https:\/\/www.navarroaubanell.com\/ca\/producte\/colchon-5-estrellas-sin-visco\/#primaryimage","url":"https:\/\/www.navarroaubanell.com\/wp-content\/uploads\/2021\/03\/5-ESTRELLAS-SIN-VISCO.jpg","contentUrl":"https:\/\/www.navarroaubanell.com\/wp-content\/uploads\/2021\/03\/5-ESTRELLAS-SIN-VISCO.jpg","width":800,"height":650},{"@type":"BreadcrumbList","@id":"https:\/\/www.navarroaubanell.com\/ca\/producte\/colchon-5-estrellas-sin-visco\/#breadcrumb","itemListElement":[{"@type":"ListItem","position":1,"name":"Portada","item":"https:\/\/www.navarroaubanell.com\/ca\/"},{"@type":"ListItem","position":2,"name":"Productes","item":"https:\/\/www.navarroaubanell.com\/productos\/"},{"@type":"ListItem","position":3,"name":"Matal\u00e0s 5 Estrellas sense visco"}]},{"@type":"WebSite","@id":"https:\/\/www.navarroaubanell.com\/ca\/#website","url":"https:\/\/www.navarroaubanell.com\/ca\/","name":"Navarro Aubanell","description":"Mobiliario para hoteler\u00eda, colectividades y oficinas","publisher":{"@id":"https:\/\/www.navarroaubanell.com\/ca\/#organization"},"potentialAction":[{"@type":"SearchAction","target":{"@type":"EntryPoint","urlTemplate":"https:\/\/www.navarroaubanell.com\/ca\/?s={search_term_string}"},"query-input":{"@type":"PropertyValueSpecification","valueRequired":true,"valueName":"search_term_string"}}],"inLanguage":"ca"},{"@type":"Organization","@id":"https:\/\/www.navarroaubanell.com\/ca\/#organization","name":"COMERCIAL NAVARRO AUBANELL, S.A","url":"https:\/\/www.navarroaubanell.com\/ca\/","logo":{"@type":"ImageObject","inLanguage":"ca","@id":"https:\/\/www.navarroaubanell.com\/ca\/#\/schema\/logo\/image\/","url":"https:\/\/www.navarroaubanell.com\/wp-content\/uploads\/2017\/07\/logo-navarro-aubuanell.png","contentUrl":"https:\/\/www.navarroaubanell.com\/wp-content\/uploads\/2017\/07\/logo-navarro-aubuanell.png","width":6304,"height":1154,"caption":"COMERCIAL NAVARRO AUBANELL, S.A"},"image":{"@id":"https:\/\/www.navarroaubanell.com\/ca\/#\/schema\/logo\/image\/"}}]}},"_links":{"self":[{"href":"https:\/\/www.navarroaubanell.com\/ca\/wp-json\/wp\/v2\/product\/31661","targetHints":{"allow":["GET"]}}],"collection":[{"href":"https:\/\/www.navarroaubanell.com\/ca\/wp-json\/wp\/v2\/product"}],"about":[{"href":"https:\/\/www.navarroaubanell.com\/ca\/wp-json\/wp\/v2\/types\/product"}],"wp:featuredmedia":[{"embeddable":true,"href":"https:\/\/www.navarroaubanell.com\/ca\/wp-json\/wp\/v2\/media\/31660"}],"wp:attachment":[{"href":"https:\/\/www.navarroaubanell.com\/ca\/wp-json\/wp\/v2\/media?parent=31661"}],"wp:term":[{"taxonomy":"product_brand","embeddable":true,"href":"https:\/\/www.navarroaubanell.com\/ca\/wp-json\/wp\/v2\/product_brand?post=31661"},{"taxonomy":"product_cat","embeddable":true,"href":"https:\/\/www.navarroaubanell.com\/ca\/wp-json\/wp\/v2\/product_cat?post=31661"},{"taxonomy":"product_tag","embeddable":true,"href":"https:\/\/www.navarroaubanell.com\/ca\/wp-json\/wp\/v2\/product_tag?post=31661"}],"curies":[{"name":"wp","href":"https:\/\/api.w.org\/{rel}","templated":true}]}}