{"id":31577,"date":"2021-03-02T13:12:12","date_gmt":"2021-03-02T12:12:12","guid":{"rendered":"https:\/\/www.navarroaubanell.com\/producto\/sofa-cama-a82-100\/"},"modified":"2021-03-02T13:41:31","modified_gmt":"2021-03-02T12:41:31","slug":"sofa-cama-a82-100","status":"publish","type":"product","link":"https:\/\/www.navarroaubanell.com\/ca\/producte\/sofa-cama-a82-100\/","title":{"rendered":"Sof\u00e0 llit A82-100"},"content":{"rendered":"<div class=\"FFpbKc\"><\/div>\n<h2 id=\"c22\" class=\"oBOnKe\"><span class=\"JLqJ4b ChMk0b\" style=\"font-size: 14px; font-weight: normal;\" data-language-for-alternatives=\"ca\" data-language-to-translate-into=\"es\" data-phrase-index=\"0\">El sof\u00e0<\/span> <span class=\"JLqJ4b ChMk0b\" style=\"font-size: 14px; font-weight: normal;\" data-language-for-alternatives=\"ca\" data-language-to-translate-into=\"es\" data-phrase-index=\"1\">llit<\/span> <span class=\"JLqJ4b ChMk0b\" style=\"font-size: 14px; font-weight: normal;\" data-language-for-alternatives=\"ca\" data-language-to-translate-into=\"es\" data-phrase-index=\"2\">A82-100<\/span> <span class=\"JLqJ4b ChMk0b\" style=\"font-size: 14px; font-weight: normal;\" data-language-for-alternatives=\"ca\" data-language-to-translate-into=\"es\" data-phrase-index=\"3\">est\u00e0<\/span> <span class=\"JLqJ4b ChMk0b\" style=\"font-size: 14px; font-weight: normal;\" data-language-for-alternatives=\"ca\" data-language-to-translate-into=\"es\" data-phrase-index=\"4\">fabricat<\/span> <span class=\"JLqJ4b ChMk0b\" style=\"font-size: 14px; font-weight: normal;\" data-language-for-alternatives=\"ca\" data-language-to-translate-into=\"es\" data-phrase-index=\"5\">amb<\/span> <span class=\"JLqJ4b ChMk0b\" style=\"font-size: 14px; font-weight: normal;\" data-language-for-alternatives=\"ca\" data-language-to-translate-into=\"es\" data-phrase-index=\"6\">estructura de fusta<\/span> <span class=\"JLqJ4b ChMk0b\" style=\"font-size: 14px; font-weight: normal;\" data-language-for-alternatives=\"ca\" data-language-to-translate-into=\"es\" data-phrase-index=\"7\">de pi<\/span> <span class=\"JLqJ4b ChMk0b\" style=\"font-size: 14px; font-weight: normal;\" data-language-for-alternatives=\"ca\" data-language-to-translate-into=\"es\" data-phrase-index=\"8\">i<\/span> <span class=\"JLqJ4b ChMk0b\" style=\"font-size: 14px; font-weight: normal;\" data-language-for-alternatives=\"ca\" data-language-to-translate-into=\"es\" data-phrase-index=\"9\">tauler<\/span> <span class=\"JLqJ4b ChMk0b\" style=\"font-size: 14px; font-weight: normal;\" data-language-for-alternatives=\"ca\" data-language-to-translate-into=\"es\" data-phrase-index=\"10\">de part\u00edcules<\/span> <span class=\"JLqJ4b ChMk0b\" style=\"font-size: 14px; font-weight: normal;\" data-language-for-alternatives=\"ca\" data-language-to-translate-into=\"es\" data-phrase-index=\"11\">recobert<\/span> <span class=\"JLqJ4b ChMk0b\" style=\"font-size: 14px; font-weight: normal;\" data-language-for-alternatives=\"ca\" data-language-to-translate-into=\"es\" data-phrase-index=\"12\">d&#8217;escuma<\/span> <span class=\"JLqJ4b ChMk0b\" style=\"font-size: 14px; font-weight: normal;\" data-language-for-alternatives=\"ca\" data-language-to-translate-into=\"es\" data-phrase-index=\"13\">PUR<\/span> <span class=\"JLqJ4b ChMk0b\" style=\"font-size: 14px; font-weight: normal;\" data-language-for-alternatives=\"ca\" data-language-to-translate-into=\"es\" data-phrase-index=\"14\">de diverses<\/span> <span class=\"JLqJ4b ChMk0b\" style=\"font-size: 14px; font-weight: normal;\" data-language-for-alternatives=\"ca\" data-language-to-translate-into=\"es\" data-phrase-index=\"15\">densitats.<\/span><\/h2>\n<h2 class=\"oBOnKe\"><span class=\"JLqJ4b ChMk0b\" style=\"font-size: 14px; font-weight: normal;\" data-language-for-alternatives=\"ca\" data-language-to-translate-into=\"es\" data-phrase-index=\"17\">Seient<\/span> <span class=\"JLqJ4b ChMk0b\" style=\"font-size: 14px; font-weight: normal;\" data-language-for-alternatives=\"ca\" data-language-to-translate-into=\"es\" data-phrase-index=\"18\">amb<\/span> <span class=\"JLqJ4b ChMk0b\" style=\"font-size: 14px; font-weight: normal;\" data-language-for-alternatives=\"ca\" data-language-to-translate-into=\"es\" data-phrase-index=\"19\">coix\u00ed<\/span> <span class=\"JLqJ4b ChMk0b\" style=\"font-size: 14px; font-weight: normal;\" data-language-for-alternatives=\"ca\" data-language-to-translate-into=\"es\" data-phrase-index=\"20\">desenfundable<\/span> <span class=\"JLqJ4b ChMk0b\" style=\"font-size: 14px; font-weight: normal;\" data-language-for-alternatives=\"ca\" data-language-to-translate-into=\"es\" data-phrase-index=\"21\">amb<\/span> <span class=\"JLqJ4b ChMk0b\" style=\"font-size: 14px; font-weight: normal;\" data-language-for-alternatives=\"ca\" data-language-to-translate-into=\"es\" data-phrase-index=\"22\">base d&#8217;escuma<\/span> <span class=\"JLqJ4b ChMk0b\" style=\"font-size: 14px; font-weight: normal;\" data-language-for-alternatives=\"ca\" data-language-to-translate-into=\"es\" data-phrase-index=\"23\">PUR<\/span> <span class=\"JLqJ4b ChMk0b\" style=\"font-size: 14px; font-weight: normal;\" data-language-for-alternatives=\"ca\" data-language-to-translate-into=\"es\" data-phrase-index=\"24\">de 30<\/span> <span class=\"JLqJ4b ChMk0b\" style=\"font-size: 14px; font-weight: normal;\" data-language-for-alternatives=\"ca\" data-language-to-translate-into=\"es\" data-phrase-index=\"25\">Kg<\/span> <span class=\"JLqJ4b ChMk0b\" style=\"font-size: 14px; font-weight: normal;\" data-language-for-alternatives=\"ca\" data-language-to-translate-into=\"es\" data-phrase-index=\"26\">\/<\/span> <span class=\"JLqJ4b ChMk0b\" style=\"font-size: 14px; font-weight: normal;\" data-language-for-alternatives=\"ca\" data-language-to-translate-into=\"es\" data-phrase-index=\"27\">m3<\/span> <span class=\"JLqJ4b ChMk0b\" style=\"font-size: 14px; font-weight: normal;\" data-language-for-alternatives=\"ca\" data-language-to-translate-into=\"es\" data-phrase-index=\"28\">HR i<\/span> <span class=\"JLqJ4b ChMk0b\" style=\"font-size: 14px; font-weight: normal;\" data-language-for-alternatives=\"ca\" data-language-to-translate-into=\"es\" data-phrase-index=\"29\">farcit<\/span> <span class=\"JLqJ4b ChMk0b\" style=\"font-size: 14px; font-weight: normal;\" data-language-for-alternatives=\"ca\" data-language-to-translate-into=\"es\" data-phrase-index=\"30\">superior<\/span> <span class=\"JLqJ4b ChMk0b\" style=\"font-size: 14px; font-weight: normal;\" data-language-for-alternatives=\"ca\" data-language-to-translate-into=\"es\" data-phrase-index=\"31\">de fibra<\/span> <span class=\"JLqJ4b ChMk0b\" style=\"font-size: 14px; font-weight: normal;\" data-language-for-alternatives=\"ca\" data-language-to-translate-into=\"es\" data-phrase-index=\"32\">soft<\/span><span class=\"JLqJ4b ChMk0b\" style=\"font-size: 14px; font-weight: normal;\" data-language-for-alternatives=\"ca\" data-language-to-translate-into=\"es\" data-phrase-index=\"33\">.<\/span><\/h2>\n<h2 class=\"oBOnKe\"><span class=\"JLqJ4b ChMk0b\" style=\"font-size: 14px; font-weight: normal;\" data-language-for-alternatives=\"ca\" data-language-to-translate-into=\"es\" data-phrase-index=\"35\">Respatller<\/span> <span class=\"JLqJ4b ChMk0b\" style=\"font-size: 14px; font-weight: normal;\" data-language-for-alternatives=\"ca\" data-language-to-translate-into=\"es\" data-phrase-index=\"36\">amb<\/span> <span class=\"JLqJ4b ChMk0b\" style=\"font-size: 14px; font-weight: normal;\" data-language-for-alternatives=\"ca\" data-language-to-translate-into=\"es\" data-phrase-index=\"37\">coix\u00ed<\/span> <span class=\"JLqJ4b ChMk0b\" style=\"font-size: 14px; font-weight: normal;\" data-language-for-alternatives=\"ca\" data-language-to-translate-into=\"es\" data-phrase-index=\"38\">desenfundable<\/span> <span class=\"JLqJ4b ChMk0b\" style=\"font-size: 14px; font-weight: normal;\" data-language-for-alternatives=\"ca\" data-language-to-translate-into=\"es\" data-phrase-index=\"39\">de fibra<\/span> <span class=\"JLqJ4b ChMk0b\" style=\"font-size: 14px; font-weight: normal;\" data-language-for-alternatives=\"ca\" data-language-to-translate-into=\"es\" data-phrase-index=\"40\">soft<\/span> <span class=\"JLqJ4b ChMk0b\" style=\"font-size: 14px; font-weight: normal;\" data-language-for-alternatives=\"ca\" data-language-to-translate-into=\"es\" data-phrase-index=\"41\">100%.<\/span> <span class=\"JLqJ4b ChMk0b\" style=\"font-size: 14px; font-weight: normal;\" data-language-for-alternatives=\"ca\" data-language-to-translate-into=\"es\" data-phrase-index=\"43\">Mecanisme<\/span> <span class=\"JLqJ4b ChMk0b\" style=\"font-size: 14px; font-weight: normal;\" data-language-for-alternatives=\"ca\" data-language-to-translate-into=\"es\" data-phrase-index=\"44\">met\u00e0l\u00b7lic,<\/span> <span class=\"JLqJ4b ChMk0b\" style=\"font-size: 14px; font-weight: normal;\" data-language-for-alternatives=\"ca\" data-language-to-translate-into=\"es\" data-phrase-index=\"45\">antioxidant<\/span> <span class=\"JLqJ4b ChMk0b\" style=\"font-size: 14px; font-weight: normal;\" data-language-for-alternatives=\"ca\" data-language-to-translate-into=\"es\" data-phrase-index=\"46\">i acabat<\/span> <span class=\"JLqJ4b ChMk0b\" style=\"font-size: 14px; font-weight: normal;\" data-language-for-alternatives=\"ca\" data-language-to-translate-into=\"es\" data-phrase-index=\"47\">amb resina<\/span> <span class=\"JLqJ4b ChMk0b\" style=\"font-size: 14px; font-weight: normal;\" data-language-for-alternatives=\"ca\" data-language-to-translate-into=\"es\" data-phrase-index=\"48\">epoxi<\/span><span class=\"JLqJ4b ChMk0b\" style=\"font-size: 14px; font-weight: normal;\" data-language-for-alternatives=\"ca\" data-language-to-translate-into=\"es\" data-phrase-index=\"49\">.<\/span><\/h2>\n<h2 class=\"oBOnKe\"><span class=\"JLqJ4b ChMk0b\" style=\"font-size: 14px; font-weight: normal;\" data-language-for-alternatives=\"ca\" data-language-to-translate-into=\"es\" data-phrase-index=\"51\">Somier<\/span> <span class=\"JLqJ4b ChMk0b\" style=\"font-size: 14px; font-weight: normal;\" data-language-for-alternatives=\"ca\" data-language-to-translate-into=\"es\" data-phrase-index=\"52\">met\u00e0l\u00b7lic<\/span> <span class=\"JLqJ4b ChMk0b\" style=\"font-size: 14px; font-weight: normal;\" data-language-for-alternatives=\"ca\" data-language-to-translate-into=\"es\" data-phrase-index=\"53\">de malla<\/span> <span class=\"JLqJ4b ChMk0b\" style=\"font-size: 14px; font-weight: normal;\" data-language-for-alternatives=\"ca\" data-language-to-translate-into=\"es\" data-phrase-index=\"54\">electrosoldada<\/span> <span class=\"JLqJ4b ChMk0b\" style=\"font-size: 14px; font-weight: normal;\" data-language-for-alternatives=\"ca\" data-language-to-translate-into=\"es\" data-phrase-index=\"55\">unit<\/span> <span class=\"JLqJ4b ChMk0b\" style=\"font-size: 14px; font-weight: normal;\" data-language-for-alternatives=\"ca\" data-language-to-translate-into=\"es\" data-phrase-index=\"56\">amb molles<\/span> <span class=\"JLqJ4b ChMk0b\" style=\"font-size: 14px; font-weight: normal;\" data-language-for-alternatives=\"ca\" data-language-to-translate-into=\"es\" data-phrase-index=\"57\">a<\/span><span class=\"JLqJ4b ChMk0b\" style=\"font-size: 14px; font-weight: normal;\" data-language-for-alternatives=\"ca\" data-language-to-translate-into=\"es\" data-phrase-index=\"58\">l <\/span><span class=\"JLqJ4b ChMk0b\" style=\"font-size: 14px; font-weight: normal;\" data-language-for-alternatives=\"ca\" data-language-to-translate-into=\"es\" data-phrase-index=\"59\">mecanisme<\/span> <span class=\"JLqJ4b ChMk0b\" style=\"font-size: 14px; font-weight: normal;\" data-language-for-alternatives=\"ca\" data-language-to-translate-into=\"es\" data-phrase-index=\"60\">i cingles<\/span> <span class=\"JLqJ4b ChMk0b\" style=\"font-size: 14px; font-weight: normal;\" data-language-for-alternatives=\"ca\" data-language-to-translate-into=\"es\" data-phrase-index=\"61\">el\u00e0stiques<\/span> <span class=\"JLqJ4b ChMk0b\" style=\"font-size: 14px; font-weight: normal;\" data-language-for-alternatives=\"ca\" data-language-to-translate-into=\"es\" data-phrase-index=\"62\">a la zona<\/span> <span class=\"JLqJ4b ChMk0b\" style=\"font-size: 14px; font-weight: normal;\" data-language-for-alternatives=\"ca\" data-language-to-translate-into=\"es\" data-phrase-index=\"63\">de<\/span> <span class=\"JLqJ4b ChMk0b\" style=\"font-size: 14px; font-weight: normal;\" data-language-for-alternatives=\"ca\" data-language-to-translate-into=\"es\" data-phrase-index=\"64\">l&#8217;assentament<\/span><span class=\"JLqJ4b ChMk0b\" style=\"font-size: 14px; font-weight: normal;\" data-language-for-alternatives=\"ca\" data-language-to-translate-into=\"es\" data-phrase-index=\"65\">,<\/span> <span class=\"JLqJ4b ChMk0b\" style=\"font-size: 14px; font-weight: normal;\" data-language-for-alternatives=\"ca\" data-language-to-translate-into=\"es\" data-phrase-index=\"66\">per a una correcta<\/span> <span class=\"JLqJ4b ChMk0b\" style=\"font-size: 14px; font-weight: normal;\" data-language-for-alternatives=\"ca\" data-language-to-translate-into=\"es\" data-phrase-index=\"67\">suspensi\u00f3<\/span> <span class=\"JLqJ4b ChMk0b\" style=\"font-size: 14px; font-weight: normal;\" data-language-for-alternatives=\"ca\" data-language-to-translate-into=\"es\" data-phrase-index=\"68\">en ambdues<\/span> <span class=\"JLqJ4b ChMk0b\" style=\"font-size: 14px; font-weight: normal;\" data-language-for-alternatives=\"ca\" data-language-to-translate-into=\"es\" data-phrase-index=\"69\">zones.<\/span><\/h2>\n<h2 class=\"oBOnKe\"><span class=\"JLqJ4b ChMk0b\" style=\"font-size: 14px; font-weight: normal;\" data-language-for-alternatives=\"ca\" data-language-to-translate-into=\"es\" data-phrase-index=\"71\">Potes de<\/span> <span class=\"JLqJ4b ChMk0b\" style=\"font-size: 14px; font-weight: normal;\" data-language-for-alternatives=\"ca\" data-language-to-translate-into=\"es\" data-phrase-index=\"72\">fusta<\/span> <span class=\"JLqJ4b ChMk0b\" style=\"font-size: 14px; font-weight: normal;\" data-language-for-alternatives=\"ca\" data-language-to-translate-into=\"es\" data-phrase-index=\"73\">lacada en<\/span> <span class=\"JLqJ4b ChMk0b\" style=\"font-size: 14px; font-weight: normal;\" data-language-for-alternatives=\"ca\" data-language-to-translate-into=\"es\" data-phrase-index=\"74\">wengu\u00e9<\/span><span class=\"JLqJ4b ChMk0b\" style=\"font-size: 14px; font-weight: normal;\" data-language-for-alternatives=\"ca\" data-language-to-translate-into=\"es\" data-phrase-index=\"75\">, roure<\/span> <span class=\"JLqJ4b ChMk0b\" style=\"font-size: 14px; font-weight: normal;\" data-language-for-alternatives=\"ca\" data-language-to-translate-into=\"es\" data-phrase-index=\"76\">o<\/span> <span class=\"JLqJ4b ChMk0b\" style=\"font-size: 14px; font-weight: normal;\" data-language-for-alternatives=\"ca\" data-language-to-translate-into=\"es\" data-phrase-index=\"77\">cendra<\/span><\/h2>\n","protected":false},"excerpt":{"rendered":"<p>El sof\u00e0 llit A82-100 est\u00e0 fabricat amb estructura de fusta de pi i tauler de part\u00edcules recobert d&#8217;escuma PUR de diverses densitats. Seient amb coix\u00ed desenfundable amb base d&#8217;escuma PUR de 30 Kg \/ m3 HR i farcit superior de fibra soft. Respatller amb coix\u00ed desenfundable de fibra soft 100%. Mecanisme met\u00e0l\u00b7lic, antioxidant i acabat&hellip;<\/p>\n","protected":false},"featured_media":31562,"template":"","meta":{"_acf_changed":false},"product_brand":[],"product_cat":[541,525,537,1169],"product_tag":[1040,618,986,664,757],"class_list":{"0":"post-31577","1":"product","2":"type-product","3":"status-publish","4":"has-post-thumbnail","6":"product_cat-descans","7":"product_cat-interior","8":"product_cat-sofas-llit","9":"product_cat-sofas-llit-ca","10":"product_tag-a82-100-ca","11":"product_tag-contract-ca","12":"product_tag-tapizado-ca","13":"product_tag-interior-ca","14":"product_tag-sofa-llit","15":"description-off","17":"first","18":"instock","19":"shipping-taxable","20":"product-type-simple"},"acf":[],"yoast_head":"<!-- This site is optimized with the Yoast SEO plugin v27.0 - https:\/\/yoast.com\/product\/yoast-seo-wordpress\/ -->\n<title>Sof\u00e0 llit A82-100 - Navarro Aubanell<\/title>\n<meta name=\"description\" content=\"El sof\u00e0 llit A82-100 est\u00e0 fabricat amb estructura de fusta de pi i tauler de part\u00edcules recobert d&#039;escuma PUR de diverses densitats.\" \/>\n<meta name=\"robots\" content=\"index, follow, max-snippet:-1, max-image-preview:large, max-video-preview:-1\" \/>\n<link rel=\"canonical\" href=\"https:\/\/www.navarroaubanell.com\/ca\/producte\/sofa-cama-a82-100\/\" \/>\n<meta property=\"og:locale\" content=\"ca_ES\" \/>\n<meta property=\"og:type\" content=\"article\" \/>\n<meta property=\"og:title\" content=\"Sof\u00e0 llit A82-100 - Navarro Aubanell\" \/>\n<meta property=\"og:description\" content=\"El sof\u00e0 llit A82-100 est\u00e0 fabricat amb estructura de fusta de pi i tauler de part\u00edcules recobert d&#039;escuma PUR de diverses densitats.\" \/>\n<meta property=\"og:url\" content=\"https:\/\/www.navarroaubanell.com\/ca\/producte\/sofa-cama-a82-100\/\" \/>\n<meta property=\"og:site_name\" content=\"Navarro Aubanell\" \/>\n<meta property=\"article:modified_time\" content=\"2021-03-02T12:41:31+00:00\" \/>\n<meta property=\"og:image\" content=\"https:\/\/www.navarroaubanell.com\/wp-content\/uploads\/2021\/03\/A82-100-1.jpg\" \/>\n\t<meta property=\"og:image:width\" content=\"800\" \/>\n\t<meta property=\"og:image:height\" content=\"650\" \/>\n\t<meta property=\"og:image:type\" content=\"image\/jpeg\" \/>\n<meta name=\"twitter:label1\" content=\"Est. reading time\" \/>\n\t<meta name=\"twitter:data1\" content=\"1 minute\" \/>\n<script type=\"application\/ld+json\" class=\"yoast-schema-graph\">{\"@context\":\"https:\/\/schema.org\",\"@graph\":[{\"@type\":\"WebPage\",\"@id\":\"https:\/\/www.navarroaubanell.com\/ca\/producte\/sofa-cama-a82-100\/\",\"url\":\"https:\/\/www.navarroaubanell.com\/ca\/producte\/sofa-cama-a82-100\/\",\"name\":\"Sof\u00e0 llit A82-100 - Navarro Aubanell\",\"isPartOf\":{\"@id\":\"https:\/\/www.navarroaubanell.com\/ca\/#website\"},\"primaryImageOfPage\":{\"@id\":\"https:\/\/www.navarroaubanell.com\/ca\/producte\/sofa-cama-a82-100\/#primaryimage\"},\"image\":{\"@id\":\"https:\/\/www.navarroaubanell.com\/ca\/producte\/sofa-cama-a82-100\/#primaryimage\"},\"thumbnailUrl\":\"https:\/\/www.navarroaubanell.com\/wp-content\/uploads\/2021\/03\/A82-100-1.jpg\",\"datePublished\":\"2021-03-02T12:12:12+00:00\",\"dateModified\":\"2021-03-02T12:41:31+00:00\",\"description\":\"El sof\u00e0 llit A82-100 est\u00e0 fabricat amb estructura de fusta de pi i tauler de part\u00edcules recobert d'escuma PUR de diverses densitats.\",\"breadcrumb\":{\"@id\":\"https:\/\/www.navarroaubanell.com\/ca\/producte\/sofa-cama-a82-100\/#breadcrumb\"},\"inLanguage\":\"ca\",\"potentialAction\":[{\"@type\":\"ReadAction\",\"target\":[\"https:\/\/www.navarroaubanell.com\/ca\/producte\/sofa-cama-a82-100\/\"]}]},{\"@type\":\"ImageObject\",\"inLanguage\":\"ca\",\"@id\":\"https:\/\/www.navarroaubanell.com\/ca\/producte\/sofa-cama-a82-100\/#primaryimage\",\"url\":\"https:\/\/www.navarroaubanell.com\/wp-content\/uploads\/2021\/03\/A82-100-1.jpg\",\"contentUrl\":\"https:\/\/www.navarroaubanell.com\/wp-content\/uploads\/2021\/03\/A82-100-1.jpg\",\"width\":800,\"height\":650},{\"@type\":\"BreadcrumbList\",\"@id\":\"https:\/\/www.navarroaubanell.com\/ca\/producte\/sofa-cama-a82-100\/#breadcrumb\",\"itemListElement\":[{\"@type\":\"ListItem\",\"position\":1,\"name\":\"Portada\",\"item\":\"https:\/\/www.navarroaubanell.com\/ca\/\"},{\"@type\":\"ListItem\",\"position\":2,\"name\":\"Productes\",\"item\":\"https:\/\/www.navarroaubanell.com\/productos\/\"},{\"@type\":\"ListItem\",\"position\":3,\"name\":\"Sof\u00e0 llit A82-100\"}]},{\"@type\":\"WebSite\",\"@id\":\"https:\/\/www.navarroaubanell.com\/ca\/#website\",\"url\":\"https:\/\/www.navarroaubanell.com\/ca\/\",\"name\":\"Navarro Aubanell\",\"description\":\"Mobiliario para hoteler\u00eda, colectividades y oficinas\",\"publisher\":{\"@id\":\"https:\/\/www.navarroaubanell.com\/ca\/#organization\"},\"potentialAction\":[{\"@type\":\"SearchAction\",\"target\":{\"@type\":\"EntryPoint\",\"urlTemplate\":\"https:\/\/www.navarroaubanell.com\/ca\/?s={search_term_string}\"},\"query-input\":{\"@type\":\"PropertyValueSpecification\",\"valueRequired\":true,\"valueName\":\"search_term_string\"}}],\"inLanguage\":\"ca\"},{\"@type\":\"Organization\",\"@id\":\"https:\/\/www.navarroaubanell.com\/ca\/#organization\",\"name\":\"COMERCIAL NAVARRO AUBANELL, S.A\",\"url\":\"https:\/\/www.navarroaubanell.com\/ca\/\",\"logo\":{\"@type\":\"ImageObject\",\"inLanguage\":\"ca\",\"@id\":\"https:\/\/www.navarroaubanell.com\/ca\/#\/schema\/logo\/image\/\",\"url\":\"https:\/\/www.navarroaubanell.com\/wp-content\/uploads\/2017\/07\/logo-navarro-aubuanell.png\",\"contentUrl\":\"https:\/\/www.navarroaubanell.com\/wp-content\/uploads\/2017\/07\/logo-navarro-aubuanell.png\",\"width\":6304,\"height\":1154,\"caption\":\"COMERCIAL NAVARRO AUBANELL, S.A\"},\"image\":{\"@id\":\"https:\/\/www.navarroaubanell.com\/ca\/#\/schema\/logo\/image\/\"}}]}<\/script>\n<!-- \/ Yoast SEO plugin. -->","yoast_head_json":{"title":"Sof\u00e0 llit A82-100 - Navarro Aubanell","description":"El sof\u00e0 llit A82-100 est\u00e0 fabricat amb estructura de fusta de pi i tauler de part\u00edcules recobert d'escuma PUR de diverses densitats.","robots":{"index":"index","follow":"follow","max-snippet":"max-snippet:-1","max-image-preview":"max-image-preview:large","max-video-preview":"max-video-preview:-1"},"canonical":"https:\/\/www.navarroaubanell.com\/ca\/producte\/sofa-cama-a82-100\/","og_locale":"ca_ES","og_type":"article","og_title":"Sof\u00e0 llit A82-100 - Navarro Aubanell","og_description":"El sof\u00e0 llit A82-100 est\u00e0 fabricat amb estructura de fusta de pi i tauler de part\u00edcules recobert d'escuma PUR de diverses densitats.","og_url":"https:\/\/www.navarroaubanell.com\/ca\/producte\/sofa-cama-a82-100\/","og_site_name":"Navarro Aubanell","article_modified_time":"2021-03-02T12:41:31+00:00","og_image":[{"width":800,"height":650,"url":"https:\/\/www.navarroaubanell.com\/wp-content\/uploads\/2021\/03\/A82-100-1.jpg","type":"image\/jpeg"}],"twitter_misc":{"Est. reading time":"1 minute"},"schema":{"@context":"https:\/\/schema.org","@graph":[{"@type":"WebPage","@id":"https:\/\/www.navarroaubanell.com\/ca\/producte\/sofa-cama-a82-100\/","url":"https:\/\/www.navarroaubanell.com\/ca\/producte\/sofa-cama-a82-100\/","name":"Sof\u00e0 llit A82-100 - Navarro Aubanell","isPartOf":{"@id":"https:\/\/www.navarroaubanell.com\/ca\/#website"},"primaryImageOfPage":{"@id":"https:\/\/www.navarroaubanell.com\/ca\/producte\/sofa-cama-a82-100\/#primaryimage"},"image":{"@id":"https:\/\/www.navarroaubanell.com\/ca\/producte\/sofa-cama-a82-100\/#primaryimage"},"thumbnailUrl":"https:\/\/www.navarroaubanell.com\/wp-content\/uploads\/2021\/03\/A82-100-1.jpg","datePublished":"2021-03-02T12:12:12+00:00","dateModified":"2021-03-02T12:41:31+00:00","description":"El sof\u00e0 llit A82-100 est\u00e0 fabricat amb estructura de fusta de pi i tauler de part\u00edcules recobert d'escuma PUR de diverses densitats.","breadcrumb":{"@id":"https:\/\/www.navarroaubanell.com\/ca\/producte\/sofa-cama-a82-100\/#breadcrumb"},"inLanguage":"ca","potentialAction":[{"@type":"ReadAction","target":["https:\/\/www.navarroaubanell.com\/ca\/producte\/sofa-cama-a82-100\/"]}]},{"@type":"ImageObject","inLanguage":"ca","@id":"https:\/\/www.navarroaubanell.com\/ca\/producte\/sofa-cama-a82-100\/#primaryimage","url":"https:\/\/www.navarroaubanell.com\/wp-content\/uploads\/2021\/03\/A82-100-1.jpg","contentUrl":"https:\/\/www.navarroaubanell.com\/wp-content\/uploads\/2021\/03\/A82-100-1.jpg","width":800,"height":650},{"@type":"BreadcrumbList","@id":"https:\/\/www.navarroaubanell.com\/ca\/producte\/sofa-cama-a82-100\/#breadcrumb","itemListElement":[{"@type":"ListItem","position":1,"name":"Portada","item":"https:\/\/www.navarroaubanell.com\/ca\/"},{"@type":"ListItem","position":2,"name":"Productes","item":"https:\/\/www.navarroaubanell.com\/productos\/"},{"@type":"ListItem","position":3,"name":"Sof\u00e0 llit A82-100"}]},{"@type":"WebSite","@id":"https:\/\/www.navarroaubanell.com\/ca\/#website","url":"https:\/\/www.navarroaubanell.com\/ca\/","name":"Navarro Aubanell","description":"Mobiliario para hoteler\u00eda, colectividades y oficinas","publisher":{"@id":"https:\/\/www.navarroaubanell.com\/ca\/#organization"},"potentialAction":[{"@type":"SearchAction","target":{"@type":"EntryPoint","urlTemplate":"https:\/\/www.navarroaubanell.com\/ca\/?s={search_term_string}"},"query-input":{"@type":"PropertyValueSpecification","valueRequired":true,"valueName":"search_term_string"}}],"inLanguage":"ca"},{"@type":"Organization","@id":"https:\/\/www.navarroaubanell.com\/ca\/#organization","name":"COMERCIAL NAVARRO AUBANELL, S.A","url":"https:\/\/www.navarroaubanell.com\/ca\/","logo":{"@type":"ImageObject","inLanguage":"ca","@id":"https:\/\/www.navarroaubanell.com\/ca\/#\/schema\/logo\/image\/","url":"https:\/\/www.navarroaubanell.com\/wp-content\/uploads\/2017\/07\/logo-navarro-aubuanell.png","contentUrl":"https:\/\/www.navarroaubanell.com\/wp-content\/uploads\/2017\/07\/logo-navarro-aubuanell.png","width":6304,"height":1154,"caption":"COMERCIAL NAVARRO AUBANELL, S.A"},"image":{"@id":"https:\/\/www.navarroaubanell.com\/ca\/#\/schema\/logo\/image\/"}}]}},"_links":{"self":[{"href":"https:\/\/www.navarroaubanell.com\/ca\/wp-json\/wp\/v2\/product\/31577","targetHints":{"allow":["GET"]}}],"collection":[{"href":"https:\/\/www.navarroaubanell.com\/ca\/wp-json\/wp\/v2\/product"}],"about":[{"href":"https:\/\/www.navarroaubanell.com\/ca\/wp-json\/wp\/v2\/types\/product"}],"wp:featuredmedia":[{"embeddable":true,"href":"https:\/\/www.navarroaubanell.com\/ca\/wp-json\/wp\/v2\/media\/31562"}],"wp:attachment":[{"href":"https:\/\/www.navarroaubanell.com\/ca\/wp-json\/wp\/v2\/media?parent=31577"}],"wp:term":[{"taxonomy":"product_brand","embeddable":true,"href":"https:\/\/www.navarroaubanell.com\/ca\/wp-json\/wp\/v2\/product_brand?post=31577"},{"taxonomy":"product_cat","embeddable":true,"href":"https:\/\/www.navarroaubanell.com\/ca\/wp-json\/wp\/v2\/product_cat?post=31577"},{"taxonomy":"product_tag","embeddable":true,"href":"https:\/\/www.navarroaubanell.com\/ca\/wp-json\/wp\/v2\/product_tag?post=31577"}],"curies":[{"name":"wp","href":"https:\/\/api.w.org\/{rel}","templated":true}]}}