{"id":31558,"date":"2021-03-02T10:42:20","date_gmt":"2021-03-02T09:42:20","guid":{"rendered":"https:\/\/www.navarroaubanell.com\/producto\/divisoria-ypsilon-connect\/"},"modified":"2021-03-02T10:45:26","modified_gmt":"2021-03-02T09:45:26","slug":"divisoria-ypsilon-connect","status":"publish","type":"product","link":"https:\/\/www.navarroaubanell.com\/ca\/producte\/divisoria-ypsilon-connect\/","title":{"rendered":"Divis\u00f2ria Ypsilon Connect"},"content":{"rendered":"<p><span class=\"VIiyi\" lang=\"ca\"><span class=\"JLqJ4b ChMk0b\" data-language-for-alternatives=\"ca\" data-language-to-translate-into=\"es\" data-phrase-index=\"0\">Ypsilon<\/span> <span class=\"JLqJ4b ChMk0b\" data-language-for-alternatives=\"ca\" data-language-to-translate-into=\"es\" data-phrase-index=\"1\">Connect<\/span> <span class=\"JLqJ4b ChMk0b\" data-language-for-alternatives=\"ca\" data-language-to-translate-into=\"es\" data-phrase-index=\"2\">\u00e9s<\/span> <span class=\"JLqJ4b ChMk0b\" data-language-for-alternatives=\"ca\" data-language-to-translate-into=\"es\" data-phrase-index=\"3\">un panell<\/span> <span class=\"JLqJ4b ChMk0b\" data-language-for-alternatives=\"ca\" data-language-to-translate-into=\"es\" data-phrase-index=\"4\">divisori<\/span> <span class=\"JLqJ4b ChMk0b\" data-language-for-alternatives=\"ca\" data-language-to-translate-into=\"es\" data-phrase-index=\"5\">fonoabsorbent<\/span> <span class=\"JLqJ4b ChMk0b\" data-language-for-alternatives=\"ca\" data-language-to-translate-into=\"es\" data-phrase-index=\"6\">autoportant<\/span> <span class=\"JLqJ4b ChMk0b\" data-language-for-alternatives=\"ca\" data-language-to-translate-into=\"es\" data-phrase-index=\"7\">elegant<\/span> <span class=\"JLqJ4b ChMk0b\" data-language-for-alternatives=\"ca\" data-language-to-translate-into=\"es\" data-phrase-index=\"8\">i funcional.<\/span> <\/span><\/p>\n<p><span class=\"VIiyi\" lang=\"ca\"><span class=\"JLqJ4b ChMk0b\" data-language-for-alternatives=\"ca\" data-language-to-translate-into=\"es\" data-phrase-index=\"10\">Una de les majors<\/span> <span class=\"JLqJ4b ChMk0b\" data-language-for-alternatives=\"ca\" data-language-to-translate-into=\"es\" data-phrase-index=\"11\">fortaleses<\/span> <span class=\"JLqJ4b ChMk0b\" data-language-for-alternatives=\"ca\" data-language-to-translate-into=\"es\" data-phrase-index=\"12\">d&#8217;aquest<\/span> <span class=\"JLqJ4b ChMk0b\" data-language-for-alternatives=\"ca\" data-language-to-translate-into=\"es\" data-phrase-index=\"13\">producte<\/span> <span class=\"JLqJ4b ChMk0b\" data-language-for-alternatives=\"ca\" data-language-to-translate-into=\"es\" data-phrase-index=\"14\">rau<\/span> <span class=\"JLqJ4b ChMk0b\" data-language-for-alternatives=\"ca\" data-language-to-translate-into=\"es\" data-phrase-index=\"15\">en les seves<\/span> <span class=\"JLqJ4b ChMk0b\" data-language-for-alternatives=\"ca\" data-language-to-translate-into=\"es\" data-phrase-index=\"16\">\u00e0mplies<\/span> <span class=\"JLqJ4b ChMk0b\" data-language-for-alternatives=\"ca\" data-language-to-translate-into=\"es\" data-phrase-index=\"17\">possibilitats<\/span> <span class=\"JLqJ4b ChMk0b\" data-language-for-alternatives=\"ca\" data-language-to-translate-into=\"es\" data-phrase-index=\"18\">de personalitzaci\u00f3<\/span> <span class=\"JLqJ4b ChMk0b\" data-language-for-alternatives=\"ca\" data-language-to-translate-into=\"es\" data-phrase-index=\"19\">gr\u00e0cies a les quals<\/span> <span class=\"JLqJ4b ChMk0b\" data-language-for-alternatives=\"ca\" data-language-to-translate-into=\"es\" data-phrase-index=\"20\">els usuaris poden<\/span> <span class=\"JLqJ4b ChMk0b\" data-language-for-alternatives=\"ca\" data-language-to-translate-into=\"es\" data-phrase-index=\"21\">crear dissenys<\/span> <span class=\"JLqJ4b ChMk0b\" data-language-for-alternatives=\"ca\" data-language-to-translate-into=\"es\" data-phrase-index=\"22\">sempre nous<\/span><span class=\"JLqJ4b ChMk0b\" data-language-for-alternatives=\"ca\" data-language-to-translate-into=\"es\" data-phrase-index=\"23\">,<\/span> <span class=\"JLqJ4b ChMk0b\" data-language-for-alternatives=\"ca\" data-language-to-translate-into=\"es\" data-phrase-index=\"24\">administrar els seus<\/span> <span class=\"JLqJ4b ChMk0b\" data-language-for-alternatives=\"ca\" data-language-to-translate-into=\"es\" data-phrase-index=\"25\">espais de manera<\/span> <span class=\"JLqJ4b ChMk0b\" data-language-for-alternatives=\"ca\" data-language-to-translate-into=\"es\" data-phrase-index=\"26\">m\u00e9s efectiva<\/span> <span class=\"JLqJ4b ChMk0b\" data-language-for-alternatives=\"ca\" data-language-to-translate-into=\"es\" data-phrase-index=\"27\">i crear<\/span> <span class=\"JLqJ4b ChMk0b\" data-language-for-alternatives=\"ca\" data-language-to-translate-into=\"es\" data-phrase-index=\"28\">espais<\/span> <span class=\"JLqJ4b ChMk0b\" data-language-for-alternatives=\"ca\" data-language-to-translate-into=\"es\" data-phrase-index=\"29\">d&#8217;oficina<\/span> <span class=\"JLqJ4b ChMk0b\" data-language-for-alternatives=\"ca\" data-language-to-translate-into=\"es\" data-phrase-index=\"30\">acollidors<\/span> <span class=\"JLqJ4b ChMk0b\" data-language-for-alternatives=\"ca\" data-language-to-translate-into=\"es\" data-phrase-index=\"31\">o sales<\/span> <span class=\"JLqJ4b ChMk0b\" data-language-for-alternatives=\"ca\" data-language-to-translate-into=\"es\" data-phrase-index=\"32\">d&#8217;entrenament i<\/span> <span class=\"JLqJ4b ChMk0b\" data-language-for-alternatives=\"ca\" data-language-to-translate-into=\"es\" data-phrase-index=\"33\">reunions<\/span> <span class=\"JLqJ4b ChMk0b\" data-language-for-alternatives=\"ca\" data-language-to-translate-into=\"es\" data-phrase-index=\"34\">funcionals.<\/span> <\/span><\/p>\n<p><span class=\"VIiyi\" lang=\"ca\"><span class=\"JLqJ4b ChMk0b\" data-language-for-alternatives=\"ca\" data-language-to-translate-into=\"es\" data-phrase-index=\"36\">Ypsilon<\/span> <span class=\"JLqJ4b ChMk0b\" data-language-for-alternatives=\"ca\" data-language-to-translate-into=\"es\" data-phrase-index=\"37\">Connect<\/span> <span class=\"JLqJ4b ChMk0b\" data-language-for-alternatives=\"ca\" data-language-to-translate-into=\"es\" data-phrase-index=\"38\">es caracteritza<\/span> <span class=\"JLqJ4b ChMk0b\" data-language-for-alternatives=\"ca\" data-language-to-translate-into=\"es\" data-phrase-index=\"39\">per uns<\/span> <span class=\"JLqJ4b ChMk0b\" data-language-for-alternatives=\"ca\" data-language-to-translate-into=\"es\" data-phrase-index=\"40\">panells<\/span> <span class=\"JLqJ4b ChMk0b\" data-language-for-alternatives=\"ca\" data-language-to-translate-into=\"es\" data-phrase-index=\"41\">fonoabsorbents<\/span> <span class=\"JLqJ4b ChMk0b\" data-language-for-alternatives=\"ca\" data-language-to-translate-into=\"es\" data-phrase-index=\"42\">que<\/span> <span class=\"JLqJ4b ChMk0b\" data-language-for-alternatives=\"ca\" data-language-to-translate-into=\"es\" data-phrase-index=\"43\">es<\/span> <span class=\"JLqJ4b ChMk0b\" data-language-for-alternatives=\"ca\" data-language-to-translate-into=\"es\" data-phrase-index=\"44\">configuren<\/span> <span class=\"JLqJ4b ChMk0b\" data-language-for-alternatives=\"ca\" data-language-to-translate-into=\"es\" data-phrase-index=\"45\">al voltant<\/span> <span class=\"JLqJ4b ChMk0b\" data-language-for-alternatives=\"ca\" data-language-to-translate-into=\"es\" data-phrase-index=\"46\">d&#8217;una estructura<\/span> <span class=\"JLqJ4b ChMk0b\" data-language-for-alternatives=\"ca\" data-language-to-translate-into=\"es\" data-phrase-index=\"47\">formada per<\/span> <span class=\"JLqJ4b ChMk0b\" data-language-for-alternatives=\"ca\" data-language-to-translate-into=\"es\" data-phrase-index=\"48\">dues bases<\/span> <span class=\"JLqJ4b ChMk0b\" data-language-for-alternatives=\"ca\" data-language-to-translate-into=\"es\" data-phrase-index=\"49\">d&#8217;alumini<\/span> <span class=\"JLqJ4b ChMk0b\" data-language-for-alternatives=\"ca\" data-language-to-translate-into=\"es\" data-phrase-index=\"50\">injectat<\/span> <span class=\"JLqJ4b ChMk0b\" data-language-for-alternatives=\"ca\" data-language-to-translate-into=\"es\" data-phrase-index=\"51\">i<\/span> <span class=\"JLqJ4b ChMk0b\" data-language-for-alternatives=\"ca\" data-language-to-translate-into=\"es\" data-phrase-index=\"52\">columnes<\/span> <span class=\"JLqJ4b ChMk0b\" data-language-for-alternatives=\"ca\" data-language-to-translate-into=\"es\" data-phrase-index=\"53\">d&#8217;alumini<\/span> <span class=\"JLqJ4b ChMk0b\" data-language-for-alternatives=\"ca\" data-language-to-translate-into=\"es\" data-phrase-index=\"54\">extru\u00eft<\/span><span class=\"JLqJ4b ChMk0b\" data-language-for-alternatives=\"ca\" data-language-to-translate-into=\"es\" data-phrase-index=\"55\">.<\/span> <span class=\"JLqJ4b ChMk0b\" data-language-for-alternatives=\"ca\" data-language-to-translate-into=\"es\" data-phrase-index=\"56\">\u00c9s<\/span> <span class=\"JLqJ4b ChMk0b\" data-language-for-alternatives=\"ca\" data-language-to-translate-into=\"es\" data-phrase-index=\"57\">possible<\/span> <span class=\"JLqJ4b ChMk0b\" data-language-for-alternatives=\"ca\" data-language-to-translate-into=\"es\" data-phrase-index=\"58\">afegir alguns<\/span> <span class=\"JLqJ4b ChMk0b\" data-language-for-alternatives=\"ca\" data-language-to-translate-into=\"es\" data-phrase-index=\"59\">accessoris,<\/span> <span class=\"JLqJ4b ChMk0b\" data-language-for-alternatives=\"ca\" data-language-to-translate-into=\"es\" data-phrase-index=\"60\">com<\/span> <span class=\"JLqJ4b ChMk0b\" data-language-for-alternatives=\"ca\" data-language-to-translate-into=\"es\" data-phrase-index=\"61\">prestatges<\/span> <span class=\"JLqJ4b ChMk0b\" data-language-for-alternatives=\"ca\" data-language-to-translate-into=\"es\" data-phrase-index=\"62\">o<\/span> <span class=\"JLqJ4b ChMk0b\" data-language-for-alternatives=\"ca\" data-language-to-translate-into=\"es\" data-phrase-index=\"63\">penjadors<\/span> <span class=\"JLqJ4b ChMk0b\" data-language-for-alternatives=\"ca\" data-language-to-translate-into=\"es\" data-phrase-index=\"64\">en qualsevol dels seus<\/span> <span class=\"JLqJ4b ChMk0b\" data-language-for-alternatives=\"ca\" data-language-to-translate-into=\"es\" data-phrase-index=\"65\">costats.<\/span> <span class=\"JLqJ4b ChMk0b\" data-language-for-alternatives=\"ca\" data-language-to-translate-into=\"es\" data-phrase-index=\"66\">Tamb\u00e9<\/span> <span class=\"JLqJ4b ChMk0b\" data-language-for-alternatives=\"ca\" data-language-to-translate-into=\"es\" data-phrase-index=\"67\">es<\/span> <span class=\"JLqJ4b ChMk0b\" data-language-for-alternatives=\"ca\" data-language-to-translate-into=\"es\" data-phrase-index=\"68\">pot<\/span> <span class=\"JLqJ4b ChMk0b\" data-language-for-alternatives=\"ca\" data-language-to-translate-into=\"es\" data-phrase-index=\"69\">connectar<\/span> <span class=\"JLqJ4b ChMk0b\" data-language-for-alternatives=\"ca\" data-language-to-translate-into=\"es\" data-phrase-index=\"70\">per permetre<\/span> <span class=\"JLqJ4b ChMk0b\" data-language-for-alternatives=\"ca\" data-language-to-translate-into=\"es\" data-phrase-index=\"71\">la instal\u00b7laci\u00f3 d&#8217;un<\/span> <span class=\"JLqJ4b ChMk0b\" data-language-for-alternatives=\"ca\" data-language-to-translate-into=\"es\" data-phrase-index=\"72\">suport de pantalla<\/span> <span class=\"JLqJ4b ChMk0b\" data-language-for-alternatives=\"ca\" data-language-to-translate-into=\"es\" data-phrase-index=\"73\">de TV.<\/span> <span class=\"JLqJ4b ChMk0b\" data-language-for-alternatives=\"ca\" data-language-to-translate-into=\"es\" data-phrase-index=\"74\">Disponible amb<\/span> <span class=\"JLqJ4b ChMk0b\" data-language-for-alternatives=\"ca\" data-language-to-translate-into=\"es\" data-phrase-index=\"75\">i<\/span> <span class=\"JLqJ4b ChMk0b\" data-language-for-alternatives=\"ca\" data-language-to-translate-into=\"es\" data-phrase-index=\"76\">sense<\/span> <span class=\"JLqJ4b ChMk0b\" data-language-for-alternatives=\"ca\" data-language-to-translate-into=\"es\" data-phrase-index=\"77\">rodes.<\/span><\/span><\/p>\n","protected":false},"excerpt":{"rendered":"<p>Ypsilon Connect \u00e9s un panell divisori fonoabsorbent autoportant elegant i funcional. Una de les majors fortaleses d&#8217;aquest producte rau en les seves \u00e0mplies possibilitats de personalitzaci\u00f3 gr\u00e0cies a les quals els usuaris poden crear dissenys sempre nous, administrar els seus espais de manera m\u00e9s efectiva i crear espais d&#8217;oficina acollidors o sales d&#8217;entrenament i reunions&hellip;<\/p>\n","protected":false},"featured_media":31547,"template":"","meta":{"_acf_changed":false},"product_brand":[882],"product_cat":[558,555],"product_tag":[828,986,947,701,729],"class_list":{"0":"post-31558","1":"product","2":"type-product","3":"status-publish","4":"has-post-thumbnail","6":"product_brand-pedrali-ca","7":"product_cat-divisories","8":"product_cat-oficina","9":"product_tag-divisories","10":"product_tag-tapizado-ca","11":"product_tag-metalica-ca","12":"product_tag-mobiliari-oficina","13":"product_tag-pedrali-ca","14":"description-off","16":"first","17":"instock","18":"shipping-taxable","19":"product-type-simple"},"acf":[],"yoast_head":"<!-- This site is optimized with the Yoast SEO plugin v27.0 - https:\/\/yoast.com\/product\/yoast-seo-wordpress\/ -->\n<title>Divis\u00f2ria Ypsilon Connect - Navarro Aubanell<\/title>\n<meta name=\"description\" content=\"Ypsilon Connect \u00e9s un panell divisori fonoabsorbent autoportant elegant i funcional.\" \/>\n<meta name=\"robots\" content=\"index, follow, max-snippet:-1, max-image-preview:large, max-video-preview:-1\" \/>\n<link rel=\"canonical\" href=\"https:\/\/www.navarroaubanell.com\/ca\/producte\/divisoria-ypsilon-connect\/\" \/>\n<meta property=\"og:locale\" content=\"ca_ES\" \/>\n<meta property=\"og:type\" content=\"article\" \/>\n<meta property=\"og:title\" content=\"Divis\u00f2ria Ypsilon Connect - Navarro Aubanell\" \/>\n<meta property=\"og:description\" content=\"Ypsilon Connect \u00e9s un panell divisori fonoabsorbent autoportant elegant i funcional.\" \/>\n<meta property=\"og:url\" content=\"https:\/\/www.navarroaubanell.com\/ca\/producte\/divisoria-ypsilon-connect\/\" \/>\n<meta property=\"og:site_name\" content=\"Navarro Aubanell\" \/>\n<meta property=\"article:modified_time\" content=\"2021-03-02T09:45:26+00:00\" \/>\n<meta property=\"og:image\" content=\"https:\/\/www.navarroaubanell.com\/wp-content\/uploads\/2021\/03\/Ypsilon-Connect-1.jpg\" \/>\n\t<meta property=\"og:image:width\" content=\"800\" \/>\n\t<meta property=\"og:image:height\" content=\"650\" \/>\n\t<meta property=\"og:image:type\" content=\"image\/jpeg\" \/>\n<meta name=\"twitter:label1\" content=\"Est. reading time\" \/>\n\t<meta name=\"twitter:data1\" content=\"1 minute\" \/>\n<script type=\"application\/ld+json\" class=\"yoast-schema-graph\">{\"@context\":\"https:\/\/schema.org\",\"@graph\":[{\"@type\":\"WebPage\",\"@id\":\"https:\/\/www.navarroaubanell.com\/ca\/producte\/divisoria-ypsilon-connect\/\",\"url\":\"https:\/\/www.navarroaubanell.com\/ca\/producte\/divisoria-ypsilon-connect\/\",\"name\":\"Divis\u00f2ria Ypsilon Connect - Navarro Aubanell\",\"isPartOf\":{\"@id\":\"https:\/\/www.navarroaubanell.com\/ca\/#website\"},\"primaryImageOfPage\":{\"@id\":\"https:\/\/www.navarroaubanell.com\/ca\/producte\/divisoria-ypsilon-connect\/#primaryimage\"},\"image\":{\"@id\":\"https:\/\/www.navarroaubanell.com\/ca\/producte\/divisoria-ypsilon-connect\/#primaryimage\"},\"thumbnailUrl\":\"https:\/\/www.navarroaubanell.com\/wp-content\/uploads\/2021\/03\/Ypsilon-Connect-1.jpg\",\"datePublished\":\"2021-03-02T09:42:20+00:00\",\"dateModified\":\"2021-03-02T09:45:26+00:00\",\"description\":\"Ypsilon Connect \u00e9s un panell divisori fonoabsorbent autoportant elegant i funcional.\",\"breadcrumb\":{\"@id\":\"https:\/\/www.navarroaubanell.com\/ca\/producte\/divisoria-ypsilon-connect\/#breadcrumb\"},\"inLanguage\":\"ca\",\"potentialAction\":[{\"@type\":\"ReadAction\",\"target\":[\"https:\/\/www.navarroaubanell.com\/ca\/producte\/divisoria-ypsilon-connect\/\"]}]},{\"@type\":\"ImageObject\",\"inLanguage\":\"ca\",\"@id\":\"https:\/\/www.navarroaubanell.com\/ca\/producte\/divisoria-ypsilon-connect\/#primaryimage\",\"url\":\"https:\/\/www.navarroaubanell.com\/wp-content\/uploads\/2021\/03\/Ypsilon-Connect-1.jpg\",\"contentUrl\":\"https:\/\/www.navarroaubanell.com\/wp-content\/uploads\/2021\/03\/Ypsilon-Connect-1.jpg\",\"width\":800,\"height\":650},{\"@type\":\"BreadcrumbList\",\"@id\":\"https:\/\/www.navarroaubanell.com\/ca\/producte\/divisoria-ypsilon-connect\/#breadcrumb\",\"itemListElement\":[{\"@type\":\"ListItem\",\"position\":1,\"name\":\"Portada\",\"item\":\"https:\/\/www.navarroaubanell.com\/ca\/\"},{\"@type\":\"ListItem\",\"position\":2,\"name\":\"Productes\",\"item\":\"https:\/\/www.navarroaubanell.com\/productos\/\"},{\"@type\":\"ListItem\",\"position\":3,\"name\":\"Divis\u00f2ria Ypsilon Connect\"}]},{\"@type\":\"WebSite\",\"@id\":\"https:\/\/www.navarroaubanell.com\/ca\/#website\",\"url\":\"https:\/\/www.navarroaubanell.com\/ca\/\",\"name\":\"Navarro Aubanell\",\"description\":\"Mobiliario para hoteler\u00eda, colectividades y oficinas\",\"publisher\":{\"@id\":\"https:\/\/www.navarroaubanell.com\/ca\/#organization\"},\"potentialAction\":[{\"@type\":\"SearchAction\",\"target\":{\"@type\":\"EntryPoint\",\"urlTemplate\":\"https:\/\/www.navarroaubanell.com\/ca\/?s={search_term_string}\"},\"query-input\":{\"@type\":\"PropertyValueSpecification\",\"valueRequired\":true,\"valueName\":\"search_term_string\"}}],\"inLanguage\":\"ca\"},{\"@type\":\"Organization\",\"@id\":\"https:\/\/www.navarroaubanell.com\/ca\/#organization\",\"name\":\"COMERCIAL NAVARRO AUBANELL, S.A\",\"url\":\"https:\/\/www.navarroaubanell.com\/ca\/\",\"logo\":{\"@type\":\"ImageObject\",\"inLanguage\":\"ca\",\"@id\":\"https:\/\/www.navarroaubanell.com\/ca\/#\/schema\/logo\/image\/\",\"url\":\"https:\/\/www.navarroaubanell.com\/wp-content\/uploads\/2017\/07\/logo-navarro-aubuanell.png\",\"contentUrl\":\"https:\/\/www.navarroaubanell.com\/wp-content\/uploads\/2017\/07\/logo-navarro-aubuanell.png\",\"width\":6304,\"height\":1154,\"caption\":\"COMERCIAL NAVARRO AUBANELL, S.A\"},\"image\":{\"@id\":\"https:\/\/www.navarroaubanell.com\/ca\/#\/schema\/logo\/image\/\"}}]}<\/script>\n<!-- \/ Yoast SEO plugin. -->","yoast_head_json":{"title":"Divis\u00f2ria Ypsilon Connect - Navarro Aubanell","description":"Ypsilon Connect \u00e9s un panell divisori fonoabsorbent autoportant elegant i funcional.","robots":{"index":"index","follow":"follow","max-snippet":"max-snippet:-1","max-image-preview":"max-image-preview:large","max-video-preview":"max-video-preview:-1"},"canonical":"https:\/\/www.navarroaubanell.com\/ca\/producte\/divisoria-ypsilon-connect\/","og_locale":"ca_ES","og_type":"article","og_title":"Divis\u00f2ria Ypsilon Connect - Navarro Aubanell","og_description":"Ypsilon Connect \u00e9s un panell divisori fonoabsorbent autoportant elegant i funcional.","og_url":"https:\/\/www.navarroaubanell.com\/ca\/producte\/divisoria-ypsilon-connect\/","og_site_name":"Navarro Aubanell","article_modified_time":"2021-03-02T09:45:26+00:00","og_image":[{"width":800,"height":650,"url":"https:\/\/www.navarroaubanell.com\/wp-content\/uploads\/2021\/03\/Ypsilon-Connect-1.jpg","type":"image\/jpeg"}],"twitter_misc":{"Est. reading time":"1 minute"},"schema":{"@context":"https:\/\/schema.org","@graph":[{"@type":"WebPage","@id":"https:\/\/www.navarroaubanell.com\/ca\/producte\/divisoria-ypsilon-connect\/","url":"https:\/\/www.navarroaubanell.com\/ca\/producte\/divisoria-ypsilon-connect\/","name":"Divis\u00f2ria Ypsilon Connect - Navarro Aubanell","isPartOf":{"@id":"https:\/\/www.navarroaubanell.com\/ca\/#website"},"primaryImageOfPage":{"@id":"https:\/\/www.navarroaubanell.com\/ca\/producte\/divisoria-ypsilon-connect\/#primaryimage"},"image":{"@id":"https:\/\/www.navarroaubanell.com\/ca\/producte\/divisoria-ypsilon-connect\/#primaryimage"},"thumbnailUrl":"https:\/\/www.navarroaubanell.com\/wp-content\/uploads\/2021\/03\/Ypsilon-Connect-1.jpg","datePublished":"2021-03-02T09:42:20+00:00","dateModified":"2021-03-02T09:45:26+00:00","description":"Ypsilon Connect \u00e9s un panell divisori fonoabsorbent autoportant elegant i funcional.","breadcrumb":{"@id":"https:\/\/www.navarroaubanell.com\/ca\/producte\/divisoria-ypsilon-connect\/#breadcrumb"},"inLanguage":"ca","potentialAction":[{"@type":"ReadAction","target":["https:\/\/www.navarroaubanell.com\/ca\/producte\/divisoria-ypsilon-connect\/"]}]},{"@type":"ImageObject","inLanguage":"ca","@id":"https:\/\/www.navarroaubanell.com\/ca\/producte\/divisoria-ypsilon-connect\/#primaryimage","url":"https:\/\/www.navarroaubanell.com\/wp-content\/uploads\/2021\/03\/Ypsilon-Connect-1.jpg","contentUrl":"https:\/\/www.navarroaubanell.com\/wp-content\/uploads\/2021\/03\/Ypsilon-Connect-1.jpg","width":800,"height":650},{"@type":"BreadcrumbList","@id":"https:\/\/www.navarroaubanell.com\/ca\/producte\/divisoria-ypsilon-connect\/#breadcrumb","itemListElement":[{"@type":"ListItem","position":1,"name":"Portada","item":"https:\/\/www.navarroaubanell.com\/ca\/"},{"@type":"ListItem","position":2,"name":"Productes","item":"https:\/\/www.navarroaubanell.com\/productos\/"},{"@type":"ListItem","position":3,"name":"Divis\u00f2ria Ypsilon Connect"}]},{"@type":"WebSite","@id":"https:\/\/www.navarroaubanell.com\/ca\/#website","url":"https:\/\/www.navarroaubanell.com\/ca\/","name":"Navarro Aubanell","description":"Mobiliario para hoteler\u00eda, colectividades y oficinas","publisher":{"@id":"https:\/\/www.navarroaubanell.com\/ca\/#organization"},"potentialAction":[{"@type":"SearchAction","target":{"@type":"EntryPoint","urlTemplate":"https:\/\/www.navarroaubanell.com\/ca\/?s={search_term_string}"},"query-input":{"@type":"PropertyValueSpecification","valueRequired":true,"valueName":"search_term_string"}}],"inLanguage":"ca"},{"@type":"Organization","@id":"https:\/\/www.navarroaubanell.com\/ca\/#organization","name":"COMERCIAL NAVARRO AUBANELL, S.A","url":"https:\/\/www.navarroaubanell.com\/ca\/","logo":{"@type":"ImageObject","inLanguage":"ca","@id":"https:\/\/www.navarroaubanell.com\/ca\/#\/schema\/logo\/image\/","url":"https:\/\/www.navarroaubanell.com\/wp-content\/uploads\/2017\/07\/logo-navarro-aubuanell.png","contentUrl":"https:\/\/www.navarroaubanell.com\/wp-content\/uploads\/2017\/07\/logo-navarro-aubuanell.png","width":6304,"height":1154,"caption":"COMERCIAL NAVARRO AUBANELL, S.A"},"image":{"@id":"https:\/\/www.navarroaubanell.com\/ca\/#\/schema\/logo\/image\/"}}]}},"_links":{"self":[{"href":"https:\/\/www.navarroaubanell.com\/ca\/wp-json\/wp\/v2\/product\/31558","targetHints":{"allow":["GET"]}}],"collection":[{"href":"https:\/\/www.navarroaubanell.com\/ca\/wp-json\/wp\/v2\/product"}],"about":[{"href":"https:\/\/www.navarroaubanell.com\/ca\/wp-json\/wp\/v2\/types\/product"}],"wp:featuredmedia":[{"embeddable":true,"href":"https:\/\/www.navarroaubanell.com\/ca\/wp-json\/wp\/v2\/media\/31547"}],"wp:attachment":[{"href":"https:\/\/www.navarroaubanell.com\/ca\/wp-json\/wp\/v2\/media?parent=31558"}],"wp:term":[{"taxonomy":"product_brand","embeddable":true,"href":"https:\/\/www.navarroaubanell.com\/ca\/wp-json\/wp\/v2\/product_brand?post=31558"},{"taxonomy":"product_cat","embeddable":true,"href":"https:\/\/www.navarroaubanell.com\/ca\/wp-json\/wp\/v2\/product_cat?post=31558"},{"taxonomy":"product_tag","embeddable":true,"href":"https:\/\/www.navarroaubanell.com\/ca\/wp-json\/wp\/v2\/product_tag?post=31558"}],"curies":[{"name":"wp","href":"https:\/\/api.w.org\/{rel}","templated":true}]}}