{"id":31473,"date":"2021-03-01T14:06:21","date_gmt":"2021-03-01T13:06:21","guid":{"rendered":"https:\/\/www.navarroaubanell.com\/producto\/mesa-arki-desk\/"},"modified":"2024-10-01T15:29:38","modified_gmt":"2024-10-01T13:29:38","slug":"taula-arki-pedrali-navarroaubanell","status":"publish","type":"product","link":"https:\/\/www.navarroaubanell.com\/ca\/producte\/taula-arki-pedrali-navarroaubanell\/","title":{"rendered":"Taula Arki-desk"},"content":{"rendered":"<h5>Taules Arki: Versatilitat i Funcionalitat per a Oficines Modernes<\/h5>\n<p>La <strong>taula Arki<\/strong>, igual que tota la<a href=\"https:\/\/www.navarroaubanell.com\/producto\/familia-arki-pedrali-navarroaubanell\/\"> fam\u00edlia Arki<\/a>, est\u00e0 dissenyada per a satisfer les necessitats de flexibilitat i funcionalitat en oficines modernes i espais p\u00fablics. Amb versions ideals per a estacions de treball, lectura o consulta, aquestes taules es destaquen pel seu disseny net i estructuralment rigor\u00f3s.<\/p>\n<p>Es caracteritzen pel seu disseny net i lineal per\u00f2 tamb\u00e9 per la seva rigorositat des del punt de vista estructural, creant taules que s\u00f3n tant vers\u00e0tils com est\u00e8ticament atractives. Perfectes per a adaptar-se a diverses situacions d&#8217;\u00fas, les taules\u00a0Arki\u00a0ofereixen una soluci\u00f3 ideal per a qualsevol entorn, sigui interior o\u00a0exterio.<\/p>\n<p>Diferents models de <strong>Taula Arki<\/strong>:<\/p>\n<h6>TAULA ARK &#8211; ARK OUTDOOR<\/h6>\n<ul>\n<li><a href=\"https:\/\/cdn-assets.pedrali.com\/media\/pedrali\/media\/assets\/originals\/documenti\/st\/st-arki-table-ark.pdf\">ARK<\/a>: Taula amb potes de cavallet d&#8217;acer o <a href=\"https:\/\/cdn-assets.pedrali.com\/media\/pedrali\/media\/assets\/originals\/documenti\/st\/st-arki-table-arkw.pdf\">roure mass\u00eds<\/a> i sobre (fenix, compacte i de lin\u00f2leum) recolzat en un marc d&#8217;alumini extruit. Disponible amb o sense passafils. Diferents grand\u00e0ries.<\/li>\n<li><a href=\"https:\/\/cdn-assets.pedrali.com\/media\/pedrali\/media\/assets\/originals\/documenti\/st\/st-arki-table-ark-outdoor.pdf\">ARK\u00a0OUTDOOR:<\/a> Taula amb potes de cavallet d&#8217;acer i sobre (compatcto, aglomerat, gres) recolzat en un marc d&#8217;alumini extruit. Diferents grand\u00e0ries.<\/li>\n<\/ul>\n<h6>ARK 107- ARK 107 OUTDOOR<\/h6>\n<ul>\n<li><a href=\"https:\/\/cdn-assets.pedrali.com\/media\/pedrali\/media\/assets\/originals\/documenti\/st\/st-arki-table-ark5-2.pdf\">ARK 107<\/a>: Taula alta amb potes de cavallet d&#8217;acer o de<a href=\"https:\/\/cdn-assets.pedrali.com\/media\/pedrali\/media\/assets\/originals\/documenti\/st\/st-arki-table-arkw107.pdf\"> roure mass\u00eds<\/a> i sobre (compacte o f\u00e8nix) ultrafino d&#8217;estratificat recolzat en un marc d&#8217;alumini extruit. Disponible amb o sense passafils.<\/li>\n<li><a href=\"https:\/\/cdn-assets.pedrali.com\/media\/pedrali\/media\/assets\/originals\/documenti\/st\/st-arki-table-ark107.pdf\">ARK\u00a0107\u00a0OUTDOOR<\/a>: Taula alta amb potes de cavallet d&#8217;acer i sobre compacte ultrafino d&#8217;estratificat\u00a0 recolzat en un marc d&#8217;alumini extruit.<\/li>\n<\/ul>\n<h6>ARK 5\/2 ROUND &#8211; ARK 5\/2 ROUND OUTDOOR<\/h6>\n<ul>\n<li><a href=\"https:\/\/cdn-assets.pedrali.com\/media\/pedrali\/media\/assets\/originals\/documenti\/st\/st-arki-table-ark5-2.pdf\">ARK 5\/2 ROUND:<\/a> Taula amb potes de cavallet d&#8217;acer o <a href=\"https:\/\/cdn-assets.pedrali.com\/media\/pedrali\/media\/assets\/originals\/documenti\/st\/st-arki-table-arkw5-2.pdf\">roure mass\u00eds<\/a>, estructura d&#8217;acer i sobre (compacte, f\u00e8nix, laminatge) rod\u00f3. Diferents grand\u00e0ries.<\/li>\n<li><a href=\"https:\/\/cdn-assets.pedrali.com\/media\/pedrali\/media\/assets\/originals\/documenti\/st\/st-arki-table-ark5-2.pdf\">ARK\u00a05\/2 ROUND\u00a0OUTDOOR:<\/a> Taula amb potes de cavallet d&#8217;acer, estructura d&#8217;acer i sobre rod\u00f3 d&#8217;estratificat o laminat. Diferents grand\u00e0ries.<\/li>\n<\/ul>\n<h6>TAULA ARK 5\/2 SQUARE &#8211; ARK 5\/2 SQUARE OUTDOOR<\/h6>\n<ul>\n<li><a href=\"https:\/\/cdn-assets.pedrali.com\/media\/pedrali\/media\/assets\/originals\/documenti\/st\/st-arki-table-ark5-2.pdf\">ARK\u00a05\/2\u00a0SQUARE<\/a>: Taula amb potes de cavallet d&#8217;acer o <a href=\"https:\/\/cdn-assets.pedrali.com\/media\/pedrali\/media\/assets\/originals\/documenti\/st\/st-arki-table-arkw5-2.pdf\">roure mass\u00eds<\/a>, estructura d&#8217;acer i sobre (compacte, f\u00e8nix, laminatge) rod\u00f3 d&#8217;estratificat o laminat. Diferents grand\u00e0ries.<\/li>\n<li><a href=\"https:\/\/cdn-assets.pedrali.com\/media\/pedrali\/media\/assets\/originals\/documenti\/st\/st-arki-table-ark5-2.pdf\">ARK\u00a05\/2\u00a0SQUARE\u00a0OUTDOOR:<\/a> \u00a0Taula amb potes de cavallet d&#8217;acer, estructura d&#8217;acer i sobre compacte quadrat. Diferents grand\u00e0ries<\/li>\n<\/ul>\n<h6>ARK\/2\u00a0ROUND &#8211;\u00a0ARK\/2\u00a0ROUND\u00a0OUTDOOR<\/h6>\n<ul>\n<li><a href=\"https:\/\/cdn-assets.pedrali.com\/media\/pedrali\/media\/assets\/originals\/documenti\/st\/st-arki-table-ark-2.pdf\">ARK\/2\u00a0ROUND:<\/a> Taula amb potes de cavallet d&#8217;acer o<a href=\"https:\/\/cdn-assets.pedrali.com\/media\/pedrali\/media\/assets\/originals\/documenti\/st\/st-arki-table-arkw-2.pdf\"> roure mass\u00eds<\/a> i sobre (compacte, f\u00e8nix) rod\u00f3 recolzat en un marc d&#8217;alumini extruit. Disponible amb o sense passafils. Diferents grand\u00e0ries.<\/li>\n<li><a href=\"https:\/\/cdn-assets.pedrali.com\/media\/pedrali\/media\/assets\/originals\/documenti\/st\/st-arki-table-ark-2-outdoor.pdf\">ARK\/2\u00a0ROUND\u00a0OUTDOOR:<\/a> \u00a0Taula amb potes de cavallet d&#8217;acer i sobre compacte rod\u00f3 recolzat en un marc d&#8217;alumini extruit. Diferents grand\u00e0ries.<\/li>\n<\/ul>\n<h6>ARK\/2 SQUARE &#8211;\u00a0\u00a0ARK\/2 SQUARE OUTDOOR<\/h6>\n<ul>\n<li><a href=\"https:\/\/cdn-assets.pedrali.com\/media\/pedrali\/media\/assets\/originals\/documenti\/st\/st-arki-table-ark-2.pdf\">ARK\/2\u00a0SQUARE:<\/a> Taula amb potes de cavallet d&#8217;acer o<a href=\"https:\/\/cdn-assets.pedrali.com\/media\/pedrali\/media\/assets\/originals\/documenti\/st\/st-arki-table-arkw-2.pdf\"> roure mass\u00eds<\/a> i sobre (compacte, f\u00e8nix) quadrat recolzat en un marc d&#8217;alumini extruit. Disponible amb o sense passafils. Diferents grand\u00e0ries.<\/li>\n<li><a href=\"https:\/\/cdn-assets.pedrali.com\/media\/pedrali\/media\/assets\/originals\/documenti\/st\/st-arki-table-ark-2-outdoor.pdf\">ARK\/2\u00a0SQUARE\u00a0OUTDOOR:<\/a> Taula amb potes de cavallet d&#8217;acer i sobre compacte quadrat recolzat en un marc d&#8217;alumini extruit. Diferents grand\u00e0ries.<\/li>\n<\/ul>\n<h6>ARK\u00a07<\/h6>\n<ul>\n<li><a href=\"https:\/\/cdn-assets.pedrali.com\/media\/pedrali\/media\/assets\/originals\/documenti\/st\/st-arki-desk-ark7.pdf\">ARK7<\/a>: Taula amb potes de cavallet d&#8217;acer o <a href=\"https:\/\/cdn-assets.pedrali.com\/media\/pedrali\/media\/assets\/originals\/documenti\/st\/st-arki-desk-arkw7.pdf\">roure mass\u00eds<\/a>, sobre (compacte, f\u00e8nix, laminatge) en estratificat i travesser de refor\u00e7 d&#8217;acer. Diferents grand\u00e0ries.<\/li>\n<\/ul>\n","protected":false},"excerpt":{"rendered":"<p>Taules Arki: Versatilitat i Funcionalitat per a Oficines Modernes La taula Arki, igual que tota la fam\u00edlia Arki, est\u00e0 dissenyada per a satisfer les necessitats de flexibilitat i funcionalitat en oficines modernes i espais p\u00fablics. Amb versions ideals per a estacions de treball, lectura o consulta, aquestes taules es destaquen pel seu disseny net i&hellip;<\/p>\n","protected":false},"featured_media":36031,"template":"","meta":{"_acf_changed":false},"product_brand":[882],"product_cat":[555,559,529,567],"product_tag":[1224,1022,640,945,664,947,701,729,843,845],"class_list":{"0":"post-31473","1":"product","2":"type-product","3":"status-publish","4":"has-post-thumbnail","6":"product_brand-pedrali-ca","7":"product_cat-oficina","8":"product_cat-taules-ca","9":"product_cat-taules","10":"product_cat-taules-exterior","11":"product_tag-arki-ca","12":"product_tag-arki-desk-ca","13":"product_tag-exterior-ca","14":"product_tag-madera-ca","15":"product_tag-interior-ca","16":"product_tag-metalica-ca","17":"product_tag-mobiliari-oficina","18":"product_tag-pedrali-ca","19":"product_tag-taules","20":"product_tag-taules-oficina","21":"description-off","23":"first","24":"instock","25":"shipping-taxable","26":"product-type-simple"},"acf":[],"yoast_head":"<!-- This site is optimized with the Yoast SEO plugin v27.0 - https:\/\/yoast.com\/product\/yoast-seo-wordpress\/ -->\n<title>Taula Arki, Pedrali- Navarro Aubanell<\/title>\n<meta name=\"description\" content=\"Taules Arki: versatilitat i funcionalitat. Disseny net i estructuralment s\u00f2lid, ideals per a treball, lectura i consulta. Diversos models i grand\u00e0ries.\" \/>\n<meta name=\"robots\" content=\"index, follow, max-snippet:-1, max-image-preview:large, max-video-preview:-1\" \/>\n<link rel=\"canonical\" href=\"https:\/\/www.navarroaubanell.com\/ca\/producte\/taula-arki-pedrali-navarroaubanell\/\" \/>\n<meta property=\"og:locale\" content=\"ca_ES\" \/>\n<meta property=\"og:type\" content=\"article\" \/>\n<meta property=\"og:title\" content=\"Taula Arki, Pedrali- Navarro Aubanell\" \/>\n<meta property=\"og:description\" content=\"Taules Arki: versatilitat i funcionalitat. Disseny net i estructuralment s\u00f2lid, ideals per a treball, lectura i consulta. Diversos models i grand\u00e0ries.\" \/>\n<meta property=\"og:url\" content=\"https:\/\/www.navarroaubanell.com\/ca\/producte\/taula-arki-pedrali-navarroaubanell\/\" \/>\n<meta property=\"og:site_name\" content=\"Navarro Aubanell\" \/>\n<meta property=\"article:modified_time\" content=\"2024-10-01T13:29:38+00:00\" \/>\n<meta property=\"og:image\" content=\"https:\/\/www.navarroaubanell.com\/wp-content\/uploads\/2021\/03\/Arki-Table-ARK-5-2-round-Outdoor.png\" \/>\n\t<meta property=\"og:image:width\" content=\"800\" \/>\n\t<meta property=\"og:image:height\" content=\"650\" \/>\n\t<meta property=\"og:image:type\" content=\"image\/png\" \/>\n<meta name=\"twitter:label1\" content=\"Est. reading time\" \/>\n\t<meta name=\"twitter:data1\" content=\"3 minutes\" \/>\n<script type=\"application\/ld+json\" class=\"yoast-schema-graph\">{\"@context\":\"https:\/\/schema.org\",\"@graph\":[{\"@type\":\"WebPage\",\"@id\":\"https:\/\/www.navarroaubanell.com\/ca\/producte\/taula-arki-pedrali-navarroaubanell\/\",\"url\":\"https:\/\/www.navarroaubanell.com\/ca\/producte\/taula-arki-pedrali-navarroaubanell\/\",\"name\":\"Taula Arki, Pedrali- Navarro Aubanell\",\"isPartOf\":{\"@id\":\"https:\/\/www.navarroaubanell.com\/ca\/#website\"},\"primaryImageOfPage\":{\"@id\":\"https:\/\/www.navarroaubanell.com\/ca\/producte\/taula-arki-pedrali-navarroaubanell\/#primaryimage\"},\"image\":{\"@id\":\"https:\/\/www.navarroaubanell.com\/ca\/producte\/taula-arki-pedrali-navarroaubanell\/#primaryimage\"},\"thumbnailUrl\":\"https:\/\/www.navarroaubanell.com\/wp-content\/uploads\/2021\/03\/Arki-Table-ARK-5-2-round-Outdoor.png\",\"datePublished\":\"2021-03-01T13:06:21+00:00\",\"dateModified\":\"2024-10-01T13:29:38+00:00\",\"description\":\"Taules Arki: versatilitat i funcionalitat. Disseny net i estructuralment s\u00f2lid, ideals per a treball, lectura i consulta. Diversos models i grand\u00e0ries.\",\"breadcrumb\":{\"@id\":\"https:\/\/www.navarroaubanell.com\/ca\/producte\/taula-arki-pedrali-navarroaubanell\/#breadcrumb\"},\"inLanguage\":\"ca\",\"potentialAction\":[{\"@type\":\"ReadAction\",\"target\":[\"https:\/\/www.navarroaubanell.com\/ca\/producte\/taula-arki-pedrali-navarroaubanell\/\"]}]},{\"@type\":\"ImageObject\",\"inLanguage\":\"ca\",\"@id\":\"https:\/\/www.navarroaubanell.com\/ca\/producte\/taula-arki-pedrali-navarroaubanell\/#primaryimage\",\"url\":\"https:\/\/www.navarroaubanell.com\/wp-content\/uploads\/2021\/03\/Arki-Table-ARK-5-2-round-Outdoor.png\",\"contentUrl\":\"https:\/\/www.navarroaubanell.com\/wp-content\/uploads\/2021\/03\/Arki-Table-ARK-5-2-round-Outdoor.png\",\"width\":800,\"height\":650,\"caption\":\"Arki Table ARK 5-2 round Outdoor\"},{\"@type\":\"BreadcrumbList\",\"@id\":\"https:\/\/www.navarroaubanell.com\/ca\/producte\/taula-arki-pedrali-navarroaubanell\/#breadcrumb\",\"itemListElement\":[{\"@type\":\"ListItem\",\"position\":1,\"name\":\"Portada\",\"item\":\"https:\/\/www.navarroaubanell.com\/ca\/\"},{\"@type\":\"ListItem\",\"position\":2,\"name\":\"Productes\",\"item\":\"https:\/\/www.navarroaubanell.com\/productos\/\"},{\"@type\":\"ListItem\",\"position\":3,\"name\":\"Taula Arki-desk\"}]},{\"@type\":\"WebSite\",\"@id\":\"https:\/\/www.navarroaubanell.com\/ca\/#website\",\"url\":\"https:\/\/www.navarroaubanell.com\/ca\/\",\"name\":\"Navarro Aubanell\",\"description\":\"Mobiliario para hoteler\u00eda, colectividades y oficinas\",\"publisher\":{\"@id\":\"https:\/\/www.navarroaubanell.com\/ca\/#organization\"},\"potentialAction\":[{\"@type\":\"SearchAction\",\"target\":{\"@type\":\"EntryPoint\",\"urlTemplate\":\"https:\/\/www.navarroaubanell.com\/ca\/?s={search_term_string}\"},\"query-input\":{\"@type\":\"PropertyValueSpecification\",\"valueRequired\":true,\"valueName\":\"search_term_string\"}}],\"inLanguage\":\"ca\"},{\"@type\":\"Organization\",\"@id\":\"https:\/\/www.navarroaubanell.com\/ca\/#organization\",\"name\":\"COMERCIAL NAVARRO AUBANELL, S.A\",\"url\":\"https:\/\/www.navarroaubanell.com\/ca\/\",\"logo\":{\"@type\":\"ImageObject\",\"inLanguage\":\"ca\",\"@id\":\"https:\/\/www.navarroaubanell.com\/ca\/#\/schema\/logo\/image\/\",\"url\":\"https:\/\/www.navarroaubanell.com\/wp-content\/uploads\/2017\/07\/logo-navarro-aubuanell.png\",\"contentUrl\":\"https:\/\/www.navarroaubanell.com\/wp-content\/uploads\/2017\/07\/logo-navarro-aubuanell.png\",\"width\":6304,\"height\":1154,\"caption\":\"COMERCIAL NAVARRO AUBANELL, S.A\"},\"image\":{\"@id\":\"https:\/\/www.navarroaubanell.com\/ca\/#\/schema\/logo\/image\/\"}}]}<\/script>\n<!-- \/ Yoast SEO plugin. -->","yoast_head_json":{"title":"Taula Arki, Pedrali- Navarro Aubanell","description":"Taules Arki: versatilitat i funcionalitat. Disseny net i estructuralment s\u00f2lid, ideals per a treball, lectura i consulta. Diversos models i grand\u00e0ries.","robots":{"index":"index","follow":"follow","max-snippet":"max-snippet:-1","max-image-preview":"max-image-preview:large","max-video-preview":"max-video-preview:-1"},"canonical":"https:\/\/www.navarroaubanell.com\/ca\/producte\/taula-arki-pedrali-navarroaubanell\/","og_locale":"ca_ES","og_type":"article","og_title":"Taula Arki, Pedrali- Navarro Aubanell","og_description":"Taules Arki: versatilitat i funcionalitat. Disseny net i estructuralment s\u00f2lid, ideals per a treball, lectura i consulta. Diversos models i grand\u00e0ries.","og_url":"https:\/\/www.navarroaubanell.com\/ca\/producte\/taula-arki-pedrali-navarroaubanell\/","og_site_name":"Navarro Aubanell","article_modified_time":"2024-10-01T13:29:38+00:00","og_image":[{"width":800,"height":650,"url":"https:\/\/www.navarroaubanell.com\/wp-content\/uploads\/2021\/03\/Arki-Table-ARK-5-2-round-Outdoor.png","type":"image\/png"}],"twitter_misc":{"Est. reading time":"3 minutes"},"schema":{"@context":"https:\/\/schema.org","@graph":[{"@type":"WebPage","@id":"https:\/\/www.navarroaubanell.com\/ca\/producte\/taula-arki-pedrali-navarroaubanell\/","url":"https:\/\/www.navarroaubanell.com\/ca\/producte\/taula-arki-pedrali-navarroaubanell\/","name":"Taula Arki, Pedrali- Navarro Aubanell","isPartOf":{"@id":"https:\/\/www.navarroaubanell.com\/ca\/#website"},"primaryImageOfPage":{"@id":"https:\/\/www.navarroaubanell.com\/ca\/producte\/taula-arki-pedrali-navarroaubanell\/#primaryimage"},"image":{"@id":"https:\/\/www.navarroaubanell.com\/ca\/producte\/taula-arki-pedrali-navarroaubanell\/#primaryimage"},"thumbnailUrl":"https:\/\/www.navarroaubanell.com\/wp-content\/uploads\/2021\/03\/Arki-Table-ARK-5-2-round-Outdoor.png","datePublished":"2021-03-01T13:06:21+00:00","dateModified":"2024-10-01T13:29:38+00:00","description":"Taules Arki: versatilitat i funcionalitat. Disseny net i estructuralment s\u00f2lid, ideals per a treball, lectura i consulta. Diversos models i grand\u00e0ries.","breadcrumb":{"@id":"https:\/\/www.navarroaubanell.com\/ca\/producte\/taula-arki-pedrali-navarroaubanell\/#breadcrumb"},"inLanguage":"ca","potentialAction":[{"@type":"ReadAction","target":["https:\/\/www.navarroaubanell.com\/ca\/producte\/taula-arki-pedrali-navarroaubanell\/"]}]},{"@type":"ImageObject","inLanguage":"ca","@id":"https:\/\/www.navarroaubanell.com\/ca\/producte\/taula-arki-pedrali-navarroaubanell\/#primaryimage","url":"https:\/\/www.navarroaubanell.com\/wp-content\/uploads\/2021\/03\/Arki-Table-ARK-5-2-round-Outdoor.png","contentUrl":"https:\/\/www.navarroaubanell.com\/wp-content\/uploads\/2021\/03\/Arki-Table-ARK-5-2-round-Outdoor.png","width":800,"height":650,"caption":"Arki Table ARK 5-2 round Outdoor"},{"@type":"BreadcrumbList","@id":"https:\/\/www.navarroaubanell.com\/ca\/producte\/taula-arki-pedrali-navarroaubanell\/#breadcrumb","itemListElement":[{"@type":"ListItem","position":1,"name":"Portada","item":"https:\/\/www.navarroaubanell.com\/ca\/"},{"@type":"ListItem","position":2,"name":"Productes","item":"https:\/\/www.navarroaubanell.com\/productos\/"},{"@type":"ListItem","position":3,"name":"Taula Arki-desk"}]},{"@type":"WebSite","@id":"https:\/\/www.navarroaubanell.com\/ca\/#website","url":"https:\/\/www.navarroaubanell.com\/ca\/","name":"Navarro Aubanell","description":"Mobiliario para hoteler\u00eda, colectividades y oficinas","publisher":{"@id":"https:\/\/www.navarroaubanell.com\/ca\/#organization"},"potentialAction":[{"@type":"SearchAction","target":{"@type":"EntryPoint","urlTemplate":"https:\/\/www.navarroaubanell.com\/ca\/?s={search_term_string}"},"query-input":{"@type":"PropertyValueSpecification","valueRequired":true,"valueName":"search_term_string"}}],"inLanguage":"ca"},{"@type":"Organization","@id":"https:\/\/www.navarroaubanell.com\/ca\/#organization","name":"COMERCIAL NAVARRO AUBANELL, S.A","url":"https:\/\/www.navarroaubanell.com\/ca\/","logo":{"@type":"ImageObject","inLanguage":"ca","@id":"https:\/\/www.navarroaubanell.com\/ca\/#\/schema\/logo\/image\/","url":"https:\/\/www.navarroaubanell.com\/wp-content\/uploads\/2017\/07\/logo-navarro-aubuanell.png","contentUrl":"https:\/\/www.navarroaubanell.com\/wp-content\/uploads\/2017\/07\/logo-navarro-aubuanell.png","width":6304,"height":1154,"caption":"COMERCIAL NAVARRO AUBANELL, S.A"},"image":{"@id":"https:\/\/www.navarroaubanell.com\/ca\/#\/schema\/logo\/image\/"}}]}},"_links":{"self":[{"href":"https:\/\/www.navarroaubanell.com\/ca\/wp-json\/wp\/v2\/product\/31473","targetHints":{"allow":["GET"]}}],"collection":[{"href":"https:\/\/www.navarroaubanell.com\/ca\/wp-json\/wp\/v2\/product"}],"about":[{"href":"https:\/\/www.navarroaubanell.com\/ca\/wp-json\/wp\/v2\/types\/product"}],"wp:featuredmedia":[{"embeddable":true,"href":"https:\/\/www.navarroaubanell.com\/ca\/wp-json\/wp\/v2\/media\/36031"}],"wp:attachment":[{"href":"https:\/\/www.navarroaubanell.com\/ca\/wp-json\/wp\/v2\/media?parent=31473"}],"wp:term":[{"taxonomy":"product_brand","embeddable":true,"href":"https:\/\/www.navarroaubanell.com\/ca\/wp-json\/wp\/v2\/product_brand?post=31473"},{"taxonomy":"product_cat","embeddable":true,"href":"https:\/\/www.navarroaubanell.com\/ca\/wp-json\/wp\/v2\/product_cat?post=31473"},{"taxonomy":"product_tag","embeddable":true,"href":"https:\/\/www.navarroaubanell.com\/ca\/wp-json\/wp\/v2\/product_tag?post=31473"}],"curies":[{"name":"wp","href":"https:\/\/api.w.org\/{rel}","templated":true}]}}