{"id":31441,"date":"2021-03-01T13:40:02","date_gmt":"2021-03-01T12:40:02","guid":{"rendered":"https:\/\/www.navarroaubanell.com\/producto\/panarea-lounge\/"},"modified":"2024-10-01T15:34:09","modified_gmt":"2024-10-01T13:34:09","slug":"butaca-panarea-lounge-pedrali-navarroaubanell","status":"publish","type":"product","link":"https:\/\/www.navarroaubanell.com\/ca\/producte\/butaca-panarea-lounge-pedrali-navarroaubanell\/","title":{"rendered":"Butaca Panarea Lounge"},"content":{"rendered":"<h5>Panarea\u00a0Lounge\u00a0de\u00a0Pedrali: Eleg\u00e0ncia Artesanal i Comoditat Inigualable<\/h5>\n<p>La <strong>butaca Panarea Lounge<\/strong>, com tots els membres de la <a href=\"https:\/\/www.navarroaubanell.com\/ca\/producte\/familia-panarea-pedrali-navarroaubanell\/\">fam\u00edlia Panarea<\/a>, \u00e9s sin\u00f2nim de sofisticaci\u00f3 i confort, inspirada en la tradici\u00f3 artesanal italiana. El seu trenat en corda de polipropil\u00e8, 100% Made in Italy, embolica una robusta estructura de tub d&#8217;acer de \u00d8 20 mm, creant un disseny exclusiu i durador. Sobre el seient, un coix\u00ed embuatat amb escuma de poliuret\u00e0 drenant, revestit amb un teixit del mateix fil que el trenat, afegeix un toc de luxe i comoditat.<\/p>\n<h5>Caracter\u00edstiques Destacades:<\/h5>\n<ul>\n<li><strong>Estructura de Qualitat Superior:<\/strong>\n<ul>\n<li><strong>Material<\/strong>: Tub d&#8217;acer\u00a0electrogalvanizado\u00a0de\u00a0\u00d820\u00a0mm.<\/li>\n<li><strong>Acabat<\/strong>: Envernissat en pols especial per a exteriors, disponible en una gamma de colors elegants.<\/li>\n<li><strong>Protecci\u00f3<\/strong>: Tacs de polipropil\u00e8 en negre o blanc per a protegir tant la superf\u00edcie com el moble.<\/li>\n<\/ul>\n<\/li>\n<\/ul>\n<ul>\n<li><strong>Corda Teixida a m\u00e0:<\/strong>\n<ul>\n<li><strong>Material<\/strong>: Corda de \u00d86 mm, feta de setze fils de polipropil\u00e8 amb \u00e0nima de nylon, assegurant resist\u00e8ncia i durabilitat.<\/li>\n<li><strong>Artesania<\/strong>: Cada corda \u00e9s teixida a m\u00e0 a It\u00e0lia, aportant un toc artesanal i exclusiu.<\/li>\n<\/ul>\n<\/li>\n<li><strong>Coix\u00ed de Seient Confortable:<\/strong>\n<ul>\n<li><strong>Material<\/strong>: Escuma de poliuret\u00e0\u00a0Dryfeel, ign\u00edfuga i drenant.<\/li>\n<li><strong>Entapissat<\/strong>: Teixit repel\u00b7lent a l&#8217;aigua amb funda extra\u00efble per a facilitar la seva neteja i manteniment.<\/li>\n<li><strong>Fixaci\u00f3<\/strong>: Cinta de velcro adhesiva per a assegurar el coix\u00ed al seient.<\/li>\n<li><strong>Varietat<\/strong>: Disponible en una \u00e0mplia gamma de colors, permetent combinacions personalitzades.<\/li>\n<\/ul>\n<\/li>\n<\/ul>\n<h5>Funcionalitat i Versatilitat:<\/h5>\n<p>La <strong>butaca Panarea Lounge<\/strong> no sols destaca per la seva est\u00e8tica i qualitat, sin\u00f3 tamb\u00e9 per la seva funcionalitat. \u00c9s apilable, la qual cosa la fa pr\u00e0ctica i f\u00e0cil d&#8217;emmagatzemar, ajudant-te a optimitzar l&#8217;espai.<\/p>\n<h5>Transforma Els teus Espais amb Panarea Lounge<\/h5>\n<p>La <strong>butaca Panarea Lounge<\/strong> revolucionar\u00e0 qualsevol espai en qu\u00e8 es trobi, elevant la teva zona de relax a un nou nivell d&#8217;eleg\u00e0ncia i confort. El seu disseny exclusiu i la seva qualitat superior et faran experimentar noves sensacions, transportant-te a un lloc de tranquil\u00b7litat i luxe sense moure&#8217;t de la butaca.<\/p>\n<p><strong>Tria\u00a0Panarea\u00a0Lounge\u00a0i afegeix un toc de sofisticaci\u00f3 i funcionalitat al teu entorn. Experimenta la combinaci\u00f3 perfecta d&#8217;artesania italiana i disseny modern.<\/strong><\/p>\n<p><a href=\"https:\/\/cdn-assets.pedrali.com\/media\/pedrali\/media\/assets\/originals\/documenti\/st\/st-panarea-3679.pdf\">Fitxa t\u00e8cnica<\/a><\/p>\n","protected":false},"excerpt":{"rendered":"<p>Panarea\u00a0Lounge\u00a0de\u00a0Pedrali: Eleg\u00e0ncia Artesanal i Comoditat Inigualable La butaca Panarea Lounge, com tots els membres de la fam\u00edlia Panarea, \u00e9s sin\u00f2nim de sofisticaci\u00f3 i confort, inspirada en la tradici\u00f3 artesanal italiana. El seu trenat en corda de polipropil\u00e8, 100% Made in Italy, embolica una robusta estructura de tub d&#8217;acer de \u00d8 20 mm, creant un disseny&hellip;<\/p>\n","protected":false},"featured_media":34913,"template":"","meta":{"_acf_changed":false},"product_brand":[882],"product_cat":[937,563],"product_tag":[587,605,618,1018,1019,640,1020,729],"class_list":{"0":"post-31441","1":"product","2":"type-product","3":"status-publish","4":"has-post-thumbnail","6":"product_brand-pedrali-ca","7":"product_cat-butaques-ca-2","8":"product_cat-exterior-ca","9":"product_tag-apilable-ca","10":"product_tag-butaca-ca","11":"product_tag-contract-ca","12":"product_tag-cuerda-ca","13":"product_tag-destacado-ca","14":"product_tag-exterior-ca","15":"product_tag-panarea-ca","16":"product_tag-pedrali-ca","17":"description-off","19":"first","20":"instock","21":"shipping-taxable","22":"product-type-simple"},"acf":[],"yoast_head":"<!-- This site is optimized with the Yoast SEO plugin v27.6 - https:\/\/yoast.com\/product\/yoast-seo-wordpress\/ -->\n<title>Butaca Panarea Lounge, Pedrali- Navarro Aubanell<\/title>\n<meta name=\"description\" content=\"Butaca Panarea Lounge: tub d&#039;acer, cordes fetes amb fil de polipropil\u00e8 i \u00e0nima de nylon. Coixins dryfeel. Apilable, per a exteriors.\" \/>\n<meta name=\"robots\" content=\"index, follow, max-snippet:-1, max-image-preview:large, max-video-preview:-1\" \/>\n<link rel=\"canonical\" href=\"https:\/\/www.navarroaubanell.com\/ca\/producte\/butaca-panarea-lounge-pedrali-navarroaubanell\/\" \/>\n<meta property=\"og:locale\" content=\"ca_ES\" \/>\n<meta property=\"og:type\" content=\"article\" \/>\n<meta property=\"og:title\" content=\"Butaca Panarea Lounge, Pedrali- Navarro Aubanell\" \/>\n<meta property=\"og:description\" content=\"Butaca Panarea Lounge: tub d&#039;acer, cordes fetes amb fil de polipropil\u00e8 i \u00e0nima de nylon. Coixins dryfeel. Apilable, per a exteriors.\" \/>\n<meta property=\"og:url\" content=\"https:\/\/www.navarroaubanell.com\/ca\/producte\/butaca-panarea-lounge-pedrali-navarroaubanell\/\" \/>\n<meta property=\"og:site_name\" content=\"Navarro Aubanell\" \/>\n<meta property=\"article:modified_time\" content=\"2024-10-01T13:34:09+00:00\" \/>\n<meta property=\"og:image\" content=\"https:\/\/www.navarroaubanell.com\/wp-content\/uploads\/2021\/03\/Panarea-3679-3.png\" \/>\n\t<meta property=\"og:image:width\" content=\"881\" \/>\n\t<meta property=\"og:image:height\" content=\"1181\" \/>\n\t<meta property=\"og:image:type\" content=\"image\/png\" \/>\n<meta name=\"twitter:label1\" content=\"Est. reading time\" \/>\n\t<meta name=\"twitter:data1\" content=\"2 minutes\" \/>\n<script type=\"application\/ld+json\" class=\"yoast-schema-graph\">{\"@context\":\"https:\\\/\\\/schema.org\",\"@graph\":[{\"@type\":\"WebPage\",\"@id\":\"https:\\\/\\\/www.navarroaubanell.com\\\/ca\\\/producte\\\/butaca-panarea-lounge-pedrali-navarroaubanell\\\/\",\"url\":\"https:\\\/\\\/www.navarroaubanell.com\\\/ca\\\/producte\\\/butaca-panarea-lounge-pedrali-navarroaubanell\\\/\",\"name\":\"Butaca Panarea Lounge, Pedrali- Navarro Aubanell\",\"isPartOf\":{\"@id\":\"https:\\\/\\\/www.navarroaubanell.com\\\/ca\\\/#website\"},\"primaryImageOfPage\":{\"@id\":\"https:\\\/\\\/www.navarroaubanell.com\\\/ca\\\/producte\\\/butaca-panarea-lounge-pedrali-navarroaubanell\\\/#primaryimage\"},\"image\":{\"@id\":\"https:\\\/\\\/www.navarroaubanell.com\\\/ca\\\/producte\\\/butaca-panarea-lounge-pedrali-navarroaubanell\\\/#primaryimage\"},\"thumbnailUrl\":\"https:\\\/\\\/www.navarroaubanell.com\\\/wp-content\\\/uploads\\\/2021\\\/03\\\/Panarea-3679-3.png\",\"datePublished\":\"2021-03-01T12:40:02+00:00\",\"dateModified\":\"2024-10-01T13:34:09+00:00\",\"description\":\"Butaca Panarea Lounge: tub d'acer, cordes fetes amb fil de polipropil\u00e8 i \u00e0nima de nylon. Coixins dryfeel. Apilable, per a exteriors.\",\"breadcrumb\":{\"@id\":\"https:\\\/\\\/www.navarroaubanell.com\\\/ca\\\/producte\\\/butaca-panarea-lounge-pedrali-navarroaubanell\\\/#breadcrumb\"},\"inLanguage\":\"ca\",\"potentialAction\":[{\"@type\":\"ReadAction\",\"target\":[\"https:\\\/\\\/www.navarroaubanell.com\\\/ca\\\/producte\\\/butaca-panarea-lounge-pedrali-navarroaubanell\\\/\"]}]},{\"@type\":\"ImageObject\",\"inLanguage\":\"ca\",\"@id\":\"https:\\\/\\\/www.navarroaubanell.com\\\/ca\\\/producte\\\/butaca-panarea-lounge-pedrali-navarroaubanell\\\/#primaryimage\",\"url\":\"https:\\\/\\\/www.navarroaubanell.com\\\/wp-content\\\/uploads\\\/2021\\\/03\\\/Panarea-3679-3.png\",\"contentUrl\":\"https:\\\/\\\/www.navarroaubanell.com\\\/wp-content\\\/uploads\\\/2021\\\/03\\\/Panarea-3679-3.png\",\"width\":881,\"height\":1181,\"caption\":\"Butaca Panarea Lounge 3679\"},{\"@type\":\"BreadcrumbList\",\"@id\":\"https:\\\/\\\/www.navarroaubanell.com\\\/ca\\\/producte\\\/butaca-panarea-lounge-pedrali-navarroaubanell\\\/#breadcrumb\",\"itemListElement\":[{\"@type\":\"ListItem\",\"position\":1,\"name\":\"Portada\",\"item\":\"https:\\\/\\\/www.navarroaubanell.com\\\/ca\\\/\"},{\"@type\":\"ListItem\",\"position\":2,\"name\":\"Productes\",\"item\":\"https:\\\/\\\/www.navarroaubanell.com\\\/productos\\\/\"},{\"@type\":\"ListItem\",\"position\":3,\"name\":\"Butaca Panarea Lounge\"}]},{\"@type\":\"WebSite\",\"@id\":\"https:\\\/\\\/www.navarroaubanell.com\\\/ca\\\/#website\",\"url\":\"https:\\\/\\\/www.navarroaubanell.com\\\/ca\\\/\",\"name\":\"Navarro Aubanell\",\"description\":\"Mobiliario para hoteler\u00eda, colectividades y oficinas\",\"publisher\":{\"@id\":\"https:\\\/\\\/www.navarroaubanell.com\\\/ca\\\/#organization\"},\"potentialAction\":[{\"@type\":\"SearchAction\",\"target\":{\"@type\":\"EntryPoint\",\"urlTemplate\":\"https:\\\/\\\/www.navarroaubanell.com\\\/ca\\\/?s={search_term_string}\"},\"query-input\":{\"@type\":\"PropertyValueSpecification\",\"valueRequired\":true,\"valueName\":\"search_term_string\"}}],\"inLanguage\":\"ca\"},{\"@type\":\"Organization\",\"@id\":\"https:\\\/\\\/www.navarroaubanell.com\\\/ca\\\/#organization\",\"name\":\"COMERCIAL NAVARRO AUBANELL, S.A\",\"url\":\"https:\\\/\\\/www.navarroaubanell.com\\\/ca\\\/\",\"logo\":{\"@type\":\"ImageObject\",\"inLanguage\":\"ca\",\"@id\":\"https:\\\/\\\/www.navarroaubanell.com\\\/ca\\\/#\\\/schema\\\/logo\\\/image\\\/\",\"url\":\"https:\\\/\\\/www.navarroaubanell.com\\\/wp-content\\\/uploads\\\/2017\\\/07\\\/logo-navarro-aubuanell.png\",\"contentUrl\":\"https:\\\/\\\/www.navarroaubanell.com\\\/wp-content\\\/uploads\\\/2017\\\/07\\\/logo-navarro-aubuanell.png\",\"width\":6304,\"height\":1154,\"caption\":\"COMERCIAL NAVARRO AUBANELL, S.A\"},\"image\":{\"@id\":\"https:\\\/\\\/www.navarroaubanell.com\\\/ca\\\/#\\\/schema\\\/logo\\\/image\\\/\"}}]}<\/script>\n<!-- \/ Yoast SEO plugin. -->","yoast_head_json":{"title":"Butaca Panarea Lounge, Pedrali- Navarro Aubanell","description":"Butaca Panarea Lounge: tub d'acer, cordes fetes amb fil de polipropil\u00e8 i \u00e0nima de nylon. Coixins dryfeel. Apilable, per a exteriors.","robots":{"index":"index","follow":"follow","max-snippet":"max-snippet:-1","max-image-preview":"max-image-preview:large","max-video-preview":"max-video-preview:-1"},"canonical":"https:\/\/www.navarroaubanell.com\/ca\/producte\/butaca-panarea-lounge-pedrali-navarroaubanell\/","og_locale":"ca_ES","og_type":"article","og_title":"Butaca Panarea Lounge, Pedrali- Navarro Aubanell","og_description":"Butaca Panarea Lounge: tub d'acer, cordes fetes amb fil de polipropil\u00e8 i \u00e0nima de nylon. Coixins dryfeel. Apilable, per a exteriors.","og_url":"https:\/\/www.navarroaubanell.com\/ca\/producte\/butaca-panarea-lounge-pedrali-navarroaubanell\/","og_site_name":"Navarro Aubanell","article_modified_time":"2024-10-01T13:34:09+00:00","og_image":[{"width":881,"height":1181,"url":"https:\/\/www.navarroaubanell.com\/wp-content\/uploads\/2021\/03\/Panarea-3679-3.png","type":"image\/png"}],"twitter_misc":{"Est. reading time":"2 minutes"},"schema":{"@context":"https:\/\/schema.org","@graph":[{"@type":"WebPage","@id":"https:\/\/www.navarroaubanell.com\/ca\/producte\/butaca-panarea-lounge-pedrali-navarroaubanell\/","url":"https:\/\/www.navarroaubanell.com\/ca\/producte\/butaca-panarea-lounge-pedrali-navarroaubanell\/","name":"Butaca Panarea Lounge, Pedrali- Navarro Aubanell","isPartOf":{"@id":"https:\/\/www.navarroaubanell.com\/ca\/#website"},"primaryImageOfPage":{"@id":"https:\/\/www.navarroaubanell.com\/ca\/producte\/butaca-panarea-lounge-pedrali-navarroaubanell\/#primaryimage"},"image":{"@id":"https:\/\/www.navarroaubanell.com\/ca\/producte\/butaca-panarea-lounge-pedrali-navarroaubanell\/#primaryimage"},"thumbnailUrl":"https:\/\/www.navarroaubanell.com\/wp-content\/uploads\/2021\/03\/Panarea-3679-3.png","datePublished":"2021-03-01T12:40:02+00:00","dateModified":"2024-10-01T13:34:09+00:00","description":"Butaca Panarea Lounge: tub d'acer, cordes fetes amb fil de polipropil\u00e8 i \u00e0nima de nylon. Coixins dryfeel. Apilable, per a exteriors.","breadcrumb":{"@id":"https:\/\/www.navarroaubanell.com\/ca\/producte\/butaca-panarea-lounge-pedrali-navarroaubanell\/#breadcrumb"},"inLanguage":"ca","potentialAction":[{"@type":"ReadAction","target":["https:\/\/www.navarroaubanell.com\/ca\/producte\/butaca-panarea-lounge-pedrali-navarroaubanell\/"]}]},{"@type":"ImageObject","inLanguage":"ca","@id":"https:\/\/www.navarroaubanell.com\/ca\/producte\/butaca-panarea-lounge-pedrali-navarroaubanell\/#primaryimage","url":"https:\/\/www.navarroaubanell.com\/wp-content\/uploads\/2021\/03\/Panarea-3679-3.png","contentUrl":"https:\/\/www.navarroaubanell.com\/wp-content\/uploads\/2021\/03\/Panarea-3679-3.png","width":881,"height":1181,"caption":"Butaca Panarea Lounge 3679"},{"@type":"BreadcrumbList","@id":"https:\/\/www.navarroaubanell.com\/ca\/producte\/butaca-panarea-lounge-pedrali-navarroaubanell\/#breadcrumb","itemListElement":[{"@type":"ListItem","position":1,"name":"Portada","item":"https:\/\/www.navarroaubanell.com\/ca\/"},{"@type":"ListItem","position":2,"name":"Productes","item":"https:\/\/www.navarroaubanell.com\/productos\/"},{"@type":"ListItem","position":3,"name":"Butaca Panarea Lounge"}]},{"@type":"WebSite","@id":"https:\/\/www.navarroaubanell.com\/ca\/#website","url":"https:\/\/www.navarroaubanell.com\/ca\/","name":"Navarro Aubanell","description":"Mobiliario para hoteler\u00eda, colectividades y oficinas","publisher":{"@id":"https:\/\/www.navarroaubanell.com\/ca\/#organization"},"potentialAction":[{"@type":"SearchAction","target":{"@type":"EntryPoint","urlTemplate":"https:\/\/www.navarroaubanell.com\/ca\/?s={search_term_string}"},"query-input":{"@type":"PropertyValueSpecification","valueRequired":true,"valueName":"search_term_string"}}],"inLanguage":"ca"},{"@type":"Organization","@id":"https:\/\/www.navarroaubanell.com\/ca\/#organization","name":"COMERCIAL NAVARRO AUBANELL, S.A","url":"https:\/\/www.navarroaubanell.com\/ca\/","logo":{"@type":"ImageObject","inLanguage":"ca","@id":"https:\/\/www.navarroaubanell.com\/ca\/#\/schema\/logo\/image\/","url":"https:\/\/www.navarroaubanell.com\/wp-content\/uploads\/2017\/07\/logo-navarro-aubuanell.png","contentUrl":"https:\/\/www.navarroaubanell.com\/wp-content\/uploads\/2017\/07\/logo-navarro-aubuanell.png","width":6304,"height":1154,"caption":"COMERCIAL NAVARRO AUBANELL, S.A"},"image":{"@id":"https:\/\/www.navarroaubanell.com\/ca\/#\/schema\/logo\/image\/"}}]}},"_links":{"self":[{"href":"https:\/\/www.navarroaubanell.com\/ca\/wp-json\/wp\/v2\/product\/31441","targetHints":{"allow":["GET"]}}],"collection":[{"href":"https:\/\/www.navarroaubanell.com\/ca\/wp-json\/wp\/v2\/product"}],"about":[{"href":"https:\/\/www.navarroaubanell.com\/ca\/wp-json\/wp\/v2\/types\/product"}],"wp:featuredmedia":[{"embeddable":true,"href":"https:\/\/www.navarroaubanell.com\/ca\/wp-json\/wp\/v2\/media\/34913"}],"wp:attachment":[{"href":"https:\/\/www.navarroaubanell.com\/ca\/wp-json\/wp\/v2\/media?parent=31441"}],"wp:term":[{"taxonomy":"product_brand","embeddable":true,"href":"https:\/\/www.navarroaubanell.com\/ca\/wp-json\/wp\/v2\/product_brand?post=31441"},{"taxonomy":"product_cat","embeddable":true,"href":"https:\/\/www.navarroaubanell.com\/ca\/wp-json\/wp\/v2\/product_cat?post=31441"},{"taxonomy":"product_tag","embeddable":true,"href":"https:\/\/www.navarroaubanell.com\/ca\/wp-json\/wp\/v2\/product_tag?post=31441"}],"curies":[{"name":"wp","href":"https:\/\/api.w.org\/{rel}","templated":true}]}}