{"id":31247,"date":"2021-01-25T14:26:09","date_gmt":"2021-01-25T13:26:09","guid":{"rendered":"https:\/\/www.navarroaubanell.com\/producto\/alfombra-keplan-klasik\/"},"modified":"2021-01-25T15:08:42","modified_gmt":"2021-01-25T14:08:42","slug":"alfombra-keplan-klasik","status":"publish","type":"product","link":"https:\/\/www.navarroaubanell.com\/ca\/producte\/alfombra-keplan-klasik\/","title":{"rendered":"Catifa Keplan Klasik"},"content":{"rendered":"<p>Les catifes de vinil teixit KEPLAN \u00ae aix\u00ed com les moquetes, neixen com a conseq\u00fc\u00e8ncia d\u2019un proc\u00e9s de recerca i investigaci\u00f3 de nous materials el resultat ha suposat una revoluci\u00f3 en el sector. Les seves peculiaritats t\u00e8cniques doten a aquestes catifes i moquetes d\u2019uns avantatges in\u00e8dites fins ara. La seva resist\u00e8ncia al pas del temps, a l\u2019\u00fas ia l\u2019aigua, la possibilitat de rentar-fins i tot amb lleixiu, la seva alta resist\u00e8ncia al foc i l\u2019\u00e9sser a\u00efllants ac\u00fastics, fan que KEPLAN \u00ae sigui ideal per al seu \u00fas en espais p\u00fablics com oficines i botigues, per\u00f2 a m\u00e9s, no nom\u00e9s s\u00f3n catifes rentables que poguessin utilitzar-se com catifes de cuina, tamb\u00e9 repel\u00b7leixen la pols i els p\u00e8ls d\u2019animals, el que les converteix en ideals com catifes per a al\u00b7l\u00e8rgics.<br \/>\nLes catifes de vinil KEPLAN \u00ae permeten dissenys innovadors i personalitzats segons gust del client, de manera que actualment, el seu \u00fas a les llars cobra major import\u00e0ncia cada dia. En les 4 col\u00b7leccions: COLECCION KEPLAN KLASIC, KEPLAN PIXEL, KEPLAN L\u00cdNIA i KEPLAN ZETA-ZETA trobar\u00e0s varietat de textures i colors d\u2019on poder triar la que millor encaixi amb el que busques.<\/p>\n<p>Per \u00fas interior i exterior<\/p>\n","protected":false},"excerpt":{"rendered":"<p>Les catifes de vinil teixit KEPLAN \u00ae aix\u00ed com les moquetes, neixen com a conseq\u00fc\u00e8ncia d\u2019un proc\u00e9s de recerca i investigaci\u00f3 de nous materials el resultat ha suposat una revoluci\u00f3 en el sector. Les seves peculiaritats t\u00e8cniques doten a aquestes catifes i moquetes d\u2019uns avantatges in\u00e8dites fins ara. La seva resist\u00e8ncia al pas del temps,&hellip;<\/p>\n","protected":false},"featured_media":31236,"template":"","meta":{"_acf_changed":false},"product_brand":[885],"product_cat":[990],"product_tag":[799,618,640,664,672,669],"class_list":{"0":"post-31247","1":"product","2":"type-product","3":"status-publish","4":"has-post-thumbnail","6":"product_brand-kp-ca","7":"product_cat-catifes-ca","8":"product_tag-catifes-ca","9":"product_tag-contract-ca","10":"product_tag-exterior-ca","11":"product_tag-interior-ca","12":"product_tag-keplan-ca","13":"product_tag-kp-ca","14":"description-off","16":"first","17":"instock","18":"shipping-taxable","19":"product-type-simple"},"acf":[],"yoast_head":"<!-- This site is optimized with the Yoast SEO plugin v27.0 - https:\/\/yoast.com\/product\/yoast-seo-wordpress\/ -->\n<title>Catifa Keplan Klasik - Navarro Aubanell<\/title>\n<meta name=\"description\" content=\"Les catifes de vinil teixit KEPLAN \u00ae aix\u00ed com les moquetes, neixen com a conseq\u00fc\u00e8ncia d\u2019un proc\u00e9s de recerca i investigaci\u00f3 de nous materials.\" \/>\n<meta name=\"robots\" content=\"index, follow, max-snippet:-1, max-image-preview:large, max-video-preview:-1\" \/>\n<link rel=\"canonical\" href=\"https:\/\/www.navarroaubanell.com\/ca\/producte\/alfombra-keplan-klasik\/\" \/>\n<meta property=\"og:locale\" content=\"ca_ES\" \/>\n<meta property=\"og:type\" content=\"article\" \/>\n<meta property=\"og:title\" content=\"Catifa Keplan Klasik - Navarro Aubanell\" \/>\n<meta property=\"og:description\" content=\"Les catifes de vinil teixit KEPLAN \u00ae aix\u00ed com les moquetes, neixen com a conseq\u00fc\u00e8ncia d\u2019un proc\u00e9s de recerca i investigaci\u00f3 de nous materials.\" \/>\n<meta property=\"og:url\" content=\"https:\/\/www.navarroaubanell.com\/ca\/producte\/alfombra-keplan-klasik\/\" \/>\n<meta property=\"og:site_name\" content=\"Navarro Aubanell\" \/>\n<meta property=\"article:modified_time\" content=\"2021-01-25T14:08:42+00:00\" \/>\n<meta property=\"og:image\" content=\"https:\/\/www.navarroaubanell.com\/wp-content\/uploads\/2021\/01\/keplan-klasik-3.jpg\" \/>\n\t<meta property=\"og:image:width\" content=\"800\" \/>\n\t<meta property=\"og:image:height\" content=\"650\" \/>\n\t<meta property=\"og:image:type\" content=\"image\/jpeg\" \/>\n<meta name=\"twitter:label1\" content=\"Est. reading time\" \/>\n\t<meta name=\"twitter:data1\" content=\"1 minute\" \/>\n<script type=\"application\/ld+json\" class=\"yoast-schema-graph\">{\"@context\":\"https:\/\/schema.org\",\"@graph\":[{\"@type\":\"WebPage\",\"@id\":\"https:\/\/www.navarroaubanell.com\/ca\/producte\/alfombra-keplan-klasik\/\",\"url\":\"https:\/\/www.navarroaubanell.com\/ca\/producte\/alfombra-keplan-klasik\/\",\"name\":\"Catifa Keplan Klasik - Navarro Aubanell\",\"isPartOf\":{\"@id\":\"https:\/\/www.navarroaubanell.com\/ca\/#website\"},\"primaryImageOfPage\":{\"@id\":\"https:\/\/www.navarroaubanell.com\/ca\/producte\/alfombra-keplan-klasik\/#primaryimage\"},\"image\":{\"@id\":\"https:\/\/www.navarroaubanell.com\/ca\/producte\/alfombra-keplan-klasik\/#primaryimage\"},\"thumbnailUrl\":\"https:\/\/www.navarroaubanell.com\/wp-content\/uploads\/2021\/01\/keplan-klasik-3.jpg\",\"datePublished\":\"2021-01-25T13:26:09+00:00\",\"dateModified\":\"2021-01-25T14:08:42+00:00\",\"description\":\"Les catifes de vinil teixit KEPLAN \u00ae aix\u00ed com les moquetes, neixen com a conseq\u00fc\u00e8ncia d\u2019un proc\u00e9s de recerca i investigaci\u00f3 de nous materials.\",\"breadcrumb\":{\"@id\":\"https:\/\/www.navarroaubanell.com\/ca\/producte\/alfombra-keplan-klasik\/#breadcrumb\"},\"inLanguage\":\"ca\",\"potentialAction\":[{\"@type\":\"ReadAction\",\"target\":[\"https:\/\/www.navarroaubanell.com\/ca\/producte\/alfombra-keplan-klasik\/\"]}]},{\"@type\":\"ImageObject\",\"inLanguage\":\"ca\",\"@id\":\"https:\/\/www.navarroaubanell.com\/ca\/producte\/alfombra-keplan-klasik\/#primaryimage\",\"url\":\"https:\/\/www.navarroaubanell.com\/wp-content\/uploads\/2021\/01\/keplan-klasik-3.jpg\",\"contentUrl\":\"https:\/\/www.navarroaubanell.com\/wp-content\/uploads\/2021\/01\/keplan-klasik-3.jpg\",\"width\":800,\"height\":650},{\"@type\":\"BreadcrumbList\",\"@id\":\"https:\/\/www.navarroaubanell.com\/ca\/producte\/alfombra-keplan-klasik\/#breadcrumb\",\"itemListElement\":[{\"@type\":\"ListItem\",\"position\":1,\"name\":\"Portada\",\"item\":\"https:\/\/www.navarroaubanell.com\/ca\/\"},{\"@type\":\"ListItem\",\"position\":2,\"name\":\"Productes\",\"item\":\"https:\/\/www.navarroaubanell.com\/productos\/\"},{\"@type\":\"ListItem\",\"position\":3,\"name\":\"Catifa Keplan Klasik\"}]},{\"@type\":\"WebSite\",\"@id\":\"https:\/\/www.navarroaubanell.com\/ca\/#website\",\"url\":\"https:\/\/www.navarroaubanell.com\/ca\/\",\"name\":\"Navarro Aubanell\",\"description\":\"Mobiliario para hoteler\u00eda, colectividades y oficinas\",\"publisher\":{\"@id\":\"https:\/\/www.navarroaubanell.com\/ca\/#organization\"},\"potentialAction\":[{\"@type\":\"SearchAction\",\"target\":{\"@type\":\"EntryPoint\",\"urlTemplate\":\"https:\/\/www.navarroaubanell.com\/ca\/?s={search_term_string}\"},\"query-input\":{\"@type\":\"PropertyValueSpecification\",\"valueRequired\":true,\"valueName\":\"search_term_string\"}}],\"inLanguage\":\"ca\"},{\"@type\":\"Organization\",\"@id\":\"https:\/\/www.navarroaubanell.com\/ca\/#organization\",\"name\":\"COMERCIAL NAVARRO AUBANELL, S.A\",\"url\":\"https:\/\/www.navarroaubanell.com\/ca\/\",\"logo\":{\"@type\":\"ImageObject\",\"inLanguage\":\"ca\",\"@id\":\"https:\/\/www.navarroaubanell.com\/ca\/#\/schema\/logo\/image\/\",\"url\":\"https:\/\/www.navarroaubanell.com\/wp-content\/uploads\/2017\/07\/logo-navarro-aubuanell.png\",\"contentUrl\":\"https:\/\/www.navarroaubanell.com\/wp-content\/uploads\/2017\/07\/logo-navarro-aubuanell.png\",\"width\":6304,\"height\":1154,\"caption\":\"COMERCIAL NAVARRO AUBANELL, S.A\"},\"image\":{\"@id\":\"https:\/\/www.navarroaubanell.com\/ca\/#\/schema\/logo\/image\/\"}}]}<\/script>\n<!-- \/ Yoast SEO plugin. -->","yoast_head_json":{"title":"Catifa Keplan Klasik - Navarro Aubanell","description":"Les catifes de vinil teixit KEPLAN \u00ae aix\u00ed com les moquetes, neixen com a conseq\u00fc\u00e8ncia d\u2019un proc\u00e9s de recerca i investigaci\u00f3 de nous materials.","robots":{"index":"index","follow":"follow","max-snippet":"max-snippet:-1","max-image-preview":"max-image-preview:large","max-video-preview":"max-video-preview:-1"},"canonical":"https:\/\/www.navarroaubanell.com\/ca\/producte\/alfombra-keplan-klasik\/","og_locale":"ca_ES","og_type":"article","og_title":"Catifa Keplan Klasik - Navarro Aubanell","og_description":"Les catifes de vinil teixit KEPLAN \u00ae aix\u00ed com les moquetes, neixen com a conseq\u00fc\u00e8ncia d\u2019un proc\u00e9s de recerca i investigaci\u00f3 de nous materials.","og_url":"https:\/\/www.navarroaubanell.com\/ca\/producte\/alfombra-keplan-klasik\/","og_site_name":"Navarro Aubanell","article_modified_time":"2021-01-25T14:08:42+00:00","og_image":[{"width":800,"height":650,"url":"https:\/\/www.navarroaubanell.com\/wp-content\/uploads\/2021\/01\/keplan-klasik-3.jpg","type":"image\/jpeg"}],"twitter_misc":{"Est. reading time":"1 minute"},"schema":{"@context":"https:\/\/schema.org","@graph":[{"@type":"WebPage","@id":"https:\/\/www.navarroaubanell.com\/ca\/producte\/alfombra-keplan-klasik\/","url":"https:\/\/www.navarroaubanell.com\/ca\/producte\/alfombra-keplan-klasik\/","name":"Catifa Keplan Klasik - Navarro Aubanell","isPartOf":{"@id":"https:\/\/www.navarroaubanell.com\/ca\/#website"},"primaryImageOfPage":{"@id":"https:\/\/www.navarroaubanell.com\/ca\/producte\/alfombra-keplan-klasik\/#primaryimage"},"image":{"@id":"https:\/\/www.navarroaubanell.com\/ca\/producte\/alfombra-keplan-klasik\/#primaryimage"},"thumbnailUrl":"https:\/\/www.navarroaubanell.com\/wp-content\/uploads\/2021\/01\/keplan-klasik-3.jpg","datePublished":"2021-01-25T13:26:09+00:00","dateModified":"2021-01-25T14:08:42+00:00","description":"Les catifes de vinil teixit KEPLAN \u00ae aix\u00ed com les moquetes, neixen com a conseq\u00fc\u00e8ncia d\u2019un proc\u00e9s de recerca i investigaci\u00f3 de nous materials.","breadcrumb":{"@id":"https:\/\/www.navarroaubanell.com\/ca\/producte\/alfombra-keplan-klasik\/#breadcrumb"},"inLanguage":"ca","potentialAction":[{"@type":"ReadAction","target":["https:\/\/www.navarroaubanell.com\/ca\/producte\/alfombra-keplan-klasik\/"]}]},{"@type":"ImageObject","inLanguage":"ca","@id":"https:\/\/www.navarroaubanell.com\/ca\/producte\/alfombra-keplan-klasik\/#primaryimage","url":"https:\/\/www.navarroaubanell.com\/wp-content\/uploads\/2021\/01\/keplan-klasik-3.jpg","contentUrl":"https:\/\/www.navarroaubanell.com\/wp-content\/uploads\/2021\/01\/keplan-klasik-3.jpg","width":800,"height":650},{"@type":"BreadcrumbList","@id":"https:\/\/www.navarroaubanell.com\/ca\/producte\/alfombra-keplan-klasik\/#breadcrumb","itemListElement":[{"@type":"ListItem","position":1,"name":"Portada","item":"https:\/\/www.navarroaubanell.com\/ca\/"},{"@type":"ListItem","position":2,"name":"Productes","item":"https:\/\/www.navarroaubanell.com\/productos\/"},{"@type":"ListItem","position":3,"name":"Catifa Keplan Klasik"}]},{"@type":"WebSite","@id":"https:\/\/www.navarroaubanell.com\/ca\/#website","url":"https:\/\/www.navarroaubanell.com\/ca\/","name":"Navarro Aubanell","description":"Mobiliario para hoteler\u00eda, colectividades y oficinas","publisher":{"@id":"https:\/\/www.navarroaubanell.com\/ca\/#organization"},"potentialAction":[{"@type":"SearchAction","target":{"@type":"EntryPoint","urlTemplate":"https:\/\/www.navarroaubanell.com\/ca\/?s={search_term_string}"},"query-input":{"@type":"PropertyValueSpecification","valueRequired":true,"valueName":"search_term_string"}}],"inLanguage":"ca"},{"@type":"Organization","@id":"https:\/\/www.navarroaubanell.com\/ca\/#organization","name":"COMERCIAL NAVARRO AUBANELL, S.A","url":"https:\/\/www.navarroaubanell.com\/ca\/","logo":{"@type":"ImageObject","inLanguage":"ca","@id":"https:\/\/www.navarroaubanell.com\/ca\/#\/schema\/logo\/image\/","url":"https:\/\/www.navarroaubanell.com\/wp-content\/uploads\/2017\/07\/logo-navarro-aubuanell.png","contentUrl":"https:\/\/www.navarroaubanell.com\/wp-content\/uploads\/2017\/07\/logo-navarro-aubuanell.png","width":6304,"height":1154,"caption":"COMERCIAL NAVARRO AUBANELL, S.A"},"image":{"@id":"https:\/\/www.navarroaubanell.com\/ca\/#\/schema\/logo\/image\/"}}]}},"_links":{"self":[{"href":"https:\/\/www.navarroaubanell.com\/ca\/wp-json\/wp\/v2\/product\/31247","targetHints":{"allow":["GET"]}}],"collection":[{"href":"https:\/\/www.navarroaubanell.com\/ca\/wp-json\/wp\/v2\/product"}],"about":[{"href":"https:\/\/www.navarroaubanell.com\/ca\/wp-json\/wp\/v2\/types\/product"}],"wp:featuredmedia":[{"embeddable":true,"href":"https:\/\/www.navarroaubanell.com\/ca\/wp-json\/wp\/v2\/media\/31236"}],"wp:attachment":[{"href":"https:\/\/www.navarroaubanell.com\/ca\/wp-json\/wp\/v2\/media?parent=31247"}],"wp:term":[{"taxonomy":"product_brand","embeddable":true,"href":"https:\/\/www.navarroaubanell.com\/ca\/wp-json\/wp\/v2\/product_brand?post=31247"},{"taxonomy":"product_cat","embeddable":true,"href":"https:\/\/www.navarroaubanell.com\/ca\/wp-json\/wp\/v2\/product_cat?post=31247"},{"taxonomy":"product_tag","embeddable":true,"href":"https:\/\/www.navarroaubanell.com\/ca\/wp-json\/wp\/v2\/product_tag?post=31247"}],"curies":[{"name":"wp","href":"https:\/\/api.w.org\/{rel}","templated":true}]}}