{"id":31219,"date":"2021-01-12T16:07:01","date_gmt":"2021-01-12T15:07:01","guid":{"rendered":"https:\/\/www.navarroaubanell.com\/producto\/tumbona-etna\/"},"modified":"2025-07-02T08:47:47","modified_gmt":"2025-07-02T06:47:47","slug":"gandula-etna","status":"publish","type":"product","link":"https:\/\/www.navarroaubanell.com\/ca\/producte\/gandula-etna\/","title":{"rendered":"Gandula Etna"},"content":{"rendered":"<p>La <strong>gandula Etna<\/strong> est\u00e0 fabricada amb <em>teixit\u00a0<span class=\"hiddenSpellError\">Balliu<\/span><\/em>, un teixit fet de <strong>poli\u00e8ster plastifica<\/strong>t, que li permet ser transpirable, resistent als raigs\u00a0<span class=\"hiddenSpellError\">UVA<\/span>\u00a0i comptar amb una protecci\u00f3 antimicrobiana duradora. Al seu torn, aquest teixit la protegeix contra la formaci\u00f3 de males olors i l&#8217;aparici\u00f3 de taques produ\u00efdes per la humitat. Es confecciona en mode\u00a0<strong>termosoldat<\/strong>. Un proc\u00e9s de producci\u00f3 que permet una integraci\u00f3 i fusi\u00f3 dels materials prou fort\u00a0per a\u00a0evitar els esquin\u00e7aments en el teixit.<\/p>\n<ul>\n<li>L&#8217;estructura de la <strong>gandula Etna<\/strong> compte amb un tractament anti\u00f2xid i anti-UV. \u00c9s d&#8217;alumini endurit amb <strong>pintat epoxy<\/strong>, oferint resist\u00e8ncia a la llum solar i una durabilitat ideal.<\/li>\n<li>El suport permet 5 posicions de <strong>regulaci\u00f3<\/strong>, fins a aconseguir una posici\u00f3 de 60\u00ba respecte a l&#8217;horitzontal, per a facilitar el descans i la comoditat. La graduaci\u00f3 del suport compta amb un sistema anti-atrapa dits i antibolcada, per la qual cosa ofereix una seguretat superior.<\/li>\n<li>S\u00f3n gandules <strong>apilables<\/strong> que\u00a0disposen de\u00a0reposabra\u00e7os.<\/li>\n<li>El teixit t\u00e9 la possibilitat de personalitzar-se amb un logotip o un anagrama a un baix cost, fent que aquestes gandules siguin exclusivament teves.<\/li>\n<\/ul>\n<p>Configuri la seva propia gandula Etna entrant a aquest <a href=\"https:\/\/viewer.ienhance.co\/v\/app\/f6ac2ae8-816a-45fc-905e-16570bc83d7a\">enlla\u00e7<\/a>.<\/p>\n<p><a href=\"https:\/\/balliuexport.com\/wp-content\/uploads\/2021\/09\/etna-tumbona-comprimido.pdf\">Fitxa t\u00e8cnica.<\/a><\/p>\n","protected":false},"excerpt":{"rendered":"<p>La gandula Etna est\u00e0 fabricada amb teixit\u00a0Balliu, un teixit fet de poli\u00e8ster plastificat, que li permet ser transpirable, resistent als raigs\u00a0UVA\u00a0i comptar amb una protecci\u00f3 antimicrobiana duradora. Al seu torn, aquest teixit la protegeix contra la formaci\u00f3 de males olors i l&#8217;aparici\u00f3 de taques produ\u00efdes per la humitat. Es confecciona en mode\u00a0termosoldat. Un proc\u00e9s de&hellip;<\/p>\n","protected":false},"featured_media":31217,"template":"","meta":{"_acf_changed":false},"product_brand":[887],"product_cat":[563,575],"product_tag":[992,587,593,618,638,640,781,860],"class_list":{"0":"post-31219","1":"product","2":"type-product","3":"status-publish","4":"has-post-thumbnail","6":"product_brand-balliu-ca","7":"product_cat-exterior-ca","8":"product_cat-tumbones-exterior","9":"product_tag-aluminio-ca","10":"product_tag-apilable-ca","11":"product_tag-balliu-ca","12":"product_tag-contract-ca","13":"product_tag-etna-ca","14":"product_tag-exterior-ca","15":"product_tag-tumbona-ca","16":"product_tag-regulable-ca","17":"description-off","19":"first","20":"instock","21":"shipping-taxable","22":"product-type-simple"},"acf":[],"yoast_head":"<!-- This site is optimized with the Yoast SEO plugin v27.0 - https:\/\/yoast.com\/product\/yoast-seo-wordpress\/ -->\n<title>Gandula Etna - Navarro Aubanell<\/title>\n<meta name=\"description\" content=\"La nova gandula Etna est\u00e0 fabricada amb teixit Balliu fet de poli\u00e8ster plastificat, transpirable, resistent als raigs UVA.\" \/>\n<meta name=\"robots\" content=\"index, follow, max-snippet:-1, max-image-preview:large, max-video-preview:-1\" \/>\n<link rel=\"canonical\" href=\"https:\/\/www.navarroaubanell.com\/ca\/producte\/gandula-etna\/\" \/>\n<meta property=\"og:locale\" content=\"ca_ES\" \/>\n<meta property=\"og:type\" content=\"article\" \/>\n<meta property=\"og:title\" content=\"Gandula Etna - Navarro Aubanell\" \/>\n<meta property=\"og:description\" content=\"La nova gandula Etna est\u00e0 fabricada amb teixit Balliu fet de poli\u00e8ster plastificat, transpirable, resistent als raigs UVA.\" \/>\n<meta property=\"og:url\" content=\"https:\/\/www.navarroaubanell.com\/ca\/producte\/gandula-etna\/\" \/>\n<meta property=\"og:site_name\" content=\"Navarro Aubanell\" \/>\n<meta property=\"article:modified_time\" content=\"2025-07-02T06:47:47+00:00\" \/>\n<meta property=\"og:image\" content=\"https:\/\/www.navarroaubanell.com\/wp-content\/uploads\/2021\/01\/TUMBONA-ETNA.jpg\" \/>\n\t<meta property=\"og:image:width\" content=\"800\" \/>\n\t<meta property=\"og:image:height\" content=\"650\" \/>\n\t<meta property=\"og:image:type\" content=\"image\/jpeg\" \/>\n<meta name=\"twitter:label1\" content=\"Est. reading time\" \/>\n\t<meta name=\"twitter:data1\" content=\"2 minutes\" \/>\n<script type=\"application\/ld+json\" class=\"yoast-schema-graph\">{\"@context\":\"https:\/\/schema.org\",\"@graph\":[{\"@type\":\"WebPage\",\"@id\":\"https:\/\/www.navarroaubanell.com\/ca\/producte\/gandula-etna\/\",\"url\":\"https:\/\/www.navarroaubanell.com\/ca\/producte\/gandula-etna\/\",\"name\":\"Gandula Etna - Navarro Aubanell\",\"isPartOf\":{\"@id\":\"https:\/\/www.navarroaubanell.com\/ca\/#website\"},\"primaryImageOfPage\":{\"@id\":\"https:\/\/www.navarroaubanell.com\/ca\/producte\/gandula-etna\/#primaryimage\"},\"image\":{\"@id\":\"https:\/\/www.navarroaubanell.com\/ca\/producte\/gandula-etna\/#primaryimage\"},\"thumbnailUrl\":\"https:\/\/www.navarroaubanell.com\/wp-content\/uploads\/2021\/01\/TUMBONA-ETNA.jpg\",\"datePublished\":\"2021-01-12T15:07:01+00:00\",\"dateModified\":\"2025-07-02T06:47:47+00:00\",\"description\":\"La nova gandula Etna est\u00e0 fabricada amb teixit Balliu fet de poli\u00e8ster plastificat, transpirable, resistent als raigs UVA.\",\"breadcrumb\":{\"@id\":\"https:\/\/www.navarroaubanell.com\/ca\/producte\/gandula-etna\/#breadcrumb\"},\"inLanguage\":\"ca\",\"potentialAction\":[{\"@type\":\"ReadAction\",\"target\":[\"https:\/\/www.navarroaubanell.com\/ca\/producte\/gandula-etna\/\"]}]},{\"@type\":\"ImageObject\",\"inLanguage\":\"ca\",\"@id\":\"https:\/\/www.navarroaubanell.com\/ca\/producte\/gandula-etna\/#primaryimage\",\"url\":\"https:\/\/www.navarroaubanell.com\/wp-content\/uploads\/2021\/01\/TUMBONA-ETNA.jpg\",\"contentUrl\":\"https:\/\/www.navarroaubanell.com\/wp-content\/uploads\/2021\/01\/TUMBONA-ETNA.jpg\",\"width\":800,\"height\":650,\"caption\":\"Gandula Etna amb el suport totalment tombat\"},{\"@type\":\"BreadcrumbList\",\"@id\":\"https:\/\/www.navarroaubanell.com\/ca\/producte\/gandula-etna\/#breadcrumb\",\"itemListElement\":[{\"@type\":\"ListItem\",\"position\":1,\"name\":\"Portada\",\"item\":\"https:\/\/www.navarroaubanell.com\/ca\/\"},{\"@type\":\"ListItem\",\"position\":2,\"name\":\"Productes\",\"item\":\"https:\/\/www.navarroaubanell.com\/productos\/\"},{\"@type\":\"ListItem\",\"position\":3,\"name\":\"Gandula Etna\"}]},{\"@type\":\"WebSite\",\"@id\":\"https:\/\/www.navarroaubanell.com\/ca\/#website\",\"url\":\"https:\/\/www.navarroaubanell.com\/ca\/\",\"name\":\"Navarro Aubanell\",\"description\":\"Mobiliario para hoteler\u00eda, colectividades y oficinas\",\"publisher\":{\"@id\":\"https:\/\/www.navarroaubanell.com\/ca\/#organization\"},\"potentialAction\":[{\"@type\":\"SearchAction\",\"target\":{\"@type\":\"EntryPoint\",\"urlTemplate\":\"https:\/\/www.navarroaubanell.com\/ca\/?s={search_term_string}\"},\"query-input\":{\"@type\":\"PropertyValueSpecification\",\"valueRequired\":true,\"valueName\":\"search_term_string\"}}],\"inLanguage\":\"ca\"},{\"@type\":\"Organization\",\"@id\":\"https:\/\/www.navarroaubanell.com\/ca\/#organization\",\"name\":\"COMERCIAL NAVARRO AUBANELL, S.A\",\"url\":\"https:\/\/www.navarroaubanell.com\/ca\/\",\"logo\":{\"@type\":\"ImageObject\",\"inLanguage\":\"ca\",\"@id\":\"https:\/\/www.navarroaubanell.com\/ca\/#\/schema\/logo\/image\/\",\"url\":\"https:\/\/www.navarroaubanell.com\/wp-content\/uploads\/2017\/07\/logo-navarro-aubuanell.png\",\"contentUrl\":\"https:\/\/www.navarroaubanell.com\/wp-content\/uploads\/2017\/07\/logo-navarro-aubuanell.png\",\"width\":6304,\"height\":1154,\"caption\":\"COMERCIAL NAVARRO AUBANELL, S.A\"},\"image\":{\"@id\":\"https:\/\/www.navarroaubanell.com\/ca\/#\/schema\/logo\/image\/\"}}]}<\/script>\n<!-- \/ Yoast SEO plugin. -->","yoast_head_json":{"title":"Gandula Etna - Navarro Aubanell","description":"La nova gandula Etna est\u00e0 fabricada amb teixit Balliu fet de poli\u00e8ster plastificat, transpirable, resistent als raigs UVA.","robots":{"index":"index","follow":"follow","max-snippet":"max-snippet:-1","max-image-preview":"max-image-preview:large","max-video-preview":"max-video-preview:-1"},"canonical":"https:\/\/www.navarroaubanell.com\/ca\/producte\/gandula-etna\/","og_locale":"ca_ES","og_type":"article","og_title":"Gandula Etna - Navarro Aubanell","og_description":"La nova gandula Etna est\u00e0 fabricada amb teixit Balliu fet de poli\u00e8ster plastificat, transpirable, resistent als raigs UVA.","og_url":"https:\/\/www.navarroaubanell.com\/ca\/producte\/gandula-etna\/","og_site_name":"Navarro Aubanell","article_modified_time":"2025-07-02T06:47:47+00:00","og_image":[{"width":800,"height":650,"url":"https:\/\/www.navarroaubanell.com\/wp-content\/uploads\/2021\/01\/TUMBONA-ETNA.jpg","type":"image\/jpeg"}],"twitter_misc":{"Est. reading time":"2 minutes"},"schema":{"@context":"https:\/\/schema.org","@graph":[{"@type":"WebPage","@id":"https:\/\/www.navarroaubanell.com\/ca\/producte\/gandula-etna\/","url":"https:\/\/www.navarroaubanell.com\/ca\/producte\/gandula-etna\/","name":"Gandula Etna - Navarro Aubanell","isPartOf":{"@id":"https:\/\/www.navarroaubanell.com\/ca\/#website"},"primaryImageOfPage":{"@id":"https:\/\/www.navarroaubanell.com\/ca\/producte\/gandula-etna\/#primaryimage"},"image":{"@id":"https:\/\/www.navarroaubanell.com\/ca\/producte\/gandula-etna\/#primaryimage"},"thumbnailUrl":"https:\/\/www.navarroaubanell.com\/wp-content\/uploads\/2021\/01\/TUMBONA-ETNA.jpg","datePublished":"2021-01-12T15:07:01+00:00","dateModified":"2025-07-02T06:47:47+00:00","description":"La nova gandula Etna est\u00e0 fabricada amb teixit Balliu fet de poli\u00e8ster plastificat, transpirable, resistent als raigs UVA.","breadcrumb":{"@id":"https:\/\/www.navarroaubanell.com\/ca\/producte\/gandula-etna\/#breadcrumb"},"inLanguage":"ca","potentialAction":[{"@type":"ReadAction","target":["https:\/\/www.navarroaubanell.com\/ca\/producte\/gandula-etna\/"]}]},{"@type":"ImageObject","inLanguage":"ca","@id":"https:\/\/www.navarroaubanell.com\/ca\/producte\/gandula-etna\/#primaryimage","url":"https:\/\/www.navarroaubanell.com\/wp-content\/uploads\/2021\/01\/TUMBONA-ETNA.jpg","contentUrl":"https:\/\/www.navarroaubanell.com\/wp-content\/uploads\/2021\/01\/TUMBONA-ETNA.jpg","width":800,"height":650,"caption":"Gandula Etna amb el suport totalment tombat"},{"@type":"BreadcrumbList","@id":"https:\/\/www.navarroaubanell.com\/ca\/producte\/gandula-etna\/#breadcrumb","itemListElement":[{"@type":"ListItem","position":1,"name":"Portada","item":"https:\/\/www.navarroaubanell.com\/ca\/"},{"@type":"ListItem","position":2,"name":"Productes","item":"https:\/\/www.navarroaubanell.com\/productos\/"},{"@type":"ListItem","position":3,"name":"Gandula Etna"}]},{"@type":"WebSite","@id":"https:\/\/www.navarroaubanell.com\/ca\/#website","url":"https:\/\/www.navarroaubanell.com\/ca\/","name":"Navarro Aubanell","description":"Mobiliario para hoteler\u00eda, colectividades y oficinas","publisher":{"@id":"https:\/\/www.navarroaubanell.com\/ca\/#organization"},"potentialAction":[{"@type":"SearchAction","target":{"@type":"EntryPoint","urlTemplate":"https:\/\/www.navarroaubanell.com\/ca\/?s={search_term_string}"},"query-input":{"@type":"PropertyValueSpecification","valueRequired":true,"valueName":"search_term_string"}}],"inLanguage":"ca"},{"@type":"Organization","@id":"https:\/\/www.navarroaubanell.com\/ca\/#organization","name":"COMERCIAL NAVARRO AUBANELL, S.A","url":"https:\/\/www.navarroaubanell.com\/ca\/","logo":{"@type":"ImageObject","inLanguage":"ca","@id":"https:\/\/www.navarroaubanell.com\/ca\/#\/schema\/logo\/image\/","url":"https:\/\/www.navarroaubanell.com\/wp-content\/uploads\/2017\/07\/logo-navarro-aubuanell.png","contentUrl":"https:\/\/www.navarroaubanell.com\/wp-content\/uploads\/2017\/07\/logo-navarro-aubuanell.png","width":6304,"height":1154,"caption":"COMERCIAL NAVARRO AUBANELL, S.A"},"image":{"@id":"https:\/\/www.navarroaubanell.com\/ca\/#\/schema\/logo\/image\/"}}]}},"_links":{"self":[{"href":"https:\/\/www.navarroaubanell.com\/ca\/wp-json\/wp\/v2\/product\/31219","targetHints":{"allow":["GET"]}}],"collection":[{"href":"https:\/\/www.navarroaubanell.com\/ca\/wp-json\/wp\/v2\/product"}],"about":[{"href":"https:\/\/www.navarroaubanell.com\/ca\/wp-json\/wp\/v2\/types\/product"}],"wp:featuredmedia":[{"embeddable":true,"href":"https:\/\/www.navarroaubanell.com\/ca\/wp-json\/wp\/v2\/media\/31217"}],"wp:attachment":[{"href":"https:\/\/www.navarroaubanell.com\/ca\/wp-json\/wp\/v2\/media?parent=31219"}],"wp:term":[{"taxonomy":"product_brand","embeddable":true,"href":"https:\/\/www.navarroaubanell.com\/ca\/wp-json\/wp\/v2\/product_brand?post=31219"},{"taxonomy":"product_cat","embeddable":true,"href":"https:\/\/www.navarroaubanell.com\/ca\/wp-json\/wp\/v2\/product_cat?post=31219"},{"taxonomy":"product_tag","embeddable":true,"href":"https:\/\/www.navarroaubanell.com\/ca\/wp-json\/wp\/v2\/product_tag?post=31219"}],"curies":[{"name":"wp","href":"https:\/\/api.w.org\/{rel}","templated":true}]}}