{"id":30792,"date":"2020-11-24T12:59:04","date_gmt":"2020-11-24T11:59:04","guid":{"rendered":"https:\/\/www.navarroaubanell.com\/producto\/butaca-a82-006\/"},"modified":"2020-11-24T13:01:15","modified_gmt":"2020-11-24T12:01:15","slug":"butaca-a82-006","status":"publish","type":"product","link":"https:\/\/www.navarroaubanell.com\/ca\/producte\/butaca-a82-006\/","title":{"rendered":"Butaca A82-006"},"content":{"rendered":"<p>La butaca A82-006 amb estructura de fusta de pi, tauler de part\u00edcules i escuma PUR, \u00e9s ideal per a tot tipus d&#8217;espais.<br \/>\nEl seient \u00e9s d&#8217;escuma PUR de 30Kg \/ m3 suau i fibra de poli\u00e8ster termoligada. Desenfundable.<br \/>\nEl suport \u00e9s d&#8217;escuma PUR de 20 kg \/ m\u00b3 s\u00faper suau, recoberta de fibra de poli\u00e8ster termoligada. Desenfundable.<br \/>\nPotes met\u00e0l\u00b7liques: negre.<br \/>\nDisponible en diversos acabats de teixit.<\/p>\n","protected":false},"excerpt":{"rendered":"<p>La butaca A82-006 amb estructura de fusta de pi, tauler de part\u00edcules i escuma PUR, \u00e9s ideal per a tot tipus d&#8217;espais. El seient \u00e9s d&#8217;escuma PUR de 30Kg \/ m3 suau i fibra de poli\u00e8ster termoligada. Desenfundable. El suport \u00e9s d&#8217;escuma PUR de 20 kg \/ m\u00b3 s\u00faper suau, recoberta de fibra de poli\u00e8ster&hellip;<\/p>\n","protected":false},"featured_media":30787,"template":"","meta":{"_acf_changed":false},"product_brand":[],"product_cat":[528,525],"product_tag":[605,618,664],"class_list":{"0":"post-30792","1":"product","2":"type-product","3":"status-publish","4":"has-post-thumbnail","6":"product_cat-butaques","7":"product_cat-interior","8":"product_tag-butaca-ca","9":"product_tag-contract-ca","10":"product_tag-interior-ca","11":"description-off","13":"first","14":"instock","15":"shipping-taxable","16":"product-type-simple"},"acf":[],"yoast_head":"<!-- This site is optimized with the Yoast SEO plugin v27.6 - https:\/\/yoast.com\/product\/yoast-seo-wordpress\/ -->\n<title>Butaca A82-006 - Navarro Aubanell<\/title>\n<meta name=\"description\" content=\"La butaca A82-006 amb estructura de fusta de pi, tauler de part\u00edcules i escuma PUR, \u00e9s ideal per a tot tipus d&#039;espais.\" \/>\n<meta name=\"robots\" content=\"index, follow, max-snippet:-1, max-image-preview:large, max-video-preview:-1\" \/>\n<link rel=\"canonical\" href=\"https:\/\/www.navarroaubanell.com\/ca\/producte\/butaca-a82-006\/\" \/>\n<meta property=\"og:locale\" content=\"ca_ES\" \/>\n<meta property=\"og:type\" content=\"article\" \/>\n<meta property=\"og:title\" content=\"Butaca A82-006 - Navarro Aubanell\" \/>\n<meta property=\"og:description\" content=\"La butaca A82-006 amb estructura de fusta de pi, tauler de part\u00edcules i escuma PUR, \u00e9s ideal per a tot tipus d&#039;espais.\" \/>\n<meta property=\"og:url\" content=\"https:\/\/www.navarroaubanell.com\/ca\/producte\/butaca-a82-006\/\" \/>\n<meta property=\"og:site_name\" content=\"Navarro Aubanell\" \/>\n<meta property=\"article:modified_time\" content=\"2020-11-24T12:01:15+00:00\" \/>\n<meta property=\"og:image\" content=\"https:\/\/www.navarroaubanell.com\/wp-content\/uploads\/2020\/11\/a82-006-1-e1606219258327.jpg\" \/>\n\t<meta property=\"og:image:width\" content=\"800\" \/>\n\t<meta property=\"og:image:height\" content=\"650\" \/>\n\t<meta property=\"og:image:type\" content=\"image\/jpeg\" \/>\n<script type=\"application\/ld+json\" class=\"yoast-schema-graph\">{\"@context\":\"https:\\\/\\\/schema.org\",\"@graph\":[{\"@type\":\"WebPage\",\"@id\":\"https:\\\/\\\/www.navarroaubanell.com\\\/ca\\\/producte\\\/butaca-a82-006\\\/\",\"url\":\"https:\\\/\\\/www.navarroaubanell.com\\\/ca\\\/producte\\\/butaca-a82-006\\\/\",\"name\":\"Butaca A82-006 - Navarro Aubanell\",\"isPartOf\":{\"@id\":\"https:\\\/\\\/www.navarroaubanell.com\\\/ca\\\/#website\"},\"primaryImageOfPage\":{\"@id\":\"https:\\\/\\\/www.navarroaubanell.com\\\/ca\\\/producte\\\/butaca-a82-006\\\/#primaryimage\"},\"image\":{\"@id\":\"https:\\\/\\\/www.navarroaubanell.com\\\/ca\\\/producte\\\/butaca-a82-006\\\/#primaryimage\"},\"thumbnailUrl\":\"https:\\\/\\\/www.navarroaubanell.com\\\/wp-content\\\/uploads\\\/2020\\\/11\\\/a82-006-1-e1606219258327.jpg\",\"datePublished\":\"2020-11-24T11:59:04+00:00\",\"dateModified\":\"2020-11-24T12:01:15+00:00\",\"description\":\"La butaca A82-006 amb estructura de fusta de pi, tauler de part\u00edcules i escuma PUR, \u00e9s ideal per a tot tipus d'espais.\",\"breadcrumb\":{\"@id\":\"https:\\\/\\\/www.navarroaubanell.com\\\/ca\\\/producte\\\/butaca-a82-006\\\/#breadcrumb\"},\"inLanguage\":\"ca\",\"potentialAction\":[{\"@type\":\"ReadAction\",\"target\":[\"https:\\\/\\\/www.navarroaubanell.com\\\/ca\\\/producte\\\/butaca-a82-006\\\/\"]}]},{\"@type\":\"ImageObject\",\"inLanguage\":\"ca\",\"@id\":\"https:\\\/\\\/www.navarroaubanell.com\\\/ca\\\/producte\\\/butaca-a82-006\\\/#primaryimage\",\"url\":\"https:\\\/\\\/www.navarroaubanell.com\\\/wp-content\\\/uploads\\\/2020\\\/11\\\/a82-006-1-e1606219258327.jpg\",\"contentUrl\":\"https:\\\/\\\/www.navarroaubanell.com\\\/wp-content\\\/uploads\\\/2020\\\/11\\\/a82-006-1-e1606219258327.jpg\",\"width\":800,\"height\":650},{\"@type\":\"BreadcrumbList\",\"@id\":\"https:\\\/\\\/www.navarroaubanell.com\\\/ca\\\/producte\\\/butaca-a82-006\\\/#breadcrumb\",\"itemListElement\":[{\"@type\":\"ListItem\",\"position\":1,\"name\":\"Portada\",\"item\":\"https:\\\/\\\/www.navarroaubanell.com\\\/ca\\\/\"},{\"@type\":\"ListItem\",\"position\":2,\"name\":\"Productes\",\"item\":\"https:\\\/\\\/www.navarroaubanell.com\\\/productos\\\/\"},{\"@type\":\"ListItem\",\"position\":3,\"name\":\"Butaca A82-006\"}]},{\"@type\":\"WebSite\",\"@id\":\"https:\\\/\\\/www.navarroaubanell.com\\\/ca\\\/#website\",\"url\":\"https:\\\/\\\/www.navarroaubanell.com\\\/ca\\\/\",\"name\":\"Navarro Aubanell\",\"description\":\"Mobiliario para hoteler\u00eda, colectividades y oficinas\",\"publisher\":{\"@id\":\"https:\\\/\\\/www.navarroaubanell.com\\\/ca\\\/#organization\"},\"potentialAction\":[{\"@type\":\"SearchAction\",\"target\":{\"@type\":\"EntryPoint\",\"urlTemplate\":\"https:\\\/\\\/www.navarroaubanell.com\\\/ca\\\/?s={search_term_string}\"},\"query-input\":{\"@type\":\"PropertyValueSpecification\",\"valueRequired\":true,\"valueName\":\"search_term_string\"}}],\"inLanguage\":\"ca\"},{\"@type\":\"Organization\",\"@id\":\"https:\\\/\\\/www.navarroaubanell.com\\\/ca\\\/#organization\",\"name\":\"COMERCIAL NAVARRO AUBANELL, S.A\",\"url\":\"https:\\\/\\\/www.navarroaubanell.com\\\/ca\\\/\",\"logo\":{\"@type\":\"ImageObject\",\"inLanguage\":\"ca\",\"@id\":\"https:\\\/\\\/www.navarroaubanell.com\\\/ca\\\/#\\\/schema\\\/logo\\\/image\\\/\",\"url\":\"https:\\\/\\\/www.navarroaubanell.com\\\/wp-content\\\/uploads\\\/2017\\\/07\\\/logo-navarro-aubuanell.png\",\"contentUrl\":\"https:\\\/\\\/www.navarroaubanell.com\\\/wp-content\\\/uploads\\\/2017\\\/07\\\/logo-navarro-aubuanell.png\",\"width\":6304,\"height\":1154,\"caption\":\"COMERCIAL NAVARRO AUBANELL, S.A\"},\"image\":{\"@id\":\"https:\\\/\\\/www.navarroaubanell.com\\\/ca\\\/#\\\/schema\\\/logo\\\/image\\\/\"}}]}<\/script>\n<!-- \/ Yoast SEO plugin. -->","yoast_head_json":{"title":"Butaca A82-006 - Navarro Aubanell","description":"La butaca A82-006 amb estructura de fusta de pi, tauler de part\u00edcules i escuma PUR, \u00e9s ideal per a tot tipus d'espais.","robots":{"index":"index","follow":"follow","max-snippet":"max-snippet:-1","max-image-preview":"max-image-preview:large","max-video-preview":"max-video-preview:-1"},"canonical":"https:\/\/www.navarroaubanell.com\/ca\/producte\/butaca-a82-006\/","og_locale":"ca_ES","og_type":"article","og_title":"Butaca A82-006 - Navarro Aubanell","og_description":"La butaca A82-006 amb estructura de fusta de pi, tauler de part\u00edcules i escuma PUR, \u00e9s ideal per a tot tipus d'espais.","og_url":"https:\/\/www.navarroaubanell.com\/ca\/producte\/butaca-a82-006\/","og_site_name":"Navarro Aubanell","article_modified_time":"2020-11-24T12:01:15+00:00","og_image":[{"width":800,"height":650,"url":"https:\/\/www.navarroaubanell.com\/wp-content\/uploads\/2020\/11\/a82-006-1-e1606219258327.jpg","type":"image\/jpeg"}],"schema":{"@context":"https:\/\/schema.org","@graph":[{"@type":"WebPage","@id":"https:\/\/www.navarroaubanell.com\/ca\/producte\/butaca-a82-006\/","url":"https:\/\/www.navarroaubanell.com\/ca\/producte\/butaca-a82-006\/","name":"Butaca A82-006 - Navarro Aubanell","isPartOf":{"@id":"https:\/\/www.navarroaubanell.com\/ca\/#website"},"primaryImageOfPage":{"@id":"https:\/\/www.navarroaubanell.com\/ca\/producte\/butaca-a82-006\/#primaryimage"},"image":{"@id":"https:\/\/www.navarroaubanell.com\/ca\/producte\/butaca-a82-006\/#primaryimage"},"thumbnailUrl":"https:\/\/www.navarroaubanell.com\/wp-content\/uploads\/2020\/11\/a82-006-1-e1606219258327.jpg","datePublished":"2020-11-24T11:59:04+00:00","dateModified":"2020-11-24T12:01:15+00:00","description":"La butaca A82-006 amb estructura de fusta de pi, tauler de part\u00edcules i escuma PUR, \u00e9s ideal per a tot tipus d'espais.","breadcrumb":{"@id":"https:\/\/www.navarroaubanell.com\/ca\/producte\/butaca-a82-006\/#breadcrumb"},"inLanguage":"ca","potentialAction":[{"@type":"ReadAction","target":["https:\/\/www.navarroaubanell.com\/ca\/producte\/butaca-a82-006\/"]}]},{"@type":"ImageObject","inLanguage":"ca","@id":"https:\/\/www.navarroaubanell.com\/ca\/producte\/butaca-a82-006\/#primaryimage","url":"https:\/\/www.navarroaubanell.com\/wp-content\/uploads\/2020\/11\/a82-006-1-e1606219258327.jpg","contentUrl":"https:\/\/www.navarroaubanell.com\/wp-content\/uploads\/2020\/11\/a82-006-1-e1606219258327.jpg","width":800,"height":650},{"@type":"BreadcrumbList","@id":"https:\/\/www.navarroaubanell.com\/ca\/producte\/butaca-a82-006\/#breadcrumb","itemListElement":[{"@type":"ListItem","position":1,"name":"Portada","item":"https:\/\/www.navarroaubanell.com\/ca\/"},{"@type":"ListItem","position":2,"name":"Productes","item":"https:\/\/www.navarroaubanell.com\/productos\/"},{"@type":"ListItem","position":3,"name":"Butaca A82-006"}]},{"@type":"WebSite","@id":"https:\/\/www.navarroaubanell.com\/ca\/#website","url":"https:\/\/www.navarroaubanell.com\/ca\/","name":"Navarro Aubanell","description":"Mobiliario para hoteler\u00eda, colectividades y oficinas","publisher":{"@id":"https:\/\/www.navarroaubanell.com\/ca\/#organization"},"potentialAction":[{"@type":"SearchAction","target":{"@type":"EntryPoint","urlTemplate":"https:\/\/www.navarroaubanell.com\/ca\/?s={search_term_string}"},"query-input":{"@type":"PropertyValueSpecification","valueRequired":true,"valueName":"search_term_string"}}],"inLanguage":"ca"},{"@type":"Organization","@id":"https:\/\/www.navarroaubanell.com\/ca\/#organization","name":"COMERCIAL NAVARRO AUBANELL, S.A","url":"https:\/\/www.navarroaubanell.com\/ca\/","logo":{"@type":"ImageObject","inLanguage":"ca","@id":"https:\/\/www.navarroaubanell.com\/ca\/#\/schema\/logo\/image\/","url":"https:\/\/www.navarroaubanell.com\/wp-content\/uploads\/2017\/07\/logo-navarro-aubuanell.png","contentUrl":"https:\/\/www.navarroaubanell.com\/wp-content\/uploads\/2017\/07\/logo-navarro-aubuanell.png","width":6304,"height":1154,"caption":"COMERCIAL NAVARRO AUBANELL, S.A"},"image":{"@id":"https:\/\/www.navarroaubanell.com\/ca\/#\/schema\/logo\/image\/"}}]}},"_links":{"self":[{"href":"https:\/\/www.navarroaubanell.com\/ca\/wp-json\/wp\/v2\/product\/30792","targetHints":{"allow":["GET"]}}],"collection":[{"href":"https:\/\/www.navarroaubanell.com\/ca\/wp-json\/wp\/v2\/product"}],"about":[{"href":"https:\/\/www.navarroaubanell.com\/ca\/wp-json\/wp\/v2\/types\/product"}],"wp:featuredmedia":[{"embeddable":true,"href":"https:\/\/www.navarroaubanell.com\/ca\/wp-json\/wp\/v2\/media\/30787"}],"wp:attachment":[{"href":"https:\/\/www.navarroaubanell.com\/ca\/wp-json\/wp\/v2\/media?parent=30792"}],"wp:term":[{"taxonomy":"product_brand","embeddable":true,"href":"https:\/\/www.navarroaubanell.com\/ca\/wp-json\/wp\/v2\/product_brand?post=30792"},{"taxonomy":"product_cat","embeddable":true,"href":"https:\/\/www.navarroaubanell.com\/ca\/wp-json\/wp\/v2\/product_cat?post=30792"},{"taxonomy":"product_tag","embeddable":true,"href":"https:\/\/www.navarroaubanell.com\/ca\/wp-json\/wp\/v2\/product_tag?post=30792"}],"curies":[{"name":"wp","href":"https:\/\/api.w.org\/{rel}","templated":true}]}}