{"id":30278,"date":"2020-11-11T13:44:18","date_gmt":"2020-11-11T12:44:18","guid":{"rendered":"https:\/\/www.navarroaubanell.com\/producto\/mesa-spritz\/"},"modified":"2024-10-16T17:39:58","modified_gmt":"2024-10-16T15:39:58","slug":"taula-spritz-nardi-navarroaubanell","status":"publish","type":"product","link":"https:\/\/www.navarroaubanell.com\/ca\/producte\/taula-spritz-nardi-navarroaubanell\/","title":{"rendered":"Taula Spritz"},"content":{"rendered":"<h5>Versatilitat i estil per al teu espai exterior<\/h5>\n<div class=\"traductor-textarea form-group\">\n<div class=\"textarea-desti col-xs-12 col-sm-6\">\n<div class=\"form-control second-textarea\">La taula Spritz t\u00e9 una forma rodona que aporta eleg\u00e0ncia i modernitat. T\u00e9 un tauler llis que s&#8217;uneix a tres tubs que formen les potes. La taula Spritz \u00e9s ideal per a \u00e0rees exteriors com a jardins, terrasses o patis.<\/div>\n<\/div>\n<\/div>\n<h6>Altures ajustables per a major comoditat<\/h6>\n<p>Una de les caracter\u00edstiques m\u00e9s destacades de la taula Step \u00e9s la seva versatilitat. Es pot ajustar la taula a dues altures diferents, donant l&#8217;opci\u00f3 d&#8217;una taula o d&#8217;una taula auxiliar. Aix\u00f2 fa que s&#8217;adapti a l&#8217;espai disponible i als diferents ambients amb facilitat.<br \/>\nA m\u00e9s, \u00e9s f\u00e0cil de muntar i desmuntar, per la qual cosa ajuda a agilitzar l&#8217;emmagatzematge.<\/p>\n<h6>Materials duradora i sostenibles<\/h6>\n<div class=\"traductor-textarea form-group\">\n<div class=\"textarea-desti col-xs-12 col-sm-6\">\n<div class=\"form-control second-textarea\">Fabricada en polipropil\u00e8 refor\u00e7at amb fibra de vidre i resines reciclables, la taula Spritz \u00e9s robusta i respectuosa amb el medi ambient. El seu tractament anti-UV garanteix que mantingui el seu color i qualitat al llarg del temps, fins i tot sota l&#8217;exposici\u00f3 constant al sol.<\/div>\n<\/div>\n<\/div>\n<h6>Colors mat i estabilitat<\/h6>\n<div class=\"traductor-textarea form-group\">\n<div class=\"textarea-desti col-xs-12 col-sm-6\">\n<div class=\"form-control second-textarea\">La taula est\u00e0 pintada mitjan\u00e7ant el m\u00e8tode de tenyit en massa, pel que assegura colors efecte mat uniformes i constants. A m\u00e9s, els seus taps antilliscants asseguren una estabilitat \u00f2ptima, fixant la taula fermament al s\u00f2l.<\/div>\n<\/div>\n<\/div>\n","protected":false},"excerpt":{"rendered":"<p>Versatilitat i estil per al teu espai exterior La taula Spritz t\u00e9 una forma rodona que aporta eleg\u00e0ncia i modernitat. T\u00e9 un tauler llis que s&#8217;uneix a tres tubs que formen les potes. La taula Spritz \u00e9s ideal per a \u00e0rees exteriors com a jardins, terrasses o patis. Altures ajustables per a major comoditat Una&hellip;<\/p>\n","protected":false},"featured_media":44380,"template":"","meta":{"_acf_changed":false},"product_brand":[954],"product_cat":[563,566,567],"product_tag":[1263,618,640,951,949,695,696],"class_list":{"0":"post-30278","1":"product","2":"type-product","3":"status-publish","4":"has-post-thumbnail","6":"product_brand-nardi-ca","7":"product_cat-exterior-ca","8":"product_cat-taules-auxiliars-exterior","9":"product_cat-taules-exterior","10":"product_tag-anti-rayos-uv-ca","11":"product_tag-contract-ca","12":"product_tag-exterior-ca","13":"product_tag-nardi-ca","14":"product_tag-polipropileno-ca","15":"product_tag-taula","16":"product_tag-taula-auxiliar","17":"description-off","19":"first","20":"instock","21":"shipping-taxable","22":"product-type-simple"},"acf":[],"yoast_head":"<!-- This site is optimized with the Yoast SEO plugin v27.0 - https:\/\/yoast.com\/product\/yoast-seo-wordpress\/ -->\n<title>Taula Spritz, Nardi- Navarro Aubanell<\/title>\n<meta name=\"description\" content=\"Taula Spritz: taula rodona en polipropil\u00e8 refor\u00e7at amb fibra de vidre. Anti-UV, en colors mat per a exteriors. Regulable en dues altures.\" \/>\n<meta name=\"robots\" content=\"index, follow, max-snippet:-1, max-image-preview:large, max-video-preview:-1\" \/>\n<link rel=\"canonical\" href=\"https:\/\/www.navarroaubanell.com\/ca\/producte\/taula-spritz-nardi-navarroaubanell\/\" \/>\n<meta property=\"og:locale\" content=\"ca_ES\" \/>\n<meta property=\"og:type\" content=\"article\" \/>\n<meta property=\"og:title\" content=\"Taula Spritz, Nardi- Navarro Aubanell\" \/>\n<meta property=\"og:description\" content=\"Taula Spritz: taula rodona en polipropil\u00e8 refor\u00e7at amb fibra de vidre. Anti-UV, en colors mat per a exteriors. Regulable en dues altures.\" \/>\n<meta property=\"og:url\" content=\"https:\/\/www.navarroaubanell.com\/ca\/producte\/taula-spritz-nardi-navarroaubanell\/\" \/>\n<meta property=\"og:site_name\" content=\"Navarro Aubanell\" \/>\n<meta property=\"article:modified_time\" content=\"2024-10-16T15:39:58+00:00\" \/>\n<meta property=\"og:image\" content=\"https:\/\/www.navarroaubanell.com\/wp-content\/uploads\/2020\/11\/Mesa-Splitz.png\" \/>\n\t<meta property=\"og:image:width\" content=\"800\" \/>\n\t<meta property=\"og:image:height\" content=\"650\" \/>\n\t<meta property=\"og:image:type\" content=\"image\/png\" \/>\n<meta name=\"twitter:label1\" content=\"Est. reading time\" \/>\n\t<meta name=\"twitter:data1\" content=\"2 minutes\" \/>\n<script type=\"application\/ld+json\" class=\"yoast-schema-graph\">{\"@context\":\"https:\/\/schema.org\",\"@graph\":[{\"@type\":\"WebPage\",\"@id\":\"https:\/\/www.navarroaubanell.com\/ca\/producte\/taula-spritz-nardi-navarroaubanell\/\",\"url\":\"https:\/\/www.navarroaubanell.com\/ca\/producte\/taula-spritz-nardi-navarroaubanell\/\",\"name\":\"Taula Spritz, Nardi- Navarro Aubanell\",\"isPartOf\":{\"@id\":\"https:\/\/www.navarroaubanell.com\/ca\/#website\"},\"primaryImageOfPage\":{\"@id\":\"https:\/\/www.navarroaubanell.com\/ca\/producte\/taula-spritz-nardi-navarroaubanell\/#primaryimage\"},\"image\":{\"@id\":\"https:\/\/www.navarroaubanell.com\/ca\/producte\/taula-spritz-nardi-navarroaubanell\/#primaryimage\"},\"thumbnailUrl\":\"https:\/\/www.navarroaubanell.com\/wp-content\/uploads\/2020\/11\/Mesa-Splitz.png\",\"datePublished\":\"2020-11-11T12:44:18+00:00\",\"dateModified\":\"2024-10-16T15:39:58+00:00\",\"description\":\"Taula Spritz: taula rodona en polipropil\u00e8 refor\u00e7at amb fibra de vidre. Anti-UV, en colors mat per a exteriors. Regulable en dues altures.\",\"breadcrumb\":{\"@id\":\"https:\/\/www.navarroaubanell.com\/ca\/producte\/taula-spritz-nardi-navarroaubanell\/#breadcrumb\"},\"inLanguage\":\"ca\",\"potentialAction\":[{\"@type\":\"ReadAction\",\"target\":[\"https:\/\/www.navarroaubanell.com\/ca\/producte\/taula-spritz-nardi-navarroaubanell\/\"]}]},{\"@type\":\"ImageObject\",\"inLanguage\":\"ca\",\"@id\":\"https:\/\/www.navarroaubanell.com\/ca\/producte\/taula-spritz-nardi-navarroaubanell\/#primaryimage\",\"url\":\"https:\/\/www.navarroaubanell.com\/wp-content\/uploads\/2020\/11\/Mesa-Splitz.png\",\"contentUrl\":\"https:\/\/www.navarroaubanell.com\/wp-content\/uploads\/2020\/11\/Mesa-Splitz.png\",\"width\":800,\"height\":650,\"caption\":\"Mesa Spritz\"},{\"@type\":\"BreadcrumbList\",\"@id\":\"https:\/\/www.navarroaubanell.com\/ca\/producte\/taula-spritz-nardi-navarroaubanell\/#breadcrumb\",\"itemListElement\":[{\"@type\":\"ListItem\",\"position\":1,\"name\":\"Portada\",\"item\":\"https:\/\/www.navarroaubanell.com\/ca\/\"},{\"@type\":\"ListItem\",\"position\":2,\"name\":\"Productes\",\"item\":\"https:\/\/www.navarroaubanell.com\/productos\/\"},{\"@type\":\"ListItem\",\"position\":3,\"name\":\"Taula Spritz\"}]},{\"@type\":\"WebSite\",\"@id\":\"https:\/\/www.navarroaubanell.com\/ca\/#website\",\"url\":\"https:\/\/www.navarroaubanell.com\/ca\/\",\"name\":\"Navarro Aubanell\",\"description\":\"Mobiliario para hoteler\u00eda, colectividades y oficinas\",\"publisher\":{\"@id\":\"https:\/\/www.navarroaubanell.com\/ca\/#organization\"},\"potentialAction\":[{\"@type\":\"SearchAction\",\"target\":{\"@type\":\"EntryPoint\",\"urlTemplate\":\"https:\/\/www.navarroaubanell.com\/ca\/?s={search_term_string}\"},\"query-input\":{\"@type\":\"PropertyValueSpecification\",\"valueRequired\":true,\"valueName\":\"search_term_string\"}}],\"inLanguage\":\"ca\"},{\"@type\":\"Organization\",\"@id\":\"https:\/\/www.navarroaubanell.com\/ca\/#organization\",\"name\":\"COMERCIAL NAVARRO AUBANELL, S.A\",\"url\":\"https:\/\/www.navarroaubanell.com\/ca\/\",\"logo\":{\"@type\":\"ImageObject\",\"inLanguage\":\"ca\",\"@id\":\"https:\/\/www.navarroaubanell.com\/ca\/#\/schema\/logo\/image\/\",\"url\":\"https:\/\/www.navarroaubanell.com\/wp-content\/uploads\/2017\/07\/logo-navarro-aubuanell.png\",\"contentUrl\":\"https:\/\/www.navarroaubanell.com\/wp-content\/uploads\/2017\/07\/logo-navarro-aubuanell.png\",\"width\":6304,\"height\":1154,\"caption\":\"COMERCIAL NAVARRO AUBANELL, S.A\"},\"image\":{\"@id\":\"https:\/\/www.navarroaubanell.com\/ca\/#\/schema\/logo\/image\/\"}}]}<\/script>\n<!-- \/ Yoast SEO plugin. -->","yoast_head_json":{"title":"Taula Spritz, Nardi- Navarro Aubanell","description":"Taula Spritz: taula rodona en polipropil\u00e8 refor\u00e7at amb fibra de vidre. Anti-UV, en colors mat per a exteriors. Regulable en dues altures.","robots":{"index":"index","follow":"follow","max-snippet":"max-snippet:-1","max-image-preview":"max-image-preview:large","max-video-preview":"max-video-preview:-1"},"canonical":"https:\/\/www.navarroaubanell.com\/ca\/producte\/taula-spritz-nardi-navarroaubanell\/","og_locale":"ca_ES","og_type":"article","og_title":"Taula Spritz, Nardi- Navarro Aubanell","og_description":"Taula Spritz: taula rodona en polipropil\u00e8 refor\u00e7at amb fibra de vidre. Anti-UV, en colors mat per a exteriors. Regulable en dues altures.","og_url":"https:\/\/www.navarroaubanell.com\/ca\/producte\/taula-spritz-nardi-navarroaubanell\/","og_site_name":"Navarro Aubanell","article_modified_time":"2024-10-16T15:39:58+00:00","og_image":[{"width":800,"height":650,"url":"https:\/\/www.navarroaubanell.com\/wp-content\/uploads\/2020\/11\/Mesa-Splitz.png","type":"image\/png"}],"twitter_misc":{"Est. reading time":"2 minutes"},"schema":{"@context":"https:\/\/schema.org","@graph":[{"@type":"WebPage","@id":"https:\/\/www.navarroaubanell.com\/ca\/producte\/taula-spritz-nardi-navarroaubanell\/","url":"https:\/\/www.navarroaubanell.com\/ca\/producte\/taula-spritz-nardi-navarroaubanell\/","name":"Taula Spritz, Nardi- Navarro Aubanell","isPartOf":{"@id":"https:\/\/www.navarroaubanell.com\/ca\/#website"},"primaryImageOfPage":{"@id":"https:\/\/www.navarroaubanell.com\/ca\/producte\/taula-spritz-nardi-navarroaubanell\/#primaryimage"},"image":{"@id":"https:\/\/www.navarroaubanell.com\/ca\/producte\/taula-spritz-nardi-navarroaubanell\/#primaryimage"},"thumbnailUrl":"https:\/\/www.navarroaubanell.com\/wp-content\/uploads\/2020\/11\/Mesa-Splitz.png","datePublished":"2020-11-11T12:44:18+00:00","dateModified":"2024-10-16T15:39:58+00:00","description":"Taula Spritz: taula rodona en polipropil\u00e8 refor\u00e7at amb fibra de vidre. Anti-UV, en colors mat per a exteriors. Regulable en dues altures.","breadcrumb":{"@id":"https:\/\/www.navarroaubanell.com\/ca\/producte\/taula-spritz-nardi-navarroaubanell\/#breadcrumb"},"inLanguage":"ca","potentialAction":[{"@type":"ReadAction","target":["https:\/\/www.navarroaubanell.com\/ca\/producte\/taula-spritz-nardi-navarroaubanell\/"]}]},{"@type":"ImageObject","inLanguage":"ca","@id":"https:\/\/www.navarroaubanell.com\/ca\/producte\/taula-spritz-nardi-navarroaubanell\/#primaryimage","url":"https:\/\/www.navarroaubanell.com\/wp-content\/uploads\/2020\/11\/Mesa-Splitz.png","contentUrl":"https:\/\/www.navarroaubanell.com\/wp-content\/uploads\/2020\/11\/Mesa-Splitz.png","width":800,"height":650,"caption":"Mesa Spritz"},{"@type":"BreadcrumbList","@id":"https:\/\/www.navarroaubanell.com\/ca\/producte\/taula-spritz-nardi-navarroaubanell\/#breadcrumb","itemListElement":[{"@type":"ListItem","position":1,"name":"Portada","item":"https:\/\/www.navarroaubanell.com\/ca\/"},{"@type":"ListItem","position":2,"name":"Productes","item":"https:\/\/www.navarroaubanell.com\/productos\/"},{"@type":"ListItem","position":3,"name":"Taula Spritz"}]},{"@type":"WebSite","@id":"https:\/\/www.navarroaubanell.com\/ca\/#website","url":"https:\/\/www.navarroaubanell.com\/ca\/","name":"Navarro Aubanell","description":"Mobiliario para hoteler\u00eda, colectividades y oficinas","publisher":{"@id":"https:\/\/www.navarroaubanell.com\/ca\/#organization"},"potentialAction":[{"@type":"SearchAction","target":{"@type":"EntryPoint","urlTemplate":"https:\/\/www.navarroaubanell.com\/ca\/?s={search_term_string}"},"query-input":{"@type":"PropertyValueSpecification","valueRequired":true,"valueName":"search_term_string"}}],"inLanguage":"ca"},{"@type":"Organization","@id":"https:\/\/www.navarroaubanell.com\/ca\/#organization","name":"COMERCIAL NAVARRO AUBANELL, S.A","url":"https:\/\/www.navarroaubanell.com\/ca\/","logo":{"@type":"ImageObject","inLanguage":"ca","@id":"https:\/\/www.navarroaubanell.com\/ca\/#\/schema\/logo\/image\/","url":"https:\/\/www.navarroaubanell.com\/wp-content\/uploads\/2017\/07\/logo-navarro-aubuanell.png","contentUrl":"https:\/\/www.navarroaubanell.com\/wp-content\/uploads\/2017\/07\/logo-navarro-aubuanell.png","width":6304,"height":1154,"caption":"COMERCIAL NAVARRO AUBANELL, S.A"},"image":{"@id":"https:\/\/www.navarroaubanell.com\/ca\/#\/schema\/logo\/image\/"}}]}},"_links":{"self":[{"href":"https:\/\/www.navarroaubanell.com\/ca\/wp-json\/wp\/v2\/product\/30278","targetHints":{"allow":["GET"]}}],"collection":[{"href":"https:\/\/www.navarroaubanell.com\/ca\/wp-json\/wp\/v2\/product"}],"about":[{"href":"https:\/\/www.navarroaubanell.com\/ca\/wp-json\/wp\/v2\/types\/product"}],"wp:featuredmedia":[{"embeddable":true,"href":"https:\/\/www.navarroaubanell.com\/ca\/wp-json\/wp\/v2\/media\/44380"}],"wp:attachment":[{"href":"https:\/\/www.navarroaubanell.com\/ca\/wp-json\/wp\/v2\/media?parent=30278"}],"wp:term":[{"taxonomy":"product_brand","embeddable":true,"href":"https:\/\/www.navarroaubanell.com\/ca\/wp-json\/wp\/v2\/product_brand?post=30278"},{"taxonomy":"product_cat","embeddable":true,"href":"https:\/\/www.navarroaubanell.com\/ca\/wp-json\/wp\/v2\/product_cat?post=30278"},{"taxonomy":"product_tag","embeddable":true,"href":"https:\/\/www.navarroaubanell.com\/ca\/wp-json\/wp\/v2\/product_tag?post=30278"}],"curies":[{"name":"wp","href":"https:\/\/api.w.org\/{rel}","templated":true}]}}