{"id":29195,"date":"2020-10-06T11:11:49","date_gmt":"2020-10-06T09:11:49","guid":{"rendered":"https:\/\/www.navarroaubanell.com\/producto\/butaca-a54-023\/"},"modified":"2024-11-05T17:11:37","modified_gmt":"2024-11-05T16:11:37","slug":"butaca-a54-023-navarroaubanell","status":"publish","type":"product","link":"https:\/\/www.navarroaubanell.com\/ca\/producte\/butaca-a54-023-navarroaubanell\/","title":{"rendered":"Butaca A54-023"},"content":{"rendered":"<div class=\"flex max-w-full flex-col flex-grow\">\n<div class=\"min-h-8 text-message flex w-full flex-col items-end gap-2 whitespace-normal break-words [.text-message+&amp;]:mt-5\" dir=\"auto\" data-message-author-role=\"assistant\" data-message-id=\"d63e3344-00bf-413e-9a61-72e592e0cab6\" data-message-model-slug=\"gpt-4o\">\n<div class=\"flex w-full flex-col gap-1 empty:hidden first:pt-[3px]\">\n<div class=\"markdown prose w-full break-words dark:prose-invert light\">\n<h5>Butaca A54-023: Simplicitat i Eleg\u00e0ncia Moderna<\/h5>\n<div class=\"traductor-textarea form-group\">\n<div class=\"textarea-desti col-xs-12 col-sm-6\">\n<div class=\"form-control second-textarea\">La butaca A54-023 \u00e9s una declaraci\u00f3 d&#8217;estil que convida a relaxar-se en un ambient de luxe i sofisticaci\u00f3. La butaca representa la fusi\u00f3 de l&#8217;eleg\u00e0ncia moderna i el minimalisme sofisticat. Dissenyada per als qui busquen una pe\u00e7a distintiva sense renunciar al confort, aquesta butaca presenta l\u00ednies netes que transmeten tranquil\u00b7litat i estabilitat. La seva est\u00e8tica depurada s&#8217;adapta perfectament a qualsevol espai, ja sigui cl\u00e0ssic o contemporani.<\/div>\n<\/div>\n<\/div>\n<h6>Disseny Ergon\u00f2mic i Escultural<\/h6>\n<div class=\"traductor-textarea form-group\">\n<div class=\"textarea-desti col-xs-12 col-sm-6\">\n<div class=\"form-control second-textarea\">L&#8217;estructura de l&#8217;A54-023 destaca per la seva aparen\u00e7a gaireb\u00e9 escult\u00f2rica, una combinaci\u00f3 de solidesa i subtilesa que aporta car\u00e0cter i estil a qualsevol ambient. El seu respatller arrodonit embolica suaument a l&#8217;usuari, oferint una sensaci\u00f3 de calma i protecci\u00f3. A m\u00e9s, el seu disseny ergon\u00f2mic assegura una experi\u00e8ncia de m\u00e0xima comoditat, ideal tant per a \u00e0rees de descans com per a espais d&#8217;espera en ambients professionals.<\/div>\n<\/div>\n<\/div>\n<h6>Personalitzaci\u00f3 en Entapissats d&#8217;Alta Qualitat<\/h6>\n<div class=\"traductor-textarea form-group\">\n<div class=\"textarea-desti col-xs-12 col-sm-6\">\n<div class=\"form-control second-textarea\">Aquesta butaca es pot fabricar en una \u00e0mplia varietat d&#8217;entapissats i acabats, adaptant-se a les necessitats de cada projecte. Treballem amb prestigioses cases com Froca\u00ae i Spradling\u00ae, reconegudes en el sector Contract per la seva qualitat, disseny innovador i durabilitat. Aquestes opcions permeten personalitzar l&#8217;A54-023 amb teles d&#8217;alta resist\u00e8ncia i est\u00e8tica impecable, perfectes per a espais comercials, oficines i hotels.<\/div>\n<\/div>\n<\/div>\n<\/div>\n<\/div>\n<\/div>\n<\/div>\n","protected":false},"excerpt":{"rendered":"<p>Butaca A54-023: Simplicitat i Eleg\u00e0ncia Moderna La butaca A54-023 \u00e9s una declaraci\u00f3 d&#8217;estil que convida a relaxar-se en un ambient de luxe i sofisticaci\u00f3. La butaca representa la fusi\u00f3 de l&#8217;eleg\u00e0ncia moderna i el minimalisme sofisticat. Dissenyada per als qui busquen una pe\u00e7a distintiva sense renunciar al confort, aquesta butaca presenta l\u00ednies netes que transmeten&hellip;<\/p>\n","protected":false},"featured_media":44339,"template":"","meta":{"_acf_changed":false},"product_brand":[],"product_cat":[528,525],"product_tag":[605,618,664],"class_list":{"0":"post-29195","1":"product","2":"type-product","3":"status-publish","4":"has-post-thumbnail","6":"product_cat-butaques","7":"product_cat-interior","8":"product_tag-butaca-ca","9":"product_tag-contract-ca","10":"product_tag-interior-ca","11":"description-off","13":"first","14":"instock","15":"shipping-taxable","16":"product-type-simple"},"acf":[],"yoast_head":"<!-- This site is optimized with the Yoast SEO plugin v27.0 - https:\/\/yoast.com\/product\/yoast-seo-wordpress\/ -->\n<title>La Butaca A54-023 - Navarro Aubanell<\/title>\n<meta name=\"description\" content=\"Butaca A54-023: fusi\u00f3 d&#039;eleg\u00e0ncia moderna i minimalisme sofisticat. Disseny ergon\u00f2mic que t&#039;abra\u00e7a en asseure&#039;t. Disponible en diferents acabats.\" \/>\n<meta name=\"robots\" content=\"index, follow, max-snippet:-1, max-image-preview:large, max-video-preview:-1\" \/>\n<link rel=\"canonical\" href=\"https:\/\/www.navarroaubanell.com\/ca\/producte\/butaca-a54-023-navarroaubanell\/\" \/>\n<meta property=\"og:locale\" content=\"ca_ES\" \/>\n<meta property=\"og:type\" content=\"article\" \/>\n<meta property=\"og:title\" content=\"La Butaca A54-023 - Navarro Aubanell\" \/>\n<meta property=\"og:description\" content=\"Butaca A54-023: fusi\u00f3 d&#039;eleg\u00e0ncia moderna i minimalisme sofisticat. Disseny ergon\u00f2mic que t&#039;abra\u00e7a en asseure&#039;t. Disponible en diferents acabats.\" \/>\n<meta property=\"og:url\" content=\"https:\/\/www.navarroaubanell.com\/ca\/producte\/butaca-a54-023-navarroaubanell\/\" \/>\n<meta property=\"og:site_name\" content=\"Navarro Aubanell\" \/>\n<meta property=\"article:modified_time\" content=\"2024-11-05T16:11:37+00:00\" \/>\n<meta property=\"og:image\" content=\"https:\/\/www.navarroaubanell.com\/wp-content\/uploads\/2020\/10\/Catalogo-2023-punto-064-Photoroom.png\" \/>\n\t<meta property=\"og:image:width\" content=\"800\" \/>\n\t<meta property=\"og:image:height\" content=\"650\" \/>\n\t<meta property=\"og:image:type\" content=\"image\/png\" \/>\n<meta name=\"twitter:label1\" content=\"Est. reading time\" \/>\n\t<meta name=\"twitter:data1\" content=\"2 minutes\" \/>\n<script type=\"application\/ld+json\" class=\"yoast-schema-graph\">{\"@context\":\"https:\/\/schema.org\",\"@graph\":[{\"@type\":\"WebPage\",\"@id\":\"https:\/\/www.navarroaubanell.com\/ca\/producte\/butaca-a54-023-navarroaubanell\/\",\"url\":\"https:\/\/www.navarroaubanell.com\/ca\/producte\/butaca-a54-023-navarroaubanell\/\",\"name\":\"La Butaca A54-023 - Navarro Aubanell\",\"isPartOf\":{\"@id\":\"https:\/\/www.navarroaubanell.com\/ca\/#website\"},\"primaryImageOfPage\":{\"@id\":\"https:\/\/www.navarroaubanell.com\/ca\/producte\/butaca-a54-023-navarroaubanell\/#primaryimage\"},\"image\":{\"@id\":\"https:\/\/www.navarroaubanell.com\/ca\/producte\/butaca-a54-023-navarroaubanell\/#primaryimage\"},\"thumbnailUrl\":\"https:\/\/www.navarroaubanell.com\/wp-content\/uploads\/2020\/10\/Catalogo-2023-punto-064-Photoroom.png\",\"datePublished\":\"2020-10-06T09:11:49+00:00\",\"dateModified\":\"2024-11-05T16:11:37+00:00\",\"description\":\"Butaca A54-023: fusi\u00f3 d'eleg\u00e0ncia moderna i minimalisme sofisticat. Disseny ergon\u00f2mic que t'abra\u00e7a en asseure't. Disponible en diferents acabats.\",\"breadcrumb\":{\"@id\":\"https:\/\/www.navarroaubanell.com\/ca\/producte\/butaca-a54-023-navarroaubanell\/#breadcrumb\"},\"inLanguage\":\"ca\",\"potentialAction\":[{\"@type\":\"ReadAction\",\"target\":[\"https:\/\/www.navarroaubanell.com\/ca\/producte\/butaca-a54-023-navarroaubanell\/\"]}]},{\"@type\":\"ImageObject\",\"inLanguage\":\"ca\",\"@id\":\"https:\/\/www.navarroaubanell.com\/ca\/producte\/butaca-a54-023-navarroaubanell\/#primaryimage\",\"url\":\"https:\/\/www.navarroaubanell.com\/wp-content\/uploads\/2020\/10\/Catalogo-2023-punto-064-Photoroom.png\",\"contentUrl\":\"https:\/\/www.navarroaubanell.com\/wp-content\/uploads\/2020\/10\/Catalogo-2023-punto-064-Photoroom.png\",\"width\":800,\"height\":650,\"caption\":\"Butaca A54-023\"},{\"@type\":\"BreadcrumbList\",\"@id\":\"https:\/\/www.navarroaubanell.com\/ca\/producte\/butaca-a54-023-navarroaubanell\/#breadcrumb\",\"itemListElement\":[{\"@type\":\"ListItem\",\"position\":1,\"name\":\"Portada\",\"item\":\"https:\/\/www.navarroaubanell.com\/ca\/\"},{\"@type\":\"ListItem\",\"position\":2,\"name\":\"Productes\",\"item\":\"https:\/\/www.navarroaubanell.com\/productos\/\"},{\"@type\":\"ListItem\",\"position\":3,\"name\":\"Butaca A54-023\"}]},{\"@type\":\"WebSite\",\"@id\":\"https:\/\/www.navarroaubanell.com\/ca\/#website\",\"url\":\"https:\/\/www.navarroaubanell.com\/ca\/\",\"name\":\"Navarro Aubanell\",\"description\":\"Mobiliario para hoteler\u00eda, colectividades y oficinas\",\"publisher\":{\"@id\":\"https:\/\/www.navarroaubanell.com\/ca\/#organization\"},\"potentialAction\":[{\"@type\":\"SearchAction\",\"target\":{\"@type\":\"EntryPoint\",\"urlTemplate\":\"https:\/\/www.navarroaubanell.com\/ca\/?s={search_term_string}\"},\"query-input\":{\"@type\":\"PropertyValueSpecification\",\"valueRequired\":true,\"valueName\":\"search_term_string\"}}],\"inLanguage\":\"ca\"},{\"@type\":\"Organization\",\"@id\":\"https:\/\/www.navarroaubanell.com\/ca\/#organization\",\"name\":\"COMERCIAL NAVARRO AUBANELL, S.A\",\"url\":\"https:\/\/www.navarroaubanell.com\/ca\/\",\"logo\":{\"@type\":\"ImageObject\",\"inLanguage\":\"ca\",\"@id\":\"https:\/\/www.navarroaubanell.com\/ca\/#\/schema\/logo\/image\/\",\"url\":\"https:\/\/www.navarroaubanell.com\/wp-content\/uploads\/2017\/07\/logo-navarro-aubuanell.png\",\"contentUrl\":\"https:\/\/www.navarroaubanell.com\/wp-content\/uploads\/2017\/07\/logo-navarro-aubuanell.png\",\"width\":6304,\"height\":1154,\"caption\":\"COMERCIAL NAVARRO AUBANELL, S.A\"},\"image\":{\"@id\":\"https:\/\/www.navarroaubanell.com\/ca\/#\/schema\/logo\/image\/\"}}]}<\/script>\n<!-- \/ Yoast SEO plugin. -->","yoast_head_json":{"title":"La Butaca A54-023 - Navarro Aubanell","description":"Butaca A54-023: fusi\u00f3 d'eleg\u00e0ncia moderna i minimalisme sofisticat. Disseny ergon\u00f2mic que t'abra\u00e7a en asseure't. Disponible en diferents acabats.","robots":{"index":"index","follow":"follow","max-snippet":"max-snippet:-1","max-image-preview":"max-image-preview:large","max-video-preview":"max-video-preview:-1"},"canonical":"https:\/\/www.navarroaubanell.com\/ca\/producte\/butaca-a54-023-navarroaubanell\/","og_locale":"ca_ES","og_type":"article","og_title":"La Butaca A54-023 - Navarro Aubanell","og_description":"Butaca A54-023: fusi\u00f3 d'eleg\u00e0ncia moderna i minimalisme sofisticat. Disseny ergon\u00f2mic que t'abra\u00e7a en asseure't. Disponible en diferents acabats.","og_url":"https:\/\/www.navarroaubanell.com\/ca\/producte\/butaca-a54-023-navarroaubanell\/","og_site_name":"Navarro Aubanell","article_modified_time":"2024-11-05T16:11:37+00:00","og_image":[{"width":800,"height":650,"url":"https:\/\/www.navarroaubanell.com\/wp-content\/uploads\/2020\/10\/Catalogo-2023-punto-064-Photoroom.png","type":"image\/png"}],"twitter_misc":{"Est. reading time":"2 minutes"},"schema":{"@context":"https:\/\/schema.org","@graph":[{"@type":"WebPage","@id":"https:\/\/www.navarroaubanell.com\/ca\/producte\/butaca-a54-023-navarroaubanell\/","url":"https:\/\/www.navarroaubanell.com\/ca\/producte\/butaca-a54-023-navarroaubanell\/","name":"La Butaca A54-023 - Navarro Aubanell","isPartOf":{"@id":"https:\/\/www.navarroaubanell.com\/ca\/#website"},"primaryImageOfPage":{"@id":"https:\/\/www.navarroaubanell.com\/ca\/producte\/butaca-a54-023-navarroaubanell\/#primaryimage"},"image":{"@id":"https:\/\/www.navarroaubanell.com\/ca\/producte\/butaca-a54-023-navarroaubanell\/#primaryimage"},"thumbnailUrl":"https:\/\/www.navarroaubanell.com\/wp-content\/uploads\/2020\/10\/Catalogo-2023-punto-064-Photoroom.png","datePublished":"2020-10-06T09:11:49+00:00","dateModified":"2024-11-05T16:11:37+00:00","description":"Butaca A54-023: fusi\u00f3 d'eleg\u00e0ncia moderna i minimalisme sofisticat. Disseny ergon\u00f2mic que t'abra\u00e7a en asseure't. Disponible en diferents acabats.","breadcrumb":{"@id":"https:\/\/www.navarroaubanell.com\/ca\/producte\/butaca-a54-023-navarroaubanell\/#breadcrumb"},"inLanguage":"ca","potentialAction":[{"@type":"ReadAction","target":["https:\/\/www.navarroaubanell.com\/ca\/producte\/butaca-a54-023-navarroaubanell\/"]}]},{"@type":"ImageObject","inLanguage":"ca","@id":"https:\/\/www.navarroaubanell.com\/ca\/producte\/butaca-a54-023-navarroaubanell\/#primaryimage","url":"https:\/\/www.navarroaubanell.com\/wp-content\/uploads\/2020\/10\/Catalogo-2023-punto-064-Photoroom.png","contentUrl":"https:\/\/www.navarroaubanell.com\/wp-content\/uploads\/2020\/10\/Catalogo-2023-punto-064-Photoroom.png","width":800,"height":650,"caption":"Butaca A54-023"},{"@type":"BreadcrumbList","@id":"https:\/\/www.navarroaubanell.com\/ca\/producte\/butaca-a54-023-navarroaubanell\/#breadcrumb","itemListElement":[{"@type":"ListItem","position":1,"name":"Portada","item":"https:\/\/www.navarroaubanell.com\/ca\/"},{"@type":"ListItem","position":2,"name":"Productes","item":"https:\/\/www.navarroaubanell.com\/productos\/"},{"@type":"ListItem","position":3,"name":"Butaca A54-023"}]},{"@type":"WebSite","@id":"https:\/\/www.navarroaubanell.com\/ca\/#website","url":"https:\/\/www.navarroaubanell.com\/ca\/","name":"Navarro Aubanell","description":"Mobiliario para hoteler\u00eda, colectividades y oficinas","publisher":{"@id":"https:\/\/www.navarroaubanell.com\/ca\/#organization"},"potentialAction":[{"@type":"SearchAction","target":{"@type":"EntryPoint","urlTemplate":"https:\/\/www.navarroaubanell.com\/ca\/?s={search_term_string}"},"query-input":{"@type":"PropertyValueSpecification","valueRequired":true,"valueName":"search_term_string"}}],"inLanguage":"ca"},{"@type":"Organization","@id":"https:\/\/www.navarroaubanell.com\/ca\/#organization","name":"COMERCIAL NAVARRO AUBANELL, S.A","url":"https:\/\/www.navarroaubanell.com\/ca\/","logo":{"@type":"ImageObject","inLanguage":"ca","@id":"https:\/\/www.navarroaubanell.com\/ca\/#\/schema\/logo\/image\/","url":"https:\/\/www.navarroaubanell.com\/wp-content\/uploads\/2017\/07\/logo-navarro-aubuanell.png","contentUrl":"https:\/\/www.navarroaubanell.com\/wp-content\/uploads\/2017\/07\/logo-navarro-aubuanell.png","width":6304,"height":1154,"caption":"COMERCIAL NAVARRO AUBANELL, S.A"},"image":{"@id":"https:\/\/www.navarroaubanell.com\/ca\/#\/schema\/logo\/image\/"}}]}},"_links":{"self":[{"href":"https:\/\/www.navarroaubanell.com\/ca\/wp-json\/wp\/v2\/product\/29195","targetHints":{"allow":["GET"]}}],"collection":[{"href":"https:\/\/www.navarroaubanell.com\/ca\/wp-json\/wp\/v2\/product"}],"about":[{"href":"https:\/\/www.navarroaubanell.com\/ca\/wp-json\/wp\/v2\/types\/product"}],"wp:featuredmedia":[{"embeddable":true,"href":"https:\/\/www.navarroaubanell.com\/ca\/wp-json\/wp\/v2\/media\/44339"}],"wp:attachment":[{"href":"https:\/\/www.navarroaubanell.com\/ca\/wp-json\/wp\/v2\/media?parent=29195"}],"wp:term":[{"taxonomy":"product_brand","embeddable":true,"href":"https:\/\/www.navarroaubanell.com\/ca\/wp-json\/wp\/v2\/product_brand?post=29195"},{"taxonomy":"product_cat","embeddable":true,"href":"https:\/\/www.navarroaubanell.com\/ca\/wp-json\/wp\/v2\/product_cat?post=29195"},{"taxonomy":"product_tag","embeddable":true,"href":"https:\/\/www.navarroaubanell.com\/ca\/wp-json\/wp\/v2\/product_tag?post=29195"}],"curies":[{"name":"wp","href":"https:\/\/api.w.org\/{rel}","templated":true}]}}