{"id":21238,"date":"2018-12-04T11:53:50","date_gmt":"2018-12-04T10:53:50","guid":{"rendered":"https:\/\/www.navarroaubanell.com\/producto\/eva-pro-by-mario-eskenazi\/"},"modified":"2024-10-01T15:55:55","modified_gmt":"2024-10-01T13:55:55","slug":"eva-pro-by-mario-eskenazi-navarroaubanell","status":"publish","type":"product","link":"https:\/\/www.navarroaubanell.com\/ca\/producte\/eva-pro-by-mario-eskenazi-navarroaubanell\/","title":{"rendered":"Gandula Eva Pro by Mario Eskenazi"},"content":{"rendered":"<p>Mario Eskenazi, dissenyador gr\u00e0fic, ha aconseguit a trav\u00e9s de la simplicitat trobar l&#8217;ess\u00e8ncia de la marca i plasmar-la en la nostra nova gandula reinterpretant la cl\u00e0ssica tauleta en un nou producte i creant aix\u00ed la nova tauleta per a la gandula Eva Pro.<\/p>\n<p>Dissenyador gr\u00e0fic d&#8217;origen argent\u00ed afincat a Barcelona, el seu estil es caracteritza per simplicitat i concepte. Elimina el superflu i mostra la veritable ess\u00e8ncia de la coses. El 2000 el seu treball va ser reconegut amb el Premi Nacional del Disseny.<\/p>\n<p>L&#8217;estructura de la gandula Eva Pro de Mario Eskenazi \u00e9s de resina de s\u00edntesi de polipropil\u00e8 de primera generaci\u00f3 refor\u00e7ada amb c\u00e0rrega mineral. Disponible en color blanc. Compta amb un disseny de nervadures que garanteix la durabilitat de l&#8217;estructura.<\/p>\n<p>Les tauletes de la nova gandula Eva Pro estan disponibles en color verd oliva, blau cel, coral, mostassa i blanc.<\/p>\n","protected":false},"excerpt":{"rendered":"<p>Mario Eskenazi, dissenyador gr\u00e0fic, ha aconseguit a trav\u00e9s de la simplicitat trobar l&#8217;ess\u00e8ncia de la marca i plasmar-la en la nostra nova gandula reinterpretant la cl\u00e0ssica tauleta en un nou producte i creant aix\u00ed la nova tauleta per a la gandula Eva Pro. Dissenyador gr\u00e0fic d&#8217;origen argent\u00ed afincat a Barcelona, el seu estil es caracteritza&hellip;<\/p>\n","protected":false},"featured_media":21253,"template":"","meta":{"_acf_changed":false},"product_brand":[887],"product_cat":[563,575],"product_tag":[587,593,618,640,782,833,847,720],"class_list":{"0":"post-21238","1":"product","2":"type-product","3":"status-publish","4":"has-post-thumbnail","6":"product_brand-balliu-ca","7":"product_cat-exterior-ca","8":"product_cat-tumbones-exterior","9":"product_tag-apilable-ca","10":"product_tag-balliu-ca","11":"product_tag-contract-ca","12":"product_tag-exterior-ca","13":"product_tag-tumbones","14":"product_tag-graduable-ca","15":"product_tag-mobiliari-exterior","16":"product_tag-outdoor-ca","17":"description-off","19":"first","20":"instock","21":"shipping-taxable","22":"product-type-simple"},"acf":[],"yoast_head":"<!-- This site is optimized with the Yoast SEO plugin v27.0 - https:\/\/yoast.com\/product\/yoast-seo-wordpress\/ -->\n<title>Gandula Eva Pro by Mario Eskenazi - Navarro Aubanell<\/title>\n<meta name=\"description\" content=\"Mario Eskenazi, ha conseguido a trav\u00e9s de la simplicidad encontrar la esencia de la marca y plasmarla en nuestra nueva tumbona.\" \/>\n<meta name=\"robots\" content=\"index, follow, max-snippet:-1, max-image-preview:large, max-video-preview:-1\" \/>\n<link rel=\"canonical\" href=\"https:\/\/www.navarroaubanell.com\/ca\/producte\/eva-pro-by-mario-eskenazi-navarroaubanell\/\" \/>\n<meta property=\"og:locale\" content=\"ca_ES\" \/>\n<meta property=\"og:type\" content=\"article\" \/>\n<meta property=\"og:title\" content=\"Gandula Eva Pro by Mario Eskenazi - Navarro Aubanell\" \/>\n<meta property=\"og:description\" content=\"Mario Eskenazi, ha conseguido a trav\u00e9s de la simplicidad encontrar la esencia de la marca y plasmarla en nuestra nueva tumbona.\" \/>\n<meta property=\"og:url\" content=\"https:\/\/www.navarroaubanell.com\/ca\/producte\/eva-pro-by-mario-eskenazi-navarroaubanell\/\" \/>\n<meta property=\"og:site_name\" content=\"Navarro Aubanell\" \/>\n<meta property=\"article:modified_time\" content=\"2024-10-01T13:55:55+00:00\" \/>\n<meta property=\"og:image\" content=\"https:\/\/www.navarroaubanell.com\/wp-content\/uploads\/2018\/12\/MARIO-ESKENAZI-5.jpg\" \/>\n\t<meta property=\"og:image:width\" content=\"800\" \/>\n\t<meta property=\"og:image:height\" content=\"650\" \/>\n\t<meta property=\"og:image:type\" content=\"image\/jpeg\" \/>\n<meta name=\"twitter:label1\" content=\"Est. reading time\" \/>\n\t<meta name=\"twitter:data1\" content=\"1 minute\" \/>\n<script type=\"application\/ld+json\" class=\"yoast-schema-graph\">{\"@context\":\"https:\/\/schema.org\",\"@graph\":[{\"@type\":\"WebPage\",\"@id\":\"https:\/\/www.navarroaubanell.com\/ca\/producte\/eva-pro-by-mario-eskenazi-navarroaubanell\/\",\"url\":\"https:\/\/www.navarroaubanell.com\/ca\/producte\/eva-pro-by-mario-eskenazi-navarroaubanell\/\",\"name\":\"Gandula Eva Pro by Mario Eskenazi - Navarro Aubanell\",\"isPartOf\":{\"@id\":\"https:\/\/www.navarroaubanell.com\/ca\/#website\"},\"primaryImageOfPage\":{\"@id\":\"https:\/\/www.navarroaubanell.com\/ca\/producte\/eva-pro-by-mario-eskenazi-navarroaubanell\/#primaryimage\"},\"image\":{\"@id\":\"https:\/\/www.navarroaubanell.com\/ca\/producte\/eva-pro-by-mario-eskenazi-navarroaubanell\/#primaryimage\"},\"thumbnailUrl\":\"https:\/\/www.navarroaubanell.com\/wp-content\/uploads\/2018\/12\/MARIO-ESKENAZI-5.jpg\",\"datePublished\":\"2018-12-04T10:53:50+00:00\",\"dateModified\":\"2024-10-01T13:55:55+00:00\",\"description\":\"Mario Eskenazi, ha conseguido a trav\u00e9s de la simplicidad encontrar la esencia de la marca y plasmarla en nuestra nueva tumbona.\",\"breadcrumb\":{\"@id\":\"https:\/\/www.navarroaubanell.com\/ca\/producte\/eva-pro-by-mario-eskenazi-navarroaubanell\/#breadcrumb\"},\"inLanguage\":\"ca\",\"potentialAction\":[{\"@type\":\"ReadAction\",\"target\":[\"https:\/\/www.navarroaubanell.com\/ca\/producte\/eva-pro-by-mario-eskenazi-navarroaubanell\/\"]}]},{\"@type\":\"ImageObject\",\"inLanguage\":\"ca\",\"@id\":\"https:\/\/www.navarroaubanell.com\/ca\/producte\/eva-pro-by-mario-eskenazi-navarroaubanell\/#primaryimage\",\"url\":\"https:\/\/www.navarroaubanell.com\/wp-content\/uploads\/2018\/12\/MARIO-ESKENAZI-5.jpg\",\"contentUrl\":\"https:\/\/www.navarroaubanell.com\/wp-content\/uploads\/2018\/12\/MARIO-ESKENAZI-5.jpg\",\"width\":800,\"height\":650},{\"@type\":\"BreadcrumbList\",\"@id\":\"https:\/\/www.navarroaubanell.com\/ca\/producte\/eva-pro-by-mario-eskenazi-navarroaubanell\/#breadcrumb\",\"itemListElement\":[{\"@type\":\"ListItem\",\"position\":1,\"name\":\"Portada\",\"item\":\"https:\/\/www.navarroaubanell.com\/ca\/\"},{\"@type\":\"ListItem\",\"position\":2,\"name\":\"Productes\",\"item\":\"https:\/\/www.navarroaubanell.com\/productos\/\"},{\"@type\":\"ListItem\",\"position\":3,\"name\":\"Gandula Eva Pro by Mario Eskenazi\"}]},{\"@type\":\"WebSite\",\"@id\":\"https:\/\/www.navarroaubanell.com\/ca\/#website\",\"url\":\"https:\/\/www.navarroaubanell.com\/ca\/\",\"name\":\"Navarro Aubanell\",\"description\":\"Mobiliario para hoteler\u00eda, colectividades y oficinas\",\"publisher\":{\"@id\":\"https:\/\/www.navarroaubanell.com\/ca\/#organization\"},\"potentialAction\":[{\"@type\":\"SearchAction\",\"target\":{\"@type\":\"EntryPoint\",\"urlTemplate\":\"https:\/\/www.navarroaubanell.com\/ca\/?s={search_term_string}\"},\"query-input\":{\"@type\":\"PropertyValueSpecification\",\"valueRequired\":true,\"valueName\":\"search_term_string\"}}],\"inLanguage\":\"ca\"},{\"@type\":\"Organization\",\"@id\":\"https:\/\/www.navarroaubanell.com\/ca\/#organization\",\"name\":\"COMERCIAL NAVARRO AUBANELL, S.A\",\"url\":\"https:\/\/www.navarroaubanell.com\/ca\/\",\"logo\":{\"@type\":\"ImageObject\",\"inLanguage\":\"ca\",\"@id\":\"https:\/\/www.navarroaubanell.com\/ca\/#\/schema\/logo\/image\/\",\"url\":\"https:\/\/www.navarroaubanell.com\/wp-content\/uploads\/2017\/07\/logo-navarro-aubuanell.png\",\"contentUrl\":\"https:\/\/www.navarroaubanell.com\/wp-content\/uploads\/2017\/07\/logo-navarro-aubuanell.png\",\"width\":6304,\"height\":1154,\"caption\":\"COMERCIAL NAVARRO AUBANELL, S.A\"},\"image\":{\"@id\":\"https:\/\/www.navarroaubanell.com\/ca\/#\/schema\/logo\/image\/\"}}]}<\/script>\n<!-- \/ Yoast SEO plugin. -->","yoast_head_json":{"title":"Gandula Eva Pro by Mario Eskenazi - Navarro Aubanell","description":"Mario Eskenazi, ha conseguido a trav\u00e9s de la simplicidad encontrar la esencia de la marca y plasmarla en nuestra nueva tumbona.","robots":{"index":"index","follow":"follow","max-snippet":"max-snippet:-1","max-image-preview":"max-image-preview:large","max-video-preview":"max-video-preview:-1"},"canonical":"https:\/\/www.navarroaubanell.com\/ca\/producte\/eva-pro-by-mario-eskenazi-navarroaubanell\/","og_locale":"ca_ES","og_type":"article","og_title":"Gandula Eva Pro by Mario Eskenazi - Navarro Aubanell","og_description":"Mario Eskenazi, ha conseguido a trav\u00e9s de la simplicidad encontrar la esencia de la marca y plasmarla en nuestra nueva tumbona.","og_url":"https:\/\/www.navarroaubanell.com\/ca\/producte\/eva-pro-by-mario-eskenazi-navarroaubanell\/","og_site_name":"Navarro Aubanell","article_modified_time":"2024-10-01T13:55:55+00:00","og_image":[{"width":800,"height":650,"url":"https:\/\/www.navarroaubanell.com\/wp-content\/uploads\/2018\/12\/MARIO-ESKENAZI-5.jpg","type":"image\/jpeg"}],"twitter_misc":{"Est. reading time":"1 minute"},"schema":{"@context":"https:\/\/schema.org","@graph":[{"@type":"WebPage","@id":"https:\/\/www.navarroaubanell.com\/ca\/producte\/eva-pro-by-mario-eskenazi-navarroaubanell\/","url":"https:\/\/www.navarroaubanell.com\/ca\/producte\/eva-pro-by-mario-eskenazi-navarroaubanell\/","name":"Gandula Eva Pro by Mario Eskenazi - Navarro Aubanell","isPartOf":{"@id":"https:\/\/www.navarroaubanell.com\/ca\/#website"},"primaryImageOfPage":{"@id":"https:\/\/www.navarroaubanell.com\/ca\/producte\/eva-pro-by-mario-eskenazi-navarroaubanell\/#primaryimage"},"image":{"@id":"https:\/\/www.navarroaubanell.com\/ca\/producte\/eva-pro-by-mario-eskenazi-navarroaubanell\/#primaryimage"},"thumbnailUrl":"https:\/\/www.navarroaubanell.com\/wp-content\/uploads\/2018\/12\/MARIO-ESKENAZI-5.jpg","datePublished":"2018-12-04T10:53:50+00:00","dateModified":"2024-10-01T13:55:55+00:00","description":"Mario Eskenazi, ha conseguido a trav\u00e9s de la simplicidad encontrar la esencia de la marca y plasmarla en nuestra nueva tumbona.","breadcrumb":{"@id":"https:\/\/www.navarroaubanell.com\/ca\/producte\/eva-pro-by-mario-eskenazi-navarroaubanell\/#breadcrumb"},"inLanguage":"ca","potentialAction":[{"@type":"ReadAction","target":["https:\/\/www.navarroaubanell.com\/ca\/producte\/eva-pro-by-mario-eskenazi-navarroaubanell\/"]}]},{"@type":"ImageObject","inLanguage":"ca","@id":"https:\/\/www.navarroaubanell.com\/ca\/producte\/eva-pro-by-mario-eskenazi-navarroaubanell\/#primaryimage","url":"https:\/\/www.navarroaubanell.com\/wp-content\/uploads\/2018\/12\/MARIO-ESKENAZI-5.jpg","contentUrl":"https:\/\/www.navarroaubanell.com\/wp-content\/uploads\/2018\/12\/MARIO-ESKENAZI-5.jpg","width":800,"height":650},{"@type":"BreadcrumbList","@id":"https:\/\/www.navarroaubanell.com\/ca\/producte\/eva-pro-by-mario-eskenazi-navarroaubanell\/#breadcrumb","itemListElement":[{"@type":"ListItem","position":1,"name":"Portada","item":"https:\/\/www.navarroaubanell.com\/ca\/"},{"@type":"ListItem","position":2,"name":"Productes","item":"https:\/\/www.navarroaubanell.com\/productos\/"},{"@type":"ListItem","position":3,"name":"Gandula Eva Pro by Mario Eskenazi"}]},{"@type":"WebSite","@id":"https:\/\/www.navarroaubanell.com\/ca\/#website","url":"https:\/\/www.navarroaubanell.com\/ca\/","name":"Navarro Aubanell","description":"Mobiliario para hoteler\u00eda, colectividades y oficinas","publisher":{"@id":"https:\/\/www.navarroaubanell.com\/ca\/#organization"},"potentialAction":[{"@type":"SearchAction","target":{"@type":"EntryPoint","urlTemplate":"https:\/\/www.navarroaubanell.com\/ca\/?s={search_term_string}"},"query-input":{"@type":"PropertyValueSpecification","valueRequired":true,"valueName":"search_term_string"}}],"inLanguage":"ca"},{"@type":"Organization","@id":"https:\/\/www.navarroaubanell.com\/ca\/#organization","name":"COMERCIAL NAVARRO AUBANELL, S.A","url":"https:\/\/www.navarroaubanell.com\/ca\/","logo":{"@type":"ImageObject","inLanguage":"ca","@id":"https:\/\/www.navarroaubanell.com\/ca\/#\/schema\/logo\/image\/","url":"https:\/\/www.navarroaubanell.com\/wp-content\/uploads\/2017\/07\/logo-navarro-aubuanell.png","contentUrl":"https:\/\/www.navarroaubanell.com\/wp-content\/uploads\/2017\/07\/logo-navarro-aubuanell.png","width":6304,"height":1154,"caption":"COMERCIAL NAVARRO AUBANELL, S.A"},"image":{"@id":"https:\/\/www.navarroaubanell.com\/ca\/#\/schema\/logo\/image\/"}}]}},"_links":{"self":[{"href":"https:\/\/www.navarroaubanell.com\/ca\/wp-json\/wp\/v2\/product\/21238","targetHints":{"allow":["GET"]}}],"collection":[{"href":"https:\/\/www.navarroaubanell.com\/ca\/wp-json\/wp\/v2\/product"}],"about":[{"href":"https:\/\/www.navarroaubanell.com\/ca\/wp-json\/wp\/v2\/types\/product"}],"wp:featuredmedia":[{"embeddable":true,"href":"https:\/\/www.navarroaubanell.com\/ca\/wp-json\/wp\/v2\/media\/21253"}],"wp:attachment":[{"href":"https:\/\/www.navarroaubanell.com\/ca\/wp-json\/wp\/v2\/media?parent=21238"}],"wp:term":[{"taxonomy":"product_brand","embeddable":true,"href":"https:\/\/www.navarroaubanell.com\/ca\/wp-json\/wp\/v2\/product_brand?post=21238"},{"taxonomy":"product_cat","embeddable":true,"href":"https:\/\/www.navarroaubanell.com\/ca\/wp-json\/wp\/v2\/product_cat?post=21238"},{"taxonomy":"product_tag","embeddable":true,"href":"https:\/\/www.navarroaubanell.com\/ca\/wp-json\/wp\/v2\/product_tag?post=21238"}],"curies":[{"name":"wp","href":"https:\/\/api.w.org\/{rel}","templated":true}]}}