{"id":21163,"date":"2018-07-20T16:39:28","date_gmt":"2018-07-20T14:39:28","guid":{"rendered":"https:\/\/www.navarroaubanell.com\/producto\/soul\/"},"modified":"2024-07-18T15:35:43","modified_gmt":"2024-07-18T13:35:43","slug":"cadira-de-bracos-soul-pedrali-navarroaubanell","status":"publish","type":"product","link":"https:\/\/www.navarroaubanell.com\/ca\/producte\/cadira-de-bracos-soul-pedrali-navarroaubanell\/","title":{"rendered":"Cadira de bra\u00e7os Soul"},"content":{"rendered":"<h5>Descobreix la Col\u00b7lecci\u00f3 Soul de\u00a0Pedrali: Tradici\u00f3 i Avantguarda en Perfecta Harmonia<\/h5>\n<p>La <strong>Cadira de bra\u00e7os Soul<\/strong> inspirat en la idea de fusionar m\u00e8todes ancestrals i t\u00e8cniques d&#8217;avantguarda. El resultat \u00e9s una obra mestra que uneix naturalesa i tecnologia, una pe\u00e7a que combina creativitat i funcionalitat en un disseny net i sense ornaments.<\/p>\n<h6>Dissenyo Minimalista i Funcionalitat<\/h6>\n<p>La <strong>Cadira de bra\u00e7os Soul<\/strong> es distingeix per la seva estructura minimalista i fluida, on corbes i l\u00ednies subtils interactuen harmoniosament. El seu seient de policarbonat ergon\u00f2mic sembla susp\u00e8s, com una abra\u00e7ada acollidora sostinguda pel seu elegant esquelet. Cada detall ha estat dissenyat amb una recerca minuciosa de formes i materials, oferint una comoditat magn\u00edfica i un atractiu visual incomparable.<\/p>\n<h6>Tres Variacions per a Adaptar-se al teu Estil<\/h6>\n<ul>\n<li><a href=\"https:\/\/cdn-assets.pedrali.com\/media\/pedrali\/media\/assets\/originals\/documenti\/st\/st-soul-3745.pdf\"><strong>Soul 3745:<\/strong><\/a>\n<ul>\n<li><strong>Estructura<\/strong>: Fresc mass\u00eds,\u00a0\u00d831\u00a0mm, corbat al vapor.<\/li>\n<li><strong>Acabat<\/strong>: Pintura a base d&#8217;aigua, acabat mat, anti-esgarrapades.<\/li>\n<li><strong>Seient<\/strong>: Policarbonat, superf\u00edcie brillant disponible en 4 colors.<\/li>\n<li><strong>Tacs<\/strong>: Feltre intercanviable per a pisos delicats, pl\u00e0stic intercanviable per a pisos suaus o aspres.<\/li>\n<\/ul>\n<\/li>\n<\/ul>\n<ul>\n<li><a href=\"https:\/\/cdn-assets.pedrali.com\/media\/pedrali\/media\/assets\/originals\/documenti\/st\/st-soul-3746.pdf\"><strong>Soul 3746:<\/strong><\/a>\n<ul>\n<li><strong>Estructura<\/strong>: Tub d&#8217;alumini corbat de\u00a0\u00d830\u00a0mm.<\/li>\n<li><strong>Acabat<\/strong>: Vernissat en pols disponible en 6 colors o alumini anoditzat.<\/li>\n<li><strong>Seient<\/strong>: L\u00e0mines de teca massissa perfilades, acabat escatat natural pintat amb oli a base d&#8217;aigua.<\/li>\n<li><strong>Tacs<\/strong>: Tecnopol\u00edmer, negre o gris clar.<\/li>\n<\/ul>\n<\/li>\n<\/ul>\n<ul>\n<li><a href=\"https:\/\/cdn-assets.pedrali.com\/media\/pedrali\/media\/assets\/originals\/documenti\/st\/st-soul-3747.pdf\"><strong>Soul 3747:<\/strong><\/a> versi\u00f3\u00a0Soft\n<ul>\n<li><strong>Armadura<\/strong>: Freixe mass\u00eds que envolta el seient ergon\u00f2mic de policarbonat.<\/li>\n<li><strong>Embuatat<\/strong>: Escuma de poliuret\u00e0, entapissat en tela, vora pell o pell sint\u00e8tica.<\/li>\n<li><strong>Acabat<\/strong>: Pintura a base d&#8217;aigua, acabat mat, anti-esgarrapades, disponible en 2 colors, lacat porus obert.<\/li>\n<li><strong>Tacs<\/strong>: Feltre intercanviable per a pisos delicats, pl\u00e0stic intercanviable per a pisos suaus o aspres.<\/li>\n<\/ul>\n<\/li>\n<\/ul>\n<h6>Innovaci\u00f3 i Creativitat Intacta<\/h6>\n<p>Com esmenta el dissenyador Eugeni\u00a0Quitllet: <em>&#8220;L&#8217;\u00e0nima \u00e9s un vincle entre el concret i l&#8217;abstracte, entre el m\u00f3n real i el dels somnis, entre el passat i el futur &#8230; l&#8217;estat intacte de la creaci\u00f3&#8221;<\/em>. La<strong> cadira de bra\u00e7os Soul<\/strong> encapsula aquesta filosofia, proporcionant una experi\u00e8ncia de seient que \u00e9s tant un testimoni del passat com una visi\u00f3 del futur.<\/p>\n<h6><strong>Transforma el teu Espai amb la Cadira de Bra\u00e7os Soul de Pedrali<\/strong><\/h6>\n<p>Deixa que la <strong>cadira de bra\u00e7os Soul<\/strong> transformi el teu espai amb la seva perfecta harmonia de tradici\u00f3 i avantguarda.<\/p>\n","protected":false},"excerpt":{"rendered":"<p>Descobreix la Col\u00b7lecci\u00f3 Soul de\u00a0Pedrali: Tradici\u00f3 i Avantguarda en Perfecta Harmonia La Cadira de bra\u00e7os Soul inspirat en la idea de fusionar m\u00e8todes ancestrals i t\u00e8cniques d&#8217;avantguarda. El resultat \u00e9s una obra mestra que uneix naturalesa i tecnologia, una pe\u00e7a que combina creativitat i funcionalitat en un disseny net i sense ornaments. Dissenyo Minimalista i&hellip;<\/p>\n","protected":false},"featured_media":35224,"template":"","meta":{"_acf_changed":false},"product_brand":[882],"product_cat":[534,525],"product_tag":[587,749,867,618,664,729,917],"class_list":{"0":"post-21163","1":"product","2":"type-product","3":"status-publish","4":"has-post-thumbnail","6":"product_brand-pedrali-ca","7":"product_cat-cadires-de-bracos","8":"product_cat-interior","9":"product_tag-apilable-ca","10":"product_tag-cadira-de-barcos","11":"product_tag-cadires-de-bracos","12":"product_tag-contract-ca","13":"product_tag-interior-ca","14":"product_tag-pedrali-ca","15":"product_tag-soul-ca","16":"description-off","18":"first","19":"instock","20":"shipping-taxable","21":"product-type-simple"},"acf":[],"yoast_head":"<!-- This site is optimized with the Yoast SEO plugin v27.5 - https:\/\/yoast.com\/product\/yoast-seo-wordpress\/ -->\n<title>Cadira de bra\u00e7os Soul, Pedrali- Navarro Aubanell<\/title>\n<meta name=\"description\" content=\"La Cadira de bra\u00e7os Soul sorgeix de la idea de crear una cadira utilitzant una mescla de m\u00e8todes ancestrals i t\u00e8cniques d&#039;avantguarda.\" \/>\n<meta name=\"robots\" content=\"index, follow, max-snippet:-1, max-image-preview:large, max-video-preview:-1\" \/>\n<link rel=\"canonical\" href=\"https:\/\/www.navarroaubanell.com\/ca\/producte\/cadira-de-bracos-soul-pedrali-navarroaubanell\/\" \/>\n<meta property=\"og:locale\" content=\"ca_ES\" \/>\n<meta property=\"og:type\" content=\"article\" \/>\n<meta property=\"og:title\" content=\"Cadira de bra\u00e7os Soul, Pedrali- Navarro Aubanell\" \/>\n<meta property=\"og:description\" content=\"La Cadira de bra\u00e7os Soul sorgeix de la idea de crear una cadira utilitzant una mescla de m\u00e8todes ancestrals i t\u00e8cniques d&#039;avantguarda.\" \/>\n<meta property=\"og:url\" content=\"https:\/\/www.navarroaubanell.com\/ca\/producte\/cadira-de-bracos-soul-pedrali-navarroaubanell\/\" \/>\n<meta property=\"og:site_name\" content=\"Navarro Aubanell\" \/>\n<meta property=\"article:modified_time\" content=\"2024-07-18T13:35:43+00:00\" \/>\n<meta property=\"og:image\" content=\"https:\/\/www.navarroaubanell.com\/wp-content\/uploads\/2018\/07\/Silla-Soul-3747-3.png\" \/>\n\t<meta property=\"og:image:width\" content=\"881\" \/>\n\t<meta property=\"og:image:height\" content=\"1181\" \/>\n\t<meta property=\"og:image:type\" content=\"image\/png\" \/>\n<meta name=\"twitter:label1\" content=\"Est. reading time\" \/>\n\t<meta name=\"twitter:data1\" content=\"2 minutes\" \/>\n<script type=\"application\/ld+json\" class=\"yoast-schema-graph\">{\"@context\":\"https:\\\/\\\/schema.org\",\"@graph\":[{\"@type\":\"WebPage\",\"@id\":\"https:\\\/\\\/www.navarroaubanell.com\\\/ca\\\/producte\\\/cadira-de-bracos-soul-pedrali-navarroaubanell\\\/\",\"url\":\"https:\\\/\\\/www.navarroaubanell.com\\\/ca\\\/producte\\\/cadira-de-bracos-soul-pedrali-navarroaubanell\\\/\",\"name\":\"Cadira de bra\u00e7os Soul, Pedrali- Navarro Aubanell\",\"isPartOf\":{\"@id\":\"https:\\\/\\\/www.navarroaubanell.com\\\/ca\\\/#website\"},\"primaryImageOfPage\":{\"@id\":\"https:\\\/\\\/www.navarroaubanell.com\\\/ca\\\/producte\\\/cadira-de-bracos-soul-pedrali-navarroaubanell\\\/#primaryimage\"},\"image\":{\"@id\":\"https:\\\/\\\/www.navarroaubanell.com\\\/ca\\\/producte\\\/cadira-de-bracos-soul-pedrali-navarroaubanell\\\/#primaryimage\"},\"thumbnailUrl\":\"https:\\\/\\\/www.navarroaubanell.com\\\/wp-content\\\/uploads\\\/2018\\\/07\\\/Silla-Soul-3747-3.png\",\"datePublished\":\"2018-07-20T14:39:28+00:00\",\"dateModified\":\"2024-07-18T13:35:43+00:00\",\"description\":\"La Cadira de bra\u00e7os Soul sorgeix de la idea de crear una cadira utilitzant una mescla de m\u00e8todes ancestrals i t\u00e8cniques d'avantguarda.\",\"breadcrumb\":{\"@id\":\"https:\\\/\\\/www.navarroaubanell.com\\\/ca\\\/producte\\\/cadira-de-bracos-soul-pedrali-navarroaubanell\\\/#breadcrumb\"},\"inLanguage\":\"ca\",\"potentialAction\":[{\"@type\":\"ReadAction\",\"target\":[\"https:\\\/\\\/www.navarroaubanell.com\\\/ca\\\/producte\\\/cadira-de-bracos-soul-pedrali-navarroaubanell\\\/\"]}]},{\"@type\":\"ImageObject\",\"inLanguage\":\"ca\",\"@id\":\"https:\\\/\\\/www.navarroaubanell.com\\\/ca\\\/producte\\\/cadira-de-bracos-soul-pedrali-navarroaubanell\\\/#primaryimage\",\"url\":\"https:\\\/\\\/www.navarroaubanell.com\\\/wp-content\\\/uploads\\\/2018\\\/07\\\/Silla-Soul-3747-3.png\",\"contentUrl\":\"https:\\\/\\\/www.navarroaubanell.com\\\/wp-content\\\/uploads\\\/2018\\\/07\\\/Silla-Soul-3747-3.png\",\"width\":881,\"height\":1181,\"caption\":\"Silla Soul 3747\"},{\"@type\":\"BreadcrumbList\",\"@id\":\"https:\\\/\\\/www.navarroaubanell.com\\\/ca\\\/producte\\\/cadira-de-bracos-soul-pedrali-navarroaubanell\\\/#breadcrumb\",\"itemListElement\":[{\"@type\":\"ListItem\",\"position\":1,\"name\":\"Portada\",\"item\":\"https:\\\/\\\/www.navarroaubanell.com\\\/ca\\\/\"},{\"@type\":\"ListItem\",\"position\":2,\"name\":\"Productes\",\"item\":\"https:\\\/\\\/www.navarroaubanell.com\\\/productos\\\/\"},{\"@type\":\"ListItem\",\"position\":3,\"name\":\"Cadira de bra\u00e7os Soul\"}]},{\"@type\":\"WebSite\",\"@id\":\"https:\\\/\\\/www.navarroaubanell.com\\\/ca\\\/#website\",\"url\":\"https:\\\/\\\/www.navarroaubanell.com\\\/ca\\\/\",\"name\":\"Navarro Aubanell\",\"description\":\"Mobiliario para hoteler\u00eda, colectividades y oficinas\",\"publisher\":{\"@id\":\"https:\\\/\\\/www.navarroaubanell.com\\\/ca\\\/#organization\"},\"potentialAction\":[{\"@type\":\"SearchAction\",\"target\":{\"@type\":\"EntryPoint\",\"urlTemplate\":\"https:\\\/\\\/www.navarroaubanell.com\\\/ca\\\/?s={search_term_string}\"},\"query-input\":{\"@type\":\"PropertyValueSpecification\",\"valueRequired\":true,\"valueName\":\"search_term_string\"}}],\"inLanguage\":\"ca\"},{\"@type\":\"Organization\",\"@id\":\"https:\\\/\\\/www.navarroaubanell.com\\\/ca\\\/#organization\",\"name\":\"COMERCIAL NAVARRO AUBANELL, S.A\",\"url\":\"https:\\\/\\\/www.navarroaubanell.com\\\/ca\\\/\",\"logo\":{\"@type\":\"ImageObject\",\"inLanguage\":\"ca\",\"@id\":\"https:\\\/\\\/www.navarroaubanell.com\\\/ca\\\/#\\\/schema\\\/logo\\\/image\\\/\",\"url\":\"https:\\\/\\\/www.navarroaubanell.com\\\/wp-content\\\/uploads\\\/2017\\\/07\\\/logo-navarro-aubuanell.png\",\"contentUrl\":\"https:\\\/\\\/www.navarroaubanell.com\\\/wp-content\\\/uploads\\\/2017\\\/07\\\/logo-navarro-aubuanell.png\",\"width\":6304,\"height\":1154,\"caption\":\"COMERCIAL NAVARRO AUBANELL, S.A\"},\"image\":{\"@id\":\"https:\\\/\\\/www.navarroaubanell.com\\\/ca\\\/#\\\/schema\\\/logo\\\/image\\\/\"}}]}<\/script>\n<!-- \/ Yoast SEO plugin. -->","yoast_head_json":{"title":"Cadira de bra\u00e7os Soul, Pedrali- Navarro Aubanell","description":"La Cadira de bra\u00e7os Soul sorgeix de la idea de crear una cadira utilitzant una mescla de m\u00e8todes ancestrals i t\u00e8cniques d'avantguarda.","robots":{"index":"index","follow":"follow","max-snippet":"max-snippet:-1","max-image-preview":"max-image-preview:large","max-video-preview":"max-video-preview:-1"},"canonical":"https:\/\/www.navarroaubanell.com\/ca\/producte\/cadira-de-bracos-soul-pedrali-navarroaubanell\/","og_locale":"ca_ES","og_type":"article","og_title":"Cadira de bra\u00e7os Soul, Pedrali- Navarro Aubanell","og_description":"La Cadira de bra\u00e7os Soul sorgeix de la idea de crear una cadira utilitzant una mescla de m\u00e8todes ancestrals i t\u00e8cniques d'avantguarda.","og_url":"https:\/\/www.navarroaubanell.com\/ca\/producte\/cadira-de-bracos-soul-pedrali-navarroaubanell\/","og_site_name":"Navarro Aubanell","article_modified_time":"2024-07-18T13:35:43+00:00","og_image":[{"width":881,"height":1181,"url":"https:\/\/www.navarroaubanell.com\/wp-content\/uploads\/2018\/07\/Silla-Soul-3747-3.png","type":"image\/png"}],"twitter_misc":{"Est. reading time":"2 minutes"},"schema":{"@context":"https:\/\/schema.org","@graph":[{"@type":"WebPage","@id":"https:\/\/www.navarroaubanell.com\/ca\/producte\/cadira-de-bracos-soul-pedrali-navarroaubanell\/","url":"https:\/\/www.navarroaubanell.com\/ca\/producte\/cadira-de-bracos-soul-pedrali-navarroaubanell\/","name":"Cadira de bra\u00e7os Soul, Pedrali- Navarro Aubanell","isPartOf":{"@id":"https:\/\/www.navarroaubanell.com\/ca\/#website"},"primaryImageOfPage":{"@id":"https:\/\/www.navarroaubanell.com\/ca\/producte\/cadira-de-bracos-soul-pedrali-navarroaubanell\/#primaryimage"},"image":{"@id":"https:\/\/www.navarroaubanell.com\/ca\/producte\/cadira-de-bracos-soul-pedrali-navarroaubanell\/#primaryimage"},"thumbnailUrl":"https:\/\/www.navarroaubanell.com\/wp-content\/uploads\/2018\/07\/Silla-Soul-3747-3.png","datePublished":"2018-07-20T14:39:28+00:00","dateModified":"2024-07-18T13:35:43+00:00","description":"La Cadira de bra\u00e7os Soul sorgeix de la idea de crear una cadira utilitzant una mescla de m\u00e8todes ancestrals i t\u00e8cniques d'avantguarda.","breadcrumb":{"@id":"https:\/\/www.navarroaubanell.com\/ca\/producte\/cadira-de-bracos-soul-pedrali-navarroaubanell\/#breadcrumb"},"inLanguage":"ca","potentialAction":[{"@type":"ReadAction","target":["https:\/\/www.navarroaubanell.com\/ca\/producte\/cadira-de-bracos-soul-pedrali-navarroaubanell\/"]}]},{"@type":"ImageObject","inLanguage":"ca","@id":"https:\/\/www.navarroaubanell.com\/ca\/producte\/cadira-de-bracos-soul-pedrali-navarroaubanell\/#primaryimage","url":"https:\/\/www.navarroaubanell.com\/wp-content\/uploads\/2018\/07\/Silla-Soul-3747-3.png","contentUrl":"https:\/\/www.navarroaubanell.com\/wp-content\/uploads\/2018\/07\/Silla-Soul-3747-3.png","width":881,"height":1181,"caption":"Silla Soul 3747"},{"@type":"BreadcrumbList","@id":"https:\/\/www.navarroaubanell.com\/ca\/producte\/cadira-de-bracos-soul-pedrali-navarroaubanell\/#breadcrumb","itemListElement":[{"@type":"ListItem","position":1,"name":"Portada","item":"https:\/\/www.navarroaubanell.com\/ca\/"},{"@type":"ListItem","position":2,"name":"Productes","item":"https:\/\/www.navarroaubanell.com\/productos\/"},{"@type":"ListItem","position":3,"name":"Cadira de bra\u00e7os Soul"}]},{"@type":"WebSite","@id":"https:\/\/www.navarroaubanell.com\/ca\/#website","url":"https:\/\/www.navarroaubanell.com\/ca\/","name":"Navarro Aubanell","description":"Mobiliario para hoteler\u00eda, colectividades y oficinas","publisher":{"@id":"https:\/\/www.navarroaubanell.com\/ca\/#organization"},"potentialAction":[{"@type":"SearchAction","target":{"@type":"EntryPoint","urlTemplate":"https:\/\/www.navarroaubanell.com\/ca\/?s={search_term_string}"},"query-input":{"@type":"PropertyValueSpecification","valueRequired":true,"valueName":"search_term_string"}}],"inLanguage":"ca"},{"@type":"Organization","@id":"https:\/\/www.navarroaubanell.com\/ca\/#organization","name":"COMERCIAL NAVARRO AUBANELL, S.A","url":"https:\/\/www.navarroaubanell.com\/ca\/","logo":{"@type":"ImageObject","inLanguage":"ca","@id":"https:\/\/www.navarroaubanell.com\/ca\/#\/schema\/logo\/image\/","url":"https:\/\/www.navarroaubanell.com\/wp-content\/uploads\/2017\/07\/logo-navarro-aubuanell.png","contentUrl":"https:\/\/www.navarroaubanell.com\/wp-content\/uploads\/2017\/07\/logo-navarro-aubuanell.png","width":6304,"height":1154,"caption":"COMERCIAL NAVARRO AUBANELL, S.A"},"image":{"@id":"https:\/\/www.navarroaubanell.com\/ca\/#\/schema\/logo\/image\/"}}]}},"_links":{"self":[{"href":"https:\/\/www.navarroaubanell.com\/ca\/wp-json\/wp\/v2\/product\/21163","targetHints":{"allow":["GET"]}}],"collection":[{"href":"https:\/\/www.navarroaubanell.com\/ca\/wp-json\/wp\/v2\/product"}],"about":[{"href":"https:\/\/www.navarroaubanell.com\/ca\/wp-json\/wp\/v2\/types\/product"}],"wp:featuredmedia":[{"embeddable":true,"href":"https:\/\/www.navarroaubanell.com\/ca\/wp-json\/wp\/v2\/media\/35224"}],"wp:attachment":[{"href":"https:\/\/www.navarroaubanell.com\/ca\/wp-json\/wp\/v2\/media?parent=21163"}],"wp:term":[{"taxonomy":"product_brand","embeddable":true,"href":"https:\/\/www.navarroaubanell.com\/ca\/wp-json\/wp\/v2\/product_brand?post=21163"},{"taxonomy":"product_cat","embeddable":true,"href":"https:\/\/www.navarroaubanell.com\/ca\/wp-json\/wp\/v2\/product_cat?post=21163"},{"taxonomy":"product_tag","embeddable":true,"href":"https:\/\/www.navarroaubanell.com\/ca\/wp-json\/wp\/v2\/product_tag?post=21163"}],"curies":[{"name":"wp","href":"https:\/\/api.w.org\/{rel}","templated":true}]}}