{"id":21119,"date":"2018-07-20T11:45:11","date_gmt":"2018-07-20T09:45:11","guid":{"rendered":"https:\/\/www.navarroaubanell.com\/producto\/eva-pro\/"},"modified":"2025-07-02T08:41:12","modified_gmt":"2025-07-02T06:41:12","slug":"eva-pro","status":"publish","type":"product","link":"https:\/\/www.navarroaubanell.com\/ca\/producte\/eva-pro\/","title":{"rendered":"Gandula Eva Pro"},"content":{"rendered":"<h5 data-start=\"89\" data-end=\"146\">Gandula Eva Pro: resist\u00e8ncia, confort i sostenibilitat<\/h5>\n<h6 data-start=\"148\" data-end=\"181\">Teixit t\u00e8cnic d\u2019alta qualitat<\/h6>\n<p data-start=\"183\" data-end=\"276\"><strong data-start=\"183\" data-end=\"214\">Fabricada amb teixit Balliu<\/strong>, un poli\u00e8ster plastificat que ofereix m\u00faltiples avantatges:<\/p>\n<ul data-start=\"277\" data-end=\"359\">\n<li data-start=\"277\" data-end=\"293\">\n<p data-start=\"279\" data-end=\"293\">Transpirable<\/p>\n<\/li>\n<li data-start=\"294\" data-end=\"323\">\n<p data-start=\"296\" data-end=\"323\">Resist\u00e8ncia als raigs UVA<\/p>\n<\/li>\n<li data-start=\"324\" data-end=\"359\">\n<p data-start=\"326\" data-end=\"359\">Protecci\u00f3 antimicrobiana duradora<\/p>\n<\/li>\n<\/ul>\n<p data-start=\"361\" data-end=\"465\">Aquestes propietats protegeixen la gandula contra les males olors i les taques produ\u00efdes per la humitat.<\/p>\n<p data-start=\"467\" data-end=\"587\"><strong data-start=\"467\" data-end=\"494\">Confecci\u00f3 termosoldada:<\/strong><br data-start=\"494\" data-end=\"497\" \/>Un proc\u00e9s que permet una fusi\u00f3 forta dels materials, evitant aix\u00ed els esquin\u00e7os al teixit.<\/p>\n<h6 data-start=\"594\" data-end=\"626\">Estructura s\u00f2lida i duradora<\/h6>\n<p data-start=\"628\" data-end=\"775\"><strong data-start=\"628\" data-end=\"662\">Materials de primera qualitat:<\/strong><br data-start=\"662\" data-end=\"665\" \/>La seva estructura \u00e9s de resina de s\u00edntesi de polipropil\u00e8 de primera generaci\u00f3, refor\u00e7ada amb c\u00e0rrega mineral.<\/p>\n<p data-start=\"777\" data-end=\"802\"><strong data-start=\"777\" data-end=\"800\">Protecci\u00f3 i refor\u00e7:<\/strong><\/p>\n<ul data-start=\"803\" data-end=\"948\">\n<li data-start=\"803\" data-end=\"838\">\n<p data-start=\"805\" data-end=\"838\">Tractament contra els raigs UVA<\/p>\n<\/li>\n<li data-start=\"839\" data-end=\"948\">\n<p data-start=\"841\" data-end=\"948\">Disseny amb nervadures internes que enforteixen l\u2019estructura i la protegeixen de trencaments i deformacions<\/p>\n<\/li>\n<\/ul>\n<h6 data-start=\"955\" data-end=\"982\">Confort i funcionalitat<\/h6>\n<p data-start=\"984\" data-end=\"1102\"><strong data-start=\"984\" data-end=\"1011\">Reclinat en 5 posicions<\/strong>, inclosa una completament horitzontal, per garantir el m\u00e0xim confort en qualsevol postura.<\/p>\n<p data-start=\"1104\" data-end=\"1209\"><strong data-start=\"1104\" data-end=\"1117\">Apilable:<\/strong><br data-start=\"1117\" data-end=\"1120\" \/>Facilita l\u2019emmagatzematge i optimitza l\u2019espai, ideal per a hostaleria o zones de piscina.<\/p>\n<h6 data-start=\"1216\" data-end=\"1248\">Sostenible i personalitzable<\/h6>\n<p data-start=\"1250\" data-end=\"1353\"><strong data-start=\"1250\" data-end=\"1285\">Compromesa amb el medi ambient:<\/strong><br data-start=\"1285\" data-end=\"1288\" \/>Inclou material reciclat, contribuint a una opci\u00f3 m\u00e9s sostenible.<\/p>\n<p data-start=\"1355\" data-end=\"1509\"><strong data-start=\"1355\" data-end=\"1387\">Personalitzaci\u00f3 a baix cost:<\/strong><br data-start=\"1387\" data-end=\"1390\" \/>El teixit es pot personalitzar amb logotip o anagrama, ideal per a negocis que busquen exclusivitat i identitat pr\u00f2pia.<\/p>\n<p>A m\u00e9s, si vol una major seguretat a les seves platjes i piscines, disposem del nou mecanimse <a href=\"https:\/\/www.navarroaubanell.com\/ca\/producte\/weguard\/\">Weguard<\/a>,una caixa de seguretat per a la gandula Eva Pro.<\/p>\n<p><span style=\"color: #000000;\">No dubti i configuri la seva propia Eva Pro en aquest <a href=\"https:\/\/viewer.ienhance.co\/v\/app\/9c6a32c8-b56c-479b-a68a-0785f32ebca5\">enlla\u00e7<\/a>.<\/span><\/p>\n<p><a href=\"https:\/\/balliuexport.com\/wp-content\/uploads\/2018\/06\/eva-pro-tumbona-comprimido.pdf\">Fitxa t\u00e8cnica<\/a>, on s&#8217;inclouen tamb\u00e9 les cures ideals per a un millor manteniment.<\/p>\n","protected":false},"excerpt":{"rendered":"<p>Gandula Eva Pro: resist\u00e8ncia, confort i sostenibilitat Teixit t\u00e8cnic d\u2019alta qualitat Fabricada amb teixit Balliu, un poli\u00e8ster plastificat que ofereix m\u00faltiples avantatges: Transpirable Resist\u00e8ncia als raigs UVA Protecci\u00f3 antimicrobiana duradora Aquestes propietats protegeixen la gandula contra les males olors i les taques produ\u00efdes per la humitat. Confecci\u00f3 termosoldada:Un proc\u00e9s que permet una fusi\u00f3 forta dels&hellip;<\/p>\n","protected":false},"featured_media":44461,"template":"","meta":{"_acf_changed":false},"product_brand":[887],"product_cat":[563,575],"product_tag":[587,593,909,640,782,833,847,720,860],"class_list":{"0":"post-21119","1":"product","2":"type-product","3":"status-publish","4":"has-post-thumbnail","6":"product_brand-balliu-ca","7":"product_cat-exterior-ca","8":"product_cat-tumbones-exterior","9":"product_tag-apilable-ca","10":"product_tag-balliu-ca","11":"product_tag-eva-pro-ca","12":"product_tag-exterior-ca","13":"product_tag-tumbones","14":"product_tag-graduable-ca","15":"product_tag-mobiliari-exterior","16":"product_tag-outdoor-ca","17":"product_tag-regulable-ca","18":"description-off","20":"first","21":"instock","22":"shipping-taxable","23":"product-type-simple"},"acf":[],"yoast_head":"<!-- This site is optimized with the Yoast SEO plugin v27.0 - https:\/\/yoast.com\/product\/yoast-seo-wordpress\/ -->\n<title>Gandula Eva Pro- Navarro Aubanell<\/title>\n<meta name=\"description\" content=\"Gandula Eva Pro: teixit Balliu resistent a raigs UVA, transpirable i antimicrobi\u00e0. Amb estructura de polipropil\u00e8 refor\u00e7at per a un millor descans.\" \/>\n<meta name=\"robots\" content=\"index, follow, max-snippet:-1, max-image-preview:large, max-video-preview:-1\" \/>\n<link rel=\"canonical\" href=\"https:\/\/www.navarroaubanell.com\/ca\/producte\/eva-pro\/\" \/>\n<meta property=\"og:locale\" content=\"ca_ES\" \/>\n<meta property=\"og:type\" content=\"article\" \/>\n<meta property=\"og:title\" content=\"Gandula Eva Pro- Navarro Aubanell\" \/>\n<meta property=\"og:description\" content=\"Gandula Eva Pro: teixit Balliu resistent a raigs UVA, transpirable i antimicrobi\u00e0. Amb estructura de polipropil\u00e8 refor\u00e7at per a un millor descans.\" \/>\n<meta property=\"og:url\" content=\"https:\/\/www.navarroaubanell.com\/ca\/producte\/eva-pro\/\" \/>\n<meta property=\"og:site_name\" content=\"Navarro Aubanell\" \/>\n<meta property=\"article:modified_time\" content=\"2025-07-02T06:41:12+00:00\" \/>\n<meta property=\"og:image\" content=\"https:\/\/www.navarroaubanell.com\/wp-content\/uploads\/2018\/07\/eva-pro-blanco-ceniza-1-e1719383432872-Photoroom.png\" \/>\n\t<meta property=\"og:image:width\" content=\"728\" \/>\n\t<meta property=\"og:image:height\" content=\"590\" \/>\n\t<meta property=\"og:image:type\" content=\"image\/png\" \/>\n<meta name=\"twitter:label1\" content=\"Est. reading time\" \/>\n\t<meta name=\"twitter:data1\" content=\"2 minutes\" \/>\n<script type=\"application\/ld+json\" class=\"yoast-schema-graph\">{\"@context\":\"https:\/\/schema.org\",\"@graph\":[{\"@type\":\"WebPage\",\"@id\":\"https:\/\/www.navarroaubanell.com\/ca\/producte\/eva-pro\/\",\"url\":\"https:\/\/www.navarroaubanell.com\/ca\/producte\/eva-pro\/\",\"name\":\"Gandula Eva Pro- Navarro Aubanell\",\"isPartOf\":{\"@id\":\"https:\/\/www.navarroaubanell.com\/ca\/#website\"},\"primaryImageOfPage\":{\"@id\":\"https:\/\/www.navarroaubanell.com\/ca\/producte\/eva-pro\/#primaryimage\"},\"image\":{\"@id\":\"https:\/\/www.navarroaubanell.com\/ca\/producte\/eva-pro\/#primaryimage\"},\"thumbnailUrl\":\"https:\/\/www.navarroaubanell.com\/wp-content\/uploads\/2018\/07\/eva-pro-blanco-ceniza-1-e1719383432872-Photoroom.png\",\"datePublished\":\"2018-07-20T09:45:11+00:00\",\"dateModified\":\"2025-07-02T06:41:12+00:00\",\"description\":\"Gandula Eva Pro: teixit Balliu resistent a raigs UVA, transpirable i antimicrobi\u00e0. Amb estructura de polipropil\u00e8 refor\u00e7at per a un millor descans.\",\"breadcrumb\":{\"@id\":\"https:\/\/www.navarroaubanell.com\/ca\/producte\/eva-pro\/#breadcrumb\"},\"inLanguage\":\"ca\",\"potentialAction\":[{\"@type\":\"ReadAction\",\"target\":[\"https:\/\/www.navarroaubanell.com\/ca\/producte\/eva-pro\/\"]}]},{\"@type\":\"ImageObject\",\"inLanguage\":\"ca\",\"@id\":\"https:\/\/www.navarroaubanell.com\/ca\/producte\/eva-pro\/#primaryimage\",\"url\":\"https:\/\/www.navarroaubanell.com\/wp-content\/uploads\/2018\/07\/eva-pro-blanco-ceniza-1-e1719383432872-Photoroom.png\",\"contentUrl\":\"https:\/\/www.navarroaubanell.com\/wp-content\/uploads\/2018\/07\/eva-pro-blanco-ceniza-1-e1719383432872-Photoroom.png\",\"width\":728,\"height\":590,\"caption\":\"Tumbona Eva Pro\"},{\"@type\":\"BreadcrumbList\",\"@id\":\"https:\/\/www.navarroaubanell.com\/ca\/producte\/eva-pro\/#breadcrumb\",\"itemListElement\":[{\"@type\":\"ListItem\",\"position\":1,\"name\":\"Portada\",\"item\":\"https:\/\/www.navarroaubanell.com\/ca\/\"},{\"@type\":\"ListItem\",\"position\":2,\"name\":\"Productes\",\"item\":\"https:\/\/www.navarroaubanell.com\/productos\/\"},{\"@type\":\"ListItem\",\"position\":3,\"name\":\"Gandula Eva Pro\"}]},{\"@type\":\"WebSite\",\"@id\":\"https:\/\/www.navarroaubanell.com\/ca\/#website\",\"url\":\"https:\/\/www.navarroaubanell.com\/ca\/\",\"name\":\"Navarro Aubanell\",\"description\":\"Mobiliario para hoteler\u00eda, colectividades y oficinas\",\"publisher\":{\"@id\":\"https:\/\/www.navarroaubanell.com\/ca\/#organization\"},\"potentialAction\":[{\"@type\":\"SearchAction\",\"target\":{\"@type\":\"EntryPoint\",\"urlTemplate\":\"https:\/\/www.navarroaubanell.com\/ca\/?s={search_term_string}\"},\"query-input\":{\"@type\":\"PropertyValueSpecification\",\"valueRequired\":true,\"valueName\":\"search_term_string\"}}],\"inLanguage\":\"ca\"},{\"@type\":\"Organization\",\"@id\":\"https:\/\/www.navarroaubanell.com\/ca\/#organization\",\"name\":\"COMERCIAL NAVARRO AUBANELL, S.A\",\"url\":\"https:\/\/www.navarroaubanell.com\/ca\/\",\"logo\":{\"@type\":\"ImageObject\",\"inLanguage\":\"ca\",\"@id\":\"https:\/\/www.navarroaubanell.com\/ca\/#\/schema\/logo\/image\/\",\"url\":\"https:\/\/www.navarroaubanell.com\/wp-content\/uploads\/2017\/07\/logo-navarro-aubuanell.png\",\"contentUrl\":\"https:\/\/www.navarroaubanell.com\/wp-content\/uploads\/2017\/07\/logo-navarro-aubuanell.png\",\"width\":6304,\"height\":1154,\"caption\":\"COMERCIAL NAVARRO AUBANELL, S.A\"},\"image\":{\"@id\":\"https:\/\/www.navarroaubanell.com\/ca\/#\/schema\/logo\/image\/\"}}]}<\/script>\n<!-- \/ Yoast SEO plugin. -->","yoast_head_json":{"title":"Gandula Eva Pro- Navarro Aubanell","description":"Gandula Eva Pro: teixit Balliu resistent a raigs UVA, transpirable i antimicrobi\u00e0. Amb estructura de polipropil\u00e8 refor\u00e7at per a un millor descans.","robots":{"index":"index","follow":"follow","max-snippet":"max-snippet:-1","max-image-preview":"max-image-preview:large","max-video-preview":"max-video-preview:-1"},"canonical":"https:\/\/www.navarroaubanell.com\/ca\/producte\/eva-pro\/","og_locale":"ca_ES","og_type":"article","og_title":"Gandula Eva Pro- Navarro Aubanell","og_description":"Gandula Eva Pro: teixit Balliu resistent a raigs UVA, transpirable i antimicrobi\u00e0. Amb estructura de polipropil\u00e8 refor\u00e7at per a un millor descans.","og_url":"https:\/\/www.navarroaubanell.com\/ca\/producte\/eva-pro\/","og_site_name":"Navarro Aubanell","article_modified_time":"2025-07-02T06:41:12+00:00","og_image":[{"width":728,"height":590,"url":"https:\/\/www.navarroaubanell.com\/wp-content\/uploads\/2018\/07\/eva-pro-blanco-ceniza-1-e1719383432872-Photoroom.png","type":"image\/png"}],"twitter_misc":{"Est. reading time":"2 minutes"},"schema":{"@context":"https:\/\/schema.org","@graph":[{"@type":"WebPage","@id":"https:\/\/www.navarroaubanell.com\/ca\/producte\/eva-pro\/","url":"https:\/\/www.navarroaubanell.com\/ca\/producte\/eva-pro\/","name":"Gandula Eva Pro- Navarro Aubanell","isPartOf":{"@id":"https:\/\/www.navarroaubanell.com\/ca\/#website"},"primaryImageOfPage":{"@id":"https:\/\/www.navarroaubanell.com\/ca\/producte\/eva-pro\/#primaryimage"},"image":{"@id":"https:\/\/www.navarroaubanell.com\/ca\/producte\/eva-pro\/#primaryimage"},"thumbnailUrl":"https:\/\/www.navarroaubanell.com\/wp-content\/uploads\/2018\/07\/eva-pro-blanco-ceniza-1-e1719383432872-Photoroom.png","datePublished":"2018-07-20T09:45:11+00:00","dateModified":"2025-07-02T06:41:12+00:00","description":"Gandula Eva Pro: teixit Balliu resistent a raigs UVA, transpirable i antimicrobi\u00e0. Amb estructura de polipropil\u00e8 refor\u00e7at per a un millor descans.","breadcrumb":{"@id":"https:\/\/www.navarroaubanell.com\/ca\/producte\/eva-pro\/#breadcrumb"},"inLanguage":"ca","potentialAction":[{"@type":"ReadAction","target":["https:\/\/www.navarroaubanell.com\/ca\/producte\/eva-pro\/"]}]},{"@type":"ImageObject","inLanguage":"ca","@id":"https:\/\/www.navarroaubanell.com\/ca\/producte\/eva-pro\/#primaryimage","url":"https:\/\/www.navarroaubanell.com\/wp-content\/uploads\/2018\/07\/eva-pro-blanco-ceniza-1-e1719383432872-Photoroom.png","contentUrl":"https:\/\/www.navarroaubanell.com\/wp-content\/uploads\/2018\/07\/eva-pro-blanco-ceniza-1-e1719383432872-Photoroom.png","width":728,"height":590,"caption":"Tumbona Eva Pro"},{"@type":"BreadcrumbList","@id":"https:\/\/www.navarroaubanell.com\/ca\/producte\/eva-pro\/#breadcrumb","itemListElement":[{"@type":"ListItem","position":1,"name":"Portada","item":"https:\/\/www.navarroaubanell.com\/ca\/"},{"@type":"ListItem","position":2,"name":"Productes","item":"https:\/\/www.navarroaubanell.com\/productos\/"},{"@type":"ListItem","position":3,"name":"Gandula Eva Pro"}]},{"@type":"WebSite","@id":"https:\/\/www.navarroaubanell.com\/ca\/#website","url":"https:\/\/www.navarroaubanell.com\/ca\/","name":"Navarro Aubanell","description":"Mobiliario para hoteler\u00eda, colectividades y oficinas","publisher":{"@id":"https:\/\/www.navarroaubanell.com\/ca\/#organization"},"potentialAction":[{"@type":"SearchAction","target":{"@type":"EntryPoint","urlTemplate":"https:\/\/www.navarroaubanell.com\/ca\/?s={search_term_string}"},"query-input":{"@type":"PropertyValueSpecification","valueRequired":true,"valueName":"search_term_string"}}],"inLanguage":"ca"},{"@type":"Organization","@id":"https:\/\/www.navarroaubanell.com\/ca\/#organization","name":"COMERCIAL NAVARRO AUBANELL, S.A","url":"https:\/\/www.navarroaubanell.com\/ca\/","logo":{"@type":"ImageObject","inLanguage":"ca","@id":"https:\/\/www.navarroaubanell.com\/ca\/#\/schema\/logo\/image\/","url":"https:\/\/www.navarroaubanell.com\/wp-content\/uploads\/2017\/07\/logo-navarro-aubuanell.png","contentUrl":"https:\/\/www.navarroaubanell.com\/wp-content\/uploads\/2017\/07\/logo-navarro-aubuanell.png","width":6304,"height":1154,"caption":"COMERCIAL NAVARRO AUBANELL, S.A"},"image":{"@id":"https:\/\/www.navarroaubanell.com\/ca\/#\/schema\/logo\/image\/"}}]}},"_links":{"self":[{"href":"https:\/\/www.navarroaubanell.com\/ca\/wp-json\/wp\/v2\/product\/21119","targetHints":{"allow":["GET"]}}],"collection":[{"href":"https:\/\/www.navarroaubanell.com\/ca\/wp-json\/wp\/v2\/product"}],"about":[{"href":"https:\/\/www.navarroaubanell.com\/ca\/wp-json\/wp\/v2\/types\/product"}],"wp:featuredmedia":[{"embeddable":true,"href":"https:\/\/www.navarroaubanell.com\/ca\/wp-json\/wp\/v2\/media\/44461"}],"wp:attachment":[{"href":"https:\/\/www.navarroaubanell.com\/ca\/wp-json\/wp\/v2\/media?parent=21119"}],"wp:term":[{"taxonomy":"product_brand","embeddable":true,"href":"https:\/\/www.navarroaubanell.com\/ca\/wp-json\/wp\/v2\/product_brand?post=21119"},{"taxonomy":"product_cat","embeddable":true,"href":"https:\/\/www.navarroaubanell.com\/ca\/wp-json\/wp\/v2\/product_cat?post=21119"},{"taxonomy":"product_tag","embeddable":true,"href":"https:\/\/www.navarroaubanell.com\/ca\/wp-json\/wp\/v2\/product_tag?post=21119"}],"curies":[{"name":"wp","href":"https:\/\/api.w.org\/{rel}","templated":true}]}}