{"id":21070,"date":"2018-07-17T11:55:09","date_gmt":"2018-07-17T09:55:09","guid":{"rendered":"https:\/\/www.navarroaubanell.com\/producto\/vic-2\/"},"modified":"2020-03-12T15:40:50","modified_gmt":"2020-03-12T14:40:50","slug":"vic-2","status":"publish","type":"product","link":"https:\/\/www.navarroaubanell.com\/ca\/producte\/vic-2\/","title":{"rendered":"Cadira Vic"},"content":{"rendered":"<p>La cadira Vic, elegant i refinada en la seva senzillesa, s&#8217;inspira en els cl\u00e0ssics butaques dels anys cinquanta. Seient i respatller amb estructura interna d&#8217;acer, entapissada amb escuma de poliuret\u00e0 flexible i folrada de pell o tela. El suau seient d&#8217;escuma de poliuret\u00e0 est\u00e0 suportat per cingles el\u00e0stiques, cosa que el fa c\u00f2mode i acollidor. Potes de freixe mass\u00eds amb base de la carcassa de material pl\u00e0stic.<\/p>\n<p>La fam\u00edlia Vic est\u00e0 composta, a part de la cadira Vic, per la <a href=\"https:\/\/www.navarroaubanell.com\/ca\/producte\/vic-3\/\">butaca Vic<\/a> i el <a href=\"https:\/\/www.navarroaubanell.com\/ca\/producte\/vic\/\">tamboret Vic<\/a>.<\/p>\n","protected":false},"excerpt":{"rendered":"<p>La cadira Vic, elegant i refinada en la seva senzillesa, s&#8217;inspira en els cl\u00e0ssics butaques dels anys cinquanta. Seient i respatller amb estructura interna d&#8217;acer, entapissada amb escuma de poliuret\u00e0 flexible i folrada de pell o tela. El suau seient d&#8217;escuma de poliuret\u00e0 est\u00e0 suportat per cingles el\u00e0stiques, cosa que el fa c\u00f2mode i acollidor.&hellip;<\/p>\n","protected":false},"featured_media":24454,"template":"","meta":{"_acf_changed":false},"product_brand":[882],"product_cat":[533,525],"product_tag":[863,618,664,729,787],"class_list":{"0":"post-21070","1":"product","2":"type-product","3":"status-publish","4":"has-post-thumbnail","6":"product_brand-pedrali-ca","7":"product_cat-cadires","8":"product_cat-interior","9":"product_tag-cadira","10":"product_tag-contract-ca","11":"product_tag-interior-ca","12":"product_tag-pedrali-ca","13":"product_tag-vic-ca","14":"description-off","16":"first","17":"instock","18":"shipping-taxable","19":"product-type-simple"},"acf":[],"yoast_head":"<!-- This site is optimized with the Yoast SEO plugin v27.0 - https:\/\/yoast.com\/product\/yoast-seo-wordpress\/ -->\n<title>Cadira Vic, elegant i refinada - Navarro Aubanell<\/title>\n<meta name=\"description\" content=\"La cadira Vic, elegant i refinada en la seva senzillesa, s&#039;inspira en els cl\u00e0ssics butaques dels anys cinquanta. Seient i respatller entapissats.\" \/>\n<meta name=\"robots\" content=\"index, follow, max-snippet:-1, max-image-preview:large, max-video-preview:-1\" \/>\n<link rel=\"canonical\" href=\"https:\/\/www.navarroaubanell.com\/ca\/producte\/vic-2\/\" \/>\n<meta property=\"og:locale\" content=\"ca_ES\" \/>\n<meta property=\"og:type\" content=\"article\" \/>\n<meta property=\"og:title\" content=\"Cadira Vic, elegant i refinada - Navarro Aubanell\" \/>\n<meta property=\"og:description\" content=\"La cadira Vic, elegant i refinada en la seva senzillesa, s&#039;inspira en els cl\u00e0ssics butaques dels anys cinquanta. Seient i respatller entapissats.\" \/>\n<meta property=\"og:url\" content=\"https:\/\/www.navarroaubanell.com\/ca\/producte\/vic-2\/\" \/>\n<meta property=\"og:site_name\" content=\"Navarro Aubanell\" \/>\n<meta property=\"article:modified_time\" content=\"2020-03-12T14:40:50+00:00\" \/>\n<meta property=\"og:image\" content=\"https:\/\/www.navarroaubanell.com\/wp-content\/uploads\/2018\/07\/silla-vic-01.jpg\" \/>\n\t<meta property=\"og:image:width\" content=\"800\" \/>\n\t<meta property=\"og:image:height\" content=\"650\" \/>\n\t<meta property=\"og:image:type\" content=\"image\/jpeg\" \/>\n<script type=\"application\/ld+json\" class=\"yoast-schema-graph\">{\"@context\":\"https:\/\/schema.org\",\"@graph\":[{\"@type\":\"WebPage\",\"@id\":\"https:\/\/www.navarroaubanell.com\/ca\/producte\/vic-2\/\",\"url\":\"https:\/\/www.navarroaubanell.com\/ca\/producte\/vic-2\/\",\"name\":\"Cadira Vic, elegant i refinada - Navarro Aubanell\",\"isPartOf\":{\"@id\":\"https:\/\/www.navarroaubanell.com\/ca\/#website\"},\"primaryImageOfPage\":{\"@id\":\"https:\/\/www.navarroaubanell.com\/ca\/producte\/vic-2\/#primaryimage\"},\"image\":{\"@id\":\"https:\/\/www.navarroaubanell.com\/ca\/producte\/vic-2\/#primaryimage\"},\"thumbnailUrl\":\"https:\/\/www.navarroaubanell.com\/wp-content\/uploads\/2018\/07\/silla-vic-01.jpg\",\"datePublished\":\"2018-07-17T09:55:09+00:00\",\"dateModified\":\"2020-03-12T14:40:50+00:00\",\"description\":\"La cadira Vic, elegant i refinada en la seva senzillesa, s'inspira en els cl\u00e0ssics butaques dels anys cinquanta. Seient i respatller entapissats.\",\"breadcrumb\":{\"@id\":\"https:\/\/www.navarroaubanell.com\/ca\/producte\/vic-2\/#breadcrumb\"},\"inLanguage\":\"ca\",\"potentialAction\":[{\"@type\":\"ReadAction\",\"target\":[\"https:\/\/www.navarroaubanell.com\/ca\/producte\/vic-2\/\"]}]},{\"@type\":\"ImageObject\",\"inLanguage\":\"ca\",\"@id\":\"https:\/\/www.navarroaubanell.com\/ca\/producte\/vic-2\/#primaryimage\",\"url\":\"https:\/\/www.navarroaubanell.com\/wp-content\/uploads\/2018\/07\/silla-vic-01.jpg\",\"contentUrl\":\"https:\/\/www.navarroaubanell.com\/wp-content\/uploads\/2018\/07\/silla-vic-01.jpg\",\"width\":800,\"height\":650,\"caption\":\"Created with GIMP\"},{\"@type\":\"BreadcrumbList\",\"@id\":\"https:\/\/www.navarroaubanell.com\/ca\/producte\/vic-2\/#breadcrumb\",\"itemListElement\":[{\"@type\":\"ListItem\",\"position\":1,\"name\":\"Portada\",\"item\":\"https:\/\/www.navarroaubanell.com\/ca\/\"},{\"@type\":\"ListItem\",\"position\":2,\"name\":\"Productes\",\"item\":\"https:\/\/www.navarroaubanell.com\/productos\/\"},{\"@type\":\"ListItem\",\"position\":3,\"name\":\"Cadira Vic\"}]},{\"@type\":\"WebSite\",\"@id\":\"https:\/\/www.navarroaubanell.com\/ca\/#website\",\"url\":\"https:\/\/www.navarroaubanell.com\/ca\/\",\"name\":\"Navarro Aubanell\",\"description\":\"Mobiliario para hoteler\u00eda, colectividades y oficinas\",\"publisher\":{\"@id\":\"https:\/\/www.navarroaubanell.com\/ca\/#organization\"},\"potentialAction\":[{\"@type\":\"SearchAction\",\"target\":{\"@type\":\"EntryPoint\",\"urlTemplate\":\"https:\/\/www.navarroaubanell.com\/ca\/?s={search_term_string}\"},\"query-input\":{\"@type\":\"PropertyValueSpecification\",\"valueRequired\":true,\"valueName\":\"search_term_string\"}}],\"inLanguage\":\"ca\"},{\"@type\":\"Organization\",\"@id\":\"https:\/\/www.navarroaubanell.com\/ca\/#organization\",\"name\":\"COMERCIAL NAVARRO AUBANELL, S.A\",\"url\":\"https:\/\/www.navarroaubanell.com\/ca\/\",\"logo\":{\"@type\":\"ImageObject\",\"inLanguage\":\"ca\",\"@id\":\"https:\/\/www.navarroaubanell.com\/ca\/#\/schema\/logo\/image\/\",\"url\":\"https:\/\/www.navarroaubanell.com\/wp-content\/uploads\/2017\/07\/logo-navarro-aubuanell.png\",\"contentUrl\":\"https:\/\/www.navarroaubanell.com\/wp-content\/uploads\/2017\/07\/logo-navarro-aubuanell.png\",\"width\":6304,\"height\":1154,\"caption\":\"COMERCIAL NAVARRO AUBANELL, S.A\"},\"image\":{\"@id\":\"https:\/\/www.navarroaubanell.com\/ca\/#\/schema\/logo\/image\/\"}}]}<\/script>\n<!-- \/ Yoast SEO plugin. -->","yoast_head_json":{"title":"Cadira Vic, elegant i refinada - Navarro Aubanell","description":"La cadira Vic, elegant i refinada en la seva senzillesa, s'inspira en els cl\u00e0ssics butaques dels anys cinquanta. Seient i respatller entapissats.","robots":{"index":"index","follow":"follow","max-snippet":"max-snippet:-1","max-image-preview":"max-image-preview:large","max-video-preview":"max-video-preview:-1"},"canonical":"https:\/\/www.navarroaubanell.com\/ca\/producte\/vic-2\/","og_locale":"ca_ES","og_type":"article","og_title":"Cadira Vic, elegant i refinada - Navarro Aubanell","og_description":"La cadira Vic, elegant i refinada en la seva senzillesa, s'inspira en els cl\u00e0ssics butaques dels anys cinquanta. Seient i respatller entapissats.","og_url":"https:\/\/www.navarroaubanell.com\/ca\/producte\/vic-2\/","og_site_name":"Navarro Aubanell","article_modified_time":"2020-03-12T14:40:50+00:00","og_image":[{"width":800,"height":650,"url":"https:\/\/www.navarroaubanell.com\/wp-content\/uploads\/2018\/07\/silla-vic-01.jpg","type":"image\/jpeg"}],"schema":{"@context":"https:\/\/schema.org","@graph":[{"@type":"WebPage","@id":"https:\/\/www.navarroaubanell.com\/ca\/producte\/vic-2\/","url":"https:\/\/www.navarroaubanell.com\/ca\/producte\/vic-2\/","name":"Cadira Vic, elegant i refinada - Navarro Aubanell","isPartOf":{"@id":"https:\/\/www.navarroaubanell.com\/ca\/#website"},"primaryImageOfPage":{"@id":"https:\/\/www.navarroaubanell.com\/ca\/producte\/vic-2\/#primaryimage"},"image":{"@id":"https:\/\/www.navarroaubanell.com\/ca\/producte\/vic-2\/#primaryimage"},"thumbnailUrl":"https:\/\/www.navarroaubanell.com\/wp-content\/uploads\/2018\/07\/silla-vic-01.jpg","datePublished":"2018-07-17T09:55:09+00:00","dateModified":"2020-03-12T14:40:50+00:00","description":"La cadira Vic, elegant i refinada en la seva senzillesa, s'inspira en els cl\u00e0ssics butaques dels anys cinquanta. Seient i respatller entapissats.","breadcrumb":{"@id":"https:\/\/www.navarroaubanell.com\/ca\/producte\/vic-2\/#breadcrumb"},"inLanguage":"ca","potentialAction":[{"@type":"ReadAction","target":["https:\/\/www.navarroaubanell.com\/ca\/producte\/vic-2\/"]}]},{"@type":"ImageObject","inLanguage":"ca","@id":"https:\/\/www.navarroaubanell.com\/ca\/producte\/vic-2\/#primaryimage","url":"https:\/\/www.navarroaubanell.com\/wp-content\/uploads\/2018\/07\/silla-vic-01.jpg","contentUrl":"https:\/\/www.navarroaubanell.com\/wp-content\/uploads\/2018\/07\/silla-vic-01.jpg","width":800,"height":650,"caption":"Created with GIMP"},{"@type":"BreadcrumbList","@id":"https:\/\/www.navarroaubanell.com\/ca\/producte\/vic-2\/#breadcrumb","itemListElement":[{"@type":"ListItem","position":1,"name":"Portada","item":"https:\/\/www.navarroaubanell.com\/ca\/"},{"@type":"ListItem","position":2,"name":"Productes","item":"https:\/\/www.navarroaubanell.com\/productos\/"},{"@type":"ListItem","position":3,"name":"Cadira Vic"}]},{"@type":"WebSite","@id":"https:\/\/www.navarroaubanell.com\/ca\/#website","url":"https:\/\/www.navarroaubanell.com\/ca\/","name":"Navarro Aubanell","description":"Mobiliario para hoteler\u00eda, colectividades y oficinas","publisher":{"@id":"https:\/\/www.navarroaubanell.com\/ca\/#organization"},"potentialAction":[{"@type":"SearchAction","target":{"@type":"EntryPoint","urlTemplate":"https:\/\/www.navarroaubanell.com\/ca\/?s={search_term_string}"},"query-input":{"@type":"PropertyValueSpecification","valueRequired":true,"valueName":"search_term_string"}}],"inLanguage":"ca"},{"@type":"Organization","@id":"https:\/\/www.navarroaubanell.com\/ca\/#organization","name":"COMERCIAL NAVARRO AUBANELL, S.A","url":"https:\/\/www.navarroaubanell.com\/ca\/","logo":{"@type":"ImageObject","inLanguage":"ca","@id":"https:\/\/www.navarroaubanell.com\/ca\/#\/schema\/logo\/image\/","url":"https:\/\/www.navarroaubanell.com\/wp-content\/uploads\/2017\/07\/logo-navarro-aubuanell.png","contentUrl":"https:\/\/www.navarroaubanell.com\/wp-content\/uploads\/2017\/07\/logo-navarro-aubuanell.png","width":6304,"height":1154,"caption":"COMERCIAL NAVARRO AUBANELL, S.A"},"image":{"@id":"https:\/\/www.navarroaubanell.com\/ca\/#\/schema\/logo\/image\/"}}]}},"_links":{"self":[{"href":"https:\/\/www.navarroaubanell.com\/ca\/wp-json\/wp\/v2\/product\/21070","targetHints":{"allow":["GET"]}}],"collection":[{"href":"https:\/\/www.navarroaubanell.com\/ca\/wp-json\/wp\/v2\/product"}],"about":[{"href":"https:\/\/www.navarroaubanell.com\/ca\/wp-json\/wp\/v2\/types\/product"}],"wp:featuredmedia":[{"embeddable":true,"href":"https:\/\/www.navarroaubanell.com\/ca\/wp-json\/wp\/v2\/media\/24454"}],"wp:attachment":[{"href":"https:\/\/www.navarroaubanell.com\/ca\/wp-json\/wp\/v2\/media?parent=21070"}],"wp:term":[{"taxonomy":"product_brand","embeddable":true,"href":"https:\/\/www.navarroaubanell.com\/ca\/wp-json\/wp\/v2\/product_brand?post=21070"},{"taxonomy":"product_cat","embeddable":true,"href":"https:\/\/www.navarroaubanell.com\/ca\/wp-json\/wp\/v2\/product_cat?post=21070"},{"taxonomy":"product_tag","embeddable":true,"href":"https:\/\/www.navarroaubanell.com\/ca\/wp-json\/wp\/v2\/product_tag?post=21070"}],"curies":[{"name":"wp","href":"https:\/\/api.w.org\/{rel}","templated":true}]}}