{"id":20944,"date":"2018-06-22T18:08:09","date_gmt":"2018-06-22T16:08:09","guid":{"rendered":"https:\/\/www.navarroaubanell.com\/producto\/tribeca-3\/"},"modified":"2024-07-22T10:48:03","modified_gmt":"2024-07-22T08:48:03","slug":"tamboret-tribeca-pedrali-navarroaubanell","status":"publish","type":"product","link":"https:\/\/www.navarroaubanell.com\/ca\/producte\/tamboret-tribeca-pedrali-navarroaubanell\/","title":{"rendered":"Tamboret Tribeca"},"content":{"rendered":"<h5>Descobreix el Tamboret\u00a0Tribeca: Eleg\u00e0ncia i Funcionalitat Redefinides<\/h5>\n<p>El <strong>tamboret Tribeca<\/strong>, membre destacat de la <a href=\"https:\/\/www.navarroaubanell.com\/ca\/?post_type=product&amp;p=35543&amp;preview=true\">fam\u00edlia Tribeca<\/a>, simbolitza la perfecta evoluci\u00f3 i modernitzaci\u00f3 dels cl\u00e0ssics dels seixanta. Aquest tamboret no sols reviu l&#8217;ess\u00e8ncia retro, sin\u00f3 que tamb\u00e9 l&#8217;adapta a les necessitats contempor\u00e0nies, combinant disseny, confort i durabilitat.<\/p>\n<h6>Disseny Robust i Vers\u00e0til<\/h6>\n<p>L&#8217;estructura del <strong>tamboret Tribeca<\/strong> est\u00e0 fabricada amb acer galvanitzat de \u00d820 mm, garantint solidesa i resist\u00e8ncia. Les seves quatre potes estan intel\u00b7ligentment unides per un reposapeus, proporcionant una comoditat addicional per a l&#8217;usuari. L&#8217;estructura es revesteix amb una pintura de vern\u00eds en pols especialment formulada per a resistir els elements exteriors. A m\u00e9s, est\u00e0 disponible en una \u00e0mplia gamma de colors, permetent-te personalitzar el teu espai segons els teus gustos i necessitats.<\/p>\n<h6>M\u00e0xima Comoditat i Flexibilitat<\/h6>\n<p>El respatller i el seient estan confeccionats mitjan\u00e7ant un encordat vertical de PVC extruit amb un nucli de refor\u00e7 de nylon. Aquesta combinaci\u00f3 \u00fanica atorga al tamboret una flexibilitat excepcional i una robustesa incomparable, assegurant la m\u00e0xima comoditat per a qui l&#8217;utilitzi.<\/p>\n<h6>Pr\u00e0ctic i Funcional<\/h6>\n<p>Cada <strong>tamboret Tribeca<\/strong> ve equipat amb tacs de polipropil\u00e8 en blanc o negre, que protegeixen tant el tamboret com la superf\u00edcie sobre la qual es col\u00b7loca. A m\u00e9s, el seu disseny apilable el converteix en l&#8217;opci\u00f3 perfecta per a llocs amb alta aflu\u00e8ncia de persones, oferint una soluci\u00f3 pr\u00e0ctica per al magatzematge r\u00e0pid i l&#8217;optimitzaci\u00f3 de l&#8217;espai. Disponible en dues altures, alta (3667) i baixa(3668), el<strong> tamboret Tribeca<\/strong> s&#8217;adapta a diverses prefer\u00e8ncies i necessitats.<\/p>\n<h6>El Toc Ideal per a Qualsevol Espai<\/h6>\n<p>El <strong>tamboret Tribeca<\/strong> \u00e9s l&#8217;elecci\u00f3 ideal per a hotels, terrasses, jardins i qualsevol lloc que busqui combinar estil i funcionalitat. El seu disseny elegant i pr\u00e0ctic far\u00e0 que qualsevol espai llueixi millor, mentre proporciona la comoditat i la durabilitat que necessites.<\/p>\n<p>Redefineix els teus espais amb el<strong> tamboret\u00a0Tribeca<\/strong>, on el disseny cl\u00e0ssic es troba amb la innovaci\u00f3 moderna. Fes que cada rac\u00f3 destaqui amb l&#8217;eleg\u00e0ncia i funcionalitat de <strong>Tribeca<\/strong>,<\/p>\n<p><a href=\"https:\/\/cdn-assets.pedrali.com\/media\/pedrali\/media\/assets\/originals\/documenti\/st\/st-tribeca-3667-3668.pdf\">Fitxa t\u00e8cnica<\/a><\/p>\n","protected":false},"excerpt":{"rendered":"<p>Descobreix el Tamboret\u00a0Tribeca: Eleg\u00e0ncia i Funcionalitat Redefinides El tamboret Tribeca, membre destacat de la fam\u00edlia Tribeca, simbolitza la perfecta evoluci\u00f3 i modernitzaci\u00f3 dels cl\u00e0ssics dels seixanta. Aquest tamboret no sols reviu l&#8217;ess\u00e8ncia retro, sin\u00f3 que tamb\u00e9 l&#8217;adapta a les necessitats contempor\u00e0nies, combinant disseny, confort i durabilitat. Disseny Robust i Vers\u00e0til L&#8217;estructura del tamboret Tribeca est\u00e0&hellip;<\/p>\n","protected":false},"featured_media":30531,"template":"","meta":{"_acf_changed":false},"product_brand":[882],"product_cat":[563,574],"product_tag":[587,618,640,847,720,729,769],"class_list":{"0":"post-20944","1":"product","2":"type-product","3":"status-publish","4":"has-post-thumbnail","6":"product_brand-pedrali-ca","7":"product_cat-exterior-ca","8":"product_cat-tamborets-exterior","9":"product_tag-apilable-ca","10":"product_tag-contract-ca","11":"product_tag-exterior-ca","12":"product_tag-mobiliari-exterior","13":"product_tag-outdoor-ca","14":"product_tag-pedrali-ca","15":"product_tag-tamboret","16":"description-off","18":"first","19":"instock","20":"shipping-taxable","21":"product-type-simple"},"acf":[],"yoast_head":"<!-- This site is optimized with the Yoast SEO plugin v27.6 - https:\/\/yoast.com\/product\/yoast-seo-wordpress\/ -->\n<title>Tamboret Tribeca - NAVARRO AUBANELL<\/title>\n<meta name=\"description\" content=\"El tamboret Tribeca \u00e9s la interpretaci\u00f3 moderna de les cadires cl\u00e0ssiques de les terrasses dels anys seixanta fabricades en acer i amb trenat. Apilable.\" \/>\n<meta name=\"robots\" content=\"index, follow, max-snippet:-1, max-image-preview:large, max-video-preview:-1\" \/>\n<link rel=\"canonical\" href=\"https:\/\/www.navarroaubanell.com\/ca\/producte\/tamboret-tribeca-pedrali-navarroaubanell\/\" \/>\n<meta property=\"og:locale\" content=\"ca_ES\" \/>\n<meta property=\"og:type\" content=\"article\" \/>\n<meta property=\"og:title\" content=\"Tamboret Tribeca - NAVARRO AUBANELL\" \/>\n<meta property=\"og:description\" content=\"El tamboret Tribeca \u00e9s la interpretaci\u00f3 moderna de les cadires cl\u00e0ssiques de les terrasses dels anys seixanta fabricades en acer i amb trenat. Apilable.\" \/>\n<meta property=\"og:url\" content=\"https:\/\/www.navarroaubanell.com\/ca\/producte\/tamboret-tribeca-pedrali-navarroaubanell\/\" \/>\n<meta property=\"og:site_name\" content=\"Navarro Aubanell\" \/>\n<meta property=\"article:modified_time\" content=\"2024-07-22T08:48:03+00:00\" \/>\n<meta property=\"og:image\" content=\"https:\/\/www.navarroaubanell.com\/wp-content\/uploads\/2018\/06\/Tribeca-3667_VE1002.jpg\" \/>\n\t<meta property=\"og:image:width\" content=\"800\" \/>\n\t<meta property=\"og:image:height\" content=\"650\" \/>\n\t<meta property=\"og:image:type\" content=\"image\/jpeg\" \/>\n<meta name=\"twitter:label1\" content=\"Est. reading time\" \/>\n\t<meta name=\"twitter:data1\" content=\"2 minutes\" \/>\n<script type=\"application\/ld+json\" class=\"yoast-schema-graph\">{\"@context\":\"https:\\\/\\\/schema.org\",\"@graph\":[{\"@type\":\"WebPage\",\"@id\":\"https:\\\/\\\/www.navarroaubanell.com\\\/ca\\\/producte\\\/tamboret-tribeca-pedrali-navarroaubanell\\\/\",\"url\":\"https:\\\/\\\/www.navarroaubanell.com\\\/ca\\\/producte\\\/tamboret-tribeca-pedrali-navarroaubanell\\\/\",\"name\":\"Tamboret Tribeca - NAVARRO AUBANELL\",\"isPartOf\":{\"@id\":\"https:\\\/\\\/www.navarroaubanell.com\\\/ca\\\/#website\"},\"primaryImageOfPage\":{\"@id\":\"https:\\\/\\\/www.navarroaubanell.com\\\/ca\\\/producte\\\/tamboret-tribeca-pedrali-navarroaubanell\\\/#primaryimage\"},\"image\":{\"@id\":\"https:\\\/\\\/www.navarroaubanell.com\\\/ca\\\/producte\\\/tamboret-tribeca-pedrali-navarroaubanell\\\/#primaryimage\"},\"thumbnailUrl\":\"https:\\\/\\\/www.navarroaubanell.com\\\/wp-content\\\/uploads\\\/2018\\\/06\\\/Tribeca-3667_VE1002.jpg\",\"datePublished\":\"2018-06-22T16:08:09+00:00\",\"dateModified\":\"2024-07-22T08:48:03+00:00\",\"description\":\"El tamboret Tribeca \u00e9s la interpretaci\u00f3 moderna de les cadires cl\u00e0ssiques de les terrasses dels anys seixanta fabricades en acer i amb trenat. Apilable.\",\"breadcrumb\":{\"@id\":\"https:\\\/\\\/www.navarroaubanell.com\\\/ca\\\/producte\\\/tamboret-tribeca-pedrali-navarroaubanell\\\/#breadcrumb\"},\"inLanguage\":\"ca\",\"potentialAction\":[{\"@type\":\"ReadAction\",\"target\":[\"https:\\\/\\\/www.navarroaubanell.com\\\/ca\\\/producte\\\/tamboret-tribeca-pedrali-navarroaubanell\\\/\"]}]},{\"@type\":\"ImageObject\",\"inLanguage\":\"ca\",\"@id\":\"https:\\\/\\\/www.navarroaubanell.com\\\/ca\\\/producte\\\/tamboret-tribeca-pedrali-navarroaubanell\\\/#primaryimage\",\"url\":\"https:\\\/\\\/www.navarroaubanell.com\\\/wp-content\\\/uploads\\\/2018\\\/06\\\/Tribeca-3667_VE1002.jpg\",\"contentUrl\":\"https:\\\/\\\/www.navarroaubanell.com\\\/wp-content\\\/uploads\\\/2018\\\/06\\\/Tribeca-3667_VE1002.jpg\",\"width\":800,\"height\":650},{\"@type\":\"BreadcrumbList\",\"@id\":\"https:\\\/\\\/www.navarroaubanell.com\\\/ca\\\/producte\\\/tamboret-tribeca-pedrali-navarroaubanell\\\/#breadcrumb\",\"itemListElement\":[{\"@type\":\"ListItem\",\"position\":1,\"name\":\"Portada\",\"item\":\"https:\\\/\\\/www.navarroaubanell.com\\\/ca\\\/\"},{\"@type\":\"ListItem\",\"position\":2,\"name\":\"Productes\",\"item\":\"https:\\\/\\\/www.navarroaubanell.com\\\/productos\\\/\"},{\"@type\":\"ListItem\",\"position\":3,\"name\":\"Tamboret Tribeca\"}]},{\"@type\":\"WebSite\",\"@id\":\"https:\\\/\\\/www.navarroaubanell.com\\\/ca\\\/#website\",\"url\":\"https:\\\/\\\/www.navarroaubanell.com\\\/ca\\\/\",\"name\":\"Navarro Aubanell\",\"description\":\"Mobiliario para hoteler\u00eda, colectividades y oficinas\",\"publisher\":{\"@id\":\"https:\\\/\\\/www.navarroaubanell.com\\\/ca\\\/#organization\"},\"potentialAction\":[{\"@type\":\"SearchAction\",\"target\":{\"@type\":\"EntryPoint\",\"urlTemplate\":\"https:\\\/\\\/www.navarroaubanell.com\\\/ca\\\/?s={search_term_string}\"},\"query-input\":{\"@type\":\"PropertyValueSpecification\",\"valueRequired\":true,\"valueName\":\"search_term_string\"}}],\"inLanguage\":\"ca\"},{\"@type\":\"Organization\",\"@id\":\"https:\\\/\\\/www.navarroaubanell.com\\\/ca\\\/#organization\",\"name\":\"COMERCIAL NAVARRO AUBANELL, S.A\",\"url\":\"https:\\\/\\\/www.navarroaubanell.com\\\/ca\\\/\",\"logo\":{\"@type\":\"ImageObject\",\"inLanguage\":\"ca\",\"@id\":\"https:\\\/\\\/www.navarroaubanell.com\\\/ca\\\/#\\\/schema\\\/logo\\\/image\\\/\",\"url\":\"https:\\\/\\\/www.navarroaubanell.com\\\/wp-content\\\/uploads\\\/2017\\\/07\\\/logo-navarro-aubuanell.png\",\"contentUrl\":\"https:\\\/\\\/www.navarroaubanell.com\\\/wp-content\\\/uploads\\\/2017\\\/07\\\/logo-navarro-aubuanell.png\",\"width\":6304,\"height\":1154,\"caption\":\"COMERCIAL NAVARRO AUBANELL, S.A\"},\"image\":{\"@id\":\"https:\\\/\\\/www.navarroaubanell.com\\\/ca\\\/#\\\/schema\\\/logo\\\/image\\\/\"}}]}<\/script>\n<!-- \/ Yoast SEO plugin. -->","yoast_head_json":{"title":"Tamboret Tribeca - NAVARRO AUBANELL","description":"El tamboret Tribeca \u00e9s la interpretaci\u00f3 moderna de les cadires cl\u00e0ssiques de les terrasses dels anys seixanta fabricades en acer i amb trenat. Apilable.","robots":{"index":"index","follow":"follow","max-snippet":"max-snippet:-1","max-image-preview":"max-image-preview:large","max-video-preview":"max-video-preview:-1"},"canonical":"https:\/\/www.navarroaubanell.com\/ca\/producte\/tamboret-tribeca-pedrali-navarroaubanell\/","og_locale":"ca_ES","og_type":"article","og_title":"Tamboret Tribeca - NAVARRO AUBANELL","og_description":"El tamboret Tribeca \u00e9s la interpretaci\u00f3 moderna de les cadires cl\u00e0ssiques de les terrasses dels anys seixanta fabricades en acer i amb trenat. Apilable.","og_url":"https:\/\/www.navarroaubanell.com\/ca\/producte\/tamboret-tribeca-pedrali-navarroaubanell\/","og_site_name":"Navarro Aubanell","article_modified_time":"2024-07-22T08:48:03+00:00","og_image":[{"width":800,"height":650,"url":"https:\/\/www.navarroaubanell.com\/wp-content\/uploads\/2018\/06\/Tribeca-3667_VE1002.jpg","type":"image\/jpeg"}],"twitter_misc":{"Est. reading time":"2 minutes"},"schema":{"@context":"https:\/\/schema.org","@graph":[{"@type":"WebPage","@id":"https:\/\/www.navarroaubanell.com\/ca\/producte\/tamboret-tribeca-pedrali-navarroaubanell\/","url":"https:\/\/www.navarroaubanell.com\/ca\/producte\/tamboret-tribeca-pedrali-navarroaubanell\/","name":"Tamboret Tribeca - NAVARRO AUBANELL","isPartOf":{"@id":"https:\/\/www.navarroaubanell.com\/ca\/#website"},"primaryImageOfPage":{"@id":"https:\/\/www.navarroaubanell.com\/ca\/producte\/tamboret-tribeca-pedrali-navarroaubanell\/#primaryimage"},"image":{"@id":"https:\/\/www.navarroaubanell.com\/ca\/producte\/tamboret-tribeca-pedrali-navarroaubanell\/#primaryimage"},"thumbnailUrl":"https:\/\/www.navarroaubanell.com\/wp-content\/uploads\/2018\/06\/Tribeca-3667_VE1002.jpg","datePublished":"2018-06-22T16:08:09+00:00","dateModified":"2024-07-22T08:48:03+00:00","description":"El tamboret Tribeca \u00e9s la interpretaci\u00f3 moderna de les cadires cl\u00e0ssiques de les terrasses dels anys seixanta fabricades en acer i amb trenat. Apilable.","breadcrumb":{"@id":"https:\/\/www.navarroaubanell.com\/ca\/producte\/tamboret-tribeca-pedrali-navarroaubanell\/#breadcrumb"},"inLanguage":"ca","potentialAction":[{"@type":"ReadAction","target":["https:\/\/www.navarroaubanell.com\/ca\/producte\/tamboret-tribeca-pedrali-navarroaubanell\/"]}]},{"@type":"ImageObject","inLanguage":"ca","@id":"https:\/\/www.navarroaubanell.com\/ca\/producte\/tamboret-tribeca-pedrali-navarroaubanell\/#primaryimage","url":"https:\/\/www.navarroaubanell.com\/wp-content\/uploads\/2018\/06\/Tribeca-3667_VE1002.jpg","contentUrl":"https:\/\/www.navarroaubanell.com\/wp-content\/uploads\/2018\/06\/Tribeca-3667_VE1002.jpg","width":800,"height":650},{"@type":"BreadcrumbList","@id":"https:\/\/www.navarroaubanell.com\/ca\/producte\/tamboret-tribeca-pedrali-navarroaubanell\/#breadcrumb","itemListElement":[{"@type":"ListItem","position":1,"name":"Portada","item":"https:\/\/www.navarroaubanell.com\/ca\/"},{"@type":"ListItem","position":2,"name":"Productes","item":"https:\/\/www.navarroaubanell.com\/productos\/"},{"@type":"ListItem","position":3,"name":"Tamboret Tribeca"}]},{"@type":"WebSite","@id":"https:\/\/www.navarroaubanell.com\/ca\/#website","url":"https:\/\/www.navarroaubanell.com\/ca\/","name":"Navarro Aubanell","description":"Mobiliario para hoteler\u00eda, colectividades y oficinas","publisher":{"@id":"https:\/\/www.navarroaubanell.com\/ca\/#organization"},"potentialAction":[{"@type":"SearchAction","target":{"@type":"EntryPoint","urlTemplate":"https:\/\/www.navarroaubanell.com\/ca\/?s={search_term_string}"},"query-input":{"@type":"PropertyValueSpecification","valueRequired":true,"valueName":"search_term_string"}}],"inLanguage":"ca"},{"@type":"Organization","@id":"https:\/\/www.navarroaubanell.com\/ca\/#organization","name":"COMERCIAL NAVARRO AUBANELL, S.A","url":"https:\/\/www.navarroaubanell.com\/ca\/","logo":{"@type":"ImageObject","inLanguage":"ca","@id":"https:\/\/www.navarroaubanell.com\/ca\/#\/schema\/logo\/image\/","url":"https:\/\/www.navarroaubanell.com\/wp-content\/uploads\/2017\/07\/logo-navarro-aubuanell.png","contentUrl":"https:\/\/www.navarroaubanell.com\/wp-content\/uploads\/2017\/07\/logo-navarro-aubuanell.png","width":6304,"height":1154,"caption":"COMERCIAL NAVARRO AUBANELL, S.A"},"image":{"@id":"https:\/\/www.navarroaubanell.com\/ca\/#\/schema\/logo\/image\/"}}]}},"_links":{"self":[{"href":"https:\/\/www.navarroaubanell.com\/ca\/wp-json\/wp\/v2\/product\/20944","targetHints":{"allow":["GET"]}}],"collection":[{"href":"https:\/\/www.navarroaubanell.com\/ca\/wp-json\/wp\/v2\/product"}],"about":[{"href":"https:\/\/www.navarroaubanell.com\/ca\/wp-json\/wp\/v2\/types\/product"}],"wp:featuredmedia":[{"embeddable":true,"href":"https:\/\/www.navarroaubanell.com\/ca\/wp-json\/wp\/v2\/media\/30531"}],"wp:attachment":[{"href":"https:\/\/www.navarroaubanell.com\/ca\/wp-json\/wp\/v2\/media?parent=20944"}],"wp:term":[{"taxonomy":"product_brand","embeddable":true,"href":"https:\/\/www.navarroaubanell.com\/ca\/wp-json\/wp\/v2\/product_brand?post=20944"},{"taxonomy":"product_cat","embeddable":true,"href":"https:\/\/www.navarroaubanell.com\/ca\/wp-json\/wp\/v2\/product_cat?post=20944"},{"taxonomy":"product_tag","embeddable":true,"href":"https:\/\/www.navarroaubanell.com\/ca\/wp-json\/wp\/v2\/product_tag?post=20944"}],"curies":[{"name":"wp","href":"https:\/\/api.w.org\/{rel}","templated":true}]}}