{"id":20933,"date":"2018-06-22T17:35:49","date_gmt":"2018-06-22T15:35:49","guid":{"rendered":"https:\/\/www.navarroaubanell.com\/producto\/tribeca-2\/"},"modified":"2024-07-22T11:49:49","modified_gmt":"2024-07-22T09:49:49","slug":"cadira-de-bracos-tribeca-epdrali-navarroaubanell","status":"publish","type":"product","link":"https:\/\/www.navarroaubanell.com\/ca\/producte\/cadira-de-bracos-tribeca-epdrali-navarroaubanell\/","title":{"rendered":"Cadira de bra\u00e7os Tribeca"},"content":{"rendered":"<h5>Redescobreix l&#8217;Eleg\u00e0ncia amb la Cadira de bra\u00e7os Tribeca<\/h5>\n<p>La <strong>Cadira de bra\u00e7os Tribeca<\/strong> evoca els reconfortants ecos de la mem\u00f2ria, reinterpretant amb un toc modern les cl\u00e0ssiques cadires de terrassa dels anys seixanta. Aquest ic\u00f2nic disseny reneix amb materials contemporanis, fusionant estil, durabilitat i confort.<\/p>\n<h6>Disseny Robust i Sofisticat<\/h6>\n<p>Amb una estructura tubular d&#8217;acer galvanitzat de \u00d820 mm, aquesta <strong>cadira de bra\u00e7os<\/strong> destaca per la seva solidesa i resist\u00e8ncia. El seu disseny es complementa amb un encordat vertical de PVC extruit, refor\u00e7at amb un nucli de nylon, creant una cadira de bra\u00e7os forta i duradora que no compromet la flexibilitat i comoditat que et mereixes.<\/p>\n<h6>Adaptada a Qualsevol Espai Exterior<\/h6>\n<p>La <strong>Cadira de bra\u00e7os Tribeca<\/strong> est\u00e0 revestida amb un vern\u00eds en pols, especialment formulat per a suportar els elements exteriors. A m\u00e9s, ofereix una \u00e0mplia gamma de colors, permetent-te personalitzar i combinar amb l&#8217;estil del teu espai a l&#8217;aire lliure.<\/p>\n<h6>Detalls que Importen<\/h6>\n<p>Cada<strong> cadira de bra\u00e7os Tribeca<\/strong> ve equipada amb tacs de polipropil\u00e8 en blanc o negre, que protegeixen tant la cadira de bra\u00e7os com la superf\u00edcie on es col\u00b7loca. Aquests detalls asseguren que el teu mobiliari es mantingui en perfecte estat, sense importar l&#8217;entorn.<\/p>\n<h6>La Combinaci\u00f3 Perfecta<\/h6>\n<p><strong>Tribeca<\/strong> combina perfectament amb la<a href=\"https:\/\/www.navarroaubanell.com\/ca\/producte\/taula-nolita-pedrali-navarroaubanell\/\"> taula Nolita<\/a> d&#8217;acer vernissat, dissenyada per a \u00fas exterior. Juntes, creen un conjunt harmoni\u00f3s i elegant, ideal per a qualsevol terrassa, jard\u00ed o espai a l&#8217;aire lliure.<\/p>\n<h6>Tribeca: On la Nost\u00e0lgia es Troba amb la Modernitat<\/h6>\n<p>Ideal per a qualsevol entorn, <strong>Tribeca<\/strong> \u00e9s una declaraci\u00f3 d&#8217;estil i bon gust. Transforma els teus espais exteriors amb <strong>Tribeca<\/strong> i crea un ambient que combina el millor del passat amb els avantatges del present.<\/p>\n<p><a href=\"https:\/\/cdn-assets.pedrali.com\/media\/pedrali\/media\/assets\/originals\/documenti\/st\/st-tribeca-3665.pdf\">Fitxa t\u00e8cnica<\/a><\/p>\n","protected":false},"excerpt":{"rendered":"<p>Redescobreix l&#8217;Eleg\u00e0ncia amb la Cadira de bra\u00e7os Tribeca La Cadira de bra\u00e7os Tribeca evoca els reconfortants ecos de la mem\u00f2ria, reinterpretant amb un toc modern les cl\u00e0ssiques cadires de terrassa dels anys seixanta. Aquest ic\u00f2nic disseny reneix amb materials contemporanis, fusionant estil, durabilitat i confort. Disseny Robust i Sofisticat Amb una estructura tubular d&#8217;acer galvanitzat&hellip;<\/p>\n","protected":false},"featured_media":35442,"template":"","meta":{"_acf_changed":false},"product_brand":[882],"product_cat":[573,563],"product_tag":[587,749,867,618,640,847,729],"class_list":{"0":"post-20933","1":"product","2":"type-product","3":"status-publish","4":"has-post-thumbnail","6":"product_brand-pedrali-ca","7":"product_cat-cadires-de-bracos-exterior","8":"product_cat-exterior-ca","9":"product_tag-apilable-ca","10":"product_tag-cadira-de-barcos","11":"product_tag-cadires-de-bracos","12":"product_tag-contract-ca","13":"product_tag-exterior-ca","14":"product_tag-mobiliari-exterior","15":"product_tag-pedrali-ca","16":"description-off","18":"first","19":"instock","20":"shipping-taxable","21":"product-type-simple"},"acf":[],"yoast_head":"<!-- This site is optimized with the Yoast SEO plugin v27.0 - https:\/\/yoast.com\/product\/yoast-seo-wordpress\/ -->\n<title>Cadira de bra\u00e7os Tribeca, Pedrali- Navarro Aubanell<\/title>\n<meta name=\"description\" content=\"Cadira de bra\u00e7os Tribeca: Qualitat, solidesa i flexibilitat en un sol producte. Fabricaci\u00f3 d&#039;avantguarda. Apilable i per a exterior.\" \/>\n<meta name=\"robots\" content=\"index, follow, max-snippet:-1, max-image-preview:large, max-video-preview:-1\" \/>\n<link rel=\"canonical\" href=\"https:\/\/www.navarroaubanell.com\/ca\/producte\/cadira-de-bracos-tribeca-epdrali-navarroaubanell\/\" \/>\n<meta property=\"og:locale\" content=\"ca_ES\" \/>\n<meta property=\"og:type\" content=\"article\" \/>\n<meta property=\"og:title\" content=\"Cadira de bra\u00e7os Tribeca, Pedrali- Navarro Aubanell\" \/>\n<meta property=\"og:description\" content=\"Cadira de bra\u00e7os Tribeca: Qualitat, solidesa i flexibilitat en un sol producte. Fabricaci\u00f3 d&#039;avantguarda. Apilable i per a exterior.\" \/>\n<meta property=\"og:url\" content=\"https:\/\/www.navarroaubanell.com\/ca\/producte\/cadira-de-bracos-tribeca-epdrali-navarroaubanell\/\" \/>\n<meta property=\"og:site_name\" content=\"Navarro Aubanell\" \/>\n<meta property=\"article:modified_time\" content=\"2024-07-22T09:49:49+00:00\" \/>\n<meta property=\"og:image\" content=\"https:\/\/www.navarroaubanell.com\/wp-content\/uploads\/2018\/06\/Sillon-Tribeca-3665-1.png\" \/>\n\t<meta property=\"og:image:width\" content=\"881\" \/>\n\t<meta property=\"og:image:height\" content=\"1181\" \/>\n\t<meta property=\"og:image:type\" content=\"image\/png\" \/>\n<meta name=\"twitter:label1\" content=\"Est. reading time\" \/>\n\t<meta name=\"twitter:data1\" content=\"2 minutes\" \/>\n<script type=\"application\/ld+json\" class=\"yoast-schema-graph\">{\"@context\":\"https:\/\/schema.org\",\"@graph\":[{\"@type\":\"WebPage\",\"@id\":\"https:\/\/www.navarroaubanell.com\/ca\/producte\/cadira-de-bracos-tribeca-epdrali-navarroaubanell\/\",\"url\":\"https:\/\/www.navarroaubanell.com\/ca\/producte\/cadira-de-bracos-tribeca-epdrali-navarroaubanell\/\",\"name\":\"Cadira de bra\u00e7os Tribeca, Pedrali- Navarro Aubanell\",\"isPartOf\":{\"@id\":\"https:\/\/www.navarroaubanell.com\/ca\/#website\"},\"primaryImageOfPage\":{\"@id\":\"https:\/\/www.navarroaubanell.com\/ca\/producte\/cadira-de-bracos-tribeca-epdrali-navarroaubanell\/#primaryimage\"},\"image\":{\"@id\":\"https:\/\/www.navarroaubanell.com\/ca\/producte\/cadira-de-bracos-tribeca-epdrali-navarroaubanell\/#primaryimage\"},\"thumbnailUrl\":\"https:\/\/www.navarroaubanell.com\/wp-content\/uploads\/2018\/06\/Sillon-Tribeca-3665-1.png\",\"datePublished\":\"2018-06-22T15:35:49+00:00\",\"dateModified\":\"2024-07-22T09:49:49+00:00\",\"description\":\"Cadira de bra\u00e7os Tribeca: Qualitat, solidesa i flexibilitat en un sol producte. Fabricaci\u00f3 d'avantguarda. Apilable i per a exterior.\",\"breadcrumb\":{\"@id\":\"https:\/\/www.navarroaubanell.com\/ca\/producte\/cadira-de-bracos-tribeca-epdrali-navarroaubanell\/#breadcrumb\"},\"inLanguage\":\"ca\",\"potentialAction\":[{\"@type\":\"ReadAction\",\"target\":[\"https:\/\/www.navarroaubanell.com\/ca\/producte\/cadira-de-bracos-tribeca-epdrali-navarroaubanell\/\"]}]},{\"@type\":\"ImageObject\",\"inLanguage\":\"ca\",\"@id\":\"https:\/\/www.navarroaubanell.com\/ca\/producte\/cadira-de-bracos-tribeca-epdrali-navarroaubanell\/#primaryimage\",\"url\":\"https:\/\/www.navarroaubanell.com\/wp-content\/uploads\/2018\/06\/Sillon-Tribeca-3665-1.png\",\"contentUrl\":\"https:\/\/www.navarroaubanell.com\/wp-content\/uploads\/2018\/06\/Sillon-Tribeca-3665-1.png\",\"width\":881,\"height\":1181,\"caption\":\"Cadira de bra\u00e7os Tribeca 3665\"},{\"@type\":\"BreadcrumbList\",\"@id\":\"https:\/\/www.navarroaubanell.com\/ca\/producte\/cadira-de-bracos-tribeca-epdrali-navarroaubanell\/#breadcrumb\",\"itemListElement\":[{\"@type\":\"ListItem\",\"position\":1,\"name\":\"Portada\",\"item\":\"https:\/\/www.navarroaubanell.com\/ca\/\"},{\"@type\":\"ListItem\",\"position\":2,\"name\":\"Productes\",\"item\":\"https:\/\/www.navarroaubanell.com\/productos\/\"},{\"@type\":\"ListItem\",\"position\":3,\"name\":\"Cadira de bra\u00e7os Tribeca\"}]},{\"@type\":\"WebSite\",\"@id\":\"https:\/\/www.navarroaubanell.com\/ca\/#website\",\"url\":\"https:\/\/www.navarroaubanell.com\/ca\/\",\"name\":\"Navarro Aubanell\",\"description\":\"Mobiliario para hoteler\u00eda, colectividades y oficinas\",\"publisher\":{\"@id\":\"https:\/\/www.navarroaubanell.com\/ca\/#organization\"},\"potentialAction\":[{\"@type\":\"SearchAction\",\"target\":{\"@type\":\"EntryPoint\",\"urlTemplate\":\"https:\/\/www.navarroaubanell.com\/ca\/?s={search_term_string}\"},\"query-input\":{\"@type\":\"PropertyValueSpecification\",\"valueRequired\":true,\"valueName\":\"search_term_string\"}}],\"inLanguage\":\"ca\"},{\"@type\":\"Organization\",\"@id\":\"https:\/\/www.navarroaubanell.com\/ca\/#organization\",\"name\":\"COMERCIAL NAVARRO AUBANELL, S.A\",\"url\":\"https:\/\/www.navarroaubanell.com\/ca\/\",\"logo\":{\"@type\":\"ImageObject\",\"inLanguage\":\"ca\",\"@id\":\"https:\/\/www.navarroaubanell.com\/ca\/#\/schema\/logo\/image\/\",\"url\":\"https:\/\/www.navarroaubanell.com\/wp-content\/uploads\/2017\/07\/logo-navarro-aubuanell.png\",\"contentUrl\":\"https:\/\/www.navarroaubanell.com\/wp-content\/uploads\/2017\/07\/logo-navarro-aubuanell.png\",\"width\":6304,\"height\":1154,\"caption\":\"COMERCIAL NAVARRO AUBANELL, S.A\"},\"image\":{\"@id\":\"https:\/\/www.navarroaubanell.com\/ca\/#\/schema\/logo\/image\/\"}}]}<\/script>\n<!-- \/ Yoast SEO plugin. -->","yoast_head_json":{"title":"Cadira de bra\u00e7os Tribeca, Pedrali- Navarro Aubanell","description":"Cadira de bra\u00e7os Tribeca: Qualitat, solidesa i flexibilitat en un sol producte. Fabricaci\u00f3 d'avantguarda. Apilable i per a exterior.","robots":{"index":"index","follow":"follow","max-snippet":"max-snippet:-1","max-image-preview":"max-image-preview:large","max-video-preview":"max-video-preview:-1"},"canonical":"https:\/\/www.navarroaubanell.com\/ca\/producte\/cadira-de-bracos-tribeca-epdrali-navarroaubanell\/","og_locale":"ca_ES","og_type":"article","og_title":"Cadira de bra\u00e7os Tribeca, Pedrali- Navarro Aubanell","og_description":"Cadira de bra\u00e7os Tribeca: Qualitat, solidesa i flexibilitat en un sol producte. Fabricaci\u00f3 d'avantguarda. Apilable i per a exterior.","og_url":"https:\/\/www.navarroaubanell.com\/ca\/producte\/cadira-de-bracos-tribeca-epdrali-navarroaubanell\/","og_site_name":"Navarro Aubanell","article_modified_time":"2024-07-22T09:49:49+00:00","og_image":[{"width":881,"height":1181,"url":"https:\/\/www.navarroaubanell.com\/wp-content\/uploads\/2018\/06\/Sillon-Tribeca-3665-1.png","type":"image\/png"}],"twitter_misc":{"Est. reading time":"2 minutes"},"schema":{"@context":"https:\/\/schema.org","@graph":[{"@type":"WebPage","@id":"https:\/\/www.navarroaubanell.com\/ca\/producte\/cadira-de-bracos-tribeca-epdrali-navarroaubanell\/","url":"https:\/\/www.navarroaubanell.com\/ca\/producte\/cadira-de-bracos-tribeca-epdrali-navarroaubanell\/","name":"Cadira de bra\u00e7os Tribeca, Pedrali- Navarro Aubanell","isPartOf":{"@id":"https:\/\/www.navarroaubanell.com\/ca\/#website"},"primaryImageOfPage":{"@id":"https:\/\/www.navarroaubanell.com\/ca\/producte\/cadira-de-bracos-tribeca-epdrali-navarroaubanell\/#primaryimage"},"image":{"@id":"https:\/\/www.navarroaubanell.com\/ca\/producte\/cadira-de-bracos-tribeca-epdrali-navarroaubanell\/#primaryimage"},"thumbnailUrl":"https:\/\/www.navarroaubanell.com\/wp-content\/uploads\/2018\/06\/Sillon-Tribeca-3665-1.png","datePublished":"2018-06-22T15:35:49+00:00","dateModified":"2024-07-22T09:49:49+00:00","description":"Cadira de bra\u00e7os Tribeca: Qualitat, solidesa i flexibilitat en un sol producte. Fabricaci\u00f3 d'avantguarda. Apilable i per a exterior.","breadcrumb":{"@id":"https:\/\/www.navarroaubanell.com\/ca\/producte\/cadira-de-bracos-tribeca-epdrali-navarroaubanell\/#breadcrumb"},"inLanguage":"ca","potentialAction":[{"@type":"ReadAction","target":["https:\/\/www.navarroaubanell.com\/ca\/producte\/cadira-de-bracos-tribeca-epdrali-navarroaubanell\/"]}]},{"@type":"ImageObject","inLanguage":"ca","@id":"https:\/\/www.navarroaubanell.com\/ca\/producte\/cadira-de-bracos-tribeca-epdrali-navarroaubanell\/#primaryimage","url":"https:\/\/www.navarroaubanell.com\/wp-content\/uploads\/2018\/06\/Sillon-Tribeca-3665-1.png","contentUrl":"https:\/\/www.navarroaubanell.com\/wp-content\/uploads\/2018\/06\/Sillon-Tribeca-3665-1.png","width":881,"height":1181,"caption":"Cadira de bra\u00e7os Tribeca 3665"},{"@type":"BreadcrumbList","@id":"https:\/\/www.navarroaubanell.com\/ca\/producte\/cadira-de-bracos-tribeca-epdrali-navarroaubanell\/#breadcrumb","itemListElement":[{"@type":"ListItem","position":1,"name":"Portada","item":"https:\/\/www.navarroaubanell.com\/ca\/"},{"@type":"ListItem","position":2,"name":"Productes","item":"https:\/\/www.navarroaubanell.com\/productos\/"},{"@type":"ListItem","position":3,"name":"Cadira de bra\u00e7os Tribeca"}]},{"@type":"WebSite","@id":"https:\/\/www.navarroaubanell.com\/ca\/#website","url":"https:\/\/www.navarroaubanell.com\/ca\/","name":"Navarro Aubanell","description":"Mobiliario para hoteler\u00eda, colectividades y oficinas","publisher":{"@id":"https:\/\/www.navarroaubanell.com\/ca\/#organization"},"potentialAction":[{"@type":"SearchAction","target":{"@type":"EntryPoint","urlTemplate":"https:\/\/www.navarroaubanell.com\/ca\/?s={search_term_string}"},"query-input":{"@type":"PropertyValueSpecification","valueRequired":true,"valueName":"search_term_string"}}],"inLanguage":"ca"},{"@type":"Organization","@id":"https:\/\/www.navarroaubanell.com\/ca\/#organization","name":"COMERCIAL NAVARRO AUBANELL, S.A","url":"https:\/\/www.navarroaubanell.com\/ca\/","logo":{"@type":"ImageObject","inLanguage":"ca","@id":"https:\/\/www.navarroaubanell.com\/ca\/#\/schema\/logo\/image\/","url":"https:\/\/www.navarroaubanell.com\/wp-content\/uploads\/2017\/07\/logo-navarro-aubuanell.png","contentUrl":"https:\/\/www.navarroaubanell.com\/wp-content\/uploads\/2017\/07\/logo-navarro-aubuanell.png","width":6304,"height":1154,"caption":"COMERCIAL NAVARRO AUBANELL, S.A"},"image":{"@id":"https:\/\/www.navarroaubanell.com\/ca\/#\/schema\/logo\/image\/"}}]}},"_links":{"self":[{"href":"https:\/\/www.navarroaubanell.com\/ca\/wp-json\/wp\/v2\/product\/20933","targetHints":{"allow":["GET"]}}],"collection":[{"href":"https:\/\/www.navarroaubanell.com\/ca\/wp-json\/wp\/v2\/product"}],"about":[{"href":"https:\/\/www.navarroaubanell.com\/ca\/wp-json\/wp\/v2\/types\/product"}],"wp:featuredmedia":[{"embeddable":true,"href":"https:\/\/www.navarroaubanell.com\/ca\/wp-json\/wp\/v2\/media\/35442"}],"wp:attachment":[{"href":"https:\/\/www.navarroaubanell.com\/ca\/wp-json\/wp\/v2\/media?parent=20933"}],"wp:term":[{"taxonomy":"product_brand","embeddable":true,"href":"https:\/\/www.navarroaubanell.com\/ca\/wp-json\/wp\/v2\/product_brand?post=20933"},{"taxonomy":"product_cat","embeddable":true,"href":"https:\/\/www.navarroaubanell.com\/ca\/wp-json\/wp\/v2\/product_cat?post=20933"},{"taxonomy":"product_tag","embeddable":true,"href":"https:\/\/www.navarroaubanell.com\/ca\/wp-json\/wp\/v2\/product_tag?post=20933"}],"curies":[{"name":"wp","href":"https:\/\/api.w.org\/{rel}","templated":true}]}}