{"id":20382,"date":"2017-10-30T10:14:35","date_gmt":"2017-10-30T10:14:35","guid":{"rendered":"https:\/\/www.navarroaubanell.com\/producto\/bloom\/"},"modified":"2020-03-16T12:43:15","modified_gmt":"2020-03-16T11:43:15","slug":"bloom","status":"publish","type":"product","link":"https:\/\/www.navarroaubanell.com\/ca\/producte\/bloom\/","title":{"rendered":"Para-sol Bloom"},"content":{"rendered":"<p>El para-sol de disseny Bloom est\u00e0 inspirat en l&#8217;estiu i les m\u00e9s acolorides creacions de la natura: les flors. Els p\u00e8tals de tela sobre el para-sol creen un dosser per relaxar-se sota la seva ombra a la terrassa i gaudir del magn\u00edfics colors. El murmuri del vent en passar a trav\u00e9s dels p\u00e8tals els torna a la vida amb una dansa d&#8217;efecte gaireb\u00e9 hipn\u00f2tic. Una terrassa amb un para-sol Sywawa Bloom \u00e9s molt atractiva per als seus clients!<\/p>\n<p>El para-sol de disseny Bloom \u00e9s un para-sol amb pal central. En aquest tipus de para-sol, el pal es col\u00b7loca en el centre d&#8217;una base per a para-sols a la terrassa. El para-sol Bloom \u00e9s rod\u00f3. El pal ha estat confeccionat en acer inoxidable lacat. La base del para-sol \u00e9s una planxa d&#8217;acer. Un para-sol amb pal central es pot obrir amb la m\u00e0, amb ressort, amb un sistema d&#8217;elevaci\u00f3 autom\u00e0tic, amb un sistema de politges o amb un sistema telesc\u00f2pic. El para-sol Bloom \u00e9s un para-sol amb ressort, i pel mateix, molt f\u00e0cil d&#8217;obrir.<\/p>\n","protected":false},"excerpt":{"rendered":"<p>&nbsp;<\/p>\n<p>&nbsp;<\/p>\n","protected":false},"featured_media":19502,"template":"","meta":{"_acf_changed":false},"product_brand":[895],"product_cat":[563,569],"product_tag":[599,720,851,765],"class_list":{"0":"post-20382","1":"product","2":"type-product","3":"status-publish","4":"has-post-thumbnail","6":"product_brand-sywawa-ca","7":"product_cat-exterior-ca","8":"product_cat-parasols","9":"product_tag-bloom-ca","10":"product_tag-outdoor-ca","11":"product_tag-parasols","12":"product_tag-sywawa-ca","13":"description-off","15":"first","16":"instock","17":"shipping-taxable","18":"product-type-simple"},"acf":[],"yoast_head":"<!-- This site is optimized with the Yoast SEO plugin v27.0 - https:\/\/yoast.com\/product\/yoast-seo-wordpress\/ -->\n<title>Para-sol Bloom, exteriors de Sywawa - Navarro Aubanell<\/title>\n<meta name=\"description\" content=\"El para-sol de disseny Bloom est\u00e0 inspirat en l&#039;estiu i les m\u00e9s acolorides creaciones de la natura: les flors. T\u00e9 p\u00e8tals de tela sobre el para-sol. Sywawa.\" \/>\n<meta name=\"robots\" content=\"index, follow, max-snippet:-1, max-image-preview:large, max-video-preview:-1\" \/>\n<link rel=\"canonical\" href=\"https:\/\/www.navarroaubanell.com\/ca\/producte\/bloom\/\" \/>\n<meta property=\"og:locale\" content=\"ca_ES\" \/>\n<meta property=\"og:type\" content=\"article\" \/>\n<meta property=\"og:title\" content=\"Para-sol Bloom, exteriors de Sywawa - Navarro Aubanell\" \/>\n<meta property=\"og:description\" content=\"El para-sol de disseny Bloom est\u00e0 inspirat en l&#039;estiu i les m\u00e9s acolorides creaciones de la natura: les flors. T\u00e9 p\u00e8tals de tela sobre el para-sol. Sywawa.\" \/>\n<meta property=\"og:url\" content=\"https:\/\/www.navarroaubanell.com\/ca\/producte\/bloom\/\" \/>\n<meta property=\"og:site_name\" content=\"Navarro Aubanell\" \/>\n<meta property=\"article:modified_time\" content=\"2020-03-16T11:43:15+00:00\" \/>\n<meta property=\"og:image\" content=\"https:\/\/www.navarroaubanell.com\/wp-content\/uploads\/2017\/10\/img-destacada-bloom.jpg\" \/>\n\t<meta property=\"og:image:width\" content=\"512\" \/>\n\t<meta property=\"og:image:height\" content=\"512\" \/>\n\t<meta property=\"og:image:type\" content=\"image\/jpeg\" \/>\n<meta name=\"twitter:label1\" content=\"Est. reading time\" \/>\n\t<meta name=\"twitter:data1\" content=\"1 minute\" \/>\n<script type=\"application\/ld+json\" class=\"yoast-schema-graph\">{\"@context\":\"https:\/\/schema.org\",\"@graph\":[{\"@type\":\"WebPage\",\"@id\":\"https:\/\/www.navarroaubanell.com\/ca\/producte\/bloom\/\",\"url\":\"https:\/\/www.navarroaubanell.com\/ca\/producte\/bloom\/\",\"name\":\"Para-sol Bloom, exteriors de Sywawa - Navarro Aubanell\",\"isPartOf\":{\"@id\":\"https:\/\/www.navarroaubanell.com\/ca\/#website\"},\"primaryImageOfPage\":{\"@id\":\"https:\/\/www.navarroaubanell.com\/ca\/producte\/bloom\/#primaryimage\"},\"image\":{\"@id\":\"https:\/\/www.navarroaubanell.com\/ca\/producte\/bloom\/#primaryimage\"},\"thumbnailUrl\":\"https:\/\/www.navarroaubanell.com\/wp-content\/uploads\/2017\/10\/img-destacada-bloom.jpg\",\"datePublished\":\"2017-10-30T10:14:35+00:00\",\"dateModified\":\"2020-03-16T11:43:15+00:00\",\"description\":\"El para-sol de disseny Bloom est\u00e0 inspirat en l'estiu i les m\u00e9s acolorides creaciones de la natura: les flors. T\u00e9 p\u00e8tals de tela sobre el para-sol. Sywawa.\",\"breadcrumb\":{\"@id\":\"https:\/\/www.navarroaubanell.com\/ca\/producte\/bloom\/#breadcrumb\"},\"inLanguage\":\"ca\",\"potentialAction\":[{\"@type\":\"ReadAction\",\"target\":[\"https:\/\/www.navarroaubanell.com\/ca\/producte\/bloom\/\"]}]},{\"@type\":\"ImageObject\",\"inLanguage\":\"ca\",\"@id\":\"https:\/\/www.navarroaubanell.com\/ca\/producte\/bloom\/#primaryimage\",\"url\":\"https:\/\/www.navarroaubanell.com\/wp-content\/uploads\/2017\/10\/img-destacada-bloom.jpg\",\"contentUrl\":\"https:\/\/www.navarroaubanell.com\/wp-content\/uploads\/2017\/10\/img-destacada-bloom.jpg\",\"width\":512,\"height\":512},{\"@type\":\"BreadcrumbList\",\"@id\":\"https:\/\/www.navarroaubanell.com\/ca\/producte\/bloom\/#breadcrumb\",\"itemListElement\":[{\"@type\":\"ListItem\",\"position\":1,\"name\":\"Portada\",\"item\":\"https:\/\/www.navarroaubanell.com\/ca\/\"},{\"@type\":\"ListItem\",\"position\":2,\"name\":\"Productes\",\"item\":\"https:\/\/www.navarroaubanell.com\/productos\/\"},{\"@type\":\"ListItem\",\"position\":3,\"name\":\"Para-sol Bloom\"}]},{\"@type\":\"WebSite\",\"@id\":\"https:\/\/www.navarroaubanell.com\/ca\/#website\",\"url\":\"https:\/\/www.navarroaubanell.com\/ca\/\",\"name\":\"Navarro Aubanell\",\"description\":\"Mobiliario para hoteler\u00eda, colectividades y oficinas\",\"publisher\":{\"@id\":\"https:\/\/www.navarroaubanell.com\/ca\/#organization\"},\"potentialAction\":[{\"@type\":\"SearchAction\",\"target\":{\"@type\":\"EntryPoint\",\"urlTemplate\":\"https:\/\/www.navarroaubanell.com\/ca\/?s={search_term_string}\"},\"query-input\":{\"@type\":\"PropertyValueSpecification\",\"valueRequired\":true,\"valueName\":\"search_term_string\"}}],\"inLanguage\":\"ca\"},{\"@type\":\"Organization\",\"@id\":\"https:\/\/www.navarroaubanell.com\/ca\/#organization\",\"name\":\"COMERCIAL NAVARRO AUBANELL, S.A\",\"url\":\"https:\/\/www.navarroaubanell.com\/ca\/\",\"logo\":{\"@type\":\"ImageObject\",\"inLanguage\":\"ca\",\"@id\":\"https:\/\/www.navarroaubanell.com\/ca\/#\/schema\/logo\/image\/\",\"url\":\"https:\/\/www.navarroaubanell.com\/wp-content\/uploads\/2017\/07\/logo-navarro-aubuanell.png\",\"contentUrl\":\"https:\/\/www.navarroaubanell.com\/wp-content\/uploads\/2017\/07\/logo-navarro-aubuanell.png\",\"width\":6304,\"height\":1154,\"caption\":\"COMERCIAL NAVARRO AUBANELL, S.A\"},\"image\":{\"@id\":\"https:\/\/www.navarroaubanell.com\/ca\/#\/schema\/logo\/image\/\"}}]}<\/script>\n<!-- \/ Yoast SEO plugin. -->","yoast_head_json":{"title":"Para-sol Bloom, exteriors de Sywawa - Navarro Aubanell","description":"El para-sol de disseny Bloom est\u00e0 inspirat en l'estiu i les m\u00e9s acolorides creaciones de la natura: les flors. T\u00e9 p\u00e8tals de tela sobre el para-sol. Sywawa.","robots":{"index":"index","follow":"follow","max-snippet":"max-snippet:-1","max-image-preview":"max-image-preview:large","max-video-preview":"max-video-preview:-1"},"canonical":"https:\/\/www.navarroaubanell.com\/ca\/producte\/bloom\/","og_locale":"ca_ES","og_type":"article","og_title":"Para-sol Bloom, exteriors de Sywawa - Navarro Aubanell","og_description":"El para-sol de disseny Bloom est\u00e0 inspirat en l'estiu i les m\u00e9s acolorides creaciones de la natura: les flors. T\u00e9 p\u00e8tals de tela sobre el para-sol. Sywawa.","og_url":"https:\/\/www.navarroaubanell.com\/ca\/producte\/bloom\/","og_site_name":"Navarro Aubanell","article_modified_time":"2020-03-16T11:43:15+00:00","og_image":[{"width":512,"height":512,"url":"https:\/\/www.navarroaubanell.com\/wp-content\/uploads\/2017\/10\/img-destacada-bloom.jpg","type":"image\/jpeg"}],"twitter_misc":{"Est. reading time":"1 minute"},"schema":{"@context":"https:\/\/schema.org","@graph":[{"@type":"WebPage","@id":"https:\/\/www.navarroaubanell.com\/ca\/producte\/bloom\/","url":"https:\/\/www.navarroaubanell.com\/ca\/producte\/bloom\/","name":"Para-sol Bloom, exteriors de Sywawa - Navarro Aubanell","isPartOf":{"@id":"https:\/\/www.navarroaubanell.com\/ca\/#website"},"primaryImageOfPage":{"@id":"https:\/\/www.navarroaubanell.com\/ca\/producte\/bloom\/#primaryimage"},"image":{"@id":"https:\/\/www.navarroaubanell.com\/ca\/producte\/bloom\/#primaryimage"},"thumbnailUrl":"https:\/\/www.navarroaubanell.com\/wp-content\/uploads\/2017\/10\/img-destacada-bloom.jpg","datePublished":"2017-10-30T10:14:35+00:00","dateModified":"2020-03-16T11:43:15+00:00","description":"El para-sol de disseny Bloom est\u00e0 inspirat en l'estiu i les m\u00e9s acolorides creaciones de la natura: les flors. T\u00e9 p\u00e8tals de tela sobre el para-sol. Sywawa.","breadcrumb":{"@id":"https:\/\/www.navarroaubanell.com\/ca\/producte\/bloom\/#breadcrumb"},"inLanguage":"ca","potentialAction":[{"@type":"ReadAction","target":["https:\/\/www.navarroaubanell.com\/ca\/producte\/bloom\/"]}]},{"@type":"ImageObject","inLanguage":"ca","@id":"https:\/\/www.navarroaubanell.com\/ca\/producte\/bloom\/#primaryimage","url":"https:\/\/www.navarroaubanell.com\/wp-content\/uploads\/2017\/10\/img-destacada-bloom.jpg","contentUrl":"https:\/\/www.navarroaubanell.com\/wp-content\/uploads\/2017\/10\/img-destacada-bloom.jpg","width":512,"height":512},{"@type":"BreadcrumbList","@id":"https:\/\/www.navarroaubanell.com\/ca\/producte\/bloom\/#breadcrumb","itemListElement":[{"@type":"ListItem","position":1,"name":"Portada","item":"https:\/\/www.navarroaubanell.com\/ca\/"},{"@type":"ListItem","position":2,"name":"Productes","item":"https:\/\/www.navarroaubanell.com\/productos\/"},{"@type":"ListItem","position":3,"name":"Para-sol Bloom"}]},{"@type":"WebSite","@id":"https:\/\/www.navarroaubanell.com\/ca\/#website","url":"https:\/\/www.navarroaubanell.com\/ca\/","name":"Navarro Aubanell","description":"Mobiliario para hoteler\u00eda, colectividades y oficinas","publisher":{"@id":"https:\/\/www.navarroaubanell.com\/ca\/#organization"},"potentialAction":[{"@type":"SearchAction","target":{"@type":"EntryPoint","urlTemplate":"https:\/\/www.navarroaubanell.com\/ca\/?s={search_term_string}"},"query-input":{"@type":"PropertyValueSpecification","valueRequired":true,"valueName":"search_term_string"}}],"inLanguage":"ca"},{"@type":"Organization","@id":"https:\/\/www.navarroaubanell.com\/ca\/#organization","name":"COMERCIAL NAVARRO AUBANELL, S.A","url":"https:\/\/www.navarroaubanell.com\/ca\/","logo":{"@type":"ImageObject","inLanguage":"ca","@id":"https:\/\/www.navarroaubanell.com\/ca\/#\/schema\/logo\/image\/","url":"https:\/\/www.navarroaubanell.com\/wp-content\/uploads\/2017\/07\/logo-navarro-aubuanell.png","contentUrl":"https:\/\/www.navarroaubanell.com\/wp-content\/uploads\/2017\/07\/logo-navarro-aubuanell.png","width":6304,"height":1154,"caption":"COMERCIAL NAVARRO AUBANELL, S.A"},"image":{"@id":"https:\/\/www.navarroaubanell.com\/ca\/#\/schema\/logo\/image\/"}}]}},"_links":{"self":[{"href":"https:\/\/www.navarroaubanell.com\/ca\/wp-json\/wp\/v2\/product\/20382","targetHints":{"allow":["GET"]}}],"collection":[{"href":"https:\/\/www.navarroaubanell.com\/ca\/wp-json\/wp\/v2\/product"}],"about":[{"href":"https:\/\/www.navarroaubanell.com\/ca\/wp-json\/wp\/v2\/types\/product"}],"wp:featuredmedia":[{"embeddable":true,"href":"https:\/\/www.navarroaubanell.com\/ca\/wp-json\/wp\/v2\/media\/19502"}],"wp:attachment":[{"href":"https:\/\/www.navarroaubanell.com\/ca\/wp-json\/wp\/v2\/media?parent=20382"}],"wp:term":[{"taxonomy":"product_brand","embeddable":true,"href":"https:\/\/www.navarroaubanell.com\/ca\/wp-json\/wp\/v2\/product_brand?post=20382"},{"taxonomy":"product_cat","embeddable":true,"href":"https:\/\/www.navarroaubanell.com\/ca\/wp-json\/wp\/v2\/product_cat?post=20382"},{"taxonomy":"product_tag","embeddable":true,"href":"https:\/\/www.navarroaubanell.com\/ca\/wp-json\/wp\/v2\/product_tag?post=20382"}],"curies":[{"name":"wp","href":"https:\/\/api.w.org\/{rel}","templated":true}]}}