{"id":20346,"date":"2017-11-06T09:37:05","date_gmt":"2017-11-06T08:37:05","guid":{"rendered":"https:\/\/www.navarroaubanell.com\/producto\/liberty-pie-de-mesa\/"},"modified":"2024-10-01T16:15:10","modified_gmt":"2024-10-01T14:15:10","slug":"taula-liberty-pedrali-navarroaubanell","status":"publish","type":"product","link":"https:\/\/www.navarroaubanell.com\/ca\/producte\/taula-liberty-pedrali-navarroaubanell\/","title":{"rendered":"Taula Liberty"},"content":{"rendered":"<h5>Descobreix Liberty: L&#8217;Eleg\u00e0ncia del Art Nouveau en el teu Espai<\/h5>\n<div>La taula Liberty \u00e9s molt m\u00e9s que un moble; \u00e9s una obra d&#8217;art que porta l&#8217;ess\u00e8ncia del <em>Art Nouveau<\/em> a qualsevol ambient. Liberty combina la solidesa de la seva estructura amb el refinament del seu estil cl\u00e0ssic, creant una pe\u00e7a que es distingeix per la seva eleg\u00e0ncia decorativa.<\/div>\n<h6>Estructura Ferma, Disseny Atemporal<\/h6>\n<div>La base i la columna de la taula Liberty, aix\u00ed com la creuera que sost\u00e9 el sobre, estan elaborades en ferro colat arenado, un material que no sols ofereix una resist\u00e8ncia i durabilitat inigualables, sin\u00f3 que tamb\u00e9 real\u00e7a la bellesa del disseny cl\u00e0ssic. Aquest equilibri perfecte entre robustesa i est\u00e8tica converteix a Liberty en l&#8217;elecci\u00f3 ideal per a espais sofisticats que busquen un toc de distinci\u00f3.<\/div>\n<h6>Personalitzaci\u00f3 i Versatilitat<\/h6>\n<div>Disponible en una \u00e0mplia gamma de colors, amb un acabat en vern\u00eds en pols, Liberty s&#8217;adapta tant a interiors com a exteriors, aportant sempre una pres\u00e8ncia majestuosa. A m\u00e9s, els tacs de tecnopol\u00edmer en gris o negre garanteixen estabilitat i protecci\u00f3, cuidant tant el teu s\u00f2l com la mateixa taula.<\/div>\n<h6>Liberty: El Toc Sofisticat per a Ambients Excepcionals<\/h6>\n<p>Perfecta per als qui busquen una combinaci\u00f3 d&#8217;estil cl\u00e0ssic i durabilitat moderna, la taula Liberty \u00e9s m\u00e9s que una pe\u00e7a funcional; \u00e9s una declaraci\u00f3 d&#8217;eleg\u00e0ncia. Ideal per a espais que exigeixen sofisticaci\u00f3 i qualitat, Liberty aporta un toc de distinci\u00f3 que transforma qualsevol entorn en un lloc d&#8217;encant i bellesa atemporal.<\/p>\n<p>Hi ha diferents models, amb diferents di\u00e0metres i amb un suport de pes distint, fins i tot hi ha un model amb peu doble.<\/p>\n<ul>\n<li><a href=\"https:\/\/cdn-assets.pedrali.com\/media\/pedrali\/media\/assets\/originals\/documenti\/st\/st-liberty-4230.pdf\">Liberty\u00a04230<\/a><\/li>\n<li><a href=\"https:\/\/cdn-assets.pedrali.com\/media\/pedrali\/media\/assets\/originals\/documenti\/st\/st-liberty-4200.pdf\">Liberty\u00a04200<\/a><\/li>\n<li><a href=\"https:\/\/cdn-assets.pedrali.com\/media\/pedrali\/media\/assets\/originals\/documenti\/st\/st-liberty-4210.pdf\">Liberty\u00a04210<\/a><\/li>\n<li><a href=\"https:\/\/cdn-assets.pedrali.com\/media\/pedrali\/media\/assets\/originals\/documenti\/st\/st-liberty-4220.pdf\">Liberty\u00a04220<\/a><\/li>\n<\/ul>\n<p>&nbsp;<\/p>\n","protected":false},"excerpt":{"rendered":"<p>&nbsp;<\/p>\n<p>&nbsp;<\/p>\n","protected":false},"featured_media":30740,"template":"","meta":{"_acf_changed":false},"product_brand":[882],"product_cat":[563,525,529,567],"product_tag":[618,640,664,678,729,695,841],"class_list":{"0":"post-20346","1":"product","2":"type-product","3":"status-publish","4":"has-post-thumbnail","6":"product_brand-pedrali-ca","7":"product_cat-exterior-ca","8":"product_cat-interior","9":"product_cat-taules","10":"product_cat-taules-exterior","11":"product_tag-contract-ca","12":"product_tag-exterior-ca","13":"product_tag-interior-ca","14":"product_tag-liberty-ca","15":"product_tag-pedrali-ca","16":"product_tag-taula","17":"product_tag-taula-exterior","18":"description-off","20":"first","21":"instock","22":"shipping-taxable","23":"product-type-simple"},"acf":[],"yoast_head":"<!-- This site is optimized with the Yoast SEO plugin v27.5 - https:\/\/yoast.com\/product\/yoast-seo-wordpress\/ -->\n<title>Taula Liberty, Pedrali- Navarro Aubanell<\/title>\n<meta name=\"description\" content=\"Taula Liberty: elegante base de hierro fundido arenado. Ideal para interiores y exteriores sofisticados, con acabados personalizables y dise\u00f1o atemporal.\" \/>\n<meta name=\"robots\" content=\"index, follow, max-snippet:-1, max-image-preview:large, max-video-preview:-1\" \/>\n<link rel=\"canonical\" href=\"https:\/\/www.navarroaubanell.com\/ca\/producte\/taula-liberty-pedrali-navarroaubanell\/\" \/>\n<meta property=\"og:locale\" content=\"ca_ES\" \/>\n<meta property=\"og:type\" content=\"article\" \/>\n<meta property=\"og:title\" content=\"Taula Liberty, Pedrali- Navarro Aubanell\" \/>\n<meta property=\"og:description\" content=\"Taula Liberty: elegante base de hierro fundido arenado. Ideal para interiores y exteriores sofisticados, con acabados personalizables y dise\u00f1o atemporal.\" \/>\n<meta property=\"og:url\" content=\"https:\/\/www.navarroaubanell.com\/ca\/producte\/taula-liberty-pedrali-navarroaubanell\/\" \/>\n<meta property=\"og:site_name\" content=\"Navarro Aubanell\" \/>\n<meta property=\"article:modified_time\" content=\"2024-10-01T14:15:10+00:00\" \/>\n<meta property=\"og:image\" content=\"https:\/\/www.navarroaubanell.com\/wp-content\/uploads\/2017\/11\/liberty6.jpg\" \/>\n\t<meta property=\"og:image:width\" content=\"800\" \/>\n\t<meta property=\"og:image:height\" content=\"650\" \/>\n\t<meta property=\"og:image:type\" content=\"image\/jpeg\" \/>\n<meta name=\"twitter:label1\" content=\"Est. reading time\" \/>\n\t<meta name=\"twitter:data1\" content=\"2 minutes\" \/>\n<script type=\"application\/ld+json\" class=\"yoast-schema-graph\">{\"@context\":\"https:\\\/\\\/schema.org\",\"@graph\":[{\"@type\":\"WebPage\",\"@id\":\"https:\\\/\\\/www.navarroaubanell.com\\\/ca\\\/producte\\\/taula-liberty-pedrali-navarroaubanell\\\/\",\"url\":\"https:\\\/\\\/www.navarroaubanell.com\\\/ca\\\/producte\\\/taula-liberty-pedrali-navarroaubanell\\\/\",\"name\":\"Taula Liberty, Pedrali- Navarro Aubanell\",\"isPartOf\":{\"@id\":\"https:\\\/\\\/www.navarroaubanell.com\\\/ca\\\/#website\"},\"primaryImageOfPage\":{\"@id\":\"https:\\\/\\\/www.navarroaubanell.com\\\/ca\\\/producte\\\/taula-liberty-pedrali-navarroaubanell\\\/#primaryimage\"},\"image\":{\"@id\":\"https:\\\/\\\/www.navarroaubanell.com\\\/ca\\\/producte\\\/taula-liberty-pedrali-navarroaubanell\\\/#primaryimage\"},\"thumbnailUrl\":\"https:\\\/\\\/www.navarroaubanell.com\\\/wp-content\\\/uploads\\\/2017\\\/11\\\/liberty6.jpg\",\"datePublished\":\"2017-11-06T08:37:05+00:00\",\"dateModified\":\"2024-10-01T14:15:10+00:00\",\"description\":\"Taula Liberty: elegante base de hierro fundido arenado. Ideal para interiores y exteriores sofisticados, con acabados personalizables y dise\u00f1o atemporal.\",\"breadcrumb\":{\"@id\":\"https:\\\/\\\/www.navarroaubanell.com\\\/ca\\\/producte\\\/taula-liberty-pedrali-navarroaubanell\\\/#breadcrumb\"},\"inLanguage\":\"ca\",\"potentialAction\":[{\"@type\":\"ReadAction\",\"target\":[\"https:\\\/\\\/www.navarroaubanell.com\\\/ca\\\/producte\\\/taula-liberty-pedrali-navarroaubanell\\\/\"]}]},{\"@type\":\"ImageObject\",\"inLanguage\":\"ca\",\"@id\":\"https:\\\/\\\/www.navarroaubanell.com\\\/ca\\\/producte\\\/taula-liberty-pedrali-navarroaubanell\\\/#primaryimage\",\"url\":\"https:\\\/\\\/www.navarroaubanell.com\\\/wp-content\\\/uploads\\\/2017\\\/11\\\/liberty6.jpg\",\"contentUrl\":\"https:\\\/\\\/www.navarroaubanell.com\\\/wp-content\\\/uploads\\\/2017\\\/11\\\/liberty6.jpg\",\"width\":800,\"height\":650,\"caption\":\"Taula Liberty\"},{\"@type\":\"BreadcrumbList\",\"@id\":\"https:\\\/\\\/www.navarroaubanell.com\\\/ca\\\/producte\\\/taula-liberty-pedrali-navarroaubanell\\\/#breadcrumb\",\"itemListElement\":[{\"@type\":\"ListItem\",\"position\":1,\"name\":\"Portada\",\"item\":\"https:\\\/\\\/www.navarroaubanell.com\\\/ca\\\/\"},{\"@type\":\"ListItem\",\"position\":2,\"name\":\"Productes\",\"item\":\"https:\\\/\\\/www.navarroaubanell.com\\\/productos\\\/\"},{\"@type\":\"ListItem\",\"position\":3,\"name\":\"Taula Liberty\"}]},{\"@type\":\"WebSite\",\"@id\":\"https:\\\/\\\/www.navarroaubanell.com\\\/ca\\\/#website\",\"url\":\"https:\\\/\\\/www.navarroaubanell.com\\\/ca\\\/\",\"name\":\"Navarro Aubanell\",\"description\":\"Mobiliario para hoteler\u00eda, colectividades y oficinas\",\"publisher\":{\"@id\":\"https:\\\/\\\/www.navarroaubanell.com\\\/ca\\\/#organization\"},\"potentialAction\":[{\"@type\":\"SearchAction\",\"target\":{\"@type\":\"EntryPoint\",\"urlTemplate\":\"https:\\\/\\\/www.navarroaubanell.com\\\/ca\\\/?s={search_term_string}\"},\"query-input\":{\"@type\":\"PropertyValueSpecification\",\"valueRequired\":true,\"valueName\":\"search_term_string\"}}],\"inLanguage\":\"ca\"},{\"@type\":\"Organization\",\"@id\":\"https:\\\/\\\/www.navarroaubanell.com\\\/ca\\\/#organization\",\"name\":\"COMERCIAL NAVARRO AUBANELL, S.A\",\"url\":\"https:\\\/\\\/www.navarroaubanell.com\\\/ca\\\/\",\"logo\":{\"@type\":\"ImageObject\",\"inLanguage\":\"ca\",\"@id\":\"https:\\\/\\\/www.navarroaubanell.com\\\/ca\\\/#\\\/schema\\\/logo\\\/image\\\/\",\"url\":\"https:\\\/\\\/www.navarroaubanell.com\\\/wp-content\\\/uploads\\\/2017\\\/07\\\/logo-navarro-aubuanell.png\",\"contentUrl\":\"https:\\\/\\\/www.navarroaubanell.com\\\/wp-content\\\/uploads\\\/2017\\\/07\\\/logo-navarro-aubuanell.png\",\"width\":6304,\"height\":1154,\"caption\":\"COMERCIAL NAVARRO AUBANELL, S.A\"},\"image\":{\"@id\":\"https:\\\/\\\/www.navarroaubanell.com\\\/ca\\\/#\\\/schema\\\/logo\\\/image\\\/\"}}]}<\/script>\n<!-- \/ Yoast SEO plugin. -->","yoast_head_json":{"title":"Taula Liberty, Pedrali- Navarro Aubanell","description":"Taula Liberty: elegante base de hierro fundido arenado. Ideal para interiores y exteriores sofisticados, con acabados personalizables y dise\u00f1o atemporal.","robots":{"index":"index","follow":"follow","max-snippet":"max-snippet:-1","max-image-preview":"max-image-preview:large","max-video-preview":"max-video-preview:-1"},"canonical":"https:\/\/www.navarroaubanell.com\/ca\/producte\/taula-liberty-pedrali-navarroaubanell\/","og_locale":"ca_ES","og_type":"article","og_title":"Taula Liberty, Pedrali- Navarro Aubanell","og_description":"Taula Liberty: elegante base de hierro fundido arenado. Ideal para interiores y exteriores sofisticados, con acabados personalizables y dise\u00f1o atemporal.","og_url":"https:\/\/www.navarroaubanell.com\/ca\/producte\/taula-liberty-pedrali-navarroaubanell\/","og_site_name":"Navarro Aubanell","article_modified_time":"2024-10-01T14:15:10+00:00","og_image":[{"width":800,"height":650,"url":"https:\/\/www.navarroaubanell.com\/wp-content\/uploads\/2017\/11\/liberty6.jpg","type":"image\/jpeg"}],"twitter_misc":{"Est. reading time":"2 minutes"},"schema":{"@context":"https:\/\/schema.org","@graph":[{"@type":"WebPage","@id":"https:\/\/www.navarroaubanell.com\/ca\/producte\/taula-liberty-pedrali-navarroaubanell\/","url":"https:\/\/www.navarroaubanell.com\/ca\/producte\/taula-liberty-pedrali-navarroaubanell\/","name":"Taula Liberty, Pedrali- Navarro Aubanell","isPartOf":{"@id":"https:\/\/www.navarroaubanell.com\/ca\/#website"},"primaryImageOfPage":{"@id":"https:\/\/www.navarroaubanell.com\/ca\/producte\/taula-liberty-pedrali-navarroaubanell\/#primaryimage"},"image":{"@id":"https:\/\/www.navarroaubanell.com\/ca\/producte\/taula-liberty-pedrali-navarroaubanell\/#primaryimage"},"thumbnailUrl":"https:\/\/www.navarroaubanell.com\/wp-content\/uploads\/2017\/11\/liberty6.jpg","datePublished":"2017-11-06T08:37:05+00:00","dateModified":"2024-10-01T14:15:10+00:00","description":"Taula Liberty: elegante base de hierro fundido arenado. Ideal para interiores y exteriores sofisticados, con acabados personalizables y dise\u00f1o atemporal.","breadcrumb":{"@id":"https:\/\/www.navarroaubanell.com\/ca\/producte\/taula-liberty-pedrali-navarroaubanell\/#breadcrumb"},"inLanguage":"ca","potentialAction":[{"@type":"ReadAction","target":["https:\/\/www.navarroaubanell.com\/ca\/producte\/taula-liberty-pedrali-navarroaubanell\/"]}]},{"@type":"ImageObject","inLanguage":"ca","@id":"https:\/\/www.navarroaubanell.com\/ca\/producte\/taula-liberty-pedrali-navarroaubanell\/#primaryimage","url":"https:\/\/www.navarroaubanell.com\/wp-content\/uploads\/2017\/11\/liberty6.jpg","contentUrl":"https:\/\/www.navarroaubanell.com\/wp-content\/uploads\/2017\/11\/liberty6.jpg","width":800,"height":650,"caption":"Taula Liberty"},{"@type":"BreadcrumbList","@id":"https:\/\/www.navarroaubanell.com\/ca\/producte\/taula-liberty-pedrali-navarroaubanell\/#breadcrumb","itemListElement":[{"@type":"ListItem","position":1,"name":"Portada","item":"https:\/\/www.navarroaubanell.com\/ca\/"},{"@type":"ListItem","position":2,"name":"Productes","item":"https:\/\/www.navarroaubanell.com\/productos\/"},{"@type":"ListItem","position":3,"name":"Taula Liberty"}]},{"@type":"WebSite","@id":"https:\/\/www.navarroaubanell.com\/ca\/#website","url":"https:\/\/www.navarroaubanell.com\/ca\/","name":"Navarro Aubanell","description":"Mobiliario para hoteler\u00eda, colectividades y oficinas","publisher":{"@id":"https:\/\/www.navarroaubanell.com\/ca\/#organization"},"potentialAction":[{"@type":"SearchAction","target":{"@type":"EntryPoint","urlTemplate":"https:\/\/www.navarroaubanell.com\/ca\/?s={search_term_string}"},"query-input":{"@type":"PropertyValueSpecification","valueRequired":true,"valueName":"search_term_string"}}],"inLanguage":"ca"},{"@type":"Organization","@id":"https:\/\/www.navarroaubanell.com\/ca\/#organization","name":"COMERCIAL NAVARRO AUBANELL, S.A","url":"https:\/\/www.navarroaubanell.com\/ca\/","logo":{"@type":"ImageObject","inLanguage":"ca","@id":"https:\/\/www.navarroaubanell.com\/ca\/#\/schema\/logo\/image\/","url":"https:\/\/www.navarroaubanell.com\/wp-content\/uploads\/2017\/07\/logo-navarro-aubuanell.png","contentUrl":"https:\/\/www.navarroaubanell.com\/wp-content\/uploads\/2017\/07\/logo-navarro-aubuanell.png","width":6304,"height":1154,"caption":"COMERCIAL NAVARRO AUBANELL, S.A"},"image":{"@id":"https:\/\/www.navarroaubanell.com\/ca\/#\/schema\/logo\/image\/"}}]}},"_links":{"self":[{"href":"https:\/\/www.navarroaubanell.com\/ca\/wp-json\/wp\/v2\/product\/20346","targetHints":{"allow":["GET"]}}],"collection":[{"href":"https:\/\/www.navarroaubanell.com\/ca\/wp-json\/wp\/v2\/product"}],"about":[{"href":"https:\/\/www.navarroaubanell.com\/ca\/wp-json\/wp\/v2\/types\/product"}],"wp:featuredmedia":[{"embeddable":true,"href":"https:\/\/www.navarroaubanell.com\/ca\/wp-json\/wp\/v2\/media\/30740"}],"wp:attachment":[{"href":"https:\/\/www.navarroaubanell.com\/ca\/wp-json\/wp\/v2\/media?parent=20346"}],"wp:term":[{"taxonomy":"product_brand","embeddable":true,"href":"https:\/\/www.navarroaubanell.com\/ca\/wp-json\/wp\/v2\/product_brand?post=20346"},{"taxonomy":"product_cat","embeddable":true,"href":"https:\/\/www.navarroaubanell.com\/ca\/wp-json\/wp\/v2\/product_cat?post=20346"},{"taxonomy":"product_tag","embeddable":true,"href":"https:\/\/www.navarroaubanell.com\/ca\/wp-json\/wp\/v2\/product_tag?post=20346"}],"curies":[{"name":"wp","href":"https:\/\/api.w.org\/{rel}","templated":true}]}}