{"id":20302,"date":"2017-11-09T16:15:41","date_gmt":"2017-11-09T16:15:41","guid":{"rendered":"https:\/\/www.navarroaubanell.com\/producto\/literatura-open\/"},"modified":"2020-03-13T09:40:49","modified_gmt":"2020-03-13T08:40:49","slug":"literatura-open","status":"publish","type":"product","link":"https:\/\/www.navarroaubanell.com\/ca\/producte\/literatura-open\/","title":{"rendered":"Prestatgeria Open"},"content":{"rendered":"<p>Col\u00b7lecci\u00f3 de prestatgeries amb carros, prestatgeries, aparadors i mobles de televisi\u00f3 inspirats en la cl\u00e0ssica i m\u00edtica prestatgeria &#8220;La Literatura&#8221; dissenyada en 1985 i guanyadora de premis i distincions com la selecci\u00f3 ADI FAD del 1986. Exhibida en Museus i amb una contribuci\u00f3 indiscutible a l&#8217;obtenci\u00f3 per punt del Premi Nacional de Disseny el 1997. Catalogada com un cl\u00e0ssic contemporani des de l&#8217;any 1997. El seu inconfusible carro sobre rodes ha servit durant d\u00e8cades per emmagatzemar infinitat de llibres, aix\u00ed com acollir l&#8217;era digital i integrar-se amb equilibri, bellesa i emoci\u00f3 en tot tipus d&#8217;arquitectura i interiorisme.<br \/>\nEn aquesta versi\u00f3, OPEN, dissenyada el 2014, els volums es tornen transparents i encara m\u00e9s lleugers, alhora que es poden incorporar contenidors i obrint-se la possibilitat de generar divisions d&#8217;ambients.<br \/>\nPrestatges fixos.<br \/>\nBase amb peus regulables.<\/p>\n","protected":false},"excerpt":{"rendered":"<p>&nbsp;<\/p>\n<p>&nbsp;<\/p>\n","protected":false},"featured_media":19984,"template":"","meta":{"_acf_changed":false},"product_brand":[894],"product_cat":[525],"product_tag":[618,800,679,733],"class_list":{"0":"post-20302","1":"product","2":"type-product","3":"status-publish","4":"has-post-thumbnail","6":"product_brand-punt-ca","7":"product_cat-interior","8":"product_tag-contract-ca","9":"product_tag-emmagatzematge","10":"product_tag-literatura-open-ca","11":"product_tag-punt-mobles-ca","12":"description-off","14":"first","15":"instock","16":"shipping-taxable","17":"product-type-simple"},"acf":[],"yoast_head":"<!-- This site is optimized with the Yoast SEO plugin v27.5 - https:\/\/yoast.com\/product\/yoast-seo-wordpress\/ -->\n<title>Literatura Open, de Punt Mobles - Navarro Aubanell<\/title>\n<meta name=\"description\" content=\"En aquesta versi\u00f3, OPEN, dissenyada el 2014, els volums es tornen transparents i encara m\u00e9s lleugers. Base amb peus regulables. Disseny de Punt Mobles.\" \/>\n<meta name=\"robots\" content=\"index, follow, max-snippet:-1, max-image-preview:large, max-video-preview:-1\" \/>\n<link rel=\"canonical\" href=\"https:\/\/www.navarroaubanell.com\/ca\/producte\/literatura-open\/\" \/>\n<meta property=\"og:locale\" content=\"ca_ES\" \/>\n<meta property=\"og:type\" content=\"article\" \/>\n<meta property=\"og:title\" content=\"Literatura Open, de Punt Mobles - Navarro Aubanell\" \/>\n<meta property=\"og:description\" content=\"En aquesta versi\u00f3, OPEN, dissenyada el 2014, els volums es tornen transparents i encara m\u00e9s lleugers. Base amb peus regulables. Disseny de Punt Mobles.\" \/>\n<meta property=\"og:url\" content=\"https:\/\/www.navarroaubanell.com\/ca\/producte\/literatura-open\/\" \/>\n<meta property=\"og:site_name\" content=\"Navarro Aubanell\" \/>\n<meta property=\"article:modified_time\" content=\"2020-03-13T08:40:49+00:00\" \/>\n<meta property=\"og:image\" content=\"https:\/\/www.navarroaubanell.com\/wp-content\/uploads\/2017\/11\/img-destacada-open.jpg\" \/>\n\t<meta property=\"og:image:width\" content=\"512\" \/>\n\t<meta property=\"og:image:height\" content=\"512\" \/>\n\t<meta property=\"og:image:type\" content=\"image\/jpeg\" \/>\n<meta name=\"twitter:label1\" content=\"Est. reading time\" \/>\n\t<meta name=\"twitter:data1\" content=\"1 minute\" \/>\n<script type=\"application\/ld+json\" class=\"yoast-schema-graph\">{\"@context\":\"https:\\\/\\\/schema.org\",\"@graph\":[{\"@type\":\"WebPage\",\"@id\":\"https:\\\/\\\/www.navarroaubanell.com\\\/ca\\\/producte\\\/literatura-open\\\/\",\"url\":\"https:\\\/\\\/www.navarroaubanell.com\\\/ca\\\/producte\\\/literatura-open\\\/\",\"name\":\"Literatura Open, de Punt Mobles - Navarro Aubanell\",\"isPartOf\":{\"@id\":\"https:\\\/\\\/www.navarroaubanell.com\\\/ca\\\/#website\"},\"primaryImageOfPage\":{\"@id\":\"https:\\\/\\\/www.navarroaubanell.com\\\/ca\\\/producte\\\/literatura-open\\\/#primaryimage\"},\"image\":{\"@id\":\"https:\\\/\\\/www.navarroaubanell.com\\\/ca\\\/producte\\\/literatura-open\\\/#primaryimage\"},\"thumbnailUrl\":\"https:\\\/\\\/www.navarroaubanell.com\\\/wp-content\\\/uploads\\\/2017\\\/11\\\/img-destacada-open.jpg\",\"datePublished\":\"2017-11-09T16:15:41+00:00\",\"dateModified\":\"2020-03-13T08:40:49+00:00\",\"description\":\"En aquesta versi\u00f3, OPEN, dissenyada el 2014, els volums es tornen transparents i encara m\u00e9s lleugers. Base amb peus regulables. Disseny de Punt Mobles.\",\"breadcrumb\":{\"@id\":\"https:\\\/\\\/www.navarroaubanell.com\\\/ca\\\/producte\\\/literatura-open\\\/#breadcrumb\"},\"inLanguage\":\"ca\",\"potentialAction\":[{\"@type\":\"ReadAction\",\"target\":[\"https:\\\/\\\/www.navarroaubanell.com\\\/ca\\\/producte\\\/literatura-open\\\/\"]}]},{\"@type\":\"ImageObject\",\"inLanguage\":\"ca\",\"@id\":\"https:\\\/\\\/www.navarroaubanell.com\\\/ca\\\/producte\\\/literatura-open\\\/#primaryimage\",\"url\":\"https:\\\/\\\/www.navarroaubanell.com\\\/wp-content\\\/uploads\\\/2017\\\/11\\\/img-destacada-open.jpg\",\"contentUrl\":\"https:\\\/\\\/www.navarroaubanell.com\\\/wp-content\\\/uploads\\\/2017\\\/11\\\/img-destacada-open.jpg\",\"width\":512,\"height\":512},{\"@type\":\"BreadcrumbList\",\"@id\":\"https:\\\/\\\/www.navarroaubanell.com\\\/ca\\\/producte\\\/literatura-open\\\/#breadcrumb\",\"itemListElement\":[{\"@type\":\"ListItem\",\"position\":1,\"name\":\"Portada\",\"item\":\"https:\\\/\\\/www.navarroaubanell.com\\\/ca\\\/\"},{\"@type\":\"ListItem\",\"position\":2,\"name\":\"Productes\",\"item\":\"https:\\\/\\\/www.navarroaubanell.com\\\/productos\\\/\"},{\"@type\":\"ListItem\",\"position\":3,\"name\":\"Prestatgeria Open\"}]},{\"@type\":\"WebSite\",\"@id\":\"https:\\\/\\\/www.navarroaubanell.com\\\/ca\\\/#website\",\"url\":\"https:\\\/\\\/www.navarroaubanell.com\\\/ca\\\/\",\"name\":\"Navarro Aubanell\",\"description\":\"Mobiliario para hoteler\u00eda, colectividades y oficinas\",\"publisher\":{\"@id\":\"https:\\\/\\\/www.navarroaubanell.com\\\/ca\\\/#organization\"},\"potentialAction\":[{\"@type\":\"SearchAction\",\"target\":{\"@type\":\"EntryPoint\",\"urlTemplate\":\"https:\\\/\\\/www.navarroaubanell.com\\\/ca\\\/?s={search_term_string}\"},\"query-input\":{\"@type\":\"PropertyValueSpecification\",\"valueRequired\":true,\"valueName\":\"search_term_string\"}}],\"inLanguage\":\"ca\"},{\"@type\":\"Organization\",\"@id\":\"https:\\\/\\\/www.navarroaubanell.com\\\/ca\\\/#organization\",\"name\":\"COMERCIAL NAVARRO AUBANELL, S.A\",\"url\":\"https:\\\/\\\/www.navarroaubanell.com\\\/ca\\\/\",\"logo\":{\"@type\":\"ImageObject\",\"inLanguage\":\"ca\",\"@id\":\"https:\\\/\\\/www.navarroaubanell.com\\\/ca\\\/#\\\/schema\\\/logo\\\/image\\\/\",\"url\":\"https:\\\/\\\/www.navarroaubanell.com\\\/wp-content\\\/uploads\\\/2017\\\/07\\\/logo-navarro-aubuanell.png\",\"contentUrl\":\"https:\\\/\\\/www.navarroaubanell.com\\\/wp-content\\\/uploads\\\/2017\\\/07\\\/logo-navarro-aubuanell.png\",\"width\":6304,\"height\":1154,\"caption\":\"COMERCIAL NAVARRO AUBANELL, S.A\"},\"image\":{\"@id\":\"https:\\\/\\\/www.navarroaubanell.com\\\/ca\\\/#\\\/schema\\\/logo\\\/image\\\/\"}}]}<\/script>\n<!-- \/ Yoast SEO plugin. -->","yoast_head_json":{"title":"Literatura Open, de Punt Mobles - Navarro Aubanell","description":"En aquesta versi\u00f3, OPEN, dissenyada el 2014, els volums es tornen transparents i encara m\u00e9s lleugers. Base amb peus regulables. Disseny de Punt Mobles.","robots":{"index":"index","follow":"follow","max-snippet":"max-snippet:-1","max-image-preview":"max-image-preview:large","max-video-preview":"max-video-preview:-1"},"canonical":"https:\/\/www.navarroaubanell.com\/ca\/producte\/literatura-open\/","og_locale":"ca_ES","og_type":"article","og_title":"Literatura Open, de Punt Mobles - Navarro Aubanell","og_description":"En aquesta versi\u00f3, OPEN, dissenyada el 2014, els volums es tornen transparents i encara m\u00e9s lleugers. Base amb peus regulables. Disseny de Punt Mobles.","og_url":"https:\/\/www.navarroaubanell.com\/ca\/producte\/literatura-open\/","og_site_name":"Navarro Aubanell","article_modified_time":"2020-03-13T08:40:49+00:00","og_image":[{"width":512,"height":512,"url":"https:\/\/www.navarroaubanell.com\/wp-content\/uploads\/2017\/11\/img-destacada-open.jpg","type":"image\/jpeg"}],"twitter_misc":{"Est. reading time":"1 minute"},"schema":{"@context":"https:\/\/schema.org","@graph":[{"@type":"WebPage","@id":"https:\/\/www.navarroaubanell.com\/ca\/producte\/literatura-open\/","url":"https:\/\/www.navarroaubanell.com\/ca\/producte\/literatura-open\/","name":"Literatura Open, de Punt Mobles - Navarro Aubanell","isPartOf":{"@id":"https:\/\/www.navarroaubanell.com\/ca\/#website"},"primaryImageOfPage":{"@id":"https:\/\/www.navarroaubanell.com\/ca\/producte\/literatura-open\/#primaryimage"},"image":{"@id":"https:\/\/www.navarroaubanell.com\/ca\/producte\/literatura-open\/#primaryimage"},"thumbnailUrl":"https:\/\/www.navarroaubanell.com\/wp-content\/uploads\/2017\/11\/img-destacada-open.jpg","datePublished":"2017-11-09T16:15:41+00:00","dateModified":"2020-03-13T08:40:49+00:00","description":"En aquesta versi\u00f3, OPEN, dissenyada el 2014, els volums es tornen transparents i encara m\u00e9s lleugers. Base amb peus regulables. Disseny de Punt Mobles.","breadcrumb":{"@id":"https:\/\/www.navarroaubanell.com\/ca\/producte\/literatura-open\/#breadcrumb"},"inLanguage":"ca","potentialAction":[{"@type":"ReadAction","target":["https:\/\/www.navarroaubanell.com\/ca\/producte\/literatura-open\/"]}]},{"@type":"ImageObject","inLanguage":"ca","@id":"https:\/\/www.navarroaubanell.com\/ca\/producte\/literatura-open\/#primaryimage","url":"https:\/\/www.navarroaubanell.com\/wp-content\/uploads\/2017\/11\/img-destacada-open.jpg","contentUrl":"https:\/\/www.navarroaubanell.com\/wp-content\/uploads\/2017\/11\/img-destacada-open.jpg","width":512,"height":512},{"@type":"BreadcrumbList","@id":"https:\/\/www.navarroaubanell.com\/ca\/producte\/literatura-open\/#breadcrumb","itemListElement":[{"@type":"ListItem","position":1,"name":"Portada","item":"https:\/\/www.navarroaubanell.com\/ca\/"},{"@type":"ListItem","position":2,"name":"Productes","item":"https:\/\/www.navarroaubanell.com\/productos\/"},{"@type":"ListItem","position":3,"name":"Prestatgeria Open"}]},{"@type":"WebSite","@id":"https:\/\/www.navarroaubanell.com\/ca\/#website","url":"https:\/\/www.navarroaubanell.com\/ca\/","name":"Navarro Aubanell","description":"Mobiliario para hoteler\u00eda, colectividades y oficinas","publisher":{"@id":"https:\/\/www.navarroaubanell.com\/ca\/#organization"},"potentialAction":[{"@type":"SearchAction","target":{"@type":"EntryPoint","urlTemplate":"https:\/\/www.navarroaubanell.com\/ca\/?s={search_term_string}"},"query-input":{"@type":"PropertyValueSpecification","valueRequired":true,"valueName":"search_term_string"}}],"inLanguage":"ca"},{"@type":"Organization","@id":"https:\/\/www.navarroaubanell.com\/ca\/#organization","name":"COMERCIAL NAVARRO AUBANELL, S.A","url":"https:\/\/www.navarroaubanell.com\/ca\/","logo":{"@type":"ImageObject","inLanguage":"ca","@id":"https:\/\/www.navarroaubanell.com\/ca\/#\/schema\/logo\/image\/","url":"https:\/\/www.navarroaubanell.com\/wp-content\/uploads\/2017\/07\/logo-navarro-aubuanell.png","contentUrl":"https:\/\/www.navarroaubanell.com\/wp-content\/uploads\/2017\/07\/logo-navarro-aubuanell.png","width":6304,"height":1154,"caption":"COMERCIAL NAVARRO AUBANELL, S.A"},"image":{"@id":"https:\/\/www.navarroaubanell.com\/ca\/#\/schema\/logo\/image\/"}}]}},"_links":{"self":[{"href":"https:\/\/www.navarroaubanell.com\/ca\/wp-json\/wp\/v2\/product\/20302","targetHints":{"allow":["GET"]}}],"collection":[{"href":"https:\/\/www.navarroaubanell.com\/ca\/wp-json\/wp\/v2\/product"}],"about":[{"href":"https:\/\/www.navarroaubanell.com\/ca\/wp-json\/wp\/v2\/types\/product"}],"wp:featuredmedia":[{"embeddable":true,"href":"https:\/\/www.navarroaubanell.com\/ca\/wp-json\/wp\/v2\/media\/19984"}],"wp:attachment":[{"href":"https:\/\/www.navarroaubanell.com\/ca\/wp-json\/wp\/v2\/media?parent=20302"}],"wp:term":[{"taxonomy":"product_brand","embeddable":true,"href":"https:\/\/www.navarroaubanell.com\/ca\/wp-json\/wp\/v2\/product_brand?post=20302"},{"taxonomy":"product_cat","embeddable":true,"href":"https:\/\/www.navarroaubanell.com\/ca\/wp-json\/wp\/v2\/product_cat?post=20302"},{"taxonomy":"product_tag","embeddable":true,"href":"https:\/\/www.navarroaubanell.com\/ca\/wp-json\/wp\/v2\/product_tag?post=20302"}],"curies":[{"name":"wp","href":"https:\/\/api.w.org\/{rel}","templated":true}]}}