{"id":20297,"date":"2017-07-24T15:16:26","date_gmt":"2017-07-24T13:16:26","guid":{"rendered":"https:\/\/www.navarroaubanell.com\/producto\/eclipse\/"},"modified":"2025-02-13T12:55:28","modified_gmt":"2025-02-13T11:55:28","slug":"mesa-auxiliar-eclipse-stua-navarroaubanell","status":"publish","type":"product","link":"https:\/\/www.navarroaubanell.com\/ca\/producte\/mesa-auxiliar-eclipse-stua-navarroaubanell\/","title":{"rendered":"Taula auxiliar Eclipse"},"content":{"rendered":"<div class=\"flex max-w-full flex-col flex-grow\">\n<div class=\"min-h-8 text-message flex w-full flex-col items-end gap-2 whitespace-normal break-words text-start [.text-message+&amp;]:mt-5\" dir=\"auto\" data-message-author-role=\"assistant\" data-message-id=\"45ea73f1-36b8-483d-8af0-f0f993217f46\" data-message-model-slug=\"gpt-4o\">\n<div class=\"flex w-full flex-col gap-1 empty:hidden first:pt-[3px]\">\n<div class=\"markdown prose w-full break-words dark:prose-invert light\">\n<h5 data-start=\"0\" data-end=\"52\">Taula auxiliar Eclipse, disseny natural i vers\u00e0til<\/h5>\n<div class=\"traductor-textarea form-group\">\n<div class=\"textarea-desti col-xs-12 col-sm-6\">\n<div class=\"form-control second-textarea\">La taula auxiliar Eclipse, de la reconeguda marca Stua, est\u00e0 inspirada en les formes org\u00e0niques de la naturalesa, creant una est\u00e8tica fluida i \u00fanica. El m\u00e9s interessant \u00e9s com les taules m\u00e9s petites poden ocultar-se sota les m\u00e9s grans, de manera similar als eclipsis naturals, generant un conjunt din\u00e0mic i canviant.<\/div>\n<\/div>\n<\/div>\n<h6 data-start=\"526\" data-end=\"572\">Configuracions creatives i personalitzades<\/h6>\n<div class=\"traductor-textarea form-group\">\n<div class=\"textarea-desti col-xs-12 col-sm-6\">\n<div class=\"form-control second-textarea\">Les taules Eclipse permeten total llibertat creativa al moment de disposar-les. Les diferents siluetes dels sobres s\u00f3n complement\u00e0ries, la qual cosa ofereix infinites possibilitats per a crear configuracions originals.<\/div>\n<\/div>\n<\/div>\n<h6 data-start=\"918\" data-end=\"961\">Estructura robusta i acabats elegants<\/h6>\n<div class=\"traductor-textarea form-group\">\n<div class=\"textarea-desti col-xs-12 col-sm-6\">\n<div class=\"form-control second-textarea\">L&#8217;estructura de la taula est\u00e0 fabricada en acer resistent, assegurant una durabilitat prolongada. A m\u00e9s, est\u00e0 disponible en acabats de crom mat o negre, la qual cosa permet integrar-les f\u00e0cilment en diferents estils decoratius. El feltre incorporat protegeix tant la taula com el terra, cuidant de cada detall.<\/div>\n<\/div>\n<\/div>\n<h6 data-start=\"1285\" data-end=\"1319\">Varietat d&#8217;acabats i mesures<\/h6>\n<div class=\"traductor-textarea form-group\">\n<div class=\"textarea-desti col-xs-12 col-sm-6\">\n<div class=\"form-control second-textarea\">Els sobres de les taules estan disponibles en quatre acabats: noguera natural, roure natural, freixe tenyit en gris c\u00e0lid o tapa lacada blanca. Aquests tons harmoniosos s&#8217;integren perfectament entre si i amb l&#8217;entorn. Amb quatre grand\u00e0ries distintes, Eclipse es converteix en l&#8217;opci\u00f3 ideal per als qui busquen una taula auxiliar funcional i elegant.<\/div>\n<\/div>\n<\/div>\n<\/div>\n<\/div>\n<\/div>\n<\/div>\n","protected":false},"excerpt":{"rendered":"<p>Taula auxiliar Eclipse, disseny natural i vers\u00e0til La taula auxiliar Eclipse, de la reconeguda marca Stua, est\u00e0 inspirada en les formes org\u00e0niques de la naturalesa, creant una est\u00e8tica fluida i \u00fanica. El m\u00e9s interessant \u00e9s com les taules m\u00e9s petites poden ocultar-se sota les m\u00e9s grans, de manera similar als eclipsis naturals, generant un conjunt&hellip;<\/p>\n","protected":false},"featured_media":44626,"template":"","meta":{"_acf_changed":false},"product_brand":[883],"product_cat":[525,530],"product_tag":[618,633,945,664,764,696],"class_list":{"0":"post-20297","1":"product","2":"type-product","3":"status-publish","4":"has-post-thumbnail","6":"product_brand-stua-ca","7":"product_cat-interior","8":"product_cat-taules-auxiliars","9":"product_tag-contract-ca","10":"product_tag-eclipse-ca","11":"product_tag-madera-ca","12":"product_tag-interior-ca","13":"product_tag-stua-ca","14":"product_tag-taula-auxiliar","15":"description-off","17":"first","18":"instock","19":"featured","20":"shipping-taxable","21":"product-type-simple"},"acf":[],"yoast_head":"<!-- This site is optimized with the Yoast SEO plugin v27.0 - https:\/\/yoast.com\/product\/yoast-seo-wordpress\/ -->\n<title>Taula auxiliar Eclipse, STUA- Navarro Aubanell<\/title>\n<meta name=\"description\" content=\"Taula auxiliar Eclipse de Stua: disseny org\u00e0nic, estructura d&#039;acer, acabats elegants i configuracions personalitzables en formes i grand\u00e0ries.\" \/>\n<meta name=\"robots\" content=\"index, follow, max-snippet:-1, max-image-preview:large, max-video-preview:-1\" \/>\n<link rel=\"canonical\" href=\"https:\/\/www.navarroaubanell.com\/ca\/producte\/mesa-auxiliar-eclipse-stua-navarroaubanell\/\" \/>\n<meta property=\"og:locale\" content=\"ca_ES\" \/>\n<meta property=\"og:type\" content=\"article\" \/>\n<meta property=\"og:title\" content=\"Taula auxiliar Eclipse, STUA- Navarro Aubanell\" \/>\n<meta property=\"og:description\" content=\"Taula auxiliar Eclipse de Stua: disseny org\u00e0nic, estructura d&#039;acer, acabats elegants i configuracions personalitzables en formes i grand\u00e0ries.\" \/>\n<meta property=\"og:url\" content=\"https:\/\/www.navarroaubanell.com\/ca\/producte\/mesa-auxiliar-eclipse-stua-navarroaubanell\/\" \/>\n<meta property=\"og:site_name\" content=\"Navarro Aubanell\" \/>\n<meta property=\"article:modified_time\" content=\"2025-02-13T11:55:28+00:00\" \/>\n<meta property=\"og:image\" content=\"https:\/\/www.navarroaubanell.com\/wp-content\/uploads\/2017\/07\/stua_ecliple_nesting_tables_3d_model_c4d_max_obj_fbx_ma_lwo_3ds_3dm_stl_3103982.jpg\" \/>\n\t<meta property=\"og:image:width\" content=\"1280\" \/>\n\t<meta property=\"og:image:height\" content=\"1040\" \/>\n\t<meta property=\"og:image:type\" content=\"image\/jpeg\" \/>\n<meta name=\"twitter:label1\" content=\"Est. reading time\" \/>\n\t<meta name=\"twitter:data1\" content=\"2 minutes\" \/>\n<script type=\"application\/ld+json\" class=\"yoast-schema-graph\">{\"@context\":\"https:\/\/schema.org\",\"@graph\":[{\"@type\":\"WebPage\",\"@id\":\"https:\/\/www.navarroaubanell.com\/ca\/producte\/mesa-auxiliar-eclipse-stua-navarroaubanell\/\",\"url\":\"https:\/\/www.navarroaubanell.com\/ca\/producte\/mesa-auxiliar-eclipse-stua-navarroaubanell\/\",\"name\":\"Taula auxiliar Eclipse, STUA- Navarro Aubanell\",\"isPartOf\":{\"@id\":\"https:\/\/www.navarroaubanell.com\/ca\/#website\"},\"primaryImageOfPage\":{\"@id\":\"https:\/\/www.navarroaubanell.com\/ca\/producte\/mesa-auxiliar-eclipse-stua-navarroaubanell\/#primaryimage\"},\"image\":{\"@id\":\"https:\/\/www.navarroaubanell.com\/ca\/producte\/mesa-auxiliar-eclipse-stua-navarroaubanell\/#primaryimage\"},\"thumbnailUrl\":\"https:\/\/www.navarroaubanell.com\/wp-content\/uploads\/2017\/07\/stua_ecliple_nesting_tables_3d_model_c4d_max_obj_fbx_ma_lwo_3ds_3dm_stl_3103982.jpg\",\"datePublished\":\"2017-07-24T13:16:26+00:00\",\"dateModified\":\"2025-02-13T11:55:28+00:00\",\"description\":\"Taula auxiliar Eclipse de Stua: disseny org\u00e0nic, estructura d'acer, acabats elegants i configuracions personalitzables en formes i grand\u00e0ries.\",\"breadcrumb\":{\"@id\":\"https:\/\/www.navarroaubanell.com\/ca\/producte\/mesa-auxiliar-eclipse-stua-navarroaubanell\/#breadcrumb\"},\"inLanguage\":\"ca\",\"potentialAction\":[{\"@type\":\"ReadAction\",\"target\":[\"https:\/\/www.navarroaubanell.com\/ca\/producte\/mesa-auxiliar-eclipse-stua-navarroaubanell\/\"]}]},{\"@type\":\"ImageObject\",\"inLanguage\":\"ca\",\"@id\":\"https:\/\/www.navarroaubanell.com\/ca\/producte\/mesa-auxiliar-eclipse-stua-navarroaubanell\/#primaryimage\",\"url\":\"https:\/\/www.navarroaubanell.com\/wp-content\/uploads\/2017\/07\/stua_ecliple_nesting_tables_3d_model_c4d_max_obj_fbx_ma_lwo_3ds_3dm_stl_3103982.jpg\",\"contentUrl\":\"https:\/\/www.navarroaubanell.com\/wp-content\/uploads\/2017\/07\/stua_ecliple_nesting_tables_3d_model_c4d_max_obj_fbx_ma_lwo_3ds_3dm_stl_3103982.jpg\",\"width\":1280,\"height\":1040,\"caption\":\"Mesa Auxiliar Eclipse\"},{\"@type\":\"BreadcrumbList\",\"@id\":\"https:\/\/www.navarroaubanell.com\/ca\/producte\/mesa-auxiliar-eclipse-stua-navarroaubanell\/#breadcrumb\",\"itemListElement\":[{\"@type\":\"ListItem\",\"position\":1,\"name\":\"Portada\",\"item\":\"https:\/\/www.navarroaubanell.com\/ca\/\"},{\"@type\":\"ListItem\",\"position\":2,\"name\":\"Productes\",\"item\":\"https:\/\/www.navarroaubanell.com\/productos\/\"},{\"@type\":\"ListItem\",\"position\":3,\"name\":\"Taula auxiliar Eclipse\"}]},{\"@type\":\"WebSite\",\"@id\":\"https:\/\/www.navarroaubanell.com\/ca\/#website\",\"url\":\"https:\/\/www.navarroaubanell.com\/ca\/\",\"name\":\"Navarro Aubanell\",\"description\":\"Mobiliario para hoteler\u00eda, colectividades y oficinas\",\"publisher\":{\"@id\":\"https:\/\/www.navarroaubanell.com\/ca\/#organization\"},\"potentialAction\":[{\"@type\":\"SearchAction\",\"target\":{\"@type\":\"EntryPoint\",\"urlTemplate\":\"https:\/\/www.navarroaubanell.com\/ca\/?s={search_term_string}\"},\"query-input\":{\"@type\":\"PropertyValueSpecification\",\"valueRequired\":true,\"valueName\":\"search_term_string\"}}],\"inLanguage\":\"ca\"},{\"@type\":\"Organization\",\"@id\":\"https:\/\/www.navarroaubanell.com\/ca\/#organization\",\"name\":\"COMERCIAL NAVARRO AUBANELL, S.A\",\"url\":\"https:\/\/www.navarroaubanell.com\/ca\/\",\"logo\":{\"@type\":\"ImageObject\",\"inLanguage\":\"ca\",\"@id\":\"https:\/\/www.navarroaubanell.com\/ca\/#\/schema\/logo\/image\/\",\"url\":\"https:\/\/www.navarroaubanell.com\/wp-content\/uploads\/2017\/07\/logo-navarro-aubuanell.png\",\"contentUrl\":\"https:\/\/www.navarroaubanell.com\/wp-content\/uploads\/2017\/07\/logo-navarro-aubuanell.png\",\"width\":6304,\"height\":1154,\"caption\":\"COMERCIAL NAVARRO AUBANELL, S.A\"},\"image\":{\"@id\":\"https:\/\/www.navarroaubanell.com\/ca\/#\/schema\/logo\/image\/\"}}]}<\/script>\n<!-- \/ Yoast SEO plugin. -->","yoast_head_json":{"title":"Taula auxiliar Eclipse, STUA- Navarro Aubanell","description":"Taula auxiliar Eclipse de Stua: disseny org\u00e0nic, estructura d'acer, acabats elegants i configuracions personalitzables en formes i grand\u00e0ries.","robots":{"index":"index","follow":"follow","max-snippet":"max-snippet:-1","max-image-preview":"max-image-preview:large","max-video-preview":"max-video-preview:-1"},"canonical":"https:\/\/www.navarroaubanell.com\/ca\/producte\/mesa-auxiliar-eclipse-stua-navarroaubanell\/","og_locale":"ca_ES","og_type":"article","og_title":"Taula auxiliar Eclipse, STUA- Navarro Aubanell","og_description":"Taula auxiliar Eclipse de Stua: disseny org\u00e0nic, estructura d'acer, acabats elegants i configuracions personalitzables en formes i grand\u00e0ries.","og_url":"https:\/\/www.navarroaubanell.com\/ca\/producte\/mesa-auxiliar-eclipse-stua-navarroaubanell\/","og_site_name":"Navarro Aubanell","article_modified_time":"2025-02-13T11:55:28+00:00","og_image":[{"width":1280,"height":1040,"url":"https:\/\/www.navarroaubanell.com\/wp-content\/uploads\/2017\/07\/stua_ecliple_nesting_tables_3d_model_c4d_max_obj_fbx_ma_lwo_3ds_3dm_stl_3103982.jpg","type":"image\/jpeg"}],"twitter_misc":{"Est. reading time":"2 minutes"},"schema":{"@context":"https:\/\/schema.org","@graph":[{"@type":"WebPage","@id":"https:\/\/www.navarroaubanell.com\/ca\/producte\/mesa-auxiliar-eclipse-stua-navarroaubanell\/","url":"https:\/\/www.navarroaubanell.com\/ca\/producte\/mesa-auxiliar-eclipse-stua-navarroaubanell\/","name":"Taula auxiliar Eclipse, STUA- Navarro Aubanell","isPartOf":{"@id":"https:\/\/www.navarroaubanell.com\/ca\/#website"},"primaryImageOfPage":{"@id":"https:\/\/www.navarroaubanell.com\/ca\/producte\/mesa-auxiliar-eclipse-stua-navarroaubanell\/#primaryimage"},"image":{"@id":"https:\/\/www.navarroaubanell.com\/ca\/producte\/mesa-auxiliar-eclipse-stua-navarroaubanell\/#primaryimage"},"thumbnailUrl":"https:\/\/www.navarroaubanell.com\/wp-content\/uploads\/2017\/07\/stua_ecliple_nesting_tables_3d_model_c4d_max_obj_fbx_ma_lwo_3ds_3dm_stl_3103982.jpg","datePublished":"2017-07-24T13:16:26+00:00","dateModified":"2025-02-13T11:55:28+00:00","description":"Taula auxiliar Eclipse de Stua: disseny org\u00e0nic, estructura d'acer, acabats elegants i configuracions personalitzables en formes i grand\u00e0ries.","breadcrumb":{"@id":"https:\/\/www.navarroaubanell.com\/ca\/producte\/mesa-auxiliar-eclipse-stua-navarroaubanell\/#breadcrumb"},"inLanguage":"ca","potentialAction":[{"@type":"ReadAction","target":["https:\/\/www.navarroaubanell.com\/ca\/producte\/mesa-auxiliar-eclipse-stua-navarroaubanell\/"]}]},{"@type":"ImageObject","inLanguage":"ca","@id":"https:\/\/www.navarroaubanell.com\/ca\/producte\/mesa-auxiliar-eclipse-stua-navarroaubanell\/#primaryimage","url":"https:\/\/www.navarroaubanell.com\/wp-content\/uploads\/2017\/07\/stua_ecliple_nesting_tables_3d_model_c4d_max_obj_fbx_ma_lwo_3ds_3dm_stl_3103982.jpg","contentUrl":"https:\/\/www.navarroaubanell.com\/wp-content\/uploads\/2017\/07\/stua_ecliple_nesting_tables_3d_model_c4d_max_obj_fbx_ma_lwo_3ds_3dm_stl_3103982.jpg","width":1280,"height":1040,"caption":"Mesa Auxiliar Eclipse"},{"@type":"BreadcrumbList","@id":"https:\/\/www.navarroaubanell.com\/ca\/producte\/mesa-auxiliar-eclipse-stua-navarroaubanell\/#breadcrumb","itemListElement":[{"@type":"ListItem","position":1,"name":"Portada","item":"https:\/\/www.navarroaubanell.com\/ca\/"},{"@type":"ListItem","position":2,"name":"Productes","item":"https:\/\/www.navarroaubanell.com\/productos\/"},{"@type":"ListItem","position":3,"name":"Taula auxiliar Eclipse"}]},{"@type":"WebSite","@id":"https:\/\/www.navarroaubanell.com\/ca\/#website","url":"https:\/\/www.navarroaubanell.com\/ca\/","name":"Navarro Aubanell","description":"Mobiliario para hoteler\u00eda, colectividades y oficinas","publisher":{"@id":"https:\/\/www.navarroaubanell.com\/ca\/#organization"},"potentialAction":[{"@type":"SearchAction","target":{"@type":"EntryPoint","urlTemplate":"https:\/\/www.navarroaubanell.com\/ca\/?s={search_term_string}"},"query-input":{"@type":"PropertyValueSpecification","valueRequired":true,"valueName":"search_term_string"}}],"inLanguage":"ca"},{"@type":"Organization","@id":"https:\/\/www.navarroaubanell.com\/ca\/#organization","name":"COMERCIAL NAVARRO AUBANELL, S.A","url":"https:\/\/www.navarroaubanell.com\/ca\/","logo":{"@type":"ImageObject","inLanguage":"ca","@id":"https:\/\/www.navarroaubanell.com\/ca\/#\/schema\/logo\/image\/","url":"https:\/\/www.navarroaubanell.com\/wp-content\/uploads\/2017\/07\/logo-navarro-aubuanell.png","contentUrl":"https:\/\/www.navarroaubanell.com\/wp-content\/uploads\/2017\/07\/logo-navarro-aubuanell.png","width":6304,"height":1154,"caption":"COMERCIAL NAVARRO AUBANELL, S.A"},"image":{"@id":"https:\/\/www.navarroaubanell.com\/ca\/#\/schema\/logo\/image\/"}}]}},"_links":{"self":[{"href":"https:\/\/www.navarroaubanell.com\/ca\/wp-json\/wp\/v2\/product\/20297","targetHints":{"allow":["GET"]}}],"collection":[{"href":"https:\/\/www.navarroaubanell.com\/ca\/wp-json\/wp\/v2\/product"}],"about":[{"href":"https:\/\/www.navarroaubanell.com\/ca\/wp-json\/wp\/v2\/types\/product"}],"wp:featuredmedia":[{"embeddable":true,"href":"https:\/\/www.navarroaubanell.com\/ca\/wp-json\/wp\/v2\/media\/44626"}],"wp:attachment":[{"href":"https:\/\/www.navarroaubanell.com\/ca\/wp-json\/wp\/v2\/media?parent=20297"}],"wp:term":[{"taxonomy":"product_brand","embeddable":true,"href":"https:\/\/www.navarroaubanell.com\/ca\/wp-json\/wp\/v2\/product_brand?post=20297"},{"taxonomy":"product_cat","embeddable":true,"href":"https:\/\/www.navarroaubanell.com\/ca\/wp-json\/wp\/v2\/product_cat?post=20297"},{"taxonomy":"product_tag","embeddable":true,"href":"https:\/\/www.navarroaubanell.com\/ca\/wp-json\/wp\/v2\/product_tag?post=20297"}],"curies":[{"name":"wp","href":"https:\/\/api.w.org\/{rel}","templated":true}]}}