{"id":20296,"date":"2017-07-24T13:47:16","date_gmt":"2017-07-24T13:47:16","guid":{"rendered":"https:\/\/www.navarroaubanell.com\/producto\/arki-stool-arkw6\/"},"modified":"2024-07-29T11:12:36","modified_gmt":"2024-07-29T09:12:36","slug":"tamboret-arki-pedrali-navarroaubanell","status":"publish","type":"product","link":"https:\/\/www.navarroaubanell.com\/ca\/producte\/tamboret-arki-pedrali-navarroaubanell\/","title":{"rendered":"Tamboret Arki"},"content":{"rendered":"<h6>Descobreix Arki-Stool: L&#8217;Evoluci\u00f3 de la Tradici\u00f3 i el Disseny Industrial<\/h6>\n<p>El <strong>tamboret Arki<\/strong>, honra l&#8217;her\u00e8ncia de la <a href=\"https:\/\/www.navarroaubanell.com\/producto\/familia-arki-pedrali-navarroaubanell\/\">fam\u00edlia Arki<\/a> en reinventar l&#8217;estil industrial amb una funcionalitat moderna i elegant. Aquest tamboret no \u00e9s nom\u00e9s un seient, \u00e9s una pe\u00e7a mestra que fusiona la tradici\u00f3 amb la innovaci\u00f3.<\/p>\n<h6>Disseny i Funcionalitat Perfectament Combinats<\/h6>\n<p>El<strong> tamboret Arki<\/strong> presenta un seient i potes elaborades en roure mass\u00eds, brindant una robustesa i una est\u00e8tica natural inigualables. La seva caracter\u00edstica girat\u00f2ria, juntament amb un sistema d&#8217;elevaci\u00f3 de gas, permet ajustar l&#8217;altura de manera senzilla i c\u00f2moda, adaptant-se a qualsevol entorn i necessitat.<\/p>\n<h6>Detalls que Marquen la Difer\u00e8ncia<\/h6>\n<p>El reposapeus de tub d&#8217;acer de \u00d820 mm, no sols afegeix un toc modern sin\u00f3 que tamb\u00e9 garanteix la durabilitat. Aquest detall met\u00e0l\u00b7lic crea un contrast visualment atractiu amb la calidesa de la fusta, culminant en un disseny harmoni\u00f3s.<\/p>\n<h6>Protecci\u00f3 i Durabilitat<\/h6>\n<p>Cada<strong> tamboret Arki<\/strong> est\u00e0 tractat amb una pintura a base d&#8217;aigua amb acabat mat i f\u00f3rmula antiesgarrapades, assegurant la seva resist\u00e8ncia i longevitat. Tamb\u00e9 ofereix una opci\u00f3 lacada de porus obert en color negre, perfecta per als qui busquen un estil m\u00e9s auda\u00e7.<\/p>\n<h6>Suport S\u00f2lid i Vers\u00e0til<\/h6>\n<p>El suport del seient, juntament amb el propi seient, estan fabricats en fosa d&#8217;alumini, oferint una estructura ferma i lleugera a la vegada. A m\u00e9s, l&#8217;acabat en vern\u00eds en pols tant del reposapeus com el suport, proporciona una capa addicional de protecci\u00f3 i la possibilitat de personalitzar els colors segons les teves prefer\u00e8ncies.<\/p>\n<h6>Cura del Pis<\/h6>\n<p>El<strong> tamboret Arki<\/strong> inclou uns tacs amb inserci\u00f3 intercanviable de feltre, ideals per a pisos delicats com a fusta, cer\u00e0mica o marbre. Tamb\u00e9 disposa d&#8217;insercions de pl\u00e0stic per a s\u00f2ls suaus com a moquetes i catifes, i per a superf\u00edcies aspres com a formig\u00f3 i metall, assegurant que el teu tamboret s&#8217;adapti perfectament a qualsevol tipus de pis.<\/p>\n<h6>Diferents models<\/h6>\n<ul>\n<li><a href=\"https:\/\/cdn-assets.pedrali.com\/media\/pedrali\/media\/assets\/originals\/documenti\/st\/st-arki-stool-arkw8-arkw6.pdf\">ARKW6:<\/a> tamboret alt amb potes de roure mass\u00eds<\/li>\n<li><a href=\"https:\/\/cdn-assets.pedrali.com\/media\/pedrali\/media\/assets\/originals\/documenti\/st\/st-arki-stool-arkw8-2-arkw6-2.pdf\">ARKW6\/2:<\/a> tamboret alt amb potes de roure mass\u00eds amb seient embuatat<\/li>\n<li><a href=\"https:\/\/cdn-assets.pedrali.com\/media\/pedrali\/media\/assets\/originals\/documenti\/st\/st-arki-stool-arkw8-arkw6.pdf\">ARKW8:<\/a> tamboret baix amb potes de roure mass\u00eds<\/li>\n<li><a href=\"https:\/\/cdn-assets.pedrali.com\/media\/pedrali\/media\/assets\/originals\/documenti\/st\/st-arki-stool-arkw8-2-arkw6-2.pdf\">ARKW8\/2<\/a>: tamboret baix amb potes de roure mass\u00eds amb seient embuatat<\/li>\n<\/ul>\n<h6>Arki-Stool: On la Tradici\u00f3 es Troba amb la Innovaci\u00f3<\/h6>\n<p>Eleva el teu espai amb l&#8217;equilibri perfecte entre tradici\u00f3 i modernitat que nom\u00e9s el <strong>tamboret Arki<\/strong> pot oferir. Experimenta el disseny, la funcionalitat i la qualitat en una sola pe\u00e7a.<\/p>\n","protected":false},"excerpt":{"rendered":"<p>&nbsp;<\/p>\n<p>&nbsp;<\/p>\n","protected":false},"featured_media":36119,"template":"","meta":{"_acf_changed":false},"product_brand":[882],"product_cat":[525,538],"product_tag":[1224,618,945,664,729,769],"class_list":{"0":"post-20296","1":"product","2":"type-product","3":"status-publish","4":"has-post-thumbnail","6":"product_brand-pedrali-ca","7":"product_cat-interior","8":"product_cat-tamborets","9":"product_tag-arki-ca","10":"product_tag-contract-ca","11":"product_tag-madera-ca","12":"product_tag-interior-ca","13":"product_tag-pedrali-ca","14":"product_tag-tamboret","15":"description-off","17":"first","18":"instock","19":"shipping-taxable","20":"product-type-simple"},"acf":[],"yoast_head":"<!-- This site is optimized with the Yoast SEO plugin v27.0 - https:\/\/yoast.com\/product\/yoast-seo-wordpress\/ -->\n<title>Tamboret Arki, Pedrali - Navarro Aubanell<\/title>\n<meta name=\"description\" content=\"Tamboret Arki: roure mass\u00eds, giratori amb ajust d&#039;altura i reposapeus d&#039;acer. Combina dissenyo industrial i funcionalitat moderna.\" \/>\n<meta name=\"robots\" content=\"index, follow, max-snippet:-1, max-image-preview:large, max-video-preview:-1\" \/>\n<link rel=\"canonical\" href=\"https:\/\/www.navarroaubanell.com\/ca\/producte\/tamboret-arki-pedrali-navarroaubanell\/\" \/>\n<meta property=\"og:locale\" content=\"ca_ES\" \/>\n<meta property=\"og:type\" content=\"article\" \/>\n<meta property=\"og:title\" content=\"Tamboret Arki, Pedrali - Navarro Aubanell\" \/>\n<meta property=\"og:description\" content=\"Tamboret Arki: roure mass\u00eds, giratori amb ajust d&#039;altura i reposapeus d&#039;acer. Combina dissenyo industrial i funcionalitat moderna.\" \/>\n<meta property=\"og:url\" content=\"https:\/\/www.navarroaubanell.com\/ca\/producte\/tamboret-arki-pedrali-navarroaubanell\/\" \/>\n<meta property=\"og:site_name\" content=\"Navarro Aubanell\" \/>\n<meta property=\"article:modified_time\" content=\"2024-07-29T09:12:36+00:00\" \/>\n<meta property=\"og:image\" content=\"https:\/\/www.navarroaubanell.com\/wp-content\/uploads\/2017\/07\/Taburete-ARKW-6.png\" \/>\n\t<meta property=\"og:image:width\" content=\"881\" \/>\n\t<meta property=\"og:image:height\" content=\"1181\" \/>\n\t<meta property=\"og:image:type\" content=\"image\/png\" \/>\n<meta name=\"twitter:label1\" content=\"Est. reading time\" \/>\n\t<meta name=\"twitter:data1\" content=\"2 minutes\" \/>\n<script type=\"application\/ld+json\" class=\"yoast-schema-graph\">{\"@context\":\"https:\/\/schema.org\",\"@graph\":[{\"@type\":\"WebPage\",\"@id\":\"https:\/\/www.navarroaubanell.com\/ca\/producte\/tamboret-arki-pedrali-navarroaubanell\/\",\"url\":\"https:\/\/www.navarroaubanell.com\/ca\/producte\/tamboret-arki-pedrali-navarroaubanell\/\",\"name\":\"Tamboret Arki, Pedrali - Navarro Aubanell\",\"isPartOf\":{\"@id\":\"https:\/\/www.navarroaubanell.com\/ca\/#website\"},\"primaryImageOfPage\":{\"@id\":\"https:\/\/www.navarroaubanell.com\/ca\/producte\/tamboret-arki-pedrali-navarroaubanell\/#primaryimage\"},\"image\":{\"@id\":\"https:\/\/www.navarroaubanell.com\/ca\/producte\/tamboret-arki-pedrali-navarroaubanell\/#primaryimage\"},\"thumbnailUrl\":\"https:\/\/www.navarroaubanell.com\/wp-content\/uploads\/2017\/07\/Taburete-ARKW-6.png\",\"datePublished\":\"2017-07-24T13:47:16+00:00\",\"dateModified\":\"2024-07-29T09:12:36+00:00\",\"description\":\"Tamboret Arki: roure mass\u00eds, giratori amb ajust d'altura i reposapeus d'acer. Combina dissenyo industrial i funcionalitat moderna.\",\"breadcrumb\":{\"@id\":\"https:\/\/www.navarroaubanell.com\/ca\/producte\/tamboret-arki-pedrali-navarroaubanell\/#breadcrumb\"},\"inLanguage\":\"ca\",\"potentialAction\":[{\"@type\":\"ReadAction\",\"target\":[\"https:\/\/www.navarroaubanell.com\/ca\/producte\/tamboret-arki-pedrali-navarroaubanell\/\"]}]},{\"@type\":\"ImageObject\",\"inLanguage\":\"ca\",\"@id\":\"https:\/\/www.navarroaubanell.com\/ca\/producte\/tamboret-arki-pedrali-navarroaubanell\/#primaryimage\",\"url\":\"https:\/\/www.navarroaubanell.com\/wp-content\/uploads\/2017\/07\/Taburete-ARKW-6.png\",\"contentUrl\":\"https:\/\/www.navarroaubanell.com\/wp-content\/uploads\/2017\/07\/Taburete-ARKW-6.png\",\"width\":881,\"height\":1181,\"caption\":\"Taburete ARKW 6\"},{\"@type\":\"BreadcrumbList\",\"@id\":\"https:\/\/www.navarroaubanell.com\/ca\/producte\/tamboret-arki-pedrali-navarroaubanell\/#breadcrumb\",\"itemListElement\":[{\"@type\":\"ListItem\",\"position\":1,\"name\":\"Portada\",\"item\":\"https:\/\/www.navarroaubanell.com\/ca\/\"},{\"@type\":\"ListItem\",\"position\":2,\"name\":\"Productes\",\"item\":\"https:\/\/www.navarroaubanell.com\/productos\/\"},{\"@type\":\"ListItem\",\"position\":3,\"name\":\"Tamboret Arki\"}]},{\"@type\":\"WebSite\",\"@id\":\"https:\/\/www.navarroaubanell.com\/ca\/#website\",\"url\":\"https:\/\/www.navarroaubanell.com\/ca\/\",\"name\":\"Navarro Aubanell\",\"description\":\"Mobiliario para hoteler\u00eda, colectividades y oficinas\",\"publisher\":{\"@id\":\"https:\/\/www.navarroaubanell.com\/ca\/#organization\"},\"potentialAction\":[{\"@type\":\"SearchAction\",\"target\":{\"@type\":\"EntryPoint\",\"urlTemplate\":\"https:\/\/www.navarroaubanell.com\/ca\/?s={search_term_string}\"},\"query-input\":{\"@type\":\"PropertyValueSpecification\",\"valueRequired\":true,\"valueName\":\"search_term_string\"}}],\"inLanguage\":\"ca\"},{\"@type\":\"Organization\",\"@id\":\"https:\/\/www.navarroaubanell.com\/ca\/#organization\",\"name\":\"COMERCIAL NAVARRO AUBANELL, S.A\",\"url\":\"https:\/\/www.navarroaubanell.com\/ca\/\",\"logo\":{\"@type\":\"ImageObject\",\"inLanguage\":\"ca\",\"@id\":\"https:\/\/www.navarroaubanell.com\/ca\/#\/schema\/logo\/image\/\",\"url\":\"https:\/\/www.navarroaubanell.com\/wp-content\/uploads\/2017\/07\/logo-navarro-aubuanell.png\",\"contentUrl\":\"https:\/\/www.navarroaubanell.com\/wp-content\/uploads\/2017\/07\/logo-navarro-aubuanell.png\",\"width\":6304,\"height\":1154,\"caption\":\"COMERCIAL NAVARRO AUBANELL, S.A\"},\"image\":{\"@id\":\"https:\/\/www.navarroaubanell.com\/ca\/#\/schema\/logo\/image\/\"}}]}<\/script>\n<!-- \/ Yoast SEO plugin. -->","yoast_head_json":{"title":"Tamboret Arki, Pedrali - Navarro Aubanell","description":"Tamboret Arki: roure mass\u00eds, giratori amb ajust d'altura i reposapeus d'acer. Combina dissenyo industrial i funcionalitat moderna.","robots":{"index":"index","follow":"follow","max-snippet":"max-snippet:-1","max-image-preview":"max-image-preview:large","max-video-preview":"max-video-preview:-1"},"canonical":"https:\/\/www.navarroaubanell.com\/ca\/producte\/tamboret-arki-pedrali-navarroaubanell\/","og_locale":"ca_ES","og_type":"article","og_title":"Tamboret Arki, Pedrali - Navarro Aubanell","og_description":"Tamboret Arki: roure mass\u00eds, giratori amb ajust d'altura i reposapeus d'acer. Combina dissenyo industrial i funcionalitat moderna.","og_url":"https:\/\/www.navarroaubanell.com\/ca\/producte\/tamboret-arki-pedrali-navarroaubanell\/","og_site_name":"Navarro Aubanell","article_modified_time":"2024-07-29T09:12:36+00:00","og_image":[{"width":881,"height":1181,"url":"https:\/\/www.navarroaubanell.com\/wp-content\/uploads\/2017\/07\/Taburete-ARKW-6.png","type":"image\/png"}],"twitter_misc":{"Est. reading time":"2 minutes"},"schema":{"@context":"https:\/\/schema.org","@graph":[{"@type":"WebPage","@id":"https:\/\/www.navarroaubanell.com\/ca\/producte\/tamboret-arki-pedrali-navarroaubanell\/","url":"https:\/\/www.navarroaubanell.com\/ca\/producte\/tamboret-arki-pedrali-navarroaubanell\/","name":"Tamboret Arki, Pedrali - Navarro Aubanell","isPartOf":{"@id":"https:\/\/www.navarroaubanell.com\/ca\/#website"},"primaryImageOfPage":{"@id":"https:\/\/www.navarroaubanell.com\/ca\/producte\/tamboret-arki-pedrali-navarroaubanell\/#primaryimage"},"image":{"@id":"https:\/\/www.navarroaubanell.com\/ca\/producte\/tamboret-arki-pedrali-navarroaubanell\/#primaryimage"},"thumbnailUrl":"https:\/\/www.navarroaubanell.com\/wp-content\/uploads\/2017\/07\/Taburete-ARKW-6.png","datePublished":"2017-07-24T13:47:16+00:00","dateModified":"2024-07-29T09:12:36+00:00","description":"Tamboret Arki: roure mass\u00eds, giratori amb ajust d'altura i reposapeus d'acer. Combina dissenyo industrial i funcionalitat moderna.","breadcrumb":{"@id":"https:\/\/www.navarroaubanell.com\/ca\/producte\/tamboret-arki-pedrali-navarroaubanell\/#breadcrumb"},"inLanguage":"ca","potentialAction":[{"@type":"ReadAction","target":["https:\/\/www.navarroaubanell.com\/ca\/producte\/tamboret-arki-pedrali-navarroaubanell\/"]}]},{"@type":"ImageObject","inLanguage":"ca","@id":"https:\/\/www.navarroaubanell.com\/ca\/producte\/tamboret-arki-pedrali-navarroaubanell\/#primaryimage","url":"https:\/\/www.navarroaubanell.com\/wp-content\/uploads\/2017\/07\/Taburete-ARKW-6.png","contentUrl":"https:\/\/www.navarroaubanell.com\/wp-content\/uploads\/2017\/07\/Taburete-ARKW-6.png","width":881,"height":1181,"caption":"Taburete ARKW 6"},{"@type":"BreadcrumbList","@id":"https:\/\/www.navarroaubanell.com\/ca\/producte\/tamboret-arki-pedrali-navarroaubanell\/#breadcrumb","itemListElement":[{"@type":"ListItem","position":1,"name":"Portada","item":"https:\/\/www.navarroaubanell.com\/ca\/"},{"@type":"ListItem","position":2,"name":"Productes","item":"https:\/\/www.navarroaubanell.com\/productos\/"},{"@type":"ListItem","position":3,"name":"Tamboret Arki"}]},{"@type":"WebSite","@id":"https:\/\/www.navarroaubanell.com\/ca\/#website","url":"https:\/\/www.navarroaubanell.com\/ca\/","name":"Navarro Aubanell","description":"Mobiliario para hoteler\u00eda, colectividades y oficinas","publisher":{"@id":"https:\/\/www.navarroaubanell.com\/ca\/#organization"},"potentialAction":[{"@type":"SearchAction","target":{"@type":"EntryPoint","urlTemplate":"https:\/\/www.navarroaubanell.com\/ca\/?s={search_term_string}"},"query-input":{"@type":"PropertyValueSpecification","valueRequired":true,"valueName":"search_term_string"}}],"inLanguage":"ca"},{"@type":"Organization","@id":"https:\/\/www.navarroaubanell.com\/ca\/#organization","name":"COMERCIAL NAVARRO AUBANELL, S.A","url":"https:\/\/www.navarroaubanell.com\/ca\/","logo":{"@type":"ImageObject","inLanguage":"ca","@id":"https:\/\/www.navarroaubanell.com\/ca\/#\/schema\/logo\/image\/","url":"https:\/\/www.navarroaubanell.com\/wp-content\/uploads\/2017\/07\/logo-navarro-aubuanell.png","contentUrl":"https:\/\/www.navarroaubanell.com\/wp-content\/uploads\/2017\/07\/logo-navarro-aubuanell.png","width":6304,"height":1154,"caption":"COMERCIAL NAVARRO AUBANELL, S.A"},"image":{"@id":"https:\/\/www.navarroaubanell.com\/ca\/#\/schema\/logo\/image\/"}}]}},"_links":{"self":[{"href":"https:\/\/www.navarroaubanell.com\/ca\/wp-json\/wp\/v2\/product\/20296","targetHints":{"allow":["GET"]}}],"collection":[{"href":"https:\/\/www.navarroaubanell.com\/ca\/wp-json\/wp\/v2\/product"}],"about":[{"href":"https:\/\/www.navarroaubanell.com\/ca\/wp-json\/wp\/v2\/types\/product"}],"wp:featuredmedia":[{"embeddable":true,"href":"https:\/\/www.navarroaubanell.com\/ca\/wp-json\/wp\/v2\/media\/36119"}],"wp:attachment":[{"href":"https:\/\/www.navarroaubanell.com\/ca\/wp-json\/wp\/v2\/media?parent=20296"}],"wp:term":[{"taxonomy":"product_brand","embeddable":true,"href":"https:\/\/www.navarroaubanell.com\/ca\/wp-json\/wp\/v2\/product_brand?post=20296"},{"taxonomy":"product_cat","embeddable":true,"href":"https:\/\/www.navarroaubanell.com\/ca\/wp-json\/wp\/v2\/product_cat?post=20296"},{"taxonomy":"product_tag","embeddable":true,"href":"https:\/\/www.navarroaubanell.com\/ca\/wp-json\/wp\/v2\/product_tag?post=20296"}],"curies":[{"name":"wp","href":"https:\/\/api.w.org\/{rel}","templated":true}]}}