{"id":20281,"date":"2017-09-21T09:46:41","date_gmt":"2017-09-21T09:46:41","guid":{"rendered":"https:\/\/www.navarroaubanell.com\/producto\/momo-3\/"},"modified":"2020-10-22T15:08:41","modified_gmt":"2020-10-22T13:08:41","slug":"momo-3","status":"publish","type":"product","link":"https:\/\/www.navarroaubanell.com\/ca\/producte\/momo-3\/","title":{"rendered":"Tamboret Momo Net 3"},"content":{"rendered":"<p class=\"p1\">MOMO NET 3 \u00e9s una col\u00b7lecci\u00f3 completament de metall i apilable. \u00c9s la natural evoluci\u00f3 de les versions MOMO NET 1 i MOMO NET 2, a on l&#8217;al\u00e7ada de la cadira puja fins 75cm. Aquest tamboret \u00e9s apropiat per a una gran varietat d&#8217;ambients i per a qualsevol tipus d&#8217;\u00fas. La seva estructura tubular, refor\u00e7ada en aquest cas per la seva barra reposapeus, s&#8217;afegeix una robustesa que permet a aquest article la utilitat m\u00e9s rude.<\/p>\n","protected":false},"excerpt":{"rendered":"<p>MOMO NET 3 \u00e9s una col\u00b7lecci\u00f3 completament de metall i apilable. \u00c9s la natural evoluci\u00f3 de les versions MOMO NET 1 i MOMO NET 2, a on l&#8217;al\u00e7ada de la cadira puja fins 75cm. Aquest tamboret \u00e9s apropiat per a una gran varietat d&#8217;ambients i per a qualsevol tipus d&#8217;\u00fas. La seva estructura tubular, refor\u00e7ada&hellip;<\/p>\n","protected":false},"featured_media":29508,"template":"","meta":{"_acf_changed":false},"product_brand":[889],"product_cat":[563,525,538,574],"product_tag":[606,618,684,720,769],"class_list":{"0":"post-20281","1":"product","2":"type-product","3":"status-publish","4":"has-post-thumbnail","6":"product_brand-colos-ca","7":"product_cat-exterior-ca","8":"product_cat-interior","9":"product_cat-tamborets","10":"product_cat-tamborets-exterior","11":"product_tag-colos-ca","12":"product_tag-contract-ca","13":"product_tag-momo-ca","14":"product_tag-outdoor-ca","15":"product_tag-tamboret","16":"description-off","18":"first","19":"instock","20":"shipping-taxable","21":"product-type-simple"},"acf":[],"yoast_head":"<!-- This site is optimized with the Yoast SEO plugin v27.0 - https:\/\/yoast.com\/product\/yoast-seo-wordpress\/ -->\n<title>Tamboret Momo, de la prestigiosa firma Colos - Navarro Aubanell<\/title>\n<meta name=\"description\" content=\"MOMO NET 3 \u00e9s una col\u00b7lecci\u00f3 completament de metall i apilable. \u00c9s la natural evoluci\u00f3 de les versions MOMO 1 i MOMO 2. Disseny de la prestigiosa firma Colos.\" \/>\n<meta name=\"robots\" content=\"index, follow, max-snippet:-1, max-image-preview:large, max-video-preview:-1\" \/>\n<link rel=\"canonical\" href=\"https:\/\/www.navarroaubanell.com\/ca\/producte\/momo-3\/\" \/>\n<meta property=\"og:locale\" content=\"ca_ES\" \/>\n<meta property=\"og:type\" content=\"article\" \/>\n<meta property=\"og:title\" content=\"Tamboret Momo, de la prestigiosa firma Colos - Navarro Aubanell\" \/>\n<meta property=\"og:description\" content=\"MOMO NET 3 \u00e9s una col\u00b7lecci\u00f3 completament de metall i apilable. \u00c9s la natural evoluci\u00f3 de les versions MOMO 1 i MOMO 2. Disseny de la prestigiosa firma Colos.\" \/>\n<meta property=\"og:url\" content=\"https:\/\/www.navarroaubanell.com\/ca\/producte\/momo-3\/\" \/>\n<meta property=\"og:site_name\" content=\"Navarro Aubanell\" \/>\n<meta property=\"article:modified_time\" content=\"2020-10-22T13:08:41+00:00\" \/>\n<meta property=\"og:image\" content=\"https:\/\/www.navarroaubanell.com\/wp-content\/uploads\/2017\/09\/TABURETE-MOMO-NET-01.jpg\" \/>\n\t<meta property=\"og:image:width\" content=\"800\" \/>\n\t<meta property=\"og:image:height\" content=\"650\" \/>\n\t<meta property=\"og:image:type\" content=\"image\/jpeg\" \/>\n<script type=\"application\/ld+json\" class=\"yoast-schema-graph\">{\"@context\":\"https:\/\/schema.org\",\"@graph\":[{\"@type\":\"WebPage\",\"@id\":\"https:\/\/www.navarroaubanell.com\/ca\/producte\/momo-3\/\",\"url\":\"https:\/\/www.navarroaubanell.com\/ca\/producte\/momo-3\/\",\"name\":\"Tamboret Momo, de la prestigiosa firma Colos - Navarro Aubanell\",\"isPartOf\":{\"@id\":\"https:\/\/www.navarroaubanell.com\/ca\/#website\"},\"primaryImageOfPage\":{\"@id\":\"https:\/\/www.navarroaubanell.com\/ca\/producte\/momo-3\/#primaryimage\"},\"image\":{\"@id\":\"https:\/\/www.navarroaubanell.com\/ca\/producte\/momo-3\/#primaryimage\"},\"thumbnailUrl\":\"https:\/\/www.navarroaubanell.com\/wp-content\/uploads\/2017\/09\/TABURETE-MOMO-NET-01.jpg\",\"datePublished\":\"2017-09-21T09:46:41+00:00\",\"dateModified\":\"2020-10-22T13:08:41+00:00\",\"description\":\"MOMO NET 3 \u00e9s una col\u00b7lecci\u00f3 completament de metall i apilable. \u00c9s la natural evoluci\u00f3 de les versions MOMO 1 i MOMO 2. Disseny de la prestigiosa firma Colos.\",\"breadcrumb\":{\"@id\":\"https:\/\/www.navarroaubanell.com\/ca\/producte\/momo-3\/#breadcrumb\"},\"inLanguage\":\"ca\",\"potentialAction\":[{\"@type\":\"ReadAction\",\"target\":[\"https:\/\/www.navarroaubanell.com\/ca\/producte\/momo-3\/\"]}]},{\"@type\":\"ImageObject\",\"inLanguage\":\"ca\",\"@id\":\"https:\/\/www.navarroaubanell.com\/ca\/producte\/momo-3\/#primaryimage\",\"url\":\"https:\/\/www.navarroaubanell.com\/wp-content\/uploads\/2017\/09\/TABURETE-MOMO-NET-01.jpg\",\"contentUrl\":\"https:\/\/www.navarroaubanell.com\/wp-content\/uploads\/2017\/09\/TABURETE-MOMO-NET-01.jpg\",\"width\":800,\"height\":650},{\"@type\":\"BreadcrumbList\",\"@id\":\"https:\/\/www.navarroaubanell.com\/ca\/producte\/momo-3\/#breadcrumb\",\"itemListElement\":[{\"@type\":\"ListItem\",\"position\":1,\"name\":\"Portada\",\"item\":\"https:\/\/www.navarroaubanell.com\/ca\/\"},{\"@type\":\"ListItem\",\"position\":2,\"name\":\"Productes\",\"item\":\"https:\/\/www.navarroaubanell.com\/productos\/\"},{\"@type\":\"ListItem\",\"position\":3,\"name\":\"Tamboret Momo Net 3\"}]},{\"@type\":\"WebSite\",\"@id\":\"https:\/\/www.navarroaubanell.com\/ca\/#website\",\"url\":\"https:\/\/www.navarroaubanell.com\/ca\/\",\"name\":\"Navarro Aubanell\",\"description\":\"Mobiliario para hoteler\u00eda, colectividades y oficinas\",\"publisher\":{\"@id\":\"https:\/\/www.navarroaubanell.com\/ca\/#organization\"},\"potentialAction\":[{\"@type\":\"SearchAction\",\"target\":{\"@type\":\"EntryPoint\",\"urlTemplate\":\"https:\/\/www.navarroaubanell.com\/ca\/?s={search_term_string}\"},\"query-input\":{\"@type\":\"PropertyValueSpecification\",\"valueRequired\":true,\"valueName\":\"search_term_string\"}}],\"inLanguage\":\"ca\"},{\"@type\":\"Organization\",\"@id\":\"https:\/\/www.navarroaubanell.com\/ca\/#organization\",\"name\":\"COMERCIAL NAVARRO AUBANELL, S.A\",\"url\":\"https:\/\/www.navarroaubanell.com\/ca\/\",\"logo\":{\"@type\":\"ImageObject\",\"inLanguage\":\"ca\",\"@id\":\"https:\/\/www.navarroaubanell.com\/ca\/#\/schema\/logo\/image\/\",\"url\":\"https:\/\/www.navarroaubanell.com\/wp-content\/uploads\/2017\/07\/logo-navarro-aubuanell.png\",\"contentUrl\":\"https:\/\/www.navarroaubanell.com\/wp-content\/uploads\/2017\/07\/logo-navarro-aubuanell.png\",\"width\":6304,\"height\":1154,\"caption\":\"COMERCIAL NAVARRO AUBANELL, S.A\"},\"image\":{\"@id\":\"https:\/\/www.navarroaubanell.com\/ca\/#\/schema\/logo\/image\/\"}}]}<\/script>\n<!-- \/ Yoast SEO plugin. -->","yoast_head_json":{"title":"Tamboret Momo, de la prestigiosa firma Colos - Navarro Aubanell","description":"MOMO NET 3 \u00e9s una col\u00b7lecci\u00f3 completament de metall i apilable. \u00c9s la natural evoluci\u00f3 de les versions MOMO 1 i MOMO 2. Disseny de la prestigiosa firma Colos.","robots":{"index":"index","follow":"follow","max-snippet":"max-snippet:-1","max-image-preview":"max-image-preview:large","max-video-preview":"max-video-preview:-1"},"canonical":"https:\/\/www.navarroaubanell.com\/ca\/producte\/momo-3\/","og_locale":"ca_ES","og_type":"article","og_title":"Tamboret Momo, de la prestigiosa firma Colos - Navarro Aubanell","og_description":"MOMO NET 3 \u00e9s una col\u00b7lecci\u00f3 completament de metall i apilable. \u00c9s la natural evoluci\u00f3 de les versions MOMO 1 i MOMO 2. Disseny de la prestigiosa firma Colos.","og_url":"https:\/\/www.navarroaubanell.com\/ca\/producte\/momo-3\/","og_site_name":"Navarro Aubanell","article_modified_time":"2020-10-22T13:08:41+00:00","og_image":[{"width":800,"height":650,"url":"https:\/\/www.navarroaubanell.com\/wp-content\/uploads\/2017\/09\/TABURETE-MOMO-NET-01.jpg","type":"image\/jpeg"}],"schema":{"@context":"https:\/\/schema.org","@graph":[{"@type":"WebPage","@id":"https:\/\/www.navarroaubanell.com\/ca\/producte\/momo-3\/","url":"https:\/\/www.navarroaubanell.com\/ca\/producte\/momo-3\/","name":"Tamboret Momo, de la prestigiosa firma Colos - Navarro Aubanell","isPartOf":{"@id":"https:\/\/www.navarroaubanell.com\/ca\/#website"},"primaryImageOfPage":{"@id":"https:\/\/www.navarroaubanell.com\/ca\/producte\/momo-3\/#primaryimage"},"image":{"@id":"https:\/\/www.navarroaubanell.com\/ca\/producte\/momo-3\/#primaryimage"},"thumbnailUrl":"https:\/\/www.navarroaubanell.com\/wp-content\/uploads\/2017\/09\/TABURETE-MOMO-NET-01.jpg","datePublished":"2017-09-21T09:46:41+00:00","dateModified":"2020-10-22T13:08:41+00:00","description":"MOMO NET 3 \u00e9s una col\u00b7lecci\u00f3 completament de metall i apilable. \u00c9s la natural evoluci\u00f3 de les versions MOMO 1 i MOMO 2. Disseny de la prestigiosa firma Colos.","breadcrumb":{"@id":"https:\/\/www.navarroaubanell.com\/ca\/producte\/momo-3\/#breadcrumb"},"inLanguage":"ca","potentialAction":[{"@type":"ReadAction","target":["https:\/\/www.navarroaubanell.com\/ca\/producte\/momo-3\/"]}]},{"@type":"ImageObject","inLanguage":"ca","@id":"https:\/\/www.navarroaubanell.com\/ca\/producte\/momo-3\/#primaryimage","url":"https:\/\/www.navarroaubanell.com\/wp-content\/uploads\/2017\/09\/TABURETE-MOMO-NET-01.jpg","contentUrl":"https:\/\/www.navarroaubanell.com\/wp-content\/uploads\/2017\/09\/TABURETE-MOMO-NET-01.jpg","width":800,"height":650},{"@type":"BreadcrumbList","@id":"https:\/\/www.navarroaubanell.com\/ca\/producte\/momo-3\/#breadcrumb","itemListElement":[{"@type":"ListItem","position":1,"name":"Portada","item":"https:\/\/www.navarroaubanell.com\/ca\/"},{"@type":"ListItem","position":2,"name":"Productes","item":"https:\/\/www.navarroaubanell.com\/productos\/"},{"@type":"ListItem","position":3,"name":"Tamboret Momo Net 3"}]},{"@type":"WebSite","@id":"https:\/\/www.navarroaubanell.com\/ca\/#website","url":"https:\/\/www.navarroaubanell.com\/ca\/","name":"Navarro Aubanell","description":"Mobiliario para hoteler\u00eda, colectividades y oficinas","publisher":{"@id":"https:\/\/www.navarroaubanell.com\/ca\/#organization"},"potentialAction":[{"@type":"SearchAction","target":{"@type":"EntryPoint","urlTemplate":"https:\/\/www.navarroaubanell.com\/ca\/?s={search_term_string}"},"query-input":{"@type":"PropertyValueSpecification","valueRequired":true,"valueName":"search_term_string"}}],"inLanguage":"ca"},{"@type":"Organization","@id":"https:\/\/www.navarroaubanell.com\/ca\/#organization","name":"COMERCIAL NAVARRO AUBANELL, S.A","url":"https:\/\/www.navarroaubanell.com\/ca\/","logo":{"@type":"ImageObject","inLanguage":"ca","@id":"https:\/\/www.navarroaubanell.com\/ca\/#\/schema\/logo\/image\/","url":"https:\/\/www.navarroaubanell.com\/wp-content\/uploads\/2017\/07\/logo-navarro-aubuanell.png","contentUrl":"https:\/\/www.navarroaubanell.com\/wp-content\/uploads\/2017\/07\/logo-navarro-aubuanell.png","width":6304,"height":1154,"caption":"COMERCIAL NAVARRO AUBANELL, S.A"},"image":{"@id":"https:\/\/www.navarroaubanell.com\/ca\/#\/schema\/logo\/image\/"}}]}},"_links":{"self":[{"href":"https:\/\/www.navarroaubanell.com\/ca\/wp-json\/wp\/v2\/product\/20281","targetHints":{"allow":["GET"]}}],"collection":[{"href":"https:\/\/www.navarroaubanell.com\/ca\/wp-json\/wp\/v2\/product"}],"about":[{"href":"https:\/\/www.navarroaubanell.com\/ca\/wp-json\/wp\/v2\/types\/product"}],"wp:featuredmedia":[{"embeddable":true,"href":"https:\/\/www.navarroaubanell.com\/ca\/wp-json\/wp\/v2\/media\/29508"}],"wp:attachment":[{"href":"https:\/\/www.navarroaubanell.com\/ca\/wp-json\/wp\/v2\/media?parent=20281"}],"wp:term":[{"taxonomy":"product_brand","embeddable":true,"href":"https:\/\/www.navarroaubanell.com\/ca\/wp-json\/wp\/v2\/product_brand?post=20281"},{"taxonomy":"product_cat","embeddable":true,"href":"https:\/\/www.navarroaubanell.com\/ca\/wp-json\/wp\/v2\/product_cat?post=20281"},{"taxonomy":"product_tag","embeddable":true,"href":"https:\/\/www.navarroaubanell.com\/ca\/wp-json\/wp\/v2\/product_tag?post=20281"}],"curies":[{"name":"wp","href":"https:\/\/api.w.org\/{rel}","templated":true}]}}