{"id":20278,"date":"2017-09-26T07:18:09","date_gmt":"2017-09-26T07:18:09","guid":{"rendered":"https:\/\/www.navarroaubanell.com\/producto\/diana\/"},"modified":"2025-07-01T15:55:36","modified_gmt":"2025-07-01T13:55:36","slug":"taula-auxiliar-diana","status":"publish","type":"product","link":"https:\/\/www.navarroaubanell.com\/ca\/producte\/taula-auxiliar-diana\/","title":{"rendered":"Taula auxiliar Diana"},"content":{"rendered":"<p>La<strong> taula auxiliar Diana<\/strong> \u00e9s <strong>apilable<\/strong> i extremadament lleugera, fent-la f\u00e0cil de transportar i emmagatzemar. Est\u00e0 dissenyada per a combinar durabilitat i funcionalitat. El seu xass\u00eds est\u00e0 fabricat amb un tub d&#8217;<strong>alumini endurit<\/strong>, la qual cosa li confereix una estructura robusta i lleugera al mateix temps. Els caragols s\u00f3n d&#8217;<strong>acer inoxidable<\/strong>, i per aix\u00f2 \u00e9s resistent a la corrosi\u00f3, fins i tot en ambients marins.<\/p>\n<p>Els taps, tacs i reguladors estan fets de <strong>resina de polipropil\u00e8<\/strong>, fent-la resistent als raigs UV i assegurant la durabilitat de la seva aparen\u00e7a. La taula est\u00e0 recoberta amb pintura en pols a base de <strong>resines de poli\u00e8ster<\/strong>, prometent una gran resist\u00e8ncia a la llum solar i a les condicions exteriors adverses.<\/p>\n<p>El tauler\u00a0<strong>HPL\u00a0<\/strong>de la<strong> taula auxiliar Diana<\/strong> est\u00e0 elaborat per resines compactes. Aquest material resistent i durador, tamb\u00e9 est\u00e0 disponible en una \u00e0mplia <strong>gamma de colors<\/strong>: els colors est\u00e0ndard i els HPL GD. Aquesta varietat de colors la fa vers\u00e0til i elegant, a m\u00e9s d&#8217;adaptable a diferents espais de disseny<\/p>\n<p>Aquest producte \u00e9s el complement perfecte per a la gandula <a href=\"https:\/\/www.navarroaubanell.com\/ca\/producte\/gandula-marina\/\">Marina<\/a> i resulta ideal per al seu \u00fas en exteriors, gr\u00e0cies als materials d&#8217;alta qualitat i resist\u00e8ncia als elements.<\/p>\n<p>La fitxa t\u00e8cnica:<a href=\"https:\/\/balliuexport.com\/wp-content\/uploads\/2020\/02\/diana-mesa-comprimido.pdf\"> https:\/\/balliuexport.com\/wp-content\/uploads\/2020\/02\/diana-mesa-comprimido.pdf<\/a><\/p>\n","protected":false},"excerpt":{"rendered":"<p>&nbsp;<\/p>\n<p>&nbsp;<\/p>\n","protected":false},"featured_media":33036,"template":"","meta":{"_acf_changed":false},"product_brand":[887],"product_cat":[563,566],"product_tag":[587,593,626,640,847,720,696],"class_list":{"0":"post-20278","1":"product","2":"type-product","3":"status-publish","4":"has-post-thumbnail","6":"product_brand-balliu-ca","7":"product_cat-exterior-ca","8":"product_cat-taules-auxiliars-exterior","9":"product_tag-apilable-ca","10":"product_tag-balliu-ca","11":"product_tag-diana-ca","12":"product_tag-exterior-ca","13":"product_tag-mobiliari-exterior","14":"product_tag-outdoor-ca","15":"product_tag-taula-auxiliar","16":"description-off","18":"first","19":"instock","20":"shipping-taxable","21":"product-type-simple"},"acf":[],"yoast_head":"<!-- This site is optimized with the Yoast SEO plugin v27.0 - https:\/\/yoast.com\/product\/yoast-seo-wordpress\/ -->\n<title>Taula auxiliar Diana, Balliu - Navarro Aubanell<\/title>\n<meta name=\"description\" content=\"Mesa auxiliar Diana: apilable, resistent als raigs UVA i molt lleugera, fabricada amb un tub d&#039;alumini endurit. Tauler HPL elegant i resistent.\" \/>\n<meta name=\"robots\" content=\"index, follow, max-snippet:-1, max-image-preview:large, max-video-preview:-1\" \/>\n<link rel=\"canonical\" href=\"https:\/\/www.navarroaubanell.com\/ca\/producte\/taula-auxiliar-diana\/\" \/>\n<meta property=\"og:locale\" content=\"ca_ES\" \/>\n<meta property=\"og:type\" content=\"article\" \/>\n<meta property=\"og:title\" content=\"Taula auxiliar Diana, Balliu - Navarro Aubanell\" \/>\n<meta property=\"og:description\" content=\"Mesa auxiliar Diana: apilable, resistent als raigs UVA i molt lleugera, fabricada amb un tub d&#039;alumini endurit. Tauler HPL elegant i resistent.\" \/>\n<meta property=\"og:url\" content=\"https:\/\/www.navarroaubanell.com\/ca\/producte\/taula-auxiliar-diana\/\" \/>\n<meta property=\"og:site_name\" content=\"Navarro Aubanell\" \/>\n<meta property=\"article:modified_time\" content=\"2025-07-01T13:55:36+00:00\" \/>\n<meta property=\"og:image\" content=\"https:\/\/www.navarroaubanell.com\/wp-content\/uploads\/2017\/09\/Mesa-aux.-Diana-blanca.jpeg\" \/>\n\t<meta property=\"og:image:width\" content=\"800\" \/>\n\t<meta property=\"og:image:height\" content=\"650\" \/>\n\t<meta property=\"og:image:type\" content=\"image\/jpeg\" \/>\n<meta name=\"twitter:label1\" content=\"Est. reading time\" \/>\n\t<meta name=\"twitter:data1\" content=\"2 minutes\" \/>\n<script type=\"application\/ld+json\" class=\"yoast-schema-graph\">{\"@context\":\"https:\/\/schema.org\",\"@graph\":[{\"@type\":\"WebPage\",\"@id\":\"https:\/\/www.navarroaubanell.com\/ca\/producte\/taula-auxiliar-diana\/\",\"url\":\"https:\/\/www.navarroaubanell.com\/ca\/producte\/taula-auxiliar-diana\/\",\"name\":\"Taula auxiliar Diana, Balliu - Navarro Aubanell\",\"isPartOf\":{\"@id\":\"https:\/\/www.navarroaubanell.com\/ca\/#website\"},\"primaryImageOfPage\":{\"@id\":\"https:\/\/www.navarroaubanell.com\/ca\/producte\/taula-auxiliar-diana\/#primaryimage\"},\"image\":{\"@id\":\"https:\/\/www.navarroaubanell.com\/ca\/producte\/taula-auxiliar-diana\/#primaryimage\"},\"thumbnailUrl\":\"https:\/\/www.navarroaubanell.com\/wp-content\/uploads\/2017\/09\/Mesa-aux.-Diana-blanca.jpeg\",\"datePublished\":\"2017-09-26T07:18:09+00:00\",\"dateModified\":\"2025-07-01T13:55:36+00:00\",\"description\":\"Mesa auxiliar Diana: apilable, resistent als raigs UVA i molt lleugera, fabricada amb un tub d'alumini endurit. Tauler HPL elegant i resistent.\",\"breadcrumb\":{\"@id\":\"https:\/\/www.navarroaubanell.com\/ca\/producte\/taula-auxiliar-diana\/#breadcrumb\"},\"inLanguage\":\"ca\",\"potentialAction\":[{\"@type\":\"ReadAction\",\"target\":[\"https:\/\/www.navarroaubanell.com\/ca\/producte\/taula-auxiliar-diana\/\"]}]},{\"@type\":\"ImageObject\",\"inLanguage\":\"ca\",\"@id\":\"https:\/\/www.navarroaubanell.com\/ca\/producte\/taula-auxiliar-diana\/#primaryimage\",\"url\":\"https:\/\/www.navarroaubanell.com\/wp-content\/uploads\/2017\/09\/Mesa-aux.-Diana-blanca.jpeg\",\"contentUrl\":\"https:\/\/www.navarroaubanell.com\/wp-content\/uploads\/2017\/09\/Mesa-aux.-Diana-blanca.jpeg\",\"width\":800,\"height\":650,\"caption\":\"Taula auxiliar Diana en color blanc\"},{\"@type\":\"BreadcrumbList\",\"@id\":\"https:\/\/www.navarroaubanell.com\/ca\/producte\/taula-auxiliar-diana\/#breadcrumb\",\"itemListElement\":[{\"@type\":\"ListItem\",\"position\":1,\"name\":\"Portada\",\"item\":\"https:\/\/www.navarroaubanell.com\/ca\/\"},{\"@type\":\"ListItem\",\"position\":2,\"name\":\"Productes\",\"item\":\"https:\/\/www.navarroaubanell.com\/productos\/\"},{\"@type\":\"ListItem\",\"position\":3,\"name\":\"Taula auxiliar Diana\"}]},{\"@type\":\"WebSite\",\"@id\":\"https:\/\/www.navarroaubanell.com\/ca\/#website\",\"url\":\"https:\/\/www.navarroaubanell.com\/ca\/\",\"name\":\"Navarro Aubanell\",\"description\":\"Mobiliario para hoteler\u00eda, colectividades y oficinas\",\"publisher\":{\"@id\":\"https:\/\/www.navarroaubanell.com\/ca\/#organization\"},\"potentialAction\":[{\"@type\":\"SearchAction\",\"target\":{\"@type\":\"EntryPoint\",\"urlTemplate\":\"https:\/\/www.navarroaubanell.com\/ca\/?s={search_term_string}\"},\"query-input\":{\"@type\":\"PropertyValueSpecification\",\"valueRequired\":true,\"valueName\":\"search_term_string\"}}],\"inLanguage\":\"ca\"},{\"@type\":\"Organization\",\"@id\":\"https:\/\/www.navarroaubanell.com\/ca\/#organization\",\"name\":\"COMERCIAL NAVARRO AUBANELL, S.A\",\"url\":\"https:\/\/www.navarroaubanell.com\/ca\/\",\"logo\":{\"@type\":\"ImageObject\",\"inLanguage\":\"ca\",\"@id\":\"https:\/\/www.navarroaubanell.com\/ca\/#\/schema\/logo\/image\/\",\"url\":\"https:\/\/www.navarroaubanell.com\/wp-content\/uploads\/2017\/07\/logo-navarro-aubuanell.png\",\"contentUrl\":\"https:\/\/www.navarroaubanell.com\/wp-content\/uploads\/2017\/07\/logo-navarro-aubuanell.png\",\"width\":6304,\"height\":1154,\"caption\":\"COMERCIAL NAVARRO AUBANELL, S.A\"},\"image\":{\"@id\":\"https:\/\/www.navarroaubanell.com\/ca\/#\/schema\/logo\/image\/\"}}]}<\/script>\n<!-- \/ Yoast SEO plugin. -->","yoast_head_json":{"title":"Taula auxiliar Diana, Balliu - Navarro Aubanell","description":"Mesa auxiliar Diana: apilable, resistent als raigs UVA i molt lleugera, fabricada amb un tub d'alumini endurit. Tauler HPL elegant i resistent.","robots":{"index":"index","follow":"follow","max-snippet":"max-snippet:-1","max-image-preview":"max-image-preview:large","max-video-preview":"max-video-preview:-1"},"canonical":"https:\/\/www.navarroaubanell.com\/ca\/producte\/taula-auxiliar-diana\/","og_locale":"ca_ES","og_type":"article","og_title":"Taula auxiliar Diana, Balliu - Navarro Aubanell","og_description":"Mesa auxiliar Diana: apilable, resistent als raigs UVA i molt lleugera, fabricada amb un tub d'alumini endurit. Tauler HPL elegant i resistent.","og_url":"https:\/\/www.navarroaubanell.com\/ca\/producte\/taula-auxiliar-diana\/","og_site_name":"Navarro Aubanell","article_modified_time":"2025-07-01T13:55:36+00:00","og_image":[{"width":800,"height":650,"url":"https:\/\/www.navarroaubanell.com\/wp-content\/uploads\/2017\/09\/Mesa-aux.-Diana-blanca.jpeg","type":"image\/jpeg"}],"twitter_misc":{"Est. reading time":"2 minutes"},"schema":{"@context":"https:\/\/schema.org","@graph":[{"@type":"WebPage","@id":"https:\/\/www.navarroaubanell.com\/ca\/producte\/taula-auxiliar-diana\/","url":"https:\/\/www.navarroaubanell.com\/ca\/producte\/taula-auxiliar-diana\/","name":"Taula auxiliar Diana, Balliu - Navarro Aubanell","isPartOf":{"@id":"https:\/\/www.navarroaubanell.com\/ca\/#website"},"primaryImageOfPage":{"@id":"https:\/\/www.navarroaubanell.com\/ca\/producte\/taula-auxiliar-diana\/#primaryimage"},"image":{"@id":"https:\/\/www.navarroaubanell.com\/ca\/producte\/taula-auxiliar-diana\/#primaryimage"},"thumbnailUrl":"https:\/\/www.navarroaubanell.com\/wp-content\/uploads\/2017\/09\/Mesa-aux.-Diana-blanca.jpeg","datePublished":"2017-09-26T07:18:09+00:00","dateModified":"2025-07-01T13:55:36+00:00","description":"Mesa auxiliar Diana: apilable, resistent als raigs UVA i molt lleugera, fabricada amb un tub d'alumini endurit. Tauler HPL elegant i resistent.","breadcrumb":{"@id":"https:\/\/www.navarroaubanell.com\/ca\/producte\/taula-auxiliar-diana\/#breadcrumb"},"inLanguage":"ca","potentialAction":[{"@type":"ReadAction","target":["https:\/\/www.navarroaubanell.com\/ca\/producte\/taula-auxiliar-diana\/"]}]},{"@type":"ImageObject","inLanguage":"ca","@id":"https:\/\/www.navarroaubanell.com\/ca\/producte\/taula-auxiliar-diana\/#primaryimage","url":"https:\/\/www.navarroaubanell.com\/wp-content\/uploads\/2017\/09\/Mesa-aux.-Diana-blanca.jpeg","contentUrl":"https:\/\/www.navarroaubanell.com\/wp-content\/uploads\/2017\/09\/Mesa-aux.-Diana-blanca.jpeg","width":800,"height":650,"caption":"Taula auxiliar Diana en color blanc"},{"@type":"BreadcrumbList","@id":"https:\/\/www.navarroaubanell.com\/ca\/producte\/taula-auxiliar-diana\/#breadcrumb","itemListElement":[{"@type":"ListItem","position":1,"name":"Portada","item":"https:\/\/www.navarroaubanell.com\/ca\/"},{"@type":"ListItem","position":2,"name":"Productes","item":"https:\/\/www.navarroaubanell.com\/productos\/"},{"@type":"ListItem","position":3,"name":"Taula auxiliar Diana"}]},{"@type":"WebSite","@id":"https:\/\/www.navarroaubanell.com\/ca\/#website","url":"https:\/\/www.navarroaubanell.com\/ca\/","name":"Navarro Aubanell","description":"Mobiliario para hoteler\u00eda, colectividades y oficinas","publisher":{"@id":"https:\/\/www.navarroaubanell.com\/ca\/#organization"},"potentialAction":[{"@type":"SearchAction","target":{"@type":"EntryPoint","urlTemplate":"https:\/\/www.navarroaubanell.com\/ca\/?s={search_term_string}"},"query-input":{"@type":"PropertyValueSpecification","valueRequired":true,"valueName":"search_term_string"}}],"inLanguage":"ca"},{"@type":"Organization","@id":"https:\/\/www.navarroaubanell.com\/ca\/#organization","name":"COMERCIAL NAVARRO AUBANELL, S.A","url":"https:\/\/www.navarroaubanell.com\/ca\/","logo":{"@type":"ImageObject","inLanguage":"ca","@id":"https:\/\/www.navarroaubanell.com\/ca\/#\/schema\/logo\/image\/","url":"https:\/\/www.navarroaubanell.com\/wp-content\/uploads\/2017\/07\/logo-navarro-aubuanell.png","contentUrl":"https:\/\/www.navarroaubanell.com\/wp-content\/uploads\/2017\/07\/logo-navarro-aubuanell.png","width":6304,"height":1154,"caption":"COMERCIAL NAVARRO AUBANELL, S.A"},"image":{"@id":"https:\/\/www.navarroaubanell.com\/ca\/#\/schema\/logo\/image\/"}}]}},"_links":{"self":[{"href":"https:\/\/www.navarroaubanell.com\/ca\/wp-json\/wp\/v2\/product\/20278","targetHints":{"allow":["GET"]}}],"collection":[{"href":"https:\/\/www.navarroaubanell.com\/ca\/wp-json\/wp\/v2\/product"}],"about":[{"href":"https:\/\/www.navarroaubanell.com\/ca\/wp-json\/wp\/v2\/types\/product"}],"wp:featuredmedia":[{"embeddable":true,"href":"https:\/\/www.navarroaubanell.com\/ca\/wp-json\/wp\/v2\/media\/33036"}],"wp:attachment":[{"href":"https:\/\/www.navarroaubanell.com\/ca\/wp-json\/wp\/v2\/media?parent=20278"}],"wp:term":[{"taxonomy":"product_brand","embeddable":true,"href":"https:\/\/www.navarroaubanell.com\/ca\/wp-json\/wp\/v2\/product_brand?post=20278"},{"taxonomy":"product_cat","embeddable":true,"href":"https:\/\/www.navarroaubanell.com\/ca\/wp-json\/wp\/v2\/product_cat?post=20278"},{"taxonomy":"product_tag","embeddable":true,"href":"https:\/\/www.navarroaubanell.com\/ca\/wp-json\/wp\/v2\/product_tag?post=20278"}],"curies":[{"name":"wp","href":"https:\/\/api.w.org\/{rel}","templated":true}]}}