{"id":20275,"date":"2017-09-26T07:43:06","date_gmt":"2017-09-26T07:43:06","guid":{"rendered":"https:\/\/www.navarroaubanell.com\/producto\/mini\/"},"modified":"2025-07-01T15:52:19","modified_gmt":"2025-07-01T13:52:19","slug":"taula-auxiliar-mini","status":"publish","type":"product","link":"https:\/\/www.navarroaubanell.com\/ca\/producte\/taula-auxiliar-mini\/","title":{"rendered":"Taula auxiliar Mini"},"content":{"rendered":"<p>La <strong>taula auxiliar Mini<\/strong> est\u00e0 dissenyada per a oferir la m\u00e0xima funcionalitat i durabilitat. Fabricada amb <strong>resina de polipropil\u00e8<\/strong>, un material conegut per la seva resist\u00e8ncia i lleugeresa. Est\u00e0 refor\u00e7ada amb <strong>c\u00e0rrega mineral<\/strong>, la qual cosa li proporciona una solidesa addicional sense comprometre el seu pes manejable. A m\u00e9s, compta amb una formulaci\u00f3 antiraigs UVA, evitant el desgast i la descoloraci\u00f3, i per aix\u00f2 \u00e9s ideal per al seu \u00fas en exteriors. El seu disseny <strong>apilable<\/strong> permet que diverses taules es puguin guardar juntes en un espai redu\u00eft, optimitzant l&#8217;emmagatzematge i facilitant el seu transport.<\/p>\n<p>Dissenyada amb <strong>suport per a gots<\/strong> que compten amb drenatge, la taula evita l&#8217;acumulaci\u00f3 d&#8217;aigua i brut\u00edcia, mantenint-se sempre neta i funcional. A m\u00e9s, inclou tapes per a cobrir els suports dels gots, proporcionant una superf\u00edcie completament llisa quan sigui necessari.<\/p>\n<p>La Mini est\u00e0 disponible en els colors b\u00e0sics, per\u00f2 tamb\u00e9 en els colors <em>Prestige (fusta, bronze, gris fosc)<\/em>, convertint-la en una opci\u00f3 adaptable a qualsevol espai segons el disseny.<\/p>\n<p>La <strong>taula auxiliar Mini<\/strong> \u00e9s <strong>100% reciclable<\/strong>, la qual cosa la converteix en una opci\u00f3 ecol\u00f2gica i respectuosa amb el medi ambient. Aquesta taula es complementa perfectament amb les gandules <a href=\"https:\/\/www.navarroaubanell.com\/ca\/producte\/carmen\/\">CARMEN<\/a> i <a href=\"https:\/\/www.navarroaubanell.com\/ca\/producte\/lola\/\">LOLA<\/a>, creant un conjunt harmoni\u00f3s i pr\u00e0ctic per a qualsevol espai a l&#8217;aire lliure.<\/p>\n<p>Fitxa t\u00e8cnica: <a href=\"https:\/\/balliuexport.com\/wp-content\/uploads\/2020\/02\/mini-prestige-mesa-comprimido.pdf\">https:\/\/balliuexport.com\/wp-content\/uploads\/2020\/02\/mini-prestige-mesa-comprimido.pdf<\/a><\/p>\n","protected":false},"excerpt":{"rendered":"<p>&nbsp;<\/p>\n<p>&nbsp;<\/p>\n","protected":false},"featured_media":33050,"template":"","meta":{"_acf_changed":false},"product_brand":[887],"product_cat":[563,566],"product_tag":[587,593,640,700,847,720,855,1180,840],"class_list":{"0":"post-20275","1":"product","2":"type-product","3":"status-publish","4":"has-post-thumbnail","6":"product_brand-balliu-ca","7":"product_cat-exterior-ca","8":"product_cat-taules-auxiliars-exterior","9":"product_tag-apilable-ca","10":"product_tag-balliu-ca","11":"product_tag-exterior-ca","12":"product_tag-mini-ca","13":"product_tag-mobiliari-exterior","14":"product_tag-outdoor-ca","15":"product_tag-posagots","16":"product_tag-sostenible","17":"product_tag-taula-auxiliar-exterio","18":"description-off","20":"first","21":"instock","22":"shipping-taxable","23":"product-type-simple"},"acf":[],"yoast_head":"<!-- This site is optimized with the Yoast SEO plugin v27.0 - https:\/\/yoast.com\/product\/yoast-seo-wordpress\/ -->\n<title>Taula auxiliar Mini, Balliu - Navarro Aubanell<\/title>\n<meta name=\"description\" content=\"Taula auxiliar Mini: resina de polipropil\u00e8, resistent al sol, apilable i ecol\u00f2gica, ideal per a espais exteriors duradors i funcionals.\" \/>\n<meta name=\"robots\" content=\"index, follow, max-snippet:-1, max-image-preview:large, max-video-preview:-1\" \/>\n<link rel=\"canonical\" href=\"https:\/\/www.navarroaubanell.com\/ca\/producte\/taula-auxiliar-mini\/\" \/>\n<meta property=\"og:locale\" content=\"ca_ES\" \/>\n<meta property=\"og:type\" content=\"article\" \/>\n<meta property=\"og:title\" content=\"Taula auxiliar Mini, Balliu - Navarro Aubanell\" \/>\n<meta property=\"og:description\" content=\"Taula auxiliar Mini: resina de polipropil\u00e8, resistent al sol, apilable i ecol\u00f2gica, ideal per a espais exteriors duradors i funcionals.\" \/>\n<meta property=\"og:url\" content=\"https:\/\/www.navarroaubanell.com\/ca\/producte\/taula-auxiliar-mini\/\" \/>\n<meta property=\"og:site_name\" content=\"Navarro Aubanell\" \/>\n<meta property=\"article:modified_time\" content=\"2025-07-01T13:52:19+00:00\" \/>\n<meta property=\"og:image\" content=\"https:\/\/www.navarroaubanell.com\/wp-content\/uploads\/2017\/09\/Mesa-aux.-Mini-bronce.jpeg\" \/>\n\t<meta property=\"og:image:width\" content=\"800\" \/>\n\t<meta property=\"og:image:height\" content=\"650\" \/>\n\t<meta property=\"og:image:type\" content=\"image\/jpeg\" \/>\n<meta name=\"twitter:label1\" content=\"Est. reading time\" \/>\n\t<meta name=\"twitter:data1\" content=\"2 minutes\" \/>\n<script type=\"application\/ld+json\" class=\"yoast-schema-graph\">{\"@context\":\"https:\/\/schema.org\",\"@graph\":[{\"@type\":\"WebPage\",\"@id\":\"https:\/\/www.navarroaubanell.com\/ca\/producte\/taula-auxiliar-mini\/\",\"url\":\"https:\/\/www.navarroaubanell.com\/ca\/producte\/taula-auxiliar-mini\/\",\"name\":\"Taula auxiliar Mini, Balliu - Navarro Aubanell\",\"isPartOf\":{\"@id\":\"https:\/\/www.navarroaubanell.com\/ca\/#website\"},\"primaryImageOfPage\":{\"@id\":\"https:\/\/www.navarroaubanell.com\/ca\/producte\/taula-auxiliar-mini\/#primaryimage\"},\"image\":{\"@id\":\"https:\/\/www.navarroaubanell.com\/ca\/producte\/taula-auxiliar-mini\/#primaryimage\"},\"thumbnailUrl\":\"https:\/\/www.navarroaubanell.com\/wp-content\/uploads\/2017\/09\/Mesa-aux.-Mini-bronce.jpeg\",\"datePublished\":\"2017-09-26T07:43:06+00:00\",\"dateModified\":\"2025-07-01T13:52:19+00:00\",\"description\":\"Taula auxiliar Mini: resina de polipropil\u00e8, resistent al sol, apilable i ecol\u00f2gica, ideal per a espais exteriors duradors i funcionals.\",\"breadcrumb\":{\"@id\":\"https:\/\/www.navarroaubanell.com\/ca\/producte\/taula-auxiliar-mini\/#breadcrumb\"},\"inLanguage\":\"ca\",\"potentialAction\":[{\"@type\":\"ReadAction\",\"target\":[\"https:\/\/www.navarroaubanell.com\/ca\/producte\/taula-auxiliar-mini\/\"]}]},{\"@type\":\"ImageObject\",\"inLanguage\":\"ca\",\"@id\":\"https:\/\/www.navarroaubanell.com\/ca\/producte\/taula-auxiliar-mini\/#primaryimage\",\"url\":\"https:\/\/www.navarroaubanell.com\/wp-content\/uploads\/2017\/09\/Mesa-aux.-Mini-bronce.jpeg\",\"contentUrl\":\"https:\/\/www.navarroaubanell.com\/wp-content\/uploads\/2017\/09\/Mesa-aux.-Mini-bronce.jpeg\",\"width\":800,\"height\":650,\"caption\":\"Mesa auxiliar Mini en el color Prestige bronce\"},{\"@type\":\"BreadcrumbList\",\"@id\":\"https:\/\/www.navarroaubanell.com\/ca\/producte\/taula-auxiliar-mini\/#breadcrumb\",\"itemListElement\":[{\"@type\":\"ListItem\",\"position\":1,\"name\":\"Portada\",\"item\":\"https:\/\/www.navarroaubanell.com\/ca\/\"},{\"@type\":\"ListItem\",\"position\":2,\"name\":\"Productes\",\"item\":\"https:\/\/www.navarroaubanell.com\/productos\/\"},{\"@type\":\"ListItem\",\"position\":3,\"name\":\"Taula auxiliar Mini\"}]},{\"@type\":\"WebSite\",\"@id\":\"https:\/\/www.navarroaubanell.com\/ca\/#website\",\"url\":\"https:\/\/www.navarroaubanell.com\/ca\/\",\"name\":\"Navarro Aubanell\",\"description\":\"Mobiliario para hoteler\u00eda, colectividades y oficinas\",\"publisher\":{\"@id\":\"https:\/\/www.navarroaubanell.com\/ca\/#organization\"},\"potentialAction\":[{\"@type\":\"SearchAction\",\"target\":{\"@type\":\"EntryPoint\",\"urlTemplate\":\"https:\/\/www.navarroaubanell.com\/ca\/?s={search_term_string}\"},\"query-input\":{\"@type\":\"PropertyValueSpecification\",\"valueRequired\":true,\"valueName\":\"search_term_string\"}}],\"inLanguage\":\"ca\"},{\"@type\":\"Organization\",\"@id\":\"https:\/\/www.navarroaubanell.com\/ca\/#organization\",\"name\":\"COMERCIAL NAVARRO AUBANELL, S.A\",\"url\":\"https:\/\/www.navarroaubanell.com\/ca\/\",\"logo\":{\"@type\":\"ImageObject\",\"inLanguage\":\"ca\",\"@id\":\"https:\/\/www.navarroaubanell.com\/ca\/#\/schema\/logo\/image\/\",\"url\":\"https:\/\/www.navarroaubanell.com\/wp-content\/uploads\/2017\/07\/logo-navarro-aubuanell.png\",\"contentUrl\":\"https:\/\/www.navarroaubanell.com\/wp-content\/uploads\/2017\/07\/logo-navarro-aubuanell.png\",\"width\":6304,\"height\":1154,\"caption\":\"COMERCIAL NAVARRO AUBANELL, S.A\"},\"image\":{\"@id\":\"https:\/\/www.navarroaubanell.com\/ca\/#\/schema\/logo\/image\/\"}}]}<\/script>\n<!-- \/ Yoast SEO plugin. -->","yoast_head_json":{"title":"Taula auxiliar Mini, Balliu - Navarro Aubanell","description":"Taula auxiliar Mini: resina de polipropil\u00e8, resistent al sol, apilable i ecol\u00f2gica, ideal per a espais exteriors duradors i funcionals.","robots":{"index":"index","follow":"follow","max-snippet":"max-snippet:-1","max-image-preview":"max-image-preview:large","max-video-preview":"max-video-preview:-1"},"canonical":"https:\/\/www.navarroaubanell.com\/ca\/producte\/taula-auxiliar-mini\/","og_locale":"ca_ES","og_type":"article","og_title":"Taula auxiliar Mini, Balliu - Navarro Aubanell","og_description":"Taula auxiliar Mini: resina de polipropil\u00e8, resistent al sol, apilable i ecol\u00f2gica, ideal per a espais exteriors duradors i funcionals.","og_url":"https:\/\/www.navarroaubanell.com\/ca\/producte\/taula-auxiliar-mini\/","og_site_name":"Navarro Aubanell","article_modified_time":"2025-07-01T13:52:19+00:00","og_image":[{"width":800,"height":650,"url":"https:\/\/www.navarroaubanell.com\/wp-content\/uploads\/2017\/09\/Mesa-aux.-Mini-bronce.jpeg","type":"image\/jpeg"}],"twitter_misc":{"Est. reading time":"2 minutes"},"schema":{"@context":"https:\/\/schema.org","@graph":[{"@type":"WebPage","@id":"https:\/\/www.navarroaubanell.com\/ca\/producte\/taula-auxiliar-mini\/","url":"https:\/\/www.navarroaubanell.com\/ca\/producte\/taula-auxiliar-mini\/","name":"Taula auxiliar Mini, Balliu - Navarro Aubanell","isPartOf":{"@id":"https:\/\/www.navarroaubanell.com\/ca\/#website"},"primaryImageOfPage":{"@id":"https:\/\/www.navarroaubanell.com\/ca\/producte\/taula-auxiliar-mini\/#primaryimage"},"image":{"@id":"https:\/\/www.navarroaubanell.com\/ca\/producte\/taula-auxiliar-mini\/#primaryimage"},"thumbnailUrl":"https:\/\/www.navarroaubanell.com\/wp-content\/uploads\/2017\/09\/Mesa-aux.-Mini-bronce.jpeg","datePublished":"2017-09-26T07:43:06+00:00","dateModified":"2025-07-01T13:52:19+00:00","description":"Taula auxiliar Mini: resina de polipropil\u00e8, resistent al sol, apilable i ecol\u00f2gica, ideal per a espais exteriors duradors i funcionals.","breadcrumb":{"@id":"https:\/\/www.navarroaubanell.com\/ca\/producte\/taula-auxiliar-mini\/#breadcrumb"},"inLanguage":"ca","potentialAction":[{"@type":"ReadAction","target":["https:\/\/www.navarroaubanell.com\/ca\/producte\/taula-auxiliar-mini\/"]}]},{"@type":"ImageObject","inLanguage":"ca","@id":"https:\/\/www.navarroaubanell.com\/ca\/producte\/taula-auxiliar-mini\/#primaryimage","url":"https:\/\/www.navarroaubanell.com\/wp-content\/uploads\/2017\/09\/Mesa-aux.-Mini-bronce.jpeg","contentUrl":"https:\/\/www.navarroaubanell.com\/wp-content\/uploads\/2017\/09\/Mesa-aux.-Mini-bronce.jpeg","width":800,"height":650,"caption":"Mesa auxiliar Mini en el color Prestige bronce"},{"@type":"BreadcrumbList","@id":"https:\/\/www.navarroaubanell.com\/ca\/producte\/taula-auxiliar-mini\/#breadcrumb","itemListElement":[{"@type":"ListItem","position":1,"name":"Portada","item":"https:\/\/www.navarroaubanell.com\/ca\/"},{"@type":"ListItem","position":2,"name":"Productes","item":"https:\/\/www.navarroaubanell.com\/productos\/"},{"@type":"ListItem","position":3,"name":"Taula auxiliar Mini"}]},{"@type":"WebSite","@id":"https:\/\/www.navarroaubanell.com\/ca\/#website","url":"https:\/\/www.navarroaubanell.com\/ca\/","name":"Navarro Aubanell","description":"Mobiliario para hoteler\u00eda, colectividades y oficinas","publisher":{"@id":"https:\/\/www.navarroaubanell.com\/ca\/#organization"},"potentialAction":[{"@type":"SearchAction","target":{"@type":"EntryPoint","urlTemplate":"https:\/\/www.navarroaubanell.com\/ca\/?s={search_term_string}"},"query-input":{"@type":"PropertyValueSpecification","valueRequired":true,"valueName":"search_term_string"}}],"inLanguage":"ca"},{"@type":"Organization","@id":"https:\/\/www.navarroaubanell.com\/ca\/#organization","name":"COMERCIAL NAVARRO AUBANELL, S.A","url":"https:\/\/www.navarroaubanell.com\/ca\/","logo":{"@type":"ImageObject","inLanguage":"ca","@id":"https:\/\/www.navarroaubanell.com\/ca\/#\/schema\/logo\/image\/","url":"https:\/\/www.navarroaubanell.com\/wp-content\/uploads\/2017\/07\/logo-navarro-aubuanell.png","contentUrl":"https:\/\/www.navarroaubanell.com\/wp-content\/uploads\/2017\/07\/logo-navarro-aubuanell.png","width":6304,"height":1154,"caption":"COMERCIAL NAVARRO AUBANELL, S.A"},"image":{"@id":"https:\/\/www.navarroaubanell.com\/ca\/#\/schema\/logo\/image\/"}}]}},"_links":{"self":[{"href":"https:\/\/www.navarroaubanell.com\/ca\/wp-json\/wp\/v2\/product\/20275","targetHints":{"allow":["GET"]}}],"collection":[{"href":"https:\/\/www.navarroaubanell.com\/ca\/wp-json\/wp\/v2\/product"}],"about":[{"href":"https:\/\/www.navarroaubanell.com\/ca\/wp-json\/wp\/v2\/types\/product"}],"wp:featuredmedia":[{"embeddable":true,"href":"https:\/\/www.navarroaubanell.com\/ca\/wp-json\/wp\/v2\/media\/33050"}],"wp:attachment":[{"href":"https:\/\/www.navarroaubanell.com\/ca\/wp-json\/wp\/v2\/media?parent=20275"}],"wp:term":[{"taxonomy":"product_brand","embeddable":true,"href":"https:\/\/www.navarroaubanell.com\/ca\/wp-json\/wp\/v2\/product_brand?post=20275"},{"taxonomy":"product_cat","embeddable":true,"href":"https:\/\/www.navarroaubanell.com\/ca\/wp-json\/wp\/v2\/product_cat?post=20275"},{"taxonomy":"product_tag","embeddable":true,"href":"https:\/\/www.navarroaubanell.com\/ca\/wp-json\/wp\/v2\/product_tag?post=20275"}],"curies":[{"name":"wp","href":"https:\/\/api.w.org\/{rel}","templated":true}]}}