{"id":20274,"date":"2017-09-26T07:47:59","date_gmt":"2017-09-26T07:47:59","guid":{"rendered":"https:\/\/www.navarroaubanell.com\/producto\/olimpia-2\/"},"modified":"2025-07-01T16:04:04","modified_gmt":"2025-07-01T14:04:04","slug":"taula-auxiliar-olimpia","status":"publish","type":"product","link":"https:\/\/www.navarroaubanell.com\/ca\/producte\/taula-auxiliar-olimpia\/","title":{"rendered":"Taula auxiliar Olimpia"},"content":{"rendered":"<p>La <strong>taula auxiliar Olimpia<\/strong> \u00e9s el complement ideal per a la fam\u00edlia Olimpia, sobretot per a la <a href=\"https:\/\/www.navarroaubanell.com\/ca\/producte\/olimpia-3\/\">gandula<\/a>. Aquesta taula auxiliar destaca pel seu disseny robust i la seva resist\u00e8ncia a condicions adverses. L&#8217;estructura \u00e9s d&#8217;<strong>alumini endurit<\/strong> i caragols en <strong>acer inoxidable<\/strong>, pel que ofereix una excel\u00b7lent resist\u00e8ncia a la corrosi\u00f3, fins i tot en ambients marins.<\/p>\n<p>La pintura en pols, a base de r<strong>esines de poli\u00e8ster<\/strong>, proporciona una gran resist\u00e8ncia a la llum i als ambients exteriors, assegurant que es mantingui la seva aparen\u00e7a i funcionalitat al llarg del temps. El teixit <strong>transpirable<\/strong> de la taula \u00e9s resistent als raigs UVA i compta amb protecci\u00f3 <strong>antimicrobiana<\/strong>, la qual cosa prev\u00e9 males olors i l&#8217;acumulaci\u00f3 d&#8217;humitat.<\/p>\n<p>Els accessoris de la taula, com a taps, tacs i reguladors, estan fabricats en <strong>resina de polipropil\u00e8<\/strong>, un material que resisteix efica\u00e7ment els raigs UVA. A m\u00e9s, la taula \u00e9s <strong>apilable<\/strong>, la qual cosa facilita el seu emmagatzematge i optimitza l&#8217;espai.<\/p>\n<p>La taula auxiliar Olimpia est\u00e0 disponible amb un tauler recobert de <strong>teixit Balliu<\/strong>, oferint una combinaci\u00f3 de qualitat, durabilitat i estil que la fa perfecta per a qualsevol espai. Ideal per a jardins, terrasses i piscines, aquesta taula \u00e9s una soluci\u00f3 pr\u00e0ctica i elegant per al mobiliari d&#8217;exterior.<\/p>\n<p>Fitxa t\u00e8cnica:<a href=\"https:\/\/balliuexport.com\/wp-content\/uploads\/2020\/02\/olimpia-mesa-auxiliar-comprimido.pdf\"> https:\/\/balliuexport.com\/wp-content\/uploads\/2020\/02\/olimpia-mesa-auxiliar-comprimido.pdf<\/a><\/p>\n","protected":false},"excerpt":{"rendered":"<p>&nbsp;<\/p>\n<p>&nbsp;<\/p>\n","protected":false},"featured_media":33070,"template":"","meta":{"_acf_changed":false},"product_brand":[887],"product_cat":[563,566],"product_tag":[587,593,640,847,849,720,840],"class_list":{"0":"post-20274","1":"product","2":"type-product","3":"status-publish","4":"has-post-thumbnail","6":"product_brand-balliu-ca","7":"product_cat-exterior-ca","8":"product_cat-taules-auxiliars-exterior","9":"product_tag-apilable-ca","10":"product_tag-balliu-ca","11":"product_tag-exterior-ca","12":"product_tag-mobiliari-exterior","13":"product_tag-olimpia-ca","14":"product_tag-outdoor-ca","15":"product_tag-taula-auxiliar-exterio","16":"description-off","18":"first","19":"instock","20":"shipping-taxable","21":"product-type-simple"},"acf":[],"yoast_head":"<!-- This site is optimized with the Yoast SEO plugin v27.0 - https:\/\/yoast.com\/product\/yoast-seo-wordpress\/ -->\n<title>Taula auxiliar Olimpia, Balliu - Navarro Aubanell<\/title>\n<meta name=\"description\" content=\"Taula auxiliar Olimpia, resistent i apilable, perfecta per a exteriors. Teixit Balliu amb protecci\u00f3 antimicrobiana i resistent a raigs UVA.\" \/>\n<meta name=\"robots\" content=\"index, follow, max-snippet:-1, max-image-preview:large, max-video-preview:-1\" \/>\n<link rel=\"canonical\" href=\"https:\/\/www.navarroaubanell.com\/ca\/producte\/taula-auxiliar-olimpia\/\" \/>\n<meta property=\"og:locale\" content=\"ca_ES\" \/>\n<meta property=\"og:type\" content=\"article\" \/>\n<meta property=\"og:title\" content=\"Taula auxiliar Olimpia, Balliu - Navarro Aubanell\" \/>\n<meta property=\"og:description\" content=\"Taula auxiliar Olimpia, resistent i apilable, perfecta per a exteriors. Teixit Balliu amb protecci\u00f3 antimicrobiana i resistent a raigs UVA.\" \/>\n<meta property=\"og:url\" content=\"https:\/\/www.navarroaubanell.com\/ca\/producte\/taula-auxiliar-olimpia\/\" \/>\n<meta property=\"og:site_name\" content=\"Navarro Aubanell\" \/>\n<meta property=\"article:modified_time\" content=\"2025-07-01T14:04:04+00:00\" \/>\n<meta property=\"og:image\" content=\"https:\/\/www.navarroaubanell.com\/wp-content\/uploads\/2017\/09\/Mesa-aux.-Olimpia-blanco-natural.jpg\" \/>\n\t<meta property=\"og:image:width\" content=\"800\" \/>\n\t<meta property=\"og:image:height\" content=\"650\" \/>\n\t<meta property=\"og:image:type\" content=\"image\/jpeg\" \/>\n<meta name=\"twitter:label1\" content=\"Est. reading time\" \/>\n\t<meta name=\"twitter:data1\" content=\"2 minutes\" \/>\n<script type=\"application\/ld+json\" class=\"yoast-schema-graph\">{\"@context\":\"https:\/\/schema.org\",\"@graph\":[{\"@type\":\"WebPage\",\"@id\":\"https:\/\/www.navarroaubanell.com\/ca\/producte\/taula-auxiliar-olimpia\/\",\"url\":\"https:\/\/www.navarroaubanell.com\/ca\/producte\/taula-auxiliar-olimpia\/\",\"name\":\"Taula auxiliar Olimpia, Balliu - Navarro Aubanell\",\"isPartOf\":{\"@id\":\"https:\/\/www.navarroaubanell.com\/ca\/#website\"},\"primaryImageOfPage\":{\"@id\":\"https:\/\/www.navarroaubanell.com\/ca\/producte\/taula-auxiliar-olimpia\/#primaryimage\"},\"image\":{\"@id\":\"https:\/\/www.navarroaubanell.com\/ca\/producte\/taula-auxiliar-olimpia\/#primaryimage\"},\"thumbnailUrl\":\"https:\/\/www.navarroaubanell.com\/wp-content\/uploads\/2017\/09\/Mesa-aux.-Olimpia-blanco-natural.jpg\",\"datePublished\":\"2017-09-26T07:47:59+00:00\",\"dateModified\":\"2025-07-01T14:04:04+00:00\",\"description\":\"Taula auxiliar Olimpia, resistent i apilable, perfecta per a exteriors. Teixit Balliu amb protecci\u00f3 antimicrobiana i resistent a raigs UVA.\",\"breadcrumb\":{\"@id\":\"https:\/\/www.navarroaubanell.com\/ca\/producte\/taula-auxiliar-olimpia\/#breadcrumb\"},\"inLanguage\":\"ca\",\"potentialAction\":[{\"@type\":\"ReadAction\",\"target\":[\"https:\/\/www.navarroaubanell.com\/ca\/producte\/taula-auxiliar-olimpia\/\"]}]},{\"@type\":\"ImageObject\",\"inLanguage\":\"ca\",\"@id\":\"https:\/\/www.navarroaubanell.com\/ca\/producte\/taula-auxiliar-olimpia\/#primaryimage\",\"url\":\"https:\/\/www.navarroaubanell.com\/wp-content\/uploads\/2017\/09\/Mesa-aux.-Olimpia-blanco-natural.jpg\",\"contentUrl\":\"https:\/\/www.navarroaubanell.com\/wp-content\/uploads\/2017\/09\/Mesa-aux.-Olimpia-blanco-natural.jpg\",\"width\":800,\"height\":650,\"caption\":\"Mesa auxiliar Olimpia con la estructura blanca y el tejido color natural\"},{\"@type\":\"BreadcrumbList\",\"@id\":\"https:\/\/www.navarroaubanell.com\/ca\/producte\/taula-auxiliar-olimpia\/#breadcrumb\",\"itemListElement\":[{\"@type\":\"ListItem\",\"position\":1,\"name\":\"Portada\",\"item\":\"https:\/\/www.navarroaubanell.com\/ca\/\"},{\"@type\":\"ListItem\",\"position\":2,\"name\":\"Productes\",\"item\":\"https:\/\/www.navarroaubanell.com\/productos\/\"},{\"@type\":\"ListItem\",\"position\":3,\"name\":\"Taula auxiliar Olimpia\"}]},{\"@type\":\"WebSite\",\"@id\":\"https:\/\/www.navarroaubanell.com\/ca\/#website\",\"url\":\"https:\/\/www.navarroaubanell.com\/ca\/\",\"name\":\"Navarro Aubanell\",\"description\":\"Mobiliario para hoteler\u00eda, colectividades y oficinas\",\"publisher\":{\"@id\":\"https:\/\/www.navarroaubanell.com\/ca\/#organization\"},\"potentialAction\":[{\"@type\":\"SearchAction\",\"target\":{\"@type\":\"EntryPoint\",\"urlTemplate\":\"https:\/\/www.navarroaubanell.com\/ca\/?s={search_term_string}\"},\"query-input\":{\"@type\":\"PropertyValueSpecification\",\"valueRequired\":true,\"valueName\":\"search_term_string\"}}],\"inLanguage\":\"ca\"},{\"@type\":\"Organization\",\"@id\":\"https:\/\/www.navarroaubanell.com\/ca\/#organization\",\"name\":\"COMERCIAL NAVARRO AUBANELL, S.A\",\"url\":\"https:\/\/www.navarroaubanell.com\/ca\/\",\"logo\":{\"@type\":\"ImageObject\",\"inLanguage\":\"ca\",\"@id\":\"https:\/\/www.navarroaubanell.com\/ca\/#\/schema\/logo\/image\/\",\"url\":\"https:\/\/www.navarroaubanell.com\/wp-content\/uploads\/2017\/07\/logo-navarro-aubuanell.png\",\"contentUrl\":\"https:\/\/www.navarroaubanell.com\/wp-content\/uploads\/2017\/07\/logo-navarro-aubuanell.png\",\"width\":6304,\"height\":1154,\"caption\":\"COMERCIAL NAVARRO AUBANELL, S.A\"},\"image\":{\"@id\":\"https:\/\/www.navarroaubanell.com\/ca\/#\/schema\/logo\/image\/\"}}]}<\/script>\n<!-- \/ Yoast SEO plugin. -->","yoast_head_json":{"title":"Taula auxiliar Olimpia, Balliu - Navarro Aubanell","description":"Taula auxiliar Olimpia, resistent i apilable, perfecta per a exteriors. Teixit Balliu amb protecci\u00f3 antimicrobiana i resistent a raigs UVA.","robots":{"index":"index","follow":"follow","max-snippet":"max-snippet:-1","max-image-preview":"max-image-preview:large","max-video-preview":"max-video-preview:-1"},"canonical":"https:\/\/www.navarroaubanell.com\/ca\/producte\/taula-auxiliar-olimpia\/","og_locale":"ca_ES","og_type":"article","og_title":"Taula auxiliar Olimpia, Balliu - Navarro Aubanell","og_description":"Taula auxiliar Olimpia, resistent i apilable, perfecta per a exteriors. Teixit Balliu amb protecci\u00f3 antimicrobiana i resistent a raigs UVA.","og_url":"https:\/\/www.navarroaubanell.com\/ca\/producte\/taula-auxiliar-olimpia\/","og_site_name":"Navarro Aubanell","article_modified_time":"2025-07-01T14:04:04+00:00","og_image":[{"width":800,"height":650,"url":"https:\/\/www.navarroaubanell.com\/wp-content\/uploads\/2017\/09\/Mesa-aux.-Olimpia-blanco-natural.jpg","type":"image\/jpeg"}],"twitter_misc":{"Est. reading time":"2 minutes"},"schema":{"@context":"https:\/\/schema.org","@graph":[{"@type":"WebPage","@id":"https:\/\/www.navarroaubanell.com\/ca\/producte\/taula-auxiliar-olimpia\/","url":"https:\/\/www.navarroaubanell.com\/ca\/producte\/taula-auxiliar-olimpia\/","name":"Taula auxiliar Olimpia, Balliu - Navarro Aubanell","isPartOf":{"@id":"https:\/\/www.navarroaubanell.com\/ca\/#website"},"primaryImageOfPage":{"@id":"https:\/\/www.navarroaubanell.com\/ca\/producte\/taula-auxiliar-olimpia\/#primaryimage"},"image":{"@id":"https:\/\/www.navarroaubanell.com\/ca\/producte\/taula-auxiliar-olimpia\/#primaryimage"},"thumbnailUrl":"https:\/\/www.navarroaubanell.com\/wp-content\/uploads\/2017\/09\/Mesa-aux.-Olimpia-blanco-natural.jpg","datePublished":"2017-09-26T07:47:59+00:00","dateModified":"2025-07-01T14:04:04+00:00","description":"Taula auxiliar Olimpia, resistent i apilable, perfecta per a exteriors. Teixit Balliu amb protecci\u00f3 antimicrobiana i resistent a raigs UVA.","breadcrumb":{"@id":"https:\/\/www.navarroaubanell.com\/ca\/producte\/taula-auxiliar-olimpia\/#breadcrumb"},"inLanguage":"ca","potentialAction":[{"@type":"ReadAction","target":["https:\/\/www.navarroaubanell.com\/ca\/producte\/taula-auxiliar-olimpia\/"]}]},{"@type":"ImageObject","inLanguage":"ca","@id":"https:\/\/www.navarroaubanell.com\/ca\/producte\/taula-auxiliar-olimpia\/#primaryimage","url":"https:\/\/www.navarroaubanell.com\/wp-content\/uploads\/2017\/09\/Mesa-aux.-Olimpia-blanco-natural.jpg","contentUrl":"https:\/\/www.navarroaubanell.com\/wp-content\/uploads\/2017\/09\/Mesa-aux.-Olimpia-blanco-natural.jpg","width":800,"height":650,"caption":"Mesa auxiliar Olimpia con la estructura blanca y el tejido color natural"},{"@type":"BreadcrumbList","@id":"https:\/\/www.navarroaubanell.com\/ca\/producte\/taula-auxiliar-olimpia\/#breadcrumb","itemListElement":[{"@type":"ListItem","position":1,"name":"Portada","item":"https:\/\/www.navarroaubanell.com\/ca\/"},{"@type":"ListItem","position":2,"name":"Productes","item":"https:\/\/www.navarroaubanell.com\/productos\/"},{"@type":"ListItem","position":3,"name":"Taula auxiliar Olimpia"}]},{"@type":"WebSite","@id":"https:\/\/www.navarroaubanell.com\/ca\/#website","url":"https:\/\/www.navarroaubanell.com\/ca\/","name":"Navarro Aubanell","description":"Mobiliario para hoteler\u00eda, colectividades y oficinas","publisher":{"@id":"https:\/\/www.navarroaubanell.com\/ca\/#organization"},"potentialAction":[{"@type":"SearchAction","target":{"@type":"EntryPoint","urlTemplate":"https:\/\/www.navarroaubanell.com\/ca\/?s={search_term_string}"},"query-input":{"@type":"PropertyValueSpecification","valueRequired":true,"valueName":"search_term_string"}}],"inLanguage":"ca"},{"@type":"Organization","@id":"https:\/\/www.navarroaubanell.com\/ca\/#organization","name":"COMERCIAL NAVARRO AUBANELL, S.A","url":"https:\/\/www.navarroaubanell.com\/ca\/","logo":{"@type":"ImageObject","inLanguage":"ca","@id":"https:\/\/www.navarroaubanell.com\/ca\/#\/schema\/logo\/image\/","url":"https:\/\/www.navarroaubanell.com\/wp-content\/uploads\/2017\/07\/logo-navarro-aubuanell.png","contentUrl":"https:\/\/www.navarroaubanell.com\/wp-content\/uploads\/2017\/07\/logo-navarro-aubuanell.png","width":6304,"height":1154,"caption":"COMERCIAL NAVARRO AUBANELL, S.A"},"image":{"@id":"https:\/\/www.navarroaubanell.com\/ca\/#\/schema\/logo\/image\/"}}]}},"_links":{"self":[{"href":"https:\/\/www.navarroaubanell.com\/ca\/wp-json\/wp\/v2\/product\/20274","targetHints":{"allow":["GET"]}}],"collection":[{"href":"https:\/\/www.navarroaubanell.com\/ca\/wp-json\/wp\/v2\/product"}],"about":[{"href":"https:\/\/www.navarroaubanell.com\/ca\/wp-json\/wp\/v2\/types\/product"}],"wp:featuredmedia":[{"embeddable":true,"href":"https:\/\/www.navarroaubanell.com\/ca\/wp-json\/wp\/v2\/media\/33070"}],"wp:attachment":[{"href":"https:\/\/www.navarroaubanell.com\/ca\/wp-json\/wp\/v2\/media?parent=20274"}],"wp:term":[{"taxonomy":"product_brand","embeddable":true,"href":"https:\/\/www.navarroaubanell.com\/ca\/wp-json\/wp\/v2\/product_brand?post=20274"},{"taxonomy":"product_cat","embeddable":true,"href":"https:\/\/www.navarroaubanell.com\/ca\/wp-json\/wp\/v2\/product_cat?post=20274"},{"taxonomy":"product_tag","embeddable":true,"href":"https:\/\/www.navarroaubanell.com\/ca\/wp-json\/wp\/v2\/product_tag?post=20274"}],"curies":[{"name":"wp","href":"https:\/\/api.w.org\/{rel}","templated":true}]}}