{"id":20269,"date":"2017-09-26T10:18:03","date_gmt":"2017-09-26T10:18:03","guid":{"rendered":"https:\/\/www.navarroaubanell.com\/producto\/sofia\/"},"modified":"2025-07-01T16:21:39","modified_gmt":"2025-07-01T14:21:39","slug":"taula-sofia-balliu-navarro-aubanell","status":"publish","type":"product","link":"https:\/\/www.navarroaubanell.com\/ca\/producte\/taula-sofia-balliu-navarro-aubanell\/","title":{"rendered":"Taula Sofia"},"content":{"rendered":"<p>La<strong> taula Sofia<\/strong> \u00e9s una opci\u00f3 excepcional per qui busca combinar funcionalitat, durabilitat i disseny en un sol moble. Fabricada amb una base <strong>d&#8217;alumini<\/strong> i estabilitzadors <strong>d&#8217;acer<\/strong> sotmesos a un tractament <strong>antioxidant<\/strong>, aquesta taula garanteix una resist\u00e8ncia superior a la corrosi\u00f3. El peu central, tamb\u00e9 fet d&#8217;alumini amb tractament antioxidant i poliment brillant, no sols afegeix estabilitat, sin\u00f3 tamb\u00e9 un toc de sofisticaci\u00f3 a l&#8217;estructura.<\/p>\n<p>Els caragols<strong> d&#8217;acer galvanitzat<\/strong> asseguren una fixaci\u00f3 duradora, mentre que els tacs fabricats en <strong>PVC<\/strong>, contribueixen a la seva estabilitat i resist\u00e8ncia. Una de les caracter\u00edstiques m\u00e9s destacades de la taula Sofia \u00e9s la seva capacitat d&#8217;<strong>apilament<\/strong> senzill i c\u00f2mode. Aquesta funcionalitat permet estalviar espai de manera eficient, convertint-la en una opci\u00f3 ideal per a hotels, restaurants i altres establiments que necessitin emmagatzemar m\u00faltiples taules sense ocupar massa espai.<\/p>\n<p>La<strong> taula Sofia<\/strong> est\u00e0 disponible amb taulers\u00a0<strong>HPL\u00a0<\/strong>i\u00a0<strong>Werzalit<\/strong>, materials coneguts per la seva durabilitat i facilitat de manteniment. A m\u00e9s, s&#8217;ofereix en una <strong>varietat de colors<\/strong>, la qual cosa permet adaptar-la a qualsevol estil i decoraci\u00f3.<\/p>\n<p>Per altra banda, per a major versatilitat, aques model tamb\u00e9 est\u00e0 disponible en dos <strong>formats de tamany<\/strong>, oferint opcions que s&#8217;ajusten a diferents necessitats i prefer\u00e8ncies.<\/p>\n<p><a href=\"https:\/\/balliuexport.com\/wp-content\/uploads\/2020\/02\/sofia-mesa-\">Fitxa t\u00e8cnica<\/a><\/p>\n","protected":false},"excerpt":{"rendered":"<p>&nbsp;<\/p>\n<p>&nbsp;<\/p>\n","protected":false},"featured_media":33237,"template":"","meta":{"_acf_changed":false},"product_brand":[887],"product_cat":[563,567],"product_tag":[795,587,593,847,720,756,842],"class_list":{"0":"post-20269","1":"product","2":"type-product","3":"status-publish","4":"has-post-thumbnail","6":"product_brand-balliu-ca","7":"product_cat-exterior-ca","8":"product_cat-taules-exterior","9":"product_tag-abatible-ca","10":"product_tag-apilable-ca","11":"product_tag-balliu-ca","12":"product_tag-mobiliari-exterior","13":"product_tag-outdoor-ca","14":"product_tag-sofia-ca","15":"product_tag-taula-exterior-ca","16":"description-off","18":"first","19":"instock","20":"shipping-taxable","21":"product-type-simple"},"acf":[],"yoast_head":"<!-- This site is optimized with the Yoast SEO plugin v27.0 - https:\/\/yoast.com\/product\/yoast-seo-wordpress\/ -->\n<title>Taula Sofia, Balliu - Navarro Aubanell<\/title>\n<meta name=\"description\" content=\"La taula Sofia es caracteritza per la seva apilabilidad de forma c\u00f2moda, permetent estalviar espai. Disponible amb tauler Werzalit i HPL. De Balliu.\" \/>\n<meta name=\"robots\" content=\"index, follow, max-snippet:-1, max-image-preview:large, max-video-preview:-1\" \/>\n<link rel=\"canonical\" href=\"https:\/\/www.navarroaubanell.com\/ca\/producte\/taula-sofia-balliu-navarro-aubanell\/\" \/>\n<meta property=\"og:locale\" content=\"ca_ES\" \/>\n<meta property=\"og:type\" content=\"article\" \/>\n<meta property=\"og:title\" content=\"Taula Sofia, Balliu - Navarro Aubanell\" \/>\n<meta property=\"og:description\" content=\"La taula Sofia es caracteritza per la seva apilabilidad de forma c\u00f2moda, permetent estalviar espai. Disponible amb tauler Werzalit i HPL. De Balliu.\" \/>\n<meta property=\"og:url\" content=\"https:\/\/www.navarroaubanell.com\/ca\/producte\/taula-sofia-balliu-navarro-aubanell\/\" \/>\n<meta property=\"og:site_name\" content=\"Navarro Aubanell\" \/>\n<meta property=\"article:modified_time\" content=\"2025-07-01T14:21:39+00:00\" \/>\n<meta property=\"og:image\" content=\"https:\/\/www.navarroaubanell.com\/wp-content\/uploads\/2017\/09\/Mesa-Sofia-aluminio.jpg\" \/>\n\t<meta property=\"og:image:width\" content=\"800\" \/>\n\t<meta property=\"og:image:height\" content=\"650\" \/>\n\t<meta property=\"og:image:type\" content=\"image\/jpeg\" \/>\n<meta name=\"twitter:label1\" content=\"Est. reading time\" \/>\n\t<meta name=\"twitter:data1\" content=\"2 minutes\" \/>\n<script type=\"application\/ld+json\" class=\"yoast-schema-graph\">{\"@context\":\"https:\/\/schema.org\",\"@graph\":[{\"@type\":\"WebPage\",\"@id\":\"https:\/\/www.navarroaubanell.com\/ca\/producte\/taula-sofia-balliu-navarro-aubanell\/\",\"url\":\"https:\/\/www.navarroaubanell.com\/ca\/producte\/taula-sofia-balliu-navarro-aubanell\/\",\"name\":\"Taula Sofia, Balliu - Navarro Aubanell\",\"isPartOf\":{\"@id\":\"https:\/\/www.navarroaubanell.com\/ca\/#website\"},\"primaryImageOfPage\":{\"@id\":\"https:\/\/www.navarroaubanell.com\/ca\/producte\/taula-sofia-balliu-navarro-aubanell\/#primaryimage\"},\"image\":{\"@id\":\"https:\/\/www.navarroaubanell.com\/ca\/producte\/taula-sofia-balliu-navarro-aubanell\/#primaryimage\"},\"thumbnailUrl\":\"https:\/\/www.navarroaubanell.com\/wp-content\/uploads\/2017\/09\/Mesa-Sofia-aluminio.jpg\",\"datePublished\":\"2017-09-26T10:18:03+00:00\",\"dateModified\":\"2025-07-01T14:21:39+00:00\",\"description\":\"La taula Sofia es caracteritza per la seva apilabilidad de forma c\u00f2moda, permetent estalviar espai. Disponible amb tauler Werzalit i HPL. De Balliu.\",\"breadcrumb\":{\"@id\":\"https:\/\/www.navarroaubanell.com\/ca\/producte\/taula-sofia-balliu-navarro-aubanell\/#breadcrumb\"},\"inLanguage\":\"ca\",\"potentialAction\":[{\"@type\":\"ReadAction\",\"target\":[\"https:\/\/www.navarroaubanell.com\/ca\/producte\/taula-sofia-balliu-navarro-aubanell\/\"]}]},{\"@type\":\"ImageObject\",\"inLanguage\":\"ca\",\"@id\":\"https:\/\/www.navarroaubanell.com\/ca\/producte\/taula-sofia-balliu-navarro-aubanell\/#primaryimage\",\"url\":\"https:\/\/www.navarroaubanell.com\/wp-content\/uploads\/2017\/09\/Mesa-Sofia-aluminio.jpg\",\"contentUrl\":\"https:\/\/www.navarroaubanell.com\/wp-content\/uploads\/2017\/09\/Mesa-Sofia-aluminio.jpg\",\"width\":800,\"height\":650,\"caption\":\"Taula Sofia d'alumini\"},{\"@type\":\"BreadcrumbList\",\"@id\":\"https:\/\/www.navarroaubanell.com\/ca\/producte\/taula-sofia-balliu-navarro-aubanell\/#breadcrumb\",\"itemListElement\":[{\"@type\":\"ListItem\",\"position\":1,\"name\":\"Portada\",\"item\":\"https:\/\/www.navarroaubanell.com\/ca\/\"},{\"@type\":\"ListItem\",\"position\":2,\"name\":\"Productes\",\"item\":\"https:\/\/www.navarroaubanell.com\/productos\/\"},{\"@type\":\"ListItem\",\"position\":3,\"name\":\"Taula Sofia\"}]},{\"@type\":\"WebSite\",\"@id\":\"https:\/\/www.navarroaubanell.com\/ca\/#website\",\"url\":\"https:\/\/www.navarroaubanell.com\/ca\/\",\"name\":\"Navarro Aubanell\",\"description\":\"Mobiliario para hoteler\u00eda, colectividades y oficinas\",\"publisher\":{\"@id\":\"https:\/\/www.navarroaubanell.com\/ca\/#organization\"},\"potentialAction\":[{\"@type\":\"SearchAction\",\"target\":{\"@type\":\"EntryPoint\",\"urlTemplate\":\"https:\/\/www.navarroaubanell.com\/ca\/?s={search_term_string}\"},\"query-input\":{\"@type\":\"PropertyValueSpecification\",\"valueRequired\":true,\"valueName\":\"search_term_string\"}}],\"inLanguage\":\"ca\"},{\"@type\":\"Organization\",\"@id\":\"https:\/\/www.navarroaubanell.com\/ca\/#organization\",\"name\":\"COMERCIAL NAVARRO AUBANELL, S.A\",\"url\":\"https:\/\/www.navarroaubanell.com\/ca\/\",\"logo\":{\"@type\":\"ImageObject\",\"inLanguage\":\"ca\",\"@id\":\"https:\/\/www.navarroaubanell.com\/ca\/#\/schema\/logo\/image\/\",\"url\":\"https:\/\/www.navarroaubanell.com\/wp-content\/uploads\/2017\/07\/logo-navarro-aubuanell.png\",\"contentUrl\":\"https:\/\/www.navarroaubanell.com\/wp-content\/uploads\/2017\/07\/logo-navarro-aubuanell.png\",\"width\":6304,\"height\":1154,\"caption\":\"COMERCIAL NAVARRO AUBANELL, S.A\"},\"image\":{\"@id\":\"https:\/\/www.navarroaubanell.com\/ca\/#\/schema\/logo\/image\/\"}}]}<\/script>\n<!-- \/ Yoast SEO plugin. -->","yoast_head_json":{"title":"Taula Sofia, Balliu - Navarro Aubanell","description":"La taula Sofia es caracteritza per la seva apilabilidad de forma c\u00f2moda, permetent estalviar espai. Disponible amb tauler Werzalit i HPL. De Balliu.","robots":{"index":"index","follow":"follow","max-snippet":"max-snippet:-1","max-image-preview":"max-image-preview:large","max-video-preview":"max-video-preview:-1"},"canonical":"https:\/\/www.navarroaubanell.com\/ca\/producte\/taula-sofia-balliu-navarro-aubanell\/","og_locale":"ca_ES","og_type":"article","og_title":"Taula Sofia, Balliu - Navarro Aubanell","og_description":"La taula Sofia es caracteritza per la seva apilabilidad de forma c\u00f2moda, permetent estalviar espai. Disponible amb tauler Werzalit i HPL. De Balliu.","og_url":"https:\/\/www.navarroaubanell.com\/ca\/producte\/taula-sofia-balliu-navarro-aubanell\/","og_site_name":"Navarro Aubanell","article_modified_time":"2025-07-01T14:21:39+00:00","og_image":[{"width":800,"height":650,"url":"https:\/\/www.navarroaubanell.com\/wp-content\/uploads\/2017\/09\/Mesa-Sofia-aluminio.jpg","type":"image\/jpeg"}],"twitter_misc":{"Est. reading time":"2 minutes"},"schema":{"@context":"https:\/\/schema.org","@graph":[{"@type":"WebPage","@id":"https:\/\/www.navarroaubanell.com\/ca\/producte\/taula-sofia-balliu-navarro-aubanell\/","url":"https:\/\/www.navarroaubanell.com\/ca\/producte\/taula-sofia-balliu-navarro-aubanell\/","name":"Taula Sofia, Balliu - Navarro Aubanell","isPartOf":{"@id":"https:\/\/www.navarroaubanell.com\/ca\/#website"},"primaryImageOfPage":{"@id":"https:\/\/www.navarroaubanell.com\/ca\/producte\/taula-sofia-balliu-navarro-aubanell\/#primaryimage"},"image":{"@id":"https:\/\/www.navarroaubanell.com\/ca\/producte\/taula-sofia-balliu-navarro-aubanell\/#primaryimage"},"thumbnailUrl":"https:\/\/www.navarroaubanell.com\/wp-content\/uploads\/2017\/09\/Mesa-Sofia-aluminio.jpg","datePublished":"2017-09-26T10:18:03+00:00","dateModified":"2025-07-01T14:21:39+00:00","description":"La taula Sofia es caracteritza per la seva apilabilidad de forma c\u00f2moda, permetent estalviar espai. Disponible amb tauler Werzalit i HPL. De Balliu.","breadcrumb":{"@id":"https:\/\/www.navarroaubanell.com\/ca\/producte\/taula-sofia-balliu-navarro-aubanell\/#breadcrumb"},"inLanguage":"ca","potentialAction":[{"@type":"ReadAction","target":["https:\/\/www.navarroaubanell.com\/ca\/producte\/taula-sofia-balliu-navarro-aubanell\/"]}]},{"@type":"ImageObject","inLanguage":"ca","@id":"https:\/\/www.navarroaubanell.com\/ca\/producte\/taula-sofia-balliu-navarro-aubanell\/#primaryimage","url":"https:\/\/www.navarroaubanell.com\/wp-content\/uploads\/2017\/09\/Mesa-Sofia-aluminio.jpg","contentUrl":"https:\/\/www.navarroaubanell.com\/wp-content\/uploads\/2017\/09\/Mesa-Sofia-aluminio.jpg","width":800,"height":650,"caption":"Taula Sofia d'alumini"},{"@type":"BreadcrumbList","@id":"https:\/\/www.navarroaubanell.com\/ca\/producte\/taula-sofia-balliu-navarro-aubanell\/#breadcrumb","itemListElement":[{"@type":"ListItem","position":1,"name":"Portada","item":"https:\/\/www.navarroaubanell.com\/ca\/"},{"@type":"ListItem","position":2,"name":"Productes","item":"https:\/\/www.navarroaubanell.com\/productos\/"},{"@type":"ListItem","position":3,"name":"Taula Sofia"}]},{"@type":"WebSite","@id":"https:\/\/www.navarroaubanell.com\/ca\/#website","url":"https:\/\/www.navarroaubanell.com\/ca\/","name":"Navarro Aubanell","description":"Mobiliario para hoteler\u00eda, colectividades y oficinas","publisher":{"@id":"https:\/\/www.navarroaubanell.com\/ca\/#organization"},"potentialAction":[{"@type":"SearchAction","target":{"@type":"EntryPoint","urlTemplate":"https:\/\/www.navarroaubanell.com\/ca\/?s={search_term_string}"},"query-input":{"@type":"PropertyValueSpecification","valueRequired":true,"valueName":"search_term_string"}}],"inLanguage":"ca"},{"@type":"Organization","@id":"https:\/\/www.navarroaubanell.com\/ca\/#organization","name":"COMERCIAL NAVARRO AUBANELL, S.A","url":"https:\/\/www.navarroaubanell.com\/ca\/","logo":{"@type":"ImageObject","inLanguage":"ca","@id":"https:\/\/www.navarroaubanell.com\/ca\/#\/schema\/logo\/image\/","url":"https:\/\/www.navarroaubanell.com\/wp-content\/uploads\/2017\/07\/logo-navarro-aubuanell.png","contentUrl":"https:\/\/www.navarroaubanell.com\/wp-content\/uploads\/2017\/07\/logo-navarro-aubuanell.png","width":6304,"height":1154,"caption":"COMERCIAL NAVARRO AUBANELL, S.A"},"image":{"@id":"https:\/\/www.navarroaubanell.com\/ca\/#\/schema\/logo\/image\/"}}]}},"_links":{"self":[{"href":"https:\/\/www.navarroaubanell.com\/ca\/wp-json\/wp\/v2\/product\/20269","targetHints":{"allow":["GET"]}}],"collection":[{"href":"https:\/\/www.navarroaubanell.com\/ca\/wp-json\/wp\/v2\/product"}],"about":[{"href":"https:\/\/www.navarroaubanell.com\/ca\/wp-json\/wp\/v2\/types\/product"}],"wp:featuredmedia":[{"embeddable":true,"href":"https:\/\/www.navarroaubanell.com\/ca\/wp-json\/wp\/v2\/media\/33237"}],"wp:attachment":[{"href":"https:\/\/www.navarroaubanell.com\/ca\/wp-json\/wp\/v2\/media?parent=20269"}],"wp:term":[{"taxonomy":"product_brand","embeddable":true,"href":"https:\/\/www.navarroaubanell.com\/ca\/wp-json\/wp\/v2\/product_brand?post=20269"},{"taxonomy":"product_cat","embeddable":true,"href":"https:\/\/www.navarroaubanell.com\/ca\/wp-json\/wp\/v2\/product_cat?post=20269"},{"taxonomy":"product_tag","embeddable":true,"href":"https:\/\/www.navarroaubanell.com\/ca\/wp-json\/wp\/v2\/product_tag?post=20269"}],"curies":[{"name":"wp","href":"https:\/\/api.w.org\/{rel}","templated":true}]}}