{"id":20268,"date":"2017-09-26T10:30:40","date_gmt":"2017-09-26T10:30:40","guid":{"rendered":"https:\/\/www.navarroaubanell.com\/producto\/bristol\/"},"modified":"2025-07-01T16:31:35","modified_gmt":"2025-07-01T14:31:35","slug":"mini-gandula-bristol","status":"publish","type":"product","link":"https:\/\/www.navarroaubanell.com\/ca\/producte\/mini-gandula-bristol\/","title":{"rendered":"Mini gandula Bristol"},"content":{"rendered":"<p>La<strong> mini gandula Bristol<\/strong> destaca per la seva estructura elaborada amb fusta <strong><em>Merpauh<\/em><\/strong>, una fusta <strong>sostenible<\/strong> i duradora. A m\u00e9s, est\u00e0 rematada amb<strong> oli de teca<\/strong> i uns caragols d&#8217;<strong>acer inoxidable<\/strong>, que la fan resistent als ambients marins. Aquesta mini gandula \u00e9s resistent a la intemp\u00e8rie i <strong>plegable<\/strong>, per la qual cosa \u00e9s ideal per a qualsevol entorn.<\/p>\n<p>El teixit\u00a0<span class=\"hiddenGrammarError\">de la <strong>mini<\/strong><\/span><strong>\u00a0gandula Bristol<\/strong> \u00e9s <strong>transpirable<\/strong>, resistent als raigs\u00a0<span class=\"hiddenSpellError\">UVA<\/span> i t\u00e9 un sistema <strong>antimicrobi\u00e0<\/strong> contra males olors i humitat. La Bristol est\u00e0 disponible en una \u00e0mplia<strong> gamma de colors<\/strong> per a adequar-se a la decoraci\u00f3 que m\u00e9s t&#8217;agradi. Aquesta gandula no sols est\u00e0 dissenyada per a la comoditat i l&#8217;est\u00e8tica, sin\u00f3 que tamb\u00e9 est\u00e0 compromesa amb del medi ambient. \u00c9s per aix\u00f2 que per a la seva fabricaci\u00f3, s&#8217;utilitza fusta de fonts sostenibles amb acreditaci\u00f3 <span class=\"hiddenSpellError\">PEFC<\/span>, aquest certificat assegura que la fusta prov\u00e9 d&#8217;una gesti\u00f3 forestal legal i sostenible, garantint tant la qualitat del producte com el respecte al medi ambient.<\/p>\n<p>A m\u00e9s, oferim la possibilitat d&#8217;imprimir un logotip o anagrama a un baix cost, personalitzant la gandula segons les necessitats del client i fent que aquestes mini gandules siguin exclusivament teves, \u00faniques en el m\u00f3n.<\/p>\n<p><a href=\"https:\/\/balliuexport.com\/wp-content\/uploads\/2020\/01\/bristol-mini-tumbona-comprimido.pdf\">Fitxa t\u00e8cnica<\/a><\/p>\n","protected":false},"excerpt":{"rendered":"<p>&nbsp;<\/p>\n<p>&nbsp;<\/p>\n","protected":false},"featured_media":18571,"template":"","meta":{"_acf_changed":false},"product_brand":[887],"product_cat":[563,568],"product_tag":[593,808,833,846,847,720,854,1180],"class_list":{"0":"post-20268","1":"product","2":"type-product","3":"status-publish","4":"has-post-thumbnail","6":"product_brand-balliu-ca","7":"product_cat-exterior-ca","8":"product_cat-mini-tumbones-exterior","9":"product_tag-balliu-ca","10":"product_tag-bristol-ca","11":"product_tag-graduable-ca","12":"product_tag-mini-tumbona-ca","13":"product_tag-mobiliari-exterior","14":"product_tag-outdoor-ca","15":"product_tag-plegable-ca","16":"product_tag-sostenible","17":"description-off","19":"first","20":"instock","21":"shipping-taxable","22":"product-type-simple"},"acf":[],"yoast_head":"<!-- This site is optimized with the Yoast SEO plugin v27.5 - https:\/\/yoast.com\/product\/yoast-seo-wordpress\/ -->\n<title>Mini gandula Bristol, Balliu - Navarro Aubanell<\/title>\n<meta name=\"description\" content=\"Mini gandula Bristol: c\u00f2moda, est\u00e8tica, moderna, plegable, forta, fabricada amb fusta Merpauh. Ideal per a la teva relaxaci\u00f3 a l&#039;exterior.\" \/>\n<meta name=\"robots\" content=\"index, follow, max-snippet:-1, max-image-preview:large, max-video-preview:-1\" \/>\n<link rel=\"canonical\" href=\"https:\/\/www.navarroaubanell.com\/ca\/producte\/mini-gandula-bristol\/\" \/>\n<meta property=\"og:locale\" content=\"ca_ES\" \/>\n<meta property=\"og:type\" content=\"article\" \/>\n<meta property=\"og:title\" content=\"Mini gandula Bristol, Balliu - Navarro Aubanell\" \/>\n<meta property=\"og:description\" content=\"Mini gandula Bristol: c\u00f2moda, est\u00e8tica, moderna, plegable, forta, fabricada amb fusta Merpauh. Ideal per a la teva relaxaci\u00f3 a l&#039;exterior.\" \/>\n<meta property=\"og:url\" content=\"https:\/\/www.navarroaubanell.com\/ca\/producte\/mini-gandula-bristol\/\" \/>\n<meta property=\"og:site_name\" content=\"Navarro Aubanell\" \/>\n<meta property=\"article:modified_time\" content=\"2025-07-01T14:31:35+00:00\" \/>\n<meta property=\"og:image\" content=\"https:\/\/www.navarroaubanell.com\/wp-content\/uploads\/2017\/09\/img-destacada-bristolbo.jpg\" \/>\n\t<meta property=\"og:image:width\" content=\"512\" \/>\n\t<meta property=\"og:image:height\" content=\"512\" \/>\n\t<meta property=\"og:image:type\" content=\"image\/jpeg\" \/>\n<meta name=\"twitter:label1\" content=\"Est. reading time\" \/>\n\t<meta name=\"twitter:data1\" content=\"2 minutes\" \/>\n<script type=\"application\/ld+json\" class=\"yoast-schema-graph\">{\"@context\":\"https:\\\/\\\/schema.org\",\"@graph\":[{\"@type\":\"WebPage\",\"@id\":\"https:\\\/\\\/www.navarroaubanell.com\\\/ca\\\/producte\\\/mini-gandula-bristol\\\/\",\"url\":\"https:\\\/\\\/www.navarroaubanell.com\\\/ca\\\/producte\\\/mini-gandula-bristol\\\/\",\"name\":\"Mini gandula Bristol, Balliu - Navarro Aubanell\",\"isPartOf\":{\"@id\":\"https:\\\/\\\/www.navarroaubanell.com\\\/ca\\\/#website\"},\"primaryImageOfPage\":{\"@id\":\"https:\\\/\\\/www.navarroaubanell.com\\\/ca\\\/producte\\\/mini-gandula-bristol\\\/#primaryimage\"},\"image\":{\"@id\":\"https:\\\/\\\/www.navarroaubanell.com\\\/ca\\\/producte\\\/mini-gandula-bristol\\\/#primaryimage\"},\"thumbnailUrl\":\"https:\\\/\\\/www.navarroaubanell.com\\\/wp-content\\\/uploads\\\/2017\\\/09\\\/img-destacada-bristolbo.jpg\",\"datePublished\":\"2017-09-26T10:30:40+00:00\",\"dateModified\":\"2025-07-01T14:31:35+00:00\",\"description\":\"Mini gandula Bristol: c\u00f2moda, est\u00e8tica, moderna, plegable, forta, fabricada amb fusta Merpauh. Ideal per a la teva relaxaci\u00f3 a l'exterior.\",\"breadcrumb\":{\"@id\":\"https:\\\/\\\/www.navarroaubanell.com\\\/ca\\\/producte\\\/mini-gandula-bristol\\\/#breadcrumb\"},\"inLanguage\":\"ca\",\"potentialAction\":[{\"@type\":\"ReadAction\",\"target\":[\"https:\\\/\\\/www.navarroaubanell.com\\\/ca\\\/producte\\\/mini-gandula-bristol\\\/\"]}]},{\"@type\":\"ImageObject\",\"inLanguage\":\"ca\",\"@id\":\"https:\\\/\\\/www.navarroaubanell.com\\\/ca\\\/producte\\\/mini-gandula-bristol\\\/#primaryimage\",\"url\":\"https:\\\/\\\/www.navarroaubanell.com\\\/wp-content\\\/uploads\\\/2017\\\/09\\\/img-destacada-bristolbo.jpg\",\"contentUrl\":\"https:\\\/\\\/www.navarroaubanell.com\\\/wp-content\\\/uploads\\\/2017\\\/09\\\/img-destacada-bristolbo.jpg\",\"width\":512,\"height\":512,\"caption\":\"Mini tumbona Bristol en verde\"},{\"@type\":\"BreadcrumbList\",\"@id\":\"https:\\\/\\\/www.navarroaubanell.com\\\/ca\\\/producte\\\/mini-gandula-bristol\\\/#breadcrumb\",\"itemListElement\":[{\"@type\":\"ListItem\",\"position\":1,\"name\":\"Portada\",\"item\":\"https:\\\/\\\/www.navarroaubanell.com\\\/ca\\\/\"},{\"@type\":\"ListItem\",\"position\":2,\"name\":\"Productes\",\"item\":\"https:\\\/\\\/www.navarroaubanell.com\\\/productos\\\/\"},{\"@type\":\"ListItem\",\"position\":3,\"name\":\"Mini gandula Bristol\"}]},{\"@type\":\"WebSite\",\"@id\":\"https:\\\/\\\/www.navarroaubanell.com\\\/ca\\\/#website\",\"url\":\"https:\\\/\\\/www.navarroaubanell.com\\\/ca\\\/\",\"name\":\"Navarro Aubanell\",\"description\":\"Mobiliario para hoteler\u00eda, colectividades y oficinas\",\"publisher\":{\"@id\":\"https:\\\/\\\/www.navarroaubanell.com\\\/ca\\\/#organization\"},\"potentialAction\":[{\"@type\":\"SearchAction\",\"target\":{\"@type\":\"EntryPoint\",\"urlTemplate\":\"https:\\\/\\\/www.navarroaubanell.com\\\/ca\\\/?s={search_term_string}\"},\"query-input\":{\"@type\":\"PropertyValueSpecification\",\"valueRequired\":true,\"valueName\":\"search_term_string\"}}],\"inLanguage\":\"ca\"},{\"@type\":\"Organization\",\"@id\":\"https:\\\/\\\/www.navarroaubanell.com\\\/ca\\\/#organization\",\"name\":\"COMERCIAL NAVARRO AUBANELL, S.A\",\"url\":\"https:\\\/\\\/www.navarroaubanell.com\\\/ca\\\/\",\"logo\":{\"@type\":\"ImageObject\",\"inLanguage\":\"ca\",\"@id\":\"https:\\\/\\\/www.navarroaubanell.com\\\/ca\\\/#\\\/schema\\\/logo\\\/image\\\/\",\"url\":\"https:\\\/\\\/www.navarroaubanell.com\\\/wp-content\\\/uploads\\\/2017\\\/07\\\/logo-navarro-aubuanell.png\",\"contentUrl\":\"https:\\\/\\\/www.navarroaubanell.com\\\/wp-content\\\/uploads\\\/2017\\\/07\\\/logo-navarro-aubuanell.png\",\"width\":6304,\"height\":1154,\"caption\":\"COMERCIAL NAVARRO AUBANELL, S.A\"},\"image\":{\"@id\":\"https:\\\/\\\/www.navarroaubanell.com\\\/ca\\\/#\\\/schema\\\/logo\\\/image\\\/\"}}]}<\/script>\n<!-- \/ Yoast SEO plugin. -->","yoast_head_json":{"title":"Mini gandula Bristol, Balliu - Navarro Aubanell","description":"Mini gandula Bristol: c\u00f2moda, est\u00e8tica, moderna, plegable, forta, fabricada amb fusta Merpauh. Ideal per a la teva relaxaci\u00f3 a l'exterior.","robots":{"index":"index","follow":"follow","max-snippet":"max-snippet:-1","max-image-preview":"max-image-preview:large","max-video-preview":"max-video-preview:-1"},"canonical":"https:\/\/www.navarroaubanell.com\/ca\/producte\/mini-gandula-bristol\/","og_locale":"ca_ES","og_type":"article","og_title":"Mini gandula Bristol, Balliu - Navarro Aubanell","og_description":"Mini gandula Bristol: c\u00f2moda, est\u00e8tica, moderna, plegable, forta, fabricada amb fusta Merpauh. Ideal per a la teva relaxaci\u00f3 a l'exterior.","og_url":"https:\/\/www.navarroaubanell.com\/ca\/producte\/mini-gandula-bristol\/","og_site_name":"Navarro Aubanell","article_modified_time":"2025-07-01T14:31:35+00:00","og_image":[{"width":512,"height":512,"url":"https:\/\/www.navarroaubanell.com\/wp-content\/uploads\/2017\/09\/img-destacada-bristolbo.jpg","type":"image\/jpeg"}],"twitter_misc":{"Est. reading time":"2 minutes"},"schema":{"@context":"https:\/\/schema.org","@graph":[{"@type":"WebPage","@id":"https:\/\/www.navarroaubanell.com\/ca\/producte\/mini-gandula-bristol\/","url":"https:\/\/www.navarroaubanell.com\/ca\/producte\/mini-gandula-bristol\/","name":"Mini gandula Bristol, Balliu - Navarro Aubanell","isPartOf":{"@id":"https:\/\/www.navarroaubanell.com\/ca\/#website"},"primaryImageOfPage":{"@id":"https:\/\/www.navarroaubanell.com\/ca\/producte\/mini-gandula-bristol\/#primaryimage"},"image":{"@id":"https:\/\/www.navarroaubanell.com\/ca\/producte\/mini-gandula-bristol\/#primaryimage"},"thumbnailUrl":"https:\/\/www.navarroaubanell.com\/wp-content\/uploads\/2017\/09\/img-destacada-bristolbo.jpg","datePublished":"2017-09-26T10:30:40+00:00","dateModified":"2025-07-01T14:31:35+00:00","description":"Mini gandula Bristol: c\u00f2moda, est\u00e8tica, moderna, plegable, forta, fabricada amb fusta Merpauh. Ideal per a la teva relaxaci\u00f3 a l'exterior.","breadcrumb":{"@id":"https:\/\/www.navarroaubanell.com\/ca\/producte\/mini-gandula-bristol\/#breadcrumb"},"inLanguage":"ca","potentialAction":[{"@type":"ReadAction","target":["https:\/\/www.navarroaubanell.com\/ca\/producte\/mini-gandula-bristol\/"]}]},{"@type":"ImageObject","inLanguage":"ca","@id":"https:\/\/www.navarroaubanell.com\/ca\/producte\/mini-gandula-bristol\/#primaryimage","url":"https:\/\/www.navarroaubanell.com\/wp-content\/uploads\/2017\/09\/img-destacada-bristolbo.jpg","contentUrl":"https:\/\/www.navarroaubanell.com\/wp-content\/uploads\/2017\/09\/img-destacada-bristolbo.jpg","width":512,"height":512,"caption":"Mini tumbona Bristol en verde"},{"@type":"BreadcrumbList","@id":"https:\/\/www.navarroaubanell.com\/ca\/producte\/mini-gandula-bristol\/#breadcrumb","itemListElement":[{"@type":"ListItem","position":1,"name":"Portada","item":"https:\/\/www.navarroaubanell.com\/ca\/"},{"@type":"ListItem","position":2,"name":"Productes","item":"https:\/\/www.navarroaubanell.com\/productos\/"},{"@type":"ListItem","position":3,"name":"Mini gandula Bristol"}]},{"@type":"WebSite","@id":"https:\/\/www.navarroaubanell.com\/ca\/#website","url":"https:\/\/www.navarroaubanell.com\/ca\/","name":"Navarro Aubanell","description":"Mobiliario para hoteler\u00eda, colectividades y oficinas","publisher":{"@id":"https:\/\/www.navarroaubanell.com\/ca\/#organization"},"potentialAction":[{"@type":"SearchAction","target":{"@type":"EntryPoint","urlTemplate":"https:\/\/www.navarroaubanell.com\/ca\/?s={search_term_string}"},"query-input":{"@type":"PropertyValueSpecification","valueRequired":true,"valueName":"search_term_string"}}],"inLanguage":"ca"},{"@type":"Organization","@id":"https:\/\/www.navarroaubanell.com\/ca\/#organization","name":"COMERCIAL NAVARRO AUBANELL, S.A","url":"https:\/\/www.navarroaubanell.com\/ca\/","logo":{"@type":"ImageObject","inLanguage":"ca","@id":"https:\/\/www.navarroaubanell.com\/ca\/#\/schema\/logo\/image\/","url":"https:\/\/www.navarroaubanell.com\/wp-content\/uploads\/2017\/07\/logo-navarro-aubuanell.png","contentUrl":"https:\/\/www.navarroaubanell.com\/wp-content\/uploads\/2017\/07\/logo-navarro-aubuanell.png","width":6304,"height":1154,"caption":"COMERCIAL NAVARRO AUBANELL, S.A"},"image":{"@id":"https:\/\/www.navarroaubanell.com\/ca\/#\/schema\/logo\/image\/"}}]}},"_links":{"self":[{"href":"https:\/\/www.navarroaubanell.com\/ca\/wp-json\/wp\/v2\/product\/20268","targetHints":{"allow":["GET"]}}],"collection":[{"href":"https:\/\/www.navarroaubanell.com\/ca\/wp-json\/wp\/v2\/product"}],"about":[{"href":"https:\/\/www.navarroaubanell.com\/ca\/wp-json\/wp\/v2\/types\/product"}],"wp:featuredmedia":[{"embeddable":true,"href":"https:\/\/www.navarroaubanell.com\/ca\/wp-json\/wp\/v2\/media\/18571"}],"wp:attachment":[{"href":"https:\/\/www.navarroaubanell.com\/ca\/wp-json\/wp\/v2\/media?parent=20268"}],"wp:term":[{"taxonomy":"product_brand","embeddable":true,"href":"https:\/\/www.navarroaubanell.com\/ca\/wp-json\/wp\/v2\/product_brand?post=20268"},{"taxonomy":"product_cat","embeddable":true,"href":"https:\/\/www.navarroaubanell.com\/ca\/wp-json\/wp\/v2\/product_cat?post=20268"},{"taxonomy":"product_tag","embeddable":true,"href":"https:\/\/www.navarroaubanell.com\/ca\/wp-json\/wp\/v2\/product_tag?post=20268"}],"curies":[{"name":"wp","href":"https:\/\/api.w.org\/{rel}","templated":true}]}}