{"id":20265,"date":"2017-09-26T14:01:45","date_gmt":"2017-09-26T14:01:45","guid":{"rendered":"https:\/\/www.navarroaubanell.com\/producto\/marina-s\/"},"modified":"2025-07-01T17:01:13","modified_gmt":"2025-07-01T15:01:13","slug":"mini-gandula-marina-s","status":"publish","type":"product","link":"https:\/\/www.navarroaubanell.com\/ca\/producte\/mini-gandula-marina-s\/","title":{"rendered":"Mini gandula Marina S"},"content":{"rendered":"<p>La<strong> mini gandula Marina S<\/strong> apilable \u00e9s la soluci\u00f3 ideal per als qui busquen comoditat i durabilitat en ambients exteriors. El seu xass\u00eds est\u00e0 fabricat en tub d&#8217;<strong>alumini endurit<\/strong> i amb caragols d&#8217;<strong>acer inoxidable,<\/strong> oferint una gran resist\u00e8ncia a la corrosi\u00f3 en ambients marins. Els accessoris, com a taps, tacs i reguladors, estan fets de <strong>resina de polipropil\u00e8<\/strong>, resistent als raigs\u00a0<span class=\"hiddenSpellError\">UVA<\/span>, garantint una llarga vida \u00fatil. La pintura en pols amb base de r<strong>esines de poli\u00e8ster<\/strong>\u00a0proporciona una excel\u00b7lent resist\u00e8ncia a la llum i als entorns exteriors.<\/p>\n<p>El seu disseny amb extrems arrodonits garanteix una major seguretat durant l&#8217;\u00fas, minimitzant riscos d&#8217;accidents.<\/p>\n<p>El teixit de la gandula \u00e9s f\u00e0cilment <strong>substitu\u00efble<\/strong>, la qual cosa facilita el seu manteniment i prolonga la seva vida \u00fatil. Aquest teixit \u00e9s <strong>transpirable<\/strong>, resistent als raigs\u00a0<span class=\"hiddenSpellError\">UVA<\/span> i disposa de protecci\u00f3 <strong>antimicrobiana<\/strong> que prev\u00e9 males olors i l&#8217;acumulaci\u00f3 d&#8217;humitat.<\/p>\n<p>Ideal per a \u00fas professional en piscines, terrasses d&#8217;hotels,\u00a0balnearis\u00a0i altres espais comunitaris, la <strong>mini gandula Marina S<\/strong> combina durabilitat i estil. La seva capacitat <strong>d&#8217;apilament<\/strong> permet optimitzar l&#8217;espai d&#8217;emmagatzematge, sent perfecta per a entorns amb alta rotaci\u00f3 d&#8217;usuaris. La construcci\u00f3 amb materials d&#8217;alta qualitat assegura una resist\u00e8ncia excepcional a la intemp\u00e8rie, convertint\u00a0<span class=\"hiddenGrammarError\">la mini<\/span>\u00a0gandula apilable en una opci\u00f3 fiable i atractiva per a qualsevol instal\u00b7laci\u00f3 exterior.<\/p>\n<p>&nbsp;<\/p>\n<p>Enlla\u00e7 a la <a href=\"https:\/\/balliuexport.com\/wp-content\/uploads\/2023\/12\/Marina-S-mini-tumbona-comprimido.pdf\">fitxa t\u00e8cnica<\/a><\/p>\n","protected":false},"excerpt":{"rendered":"<p>&nbsp;<\/p>\n<p>&nbsp;<\/p>\n","protected":false},"featured_media":32917,"template":"","meta":{"_acf_changed":false},"product_brand":[887],"product_cat":[563,568],"product_tag":[1428,587,593,640,690,846,720,1183],"class_list":{"0":"post-20265","1":"product","2":"type-product","3":"status-publish","4":"has-post-thumbnail","6":"product_brand-balliu-ca","7":"product_cat-exterior-ca","8":"product_cat-mini-tumbones-exterior","9":"product_tag-antimicrobiano-ca","10":"product_tag-apilable-ca","11":"product_tag-balliu-ca","12":"product_tag-exterior-ca","13":"product_tag-marina-s-ca","14":"product_tag-mini-tumbona-ca","15":"product_tag-outdoor-ca","16":"product_tag-transpirable-ca","17":"description-off","19":"first","20":"instock","21":"shipping-taxable","22":"product-type-simple"},"acf":[],"yoast_head":"<!-- This site is optimized with the Yoast SEO plugin v27.0 - https:\/\/yoast.com\/product\/yoast-seo-wordpress\/ -->\n<title>Mini gandula Marina S, Balliu- Navarro Aubanell<\/title>\n<meta name=\"description\" content=\"Mini gandula Marina S: alumini endurit, caragols d&#039;acer inoxidable, accessoris en polipropil\u00e8. Resistent als raigs UVA, transpirable i ideal.\" \/>\n<meta name=\"robots\" content=\"index, follow, max-snippet:-1, max-image-preview:large, max-video-preview:-1\" \/>\n<link rel=\"canonical\" href=\"https:\/\/www.navarroaubanell.com\/ca\/producte\/mini-gandula-marina-s\/\" \/>\n<meta property=\"og:locale\" content=\"ca_ES\" \/>\n<meta property=\"og:type\" content=\"article\" \/>\n<meta property=\"og:title\" content=\"Mini gandula Marina S, Balliu- Navarro Aubanell\" \/>\n<meta property=\"og:description\" content=\"Mini gandula Marina S: alumini endurit, caragols d&#039;acer inoxidable, accessoris en polipropil\u00e8. Resistent als raigs UVA, transpirable i ideal.\" \/>\n<meta property=\"og:url\" content=\"https:\/\/www.navarroaubanell.com\/ca\/producte\/mini-gandula-marina-s\/\" \/>\n<meta property=\"og:site_name\" content=\"Navarro Aubanell\" \/>\n<meta property=\"article:modified_time\" content=\"2025-07-01T15:01:13+00:00\" \/>\n<meta property=\"og:image\" content=\"https:\/\/www.navarroaubanell.com\/wp-content\/uploads\/2017\/09\/Mini-tumbona-Marina-S.jpeg\" \/>\n\t<meta property=\"og:image:width\" content=\"800\" \/>\n\t<meta property=\"og:image:height\" content=\"650\" \/>\n\t<meta property=\"og:image:type\" content=\"image\/jpeg\" \/>\n<meta name=\"twitter:label1\" content=\"Est. reading time\" \/>\n\t<meta name=\"twitter:data1\" content=\"2 minutes\" \/>\n<script type=\"application\/ld+json\" class=\"yoast-schema-graph\">{\"@context\":\"https:\/\/schema.org\",\"@graph\":[{\"@type\":\"WebPage\",\"@id\":\"https:\/\/www.navarroaubanell.com\/ca\/producte\/mini-gandula-marina-s\/\",\"url\":\"https:\/\/www.navarroaubanell.com\/ca\/producte\/mini-gandula-marina-s\/\",\"name\":\"Mini gandula Marina S, Balliu- Navarro Aubanell\",\"isPartOf\":{\"@id\":\"https:\/\/www.navarroaubanell.com\/ca\/#website\"},\"primaryImageOfPage\":{\"@id\":\"https:\/\/www.navarroaubanell.com\/ca\/producte\/mini-gandula-marina-s\/#primaryimage\"},\"image\":{\"@id\":\"https:\/\/www.navarroaubanell.com\/ca\/producte\/mini-gandula-marina-s\/#primaryimage\"},\"thumbnailUrl\":\"https:\/\/www.navarroaubanell.com\/wp-content\/uploads\/2017\/09\/Mini-tumbona-Marina-S.jpeg\",\"datePublished\":\"2017-09-26T14:01:45+00:00\",\"dateModified\":\"2025-07-01T15:01:13+00:00\",\"description\":\"Mini gandula Marina S: alumini endurit, caragols d'acer inoxidable, accessoris en polipropil\u00e8. Resistent als raigs UVA, transpirable i ideal.\",\"breadcrumb\":{\"@id\":\"https:\/\/www.navarroaubanell.com\/ca\/producte\/mini-gandula-marina-s\/#breadcrumb\"},\"inLanguage\":\"ca\",\"potentialAction\":[{\"@type\":\"ReadAction\",\"target\":[\"https:\/\/www.navarroaubanell.com\/ca\/producte\/mini-gandula-marina-s\/\"]}]},{\"@type\":\"ImageObject\",\"inLanguage\":\"ca\",\"@id\":\"https:\/\/www.navarroaubanell.com\/ca\/producte\/mini-gandula-marina-s\/#primaryimage\",\"url\":\"https:\/\/www.navarroaubanell.com\/wp-content\/uploads\/2017\/09\/Mini-tumbona-Marina-S.jpeg\",\"contentUrl\":\"https:\/\/www.navarroaubanell.com\/wp-content\/uploads\/2017\/09\/Mini-tumbona-Marina-S.jpeg\",\"width\":800,\"height\":650,\"caption\":\"Mini gandula Marina S amb l'estructura blanca i el teixit color blau mar\u00ed\"},{\"@type\":\"BreadcrumbList\",\"@id\":\"https:\/\/www.navarroaubanell.com\/ca\/producte\/mini-gandula-marina-s\/#breadcrumb\",\"itemListElement\":[{\"@type\":\"ListItem\",\"position\":1,\"name\":\"Portada\",\"item\":\"https:\/\/www.navarroaubanell.com\/ca\/\"},{\"@type\":\"ListItem\",\"position\":2,\"name\":\"Productes\",\"item\":\"https:\/\/www.navarroaubanell.com\/productos\/\"},{\"@type\":\"ListItem\",\"position\":3,\"name\":\"Mini gandula Marina S\"}]},{\"@type\":\"WebSite\",\"@id\":\"https:\/\/www.navarroaubanell.com\/ca\/#website\",\"url\":\"https:\/\/www.navarroaubanell.com\/ca\/\",\"name\":\"Navarro Aubanell\",\"description\":\"Mobiliario para hoteler\u00eda, colectividades y oficinas\",\"publisher\":{\"@id\":\"https:\/\/www.navarroaubanell.com\/ca\/#organization\"},\"potentialAction\":[{\"@type\":\"SearchAction\",\"target\":{\"@type\":\"EntryPoint\",\"urlTemplate\":\"https:\/\/www.navarroaubanell.com\/ca\/?s={search_term_string}\"},\"query-input\":{\"@type\":\"PropertyValueSpecification\",\"valueRequired\":true,\"valueName\":\"search_term_string\"}}],\"inLanguage\":\"ca\"},{\"@type\":\"Organization\",\"@id\":\"https:\/\/www.navarroaubanell.com\/ca\/#organization\",\"name\":\"COMERCIAL NAVARRO AUBANELL, S.A\",\"url\":\"https:\/\/www.navarroaubanell.com\/ca\/\",\"logo\":{\"@type\":\"ImageObject\",\"inLanguage\":\"ca\",\"@id\":\"https:\/\/www.navarroaubanell.com\/ca\/#\/schema\/logo\/image\/\",\"url\":\"https:\/\/www.navarroaubanell.com\/wp-content\/uploads\/2017\/07\/logo-navarro-aubuanell.png\",\"contentUrl\":\"https:\/\/www.navarroaubanell.com\/wp-content\/uploads\/2017\/07\/logo-navarro-aubuanell.png\",\"width\":6304,\"height\":1154,\"caption\":\"COMERCIAL NAVARRO AUBANELL, S.A\"},\"image\":{\"@id\":\"https:\/\/www.navarroaubanell.com\/ca\/#\/schema\/logo\/image\/\"}}]}<\/script>\n<!-- \/ Yoast SEO plugin. -->","yoast_head_json":{"title":"Mini gandula Marina S, Balliu- Navarro Aubanell","description":"Mini gandula Marina S: alumini endurit, caragols d'acer inoxidable, accessoris en polipropil\u00e8. Resistent als raigs UVA, transpirable i ideal.","robots":{"index":"index","follow":"follow","max-snippet":"max-snippet:-1","max-image-preview":"max-image-preview:large","max-video-preview":"max-video-preview:-1"},"canonical":"https:\/\/www.navarroaubanell.com\/ca\/producte\/mini-gandula-marina-s\/","og_locale":"ca_ES","og_type":"article","og_title":"Mini gandula Marina S, Balliu- Navarro Aubanell","og_description":"Mini gandula Marina S: alumini endurit, caragols d'acer inoxidable, accessoris en polipropil\u00e8. Resistent als raigs UVA, transpirable i ideal.","og_url":"https:\/\/www.navarroaubanell.com\/ca\/producte\/mini-gandula-marina-s\/","og_site_name":"Navarro Aubanell","article_modified_time":"2025-07-01T15:01:13+00:00","og_image":[{"width":800,"height":650,"url":"https:\/\/www.navarroaubanell.com\/wp-content\/uploads\/2017\/09\/Mini-tumbona-Marina-S.jpeg","type":"image\/jpeg"}],"twitter_misc":{"Est. reading time":"2 minutes"},"schema":{"@context":"https:\/\/schema.org","@graph":[{"@type":"WebPage","@id":"https:\/\/www.navarroaubanell.com\/ca\/producte\/mini-gandula-marina-s\/","url":"https:\/\/www.navarroaubanell.com\/ca\/producte\/mini-gandula-marina-s\/","name":"Mini gandula Marina S, Balliu- Navarro Aubanell","isPartOf":{"@id":"https:\/\/www.navarroaubanell.com\/ca\/#website"},"primaryImageOfPage":{"@id":"https:\/\/www.navarroaubanell.com\/ca\/producte\/mini-gandula-marina-s\/#primaryimage"},"image":{"@id":"https:\/\/www.navarroaubanell.com\/ca\/producte\/mini-gandula-marina-s\/#primaryimage"},"thumbnailUrl":"https:\/\/www.navarroaubanell.com\/wp-content\/uploads\/2017\/09\/Mini-tumbona-Marina-S.jpeg","datePublished":"2017-09-26T14:01:45+00:00","dateModified":"2025-07-01T15:01:13+00:00","description":"Mini gandula Marina S: alumini endurit, caragols d'acer inoxidable, accessoris en polipropil\u00e8. Resistent als raigs UVA, transpirable i ideal.","breadcrumb":{"@id":"https:\/\/www.navarroaubanell.com\/ca\/producte\/mini-gandula-marina-s\/#breadcrumb"},"inLanguage":"ca","potentialAction":[{"@type":"ReadAction","target":["https:\/\/www.navarroaubanell.com\/ca\/producte\/mini-gandula-marina-s\/"]}]},{"@type":"ImageObject","inLanguage":"ca","@id":"https:\/\/www.navarroaubanell.com\/ca\/producte\/mini-gandula-marina-s\/#primaryimage","url":"https:\/\/www.navarroaubanell.com\/wp-content\/uploads\/2017\/09\/Mini-tumbona-Marina-S.jpeg","contentUrl":"https:\/\/www.navarroaubanell.com\/wp-content\/uploads\/2017\/09\/Mini-tumbona-Marina-S.jpeg","width":800,"height":650,"caption":"Mini gandula Marina S amb l'estructura blanca i el teixit color blau mar\u00ed"},{"@type":"BreadcrumbList","@id":"https:\/\/www.navarroaubanell.com\/ca\/producte\/mini-gandula-marina-s\/#breadcrumb","itemListElement":[{"@type":"ListItem","position":1,"name":"Portada","item":"https:\/\/www.navarroaubanell.com\/ca\/"},{"@type":"ListItem","position":2,"name":"Productes","item":"https:\/\/www.navarroaubanell.com\/productos\/"},{"@type":"ListItem","position":3,"name":"Mini gandula Marina S"}]},{"@type":"WebSite","@id":"https:\/\/www.navarroaubanell.com\/ca\/#website","url":"https:\/\/www.navarroaubanell.com\/ca\/","name":"Navarro Aubanell","description":"Mobiliario para hoteler\u00eda, colectividades y oficinas","publisher":{"@id":"https:\/\/www.navarroaubanell.com\/ca\/#organization"},"potentialAction":[{"@type":"SearchAction","target":{"@type":"EntryPoint","urlTemplate":"https:\/\/www.navarroaubanell.com\/ca\/?s={search_term_string}"},"query-input":{"@type":"PropertyValueSpecification","valueRequired":true,"valueName":"search_term_string"}}],"inLanguage":"ca"},{"@type":"Organization","@id":"https:\/\/www.navarroaubanell.com\/ca\/#organization","name":"COMERCIAL NAVARRO AUBANELL, S.A","url":"https:\/\/www.navarroaubanell.com\/ca\/","logo":{"@type":"ImageObject","inLanguage":"ca","@id":"https:\/\/www.navarroaubanell.com\/ca\/#\/schema\/logo\/image\/","url":"https:\/\/www.navarroaubanell.com\/wp-content\/uploads\/2017\/07\/logo-navarro-aubuanell.png","contentUrl":"https:\/\/www.navarroaubanell.com\/wp-content\/uploads\/2017\/07\/logo-navarro-aubuanell.png","width":6304,"height":1154,"caption":"COMERCIAL NAVARRO AUBANELL, S.A"},"image":{"@id":"https:\/\/www.navarroaubanell.com\/ca\/#\/schema\/logo\/image\/"}}]}},"_links":{"self":[{"href":"https:\/\/www.navarroaubanell.com\/ca\/wp-json\/wp\/v2\/product\/20265","targetHints":{"allow":["GET"]}}],"collection":[{"href":"https:\/\/www.navarroaubanell.com\/ca\/wp-json\/wp\/v2\/product"}],"about":[{"href":"https:\/\/www.navarroaubanell.com\/ca\/wp-json\/wp\/v2\/types\/product"}],"wp:featuredmedia":[{"embeddable":true,"href":"https:\/\/www.navarroaubanell.com\/ca\/wp-json\/wp\/v2\/media\/32917"}],"wp:attachment":[{"href":"https:\/\/www.navarroaubanell.com\/ca\/wp-json\/wp\/v2\/media?parent=20265"}],"wp:term":[{"taxonomy":"product_brand","embeddable":true,"href":"https:\/\/www.navarroaubanell.com\/ca\/wp-json\/wp\/v2\/product_brand?post=20265"},{"taxonomy":"product_cat","embeddable":true,"href":"https:\/\/www.navarroaubanell.com\/ca\/wp-json\/wp\/v2\/product_cat?post=20265"},{"taxonomy":"product_tag","embeddable":true,"href":"https:\/\/www.navarroaubanell.com\/ca\/wp-json\/wp\/v2\/product_tag?post=20265"}],"curies":[{"name":"wp","href":"https:\/\/api.w.org\/{rel}","templated":true}]}}