{"id":20256,"date":"2017-09-27T14:17:31","date_gmt":"2017-09-27T14:17:31","guid":{"rendered":"https:\/\/www.navarroaubanell.com\/producto\/carmen\/"},"modified":"2025-07-01T17:41:00","modified_gmt":"2025-07-01T15:41:00","slug":"carmen","status":"publish","type":"product","link":"https:\/\/www.navarroaubanell.com\/ca\/producte\/carmen\/","title":{"rendered":"Gandula Carmen"},"content":{"rendered":"<p>L&#8217;estructura de la <strong>gandula Carmen<\/strong> est\u00e0 fabricada amb <strong>resina de polipropil\u00e8<\/strong> i refor\u00e7ada amb <strong>c\u00e0rrega mineral<\/strong> convertint-la en una gandula estable i segura. Compta tamb\u00e9 amb un disseny\u00a0nerviado\u00a0que garanteix una robustesa estructural excepcional, protegint-la contra deformacions i trencaments.<\/p>\n<p>El teixit assegura la seva <strong>transpirabilitat<\/strong>, a m\u00e9s, est\u00e0 confeccionat amb uns m\u00e8todes que l&#8217;ofereixen resist\u00e8ncia als raigs UVA i un sistema <strong>antibacteri\u00e0<\/strong> que el protegeix contra les males olors i la humitat.<\/p>\n<p>El respatller \u00e9s <strong>regulable<\/strong> en cinc posicions i permet reclinar l&#8217;esquena al complet, oferint un confort personalitzat. Tamb\u00e9 t\u00e9 unes <strong>rodes integrades<\/strong> en el xass\u00eds que faciliten el seu despla\u00e7ament. El disseny de la gandula ofereix solucions de seguretat anti-atrapa dits i anti balanceig, a la vegada que el sistema de subjecci\u00f3 del teixit mitjan\u00e7ant cord\u00f3 el\u00e0stic assegura la recuperaci\u00f3 de la tensi\u00f3 durant el seu \u00fas. La <strong>gandula Carmen<\/strong> no nom\u00e9s disposa d&#8217;uns <strong>reposabra\u00e7os<\/strong> per a brindar un extraordinari descans, sin\u00f3 que aix\u00f2 no impideix que es puguin <strong>apilar<\/strong>, convertint-la en una gandula c\u00f2moda i pr\u00e0ctica.<\/p>\n<p>A m\u00e9s, la seva estructura \u00e9s <strong>reciclable<\/strong> i cont\u00e9 material reciclatge, convertint-la en una opci\u00f3 sostenible i c\u00f2moda al mateix temps.<\/p>\n<p>Es pot seleccionar la gandula amb acabat <strong>t\u00e8xtil<\/strong> o amb <strong>tauletes<\/strong> (<a href=\"https:\/\/www.navarroaubanell.com\/ca\/producte\/carmen-t-gandula\/\"><strong>Carmen T<\/strong><\/a>). Totes dues versions estan disponibles amb els colors<em> Prestige (fusta, bronze i gris fosc)<\/em>, aportant una major eleg\u00e0ncia a la gandula. Tots dos formats s\u00f3n recanviables.<\/p>\n<p>Possibilitat d&#8217;impressi\u00f3 d&#8217;un logotip o anagrama a un baix cost.<\/p>\n<p><a href=\"https:\/\/balliuexport.com\/wp-content\/uploads\/2020\/01\/Carmen-tumbona-comprimido.pdf\">Fitxa t\u00e8cnica<\/a>, on s&#8217;inclouen tamb\u00e9 les cures ideals per a un millor manteniment.<\/p>\n","protected":false},"excerpt":{"rendered":"<p>&nbsp;<\/p>\n<p>&nbsp;<\/p>\n","protected":false},"featured_media":46339,"template":"","meta":{"_acf_changed":false},"product_brand":[887],"product_cat":[563,575],"product_tag":[587,593,614,782,720,860,1180],"class_list":{"0":"post-20256","1":"product","2":"type-product","3":"status-publish","4":"has-post-thumbnail","6":"product_brand-balliu-ca","7":"product_cat-exterior-ca","8":"product_cat-tumbones-exterior","9":"product_tag-apilable-ca","10":"product_tag-balliu-ca","11":"product_tag-carmen-ca","12":"product_tag-tumbones","13":"product_tag-outdoor-ca","14":"product_tag-regulable-ca","15":"product_tag-sostenible","16":"description-off","18":"first","19":"instock","20":"shipping-taxable","21":"product-type-simple"},"acf":[],"yoast_head":"<!-- This site is optimized with the Yoast SEO plugin v27.6 - https:\/\/yoast.com\/product\/yoast-seo-wordpress\/ -->\n<title>Tumbona Carmen, de la firma Balliu - Navarro Aubanell<\/title>\n<meta name=\"description\" content=\"Gandula en resina de polipropil\u00e8 amb respatller regulable en cinc posicions i amb possibilitat de reclinar tota l&#039;esquena fins a una posici\u00f3 de 60\u00ba.\" \/>\n<meta name=\"robots\" content=\"index, follow, max-snippet:-1, max-image-preview:large, max-video-preview:-1\" \/>\n<link rel=\"canonical\" href=\"https:\/\/www.navarroaubanell.com\/ca\/producte\/carmen\/\" \/>\n<meta property=\"og:locale\" content=\"ca_ES\" \/>\n<meta property=\"og:type\" content=\"article\" \/>\n<meta property=\"og:title\" content=\"Tumbona Carmen, de la firma Balliu - Navarro Aubanell\" \/>\n<meta property=\"og:description\" content=\"Gandula en resina de polipropil\u00e8 amb respatller regulable en cinc posicions i amb possibilitat de reclinar tota l&#039;esquena fins a una posici\u00f3 de 60\u00ba.\" \/>\n<meta property=\"og:url\" content=\"https:\/\/www.navarroaubanell.com\/ca\/producte\/carmen\/\" \/>\n<meta property=\"og:site_name\" content=\"Navarro Aubanell\" \/>\n<meta property=\"article:modified_time\" content=\"2025-07-01T15:41:00+00:00\" \/>\n<meta property=\"og:image\" content=\"https:\/\/www.navarroaubanell.com\/wp-content\/uploads\/2017\/09\/carmen-tumbona-blanco-marron-oscuro-800x614-1.jpg\" \/>\n\t<meta property=\"og:image:width\" content=\"1600\" \/>\n\t<meta property=\"og:image:height\" content=\"1300\" \/>\n\t<meta property=\"og:image:type\" content=\"image\/jpeg\" \/>\n<meta name=\"twitter:label1\" content=\"Est. reading time\" \/>\n\t<meta name=\"twitter:data1\" content=\"2 minutes\" \/>\n<script type=\"application\/ld+json\" class=\"yoast-schema-graph\">{\"@context\":\"https:\\\/\\\/schema.org\",\"@graph\":[{\"@type\":\"WebPage\",\"@id\":\"https:\\\/\\\/www.navarroaubanell.com\\\/ca\\\/producte\\\/carmen\\\/\",\"url\":\"https:\\\/\\\/www.navarroaubanell.com\\\/ca\\\/producte\\\/carmen\\\/\",\"name\":\"Tumbona Carmen, de la firma Balliu - Navarro Aubanell\",\"isPartOf\":{\"@id\":\"https:\\\/\\\/www.navarroaubanell.com\\\/ca\\\/#website\"},\"primaryImageOfPage\":{\"@id\":\"https:\\\/\\\/www.navarroaubanell.com\\\/ca\\\/producte\\\/carmen\\\/#primaryimage\"},\"image\":{\"@id\":\"https:\\\/\\\/www.navarroaubanell.com\\\/ca\\\/producte\\\/carmen\\\/#primaryimage\"},\"thumbnailUrl\":\"https:\\\/\\\/www.navarroaubanell.com\\\/wp-content\\\/uploads\\\/2017\\\/09\\\/carmen-tumbona-blanco-marron-oscuro-800x614-1.jpg\",\"datePublished\":\"2017-09-27T14:17:31+00:00\",\"dateModified\":\"2025-07-01T15:41:00+00:00\",\"description\":\"Gandula en resina de polipropil\u00e8 amb respatller regulable en cinc posicions i amb possibilitat de reclinar tota l'esquena fins a una posici\u00f3 de 60\u00ba.\",\"breadcrumb\":{\"@id\":\"https:\\\/\\\/www.navarroaubanell.com\\\/ca\\\/producte\\\/carmen\\\/#breadcrumb\"},\"inLanguage\":\"ca\",\"potentialAction\":[{\"@type\":\"ReadAction\",\"target\":[\"https:\\\/\\\/www.navarroaubanell.com\\\/ca\\\/producte\\\/carmen\\\/\"]}]},{\"@type\":\"ImageObject\",\"inLanguage\":\"ca\",\"@id\":\"https:\\\/\\\/www.navarroaubanell.com\\\/ca\\\/producte\\\/carmen\\\/#primaryimage\",\"url\":\"https:\\\/\\\/www.navarroaubanell.com\\\/wp-content\\\/uploads\\\/2017\\\/09\\\/carmen-tumbona-blanco-marron-oscuro-800x614-1.jpg\",\"contentUrl\":\"https:\\\/\\\/www.navarroaubanell.com\\\/wp-content\\\/uploads\\\/2017\\\/09\\\/carmen-tumbona-blanco-marron-oscuro-800x614-1.jpg\",\"width\":1600,\"height\":1300,\"caption\":\"Tumbona Carmen con estructura blanca y tejido color capuccino\"},{\"@type\":\"BreadcrumbList\",\"@id\":\"https:\\\/\\\/www.navarroaubanell.com\\\/ca\\\/producte\\\/carmen\\\/#breadcrumb\",\"itemListElement\":[{\"@type\":\"ListItem\",\"position\":1,\"name\":\"Portada\",\"item\":\"https:\\\/\\\/www.navarroaubanell.com\\\/ca\\\/\"},{\"@type\":\"ListItem\",\"position\":2,\"name\":\"Productes\",\"item\":\"https:\\\/\\\/www.navarroaubanell.com\\\/productos\\\/\"},{\"@type\":\"ListItem\",\"position\":3,\"name\":\"Gandula Carmen\"}]},{\"@type\":\"WebSite\",\"@id\":\"https:\\\/\\\/www.navarroaubanell.com\\\/ca\\\/#website\",\"url\":\"https:\\\/\\\/www.navarroaubanell.com\\\/ca\\\/\",\"name\":\"Navarro Aubanell\",\"description\":\"Mobiliario para hoteler\u00eda, colectividades y oficinas\",\"publisher\":{\"@id\":\"https:\\\/\\\/www.navarroaubanell.com\\\/ca\\\/#organization\"},\"potentialAction\":[{\"@type\":\"SearchAction\",\"target\":{\"@type\":\"EntryPoint\",\"urlTemplate\":\"https:\\\/\\\/www.navarroaubanell.com\\\/ca\\\/?s={search_term_string}\"},\"query-input\":{\"@type\":\"PropertyValueSpecification\",\"valueRequired\":true,\"valueName\":\"search_term_string\"}}],\"inLanguage\":\"ca\"},{\"@type\":\"Organization\",\"@id\":\"https:\\\/\\\/www.navarroaubanell.com\\\/ca\\\/#organization\",\"name\":\"COMERCIAL NAVARRO AUBANELL, S.A\",\"url\":\"https:\\\/\\\/www.navarroaubanell.com\\\/ca\\\/\",\"logo\":{\"@type\":\"ImageObject\",\"inLanguage\":\"ca\",\"@id\":\"https:\\\/\\\/www.navarroaubanell.com\\\/ca\\\/#\\\/schema\\\/logo\\\/image\\\/\",\"url\":\"https:\\\/\\\/www.navarroaubanell.com\\\/wp-content\\\/uploads\\\/2017\\\/07\\\/logo-navarro-aubuanell.png\",\"contentUrl\":\"https:\\\/\\\/www.navarroaubanell.com\\\/wp-content\\\/uploads\\\/2017\\\/07\\\/logo-navarro-aubuanell.png\",\"width\":6304,\"height\":1154,\"caption\":\"COMERCIAL NAVARRO AUBANELL, S.A\"},\"image\":{\"@id\":\"https:\\\/\\\/www.navarroaubanell.com\\\/ca\\\/#\\\/schema\\\/logo\\\/image\\\/\"}}]}<\/script>\n<!-- \/ Yoast SEO plugin. -->","yoast_head_json":{"title":"Tumbona Carmen, de la firma Balliu - Navarro Aubanell","description":"Gandula en resina de polipropil\u00e8 amb respatller regulable en cinc posicions i amb possibilitat de reclinar tota l'esquena fins a una posici\u00f3 de 60\u00ba.","robots":{"index":"index","follow":"follow","max-snippet":"max-snippet:-1","max-image-preview":"max-image-preview:large","max-video-preview":"max-video-preview:-1"},"canonical":"https:\/\/www.navarroaubanell.com\/ca\/producte\/carmen\/","og_locale":"ca_ES","og_type":"article","og_title":"Tumbona Carmen, de la firma Balliu - Navarro Aubanell","og_description":"Gandula en resina de polipropil\u00e8 amb respatller regulable en cinc posicions i amb possibilitat de reclinar tota l'esquena fins a una posici\u00f3 de 60\u00ba.","og_url":"https:\/\/www.navarroaubanell.com\/ca\/producte\/carmen\/","og_site_name":"Navarro Aubanell","article_modified_time":"2025-07-01T15:41:00+00:00","og_image":[{"width":1600,"height":1300,"url":"https:\/\/www.navarroaubanell.com\/wp-content\/uploads\/2017\/09\/carmen-tumbona-blanco-marron-oscuro-800x614-1.jpg","type":"image\/jpeg"}],"twitter_misc":{"Est. reading time":"2 minutes"},"schema":{"@context":"https:\/\/schema.org","@graph":[{"@type":"WebPage","@id":"https:\/\/www.navarroaubanell.com\/ca\/producte\/carmen\/","url":"https:\/\/www.navarroaubanell.com\/ca\/producte\/carmen\/","name":"Tumbona Carmen, de la firma Balliu - Navarro Aubanell","isPartOf":{"@id":"https:\/\/www.navarroaubanell.com\/ca\/#website"},"primaryImageOfPage":{"@id":"https:\/\/www.navarroaubanell.com\/ca\/producte\/carmen\/#primaryimage"},"image":{"@id":"https:\/\/www.navarroaubanell.com\/ca\/producte\/carmen\/#primaryimage"},"thumbnailUrl":"https:\/\/www.navarroaubanell.com\/wp-content\/uploads\/2017\/09\/carmen-tumbona-blanco-marron-oscuro-800x614-1.jpg","datePublished":"2017-09-27T14:17:31+00:00","dateModified":"2025-07-01T15:41:00+00:00","description":"Gandula en resina de polipropil\u00e8 amb respatller regulable en cinc posicions i amb possibilitat de reclinar tota l'esquena fins a una posici\u00f3 de 60\u00ba.","breadcrumb":{"@id":"https:\/\/www.navarroaubanell.com\/ca\/producte\/carmen\/#breadcrumb"},"inLanguage":"ca","potentialAction":[{"@type":"ReadAction","target":["https:\/\/www.navarroaubanell.com\/ca\/producte\/carmen\/"]}]},{"@type":"ImageObject","inLanguage":"ca","@id":"https:\/\/www.navarroaubanell.com\/ca\/producte\/carmen\/#primaryimage","url":"https:\/\/www.navarroaubanell.com\/wp-content\/uploads\/2017\/09\/carmen-tumbona-blanco-marron-oscuro-800x614-1.jpg","contentUrl":"https:\/\/www.navarroaubanell.com\/wp-content\/uploads\/2017\/09\/carmen-tumbona-blanco-marron-oscuro-800x614-1.jpg","width":1600,"height":1300,"caption":"Tumbona Carmen con estructura blanca y tejido color capuccino"},{"@type":"BreadcrumbList","@id":"https:\/\/www.navarroaubanell.com\/ca\/producte\/carmen\/#breadcrumb","itemListElement":[{"@type":"ListItem","position":1,"name":"Portada","item":"https:\/\/www.navarroaubanell.com\/ca\/"},{"@type":"ListItem","position":2,"name":"Productes","item":"https:\/\/www.navarroaubanell.com\/productos\/"},{"@type":"ListItem","position":3,"name":"Gandula Carmen"}]},{"@type":"WebSite","@id":"https:\/\/www.navarroaubanell.com\/ca\/#website","url":"https:\/\/www.navarroaubanell.com\/ca\/","name":"Navarro Aubanell","description":"Mobiliario para hoteler\u00eda, colectividades y oficinas","publisher":{"@id":"https:\/\/www.navarroaubanell.com\/ca\/#organization"},"potentialAction":[{"@type":"SearchAction","target":{"@type":"EntryPoint","urlTemplate":"https:\/\/www.navarroaubanell.com\/ca\/?s={search_term_string}"},"query-input":{"@type":"PropertyValueSpecification","valueRequired":true,"valueName":"search_term_string"}}],"inLanguage":"ca"},{"@type":"Organization","@id":"https:\/\/www.navarroaubanell.com\/ca\/#organization","name":"COMERCIAL NAVARRO AUBANELL, S.A","url":"https:\/\/www.navarroaubanell.com\/ca\/","logo":{"@type":"ImageObject","inLanguage":"ca","@id":"https:\/\/www.navarroaubanell.com\/ca\/#\/schema\/logo\/image\/","url":"https:\/\/www.navarroaubanell.com\/wp-content\/uploads\/2017\/07\/logo-navarro-aubuanell.png","contentUrl":"https:\/\/www.navarroaubanell.com\/wp-content\/uploads\/2017\/07\/logo-navarro-aubuanell.png","width":6304,"height":1154,"caption":"COMERCIAL NAVARRO AUBANELL, S.A"},"image":{"@id":"https:\/\/www.navarroaubanell.com\/ca\/#\/schema\/logo\/image\/"}}]}},"_links":{"self":[{"href":"https:\/\/www.navarroaubanell.com\/ca\/wp-json\/wp\/v2\/product\/20256","targetHints":{"allow":["GET"]}}],"collection":[{"href":"https:\/\/www.navarroaubanell.com\/ca\/wp-json\/wp\/v2\/product"}],"about":[{"href":"https:\/\/www.navarroaubanell.com\/ca\/wp-json\/wp\/v2\/types\/product"}],"wp:featuredmedia":[{"embeddable":true,"href":"https:\/\/www.navarroaubanell.com\/ca\/wp-json\/wp\/v2\/media\/46339"}],"wp:attachment":[{"href":"https:\/\/www.navarroaubanell.com\/ca\/wp-json\/wp\/v2\/media?parent=20256"}],"wp:term":[{"taxonomy":"product_brand","embeddable":true,"href":"https:\/\/www.navarroaubanell.com\/ca\/wp-json\/wp\/v2\/product_brand?post=20256"},{"taxonomy":"product_cat","embeddable":true,"href":"https:\/\/www.navarroaubanell.com\/ca\/wp-json\/wp\/v2\/product_cat?post=20256"},{"taxonomy":"product_tag","embeddable":true,"href":"https:\/\/www.navarroaubanell.com\/ca\/wp-json\/wp\/v2\/product_tag?post=20256"}],"curies":[{"name":"wp","href":"https:\/\/api.w.org\/{rel}","templated":true}]}}