{"id":20251,"date":"2017-09-28T07:51:16","date_gmt":"2017-09-28T07:51:16","guid":{"rendered":"https:\/\/www.navarroaubanell.com\/producto\/lola\/"},"modified":"2025-07-01T17:44:49","modified_gmt":"2025-07-01T15:44:49","slug":"lola","status":"publish","type":"product","link":"https:\/\/www.navarroaubanell.com\/ca\/producte\/lola\/","title":{"rendered":"Gandula Lola"},"content":{"rendered":"<p>La <strong>gandula Lola<\/strong> est\u00e0 fabricada amb <strong>resina de polipropil\u00e8 <\/strong>i disposa\u00a0 d&#8217;un xass\u00eds totalment horitzontal, dissenyat per a proporcionar un excel\u00b7lent descans. A m\u00e9s, est\u00e0 refor\u00e7ada amb <strong>c\u00e0rrega mineral<\/strong> i amb un tractament anti raigs UVA. T\u00e9 un disseny nerviat que garanteix una robustesa estructural que prev\u00e9 deformacions i trencaments, aix\u00ed com l&#8217;estructura tamb\u00e9 compta amb unes rodes integrades per a facilitar el seu despla\u00e7ament. Per a ajudar a la <strong>sostenibilitat<\/strong>, l&#8217;estructura de la gandula \u00e9s reciclable, aix\u00ed com est\u00e0 fabricada amb material reciclat.<\/p>\n<p>&nbsp;<\/p>\n<p>El teixit \u00e9s <strong>transpirable<\/strong>, resistent als raigs UVA i disposa d&#8217;una protecci\u00f3 <strong>antimicrobiana<\/strong>, combatent aix\u00ed a les males olors i a la humitat. Per altra banda, el sistema de subjecci\u00f3 del teixit mitjan\u00e7ant el cord\u00f3 el\u00e0stic, afavoreix la recuperaci\u00f3 de la tensi\u00f3 durant el seu \u00fas.<\/p>\n<p>&nbsp;<\/p>\n<p>El suport brinda <strong>cinc posicions<\/strong> de regulaci\u00f3 diferents, fins a reclinar-se del tot aconseguint una postura totalment horitzontal. El sistema de graduaci\u00f3 compta amb un codi anti-atrapa dits, de la mateixa manera que el regulador de suport est\u00e0 ideat per a evitar moviments bruscos durant la regulaci\u00f3 de l&#8217;altura. Tot aix\u00f2 dota a la <strong>gandula Lola<\/strong> de solucions de seguretat i antibalanceig que la fan c\u00f2moda, pr\u00e0ctica i segura.<\/p>\n<p>&nbsp;<\/p>\n<p>La gandula est\u00e0 disponible amb l&#8217;acabat <strong>t\u00e8xtil<\/strong> o amb <strong>tauletes<\/strong> (model <a href=\"https:\/\/www.navarroaubanell.com\/ca\/producte\/gandula-lola-t\/\">Lola T<\/a>). Totes dues versions estan disponibles en els colors <em>Prestige<\/em> <em>(fusta, bronze i gris fosc)<\/em>, aportant una major eleg\u00e0ncia a la gandula. Tots dos formats s\u00f3n recanviables.<\/p>\n<p>El teixit t\u00e9 la possibilitat de personalitzar-se amb un logotip o un anagrama a un baix cost, fent que aquestes gandules siguin exclusivament teves.<\/p>\n<p>Per fer la teva pr\u00f2pia combinaci\u00f3 de colors, pots configurar les gandules entrant a <a href=\"https:\/\/viewer.ienhance.co\/v\/app\/ba9eb434-99b4-40a4-8096-273fbd69b8eb\">aquest<\/a> enlla\u00e7.<\/p>\n<p><a href=\"https:\/\/balliuexport.com\/wp-content\/uploads\/2020\/01\/lola-tumbona-comprimido.pdf\">Fitxa t\u00e8cnica<\/a>, on s&#8217;inclouen tamb\u00e9 les cures ideals per a un millor manteniment.<\/p>\n","protected":false},"excerpt":{"rendered":"<p>&nbsp;<\/p>\n<p>&nbsp;<\/p>\n","protected":false},"featured_media":18653,"template":"","meta":{"_acf_changed":false},"product_brand":[887],"product_cat":[563,575],"product_tag":[587,593,782,833,681,720,1180],"class_list":{"0":"post-20251","1":"product","2":"type-product","3":"status-publish","4":"has-post-thumbnail","6":"product_brand-balliu-ca","7":"product_cat-exterior-ca","8":"product_cat-tumbones-exterior","9":"product_tag-apilable-ca","10":"product_tag-balliu-ca","11":"product_tag-tumbones","12":"product_tag-graduable-ca","13":"product_tag-lola-ca","14":"product_tag-outdoor-ca","15":"product_tag-sostenible","16":"description-off","18":"first","19":"instock","20":"shipping-taxable","21":"product-type-simple"},"acf":[],"yoast_head":"<!-- This site is optimized with the Yoast SEO plugin v27.0 - https:\/\/yoast.com\/product\/yoast-seo-wordpress\/ -->\n<title>Tumbona Lola, disseny de la firma Balliu - Navarro Aubanell<\/title>\n<meta name=\"description\" content=\"Gandula en resina de polipropil\u00e8 amb un xass\u00eds totalment horitzontal per facilitar un millor descans. El seu disseny aporta seguretat i anti balanceig.\" \/>\n<meta name=\"robots\" content=\"index, follow, max-snippet:-1, max-image-preview:large, max-video-preview:-1\" \/>\n<link rel=\"canonical\" href=\"https:\/\/www.navarroaubanell.com\/ca\/producte\/lola\/\" \/>\n<meta property=\"og:locale\" content=\"ca_ES\" \/>\n<meta property=\"og:type\" content=\"article\" \/>\n<meta property=\"og:title\" content=\"Tumbona Lola, disseny de la firma Balliu - Navarro Aubanell\" \/>\n<meta property=\"og:description\" content=\"Gandula en resina de polipropil\u00e8 amb un xass\u00eds totalment horitzontal per facilitar un millor descans. El seu disseny aporta seguretat i anti balanceig.\" \/>\n<meta property=\"og:url\" content=\"https:\/\/www.navarroaubanell.com\/ca\/producte\/lola\/\" \/>\n<meta property=\"og:site_name\" content=\"Navarro Aubanell\" \/>\n<meta property=\"article:modified_time\" content=\"2025-07-01T15:44:49+00:00\" \/>\n<meta property=\"og:image\" content=\"https:\/\/www.navarroaubanell.com\/wp-content\/uploads\/2017\/09\/img-destacada-lola4.jpg\" \/>\n\t<meta property=\"og:image:width\" content=\"512\" \/>\n\t<meta property=\"og:image:height\" content=\"512\" \/>\n\t<meta property=\"og:image:type\" content=\"image\/jpeg\" \/>\n<meta name=\"twitter:label1\" content=\"Est. reading time\" \/>\n\t<meta name=\"twitter:data1\" content=\"2 minutes\" \/>\n<script type=\"application\/ld+json\" class=\"yoast-schema-graph\">{\"@context\":\"https:\/\/schema.org\",\"@graph\":[{\"@type\":\"WebPage\",\"@id\":\"https:\/\/www.navarroaubanell.com\/ca\/producte\/lola\/\",\"url\":\"https:\/\/www.navarroaubanell.com\/ca\/producte\/lola\/\",\"name\":\"Tumbona Lola, disseny de la firma Balliu - Navarro Aubanell\",\"isPartOf\":{\"@id\":\"https:\/\/www.navarroaubanell.com\/ca\/#website\"},\"primaryImageOfPage\":{\"@id\":\"https:\/\/www.navarroaubanell.com\/ca\/producte\/lola\/#primaryimage\"},\"image\":{\"@id\":\"https:\/\/www.navarroaubanell.com\/ca\/producte\/lola\/#primaryimage\"},\"thumbnailUrl\":\"https:\/\/www.navarroaubanell.com\/wp-content\/uploads\/2017\/09\/img-destacada-lola4.jpg\",\"datePublished\":\"2017-09-28T07:51:16+00:00\",\"dateModified\":\"2025-07-01T15:44:49+00:00\",\"description\":\"Gandula en resina de polipropil\u00e8 amb un xass\u00eds totalment horitzontal per facilitar un millor descans. El seu disseny aporta seguretat i anti balanceig.\",\"breadcrumb\":{\"@id\":\"https:\/\/www.navarroaubanell.com\/ca\/producte\/lola\/#breadcrumb\"},\"inLanguage\":\"ca\",\"potentialAction\":[{\"@type\":\"ReadAction\",\"target\":[\"https:\/\/www.navarroaubanell.com\/ca\/producte\/lola\/\"]}]},{\"@type\":\"ImageObject\",\"inLanguage\":\"ca\",\"@id\":\"https:\/\/www.navarroaubanell.com\/ca\/producte\/lola\/#primaryimage\",\"url\":\"https:\/\/www.navarroaubanell.com\/wp-content\/uploads\/2017\/09\/img-destacada-lola4.jpg\",\"contentUrl\":\"https:\/\/www.navarroaubanell.com\/wp-content\/uploads\/2017\/09\/img-destacada-lola4.jpg\",\"width\":512,\"height\":512,\"caption\":\"Tumbona Lola con la estructura de color blanco y el tejido color azul marino.\"},{\"@type\":\"BreadcrumbList\",\"@id\":\"https:\/\/www.navarroaubanell.com\/ca\/producte\/lola\/#breadcrumb\",\"itemListElement\":[{\"@type\":\"ListItem\",\"position\":1,\"name\":\"Portada\",\"item\":\"https:\/\/www.navarroaubanell.com\/ca\/\"},{\"@type\":\"ListItem\",\"position\":2,\"name\":\"Productes\",\"item\":\"https:\/\/www.navarroaubanell.com\/productos\/\"},{\"@type\":\"ListItem\",\"position\":3,\"name\":\"Gandula Lola\"}]},{\"@type\":\"WebSite\",\"@id\":\"https:\/\/www.navarroaubanell.com\/ca\/#website\",\"url\":\"https:\/\/www.navarroaubanell.com\/ca\/\",\"name\":\"Navarro Aubanell\",\"description\":\"Mobiliario para hoteler\u00eda, colectividades y oficinas\",\"publisher\":{\"@id\":\"https:\/\/www.navarroaubanell.com\/ca\/#organization\"},\"potentialAction\":[{\"@type\":\"SearchAction\",\"target\":{\"@type\":\"EntryPoint\",\"urlTemplate\":\"https:\/\/www.navarroaubanell.com\/ca\/?s={search_term_string}\"},\"query-input\":{\"@type\":\"PropertyValueSpecification\",\"valueRequired\":true,\"valueName\":\"search_term_string\"}}],\"inLanguage\":\"ca\"},{\"@type\":\"Organization\",\"@id\":\"https:\/\/www.navarroaubanell.com\/ca\/#organization\",\"name\":\"COMERCIAL NAVARRO AUBANELL, S.A\",\"url\":\"https:\/\/www.navarroaubanell.com\/ca\/\",\"logo\":{\"@type\":\"ImageObject\",\"inLanguage\":\"ca\",\"@id\":\"https:\/\/www.navarroaubanell.com\/ca\/#\/schema\/logo\/image\/\",\"url\":\"https:\/\/www.navarroaubanell.com\/wp-content\/uploads\/2017\/07\/logo-navarro-aubuanell.png\",\"contentUrl\":\"https:\/\/www.navarroaubanell.com\/wp-content\/uploads\/2017\/07\/logo-navarro-aubuanell.png\",\"width\":6304,\"height\":1154,\"caption\":\"COMERCIAL NAVARRO AUBANELL, S.A\"},\"image\":{\"@id\":\"https:\/\/www.navarroaubanell.com\/ca\/#\/schema\/logo\/image\/\"}}]}<\/script>\n<!-- \/ Yoast SEO plugin. -->","yoast_head_json":{"title":"Tumbona Lola, disseny de la firma Balliu - Navarro Aubanell","description":"Gandula en resina de polipropil\u00e8 amb un xass\u00eds totalment horitzontal per facilitar un millor descans. El seu disseny aporta seguretat i anti balanceig.","robots":{"index":"index","follow":"follow","max-snippet":"max-snippet:-1","max-image-preview":"max-image-preview:large","max-video-preview":"max-video-preview:-1"},"canonical":"https:\/\/www.navarroaubanell.com\/ca\/producte\/lola\/","og_locale":"ca_ES","og_type":"article","og_title":"Tumbona Lola, disseny de la firma Balliu - Navarro Aubanell","og_description":"Gandula en resina de polipropil\u00e8 amb un xass\u00eds totalment horitzontal per facilitar un millor descans. El seu disseny aporta seguretat i anti balanceig.","og_url":"https:\/\/www.navarroaubanell.com\/ca\/producte\/lola\/","og_site_name":"Navarro Aubanell","article_modified_time":"2025-07-01T15:44:49+00:00","og_image":[{"width":512,"height":512,"url":"https:\/\/www.navarroaubanell.com\/wp-content\/uploads\/2017\/09\/img-destacada-lola4.jpg","type":"image\/jpeg"}],"twitter_misc":{"Est. reading time":"2 minutes"},"schema":{"@context":"https:\/\/schema.org","@graph":[{"@type":"WebPage","@id":"https:\/\/www.navarroaubanell.com\/ca\/producte\/lola\/","url":"https:\/\/www.navarroaubanell.com\/ca\/producte\/lola\/","name":"Tumbona Lola, disseny de la firma Balliu - Navarro Aubanell","isPartOf":{"@id":"https:\/\/www.navarroaubanell.com\/ca\/#website"},"primaryImageOfPage":{"@id":"https:\/\/www.navarroaubanell.com\/ca\/producte\/lola\/#primaryimage"},"image":{"@id":"https:\/\/www.navarroaubanell.com\/ca\/producte\/lola\/#primaryimage"},"thumbnailUrl":"https:\/\/www.navarroaubanell.com\/wp-content\/uploads\/2017\/09\/img-destacada-lola4.jpg","datePublished":"2017-09-28T07:51:16+00:00","dateModified":"2025-07-01T15:44:49+00:00","description":"Gandula en resina de polipropil\u00e8 amb un xass\u00eds totalment horitzontal per facilitar un millor descans. El seu disseny aporta seguretat i anti balanceig.","breadcrumb":{"@id":"https:\/\/www.navarroaubanell.com\/ca\/producte\/lola\/#breadcrumb"},"inLanguage":"ca","potentialAction":[{"@type":"ReadAction","target":["https:\/\/www.navarroaubanell.com\/ca\/producte\/lola\/"]}]},{"@type":"ImageObject","inLanguage":"ca","@id":"https:\/\/www.navarroaubanell.com\/ca\/producte\/lola\/#primaryimage","url":"https:\/\/www.navarroaubanell.com\/wp-content\/uploads\/2017\/09\/img-destacada-lola4.jpg","contentUrl":"https:\/\/www.navarroaubanell.com\/wp-content\/uploads\/2017\/09\/img-destacada-lola4.jpg","width":512,"height":512,"caption":"Tumbona Lola con la estructura de color blanco y el tejido color azul marino."},{"@type":"BreadcrumbList","@id":"https:\/\/www.navarroaubanell.com\/ca\/producte\/lola\/#breadcrumb","itemListElement":[{"@type":"ListItem","position":1,"name":"Portada","item":"https:\/\/www.navarroaubanell.com\/ca\/"},{"@type":"ListItem","position":2,"name":"Productes","item":"https:\/\/www.navarroaubanell.com\/productos\/"},{"@type":"ListItem","position":3,"name":"Gandula Lola"}]},{"@type":"WebSite","@id":"https:\/\/www.navarroaubanell.com\/ca\/#website","url":"https:\/\/www.navarroaubanell.com\/ca\/","name":"Navarro Aubanell","description":"Mobiliario para hoteler\u00eda, colectividades y oficinas","publisher":{"@id":"https:\/\/www.navarroaubanell.com\/ca\/#organization"},"potentialAction":[{"@type":"SearchAction","target":{"@type":"EntryPoint","urlTemplate":"https:\/\/www.navarroaubanell.com\/ca\/?s={search_term_string}"},"query-input":{"@type":"PropertyValueSpecification","valueRequired":true,"valueName":"search_term_string"}}],"inLanguage":"ca"},{"@type":"Organization","@id":"https:\/\/www.navarroaubanell.com\/ca\/#organization","name":"COMERCIAL NAVARRO AUBANELL, S.A","url":"https:\/\/www.navarroaubanell.com\/ca\/","logo":{"@type":"ImageObject","inLanguage":"ca","@id":"https:\/\/www.navarroaubanell.com\/ca\/#\/schema\/logo\/image\/","url":"https:\/\/www.navarroaubanell.com\/wp-content\/uploads\/2017\/07\/logo-navarro-aubuanell.png","contentUrl":"https:\/\/www.navarroaubanell.com\/wp-content\/uploads\/2017\/07\/logo-navarro-aubuanell.png","width":6304,"height":1154,"caption":"COMERCIAL NAVARRO AUBANELL, S.A"},"image":{"@id":"https:\/\/www.navarroaubanell.com\/ca\/#\/schema\/logo\/image\/"}}]}},"_links":{"self":[{"href":"https:\/\/www.navarroaubanell.com\/ca\/wp-json\/wp\/v2\/product\/20251","targetHints":{"allow":["GET"]}}],"collection":[{"href":"https:\/\/www.navarroaubanell.com\/ca\/wp-json\/wp\/v2\/product"}],"about":[{"href":"https:\/\/www.navarroaubanell.com\/ca\/wp-json\/wp\/v2\/types\/product"}],"wp:featuredmedia":[{"embeddable":true,"href":"https:\/\/www.navarroaubanell.com\/ca\/wp-json\/wp\/v2\/media\/18653"}],"wp:attachment":[{"href":"https:\/\/www.navarroaubanell.com\/ca\/wp-json\/wp\/v2\/media?parent=20251"}],"wp:term":[{"taxonomy":"product_brand","embeddable":true,"href":"https:\/\/www.navarroaubanell.com\/ca\/wp-json\/wp\/v2\/product_brand?post=20251"},{"taxonomy":"product_cat","embeddable":true,"href":"https:\/\/www.navarroaubanell.com\/ca\/wp-json\/wp\/v2\/product_cat?post=20251"},{"taxonomy":"product_tag","embeddable":true,"href":"https:\/\/www.navarroaubanell.com\/ca\/wp-json\/wp\/v2\/product_tag?post=20251"}],"curies":[{"name":"wp","href":"https:\/\/api.w.org\/{rel}","templated":true}]}}