{"id":20250,"date":"2017-09-28T08:03:04","date_gmt":"2017-09-28T08:03:04","guid":{"rendered":"https:\/\/www.navarroaubanell.com\/producto\/marina\/"},"modified":"2025-07-01T17:48:57","modified_gmt":"2025-07-01T15:48:57","slug":"gandula-marina","status":"publish","type":"product","link":"https:\/\/www.navarroaubanell.com\/ca\/producte\/gandula-marina\/","title":{"rendered":"Gandula Marina"},"content":{"rendered":"<p>La <strong>gandula Marina<\/strong> presenta una estructura robusta, fabricada amb tub <strong>d&#8217;alumini endurit<\/strong> i uns caragols d&#8217;<strong>acer inoxidable<\/strong> per a garantir la seva solidesa i resist\u00e8ncia en ambients exteriors i marins. El seu disseny de potes asim\u00e8triques, soldades en alumini, no nom\u00e9s ofereix una est\u00e8tica original, sin\u00f3 que tamb\u00e9 assegura una estabilitat excepcional. El xass\u00eds est\u00e0 pintat amb<strong> resina de poli\u00e8ster<\/strong>, prometent resist\u00e8ncia a la llum i durabilitat a l&#8217;aire lliure sense que es corroeixi la pintura de l&#8217;estructura.<\/p>\n<p>El teixit d&#8217;aquesta gandula est\u00e0 fabricat amb un m\u00e8tode que assegura alhora for\u00e7a i transpirabilitat. A m\u00e9s, aporta resist\u00e8ncia als raigs <span class=\"hiddenSpellError\">UVA<\/span>\u00a0i disposa d&#8217;un sistema <strong>antimicrobi\u00e0<\/strong> que la protegeix de les males olors i de la humitat.<\/p>\n<p>Gr\u00e0cies al seu disseny ergon\u00f2mic, la gandula ofereix un descans c\u00f2mode i segur, sense balancejos fins i tot en asseure&#8217;s en els extrems. El suport pot ajustar-se en<strong> cinc posicions<\/strong> diferents, permetent trobar la postura m\u00e9s adequada per a relaxar-se.<\/p>\n<p>La <strong>gandula Marina<\/strong> a part de ser <strong>apilable<\/strong>, inclou un graduador de seguretat en el suport, evitant aix\u00ed possibles enganxaments de dits. El sistema de subjecci\u00f3 garanteix que el suport es mantingui ferm, fins i tot quan s&#8217;aplica pressi\u00f3 sobre la tela.<\/p>\n<p>Per a prolongar la durabilitat de la teva gandula, comptem amb una varietat de <strong>recanvis<\/strong> disponibles. A m\u00e9s, existeix l&#8217;opci\u00f3 d&#8217;imprimir un logotip o anagrama a un baix cost, ideal per a personalitzar la gandula.<\/p>\n<p><a href=\"https:\/\/balliuexport.com\/wp-content\/uploads\/2020\/01\/marina-tumbona-comprimido.pdf\">Fitxa t\u00e8cnica<\/a> i pla de manteniment.<\/p>\n","protected":false},"excerpt":{"rendered":"<p>&nbsp;<\/p>\n<p>&nbsp;<\/p>\n","protected":false},"featured_media":18657,"template":"","meta":{"_acf_changed":false},"product_brand":[887],"product_cat":[563,575],"product_tag":[587,593,640,782,688,720],"class_list":{"0":"post-20250","1":"product","2":"type-product","3":"status-publish","4":"has-post-thumbnail","6":"product_brand-balliu-ca","7":"product_cat-exterior-ca","8":"product_cat-tumbones-exterior","9":"product_tag-apilable-ca","10":"product_tag-balliu-ca","11":"product_tag-exterior-ca","12":"product_tag-tumbones","13":"product_tag-marina-ca","14":"product_tag-outdoor-ca","15":"description-off","17":"first","18":"instock","19":"shipping-taxable","20":"product-type-simple"},"acf":[],"yoast_head":"<!-- This site is optimized with the Yoast SEO plugin v27.0 - https:\/\/yoast.com\/product\/yoast-seo-wordpress\/ -->\n<title>Gandula Marina, Balliu- Navarro Aubanell<\/title>\n<meta name=\"description\" content=\"Gandula apilable fabricada amb tub d&#039;alumini endurit i cargols d&#039;acer inoxidable. Presenta potes asim\u00e8triques soldades en alumini i teixit transpirable.\" \/>\n<meta name=\"robots\" content=\"index, follow, max-snippet:-1, max-image-preview:large, max-video-preview:-1\" \/>\n<link rel=\"canonical\" href=\"https:\/\/www.navarroaubanell.com\/ca\/producte\/gandula-marina\/\" \/>\n<meta property=\"og:locale\" content=\"ca_ES\" \/>\n<meta property=\"og:type\" content=\"article\" \/>\n<meta property=\"og:title\" content=\"Gandula Marina, Balliu- Navarro Aubanell\" \/>\n<meta property=\"og:description\" content=\"Gandula apilable fabricada amb tub d&#039;alumini endurit i cargols d&#039;acer inoxidable. Presenta potes asim\u00e8triques soldades en alumini i teixit transpirable.\" \/>\n<meta property=\"og:url\" content=\"https:\/\/www.navarroaubanell.com\/ca\/producte\/gandula-marina\/\" \/>\n<meta property=\"og:site_name\" content=\"Navarro Aubanell\" \/>\n<meta property=\"article:modified_time\" content=\"2025-07-01T15:48:57+00:00\" \/>\n<meta property=\"og:image\" content=\"https:\/\/www.navarroaubanell.com\/wp-content\/uploads\/2017\/09\/img-destacada-marina.jpg\" \/>\n\t<meta property=\"og:image:width\" content=\"512\" \/>\n\t<meta property=\"og:image:height\" content=\"512\" \/>\n\t<meta property=\"og:image:type\" content=\"image\/jpeg\" \/>\n<meta name=\"twitter:label1\" content=\"Est. reading time\" \/>\n\t<meta name=\"twitter:data1\" content=\"2 minutes\" \/>\n<script type=\"application\/ld+json\" class=\"yoast-schema-graph\">{\"@context\":\"https:\/\/schema.org\",\"@graph\":[{\"@type\":\"WebPage\",\"@id\":\"https:\/\/www.navarroaubanell.com\/ca\/producte\/gandula-marina\/\",\"url\":\"https:\/\/www.navarroaubanell.com\/ca\/producte\/gandula-marina\/\",\"name\":\"Gandula Marina, Balliu- Navarro Aubanell\",\"isPartOf\":{\"@id\":\"https:\/\/www.navarroaubanell.com\/ca\/#website\"},\"primaryImageOfPage\":{\"@id\":\"https:\/\/www.navarroaubanell.com\/ca\/producte\/gandula-marina\/#primaryimage\"},\"image\":{\"@id\":\"https:\/\/www.navarroaubanell.com\/ca\/producte\/gandula-marina\/#primaryimage\"},\"thumbnailUrl\":\"https:\/\/www.navarroaubanell.com\/wp-content\/uploads\/2017\/09\/img-destacada-marina.jpg\",\"datePublished\":\"2017-09-28T08:03:04+00:00\",\"dateModified\":\"2025-07-01T15:48:57+00:00\",\"description\":\"Gandula apilable fabricada amb tub d'alumini endurit i cargols d'acer inoxidable. Presenta potes asim\u00e8triques soldades en alumini i teixit transpirable.\",\"breadcrumb\":{\"@id\":\"https:\/\/www.navarroaubanell.com\/ca\/producte\/gandula-marina\/#breadcrumb\"},\"inLanguage\":\"ca\",\"potentialAction\":[{\"@type\":\"ReadAction\",\"target\":[\"https:\/\/www.navarroaubanell.com\/ca\/producte\/gandula-marina\/\"]}]},{\"@type\":\"ImageObject\",\"inLanguage\":\"ca\",\"@id\":\"https:\/\/www.navarroaubanell.com\/ca\/producte\/gandula-marina\/#primaryimage\",\"url\":\"https:\/\/www.navarroaubanell.com\/wp-content\/uploads\/2017\/09\/img-destacada-marina.jpg\",\"contentUrl\":\"https:\/\/www.navarroaubanell.com\/wp-content\/uploads\/2017\/09\/img-destacada-marina.jpg\",\"width\":512,\"height\":512,\"caption\":\"Gandula Marina amb l'estructura de color alumini i el teixit de color capuccino.\"},{\"@type\":\"BreadcrumbList\",\"@id\":\"https:\/\/www.navarroaubanell.com\/ca\/producte\/gandula-marina\/#breadcrumb\",\"itemListElement\":[{\"@type\":\"ListItem\",\"position\":1,\"name\":\"Portada\",\"item\":\"https:\/\/www.navarroaubanell.com\/ca\/\"},{\"@type\":\"ListItem\",\"position\":2,\"name\":\"Productes\",\"item\":\"https:\/\/www.navarroaubanell.com\/productos\/\"},{\"@type\":\"ListItem\",\"position\":3,\"name\":\"Gandula Marina\"}]},{\"@type\":\"WebSite\",\"@id\":\"https:\/\/www.navarroaubanell.com\/ca\/#website\",\"url\":\"https:\/\/www.navarroaubanell.com\/ca\/\",\"name\":\"Navarro Aubanell\",\"description\":\"Mobiliario para hoteler\u00eda, colectividades y oficinas\",\"publisher\":{\"@id\":\"https:\/\/www.navarroaubanell.com\/ca\/#organization\"},\"potentialAction\":[{\"@type\":\"SearchAction\",\"target\":{\"@type\":\"EntryPoint\",\"urlTemplate\":\"https:\/\/www.navarroaubanell.com\/ca\/?s={search_term_string}\"},\"query-input\":{\"@type\":\"PropertyValueSpecification\",\"valueRequired\":true,\"valueName\":\"search_term_string\"}}],\"inLanguage\":\"ca\"},{\"@type\":\"Organization\",\"@id\":\"https:\/\/www.navarroaubanell.com\/ca\/#organization\",\"name\":\"COMERCIAL NAVARRO AUBANELL, S.A\",\"url\":\"https:\/\/www.navarroaubanell.com\/ca\/\",\"logo\":{\"@type\":\"ImageObject\",\"inLanguage\":\"ca\",\"@id\":\"https:\/\/www.navarroaubanell.com\/ca\/#\/schema\/logo\/image\/\",\"url\":\"https:\/\/www.navarroaubanell.com\/wp-content\/uploads\/2017\/07\/logo-navarro-aubuanell.png\",\"contentUrl\":\"https:\/\/www.navarroaubanell.com\/wp-content\/uploads\/2017\/07\/logo-navarro-aubuanell.png\",\"width\":6304,\"height\":1154,\"caption\":\"COMERCIAL NAVARRO AUBANELL, S.A\"},\"image\":{\"@id\":\"https:\/\/www.navarroaubanell.com\/ca\/#\/schema\/logo\/image\/\"}}]}<\/script>\n<!-- \/ Yoast SEO plugin. -->","yoast_head_json":{"title":"Gandula Marina, Balliu- Navarro Aubanell","description":"Gandula apilable fabricada amb tub d'alumini endurit i cargols d'acer inoxidable. Presenta potes asim\u00e8triques soldades en alumini i teixit transpirable.","robots":{"index":"index","follow":"follow","max-snippet":"max-snippet:-1","max-image-preview":"max-image-preview:large","max-video-preview":"max-video-preview:-1"},"canonical":"https:\/\/www.navarroaubanell.com\/ca\/producte\/gandula-marina\/","og_locale":"ca_ES","og_type":"article","og_title":"Gandula Marina, Balliu- Navarro Aubanell","og_description":"Gandula apilable fabricada amb tub d'alumini endurit i cargols d'acer inoxidable. Presenta potes asim\u00e8triques soldades en alumini i teixit transpirable.","og_url":"https:\/\/www.navarroaubanell.com\/ca\/producte\/gandula-marina\/","og_site_name":"Navarro Aubanell","article_modified_time":"2025-07-01T15:48:57+00:00","og_image":[{"width":512,"height":512,"url":"https:\/\/www.navarroaubanell.com\/wp-content\/uploads\/2017\/09\/img-destacada-marina.jpg","type":"image\/jpeg"}],"twitter_misc":{"Est. reading time":"2 minutes"},"schema":{"@context":"https:\/\/schema.org","@graph":[{"@type":"WebPage","@id":"https:\/\/www.navarroaubanell.com\/ca\/producte\/gandula-marina\/","url":"https:\/\/www.navarroaubanell.com\/ca\/producte\/gandula-marina\/","name":"Gandula Marina, Balliu- Navarro Aubanell","isPartOf":{"@id":"https:\/\/www.navarroaubanell.com\/ca\/#website"},"primaryImageOfPage":{"@id":"https:\/\/www.navarroaubanell.com\/ca\/producte\/gandula-marina\/#primaryimage"},"image":{"@id":"https:\/\/www.navarroaubanell.com\/ca\/producte\/gandula-marina\/#primaryimage"},"thumbnailUrl":"https:\/\/www.navarroaubanell.com\/wp-content\/uploads\/2017\/09\/img-destacada-marina.jpg","datePublished":"2017-09-28T08:03:04+00:00","dateModified":"2025-07-01T15:48:57+00:00","description":"Gandula apilable fabricada amb tub d'alumini endurit i cargols d'acer inoxidable. Presenta potes asim\u00e8triques soldades en alumini i teixit transpirable.","breadcrumb":{"@id":"https:\/\/www.navarroaubanell.com\/ca\/producte\/gandula-marina\/#breadcrumb"},"inLanguage":"ca","potentialAction":[{"@type":"ReadAction","target":["https:\/\/www.navarroaubanell.com\/ca\/producte\/gandula-marina\/"]}]},{"@type":"ImageObject","inLanguage":"ca","@id":"https:\/\/www.navarroaubanell.com\/ca\/producte\/gandula-marina\/#primaryimage","url":"https:\/\/www.navarroaubanell.com\/wp-content\/uploads\/2017\/09\/img-destacada-marina.jpg","contentUrl":"https:\/\/www.navarroaubanell.com\/wp-content\/uploads\/2017\/09\/img-destacada-marina.jpg","width":512,"height":512,"caption":"Gandula Marina amb l'estructura de color alumini i el teixit de color capuccino."},{"@type":"BreadcrumbList","@id":"https:\/\/www.navarroaubanell.com\/ca\/producte\/gandula-marina\/#breadcrumb","itemListElement":[{"@type":"ListItem","position":1,"name":"Portada","item":"https:\/\/www.navarroaubanell.com\/ca\/"},{"@type":"ListItem","position":2,"name":"Productes","item":"https:\/\/www.navarroaubanell.com\/productos\/"},{"@type":"ListItem","position":3,"name":"Gandula Marina"}]},{"@type":"WebSite","@id":"https:\/\/www.navarroaubanell.com\/ca\/#website","url":"https:\/\/www.navarroaubanell.com\/ca\/","name":"Navarro Aubanell","description":"Mobiliario para hoteler\u00eda, colectividades y oficinas","publisher":{"@id":"https:\/\/www.navarroaubanell.com\/ca\/#organization"},"potentialAction":[{"@type":"SearchAction","target":{"@type":"EntryPoint","urlTemplate":"https:\/\/www.navarroaubanell.com\/ca\/?s={search_term_string}"},"query-input":{"@type":"PropertyValueSpecification","valueRequired":true,"valueName":"search_term_string"}}],"inLanguage":"ca"},{"@type":"Organization","@id":"https:\/\/www.navarroaubanell.com\/ca\/#organization","name":"COMERCIAL NAVARRO AUBANELL, S.A","url":"https:\/\/www.navarroaubanell.com\/ca\/","logo":{"@type":"ImageObject","inLanguage":"ca","@id":"https:\/\/www.navarroaubanell.com\/ca\/#\/schema\/logo\/image\/","url":"https:\/\/www.navarroaubanell.com\/wp-content\/uploads\/2017\/07\/logo-navarro-aubuanell.png","contentUrl":"https:\/\/www.navarroaubanell.com\/wp-content\/uploads\/2017\/07\/logo-navarro-aubuanell.png","width":6304,"height":1154,"caption":"COMERCIAL NAVARRO AUBANELL, S.A"},"image":{"@id":"https:\/\/www.navarroaubanell.com\/ca\/#\/schema\/logo\/image\/"}}]}},"_links":{"self":[{"href":"https:\/\/www.navarroaubanell.com\/ca\/wp-json\/wp\/v2\/product\/20250","targetHints":{"allow":["GET"]}}],"collection":[{"href":"https:\/\/www.navarroaubanell.com\/ca\/wp-json\/wp\/v2\/product"}],"about":[{"href":"https:\/\/www.navarroaubanell.com\/ca\/wp-json\/wp\/v2\/types\/product"}],"wp:featuredmedia":[{"embeddable":true,"href":"https:\/\/www.navarroaubanell.com\/ca\/wp-json\/wp\/v2\/media\/18657"}],"wp:attachment":[{"href":"https:\/\/www.navarroaubanell.com\/ca\/wp-json\/wp\/v2\/media?parent=20250"}],"wp:term":[{"taxonomy":"product_brand","embeddable":true,"href":"https:\/\/www.navarroaubanell.com\/ca\/wp-json\/wp\/v2\/product_brand?post=20250"},{"taxonomy":"product_cat","embeddable":true,"href":"https:\/\/www.navarroaubanell.com\/ca\/wp-json\/wp\/v2\/product_cat?post=20250"},{"taxonomy":"product_tag","embeddable":true,"href":"https:\/\/www.navarroaubanell.com\/ca\/wp-json\/wp\/v2\/product_tag?post=20250"}],"curies":[{"name":"wp","href":"https:\/\/api.w.org\/{rel}","templated":true}]}}