{"id":20249,"date":"2017-09-28T08:12:09","date_gmt":"2017-09-28T08:12:09","guid":{"rendered":"https:\/\/www.navarroaubanell.com\/producto\/olimpia-3\/"},"modified":"2025-07-02T08:25:55","modified_gmt":"2025-07-02T06:25:55","slug":"olimpia-3","status":"publish","type":"product","link":"https:\/\/www.navarroaubanell.com\/ca\/producte\/olimpia-3\/","title":{"rendered":"Gandula Olimpia"},"content":{"rendered":"<p>La\u00a0<strong>gandula Olimpia<\/strong>\u00a0est\u00e0 dissenyada per a brindar la m\u00e0xima comoditat i seguretat. La seva estructura <strong>d\u2019alumini endurit<\/strong>, combinada amb caragols d\u2019<strong>acer inoxidable<\/strong> garanteix una durabilitat excepcional.<\/p>\n<ul>\n<li>El teixit amb qu\u00e8 es confecciona \u00e9s <strong>transpirable<\/strong>, resistent als raigs UVA i compta amb protecci\u00f3 <strong>antimicrobiana<\/strong>, protegint-lo aix\u00ed contra males olors i humitat. Els accessoris com els taps, tacs i reguladors, estan fabricats en<strong> resina de polipropil\u00e8<\/strong>, que tamb\u00e9 \u00e9s resistent als raigs UVA.<\/li>\n<li>Aquesta gandula est\u00e0 equipada amb un sistema de bloqueig dissenyat per a impedir l\u2019atrapament de mans i dits, i una estructura que evita bolcades o balancejos, pel que assegura un descans segur i estable, fins i tot en asseure\u2019s en els extrems.<\/li>\n<li>El suport \u00e9s <strong>graduable<\/strong> en 5 posicions, permetent un descans personalitzat i \u00f2ptim. A m\u00e9s, per a facilitar la seva mobilitat, la\u00a0<strong>gandula Olimpia <\/strong>est\u00e0 disponible en la versi\u00f3 amb rodes. Unes rodes integrades en el xass\u00eds i fabricades en poliamida.<\/li>\n<\/ul>\n<p>La\u00a0<strong>gandula Olimpia<\/strong>\u00a0est\u00e0 orientada a instal\u00b7lacions hoteleres, jardins i col\u00b7lectivitats. El teixit \u00e9s f\u00e0cilment substitu\u00efble, assegurant una llarga vida \u00fatil i manteniment senzill. Teixit en el qual pots incloure el teu logotip o anagrama per a fer que les gandules que tens,\u00a0<em>siguin les \u00faniques que existeixen en el m\u00f3n!<\/em><\/p>\n<p>(Aquesta gandula no \u00e9s apilable. Si busca una gandula apilable, est\u00e0 la <a href=\"https:\/\/www.navarroaubanell.com\/ca\/producte\/gandula-olimpia-s\/\">versi\u00f3 Ol\u00edmpia-S<\/a>,).<\/p>\n<p style=\"text-align: left;\">Accedeix a aquest <a href=\"https:\/\/balliuexport.com\/wp-content\/uploads\/2020\/01\/olimpia-tumbona-comprimido.pdf\">link<\/a> per a veure la fitxa t\u00e8cnica i el seu pla de manteniment.<\/p>\n","protected":false},"excerpt":{"rendered":"<p>&nbsp;<\/p>\n<p>&nbsp;<\/p>\n","protected":false},"featured_media":18661,"template":"","meta":{"_acf_changed":false},"product_brand":[887],"product_cat":[563,575],"product_tag":[992,593,640,782,833,849,720],"class_list":{"0":"post-20249","1":"product","2":"type-product","3":"status-publish","4":"has-post-thumbnail","6":"product_brand-balliu-ca","7":"product_cat-exterior-ca","8":"product_cat-tumbones-exterior","9":"product_tag-aluminio-ca","10":"product_tag-balliu-ca","11":"product_tag-exterior-ca","12":"product_tag-tumbones","13":"product_tag-graduable-ca","14":"product_tag-olimpia-ca","15":"product_tag-outdoor-ca","16":"description-off","18":"first","19":"instock","20":"shipping-taxable","21":"product-type-simple"},"acf":[],"yoast_head":"<!-- This site is optimized with the Yoast SEO plugin v27.5 - https:\/\/yoast.com\/product\/yoast-seo-wordpress\/ -->\n<title>Gandula Olimpia, Balliu- Navarrio Aubanell<\/title>\n<meta name=\"description\" content=\"Estructura d&#039;alumini endurit, cargols en acer inoxidable i accessoris en poliamida. Teixit transpirable i antimicribi\u00e0. Amb rodes o sense.\" \/>\n<meta name=\"robots\" content=\"index, follow, max-snippet:-1, max-image-preview:large, max-video-preview:-1\" \/>\n<link rel=\"canonical\" href=\"https:\/\/www.navarroaubanell.com\/ca\/producte\/olimpia-3\/\" \/>\n<meta property=\"og:locale\" content=\"ca_ES\" \/>\n<meta property=\"og:type\" content=\"article\" \/>\n<meta property=\"og:title\" content=\"Gandula Olimpia, Balliu- Navarrio Aubanell\" \/>\n<meta property=\"og:description\" content=\"Estructura d&#039;alumini endurit, cargols en acer inoxidable i accessoris en poliamida. Teixit transpirable i antimicribi\u00e0. Amb rodes o sense.\" \/>\n<meta property=\"og:url\" content=\"https:\/\/www.navarroaubanell.com\/ca\/producte\/olimpia-3\/\" \/>\n<meta property=\"og:site_name\" content=\"Navarro Aubanell\" \/>\n<meta property=\"article:modified_time\" content=\"2025-07-02T06:25:55+00:00\" \/>\n<meta property=\"og:image\" content=\"https:\/\/www.navarroaubanell.com\/wp-content\/uploads\/2017\/09\/img-destacada-olimpia.jpg\" \/>\n\t<meta property=\"og:image:width\" content=\"512\" \/>\n\t<meta property=\"og:image:height\" content=\"512\" \/>\n\t<meta property=\"og:image:type\" content=\"image\/jpeg\" \/>\n<meta name=\"twitter:label1\" content=\"Est. reading time\" \/>\n\t<meta name=\"twitter:data1\" content=\"2 minutes\" \/>\n<script type=\"application\/ld+json\" class=\"yoast-schema-graph\">{\"@context\":\"https:\\\/\\\/schema.org\",\"@graph\":[{\"@type\":\"WebPage\",\"@id\":\"https:\\\/\\\/www.navarroaubanell.com\\\/ca\\\/producte\\\/olimpia-3\\\/\",\"url\":\"https:\\\/\\\/www.navarroaubanell.com\\\/ca\\\/producte\\\/olimpia-3\\\/\",\"name\":\"Gandula Olimpia, Balliu- Navarrio Aubanell\",\"isPartOf\":{\"@id\":\"https:\\\/\\\/www.navarroaubanell.com\\\/ca\\\/#website\"},\"primaryImageOfPage\":{\"@id\":\"https:\\\/\\\/www.navarroaubanell.com\\\/ca\\\/producte\\\/olimpia-3\\\/#primaryimage\"},\"image\":{\"@id\":\"https:\\\/\\\/www.navarroaubanell.com\\\/ca\\\/producte\\\/olimpia-3\\\/#primaryimage\"},\"thumbnailUrl\":\"https:\\\/\\\/www.navarroaubanell.com\\\/wp-content\\\/uploads\\\/2017\\\/09\\\/img-destacada-olimpia.jpg\",\"datePublished\":\"2017-09-28T08:12:09+00:00\",\"dateModified\":\"2025-07-02T06:25:55+00:00\",\"description\":\"Estructura d'alumini endurit, cargols en acer inoxidable i accessoris en poliamida. Teixit transpirable i antimicribi\u00e0. Amb rodes o sense.\",\"breadcrumb\":{\"@id\":\"https:\\\/\\\/www.navarroaubanell.com\\\/ca\\\/producte\\\/olimpia-3\\\/#breadcrumb\"},\"inLanguage\":\"ca\",\"potentialAction\":[{\"@type\":\"ReadAction\",\"target\":[\"https:\\\/\\\/www.navarroaubanell.com\\\/ca\\\/producte\\\/olimpia-3\\\/\"]}]},{\"@type\":\"ImageObject\",\"inLanguage\":\"ca\",\"@id\":\"https:\\\/\\\/www.navarroaubanell.com\\\/ca\\\/producte\\\/olimpia-3\\\/#primaryimage\",\"url\":\"https:\\\/\\\/www.navarroaubanell.com\\\/wp-content\\\/uploads\\\/2017\\\/09\\\/img-destacada-olimpia.jpg\",\"contentUrl\":\"https:\\\/\\\/www.navarroaubanell.com\\\/wp-content\\\/uploads\\\/2017\\\/09\\\/img-destacada-olimpia.jpg\",\"width\":512,\"height\":512},{\"@type\":\"BreadcrumbList\",\"@id\":\"https:\\\/\\\/www.navarroaubanell.com\\\/ca\\\/producte\\\/olimpia-3\\\/#breadcrumb\",\"itemListElement\":[{\"@type\":\"ListItem\",\"position\":1,\"name\":\"Portada\",\"item\":\"https:\\\/\\\/www.navarroaubanell.com\\\/ca\\\/\"},{\"@type\":\"ListItem\",\"position\":2,\"name\":\"Productes\",\"item\":\"https:\\\/\\\/www.navarroaubanell.com\\\/productos\\\/\"},{\"@type\":\"ListItem\",\"position\":3,\"name\":\"Gandula Olimpia\"}]},{\"@type\":\"WebSite\",\"@id\":\"https:\\\/\\\/www.navarroaubanell.com\\\/ca\\\/#website\",\"url\":\"https:\\\/\\\/www.navarroaubanell.com\\\/ca\\\/\",\"name\":\"Navarro Aubanell\",\"description\":\"Mobiliario para hoteler\u00eda, colectividades y oficinas\",\"publisher\":{\"@id\":\"https:\\\/\\\/www.navarroaubanell.com\\\/ca\\\/#organization\"},\"potentialAction\":[{\"@type\":\"SearchAction\",\"target\":{\"@type\":\"EntryPoint\",\"urlTemplate\":\"https:\\\/\\\/www.navarroaubanell.com\\\/ca\\\/?s={search_term_string}\"},\"query-input\":{\"@type\":\"PropertyValueSpecification\",\"valueRequired\":true,\"valueName\":\"search_term_string\"}}],\"inLanguage\":\"ca\"},{\"@type\":\"Organization\",\"@id\":\"https:\\\/\\\/www.navarroaubanell.com\\\/ca\\\/#organization\",\"name\":\"COMERCIAL NAVARRO AUBANELL, S.A\",\"url\":\"https:\\\/\\\/www.navarroaubanell.com\\\/ca\\\/\",\"logo\":{\"@type\":\"ImageObject\",\"inLanguage\":\"ca\",\"@id\":\"https:\\\/\\\/www.navarroaubanell.com\\\/ca\\\/#\\\/schema\\\/logo\\\/image\\\/\",\"url\":\"https:\\\/\\\/www.navarroaubanell.com\\\/wp-content\\\/uploads\\\/2017\\\/07\\\/logo-navarro-aubuanell.png\",\"contentUrl\":\"https:\\\/\\\/www.navarroaubanell.com\\\/wp-content\\\/uploads\\\/2017\\\/07\\\/logo-navarro-aubuanell.png\",\"width\":6304,\"height\":1154,\"caption\":\"COMERCIAL NAVARRO AUBANELL, S.A\"},\"image\":{\"@id\":\"https:\\\/\\\/www.navarroaubanell.com\\\/ca\\\/#\\\/schema\\\/logo\\\/image\\\/\"}}]}<\/script>\n<!-- \/ Yoast SEO plugin. -->","yoast_head_json":{"title":"Gandula Olimpia, Balliu- Navarrio Aubanell","description":"Estructura d'alumini endurit, cargols en acer inoxidable i accessoris en poliamida. Teixit transpirable i antimicribi\u00e0. Amb rodes o sense.","robots":{"index":"index","follow":"follow","max-snippet":"max-snippet:-1","max-image-preview":"max-image-preview:large","max-video-preview":"max-video-preview:-1"},"canonical":"https:\/\/www.navarroaubanell.com\/ca\/producte\/olimpia-3\/","og_locale":"ca_ES","og_type":"article","og_title":"Gandula Olimpia, Balliu- Navarrio Aubanell","og_description":"Estructura d'alumini endurit, cargols en acer inoxidable i accessoris en poliamida. Teixit transpirable i antimicribi\u00e0. Amb rodes o sense.","og_url":"https:\/\/www.navarroaubanell.com\/ca\/producte\/olimpia-3\/","og_site_name":"Navarro Aubanell","article_modified_time":"2025-07-02T06:25:55+00:00","og_image":[{"width":512,"height":512,"url":"https:\/\/www.navarroaubanell.com\/wp-content\/uploads\/2017\/09\/img-destacada-olimpia.jpg","type":"image\/jpeg"}],"twitter_misc":{"Est. reading time":"2 minutes"},"schema":{"@context":"https:\/\/schema.org","@graph":[{"@type":"WebPage","@id":"https:\/\/www.navarroaubanell.com\/ca\/producte\/olimpia-3\/","url":"https:\/\/www.navarroaubanell.com\/ca\/producte\/olimpia-3\/","name":"Gandula Olimpia, Balliu- Navarrio Aubanell","isPartOf":{"@id":"https:\/\/www.navarroaubanell.com\/ca\/#website"},"primaryImageOfPage":{"@id":"https:\/\/www.navarroaubanell.com\/ca\/producte\/olimpia-3\/#primaryimage"},"image":{"@id":"https:\/\/www.navarroaubanell.com\/ca\/producte\/olimpia-3\/#primaryimage"},"thumbnailUrl":"https:\/\/www.navarroaubanell.com\/wp-content\/uploads\/2017\/09\/img-destacada-olimpia.jpg","datePublished":"2017-09-28T08:12:09+00:00","dateModified":"2025-07-02T06:25:55+00:00","description":"Estructura d'alumini endurit, cargols en acer inoxidable i accessoris en poliamida. Teixit transpirable i antimicribi\u00e0. Amb rodes o sense.","breadcrumb":{"@id":"https:\/\/www.navarroaubanell.com\/ca\/producte\/olimpia-3\/#breadcrumb"},"inLanguage":"ca","potentialAction":[{"@type":"ReadAction","target":["https:\/\/www.navarroaubanell.com\/ca\/producte\/olimpia-3\/"]}]},{"@type":"ImageObject","inLanguage":"ca","@id":"https:\/\/www.navarroaubanell.com\/ca\/producte\/olimpia-3\/#primaryimage","url":"https:\/\/www.navarroaubanell.com\/wp-content\/uploads\/2017\/09\/img-destacada-olimpia.jpg","contentUrl":"https:\/\/www.navarroaubanell.com\/wp-content\/uploads\/2017\/09\/img-destacada-olimpia.jpg","width":512,"height":512},{"@type":"BreadcrumbList","@id":"https:\/\/www.navarroaubanell.com\/ca\/producte\/olimpia-3\/#breadcrumb","itemListElement":[{"@type":"ListItem","position":1,"name":"Portada","item":"https:\/\/www.navarroaubanell.com\/ca\/"},{"@type":"ListItem","position":2,"name":"Productes","item":"https:\/\/www.navarroaubanell.com\/productos\/"},{"@type":"ListItem","position":3,"name":"Gandula Olimpia"}]},{"@type":"WebSite","@id":"https:\/\/www.navarroaubanell.com\/ca\/#website","url":"https:\/\/www.navarroaubanell.com\/ca\/","name":"Navarro Aubanell","description":"Mobiliario para hoteler\u00eda, colectividades y oficinas","publisher":{"@id":"https:\/\/www.navarroaubanell.com\/ca\/#organization"},"potentialAction":[{"@type":"SearchAction","target":{"@type":"EntryPoint","urlTemplate":"https:\/\/www.navarroaubanell.com\/ca\/?s={search_term_string}"},"query-input":{"@type":"PropertyValueSpecification","valueRequired":true,"valueName":"search_term_string"}}],"inLanguage":"ca"},{"@type":"Organization","@id":"https:\/\/www.navarroaubanell.com\/ca\/#organization","name":"COMERCIAL NAVARRO AUBANELL, S.A","url":"https:\/\/www.navarroaubanell.com\/ca\/","logo":{"@type":"ImageObject","inLanguage":"ca","@id":"https:\/\/www.navarroaubanell.com\/ca\/#\/schema\/logo\/image\/","url":"https:\/\/www.navarroaubanell.com\/wp-content\/uploads\/2017\/07\/logo-navarro-aubuanell.png","contentUrl":"https:\/\/www.navarroaubanell.com\/wp-content\/uploads\/2017\/07\/logo-navarro-aubuanell.png","width":6304,"height":1154,"caption":"COMERCIAL NAVARRO AUBANELL, S.A"},"image":{"@id":"https:\/\/www.navarroaubanell.com\/ca\/#\/schema\/logo\/image\/"}}]}},"_links":{"self":[{"href":"https:\/\/www.navarroaubanell.com\/ca\/wp-json\/wp\/v2\/product\/20249","targetHints":{"allow":["GET"]}}],"collection":[{"href":"https:\/\/www.navarroaubanell.com\/ca\/wp-json\/wp\/v2\/product"}],"about":[{"href":"https:\/\/www.navarroaubanell.com\/ca\/wp-json\/wp\/v2\/types\/product"}],"wp:featuredmedia":[{"embeddable":true,"href":"https:\/\/www.navarroaubanell.com\/ca\/wp-json\/wp\/v2\/media\/18661"}],"wp:attachment":[{"href":"https:\/\/www.navarroaubanell.com\/ca\/wp-json\/wp\/v2\/media?parent=20249"}],"wp:term":[{"taxonomy":"product_brand","embeddable":true,"href":"https:\/\/www.navarroaubanell.com\/ca\/wp-json\/wp\/v2\/product_brand?post=20249"},{"taxonomy":"product_cat","embeddable":true,"href":"https:\/\/www.navarroaubanell.com\/ca\/wp-json\/wp\/v2\/product_cat?post=20249"},{"taxonomy":"product_tag","embeddable":true,"href":"https:\/\/www.navarroaubanell.com\/ca\/wp-json\/wp\/v2\/product_tag?post=20249"}],"curies":[{"name":"wp","href":"https:\/\/api.w.org\/{rel}","templated":true}]}}