{"id":20248,"date":"2017-09-28T08:25:48","date_gmt":"2017-09-28T08:25:48","guid":{"rendered":"https:\/\/www.navarroaubanell.com\/producto\/olimpia-s-2\/"},"modified":"2025-07-02T08:32:36","modified_gmt":"2025-07-02T06:32:36","slug":"gandula-olimpia-s","status":"publish","type":"product","link":"https:\/\/www.navarroaubanell.com\/ca\/producte\/gandula-olimpia-s\/","title":{"rendered":"Gandula Olimpia S"},"content":{"rendered":"<p>La <strong>gandula Olimpia S<\/strong> est\u00e0 dissenyada per a brindar la m\u00e0xima comoditat i seguretat. La seva estructura d&#8217;<strong>alumini endurit<\/strong>, combinada amb caragols <strong>d&#8217;acer inoxidable<\/strong> garanteix una durabilitat excepcional.<\/p>\n<ul>\n<li>El teixit amb qu\u00e8 es confecciona \u00e9s <strong>transpirable<\/strong>, resistent als raigs UVA i compta amb protecci\u00f3 <strong>antimicrobiana<\/strong>, protegint-lo aix\u00ed contra males olors i humitat. Els accessoris com els taps, tacs i reguladors, estan fabricats en <strong>resina de<\/strong> <strong>polipropil\u00e8<\/strong>, que tamb\u00e9 \u00e9s resistent als raigs UVA.<\/li>\n<li>Aquesta gandula, a part de ser <strong>apilable<\/strong>, est\u00e0 equipada amb un sistema de bloqueig dissenyat per a impedir l&#8217;atrapament de mans i dits, i una estructura que evita bolcades o balancejos, pel que un descans segur i estable, fins i tot en asseure&#8217;s en els extrems.<\/li>\n<li>El suport \u00e9s <strong>graduable<\/strong> en 5 posicions, permetent un descans personalitzat i \u00f2ptim. A m\u00e9s, per a facilitar la seva mobilitat, la <strong>gandula Olimpia S<\/strong> est\u00e0 disponible en la versi\u00f3 amb rodes. Unes rodes integrades en el xass\u00eds i fabricades en poliamida.<\/li>\n<\/ul>\n<p>La <strong>gandula Olimpia S<\/strong> est\u00e0 orientada a instal\u00b7lacions hoteleres, jardins i col\u00b7lectivitats. El teixit \u00e9s f\u00e0cilment substitu\u00efble, assegurant una llarga vida \u00fatil i manteniment senzill. Teixit en el qual pots incloure el teu logotip o anagrama per a fer que les gandules que tens, <em>siguin les \u00faniques que existeixen en el m\u00f3n!<\/em><\/p>\n<p>Accedeix a aquest <a href=\"https:\/\/balliuexport.com\/wp-content\/uploads\/2023\/03\/olimpia-s-tumbona-comprimido.pdf\">enlla\u00e7<\/a> per a veure la fitxa t\u00e8cnica i el seu pla de manteniment.<\/p>\n","protected":false},"excerpt":{"rendered":"<p>&nbsp;<\/p>\n<p>&nbsp;<\/p>\n","protected":false},"featured_media":33487,"template":"","meta":{"_acf_changed":false},"product_brand":[887],"product_cat":[563,575],"product_tag":[587,593,640,782,713,720],"class_list":{"0":"post-20248","1":"product","2":"type-product","3":"status-publish","4":"has-post-thumbnail","6":"product_brand-balliu-ca","7":"product_cat-exterior-ca","8":"product_cat-tumbones-exterior","9":"product_tag-apilable-ca","10":"product_tag-balliu-ca","11":"product_tag-exterior-ca","12":"product_tag-tumbones","13":"product_tag-olimpia-s-ca","14":"product_tag-outdoor-ca","15":"description-off","17":"first","18":"instock","19":"shipping-taxable","20":"product-type-simple"},"acf":[],"yoast_head":"<!-- This site is optimized with the Yoast SEO plugin v27.5 - https:\/\/yoast.com\/product\/yoast-seo-wordpress\/ -->\n<title>Gandula Olimpia S- Navarro Aubanell- Balliu<\/title>\n<meta name=\"description\" content=\"Gandula Olimpia S: estructura d&#039;alumini, caragols d&#039;acer inoxidable i accessoris en poliamida, amb rodes o sense. Ideal per a hotels i col\u00b7lectivitats.\" \/>\n<meta name=\"robots\" content=\"index, follow, max-snippet:-1, max-image-preview:large, max-video-preview:-1\" \/>\n<link rel=\"canonical\" href=\"https:\/\/www.navarroaubanell.com\/ca\/producte\/gandula-olimpia-s\/\" \/>\n<meta property=\"og:locale\" content=\"ca_ES\" \/>\n<meta property=\"og:type\" content=\"article\" \/>\n<meta property=\"og:title\" content=\"Gandula Olimpia S- Navarro Aubanell- Balliu\" \/>\n<meta property=\"og:description\" content=\"Gandula Olimpia S: estructura d&#039;alumini, caragols d&#039;acer inoxidable i accessoris en poliamida, amb rodes o sense. Ideal per a hotels i col\u00b7lectivitats.\" \/>\n<meta property=\"og:url\" content=\"https:\/\/www.navarroaubanell.com\/ca\/producte\/gandula-olimpia-s\/\" \/>\n<meta property=\"og:site_name\" content=\"Navarro Aubanell\" \/>\n<meta property=\"article:modified_time\" content=\"2025-07-02T06:32:36+00:00\" \/>\n<meta property=\"og:image\" content=\"https:\/\/www.navarroaubanell.com\/wp-content\/uploads\/2017\/09\/Sin-nombre.png\" \/>\n\t<meta property=\"og:image:width\" content=\"800\" \/>\n\t<meta property=\"og:image:height\" content=\"650\" \/>\n\t<meta property=\"og:image:type\" content=\"image\/png\" \/>\n<meta name=\"twitter:label1\" content=\"Est. reading time\" \/>\n\t<meta name=\"twitter:data1\" content=\"2 minutes\" \/>\n<script type=\"application\/ld+json\" class=\"yoast-schema-graph\">{\"@context\":\"https:\\\/\\\/schema.org\",\"@graph\":[{\"@type\":\"WebPage\",\"@id\":\"https:\\\/\\\/www.navarroaubanell.com\\\/ca\\\/producte\\\/gandula-olimpia-s\\\/\",\"url\":\"https:\\\/\\\/www.navarroaubanell.com\\\/ca\\\/producte\\\/gandula-olimpia-s\\\/\",\"name\":\"Gandula Olimpia S- Navarro Aubanell- Balliu\",\"isPartOf\":{\"@id\":\"https:\\\/\\\/www.navarroaubanell.com\\\/ca\\\/#website\"},\"primaryImageOfPage\":{\"@id\":\"https:\\\/\\\/www.navarroaubanell.com\\\/ca\\\/producte\\\/gandula-olimpia-s\\\/#primaryimage\"},\"image\":{\"@id\":\"https:\\\/\\\/www.navarroaubanell.com\\\/ca\\\/producte\\\/gandula-olimpia-s\\\/#primaryimage\"},\"thumbnailUrl\":\"https:\\\/\\\/www.navarroaubanell.com\\\/wp-content\\\/uploads\\\/2017\\\/09\\\/Sin-nombre.png\",\"datePublished\":\"2017-09-28T08:25:48+00:00\",\"dateModified\":\"2025-07-02T06:32:36+00:00\",\"description\":\"Gandula Olimpia S: estructura d'alumini, caragols d'acer inoxidable i accessoris en poliamida, amb rodes o sense. Ideal per a hotels i col\u00b7lectivitats.\",\"breadcrumb\":{\"@id\":\"https:\\\/\\\/www.navarroaubanell.com\\\/ca\\\/producte\\\/gandula-olimpia-s\\\/#breadcrumb\"},\"inLanguage\":\"ca\",\"potentialAction\":[{\"@type\":\"ReadAction\",\"target\":[\"https:\\\/\\\/www.navarroaubanell.com\\\/ca\\\/producte\\\/gandula-olimpia-s\\\/\"]}]},{\"@type\":\"ImageObject\",\"inLanguage\":\"ca\",\"@id\":\"https:\\\/\\\/www.navarroaubanell.com\\\/ca\\\/producte\\\/gandula-olimpia-s\\\/#primaryimage\",\"url\":\"https:\\\/\\\/www.navarroaubanell.com\\\/wp-content\\\/uploads\\\/2017\\\/09\\\/Sin-nombre.png\",\"contentUrl\":\"https:\\\/\\\/www.navarroaubanell.com\\\/wp-content\\\/uploads\\\/2017\\\/09\\\/Sin-nombre.png\",\"width\":800,\"height\":650,\"caption\":\"Gandula Olimpia S\"},{\"@type\":\"BreadcrumbList\",\"@id\":\"https:\\\/\\\/www.navarroaubanell.com\\\/ca\\\/producte\\\/gandula-olimpia-s\\\/#breadcrumb\",\"itemListElement\":[{\"@type\":\"ListItem\",\"position\":1,\"name\":\"Portada\",\"item\":\"https:\\\/\\\/www.navarroaubanell.com\\\/ca\\\/\"},{\"@type\":\"ListItem\",\"position\":2,\"name\":\"Productes\",\"item\":\"https:\\\/\\\/www.navarroaubanell.com\\\/productos\\\/\"},{\"@type\":\"ListItem\",\"position\":3,\"name\":\"Gandula Olimpia S\"}]},{\"@type\":\"WebSite\",\"@id\":\"https:\\\/\\\/www.navarroaubanell.com\\\/ca\\\/#website\",\"url\":\"https:\\\/\\\/www.navarroaubanell.com\\\/ca\\\/\",\"name\":\"Navarro Aubanell\",\"description\":\"Mobiliario para hoteler\u00eda, colectividades y oficinas\",\"publisher\":{\"@id\":\"https:\\\/\\\/www.navarroaubanell.com\\\/ca\\\/#organization\"},\"potentialAction\":[{\"@type\":\"SearchAction\",\"target\":{\"@type\":\"EntryPoint\",\"urlTemplate\":\"https:\\\/\\\/www.navarroaubanell.com\\\/ca\\\/?s={search_term_string}\"},\"query-input\":{\"@type\":\"PropertyValueSpecification\",\"valueRequired\":true,\"valueName\":\"search_term_string\"}}],\"inLanguage\":\"ca\"},{\"@type\":\"Organization\",\"@id\":\"https:\\\/\\\/www.navarroaubanell.com\\\/ca\\\/#organization\",\"name\":\"COMERCIAL NAVARRO AUBANELL, S.A\",\"url\":\"https:\\\/\\\/www.navarroaubanell.com\\\/ca\\\/\",\"logo\":{\"@type\":\"ImageObject\",\"inLanguage\":\"ca\",\"@id\":\"https:\\\/\\\/www.navarroaubanell.com\\\/ca\\\/#\\\/schema\\\/logo\\\/image\\\/\",\"url\":\"https:\\\/\\\/www.navarroaubanell.com\\\/wp-content\\\/uploads\\\/2017\\\/07\\\/logo-navarro-aubuanell.png\",\"contentUrl\":\"https:\\\/\\\/www.navarroaubanell.com\\\/wp-content\\\/uploads\\\/2017\\\/07\\\/logo-navarro-aubuanell.png\",\"width\":6304,\"height\":1154,\"caption\":\"COMERCIAL NAVARRO AUBANELL, S.A\"},\"image\":{\"@id\":\"https:\\\/\\\/www.navarroaubanell.com\\\/ca\\\/#\\\/schema\\\/logo\\\/image\\\/\"}}]}<\/script>\n<!-- \/ Yoast SEO plugin. -->","yoast_head_json":{"title":"Gandula Olimpia S- Navarro Aubanell- Balliu","description":"Gandula Olimpia S: estructura d'alumini, caragols d'acer inoxidable i accessoris en poliamida, amb rodes o sense. Ideal per a hotels i col\u00b7lectivitats.","robots":{"index":"index","follow":"follow","max-snippet":"max-snippet:-1","max-image-preview":"max-image-preview:large","max-video-preview":"max-video-preview:-1"},"canonical":"https:\/\/www.navarroaubanell.com\/ca\/producte\/gandula-olimpia-s\/","og_locale":"ca_ES","og_type":"article","og_title":"Gandula Olimpia S- Navarro Aubanell- Balliu","og_description":"Gandula Olimpia S: estructura d'alumini, caragols d'acer inoxidable i accessoris en poliamida, amb rodes o sense. Ideal per a hotels i col\u00b7lectivitats.","og_url":"https:\/\/www.navarroaubanell.com\/ca\/producte\/gandula-olimpia-s\/","og_site_name":"Navarro Aubanell","article_modified_time":"2025-07-02T06:32:36+00:00","og_image":[{"width":800,"height":650,"url":"https:\/\/www.navarroaubanell.com\/wp-content\/uploads\/2017\/09\/Sin-nombre.png","type":"image\/png"}],"twitter_misc":{"Est. reading time":"2 minutes"},"schema":{"@context":"https:\/\/schema.org","@graph":[{"@type":"WebPage","@id":"https:\/\/www.navarroaubanell.com\/ca\/producte\/gandula-olimpia-s\/","url":"https:\/\/www.navarroaubanell.com\/ca\/producte\/gandula-olimpia-s\/","name":"Gandula Olimpia S- Navarro Aubanell- Balliu","isPartOf":{"@id":"https:\/\/www.navarroaubanell.com\/ca\/#website"},"primaryImageOfPage":{"@id":"https:\/\/www.navarroaubanell.com\/ca\/producte\/gandula-olimpia-s\/#primaryimage"},"image":{"@id":"https:\/\/www.navarroaubanell.com\/ca\/producte\/gandula-olimpia-s\/#primaryimage"},"thumbnailUrl":"https:\/\/www.navarroaubanell.com\/wp-content\/uploads\/2017\/09\/Sin-nombre.png","datePublished":"2017-09-28T08:25:48+00:00","dateModified":"2025-07-02T06:32:36+00:00","description":"Gandula Olimpia S: estructura d'alumini, caragols d'acer inoxidable i accessoris en poliamida, amb rodes o sense. Ideal per a hotels i col\u00b7lectivitats.","breadcrumb":{"@id":"https:\/\/www.navarroaubanell.com\/ca\/producte\/gandula-olimpia-s\/#breadcrumb"},"inLanguage":"ca","potentialAction":[{"@type":"ReadAction","target":["https:\/\/www.navarroaubanell.com\/ca\/producte\/gandula-olimpia-s\/"]}]},{"@type":"ImageObject","inLanguage":"ca","@id":"https:\/\/www.navarroaubanell.com\/ca\/producte\/gandula-olimpia-s\/#primaryimage","url":"https:\/\/www.navarroaubanell.com\/wp-content\/uploads\/2017\/09\/Sin-nombre.png","contentUrl":"https:\/\/www.navarroaubanell.com\/wp-content\/uploads\/2017\/09\/Sin-nombre.png","width":800,"height":650,"caption":"Gandula Olimpia S"},{"@type":"BreadcrumbList","@id":"https:\/\/www.navarroaubanell.com\/ca\/producte\/gandula-olimpia-s\/#breadcrumb","itemListElement":[{"@type":"ListItem","position":1,"name":"Portada","item":"https:\/\/www.navarroaubanell.com\/ca\/"},{"@type":"ListItem","position":2,"name":"Productes","item":"https:\/\/www.navarroaubanell.com\/productos\/"},{"@type":"ListItem","position":3,"name":"Gandula Olimpia S"}]},{"@type":"WebSite","@id":"https:\/\/www.navarroaubanell.com\/ca\/#website","url":"https:\/\/www.navarroaubanell.com\/ca\/","name":"Navarro Aubanell","description":"Mobiliario para hoteler\u00eda, colectividades y oficinas","publisher":{"@id":"https:\/\/www.navarroaubanell.com\/ca\/#organization"},"potentialAction":[{"@type":"SearchAction","target":{"@type":"EntryPoint","urlTemplate":"https:\/\/www.navarroaubanell.com\/ca\/?s={search_term_string}"},"query-input":{"@type":"PropertyValueSpecification","valueRequired":true,"valueName":"search_term_string"}}],"inLanguage":"ca"},{"@type":"Organization","@id":"https:\/\/www.navarroaubanell.com\/ca\/#organization","name":"COMERCIAL NAVARRO AUBANELL, S.A","url":"https:\/\/www.navarroaubanell.com\/ca\/","logo":{"@type":"ImageObject","inLanguage":"ca","@id":"https:\/\/www.navarroaubanell.com\/ca\/#\/schema\/logo\/image\/","url":"https:\/\/www.navarroaubanell.com\/wp-content\/uploads\/2017\/07\/logo-navarro-aubuanell.png","contentUrl":"https:\/\/www.navarroaubanell.com\/wp-content\/uploads\/2017\/07\/logo-navarro-aubuanell.png","width":6304,"height":1154,"caption":"COMERCIAL NAVARRO AUBANELL, S.A"},"image":{"@id":"https:\/\/www.navarroaubanell.com\/ca\/#\/schema\/logo\/image\/"}}]}},"_links":{"self":[{"href":"https:\/\/www.navarroaubanell.com\/ca\/wp-json\/wp\/v2\/product\/20248","targetHints":{"allow":["GET"]}}],"collection":[{"href":"https:\/\/www.navarroaubanell.com\/ca\/wp-json\/wp\/v2\/product"}],"about":[{"href":"https:\/\/www.navarroaubanell.com\/ca\/wp-json\/wp\/v2\/types\/product"}],"wp:featuredmedia":[{"embeddable":true,"href":"https:\/\/www.navarroaubanell.com\/ca\/wp-json\/wp\/v2\/media\/33487"}],"wp:attachment":[{"href":"https:\/\/www.navarroaubanell.com\/ca\/wp-json\/wp\/v2\/media?parent=20248"}],"wp:term":[{"taxonomy":"product_brand","embeddable":true,"href":"https:\/\/www.navarroaubanell.com\/ca\/wp-json\/wp\/v2\/product_brand?post=20248"},{"taxonomy":"product_cat","embeddable":true,"href":"https:\/\/www.navarroaubanell.com\/ca\/wp-json\/wp\/v2\/product_cat?post=20248"},{"taxonomy":"product_tag","embeddable":true,"href":"https:\/\/www.navarroaubanell.com\/ca\/wp-json\/wp\/v2\/product_tag?post=20248"}],"curies":[{"name":"wp","href":"https:\/\/api.w.org\/{rel}","templated":true}]}}