{"id":20218,"date":"2017-09-30T15:32:51","date_gmt":"2017-09-30T15:32:51","guid":{"rendered":"https:\/\/www.navarroaubanell.com\/producto\/re-trouve-4\/"},"modified":"2020-03-13T16:21:45","modified_gmt":"2020-03-13T15:21:45","slug":"re-trouve-4","status":"publish","type":"product","link":"https:\/\/www.navarroaubanell.com\/ca\/producte\/re-trouve-4\/","title":{"rendered":"Cadira de bra\u00e7os Re-trouv\u00e9"},"content":{"rendered":"<p>Dise\u00f1ado por Paola Navone esta colecci\u00f3n de Ivy es el nuevo concepto de vida al aire libre: aire libre totalmente de acero. La silla con estructura de varilla met\u00e1lica y tapa s\u00f3lida de chapa, permite que sean apilables hasta cuatro sillones m\u00e1s. Disponible en varios colores diferentes.<\/p>\n","protected":false},"excerpt":{"rendered":"<p>&nbsp;<\/p>\n<p>&nbsp;<\/p>\n","protected":false},"featured_media":18812,"template":"","meta":{"_acf_changed":false},"product_brand":[890],"product_cat":[573,563],"product_tag":[587,749,618,636,847,720,735],"class_list":{"0":"post-20218","1":"product","2":"type-product","3":"status-publish","4":"has-post-thumbnail","6":"product_brand-emu-ca","7":"product_cat-cadires-de-bracos-exterior","8":"product_cat-exterior-ca","9":"product_tag-apilable-ca","10":"product_tag-cadira-de-barcos","11":"product_tag-contract-ca","12":"product_tag-emu-ca","13":"product_tag-mobiliari-exterior","14":"product_tag-outdoor-ca","15":"product_tag-re-trouve-ca","16":"description-off","18":"first","19":"instock","20":"shipping-taxable","21":"product-type-simple"},"acf":[],"yoast_head":"<!-- This site is optimized with the Yoast SEO plugin v27.0 - https:\/\/yoast.com\/product\/yoast-seo-wordpress\/ -->\n<title>Re-trouv\u00e9, sill\u00f3n de dise\u00f1o, de la firma Emu - Navarro Aubanell<\/title>\n<meta name=\"description\" content=\"Dise\u00f1ado por Paola Navone esta colecci\u00f3n de Ivy es el nuevo concepto de vida al aire libre: aire libre totalmente de acero. Dise\u00f1o de la firma muebles Emu.\" \/>\n<meta name=\"robots\" content=\"index, follow, max-snippet:-1, max-image-preview:large, max-video-preview:-1\" \/>\n<link rel=\"canonical\" href=\"https:\/\/www.navarroaubanell.com\/ca\/producte\/re-trouve-4\/\" \/>\n<meta property=\"og:locale\" content=\"ca_ES\" \/>\n<meta property=\"og:type\" content=\"article\" \/>\n<meta property=\"og:title\" content=\"Re-trouv\u00e9, sill\u00f3n de dise\u00f1o, de la firma Emu - Navarro Aubanell\" \/>\n<meta property=\"og:description\" content=\"Dise\u00f1ado por Paola Navone esta colecci\u00f3n de Ivy es el nuevo concepto de vida al aire libre: aire libre totalmente de acero. Dise\u00f1o de la firma muebles Emu.\" \/>\n<meta property=\"og:url\" content=\"https:\/\/www.navarroaubanell.com\/ca\/producte\/re-trouve-4\/\" \/>\n<meta property=\"og:site_name\" content=\"Navarro Aubanell\" \/>\n<meta property=\"article:modified_time\" content=\"2020-03-13T15:21:45+00:00\" \/>\n<meta property=\"og:image\" content=\"https:\/\/www.navarroaubanell.com\/wp-content\/uploads\/2017\/09\/img-destacada-retrouve5.jpg\" \/>\n\t<meta property=\"og:image:width\" content=\"512\" \/>\n\t<meta property=\"og:image:height\" content=\"512\" \/>\n\t<meta property=\"og:image:type\" content=\"image\/jpeg\" \/>\n<script type=\"application\/ld+json\" class=\"yoast-schema-graph\">{\"@context\":\"https:\/\/schema.org\",\"@graph\":[{\"@type\":\"WebPage\",\"@id\":\"https:\/\/www.navarroaubanell.com\/ca\/producte\/re-trouve-4\/\",\"url\":\"https:\/\/www.navarroaubanell.com\/ca\/producte\/re-trouve-4\/\",\"name\":\"Re-trouv\u00e9, sill\u00f3n de dise\u00f1o, de la firma Emu - Navarro Aubanell\",\"isPartOf\":{\"@id\":\"https:\/\/www.navarroaubanell.com\/ca\/#website\"},\"primaryImageOfPage\":{\"@id\":\"https:\/\/www.navarroaubanell.com\/ca\/producte\/re-trouve-4\/#primaryimage\"},\"image\":{\"@id\":\"https:\/\/www.navarroaubanell.com\/ca\/producte\/re-trouve-4\/#primaryimage\"},\"thumbnailUrl\":\"https:\/\/www.navarroaubanell.com\/wp-content\/uploads\/2017\/09\/img-destacada-retrouve5.jpg\",\"datePublished\":\"2017-09-30T15:32:51+00:00\",\"dateModified\":\"2020-03-13T15:21:45+00:00\",\"description\":\"Dise\u00f1ado por Paola Navone esta colecci\u00f3n de Ivy es el nuevo concepto de vida al aire libre: aire libre totalmente de acero. Dise\u00f1o de la firma muebles Emu.\",\"breadcrumb\":{\"@id\":\"https:\/\/www.navarroaubanell.com\/ca\/producte\/re-trouve-4\/#breadcrumb\"},\"inLanguage\":\"ca\",\"potentialAction\":[{\"@type\":\"ReadAction\",\"target\":[\"https:\/\/www.navarroaubanell.com\/ca\/producte\/re-trouve-4\/\"]}]},{\"@type\":\"ImageObject\",\"inLanguage\":\"ca\",\"@id\":\"https:\/\/www.navarroaubanell.com\/ca\/producte\/re-trouve-4\/#primaryimage\",\"url\":\"https:\/\/www.navarroaubanell.com\/wp-content\/uploads\/2017\/09\/img-destacada-retrouve5.jpg\",\"contentUrl\":\"https:\/\/www.navarroaubanell.com\/wp-content\/uploads\/2017\/09\/img-destacada-retrouve5.jpg\",\"width\":512,\"height\":512},{\"@type\":\"BreadcrumbList\",\"@id\":\"https:\/\/www.navarroaubanell.com\/ca\/producte\/re-trouve-4\/#breadcrumb\",\"itemListElement\":[{\"@type\":\"ListItem\",\"position\":1,\"name\":\"Portada\",\"item\":\"https:\/\/www.navarroaubanell.com\/ca\/\"},{\"@type\":\"ListItem\",\"position\":2,\"name\":\"Productes\",\"item\":\"https:\/\/www.navarroaubanell.com\/productos\/\"},{\"@type\":\"ListItem\",\"position\":3,\"name\":\"Cadira de bra\u00e7os Re-trouv\u00e9\"}]},{\"@type\":\"WebSite\",\"@id\":\"https:\/\/www.navarroaubanell.com\/ca\/#website\",\"url\":\"https:\/\/www.navarroaubanell.com\/ca\/\",\"name\":\"Navarro Aubanell\",\"description\":\"Mobiliario para hoteler\u00eda, colectividades y oficinas\",\"publisher\":{\"@id\":\"https:\/\/www.navarroaubanell.com\/ca\/#organization\"},\"potentialAction\":[{\"@type\":\"SearchAction\",\"target\":{\"@type\":\"EntryPoint\",\"urlTemplate\":\"https:\/\/www.navarroaubanell.com\/ca\/?s={search_term_string}\"},\"query-input\":{\"@type\":\"PropertyValueSpecification\",\"valueRequired\":true,\"valueName\":\"search_term_string\"}}],\"inLanguage\":\"ca\"},{\"@type\":\"Organization\",\"@id\":\"https:\/\/www.navarroaubanell.com\/ca\/#organization\",\"name\":\"COMERCIAL NAVARRO AUBANELL, S.A\",\"url\":\"https:\/\/www.navarroaubanell.com\/ca\/\",\"logo\":{\"@type\":\"ImageObject\",\"inLanguage\":\"ca\",\"@id\":\"https:\/\/www.navarroaubanell.com\/ca\/#\/schema\/logo\/image\/\",\"url\":\"https:\/\/www.navarroaubanell.com\/wp-content\/uploads\/2017\/07\/logo-navarro-aubuanell.png\",\"contentUrl\":\"https:\/\/www.navarroaubanell.com\/wp-content\/uploads\/2017\/07\/logo-navarro-aubuanell.png\",\"width\":6304,\"height\":1154,\"caption\":\"COMERCIAL NAVARRO AUBANELL, S.A\"},\"image\":{\"@id\":\"https:\/\/www.navarroaubanell.com\/ca\/#\/schema\/logo\/image\/\"}}]}<\/script>\n<!-- \/ Yoast SEO plugin. -->","yoast_head_json":{"title":"Re-trouv\u00e9, sill\u00f3n de dise\u00f1o, de la firma Emu - Navarro Aubanell","description":"Dise\u00f1ado por Paola Navone esta colecci\u00f3n de Ivy es el nuevo concepto de vida al aire libre: aire libre totalmente de acero. Dise\u00f1o de la firma muebles Emu.","robots":{"index":"index","follow":"follow","max-snippet":"max-snippet:-1","max-image-preview":"max-image-preview:large","max-video-preview":"max-video-preview:-1"},"canonical":"https:\/\/www.navarroaubanell.com\/ca\/producte\/re-trouve-4\/","og_locale":"ca_ES","og_type":"article","og_title":"Re-trouv\u00e9, sill\u00f3n de dise\u00f1o, de la firma Emu - Navarro Aubanell","og_description":"Dise\u00f1ado por Paola Navone esta colecci\u00f3n de Ivy es el nuevo concepto de vida al aire libre: aire libre totalmente de acero. Dise\u00f1o de la firma muebles Emu.","og_url":"https:\/\/www.navarroaubanell.com\/ca\/producte\/re-trouve-4\/","og_site_name":"Navarro Aubanell","article_modified_time":"2020-03-13T15:21:45+00:00","og_image":[{"width":512,"height":512,"url":"https:\/\/www.navarroaubanell.com\/wp-content\/uploads\/2017\/09\/img-destacada-retrouve5.jpg","type":"image\/jpeg"}],"schema":{"@context":"https:\/\/schema.org","@graph":[{"@type":"WebPage","@id":"https:\/\/www.navarroaubanell.com\/ca\/producte\/re-trouve-4\/","url":"https:\/\/www.navarroaubanell.com\/ca\/producte\/re-trouve-4\/","name":"Re-trouv\u00e9, sill\u00f3n de dise\u00f1o, de la firma Emu - Navarro Aubanell","isPartOf":{"@id":"https:\/\/www.navarroaubanell.com\/ca\/#website"},"primaryImageOfPage":{"@id":"https:\/\/www.navarroaubanell.com\/ca\/producte\/re-trouve-4\/#primaryimage"},"image":{"@id":"https:\/\/www.navarroaubanell.com\/ca\/producte\/re-trouve-4\/#primaryimage"},"thumbnailUrl":"https:\/\/www.navarroaubanell.com\/wp-content\/uploads\/2017\/09\/img-destacada-retrouve5.jpg","datePublished":"2017-09-30T15:32:51+00:00","dateModified":"2020-03-13T15:21:45+00:00","description":"Dise\u00f1ado por Paola Navone esta colecci\u00f3n de Ivy es el nuevo concepto de vida al aire libre: aire libre totalmente de acero. Dise\u00f1o de la firma muebles Emu.","breadcrumb":{"@id":"https:\/\/www.navarroaubanell.com\/ca\/producte\/re-trouve-4\/#breadcrumb"},"inLanguage":"ca","potentialAction":[{"@type":"ReadAction","target":["https:\/\/www.navarroaubanell.com\/ca\/producte\/re-trouve-4\/"]}]},{"@type":"ImageObject","inLanguage":"ca","@id":"https:\/\/www.navarroaubanell.com\/ca\/producte\/re-trouve-4\/#primaryimage","url":"https:\/\/www.navarroaubanell.com\/wp-content\/uploads\/2017\/09\/img-destacada-retrouve5.jpg","contentUrl":"https:\/\/www.navarroaubanell.com\/wp-content\/uploads\/2017\/09\/img-destacada-retrouve5.jpg","width":512,"height":512},{"@type":"BreadcrumbList","@id":"https:\/\/www.navarroaubanell.com\/ca\/producte\/re-trouve-4\/#breadcrumb","itemListElement":[{"@type":"ListItem","position":1,"name":"Portada","item":"https:\/\/www.navarroaubanell.com\/ca\/"},{"@type":"ListItem","position":2,"name":"Productes","item":"https:\/\/www.navarroaubanell.com\/productos\/"},{"@type":"ListItem","position":3,"name":"Cadira de bra\u00e7os Re-trouv\u00e9"}]},{"@type":"WebSite","@id":"https:\/\/www.navarroaubanell.com\/ca\/#website","url":"https:\/\/www.navarroaubanell.com\/ca\/","name":"Navarro Aubanell","description":"Mobiliario para hoteler\u00eda, colectividades y oficinas","publisher":{"@id":"https:\/\/www.navarroaubanell.com\/ca\/#organization"},"potentialAction":[{"@type":"SearchAction","target":{"@type":"EntryPoint","urlTemplate":"https:\/\/www.navarroaubanell.com\/ca\/?s={search_term_string}"},"query-input":{"@type":"PropertyValueSpecification","valueRequired":true,"valueName":"search_term_string"}}],"inLanguage":"ca"},{"@type":"Organization","@id":"https:\/\/www.navarroaubanell.com\/ca\/#organization","name":"COMERCIAL NAVARRO AUBANELL, S.A","url":"https:\/\/www.navarroaubanell.com\/ca\/","logo":{"@type":"ImageObject","inLanguage":"ca","@id":"https:\/\/www.navarroaubanell.com\/ca\/#\/schema\/logo\/image\/","url":"https:\/\/www.navarroaubanell.com\/wp-content\/uploads\/2017\/07\/logo-navarro-aubuanell.png","contentUrl":"https:\/\/www.navarroaubanell.com\/wp-content\/uploads\/2017\/07\/logo-navarro-aubuanell.png","width":6304,"height":1154,"caption":"COMERCIAL NAVARRO AUBANELL, S.A"},"image":{"@id":"https:\/\/www.navarroaubanell.com\/ca\/#\/schema\/logo\/image\/"}}]}},"_links":{"self":[{"href":"https:\/\/www.navarroaubanell.com\/ca\/wp-json\/wp\/v2\/product\/20218","targetHints":{"allow":["GET"]}}],"collection":[{"href":"https:\/\/www.navarroaubanell.com\/ca\/wp-json\/wp\/v2\/product"}],"about":[{"href":"https:\/\/www.navarroaubanell.com\/ca\/wp-json\/wp\/v2\/types\/product"}],"wp:featuredmedia":[{"embeddable":true,"href":"https:\/\/www.navarroaubanell.com\/ca\/wp-json\/wp\/v2\/media\/18812"}],"wp:attachment":[{"href":"https:\/\/www.navarroaubanell.com\/ca\/wp-json\/wp\/v2\/media?parent=20218"}],"wp:term":[{"taxonomy":"product_brand","embeddable":true,"href":"https:\/\/www.navarroaubanell.com\/ca\/wp-json\/wp\/v2\/product_brand?post=20218"},{"taxonomy":"product_cat","embeddable":true,"href":"https:\/\/www.navarroaubanell.com\/ca\/wp-json\/wp\/v2\/product_cat?post=20218"},{"taxonomy":"product_tag","embeddable":true,"href":"https:\/\/www.navarroaubanell.com\/ca\/wp-json\/wp\/v2\/product_tag?post=20218"}],"curies":[{"name":"wp","href":"https:\/\/api.w.org\/{rel}","templated":true}]}}