{"id":20209,"date":"2017-10-03T07:21:29","date_gmt":"2017-10-03T07:21:29","guid":{"rendered":"https:\/\/www.navarroaubanell.com\/producto\/nolita\/"},"modified":"2024-07-22T11:48:13","modified_gmt":"2024-07-22T09:48:13","slug":"taula-nolita-pedrali-navarroaubanell","status":"publish","type":"product","link":"https:\/\/www.navarroaubanell.com\/ca\/producte\/taula-nolita-pedrali-navarroaubanell\/","title":{"rendered":"Taula Nolita"},"content":{"rendered":"<p>La fam\u00edlia Nolita de Pedrali est\u00e0 orgullosa de tenir dins la l\u00ednia de la <strong>taula Nolita<\/strong>. Amb car\u00e0cter estiuenc i assolellat, les taules estan dissenyades per a passar bons moments en companyia i relaxaci\u00f3 a l&#8217;aire lliure.<\/p>\n<p>Estan fabricades amb materials resistents als ambients exteriors. Pel que s\u00f3n ideal per a terrasses, jardins, i qualsevol entorn exterior.<\/p>\n<p>Amb una varietat de grand\u00e0ries i acabats, les nostres taules estan dissenyades per a satisfer els teus gustos i necessitats de decoraci\u00f3. Coneix els nostres models:<\/p>\n<h6>5453T: Taula Inclinable<\/h6>\n<ul>\n<li><strong>Disseny<\/strong>: Tres radis d&#8217;acer inoxidable en tub de \u00d8 20 mm, electrosoldats.<\/li>\n<li><strong>Funcionalitat<\/strong>: Mecanisme per a sobre abatible.<\/li>\n<li><strong>Acabat<\/strong>: Pintura en pols, ideal per a exteriors.<\/li>\n<li><strong>Personalitzaci\u00f3<\/strong>: Combina amb sobres rodons de diferents grand\u00e0ries i acabats.<\/li>\n<li><strong>Fitxa t\u00e8cnica<\/strong>: <a href=\"https:\/\/cdn-assets.pedrali.com\/media\/pedrali\/media\/assets\/originals\/documenti\/st\/st-nolita-5453t.pdf\">https:\/\/cdn-assets.pedrali.com\/media\/pedrali\/media\/assets\/originals\/documenti\/st\/st-nolita-5453t.pdf<\/a><\/li>\n<\/ul>\n<h6>5453: Eleg\u00e0ncia i Versatilitat<\/h6>\n<ul>\n<li><strong>Disseny<\/strong>: Tres radis d&#8217;acer inoxidable en tub de \u00d8 20 mm, soldats per fusi\u00f3 el\u00e8ctrica.<\/li>\n<li><strong>Acabat<\/strong>: Pintura en pols de poli\u00e8ster especial per a exteriors.<\/li>\n<li><strong>Detalls<\/strong>: Tacs de polietil\u00e8 disponibles en opal\u00ed o negre.<\/li>\n<li><strong>Personalitzaci\u00f3<\/strong>: Compatible amb sobres rodons de diverses grand\u00e0ries i acabats.<\/li>\n<li><strong>Fitxa t\u00e8cnica<\/strong>: <a href=\"https:\/\/cdn-assets.pedrali.com\/media\/pedrali\/media\/assets\/originals\/documenti\/st\/st-nolita-5453-5453-h480.pdf\">https:\/\/cdn-assets.pedrali.com\/media\/pedrali\/media\/assets\/originals\/documenti\/st\/st-nolita-5453-5453-h480.pdf<\/a><\/li>\n<\/ul>\n<h6>5453H480: La Taula de Centre Perfecta<\/h6>\n<ul>\n<li><strong>Disseny<\/strong>: Tres radis d&#8217;acer inoxidable en tub de \u00d8 20 mm, electrosoldats.<\/li>\n<li><strong>Acabat<\/strong>: Pintura en pols de poli\u00e8ster espec\u00edfica per a exteriors.<\/li>\n<li><strong>Detalls<\/strong>: Tacs de polietil\u00e8, disponibles en negre o opal\u00ed.<\/li>\n<li><strong>Personalitzaci\u00f3<\/strong>: Adaptable a sobres rodons de diferents grand\u00e0ries i acabats.<\/li>\n<li><strong>Fitxa t\u00e8cnica<\/strong>: <a href=\"https:\/\/cdn-assets.pedrali.com\/media\/pedrali\/media\/assets\/originals\/documenti\/st\/st-nolita-5453-5453-h480.pdf\">https:\/\/cdn-assets.pedrali.com\/media\/pedrali\/media\/assets\/originals\/documenti\/st\/st-nolita-5453-5453-h480.pdf<\/a><\/li>\n<\/ul>\n<h6>5454: Estil i Resist\u00e8ncia<\/h6>\n<ul>\n<li><strong>Disseny<\/strong>: Quatre radis d&#8217;acer d&#8217;alta resist\u00e8ncia en tub de \u00d8 20 mm, electrogalvanitzat.<\/li>\n<li><strong>Acabat<\/strong>: Vernissat amb pintura en pols.<\/li>\n<li><strong>Detalls<\/strong>: Tacs de polietil\u00e8 opal\u00ed o negre.<\/li>\n<li><strong>Personalitzaci\u00f3<\/strong>: Compatible amb sobres rodons o quadrats de diverses grand\u00e0ries i acabats.<\/li>\n<li><strong>Fitxa<\/strong> <strong>t\u00e8cnica<\/strong>: <a href=\"https:\/\/cdn-assets.pedrali.com\/media\/pedrali\/media\/assets\/originals\/documenti\/st\/st-nolita-5454.pdf\">https:\/\/cdn-assets.pedrali.com\/media\/pedrali\/media\/assets\/originals\/documenti\/st\/st-nolita-5454.pdf<\/a><\/li>\n<\/ul>\n<p>&nbsp;<\/p>\n<p>Transforma els teus espais amb la <strong>taula Nolita<\/strong>, on la funcionalitat i el disseny es troben. Troba la taula perfecta per a tu!<\/p>\n","protected":false},"excerpt":{"rendered":"<p>&nbsp;<\/p>\n<p>&nbsp;<\/p>\n","protected":false},"featured_media":34115,"template":"","meta":{"_acf_changed":false},"product_brand":[882],"product_cat":[563,567],"product_tag":[618,709,720,729,843],"class_list":{"0":"post-20209","1":"product","2":"type-product","3":"status-publish","4":"has-post-thumbnail","6":"product_brand-pedrali-ca","7":"product_cat-exterior-ca","8":"product_cat-taules-exterior","9":"product_tag-contract-ca","10":"product_tag-nolita-ca","11":"product_tag-outdoor-ca","12":"product_tag-pedrali-ca","13":"product_tag-taules","14":"description-off","16":"first","17":"instock","18":"shipping-taxable","19":"product-type-simple"},"acf":[],"yoast_head":"<!-- This site is optimized with the Yoast SEO plugin v27.6 - https:\/\/yoast.com\/product\/yoast-seo-wordpress\/ -->\n<title>Taula Nolita, Pedrali- Navarro Aubanell<\/title>\n<meta name=\"description\" content=\"Taula Nolita: m\u00faltiples grand\u00e0ries i acabats, ideals per a qualsevol espai. Funcionals i resistents, perfectes per a interiors i exteriors.\" \/>\n<meta name=\"robots\" content=\"index, follow, max-snippet:-1, max-image-preview:large, max-video-preview:-1\" \/>\n<link rel=\"canonical\" href=\"https:\/\/www.navarroaubanell.com\/ca\/producte\/taula-nolita-pedrali-navarroaubanell\/\" \/>\n<meta property=\"og:locale\" content=\"ca_ES\" \/>\n<meta property=\"og:type\" content=\"article\" \/>\n<meta property=\"og:title\" content=\"Taula Nolita, Pedrali- Navarro Aubanell\" \/>\n<meta property=\"og:description\" content=\"Taula Nolita: m\u00faltiples grand\u00e0ries i acabats, ideals per a qualsevol espai. Funcionals i resistents, perfectes per a interiors i exteriors.\" \/>\n<meta property=\"og:url\" content=\"https:\/\/www.navarroaubanell.com\/ca\/producte\/taula-nolita-pedrali-navarroaubanell\/\" \/>\n<meta property=\"og:site_name\" content=\"Navarro Aubanell\" \/>\n<meta property=\"article:modified_time\" content=\"2024-07-22T09:48:13+00:00\" \/>\n<meta property=\"og:image\" content=\"https:\/\/www.navarroaubanell.com\/wp-content\/uploads\/2017\/10\/Mesa-Nolita-5453T.png\" \/>\n\t<meta property=\"og:image:width\" content=\"881\" \/>\n\t<meta property=\"og:image:height\" content=\"1181\" \/>\n\t<meta property=\"og:image:type\" content=\"image\/png\" \/>\n<meta name=\"twitter:label1\" content=\"Est. reading time\" \/>\n\t<meta name=\"twitter:data1\" content=\"2 minutes\" \/>\n<script type=\"application\/ld+json\" class=\"yoast-schema-graph\">{\"@context\":\"https:\\\/\\\/schema.org\",\"@graph\":[{\"@type\":\"WebPage\",\"@id\":\"https:\\\/\\\/www.navarroaubanell.com\\\/ca\\\/producte\\\/taula-nolita-pedrali-navarroaubanell\\\/\",\"url\":\"https:\\\/\\\/www.navarroaubanell.com\\\/ca\\\/producte\\\/taula-nolita-pedrali-navarroaubanell\\\/\",\"name\":\"Taula Nolita, Pedrali- Navarro Aubanell\",\"isPartOf\":{\"@id\":\"https:\\\/\\\/www.navarroaubanell.com\\\/ca\\\/#website\"},\"primaryImageOfPage\":{\"@id\":\"https:\\\/\\\/www.navarroaubanell.com\\\/ca\\\/producte\\\/taula-nolita-pedrali-navarroaubanell\\\/#primaryimage\"},\"image\":{\"@id\":\"https:\\\/\\\/www.navarroaubanell.com\\\/ca\\\/producte\\\/taula-nolita-pedrali-navarroaubanell\\\/#primaryimage\"},\"thumbnailUrl\":\"https:\\\/\\\/www.navarroaubanell.com\\\/wp-content\\\/uploads\\\/2017\\\/10\\\/Mesa-Nolita-5453T.png\",\"datePublished\":\"2017-10-03T07:21:29+00:00\",\"dateModified\":\"2024-07-22T09:48:13+00:00\",\"description\":\"Taula Nolita: m\u00faltiples grand\u00e0ries i acabats, ideals per a qualsevol espai. Funcionals i resistents, perfectes per a interiors i exteriors.\",\"breadcrumb\":{\"@id\":\"https:\\\/\\\/www.navarroaubanell.com\\\/ca\\\/producte\\\/taula-nolita-pedrali-navarroaubanell\\\/#breadcrumb\"},\"inLanguage\":\"ca\",\"potentialAction\":[{\"@type\":\"ReadAction\",\"target\":[\"https:\\\/\\\/www.navarroaubanell.com\\\/ca\\\/producte\\\/taula-nolita-pedrali-navarroaubanell\\\/\"]}]},{\"@type\":\"ImageObject\",\"inLanguage\":\"ca\",\"@id\":\"https:\\\/\\\/www.navarroaubanell.com\\\/ca\\\/producte\\\/taula-nolita-pedrali-navarroaubanell\\\/#primaryimage\",\"url\":\"https:\\\/\\\/www.navarroaubanell.com\\\/wp-content\\\/uploads\\\/2017\\\/10\\\/Mesa-Nolita-5453T.png\",\"contentUrl\":\"https:\\\/\\\/www.navarroaubanell.com\\\/wp-content\\\/uploads\\\/2017\\\/10\\\/Mesa-Nolita-5453T.png\",\"width\":881,\"height\":1181,\"caption\":\"Taula Nolita 5453T\"},{\"@type\":\"BreadcrumbList\",\"@id\":\"https:\\\/\\\/www.navarroaubanell.com\\\/ca\\\/producte\\\/taula-nolita-pedrali-navarroaubanell\\\/#breadcrumb\",\"itemListElement\":[{\"@type\":\"ListItem\",\"position\":1,\"name\":\"Portada\",\"item\":\"https:\\\/\\\/www.navarroaubanell.com\\\/ca\\\/\"},{\"@type\":\"ListItem\",\"position\":2,\"name\":\"Productes\",\"item\":\"https:\\\/\\\/www.navarroaubanell.com\\\/productos\\\/\"},{\"@type\":\"ListItem\",\"position\":3,\"name\":\"Taula Nolita\"}]},{\"@type\":\"WebSite\",\"@id\":\"https:\\\/\\\/www.navarroaubanell.com\\\/ca\\\/#website\",\"url\":\"https:\\\/\\\/www.navarroaubanell.com\\\/ca\\\/\",\"name\":\"Navarro Aubanell\",\"description\":\"Mobiliario para hoteler\u00eda, colectividades y oficinas\",\"publisher\":{\"@id\":\"https:\\\/\\\/www.navarroaubanell.com\\\/ca\\\/#organization\"},\"potentialAction\":[{\"@type\":\"SearchAction\",\"target\":{\"@type\":\"EntryPoint\",\"urlTemplate\":\"https:\\\/\\\/www.navarroaubanell.com\\\/ca\\\/?s={search_term_string}\"},\"query-input\":{\"@type\":\"PropertyValueSpecification\",\"valueRequired\":true,\"valueName\":\"search_term_string\"}}],\"inLanguage\":\"ca\"},{\"@type\":\"Organization\",\"@id\":\"https:\\\/\\\/www.navarroaubanell.com\\\/ca\\\/#organization\",\"name\":\"COMERCIAL NAVARRO AUBANELL, S.A\",\"url\":\"https:\\\/\\\/www.navarroaubanell.com\\\/ca\\\/\",\"logo\":{\"@type\":\"ImageObject\",\"inLanguage\":\"ca\",\"@id\":\"https:\\\/\\\/www.navarroaubanell.com\\\/ca\\\/#\\\/schema\\\/logo\\\/image\\\/\",\"url\":\"https:\\\/\\\/www.navarroaubanell.com\\\/wp-content\\\/uploads\\\/2017\\\/07\\\/logo-navarro-aubuanell.png\",\"contentUrl\":\"https:\\\/\\\/www.navarroaubanell.com\\\/wp-content\\\/uploads\\\/2017\\\/07\\\/logo-navarro-aubuanell.png\",\"width\":6304,\"height\":1154,\"caption\":\"COMERCIAL NAVARRO AUBANELL, S.A\"},\"image\":{\"@id\":\"https:\\\/\\\/www.navarroaubanell.com\\\/ca\\\/#\\\/schema\\\/logo\\\/image\\\/\"}}]}<\/script>\n<!-- \/ Yoast SEO plugin. -->","yoast_head_json":{"title":"Taula Nolita, Pedrali- Navarro Aubanell","description":"Taula Nolita: m\u00faltiples grand\u00e0ries i acabats, ideals per a qualsevol espai. Funcionals i resistents, perfectes per a interiors i exteriors.","robots":{"index":"index","follow":"follow","max-snippet":"max-snippet:-1","max-image-preview":"max-image-preview:large","max-video-preview":"max-video-preview:-1"},"canonical":"https:\/\/www.navarroaubanell.com\/ca\/producte\/taula-nolita-pedrali-navarroaubanell\/","og_locale":"ca_ES","og_type":"article","og_title":"Taula Nolita, Pedrali- Navarro Aubanell","og_description":"Taula Nolita: m\u00faltiples grand\u00e0ries i acabats, ideals per a qualsevol espai. Funcionals i resistents, perfectes per a interiors i exteriors.","og_url":"https:\/\/www.navarroaubanell.com\/ca\/producte\/taula-nolita-pedrali-navarroaubanell\/","og_site_name":"Navarro Aubanell","article_modified_time":"2024-07-22T09:48:13+00:00","og_image":[{"width":881,"height":1181,"url":"https:\/\/www.navarroaubanell.com\/wp-content\/uploads\/2017\/10\/Mesa-Nolita-5453T.png","type":"image\/png"}],"twitter_misc":{"Est. reading time":"2 minutes"},"schema":{"@context":"https:\/\/schema.org","@graph":[{"@type":"WebPage","@id":"https:\/\/www.navarroaubanell.com\/ca\/producte\/taula-nolita-pedrali-navarroaubanell\/","url":"https:\/\/www.navarroaubanell.com\/ca\/producte\/taula-nolita-pedrali-navarroaubanell\/","name":"Taula Nolita, Pedrali- Navarro Aubanell","isPartOf":{"@id":"https:\/\/www.navarroaubanell.com\/ca\/#website"},"primaryImageOfPage":{"@id":"https:\/\/www.navarroaubanell.com\/ca\/producte\/taula-nolita-pedrali-navarroaubanell\/#primaryimage"},"image":{"@id":"https:\/\/www.navarroaubanell.com\/ca\/producte\/taula-nolita-pedrali-navarroaubanell\/#primaryimage"},"thumbnailUrl":"https:\/\/www.navarroaubanell.com\/wp-content\/uploads\/2017\/10\/Mesa-Nolita-5453T.png","datePublished":"2017-10-03T07:21:29+00:00","dateModified":"2024-07-22T09:48:13+00:00","description":"Taula Nolita: m\u00faltiples grand\u00e0ries i acabats, ideals per a qualsevol espai. Funcionals i resistents, perfectes per a interiors i exteriors.","breadcrumb":{"@id":"https:\/\/www.navarroaubanell.com\/ca\/producte\/taula-nolita-pedrali-navarroaubanell\/#breadcrumb"},"inLanguage":"ca","potentialAction":[{"@type":"ReadAction","target":["https:\/\/www.navarroaubanell.com\/ca\/producte\/taula-nolita-pedrali-navarroaubanell\/"]}]},{"@type":"ImageObject","inLanguage":"ca","@id":"https:\/\/www.navarroaubanell.com\/ca\/producte\/taula-nolita-pedrali-navarroaubanell\/#primaryimage","url":"https:\/\/www.navarroaubanell.com\/wp-content\/uploads\/2017\/10\/Mesa-Nolita-5453T.png","contentUrl":"https:\/\/www.navarroaubanell.com\/wp-content\/uploads\/2017\/10\/Mesa-Nolita-5453T.png","width":881,"height":1181,"caption":"Taula Nolita 5453T"},{"@type":"BreadcrumbList","@id":"https:\/\/www.navarroaubanell.com\/ca\/producte\/taula-nolita-pedrali-navarroaubanell\/#breadcrumb","itemListElement":[{"@type":"ListItem","position":1,"name":"Portada","item":"https:\/\/www.navarroaubanell.com\/ca\/"},{"@type":"ListItem","position":2,"name":"Productes","item":"https:\/\/www.navarroaubanell.com\/productos\/"},{"@type":"ListItem","position":3,"name":"Taula Nolita"}]},{"@type":"WebSite","@id":"https:\/\/www.navarroaubanell.com\/ca\/#website","url":"https:\/\/www.navarroaubanell.com\/ca\/","name":"Navarro Aubanell","description":"Mobiliario para hoteler\u00eda, colectividades y oficinas","publisher":{"@id":"https:\/\/www.navarroaubanell.com\/ca\/#organization"},"potentialAction":[{"@type":"SearchAction","target":{"@type":"EntryPoint","urlTemplate":"https:\/\/www.navarroaubanell.com\/ca\/?s={search_term_string}"},"query-input":{"@type":"PropertyValueSpecification","valueRequired":true,"valueName":"search_term_string"}}],"inLanguage":"ca"},{"@type":"Organization","@id":"https:\/\/www.navarroaubanell.com\/ca\/#organization","name":"COMERCIAL NAVARRO AUBANELL, S.A","url":"https:\/\/www.navarroaubanell.com\/ca\/","logo":{"@type":"ImageObject","inLanguage":"ca","@id":"https:\/\/www.navarroaubanell.com\/ca\/#\/schema\/logo\/image\/","url":"https:\/\/www.navarroaubanell.com\/wp-content\/uploads\/2017\/07\/logo-navarro-aubuanell.png","contentUrl":"https:\/\/www.navarroaubanell.com\/wp-content\/uploads\/2017\/07\/logo-navarro-aubuanell.png","width":6304,"height":1154,"caption":"COMERCIAL NAVARRO AUBANELL, S.A"},"image":{"@id":"https:\/\/www.navarroaubanell.com\/ca\/#\/schema\/logo\/image\/"}}]}},"_links":{"self":[{"href":"https:\/\/www.navarroaubanell.com\/ca\/wp-json\/wp\/v2\/product\/20209","targetHints":{"allow":["GET"]}}],"collection":[{"href":"https:\/\/www.navarroaubanell.com\/ca\/wp-json\/wp\/v2\/product"}],"about":[{"href":"https:\/\/www.navarroaubanell.com\/ca\/wp-json\/wp\/v2\/types\/product"}],"wp:featuredmedia":[{"embeddable":true,"href":"https:\/\/www.navarroaubanell.com\/ca\/wp-json\/wp\/v2\/media\/34115"}],"wp:attachment":[{"href":"https:\/\/www.navarroaubanell.com\/ca\/wp-json\/wp\/v2\/media?parent=20209"}],"wp:term":[{"taxonomy":"product_brand","embeddable":true,"href":"https:\/\/www.navarroaubanell.com\/ca\/wp-json\/wp\/v2\/product_brand?post=20209"},{"taxonomy":"product_cat","embeddable":true,"href":"https:\/\/www.navarroaubanell.com\/ca\/wp-json\/wp\/v2\/product_cat?post=20209"},{"taxonomy":"product_tag","embeddable":true,"href":"https:\/\/www.navarroaubanell.com\/ca\/wp-json\/wp\/v2\/product_tag?post=20209"}],"curies":[{"name":"wp","href":"https:\/\/api.w.org\/{rel}","templated":true}]}}