{"id":20208,"date":"2017-10-01T06:32:43","date_gmt":"2017-10-01T06:32:43","guid":{"rendered":"https:\/\/www.navarroaubanell.com\/producto\/arki-base\/"},"modified":"2024-11-25T12:26:07","modified_gmt":"2024-11-25T11:26:07","slug":"arki-base-pedrali-navarroaubanell","status":"publish","type":"product","link":"https:\/\/www.navarroaubanell.com\/ca\/producte\/arki-base-pedrali-navarroaubanell\/","title":{"rendered":"Arki Base"},"content":{"rendered":"<h5>Arki-Base: Taules Industrials amb Estil Personalitzable<\/h5>\n<p>Membre de la <a href=\"https:\/\/www.navarroaubanell.com\/producto\/familia-arki-pedrali-navarroaubanell\/\">fam\u00edlia Arki<\/a>, aquestes bases s\u00f3n una col\u00b7lecci\u00f3 de taules d&#8217;estil industrial dissenyades per a combinar amb els sobres que prefereixis, disponibles en diverses dimensions i acabats. Cada model de l&#8217;<strong>Arki-Base<\/strong> est\u00e0 fabricat amb tub d&#8217;acer de secci\u00f3 rectangular de 50&#215;25 mm, convergint en el centre del sobre per a una aparen\u00e7a robusta i moderna.<\/p>\n<h6>Evocaci\u00f3 Industrial Moderna<\/h6>\n<p>Les estructures d&#8217;aquestes bases recorden als cavallets dels tallers de ferrers, capturant l&#8217;ess\u00e8ncia del disseny industrial d&#8217;una manera funcional i contempor\u00e0nia. Aquest toc nost\u00e0lgic s&#8217;uneix a una construcci\u00f3 moderna per a crear taules que s\u00f3n tant pr\u00e0ctiques com est\u00e8ticament atractives.<\/p>\n<h6>Models Disponibles<\/h6>\n<ul>\n<li><strong><a href=\"https:\/\/cdn-assets.pedrali.com\/media\/pedrali\/media\/assets\/originals\/documenti\/st\/st-arki-base-ark3.pdf\">ARK 3<\/a>:<\/strong> Base de 3 potes d&#8217;acer, vernissades amb pols per a una \u00e0mplia gamma de colors. Disponible en versi\u00f3 per a exterior.<\/li>\n<li><a href=\"https:\/\/cdn-assets.pedrali.com\/media\/pedrali\/media\/assets\/originals\/documenti\/st\/st-arki-base-ark4.pdf\"><strong>ARK\u00a04:<\/strong><\/a> Base de 4 potes d&#8217;acer, vernissades amb pols, oferint diverses opcions de color. Disponible en versi\u00f3 per a exterior.<\/li>\n<li><a href=\"https:\/\/cdn-assets.pedrali.com\/media\/pedrali\/media\/assets\/originals\/documenti\/st\/st-arki-base-ark4h105.pdf\"><strong>ARK4H 105:<\/strong> <\/a>Base alta de 4 potes d&#8217;acer, tamb\u00e9 vernissades amb pols i amb opcions de color variades. Disponible en versi\u00f3 per a exterior.<\/li>\n<\/ul>\n<h6>Personalitza El teu Espai amb\u00a0Arki-Base<\/h6>\n<p>Tria <strong>Arki-Base<\/strong> per a una combinaci\u00f3 perfecta de disseny industrial i funcionalitat moderna. Personalitza la teva taula amb diferents sobres i crea l&#8217;ambient ideal per a qualsevol espai, interior o exterior.<\/p>\n","protected":false},"excerpt":{"rendered":"<p>&nbsp;<\/p>\n<p>&nbsp;<\/p>\n","protected":false},"featured_media":42336,"template":"","meta":{"_acf_changed":false},"product_brand":[882],"product_cat":[525,529,567],"product_tag":[1224,588,618,640,664,720,729,843],"class_list":{"0":"post-20208","1":"product","2":"type-product","3":"status-publish","4":"has-post-thumbnail","6":"product_brand-pedrali-ca","7":"product_cat-interior","8":"product_cat-taules","9":"product_cat-taules-exterior","10":"product_tag-arki-ca","11":"product_tag-arki-base-ca","12":"product_tag-contract-ca","13":"product_tag-exterior-ca","14":"product_tag-interior-ca","15":"product_tag-outdoor-ca","16":"product_tag-pedrali-ca","17":"product_tag-taules","18":"description-off","20":"first","21":"instock","22":"shipping-taxable","23":"product-type-simple"},"acf":[],"yoast_head":"<!-- This site is optimized with the Yoast SEO plugin v27.0 - https:\/\/yoast.com\/product\/yoast-seo-wordpress\/ -->\n<title>Arki-Base, Pedrali - Navarro Aubanell<\/title>\n<meta name=\"description\" content=\"Arki-Base: potes de taula amb bases d&#039;acer. Per a combinar amb sobres. Ideals per a interiors i exteriors, combinen disseny modern i funcionalitat.\" \/>\n<meta name=\"robots\" content=\"index, follow, max-snippet:-1, max-image-preview:large, max-video-preview:-1\" \/>\n<link rel=\"canonical\" href=\"https:\/\/www.navarroaubanell.com\/ca\/producte\/arki-base-pedrali-navarroaubanell\/\" \/>\n<meta property=\"og:locale\" content=\"ca_ES\" \/>\n<meta property=\"og:type\" content=\"article\" \/>\n<meta property=\"og:title\" content=\"Arki-Base, Pedrali - Navarro Aubanell\" \/>\n<meta property=\"og:description\" content=\"Arki-Base: potes de taula amb bases d&#039;acer. Per a combinar amb sobres. Ideals per a interiors i exteriors, combinen disseny modern i funcionalitat.\" \/>\n<meta property=\"og:url\" content=\"https:\/\/www.navarroaubanell.com\/ca\/producte\/arki-base-pedrali-navarroaubanell\/\" \/>\n<meta property=\"og:site_name\" content=\"Navarro Aubanell\" \/>\n<meta property=\"article:modified_time\" content=\"2024-11-25T11:26:07+00:00\" \/>\n<meta property=\"og:image\" content=\"https:\/\/www.navarroaubanell.com\/wp-content\/uploads\/2017\/10\/Sin-nombre.png\" \/>\n\t<meta property=\"og:image:width\" content=\"800\" \/>\n\t<meta property=\"og:image:height\" content=\"650\" \/>\n\t<meta property=\"og:image:type\" content=\"image\/png\" \/>\n<meta name=\"twitter:label1\" content=\"Est. reading time\" \/>\n\t<meta name=\"twitter:data1\" content=\"2 minutes\" \/>\n<script type=\"application\/ld+json\" class=\"yoast-schema-graph\">{\"@context\":\"https:\/\/schema.org\",\"@graph\":[{\"@type\":\"WebPage\",\"@id\":\"https:\/\/www.navarroaubanell.com\/ca\/producte\/arki-base-pedrali-navarroaubanell\/\",\"url\":\"https:\/\/www.navarroaubanell.com\/ca\/producte\/arki-base-pedrali-navarroaubanell\/\",\"name\":\"Arki-Base, Pedrali - Navarro Aubanell\",\"isPartOf\":{\"@id\":\"https:\/\/www.navarroaubanell.com\/ca\/#website\"},\"primaryImageOfPage\":{\"@id\":\"https:\/\/www.navarroaubanell.com\/ca\/producte\/arki-base-pedrali-navarroaubanell\/#primaryimage\"},\"image\":{\"@id\":\"https:\/\/www.navarroaubanell.com\/ca\/producte\/arki-base-pedrali-navarroaubanell\/#primaryimage\"},\"thumbnailUrl\":\"https:\/\/www.navarroaubanell.com\/wp-content\/uploads\/2017\/10\/Sin-nombre.png\",\"datePublished\":\"2017-10-01T06:32:43+00:00\",\"dateModified\":\"2024-11-25T11:26:07+00:00\",\"description\":\"Arki-Base: potes de taula amb bases d'acer. Per a combinar amb sobres. Ideals per a interiors i exteriors, combinen disseny modern i funcionalitat.\",\"breadcrumb\":{\"@id\":\"https:\/\/www.navarroaubanell.com\/ca\/producte\/arki-base-pedrali-navarroaubanell\/#breadcrumb\"},\"inLanguage\":\"ca\",\"potentialAction\":[{\"@type\":\"ReadAction\",\"target\":[\"https:\/\/www.navarroaubanell.com\/ca\/producte\/arki-base-pedrali-navarroaubanell\/\"]}]},{\"@type\":\"ImageObject\",\"inLanguage\":\"ca\",\"@id\":\"https:\/\/www.navarroaubanell.com\/ca\/producte\/arki-base-pedrali-navarroaubanell\/#primaryimage\",\"url\":\"https:\/\/www.navarroaubanell.com\/wp-content\/uploads\/2017\/10\/Sin-nombre.png\",\"contentUrl\":\"https:\/\/www.navarroaubanell.com\/wp-content\/uploads\/2017\/10\/Sin-nombre.png\",\"width\":800,\"height\":650,\"caption\":\"Base Arki\"},{\"@type\":\"BreadcrumbList\",\"@id\":\"https:\/\/www.navarroaubanell.com\/ca\/producte\/arki-base-pedrali-navarroaubanell\/#breadcrumb\",\"itemListElement\":[{\"@type\":\"ListItem\",\"position\":1,\"name\":\"Portada\",\"item\":\"https:\/\/www.navarroaubanell.com\/ca\/\"},{\"@type\":\"ListItem\",\"position\":2,\"name\":\"Productes\",\"item\":\"https:\/\/www.navarroaubanell.com\/productos\/\"},{\"@type\":\"ListItem\",\"position\":3,\"name\":\"Arki Base\"}]},{\"@type\":\"WebSite\",\"@id\":\"https:\/\/www.navarroaubanell.com\/ca\/#website\",\"url\":\"https:\/\/www.navarroaubanell.com\/ca\/\",\"name\":\"Navarro Aubanell\",\"description\":\"Mobiliario para hoteler\u00eda, colectividades y oficinas\",\"publisher\":{\"@id\":\"https:\/\/www.navarroaubanell.com\/ca\/#organization\"},\"potentialAction\":[{\"@type\":\"SearchAction\",\"target\":{\"@type\":\"EntryPoint\",\"urlTemplate\":\"https:\/\/www.navarroaubanell.com\/ca\/?s={search_term_string}\"},\"query-input\":{\"@type\":\"PropertyValueSpecification\",\"valueRequired\":true,\"valueName\":\"search_term_string\"}}],\"inLanguage\":\"ca\"},{\"@type\":\"Organization\",\"@id\":\"https:\/\/www.navarroaubanell.com\/ca\/#organization\",\"name\":\"COMERCIAL NAVARRO AUBANELL, S.A\",\"url\":\"https:\/\/www.navarroaubanell.com\/ca\/\",\"logo\":{\"@type\":\"ImageObject\",\"inLanguage\":\"ca\",\"@id\":\"https:\/\/www.navarroaubanell.com\/ca\/#\/schema\/logo\/image\/\",\"url\":\"https:\/\/www.navarroaubanell.com\/wp-content\/uploads\/2017\/07\/logo-navarro-aubuanell.png\",\"contentUrl\":\"https:\/\/www.navarroaubanell.com\/wp-content\/uploads\/2017\/07\/logo-navarro-aubuanell.png\",\"width\":6304,\"height\":1154,\"caption\":\"COMERCIAL NAVARRO AUBANELL, S.A\"},\"image\":{\"@id\":\"https:\/\/www.navarroaubanell.com\/ca\/#\/schema\/logo\/image\/\"}}]}<\/script>\n<!-- \/ Yoast SEO plugin. -->","yoast_head_json":{"title":"Arki-Base, Pedrali - Navarro Aubanell","description":"Arki-Base: potes de taula amb bases d'acer. Per a combinar amb sobres. Ideals per a interiors i exteriors, combinen disseny modern i funcionalitat.","robots":{"index":"index","follow":"follow","max-snippet":"max-snippet:-1","max-image-preview":"max-image-preview:large","max-video-preview":"max-video-preview:-1"},"canonical":"https:\/\/www.navarroaubanell.com\/ca\/producte\/arki-base-pedrali-navarroaubanell\/","og_locale":"ca_ES","og_type":"article","og_title":"Arki-Base, Pedrali - Navarro Aubanell","og_description":"Arki-Base: potes de taula amb bases d'acer. Per a combinar amb sobres. Ideals per a interiors i exteriors, combinen disseny modern i funcionalitat.","og_url":"https:\/\/www.navarroaubanell.com\/ca\/producte\/arki-base-pedrali-navarroaubanell\/","og_site_name":"Navarro Aubanell","article_modified_time":"2024-11-25T11:26:07+00:00","og_image":[{"width":800,"height":650,"url":"https:\/\/www.navarroaubanell.com\/wp-content\/uploads\/2017\/10\/Sin-nombre.png","type":"image\/png"}],"twitter_misc":{"Est. reading time":"2 minutes"},"schema":{"@context":"https:\/\/schema.org","@graph":[{"@type":"WebPage","@id":"https:\/\/www.navarroaubanell.com\/ca\/producte\/arki-base-pedrali-navarroaubanell\/","url":"https:\/\/www.navarroaubanell.com\/ca\/producte\/arki-base-pedrali-navarroaubanell\/","name":"Arki-Base, Pedrali - Navarro Aubanell","isPartOf":{"@id":"https:\/\/www.navarroaubanell.com\/ca\/#website"},"primaryImageOfPage":{"@id":"https:\/\/www.navarroaubanell.com\/ca\/producte\/arki-base-pedrali-navarroaubanell\/#primaryimage"},"image":{"@id":"https:\/\/www.navarroaubanell.com\/ca\/producte\/arki-base-pedrali-navarroaubanell\/#primaryimage"},"thumbnailUrl":"https:\/\/www.navarroaubanell.com\/wp-content\/uploads\/2017\/10\/Sin-nombre.png","datePublished":"2017-10-01T06:32:43+00:00","dateModified":"2024-11-25T11:26:07+00:00","description":"Arki-Base: potes de taula amb bases d'acer. Per a combinar amb sobres. Ideals per a interiors i exteriors, combinen disseny modern i funcionalitat.","breadcrumb":{"@id":"https:\/\/www.navarroaubanell.com\/ca\/producte\/arki-base-pedrali-navarroaubanell\/#breadcrumb"},"inLanguage":"ca","potentialAction":[{"@type":"ReadAction","target":["https:\/\/www.navarroaubanell.com\/ca\/producte\/arki-base-pedrali-navarroaubanell\/"]}]},{"@type":"ImageObject","inLanguage":"ca","@id":"https:\/\/www.navarroaubanell.com\/ca\/producte\/arki-base-pedrali-navarroaubanell\/#primaryimage","url":"https:\/\/www.navarroaubanell.com\/wp-content\/uploads\/2017\/10\/Sin-nombre.png","contentUrl":"https:\/\/www.navarroaubanell.com\/wp-content\/uploads\/2017\/10\/Sin-nombre.png","width":800,"height":650,"caption":"Base Arki"},{"@type":"BreadcrumbList","@id":"https:\/\/www.navarroaubanell.com\/ca\/producte\/arki-base-pedrali-navarroaubanell\/#breadcrumb","itemListElement":[{"@type":"ListItem","position":1,"name":"Portada","item":"https:\/\/www.navarroaubanell.com\/ca\/"},{"@type":"ListItem","position":2,"name":"Productes","item":"https:\/\/www.navarroaubanell.com\/productos\/"},{"@type":"ListItem","position":3,"name":"Arki Base"}]},{"@type":"WebSite","@id":"https:\/\/www.navarroaubanell.com\/ca\/#website","url":"https:\/\/www.navarroaubanell.com\/ca\/","name":"Navarro Aubanell","description":"Mobiliario para hoteler\u00eda, colectividades y oficinas","publisher":{"@id":"https:\/\/www.navarroaubanell.com\/ca\/#organization"},"potentialAction":[{"@type":"SearchAction","target":{"@type":"EntryPoint","urlTemplate":"https:\/\/www.navarroaubanell.com\/ca\/?s={search_term_string}"},"query-input":{"@type":"PropertyValueSpecification","valueRequired":true,"valueName":"search_term_string"}}],"inLanguage":"ca"},{"@type":"Organization","@id":"https:\/\/www.navarroaubanell.com\/ca\/#organization","name":"COMERCIAL NAVARRO AUBANELL, S.A","url":"https:\/\/www.navarroaubanell.com\/ca\/","logo":{"@type":"ImageObject","inLanguage":"ca","@id":"https:\/\/www.navarroaubanell.com\/ca\/#\/schema\/logo\/image\/","url":"https:\/\/www.navarroaubanell.com\/wp-content\/uploads\/2017\/07\/logo-navarro-aubuanell.png","contentUrl":"https:\/\/www.navarroaubanell.com\/wp-content\/uploads\/2017\/07\/logo-navarro-aubuanell.png","width":6304,"height":1154,"caption":"COMERCIAL NAVARRO AUBANELL, S.A"},"image":{"@id":"https:\/\/www.navarroaubanell.com\/ca\/#\/schema\/logo\/image\/"}}]}},"_links":{"self":[{"href":"https:\/\/www.navarroaubanell.com\/ca\/wp-json\/wp\/v2\/product\/20208","targetHints":{"allow":["GET"]}}],"collection":[{"href":"https:\/\/www.navarroaubanell.com\/ca\/wp-json\/wp\/v2\/product"}],"about":[{"href":"https:\/\/www.navarroaubanell.com\/ca\/wp-json\/wp\/v2\/types\/product"}],"wp:featuredmedia":[{"embeddable":true,"href":"https:\/\/www.navarroaubanell.com\/ca\/wp-json\/wp\/v2\/media\/42336"}],"wp:attachment":[{"href":"https:\/\/www.navarroaubanell.com\/ca\/wp-json\/wp\/v2\/media?parent=20208"}],"wp:term":[{"taxonomy":"product_brand","embeddable":true,"href":"https:\/\/www.navarroaubanell.com\/ca\/wp-json\/wp\/v2\/product_brand?post=20208"},{"taxonomy":"product_cat","embeddable":true,"href":"https:\/\/www.navarroaubanell.com\/ca\/wp-json\/wp\/v2\/product_cat?post=20208"},{"taxonomy":"product_tag","embeddable":true,"href":"https:\/\/www.navarroaubanell.com\/ca\/wp-json\/wp\/v2\/product_tag?post=20208"}],"curies":[{"name":"wp","href":"https:\/\/api.w.org\/{rel}","templated":true}]}}