{"id":20199,"date":"2017-10-03T08:39:57","date_gmt":"2017-10-03T06:39:57","guid":{"rendered":"https:\/\/www.navarroaubanell.com\/producto\/buddy\/"},"modified":"2024-09-04T12:26:10","modified_gmt":"2024-09-04T10:26:10","slug":"taula-auxiliar-buddy-pedrali-navarroaubanell","status":"publish","type":"product","link":"https:\/\/www.navarroaubanell.com\/ca\/producte\/taula-auxiliar-buddy-pedrali-navarroaubanell\/","title":{"rendered":"Taula auxiliar Buddy"},"content":{"rendered":"<h5>Presentem la\u00a0Mesita\u00a0Auxiliar\u00a0Buddy: Eleg\u00e0ncia i Versatilitat en un Disseny Compacte<\/h5>\n<p>La taula auxiliar Buddy destaca per les seves l\u00ednies suaus i disseny net, aportant un toc de modernitat i calidesa a qualsevol ambient. El seu car\u00e0cter vers\u00e0til la converteix en l&#8217;elecci\u00f3 ideal per a complementar qualsevol espai, com una recepci\u00f3 o \u00e0rees a l&#8217;aire lliure.<\/p>\n<h6>Estructura S\u00f2lida i Elegant<\/h6>\n<p>Buddy se sost\u00e9 sobre una estructura robusta de quatre potes de tub d&#8217;alumini de \u00d822 mm, garantint estabilitat i durabilitat. Aquesta estructura est\u00e0 recoberta amb un vern\u00eds en pols en diversos colors o un acabat llaut\u00f3 antic o titani.<\/p>\n<h6>Ideal per a Interiors i Exteriors<\/h6>\n<p>Buddy s&#8217;adapta a totes les teves necessitats, brindant-te una opci\u00f3 funcional i est\u00e8tica tant per a interiors com per a espais a l&#8217;aire lliure. Els seus tacs de goma de polietil\u00e8 protegeixen tant la taula com la superf\u00edcie en la qual es col\u00b7loca, assegurant la seva integritat i la del teu entorn.<\/p>\n<h6>Personalitza el teu Estil<\/h6>\n<p>Els sobres de la tauleta Buddy es poden personalitzar amb una selecci\u00f3 de materials d&#8217;alta qualitat: compacte, fenix o compacte per a exterior. Cada opci\u00f3 ofereix una varietat d&#8217;acabats que permeten que Buddy s&#8217;integri a la perfecci\u00f3 amb el teu disseny i prefer\u00e8ncies, garantint que sempre trobis la combinaci\u00f3 ideal.<\/p>\n<p>Amb tres models distints, dissenyats en diferents grand\u00e0ries i di\u00e0metres, la tauleta Buddy s&#8217;ajusta a qualsevol espai, integrant-se a la perfecci\u00f3.<\/p>\n<p>La taula auxiliar Buddy \u00e9s m\u00e9s que un moble, \u00e9s un complement essencial que combina funcionalitat, estil i adaptabilitat, fent de qualsevol espai un lloc acollidor i elegant.<\/p>\n<p><a href=\"https:\/\/cdn-assets.pedrali.com\/media\/pedrali\/media\/assets\/originals\/documenti\/st\/st-buddy-bdt-bdtd.pdf\">Fitxa t\u00e8cnica<\/a><\/p>\n<p>&nbsp;<\/p>\n","protected":false},"excerpt":{"rendered":"<p>&nbsp;<\/p>\n<p>&nbsp;<\/p>\n","protected":false},"featured_media":37091,"template":"","meta":{"_acf_changed":false},"product_brand":[882],"product_cat":[525,530],"product_tag":[604,618,640,664,729,696],"class_list":{"0":"post-20199","1":"product","2":"type-product","3":"status-publish","4":"has-post-thumbnail","6":"product_brand-pedrali-ca","7":"product_cat-interior","8":"product_cat-taules-auxiliars","9":"product_tag-buddy-ca","10":"product_tag-contract-ca","11":"product_tag-exterior-ca","12":"product_tag-interior-ca","13":"product_tag-pedrali-ca","14":"product_tag-taula-auxiliar","15":"description-off","17":"first","18":"instock","19":"shipping-taxable","20":"product-type-simple"},"acf":[],"yoast_head":"<!-- This site is optimized with the Yoast SEO plugin v27.0 - https:\/\/yoast.com\/product\/yoast-seo-wordpress\/ -->\n<title>Taula auxiliar Buddy, Pedrali - Navarro Aubanell<\/title>\n<meta name=\"description\" content=\"Taula auxiliar Buddy: disseny net i vers\u00e0til amb estructura d&#039;alumini. Ideal per a interiors i exteriors, amb sobres en diferents materials.\" \/>\n<meta name=\"robots\" content=\"index, follow, max-snippet:-1, max-image-preview:large, max-video-preview:-1\" \/>\n<link rel=\"canonical\" href=\"https:\/\/www.navarroaubanell.com\/ca\/producte\/taula-auxiliar-buddy-pedrali-navarroaubanell\/\" \/>\n<meta property=\"og:locale\" content=\"ca_ES\" \/>\n<meta property=\"og:type\" content=\"article\" \/>\n<meta property=\"og:title\" content=\"Taula auxiliar Buddy, Pedrali - Navarro Aubanell\" \/>\n<meta property=\"og:description\" content=\"Taula auxiliar Buddy: disseny net i vers\u00e0til amb estructura d&#039;alumini. Ideal per a interiors i exteriors, amb sobres en diferents materials.\" \/>\n<meta property=\"og:url\" content=\"https:\/\/www.navarroaubanell.com\/ca\/producte\/taula-auxiliar-buddy-pedrali-navarroaubanell\/\" \/>\n<meta property=\"og:site_name\" content=\"Navarro Aubanell\" \/>\n<meta property=\"article:modified_time\" content=\"2024-09-04T10:26:10+00:00\" \/>\n<meta property=\"og:image\" content=\"https:\/\/www.navarroaubanell.com\/wp-content\/uploads\/2017\/10\/Buddy-BDT_59X59H26_NEF-MGC2_low-Photoroom.png\" \/>\n\t<meta property=\"og:image:width\" content=\"800\" \/>\n\t<meta property=\"og:image:height\" content=\"650\" \/>\n\t<meta property=\"og:image:type\" content=\"image\/png\" \/>\n<meta name=\"twitter:label1\" content=\"Est. reading time\" \/>\n\t<meta name=\"twitter:data1\" content=\"2 minutes\" \/>\n<script type=\"application\/ld+json\" class=\"yoast-schema-graph\">{\"@context\":\"https:\/\/schema.org\",\"@graph\":[{\"@type\":\"WebPage\",\"@id\":\"https:\/\/www.navarroaubanell.com\/ca\/producte\/taula-auxiliar-buddy-pedrali-navarroaubanell\/\",\"url\":\"https:\/\/www.navarroaubanell.com\/ca\/producte\/taula-auxiliar-buddy-pedrali-navarroaubanell\/\",\"name\":\"Taula auxiliar Buddy, Pedrali - Navarro Aubanell\",\"isPartOf\":{\"@id\":\"https:\/\/www.navarroaubanell.com\/ca\/#website\"},\"primaryImageOfPage\":{\"@id\":\"https:\/\/www.navarroaubanell.com\/ca\/producte\/taula-auxiliar-buddy-pedrali-navarroaubanell\/#primaryimage\"},\"image\":{\"@id\":\"https:\/\/www.navarroaubanell.com\/ca\/producte\/taula-auxiliar-buddy-pedrali-navarroaubanell\/#primaryimage\"},\"thumbnailUrl\":\"https:\/\/www.navarroaubanell.com\/wp-content\/uploads\/2017\/10\/Buddy-BDT_59X59H26_NEF-MGC2_low-Photoroom.png\",\"datePublished\":\"2017-10-03T06:39:57+00:00\",\"dateModified\":\"2024-09-04T10:26:10+00:00\",\"description\":\"Taula auxiliar Buddy: disseny net i vers\u00e0til amb estructura d'alumini. Ideal per a interiors i exteriors, amb sobres en diferents materials.\",\"breadcrumb\":{\"@id\":\"https:\/\/www.navarroaubanell.com\/ca\/producte\/taula-auxiliar-buddy-pedrali-navarroaubanell\/#breadcrumb\"},\"inLanguage\":\"ca\",\"potentialAction\":[{\"@type\":\"ReadAction\",\"target\":[\"https:\/\/www.navarroaubanell.com\/ca\/producte\/taula-auxiliar-buddy-pedrali-navarroaubanell\/\"]}]},{\"@type\":\"ImageObject\",\"inLanguage\":\"ca\",\"@id\":\"https:\/\/www.navarroaubanell.com\/ca\/producte\/taula-auxiliar-buddy-pedrali-navarroaubanell\/#primaryimage\",\"url\":\"https:\/\/www.navarroaubanell.com\/wp-content\/uploads\/2017\/10\/Buddy-BDT_59X59H26_NEF-MGC2_low-Photoroom.png\",\"contentUrl\":\"https:\/\/www.navarroaubanell.com\/wp-content\/uploads\/2017\/10\/Buddy-BDT_59X59H26_NEF-MGC2_low-Photoroom.png\",\"width\":800,\"height\":650,\"caption\":\"Mesa auxiliar Buddy\"},{\"@type\":\"BreadcrumbList\",\"@id\":\"https:\/\/www.navarroaubanell.com\/ca\/producte\/taula-auxiliar-buddy-pedrali-navarroaubanell\/#breadcrumb\",\"itemListElement\":[{\"@type\":\"ListItem\",\"position\":1,\"name\":\"Portada\",\"item\":\"https:\/\/www.navarroaubanell.com\/ca\/\"},{\"@type\":\"ListItem\",\"position\":2,\"name\":\"Productes\",\"item\":\"https:\/\/www.navarroaubanell.com\/productos\/\"},{\"@type\":\"ListItem\",\"position\":3,\"name\":\"Taula auxiliar Buddy\"}]},{\"@type\":\"WebSite\",\"@id\":\"https:\/\/www.navarroaubanell.com\/ca\/#website\",\"url\":\"https:\/\/www.navarroaubanell.com\/ca\/\",\"name\":\"Navarro Aubanell\",\"description\":\"Mobiliario para hoteler\u00eda, colectividades y oficinas\",\"publisher\":{\"@id\":\"https:\/\/www.navarroaubanell.com\/ca\/#organization\"},\"potentialAction\":[{\"@type\":\"SearchAction\",\"target\":{\"@type\":\"EntryPoint\",\"urlTemplate\":\"https:\/\/www.navarroaubanell.com\/ca\/?s={search_term_string}\"},\"query-input\":{\"@type\":\"PropertyValueSpecification\",\"valueRequired\":true,\"valueName\":\"search_term_string\"}}],\"inLanguage\":\"ca\"},{\"@type\":\"Organization\",\"@id\":\"https:\/\/www.navarroaubanell.com\/ca\/#organization\",\"name\":\"COMERCIAL NAVARRO AUBANELL, S.A\",\"url\":\"https:\/\/www.navarroaubanell.com\/ca\/\",\"logo\":{\"@type\":\"ImageObject\",\"inLanguage\":\"ca\",\"@id\":\"https:\/\/www.navarroaubanell.com\/ca\/#\/schema\/logo\/image\/\",\"url\":\"https:\/\/www.navarroaubanell.com\/wp-content\/uploads\/2017\/07\/logo-navarro-aubuanell.png\",\"contentUrl\":\"https:\/\/www.navarroaubanell.com\/wp-content\/uploads\/2017\/07\/logo-navarro-aubuanell.png\",\"width\":6304,\"height\":1154,\"caption\":\"COMERCIAL NAVARRO AUBANELL, S.A\"},\"image\":{\"@id\":\"https:\/\/www.navarroaubanell.com\/ca\/#\/schema\/logo\/image\/\"}}]}<\/script>\n<!-- \/ Yoast SEO plugin. -->","yoast_head_json":{"title":"Taula auxiliar Buddy, Pedrali - Navarro Aubanell","description":"Taula auxiliar Buddy: disseny net i vers\u00e0til amb estructura d'alumini. Ideal per a interiors i exteriors, amb sobres en diferents materials.","robots":{"index":"index","follow":"follow","max-snippet":"max-snippet:-1","max-image-preview":"max-image-preview:large","max-video-preview":"max-video-preview:-1"},"canonical":"https:\/\/www.navarroaubanell.com\/ca\/producte\/taula-auxiliar-buddy-pedrali-navarroaubanell\/","og_locale":"ca_ES","og_type":"article","og_title":"Taula auxiliar Buddy, Pedrali - Navarro Aubanell","og_description":"Taula auxiliar Buddy: disseny net i vers\u00e0til amb estructura d'alumini. Ideal per a interiors i exteriors, amb sobres en diferents materials.","og_url":"https:\/\/www.navarroaubanell.com\/ca\/producte\/taula-auxiliar-buddy-pedrali-navarroaubanell\/","og_site_name":"Navarro Aubanell","article_modified_time":"2024-09-04T10:26:10+00:00","og_image":[{"width":800,"height":650,"url":"https:\/\/www.navarroaubanell.com\/wp-content\/uploads\/2017\/10\/Buddy-BDT_59X59H26_NEF-MGC2_low-Photoroom.png","type":"image\/png"}],"twitter_misc":{"Est. reading time":"2 minutes"},"schema":{"@context":"https:\/\/schema.org","@graph":[{"@type":"WebPage","@id":"https:\/\/www.navarroaubanell.com\/ca\/producte\/taula-auxiliar-buddy-pedrali-navarroaubanell\/","url":"https:\/\/www.navarroaubanell.com\/ca\/producte\/taula-auxiliar-buddy-pedrali-navarroaubanell\/","name":"Taula auxiliar Buddy, Pedrali - Navarro Aubanell","isPartOf":{"@id":"https:\/\/www.navarroaubanell.com\/ca\/#website"},"primaryImageOfPage":{"@id":"https:\/\/www.navarroaubanell.com\/ca\/producte\/taula-auxiliar-buddy-pedrali-navarroaubanell\/#primaryimage"},"image":{"@id":"https:\/\/www.navarroaubanell.com\/ca\/producte\/taula-auxiliar-buddy-pedrali-navarroaubanell\/#primaryimage"},"thumbnailUrl":"https:\/\/www.navarroaubanell.com\/wp-content\/uploads\/2017\/10\/Buddy-BDT_59X59H26_NEF-MGC2_low-Photoroom.png","datePublished":"2017-10-03T06:39:57+00:00","dateModified":"2024-09-04T10:26:10+00:00","description":"Taula auxiliar Buddy: disseny net i vers\u00e0til amb estructura d'alumini. Ideal per a interiors i exteriors, amb sobres en diferents materials.","breadcrumb":{"@id":"https:\/\/www.navarroaubanell.com\/ca\/producte\/taula-auxiliar-buddy-pedrali-navarroaubanell\/#breadcrumb"},"inLanguage":"ca","potentialAction":[{"@type":"ReadAction","target":["https:\/\/www.navarroaubanell.com\/ca\/producte\/taula-auxiliar-buddy-pedrali-navarroaubanell\/"]}]},{"@type":"ImageObject","inLanguage":"ca","@id":"https:\/\/www.navarroaubanell.com\/ca\/producte\/taula-auxiliar-buddy-pedrali-navarroaubanell\/#primaryimage","url":"https:\/\/www.navarroaubanell.com\/wp-content\/uploads\/2017\/10\/Buddy-BDT_59X59H26_NEF-MGC2_low-Photoroom.png","contentUrl":"https:\/\/www.navarroaubanell.com\/wp-content\/uploads\/2017\/10\/Buddy-BDT_59X59H26_NEF-MGC2_low-Photoroom.png","width":800,"height":650,"caption":"Mesa auxiliar Buddy"},{"@type":"BreadcrumbList","@id":"https:\/\/www.navarroaubanell.com\/ca\/producte\/taula-auxiliar-buddy-pedrali-navarroaubanell\/#breadcrumb","itemListElement":[{"@type":"ListItem","position":1,"name":"Portada","item":"https:\/\/www.navarroaubanell.com\/ca\/"},{"@type":"ListItem","position":2,"name":"Productes","item":"https:\/\/www.navarroaubanell.com\/productos\/"},{"@type":"ListItem","position":3,"name":"Taula auxiliar Buddy"}]},{"@type":"WebSite","@id":"https:\/\/www.navarroaubanell.com\/ca\/#website","url":"https:\/\/www.navarroaubanell.com\/ca\/","name":"Navarro Aubanell","description":"Mobiliario para hoteler\u00eda, colectividades y oficinas","publisher":{"@id":"https:\/\/www.navarroaubanell.com\/ca\/#organization"},"potentialAction":[{"@type":"SearchAction","target":{"@type":"EntryPoint","urlTemplate":"https:\/\/www.navarroaubanell.com\/ca\/?s={search_term_string}"},"query-input":{"@type":"PropertyValueSpecification","valueRequired":true,"valueName":"search_term_string"}}],"inLanguage":"ca"},{"@type":"Organization","@id":"https:\/\/www.navarroaubanell.com\/ca\/#organization","name":"COMERCIAL NAVARRO AUBANELL, S.A","url":"https:\/\/www.navarroaubanell.com\/ca\/","logo":{"@type":"ImageObject","inLanguage":"ca","@id":"https:\/\/www.navarroaubanell.com\/ca\/#\/schema\/logo\/image\/","url":"https:\/\/www.navarroaubanell.com\/wp-content\/uploads\/2017\/07\/logo-navarro-aubuanell.png","contentUrl":"https:\/\/www.navarroaubanell.com\/wp-content\/uploads\/2017\/07\/logo-navarro-aubuanell.png","width":6304,"height":1154,"caption":"COMERCIAL NAVARRO AUBANELL, S.A"},"image":{"@id":"https:\/\/www.navarroaubanell.com\/ca\/#\/schema\/logo\/image\/"}}]}},"_links":{"self":[{"href":"https:\/\/www.navarroaubanell.com\/ca\/wp-json\/wp\/v2\/product\/20199","targetHints":{"allow":["GET"]}}],"collection":[{"href":"https:\/\/www.navarroaubanell.com\/ca\/wp-json\/wp\/v2\/product"}],"about":[{"href":"https:\/\/www.navarroaubanell.com\/ca\/wp-json\/wp\/v2\/types\/product"}],"wp:featuredmedia":[{"embeddable":true,"href":"https:\/\/www.navarroaubanell.com\/ca\/wp-json\/wp\/v2\/media\/37091"}],"wp:attachment":[{"href":"https:\/\/www.navarroaubanell.com\/ca\/wp-json\/wp\/v2\/media?parent=20199"}],"wp:term":[{"taxonomy":"product_brand","embeddable":true,"href":"https:\/\/www.navarroaubanell.com\/ca\/wp-json\/wp\/v2\/product_brand?post=20199"},{"taxonomy":"product_cat","embeddable":true,"href":"https:\/\/www.navarroaubanell.com\/ca\/wp-json\/wp\/v2\/product_cat?post=20199"},{"taxonomy":"product_tag","embeddable":true,"href":"https:\/\/www.navarroaubanell.com\/ca\/wp-json\/wp\/v2\/product_tag?post=20199"}],"curies":[{"name":"wp","href":"https:\/\/api.w.org\/{rel}","templated":true}]}}