{"id":20193,"date":"2017-10-03T11:05:58","date_gmt":"2017-10-03T11:05:58","guid":{"rendered":"https:\/\/www.navarroaubanell.com\/producto\/babila-2\/"},"modified":"2024-10-01T17:35:25","modified_gmt":"2024-10-01T15:35:25","slug":"cadira-babila-pedrali-navarro-aubanell","status":"publish","type":"product","link":"https:\/\/www.navarroaubanell.com\/ca\/producte\/cadira-babila-pedrali-navarro-aubanell\/","title":{"rendered":"Cadires Babila"},"content":{"rendered":"<p>Descobreix les <strong>cadires\u00a0Babila<\/strong>, una joia dins de la <a href=\"https:\/\/www.navarroaubanell.com\/ca\/producte\/familia-babila-pedrali-navarroaubanell\/\">fam\u00edlia\u00a0Babila<\/a>, dissenyades per a fusionar estil, funcionalitat, tradici\u00f3 i innovaci\u00f3. Cada cadira\u00a0Babila\u00a0est\u00e0 meticulosament elaborada amb una <strong>varietat de materials<\/strong> en la seva estructura, com el resistent <strong>contraxapat de freixe<\/strong>, el <strong>pat\u00ed d&#8217;acer<\/strong>, <strong>tub d&#8217;acer<\/strong> o la <strong>fosa d&#8217;alumini<\/strong>, garantint durabilitat i un disseny modern i elegant.<\/p>\n<p>Tamb\u00e9 es presenten en una <strong>diversitat d&#8217;acabats<\/strong> que inclouen fusta de <strong>freixe<\/strong>, <strong>vellut<\/strong>, <strong>pell sint\u00e8tica<\/strong>, <strong>tecnopol\u00edmer<\/strong>, <strong>pell<\/strong> i <strong>tela<\/strong>. Aquesta \u00e0mplia gamma permet personalitzar cada cadira segons els teus gustos i necessitats espec\u00edfiques. A m\u00e9s, alguns materials ofereixen versions <strong>ign\u00edfugues<\/strong>, proporcionant una capa addicional de seguretat sense sacrificar l&#8217;estil.<\/p>\n<p>Per a adaptar-se a diferents entorns i usos, ualguns models d&#8217;aquestes cadires estan disponibles en<strong> versions per a exterior. <\/strong>Aix\u00f2 els converteix en perfectes per a terrasses, jardins o qualsevol espai a l&#8217;aire lliure. Tamb\u00e9 pensant en la practicitat, alguns models s\u00f3n <strong>apilables<\/strong>, facilitant el seu emmagatzematge i optimitzant l&#8217;\u00fas de l&#8217;espai.<\/p>\n<p>Amb les <strong>cadires\u00a0Babila<\/strong>, cada detall \u00e9s acuradament considerat per a oferir un producte que no sols compleix amb les expectatives de disseny i funcionalitat, sin\u00f3 que tamb\u00e9 aporta una ess\u00e8ncia de tradici\u00f3 i modernitat a qualsevol espai. Eleva el teu ambient amb l&#8217;eleg\u00e0ncia i versatilitat de les cadires\u00a0Babila.<\/p>\n<p>&nbsp;<\/p>\n<p>Enlla\u00e7 a la p\u00e0gina per a m\u00e9s informaci\u00f3:<a href=\"https:\/\/www.pedrali.com\/es-es\/productos\/sillas-design\/babila-2730?search=silla%20babila&amp;section=products&amp;page=1\"> https:\/\/www.pedrali.com\/es-es\/productos\/sillas-design\/babila-2730?search=silla%20babila&amp;section=products&amp;page=1<\/a><\/p>\n","protected":false},"excerpt":{"rendered":"<p>&nbsp;<\/p>\n<p>&nbsp;<\/p>\n","protected":false},"featured_media":33884,"template":"","meta":{"_acf_changed":false},"product_brand":[882],"product_cat":[533,525],"product_tag":[592,866,618,729],"class_list":{"0":"post-20193","1":"product","2":"type-product","3":"status-publish","4":"has-post-thumbnail","6":"product_brand-pedrali-ca","7":"product_cat-cadires","8":"product_cat-interior","9":"product_tag-babila-ca","10":"product_tag-cadires","11":"product_tag-contract-ca","12":"product_tag-pedrali-ca","13":"description-off","15":"first","16":"instock","17":"featured","18":"shipping-taxable","19":"product-type-simple"},"acf":[],"yoast_head":"<!-- This site is optimized with the Yoast SEO plugin v27.5 - https:\/\/yoast.com\/product\/yoast-seo-wordpress\/ -->\n<title>Cadira Babila, Pedrali- Navarro Aubanell<\/title>\n<meta name=\"description\" content=\"Cadires Babila: estil, funcionalitat i durabilitat amb acabats vers\u00e0tils i opcions per a exterior i emmagatzematge f\u00e0cil.\" \/>\n<meta name=\"robots\" content=\"index, follow, max-snippet:-1, max-image-preview:large, max-video-preview:-1\" \/>\n<link rel=\"canonical\" href=\"https:\/\/www.navarroaubanell.com\/ca\/producte\/cadira-babila-pedrali-navarro-aubanell\/\" \/>\n<meta property=\"og:locale\" content=\"ca_ES\" \/>\n<meta property=\"og:type\" content=\"article\" \/>\n<meta property=\"og:title\" content=\"Cadira Babila, Pedrali- Navarro Aubanell\" \/>\n<meta property=\"og:description\" content=\"Cadires Babila: estil, funcionalitat i durabilitat amb acabats vers\u00e0tils i opcions per a exterior i emmagatzematge f\u00e0cil.\" \/>\n<meta property=\"og:url\" content=\"https:\/\/www.navarroaubanell.com\/ca\/producte\/cadira-babila-pedrali-navarro-aubanell\/\" \/>\n<meta property=\"og:site_name\" content=\"Navarro Aubanell\" \/>\n<meta property=\"article:modified_time\" content=\"2024-10-01T15:35:25+00:00\" \/>\n<meta property=\"og:image\" content=\"https:\/\/www.navarroaubanell.com\/wp-content\/uploads\/2017\/10\/Babila-2750-A.png\" \/>\n\t<meta property=\"og:image:width\" content=\"881\" \/>\n\t<meta property=\"og:image:height\" content=\"1181\" \/>\n\t<meta property=\"og:image:type\" content=\"image\/png\" \/>\n<meta name=\"twitter:label1\" content=\"Est. reading time\" \/>\n\t<meta name=\"twitter:data1\" content=\"2 minutes\" \/>\n<script type=\"application\/ld+json\" class=\"yoast-schema-graph\">{\"@context\":\"https:\\\/\\\/schema.org\",\"@graph\":[{\"@type\":\"WebPage\",\"@id\":\"https:\\\/\\\/www.navarroaubanell.com\\\/ca\\\/producte\\\/cadira-babila-pedrali-navarro-aubanell\\\/\",\"url\":\"https:\\\/\\\/www.navarroaubanell.com\\\/ca\\\/producte\\\/cadira-babila-pedrali-navarro-aubanell\\\/\",\"name\":\"Cadira Babila, Pedrali- Navarro Aubanell\",\"isPartOf\":{\"@id\":\"https:\\\/\\\/www.navarroaubanell.com\\\/ca\\\/#website\"},\"primaryImageOfPage\":{\"@id\":\"https:\\\/\\\/www.navarroaubanell.com\\\/ca\\\/producte\\\/cadira-babila-pedrali-navarro-aubanell\\\/#primaryimage\"},\"image\":{\"@id\":\"https:\\\/\\\/www.navarroaubanell.com\\\/ca\\\/producte\\\/cadira-babila-pedrali-navarro-aubanell\\\/#primaryimage\"},\"thumbnailUrl\":\"https:\\\/\\\/www.navarroaubanell.com\\\/wp-content\\\/uploads\\\/2017\\\/10\\\/Babila-2750-A.png\",\"datePublished\":\"2017-10-03T11:05:58+00:00\",\"dateModified\":\"2024-10-01T15:35:25+00:00\",\"description\":\"Cadires Babila: estil, funcionalitat i durabilitat amb acabats vers\u00e0tils i opcions per a exterior i emmagatzematge f\u00e0cil.\",\"breadcrumb\":{\"@id\":\"https:\\\/\\\/www.navarroaubanell.com\\\/ca\\\/producte\\\/cadira-babila-pedrali-navarro-aubanell\\\/#breadcrumb\"},\"inLanguage\":\"ca\",\"potentialAction\":[{\"@type\":\"ReadAction\",\"target\":[\"https:\\\/\\\/www.navarroaubanell.com\\\/ca\\\/producte\\\/cadira-babila-pedrali-navarro-aubanell\\\/\"]}]},{\"@type\":\"ImageObject\",\"inLanguage\":\"ca\",\"@id\":\"https:\\\/\\\/www.navarroaubanell.com\\\/ca\\\/producte\\\/cadira-babila-pedrali-navarro-aubanell\\\/#primaryimage\",\"url\":\"https:\\\/\\\/www.navarroaubanell.com\\\/wp-content\\\/uploads\\\/2017\\\/10\\\/Babila-2750-A.png\",\"contentUrl\":\"https:\\\/\\\/www.navarroaubanell.com\\\/wp-content\\\/uploads\\\/2017\\\/10\\\/Babila-2750-A.png\",\"width\":881,\"height\":1181,\"caption\":\"Cadira Babila 2750 A\"},{\"@type\":\"BreadcrumbList\",\"@id\":\"https:\\\/\\\/www.navarroaubanell.com\\\/ca\\\/producte\\\/cadira-babila-pedrali-navarro-aubanell\\\/#breadcrumb\",\"itemListElement\":[{\"@type\":\"ListItem\",\"position\":1,\"name\":\"Portada\",\"item\":\"https:\\\/\\\/www.navarroaubanell.com\\\/ca\\\/\"},{\"@type\":\"ListItem\",\"position\":2,\"name\":\"Productes\",\"item\":\"https:\\\/\\\/www.navarroaubanell.com\\\/productos\\\/\"},{\"@type\":\"ListItem\",\"position\":3,\"name\":\"Cadires Babila\"}]},{\"@type\":\"WebSite\",\"@id\":\"https:\\\/\\\/www.navarroaubanell.com\\\/ca\\\/#website\",\"url\":\"https:\\\/\\\/www.navarroaubanell.com\\\/ca\\\/\",\"name\":\"Navarro Aubanell\",\"description\":\"Mobiliario para hoteler\u00eda, colectividades y oficinas\",\"publisher\":{\"@id\":\"https:\\\/\\\/www.navarroaubanell.com\\\/ca\\\/#organization\"},\"potentialAction\":[{\"@type\":\"SearchAction\",\"target\":{\"@type\":\"EntryPoint\",\"urlTemplate\":\"https:\\\/\\\/www.navarroaubanell.com\\\/ca\\\/?s={search_term_string}\"},\"query-input\":{\"@type\":\"PropertyValueSpecification\",\"valueRequired\":true,\"valueName\":\"search_term_string\"}}],\"inLanguage\":\"ca\"},{\"@type\":\"Organization\",\"@id\":\"https:\\\/\\\/www.navarroaubanell.com\\\/ca\\\/#organization\",\"name\":\"COMERCIAL NAVARRO AUBANELL, S.A\",\"url\":\"https:\\\/\\\/www.navarroaubanell.com\\\/ca\\\/\",\"logo\":{\"@type\":\"ImageObject\",\"inLanguage\":\"ca\",\"@id\":\"https:\\\/\\\/www.navarroaubanell.com\\\/ca\\\/#\\\/schema\\\/logo\\\/image\\\/\",\"url\":\"https:\\\/\\\/www.navarroaubanell.com\\\/wp-content\\\/uploads\\\/2017\\\/07\\\/logo-navarro-aubuanell.png\",\"contentUrl\":\"https:\\\/\\\/www.navarroaubanell.com\\\/wp-content\\\/uploads\\\/2017\\\/07\\\/logo-navarro-aubuanell.png\",\"width\":6304,\"height\":1154,\"caption\":\"COMERCIAL NAVARRO AUBANELL, S.A\"},\"image\":{\"@id\":\"https:\\\/\\\/www.navarroaubanell.com\\\/ca\\\/#\\\/schema\\\/logo\\\/image\\\/\"}}]}<\/script>\n<!-- \/ Yoast SEO plugin. -->","yoast_head_json":{"title":"Cadira Babila, Pedrali- Navarro Aubanell","description":"Cadires Babila: estil, funcionalitat i durabilitat amb acabats vers\u00e0tils i opcions per a exterior i emmagatzematge f\u00e0cil.","robots":{"index":"index","follow":"follow","max-snippet":"max-snippet:-1","max-image-preview":"max-image-preview:large","max-video-preview":"max-video-preview:-1"},"canonical":"https:\/\/www.navarroaubanell.com\/ca\/producte\/cadira-babila-pedrali-navarro-aubanell\/","og_locale":"ca_ES","og_type":"article","og_title":"Cadira Babila, Pedrali- Navarro Aubanell","og_description":"Cadires Babila: estil, funcionalitat i durabilitat amb acabats vers\u00e0tils i opcions per a exterior i emmagatzematge f\u00e0cil.","og_url":"https:\/\/www.navarroaubanell.com\/ca\/producte\/cadira-babila-pedrali-navarro-aubanell\/","og_site_name":"Navarro Aubanell","article_modified_time":"2024-10-01T15:35:25+00:00","og_image":[{"width":881,"height":1181,"url":"https:\/\/www.navarroaubanell.com\/wp-content\/uploads\/2017\/10\/Babila-2750-A.png","type":"image\/png"}],"twitter_misc":{"Est. reading time":"2 minutes"},"schema":{"@context":"https:\/\/schema.org","@graph":[{"@type":"WebPage","@id":"https:\/\/www.navarroaubanell.com\/ca\/producte\/cadira-babila-pedrali-navarro-aubanell\/","url":"https:\/\/www.navarroaubanell.com\/ca\/producte\/cadira-babila-pedrali-navarro-aubanell\/","name":"Cadira Babila, Pedrali- Navarro Aubanell","isPartOf":{"@id":"https:\/\/www.navarroaubanell.com\/ca\/#website"},"primaryImageOfPage":{"@id":"https:\/\/www.navarroaubanell.com\/ca\/producte\/cadira-babila-pedrali-navarro-aubanell\/#primaryimage"},"image":{"@id":"https:\/\/www.navarroaubanell.com\/ca\/producte\/cadira-babila-pedrali-navarro-aubanell\/#primaryimage"},"thumbnailUrl":"https:\/\/www.navarroaubanell.com\/wp-content\/uploads\/2017\/10\/Babila-2750-A.png","datePublished":"2017-10-03T11:05:58+00:00","dateModified":"2024-10-01T15:35:25+00:00","description":"Cadires Babila: estil, funcionalitat i durabilitat amb acabats vers\u00e0tils i opcions per a exterior i emmagatzematge f\u00e0cil.","breadcrumb":{"@id":"https:\/\/www.navarroaubanell.com\/ca\/producte\/cadira-babila-pedrali-navarro-aubanell\/#breadcrumb"},"inLanguage":"ca","potentialAction":[{"@type":"ReadAction","target":["https:\/\/www.navarroaubanell.com\/ca\/producte\/cadira-babila-pedrali-navarro-aubanell\/"]}]},{"@type":"ImageObject","inLanguage":"ca","@id":"https:\/\/www.navarroaubanell.com\/ca\/producte\/cadira-babila-pedrali-navarro-aubanell\/#primaryimage","url":"https:\/\/www.navarroaubanell.com\/wp-content\/uploads\/2017\/10\/Babila-2750-A.png","contentUrl":"https:\/\/www.navarroaubanell.com\/wp-content\/uploads\/2017\/10\/Babila-2750-A.png","width":881,"height":1181,"caption":"Cadira Babila 2750 A"},{"@type":"BreadcrumbList","@id":"https:\/\/www.navarroaubanell.com\/ca\/producte\/cadira-babila-pedrali-navarro-aubanell\/#breadcrumb","itemListElement":[{"@type":"ListItem","position":1,"name":"Portada","item":"https:\/\/www.navarroaubanell.com\/ca\/"},{"@type":"ListItem","position":2,"name":"Productes","item":"https:\/\/www.navarroaubanell.com\/productos\/"},{"@type":"ListItem","position":3,"name":"Cadires Babila"}]},{"@type":"WebSite","@id":"https:\/\/www.navarroaubanell.com\/ca\/#website","url":"https:\/\/www.navarroaubanell.com\/ca\/","name":"Navarro Aubanell","description":"Mobiliario para hoteler\u00eda, colectividades y oficinas","publisher":{"@id":"https:\/\/www.navarroaubanell.com\/ca\/#organization"},"potentialAction":[{"@type":"SearchAction","target":{"@type":"EntryPoint","urlTemplate":"https:\/\/www.navarroaubanell.com\/ca\/?s={search_term_string}"},"query-input":{"@type":"PropertyValueSpecification","valueRequired":true,"valueName":"search_term_string"}}],"inLanguage":"ca"},{"@type":"Organization","@id":"https:\/\/www.navarroaubanell.com\/ca\/#organization","name":"COMERCIAL NAVARRO AUBANELL, S.A","url":"https:\/\/www.navarroaubanell.com\/ca\/","logo":{"@type":"ImageObject","inLanguage":"ca","@id":"https:\/\/www.navarroaubanell.com\/ca\/#\/schema\/logo\/image\/","url":"https:\/\/www.navarroaubanell.com\/wp-content\/uploads\/2017\/07\/logo-navarro-aubuanell.png","contentUrl":"https:\/\/www.navarroaubanell.com\/wp-content\/uploads\/2017\/07\/logo-navarro-aubuanell.png","width":6304,"height":1154,"caption":"COMERCIAL NAVARRO AUBANELL, S.A"},"image":{"@id":"https:\/\/www.navarroaubanell.com\/ca\/#\/schema\/logo\/image\/"}}]}},"_links":{"self":[{"href":"https:\/\/www.navarroaubanell.com\/ca\/wp-json\/wp\/v2\/product\/20193","targetHints":{"allow":["GET"]}}],"collection":[{"href":"https:\/\/www.navarroaubanell.com\/ca\/wp-json\/wp\/v2\/product"}],"about":[{"href":"https:\/\/www.navarroaubanell.com\/ca\/wp-json\/wp\/v2\/types\/product"}],"wp:featuredmedia":[{"embeddable":true,"href":"https:\/\/www.navarroaubanell.com\/ca\/wp-json\/wp\/v2\/media\/33884"}],"wp:attachment":[{"href":"https:\/\/www.navarroaubanell.com\/ca\/wp-json\/wp\/v2\/media?parent=20193"}],"wp:term":[{"taxonomy":"product_brand","embeddable":true,"href":"https:\/\/www.navarroaubanell.com\/ca\/wp-json\/wp\/v2\/product_brand?post=20193"},{"taxonomy":"product_cat","embeddable":true,"href":"https:\/\/www.navarroaubanell.com\/ca\/wp-json\/wp\/v2\/product_cat?post=20193"},{"taxonomy":"product_tag","embeddable":true,"href":"https:\/\/www.navarroaubanell.com\/ca\/wp-json\/wp\/v2\/product_tag?post=20193"}],"curies":[{"name":"wp","href":"https:\/\/api.w.org\/{rel}","templated":true}]}}